{"id":5084,"date":"2023-10-23T09:39:10","date_gmt":"2023-10-23T09:39:10","guid":{"rendered":"https:\/\/www.sarix.com\/%d0%b4%d0%be%d0%ba%d1%83%d0%bc%d0%b5%d0%bd%d1%82%d0%b0%d1%86%d0%b8%d1%8f\/%d0%bb%d0%b8%d1%81%d1%82%d0%be%d0%b2%d0%ba%d0%b0\/"},"modified":"2025-08-20T07:02:15","modified_gmt":"2025-08-20T07:02:15","slug":"%d0%bb%d0%b8%d1%81%d1%82%d0%be%d0%b2%d0%ba%d0%b0","status":"publish","type":"page","link":"https:\/\/www.sarix.com\/ru\/%d0%b4%d0%be%d0%ba%d1%83%d0%bc%d0%b5%d0%bd%d1%82%d0%b0%d1%86%d0%b8%d1%8f\/%d0%bb%d0%b8%d1%81%d1%82%d0%be%d0%b2%d0%ba%d0%b0\/","title":{"rendered":"\u041b\u0438\u0441\u0442\u043e\u0432\u043a\u0430"},"content":{"rendered":"\t\t<div data-elementor-type=\"wp-page\" data-elementor-id=\"5084\" class=\"elementor elementor-5084 elementor-3850\" data-elementor-post-type=\"page\">\n\t\t\t\t\t\t<section class=\"elementor-section elementor-top-section elementor-element elementor-element-4e52e27 elementor-section-boxed elementor-section-height-default elementor-section-height-default\" data-id=\"4e52e27\" data-element_type=\"section\" data-e-type=\"section\">\n\t\t\t\t\t\t<div class=\"elementor-container elementor-column-gap-default\">\n\t\t\t\t\t<div class=\"elementor-column elementor-col-50 elementor-top-column elementor-element elementor-element-55c63ad\" data-id=\"55c63ad\" data-element_type=\"column\" data-e-type=\"column\">\n\t\t\t<div class=\"elementor-widget-wrap elementor-element-populated\">\n\t\t\t\t\t\t<div class=\"elementor-element elementor-element-db1cf78 elementor-widget-divider--view-line elementor-widget elementor-widget-divider\" data-id=\"db1cf78\" data-element_type=\"widget\" data-e-type=\"widget\" data-widget_type=\"divider.default\">\n\t\t\t\t<div class=\"elementor-widget-container\">\n\t\t\t\t\t\t\t<div class=\"elementor-divider\">\n\t\t\t<span class=\"elementor-divider-separator\">\n\t\t\t\t\t\t<\/span>\n\t\t<\/div>\n\t\t\t\t\t\t<\/div>\n\t\t\t\t<\/div>\n\t\t\t\t<div class=\"elementor-element elementor-element-7128d9f elementor-widget elementor-widget-image\" data-id=\"7128d9f\" data-element_type=\"widget\" data-e-type=\"widget\" data-widget_type=\"image.default\">\n\t\t\t\t<div class=\"elementor-widget-container\">\n\t\t\t\t\t\t\t\t\t\t\t\t<figure class=\"wp-caption\">\n\t\t\t\t\t\t\t\t\t\t<img decoding=\"async\" width=\"20\" height=\"13\" src=\"https:\/\/www.sarix.com\/wp-content\/uploads\/2025\/08\/EN-20x13-1.png\" class=\"attachment-large size-large wp-image-14730\" alt=\"\" \/>\t\t\t\t\t\t\t\t\t\t\t<figcaption class=\"widget-image-caption wp-caption-text\">Download the English catalogue &amp; flyer<\/figcaption>\n\t\t\t\t\t\t\t\t\t\t<\/figure>\n\t\t\t\t\t\t\t\t\t<\/div>\n\t\t\t\t<\/div>\n\t\t\t\t<div class=\"elementor-element elementor-element-1b718f6 elementor-widget__width-initial elementor-position-top elementor-invisible elementor-widget elementor-widget-image-box\" data-id=\"1b718f6\" data-element_type=\"widget\" data-e-type=\"widget\" data-settings=\"{&quot;_animation&quot;:&quot;fadeIn&quot;}\" data-widget_type=\"image-box.default\">\n\t\t\t\t<div class=\"elementor-widget-container\">\n\t\t\t\t\t<div class=\"elementor-image-box-wrapper\"><figure class=\"elementor-image-box-img\"><a href=\"https:\/\/www.sarix.com\/sdc_download\/6417\/?key=0htj9o8jzw2jlaqc4r19mggsfuv1jo\" tabindex=\"-1\"><img fetchpriority=\"high\" decoding=\"async\" width=\"300\" height=\"300\" src=\"https:\/\/www.sarix.com\/wp-content\/uploads\/2025\/08\/SARIX-FlyerIMG-ENG-300x300.png\" class=\"elementor-animation-grow attachment-medium size-medium wp-image-14737\" alt=\"\" srcset=\"https:\/\/www.sarix.com\/wp-content\/uploads\/2025\/08\/SARIX-FlyerIMG-ENG-300x300.png 300w, https:\/\/www.sarix.com\/wp-content\/uploads\/2025\/08\/SARIX-FlyerIMG-ENG-150x150.png 150w, https:\/\/www.sarix.com\/wp-content\/uploads\/2025\/08\/SARIX-FlyerIMG-ENG-768x770.png 768w, https:\/\/www.sarix.com\/wp-content\/uploads\/2025\/08\/SARIX-FlyerIMG-ENG-100x100.png 100w, https:\/\/www.sarix.com\/wp-content\/uploads\/2025\/08\/SARIX-FlyerIMG-ENG.png 927w\" sizes=\"(max-width: 300px) 100vw, 300px\" \/><\/a><\/figure><div class=\"elementor-image-box-content\"><h3 class=\"elementor-image-box-title\"><a href=\"https:\/\/www.sarix.com\/sdc_download\/6417\/?key=0htj9o8jzw2jlaqc4r19mggsfuv1jo\">SARIX Catalogue English<\/a><\/h3><p class=\"elementor-image-box-description\">Download the new SARIX \ncatalogue in English<\/p><\/div><\/div>\t\t\t\t<\/div>\n\t\t\t\t<\/div>\n\t\t\t\t<div class=\"elementor-element elementor-element-5050987 elementor-widget__width-initial elementor-widget elementor-widget-spacer\" data-id=\"5050987\" data-element_type=\"widget\" data-e-type=\"widget\" data-widget_type=\"spacer.default\">\n\t\t\t\t<div class=\"elementor-widget-container\">\n\t\t\t\t\t\t\t<div class=\"elementor-spacer\">\n\t\t\t<div class=\"elementor-spacer-inner\"><\/div>\n\t\t<\/div>\n\t\t\t\t\t\t<\/div>\n\t\t\t\t<\/div>\n\t\t\t\t<div class=\"elementor-element elementor-element-2b484ac elementor-widget__width-initial elementor-position-top elementor-invisible elementor-widget elementor-widget-image-box\" data-id=\"2b484ac\" data-element_type=\"widget\" data-e-type=\"widget\" data-settings=\"{&quot;_animation&quot;:&quot;fadeIn&quot;}\" data-widget_type=\"image-box.default\">\n\t\t\t\t<div class=\"elementor-widget-container\">\n\t\t\t\t\t<div class=\"elementor-image-box-wrapper\"><figure class=\"elementor-image-box-img\"><a href=\"http:\/\/www.sarix.com\/wp-content\/uploads\/2024\/04\/Flyer-SX30-pm_EN_4.24-.pdf\" tabindex=\"-1\"><img decoding=\"async\" width=\"927\" height=\"929\" src=\"https:\/\/www.sarix.com\/wp-content\/uploads\/2025\/08\/SX30-Front-Flyer_EN.png\" class=\"elementor-animation-grow attachment-full size-full wp-image-14744\" alt=\"\" srcset=\"https:\/\/www.sarix.com\/wp-content\/uploads\/2025\/08\/SX30-Front-Flyer_EN.png 927w, https:\/\/www.sarix.com\/wp-content\/uploads\/2025\/08\/SX30-Front-Flyer_EN-300x300.png 300w, https:\/\/www.sarix.com\/wp-content\/uploads\/2025\/08\/SX30-Front-Flyer_EN-150x150.png 150w, https:\/\/www.sarix.com\/wp-content\/uploads\/2025\/08\/SX30-Front-Flyer_EN-768x770.png 768w, https:\/\/www.sarix.com\/wp-content\/uploads\/2025\/08\/SX30-Front-Flyer_EN-100x100.png 100w\" sizes=\"(max-width: 927px) 100vw, 927px\" \/><\/a><\/figure><div class=\"elementor-image-box-content\"><h3 class=\"elementor-image-box-title\"><a href=\"http:\/\/www.sarix.com\/wp-content\/uploads\/2024\/04\/Flyer-SX30-pm_EN_4.24-.pdf\">NEW SARIX SX30 flyer English<\/a><\/h3><p class=\"elementor-image-box-description\">Download the NEW SARIX SX30 \nflyer in English<\/p><\/div><\/div>\t\t\t\t<\/div>\n\t\t\t\t<\/div>\n\t\t\t\t\t<\/div>\n\t\t<\/div>\n\t\t\t\t<div class=\"elementor-column elementor-col-50 elementor-top-column elementor-element elementor-element-ca5d696\" data-id=\"ca5d696\" data-element_type=\"column\" data-e-type=\"column\">\n\t\t\t<div class=\"elementor-widget-wrap elementor-element-populated\">\n\t\t\t\t\t\t<div class=\"elementor-element elementor-element-b7ff06a elementor-widget-divider--view-line elementor-widget elementor-widget-divider\" data-id=\"b7ff06a\" data-element_type=\"widget\" data-e-type=\"widget\" data-widget_type=\"divider.default\">\n\t\t\t\t<div class=\"elementor-widget-container\">\n\t\t\t\t\t\t\t<div class=\"elementor-divider\">\n\t\t\t<span class=\"elementor-divider-separator\">\n\t\t\t\t\t\t<\/span>\n\t\t<\/div>\n\t\t\t\t\t\t<\/div>\n\t\t\t\t<\/div>\n\t\t\t\t<div class=\"elementor-element elementor-element-0c0aaee elementor-widget elementor-widget-image\" data-id=\"0c0aaee\" data-element_type=\"widget\" data-e-type=\"widget\" data-widget_type=\"image.default\">\n\t\t\t\t<div class=\"elementor-widget-container\">\n\t\t\t\t\t\t\t\t\t\t\t\t<figure class=\"wp-caption\">\n\t\t\t\t\t\t\t\t\t\t<img loading=\"lazy\" decoding=\"async\" width=\"20\" height=\"13\" src=\"https:\/\/www.sarix.com\/wp-content\/uploads\/2025\/08\/DE-20x13-1.png\" class=\"attachment-large size-large wp-image-14751\" alt=\"\" \/>\t\t\t\t\t\t\t\t\t\t\t<figcaption class=\"widget-image-caption wp-caption-text\">Download the German catalogue &amp; flyer<\/figcaption>\n\t\t\t\t\t\t\t\t\t\t<\/figure>\n\t\t\t\t\t\t\t\t\t<\/div>\n\t\t\t\t<\/div>\n\t\t\t\t<div class=\"elementor-element elementor-element-526fa7d elementor-widget__width-initial elementor-position-top elementor-invisible elementor-widget elementor-widget-image-box\" data-id=\"526fa7d\" data-element_type=\"widget\" data-e-type=\"widget\" data-settings=\"{&quot;_animation&quot;:&quot;fadeIn&quot;}\" data-widget_type=\"image-box.default\">\n\t\t\t\t<div class=\"elementor-widget-container\">\n\t\t\t\t\t<div class=\"elementor-image-box-wrapper\"><figure class=\"elementor-image-box-img\"><a href=\"https:\/\/www.sarix.com\/sdc_download\/6414\/?key=bfznwvm4bst6r02q3o7p3eor5wk5b9\" tabindex=\"-1\"><img loading=\"lazy\" decoding=\"async\" width=\"927\" height=\"929\" src=\"https:\/\/www.sarix.com\/wp-content\/uploads\/2025\/08\/SARIX-FlyerIMG-DEU.png\" class=\"elementor-animation-grow attachment-full size-full wp-image-14758\" alt=\"\" srcset=\"https:\/\/www.sarix.com\/wp-content\/uploads\/2025\/08\/SARIX-FlyerIMG-DEU.png 927w, https:\/\/www.sarix.com\/wp-content\/uploads\/2025\/08\/SARIX-FlyerIMG-DEU-300x300.png 300w, https:\/\/www.sarix.com\/wp-content\/uploads\/2025\/08\/SARIX-FlyerIMG-DEU-150x150.png 150w, https:\/\/www.sarix.com\/wp-content\/uploads\/2025\/08\/SARIX-FlyerIMG-DEU-768x770.png 768w, https:\/\/www.sarix.com\/wp-content\/uploads\/2025\/08\/SARIX-FlyerIMG-DEU-100x100.png 100w\" sizes=\"(max-width: 927px) 100vw, 927px\" \/><\/a><\/figure><div class=\"elementor-image-box-content\"><h3 class=\"elementor-image-box-title\"><a href=\"https:\/\/www.sarix.com\/sdc_download\/6414\/?key=bfznwvm4bst6r02q3o7p3eor5wk5b9\">SARIX Katalog Deutsch<\/a><\/h3><p class=\"elementor-image-box-description\">Laden Sie den neuen SARIX \nKatalog auf Deutsch herunter<\/p><\/div><\/div>\t\t\t\t<\/div>\n\t\t\t\t<\/div>\n\t\t\t\t<div class=\"elementor-element elementor-element-3f9ffac elementor-widget__width-initial elementor-widget elementor-widget-spacer\" data-id=\"3f9ffac\" data-element_type=\"widget\" data-e-type=\"widget\" data-widget_type=\"spacer.default\">\n\t\t\t\t<div class=\"elementor-widget-container\">\n\t\t\t\t\t\t\t<div class=\"elementor-spacer\">\n\t\t\t<div class=\"elementor-spacer-inner\"><\/div>\n\t\t<\/div>\n\t\t\t\t\t\t<\/div>\n\t\t\t\t<\/div>\n\t\t\t\t<div class=\"elementor-element elementor-element-88cc63c elementor-widget__width-initial elementor-position-top elementor-invisible elementor-widget elementor-widget-image-box\" data-id=\"88cc63c\" data-element_type=\"widget\" data-e-type=\"widget\" data-settings=\"{&quot;_animation&quot;:&quot;fadeIn&quot;}\" data-widget_type=\"image-box.default\">\n\t\t\t\t<div class=\"elementor-widget-container\">\n\t\t\t\t\t<div class=\"elementor-image-box-wrapper\"><figure class=\"elementor-image-box-img\"><a href=\"http:\/\/www.sarix.com\/wp-content\/uploads\/2024\/04\/Flyer-SX30-pm_DE_4.24-.pdf\" tabindex=\"-1\"><img decoding=\"async\" width=\"927\" height=\"929\" src=\"https:\/\/www.sarix.com\/wp-content\/uploads\/2025\/08\/SX30-Front-Flyer_EN.png\" class=\"elementor-animation-grow attachment-full size-full wp-image-14744\" alt=\"\" srcset=\"https:\/\/www.sarix.com\/wp-content\/uploads\/2025\/08\/SX30-Front-Flyer_EN.png 927w, https:\/\/www.sarix.com\/wp-content\/uploads\/2025\/08\/SX30-Front-Flyer_EN-300x300.png 300w, https:\/\/www.sarix.com\/wp-content\/uploads\/2025\/08\/SX30-Front-Flyer_EN-150x150.png 150w, https:\/\/www.sarix.com\/wp-content\/uploads\/2025\/08\/SX30-Front-Flyer_EN-768x770.png 768w, https:\/\/www.sarix.com\/wp-content\/uploads\/2025\/08\/SX30-Front-Flyer_EN-100x100.png 100w\" sizes=\"(max-width: 927px) 100vw, 927px\" \/><\/a><\/figure><div class=\"elementor-image-box-content\"><h3 class=\"elementor-image-box-title\"><a href=\"http:\/\/www.sarix.com\/wp-content\/uploads\/2024\/04\/Flyer-SX30-pm_DE_4.24-.pdf\">NEU SX30 Flyer Deutsch<\/a><\/h3><p class=\"elementor-image-box-description\">Laden Sie den NEUEN SARIX SX30 flyer auf Deutsch herunter<\/p><\/div><\/div>\t\t\t\t<\/div>\n\t\t\t\t<\/div>\n\t\t\t\t\t<\/div>\n\t\t<\/div>\n\t\t\t\t\t<\/div>\n\t\t<\/section>\n\t\t\t\t<section class=\"elementor-section elementor-top-section elementor-element elementor-element-35e3fe8 elementor-section-boxed elementor-section-height-default elementor-section-height-default\" data-id=\"35e3fe8\" data-element_type=\"section\" data-e-type=\"section\">\n\t\t\t\t\t\t<div class=\"elementor-container elementor-column-gap-default\">\n\t\t\t\t\t<div class=\"elementor-column elementor-col-50 elementor-top-column elementor-element elementor-element-56482b3\" data-id=\"56482b3\" data-element_type=\"column\" data-e-type=\"column\">\n\t\t\t<div class=\"elementor-widget-wrap elementor-element-populated\">\n\t\t\t\t\t\t<div class=\"elementor-element elementor-element-6aeea81 elementor-widget-divider--view-line elementor-widget elementor-widget-divider\" data-id=\"6aeea81\" data-element_type=\"widget\" data-e-type=\"widget\" data-widget_type=\"divider.default\">\n\t\t\t\t<div class=\"elementor-widget-container\">\n\t\t\t\t\t\t\t<div class=\"elementor-divider\">\n\t\t\t<span class=\"elementor-divider-separator\">\n\t\t\t\t\t\t<\/span>\n\t\t<\/div>\n\t\t\t\t\t\t<\/div>\n\t\t\t\t<\/div>\n\t\t\t\t<div class=\"elementor-element elementor-element-56fa56d elementor-widget elementor-widget-image\" data-id=\"56fa56d\" data-element_type=\"widget\" data-e-type=\"widget\" data-widget_type=\"image.default\">\n\t\t\t\t<div class=\"elementor-widget-container\">\n\t\t\t\t\t\t\t\t\t\t\t\t<figure class=\"wp-caption\">\n\t\t\t\t\t\t\t\t\t\t<img loading=\"lazy\" decoding=\"async\" width=\"20\" height=\"13\" src=\"https:\/\/www.sarix.com\/wp-content\/uploads\/2025\/08\/FR-20x13-1.png\" class=\"attachment-large size-large wp-image-14765\" alt=\"\" \/>\t\t\t\t\t\t\t\t\t\t\t<figcaption class=\"widget-image-caption wp-caption-text\">Download the French catalogue &amp; flyer<\/figcaption>\n\t\t\t\t\t\t\t\t\t\t<\/figure>\n\t\t\t\t\t\t\t\t\t<\/div>\n\t\t\t\t<\/div>\n\t\t\t\t<div class=\"elementor-element elementor-element-ecfa9ba elementor-widget__width-initial elementor-position-top elementor-invisible elementor-widget elementor-widget-image-box\" data-id=\"ecfa9ba\" data-element_type=\"widget\" data-e-type=\"widget\" data-settings=\"{&quot;_animation&quot;:&quot;fadeIn&quot;}\" data-widget_type=\"image-box.default\">\n\t\t\t\t<div class=\"elementor-widget-container\">\n\t\t\t\t\t<div class=\"elementor-image-box-wrapper\"><figure class=\"elementor-image-box-img\"><a href=\"https:\/\/www.sarix.com\/sdc_download\/6415\/?key=d9u57mhs7pj3852bd6mrrgwery3ynl\" tabindex=\"-1\"><img loading=\"lazy\" decoding=\"async\" width=\"927\" height=\"929\" src=\"https:\/\/www.sarix.com\/wp-content\/uploads\/2025\/08\/SARIX-FlyerIMG-FRA.png\" class=\"elementor-animation-grow attachment-full size-full wp-image-14772\" alt=\"\" srcset=\"https:\/\/www.sarix.com\/wp-content\/uploads\/2025\/08\/SARIX-FlyerIMG-FRA.png 927w, https:\/\/www.sarix.com\/wp-content\/uploads\/2025\/08\/SARIX-FlyerIMG-FRA-300x300.png 300w, https:\/\/www.sarix.com\/wp-content\/uploads\/2025\/08\/SARIX-FlyerIMG-FRA-150x150.png 150w, https:\/\/www.sarix.com\/wp-content\/uploads\/2025\/08\/SARIX-FlyerIMG-FRA-768x770.png 768w, https:\/\/www.sarix.com\/wp-content\/uploads\/2025\/08\/SARIX-FlyerIMG-FRA-100x100.png 100w\" sizes=\"(max-width: 927px) 100vw, 927px\" \/><\/a><\/figure><div class=\"elementor-image-box-content\"><h3 class=\"elementor-image-box-title\"><a href=\"https:\/\/www.sarix.com\/sdc_download\/6415\/?key=d9u57mhs7pj3852bd6mrrgwery3ynl\">Catalogue SARIX en Fran\u00e7ais<\/a><\/h3><p class=\"elementor-image-box-description\">T\u00e9l\u00e9chargez le nouveau catalogue SARIX en fran\u00e7ais<\/p><\/div><\/div>\t\t\t\t<\/div>\n\t\t\t\t<\/div>\n\t\t\t\t<div class=\"elementor-element elementor-element-806ca07 elementor-widget__width-initial elementor-widget elementor-widget-spacer\" data-id=\"806ca07\" data-element_type=\"widget\" data-e-type=\"widget\" data-widget_type=\"spacer.default\">\n\t\t\t\t<div class=\"elementor-widget-container\">\n\t\t\t\t\t\t\t<div class=\"elementor-spacer\">\n\t\t\t<div class=\"elementor-spacer-inner\"><\/div>\n\t\t<\/div>\n\t\t\t\t\t\t<\/div>\n\t\t\t\t<\/div>\n\t\t\t\t<div class=\"elementor-element elementor-element-d68e7d7 elementor-widget__width-initial elementor-position-top elementor-invisible elementor-widget elementor-widget-image-box\" data-id=\"d68e7d7\" data-element_type=\"widget\" data-e-type=\"widget\" data-settings=\"{&quot;_animation&quot;:&quot;fadeIn&quot;}\" data-widget_type=\"image-box.default\">\n\t\t\t\t<div class=\"elementor-widget-container\">\n\t\t\t\t\t<div class=\"elementor-image-box-wrapper\"><figure class=\"elementor-image-box-img\"><a href=\"http:\/\/www.sarix.com\/wp-content\/uploads\/2024\/04\/Flyer-SX30-pm_FR_4.24-.pdf\" tabindex=\"-1\"><img decoding=\"async\" width=\"927\" height=\"929\" src=\"https:\/\/www.sarix.com\/wp-content\/uploads\/2025\/08\/SX30-Front-Flyer_EN.png\" class=\"elementor-animation-grow attachment-full size-full wp-image-14744\" alt=\"\" srcset=\"https:\/\/www.sarix.com\/wp-content\/uploads\/2025\/08\/SX30-Front-Flyer_EN.png 927w, https:\/\/www.sarix.com\/wp-content\/uploads\/2025\/08\/SX30-Front-Flyer_EN-300x300.png 300w, https:\/\/www.sarix.com\/wp-content\/uploads\/2025\/08\/SX30-Front-Flyer_EN-150x150.png 150w, https:\/\/www.sarix.com\/wp-content\/uploads\/2025\/08\/SX30-Front-Flyer_EN-768x770.png 768w, https:\/\/www.sarix.com\/wp-content\/uploads\/2025\/08\/SX30-Front-Flyer_EN-100x100.png 100w\" sizes=\"(max-width: 927px) 100vw, 927px\" \/><\/a><\/figure><div class=\"elementor-image-box-content\"><h3 class=\"elementor-image-box-title\"><a href=\"http:\/\/www.sarix.com\/wp-content\/uploads\/2024\/04\/Flyer-SX30-pm_FR_4.24-.pdf\">NOUVELLE SX30 flyer Fran\u00e7ais<\/a><\/h3><p class=\"elementor-image-box-description\">T\u00e9l\u00e9chargez le nouveau flyer SX30 \nen fran\u00e7ais<\/p><\/div><\/div>\t\t\t\t<\/div>\n\t\t\t\t<\/div>\n\t\t\t\t\t<\/div>\n\t\t<\/div>\n\t\t\t\t<div class=\"elementor-column elementor-col-50 elementor-top-column elementor-element elementor-element-5dcf681\" data-id=\"5dcf681\" data-element_type=\"column\" data-e-type=\"column\">\n\t\t\t<div class=\"elementor-widget-wrap elementor-element-populated\">\n\t\t\t\t\t\t<div class=\"elementor-element elementor-element-9ad0262 elementor-widget-divider--view-line elementor-widget elementor-widget-divider\" data-id=\"9ad0262\" data-element_type=\"widget\" data-e-type=\"widget\" data-widget_type=\"divider.default\">\n\t\t\t\t<div class=\"elementor-widget-container\">\n\t\t\t\t\t\t\t<div class=\"elementor-divider\">\n\t\t\t<span class=\"elementor-divider-separator\">\n\t\t\t\t\t\t<\/span>\n\t\t<\/div>\n\t\t\t\t\t\t<\/div>\n\t\t\t\t<\/div>\n\t\t\t\t<div class=\"elementor-element elementor-element-b21ea6e elementor-widget elementor-widget-image\" data-id=\"b21ea6e\" data-element_type=\"widget\" data-e-type=\"widget\" data-widget_type=\"image.default\">\n\t\t\t\t<div class=\"elementor-widget-container\">\n\t\t\t\t\t\t\t\t\t\t\t\t<figure class=\"wp-caption\">\n\t\t\t\t\t\t\t\t\t\t<img loading=\"lazy\" decoding=\"async\" width=\"20\" height=\"13\" src=\"https:\/\/www.sarix.com\/wp-content\/uploads\/2025\/08\/IT-20x13-1.png\" class=\"attachment-large size-large wp-image-14779\" alt=\"\" \/>\t\t\t\t\t\t\t\t\t\t\t<figcaption class=\"widget-image-caption wp-caption-text\">Download the Italian catalogue &amp; flyer<\/figcaption>\n\t\t\t\t\t\t\t\t\t\t<\/figure>\n\t\t\t\t\t\t\t\t\t<\/div>\n\t\t\t\t<\/div>\n\t\t\t\t<div class=\"elementor-element elementor-element-9aff9d6 elementor-widget__width-initial elementor-position-top elementor-invisible elementor-widget elementor-widget-image-box\" data-id=\"9aff9d6\" data-element_type=\"widget\" data-e-type=\"widget\" data-settings=\"{&quot;_animation&quot;:&quot;fadeIn&quot;}\" data-widget_type=\"image-box.default\">\n\t\t\t\t<div class=\"elementor-widget-container\">\n\t\t\t\t\t<div class=\"elementor-image-box-wrapper\"><figure class=\"elementor-image-box-img\"><a href=\"https:\/\/www.sarix.com\/sdc_download\/6407\/?key=fdycyczsquj7wbb7b1yulguxc6wc45\" tabindex=\"-1\"><img loading=\"lazy\" decoding=\"async\" width=\"927\" height=\"929\" src=\"https:\/\/www.sarix.com\/wp-content\/uploads\/2025\/08\/SARIX-FlyerIMG-ITA.png\" class=\"elementor-animation-grow attachment-full size-full wp-image-14786\" alt=\"\" srcset=\"https:\/\/www.sarix.com\/wp-content\/uploads\/2025\/08\/SARIX-FlyerIMG-ITA.png 927w, https:\/\/www.sarix.com\/wp-content\/uploads\/2025\/08\/SARIX-FlyerIMG-ITA-300x300.png 300w, https:\/\/www.sarix.com\/wp-content\/uploads\/2025\/08\/SARIX-FlyerIMG-ITA-150x150.png 150w, https:\/\/www.sarix.com\/wp-content\/uploads\/2025\/08\/SARIX-FlyerIMG-ITA-768x770.png 768w, https:\/\/www.sarix.com\/wp-content\/uploads\/2025\/08\/SARIX-FlyerIMG-ITA-100x100.png 100w\" sizes=\"(max-width: 927px) 100vw, 927px\" \/><\/a><\/figure><div class=\"elementor-image-box-content\"><h3 class=\"elementor-image-box-title\"><a href=\"https:\/\/www.sarix.com\/sdc_download\/6407\/?key=fdycyczsquj7wbb7b1yulguxc6wc45\">Catalogo SARIX in italiano <\/a><\/h3><p class=\"elementor-image-box-description\">Scarica il nuovo catalogo SARIX \nin italiano<\/p><\/div><\/div>\t\t\t\t<\/div>\n\t\t\t\t<\/div>\n\t\t\t\t<div class=\"elementor-element elementor-element-53c968f elementor-widget__width-initial elementor-widget elementor-widget-spacer\" data-id=\"53c968f\" data-element_type=\"widget\" data-e-type=\"widget\" data-widget_type=\"spacer.default\">\n\t\t\t\t<div class=\"elementor-widget-container\">\n\t\t\t\t\t\t\t<div class=\"elementor-spacer\">\n\t\t\t<div class=\"elementor-spacer-inner\"><\/div>\n\t\t<\/div>\n\t\t\t\t\t\t<\/div>\n\t\t\t\t<\/div>\n\t\t\t\t<div class=\"elementor-element elementor-element-1dd575a elementor-widget__width-initial elementor-position-top elementor-invisible elementor-widget elementor-widget-image-box\" data-id=\"1dd575a\" data-element_type=\"widget\" data-e-type=\"widget\" data-settings=\"{&quot;_animation&quot;:&quot;fadeIn&quot;}\" data-widget_type=\"image-box.default\">\n\t\t\t\t<div class=\"elementor-widget-container\">\n\t\t\t\t\t<div class=\"elementor-image-box-wrapper\"><figure class=\"elementor-image-box-img\"><a href=\"http:\/\/www.sarix.com\/wp-content\/uploads\/2024\/04\/Flyer-SX30-pm_IT_4.24-.pdf\" tabindex=\"-1\"><img decoding=\"async\" width=\"927\" height=\"929\" src=\"https:\/\/www.sarix.com\/wp-content\/uploads\/2025\/08\/SX30-Front-Flyer_EN.png\" class=\"elementor-animation-grow attachment-full size-full wp-image-14744\" alt=\"\" srcset=\"https:\/\/www.sarix.com\/wp-content\/uploads\/2025\/08\/SX30-Front-Flyer_EN.png 927w, https:\/\/www.sarix.com\/wp-content\/uploads\/2025\/08\/SX30-Front-Flyer_EN-300x300.png 300w, https:\/\/www.sarix.com\/wp-content\/uploads\/2025\/08\/SX30-Front-Flyer_EN-150x150.png 150w, https:\/\/www.sarix.com\/wp-content\/uploads\/2025\/08\/SX30-Front-Flyer_EN-768x770.png 768w, https:\/\/www.sarix.com\/wp-content\/uploads\/2025\/08\/SX30-Front-Flyer_EN-100x100.png 100w\" sizes=\"(max-width: 927px) 100vw, 927px\" \/><\/a><\/figure><div class=\"elementor-image-box-content\"><h3 class=\"elementor-image-box-title\"><a href=\"http:\/\/www.sarix.com\/wp-content\/uploads\/2024\/04\/Flyer-SX30-pm_IT_4.24-.pdf\">NUOVO SX30 volantino italiano<\/a><\/h3><p class=\"elementor-image-box-description\">Scarica il nuovo volantino SX30 \nin italiano<\/p><\/div><\/div>\t\t\t\t<\/div>\n\t\t\t\t<\/div>\n\t\t\t\t\t<\/div>\n\t\t<\/div>\n\t\t\t\t\t<\/div>\n\t\t<\/section>\n\t\t\t\t<\/div>\n\t\t","protected":false},"excerpt":{"rendered":"<p>Download the English catalogue &amp; flyer SARIX Catalogue English Download the new SARIX catalogue in English NEW SARIX SX30 flyer English Download the NEW SARIX SX30 flyer in English Download the German catalogue &amp; flyer SARIX Katalog Deutsch Laden Sie den neuen SARIX Katalog auf Deutsch herunter NEU SX30 Flyer Deutsch Laden Sie den NEUEN [&hellip;]<\/p>\n","protected":false},"author":1,"featured_media":0,"parent":5049,"menu_order":0,"comment_status":"closed","ping_status":"closed","template":"","meta":{"footnotes":""},"categories":[25,79],"tags":[],"class_list":["post-5084","page","type-page","status-publish","hentry","category-documentation","category-documentazione"],"_links":{"self":[{"href":"https:\/\/www.sarix.com\/ru\/wp-json\/wp\/v2\/pages\/5084","targetHints":{"allow":["GET"]}}],"collection":[{"href":"https:\/\/www.sarix.com\/ru\/wp-json\/wp\/v2\/pages"}],"about":[{"href":"https:\/\/www.sarix.com\/ru\/wp-json\/wp\/v2\/types\/page"}],"author":[{"embeddable":true,"href":"https:\/\/www.sarix.com\/ru\/wp-json\/wp\/v2\/users\/1"}],"replies":[{"embeddable":true,"href":"https:\/\/www.sarix.com\/ru\/wp-json\/wp\/v2\/comments?post=5084"}],"version-history":[{"count":8,"href":"https:\/\/www.sarix.com\/ru\/wp-json\/wp\/v2\/pages\/5084\/revisions"}],"predecessor-version":[{"id":14811,"href":"https:\/\/www.sarix.com\/ru\/wp-json\/wp\/v2\/pages\/5084\/revisions\/14811"}],"up":[{"embeddable":true,"href":"https:\/\/www.sarix.com\/ru\/wp-json\/wp\/v2\/pages\/5049"}],"wp:attachment":[{"href":"https:\/\/www.sarix.com\/ru\/wp-json\/wp\/v2\/media?parent=5084"}],"wp:term":[{"taxonomy":"category","embeddable":true,"href":"https:\/\/www.sarix.com\/ru\/wp-json\/wp\/v2\/categories?post=5084"},{"taxonomy":"post_tag","embeddable":true,"href":"https:\/\/www.sarix.com\/ru\/wp-json\/wp\/v2\/tags?post=5084"}],"curies":[{"name":"wp","href":"https:\/\/api.w.org\/{rel}","templated":true}]}}