{"id":5493,"date":"2023-08-27T13:32:50","date_gmt":"2023-08-27T13:32:50","guid":{"rendered":"https:\/\/www.sarix.com\/storia-di-sarix\/"},"modified":"2023-12-15T09:33:46","modified_gmt":"2023-12-15T09:33:46","slug":"storia-di-sarix","status":"publish","type":"page","link":"https:\/\/www.sarix.com\/it\/contatto\/storia-di-sarix\/","title":{"rendered":"Storia di SARIX"},"content":{"rendered":"\t\t<div data-elementor-type=\"wp-page\" data-elementor-id=\"5493\" class=\"elementor elementor-5493 elementor-89\" data-elementor-post-type=\"page\">\n\t\t\t\t\t\t<section class=\"elementor-section elementor-top-section elementor-element elementor-element-25d29c4 elementor-section-full_width elementor-section-height-default elementor-section-height-default\" data-id=\"25d29c4\" data-element_type=\"section\" data-e-type=\"section\">\n\t\t\t\t\t\t<div class=\"elementor-container elementor-column-gap-default\">\n\t\t\t\t\t<div class=\"elementor-column elementor-col-100 elementor-top-column elementor-element elementor-element-78a3448\" data-id=\"78a3448\" data-element_type=\"column\" data-e-type=\"column\">\n\t\t\t<div class=\"elementor-widget-wrap elementor-element-populated\">\n\t\t\t\t\t\t<div class=\"elementor-element elementor-element-61d8d23 elementor-widget elementor-widget-image\" data-id=\"61d8d23\" data-element_type=\"widget\" data-e-type=\"widget\" data-widget_type=\"image.default\">\n\t\t\t\t<div class=\"elementor-widget-container\">\n\t\t\t\t\t\t\t\t\t\t\t\t\t\t\t<img fetchpriority=\"high\" decoding=\"async\" width=\"2000\" height=\"600\" src=\"https:\/\/www.sarix.com\/wp-content\/uploads\/2023\/08\/Sarix_Contact_wethesarix.jpg\" class=\"attachment-full size-full wp-image-3941\" alt=\"\" srcset=\"https:\/\/www.sarix.com\/wp-content\/uploads\/2023\/08\/Sarix_Contact_wethesarix.jpg 2000w, https:\/\/www.sarix.com\/wp-content\/uploads\/2023\/08\/Sarix_Contact_wethesarix-300x90.jpg 300w, https:\/\/www.sarix.com\/wp-content\/uploads\/2023\/08\/Sarix_Contact_wethesarix-1024x307.jpg 1024w, https:\/\/www.sarix.com\/wp-content\/uploads\/2023\/08\/Sarix_Contact_wethesarix-768x230.jpg 768w, https:\/\/www.sarix.com\/wp-content\/uploads\/2023\/08\/Sarix_Contact_wethesarix-1536x461.jpg 1536w\" sizes=\"(max-width: 2000px) 100vw, 2000px\" \/>\t\t\t\t\t\t\t\t\t\t\t\t\t\t\t<\/div>\n\t\t\t\t<\/div>\n\t\t\t\t\t<\/div>\n\t\t<\/div>\n\t\t\t\t\t<\/div>\n\t\t<\/section>\n\t\t\t\t<section class=\"elementor-section elementor-top-section elementor-element elementor-element-106a6d2 elementor-section-boxed elementor-section-height-default elementor-section-height-default elementor-invisible\" data-id=\"106a6d2\" data-element_type=\"section\" data-e-type=\"section\" data-settings=\"{&quot;animation&quot;:&quot;fadeIn&quot;}\">\n\t\t\t\t\t\t<div class=\"elementor-container elementor-column-gap-default\">\n\t\t\t\t\t<div class=\"elementor-column elementor-col-100 elementor-top-column elementor-element elementor-element-43851e5\" data-id=\"43851e5\" data-element_type=\"column\" data-e-type=\"column\">\n\t\t\t<div class=\"elementor-widget-wrap elementor-element-populated\">\n\t\t\t\t\t\t<section class=\"elementor-section elementor-inner-section elementor-element elementor-element-26db7b0 elementor-section-full_width elementor-section-height-default elementor-section-height-default\" data-id=\"26db7b0\" data-element_type=\"section\" data-e-type=\"section\">\n\t\t\t\t\t\t<div class=\"elementor-container elementor-column-gap-default\">\n\t\t\t\t\t<div class=\"elementor-column elementor-col-50 elementor-inner-column elementor-element elementor-element-ae59bed\" data-id=\"ae59bed\" data-element_type=\"column\" data-e-type=\"column\">\n\t\t\t<div class=\"elementor-widget-wrap elementor-element-populated\">\n\t\t\t\t\t\t<div class=\"elementor-element elementor-element-abd985a elementor-widget elementor-widget-heading\" data-id=\"abd985a\" data-element_type=\"widget\" data-e-type=\"widget\" data-widget_type=\"heading.default\">\n\t\t\t\t<div class=\"elementor-widget-container\">\n\t\t\t\t\t<h2 class=\"elementor-heading-title elementor-size-default\">TECNOLOGIA DELLA MICROEROSIONE<\/h2>\t\t\t\t<\/div>\n\t\t\t\t<\/div>\n\t\t\t\t\t<\/div>\n\t\t<\/div>\n\t\t\t\t<div class=\"elementor-column elementor-col-50 elementor-inner-column elementor-element elementor-element-f422e18\" data-id=\"f422e18\" data-element_type=\"column\" data-e-type=\"column\">\n\t\t\t<div class=\"elementor-widget-wrap elementor-element-populated\">\n\t\t\t\t\t\t<div class=\"elementor-element elementor-element-2efc012 elementor-widget elementor-widget-text-editor\" data-id=\"2efc012\" data-element_type=\"widget\" data-e-type=\"widget\" data-widget_type=\"text-editor.default\">\n\t\t\t\t<div class=\"elementor-widget-container\">\n\t\t\t\t\t\t\t\t\tAvendo verificato che, nonostante i vari tentativi fatti dai principali produttori di apparecchiature per l&#8217;elettroerosione, nessuno era in grado di soddisfare la crescente domanda di una macchina per elettroerosione in grado di produrre elementi e fori molto piccoli.\nLa societ\u00e0 SARIX SA \u00e8 stata fondata nel 1993 con l&#8217;obiettivo di soddisfare questa domanda di macchine per elettroerosione per l&#8217;applicazione di microerosione e microfori.\n\nSARIX \u00e8 stata fondata da due ingegneri, E. Salim e G. Rigamonti, che hanno una vasta esperienza nell&#8217;applicazione e nello sviluppo del processo di elettroerosione.\n\n\u00c8 stata avviata con il capitale di rischio di una filiale interamente controllata dalla Gotthard Bank (banca svizzera del gruppo Sumitomo) e la partecipazione di un gruppo di industriali attivi nell&#8217;industria elettronica.\n\nPrima della fondazione di SARIX, la lavorazione dei microfori era sempre stata tentata su macchine per elettroerosione standard o adattate allo standard, che utilizzavano tecnologie di elettroerosione tradizionali.\n\nI fondatori di SARIX hanno sviluppato e costruito una nuova macchina per la micro-erosione. Questa macchina utilizza una nuova tecnologia concepita appositamente per questo tipo di applicazione.\nQuesto nuovo approccio prevede l&#8217;integrazione di impulsi generati direttamente sul punto di lavoro, l&#8217;uso di impulsi ad alta frequenza brevettati, nonch\u00e9 un nuovo metodo di regolazione degli impulsi e controlli digitali. Lo sviluppo di questo sistema e della tecnologia ad esso associata ha richiesto sforzi notevoli e la totale dedizione degli ingegneri coinvolti.\t\t\t\t\t\t\t\t<\/div>\n\t\t\t\t<\/div>\n\t\t\t\t\t<\/div>\n\t\t<\/div>\n\t\t\t\t\t<\/div>\n\t\t<\/section>\n\t\t\t\t\t<\/div>\n\t\t<\/div>\n\t\t\t\t\t<\/div>\n\t\t<\/section>\n\t\t\t\t<section class=\"elementor-section elementor-top-section elementor-element elementor-element-082deb0 elementor-section-boxed elementor-section-height-default elementor-section-height-default elementor-invisible\" data-id=\"082deb0\" data-element_type=\"section\" data-e-type=\"section\" data-settings=\"{&quot;animation&quot;:&quot;fadeIn&quot;}\">\n\t\t\t\t\t\t<div class=\"elementor-container elementor-column-gap-default\">\n\t\t\t\t\t<div class=\"elementor-column elementor-col-100 elementor-top-column elementor-element elementor-element-2b1e14b\" data-id=\"2b1e14b\" data-element_type=\"column\" data-e-type=\"column\">\n\t\t\t<div class=\"elementor-widget-wrap elementor-element-populated\">\n\t\t\t\t\t\t<section class=\"elementor-section elementor-inner-section elementor-element elementor-element-8bdb435 elementor-section-boxed elementor-section-height-default elementor-section-height-default\" data-id=\"8bdb435\" data-element_type=\"section\" data-e-type=\"section\">\n\t\t\t\t\t\t<div class=\"elementor-container elementor-column-gap-default\">\n\t\t\t\t\t<div class=\"elementor-column elementor-col-50 elementor-inner-column elementor-element elementor-element-bec0e63\" data-id=\"bec0e63\" data-element_type=\"column\" data-e-type=\"column\">\n\t\t\t<div class=\"elementor-widget-wrap elementor-element-populated\">\n\t\t\t\t\t\t<div class=\"elementor-element elementor-element-37109c0 elementor-widget elementor-widget-heading\" data-id=\"37109c0\" data-element_type=\"widget\" data-e-type=\"widget\" data-widget_type=\"heading.default\">\n\t\t\t\t<div class=\"elementor-widget-container\">\n\t\t\t\t\t<h2 class=\"elementor-heading-title elementor-size-default\">L'APPLICAZIONE  <br>DEL  <br>SARIX  <br>TECNOLOGIA<\/h2>\t\t\t\t<\/div>\n\t\t\t\t<\/div>\n\t\t\t\t\t<\/div>\n\t\t<\/div>\n\t\t\t\t<div class=\"elementor-column elementor-col-50 elementor-inner-column elementor-element elementor-element-b072987\" data-id=\"b072987\" data-element_type=\"column\" data-e-type=\"column\">\n\t\t\t<div class=\"elementor-widget-wrap elementor-element-populated\">\n\t\t\t\t\t\t<div class=\"elementor-element elementor-element-0a7b6b1 elementor-widget elementor-widget-text-editor\" data-id=\"0a7b6b1\" data-element_type=\"widget\" data-e-type=\"widget\" data-widget_type=\"text-editor.default\">\n\t\t\t\t<div class=\"elementor-widget-container\">\n\t\t\t\t\t\t\t\t\t<p>Fin dalla sua prima apparizione sul mercato, in occasione della fiera EMO di Milano del 1995, la tecnologia SARIX ha suscitato grande interesse in molti campi di applicazione, tra cui alcuni:<\/p>\n<ul>\n<li>iniettori per motori diesel e a benzina<\/li>\n<li>l&#8217;industria meccanica di precisione<\/li>\n<li>l&#8217;industria orologiera<\/li>\n<li>l&#8217;industria tessile (filatoi e ugelli)<\/li>\n<li>l&#8217;industria elettronica<\/li>\n<li>l&#8217;industria medica<\/li>\n<li>aeronautica<\/li>\n<\/ul>\n<p>Per soddisfare queste diverse richieste del mercato, SARIX ha sviluppato una gamma di macchine con diversi standard di precisione in grado di eseguire la microlavorazione e la produzione di microfori. Queste macchine rispondono perfettamente alle nuove esigenze del mercato in termini di miniaturizzazione e precisione.<\/p>\n<p>Pur riconoscendo i vantaggi del processo SARIX, il mercato degli iniettori di carburante aveva bisogno di una soluzione che gli consentisse di soddisfare la domanda sempre crescente dei suoi prodotti.<br \/>Per soddisfare questa richiesta, SARIX ha stabilito una collaborazione con la societ\u00e0 Posalux SA di Bienne (Svizzera), un&#8217;azienda consolidata che gode di una lunga reputazione nel campo della produzione automobilistica e meccanica.<\/p>\n<p>La collaborazione tra le due aziende ha portato alla produzione della macchina MICROFOR-HP4-EDM da parte di Posalux. Questa macchina ha ricevuto un&#8217;accoglienza entusiastica da parte dell&#8217;industria automobilistica, che a sua volta ha portato a un numero notevole di ordini da parte di alcune delle pi\u00f9 grandi organizzazioni del mondo (Lucas, Stanadyne, ecc.).<\/p>\n<p>SARIX ha ormai consolidato la sua posizione nel mercato svizzero ed europeo e sta attualmente riscuotendo un ulteriore successo nel resto del mondo, con macchine installate in Giappone, Corea, Singapore e Stati Uniti, dove sono stati nominati degli agenti per supportare tutte le installazioni.<\/p>\n\t\t\t\t\t\t\t\t<\/div>\n\t\t\t\t<\/div>\n\t\t\t\t\t<\/div>\n\t\t<\/div>\n\t\t\t\t\t<\/div>\n\t\t<\/section>\n\t\t\t\t\t<\/div>\n\t\t<\/div>\n\t\t\t\t\t<\/div>\n\t\t<\/section>\n\t\t\t\t<section class=\"elementor-section elementor-top-section elementor-element elementor-element-c039024 elementor-section-boxed elementor-section-height-default elementor-section-height-default elementor-invisible\" data-id=\"c039024\" data-element_type=\"section\" data-e-type=\"section\" data-settings=\"{&quot;animation&quot;:&quot;fadeIn&quot;}\">\n\t\t\t\t\t\t<div class=\"elementor-container elementor-column-gap-default\">\n\t\t\t\t\t<div class=\"elementor-column elementor-col-100 elementor-top-column elementor-element elementor-element-5306e18\" data-id=\"5306e18\" data-element_type=\"column\" data-e-type=\"column\">\n\t\t\t<div class=\"elementor-widget-wrap elementor-element-populated\">\n\t\t\t\t\t\t<section class=\"elementor-section elementor-inner-section elementor-element elementor-element-c90c90b elementor-section-boxed elementor-section-height-default elementor-section-height-default\" data-id=\"c90c90b\" data-element_type=\"section\" data-e-type=\"section\">\n\t\t\t\t\t\t<div class=\"elementor-container elementor-column-gap-default\">\n\t\t\t\t\t<div class=\"elementor-column elementor-col-50 elementor-inner-column elementor-element elementor-element-26de9f7\" data-id=\"26de9f7\" data-element_type=\"column\" data-e-type=\"column\">\n\t\t\t<div class=\"elementor-widget-wrap elementor-element-populated\">\n\t\t\t\t\t\t<div class=\"elementor-element elementor-element-6532f91 elementor-widget elementor-widget-heading\" data-id=\"6532f91\" data-element_type=\"widget\" data-e-type=\"widget\" data-widget_type=\"heading.default\">\n\t\t\t\t<div class=\"elementor-widget-container\">\n\t\t\t\t\t<h2 class=\"elementor-heading-title elementor-size-default\">IL COMMERCIALE  <br>ORGANIZZAZIONE<\/h2>\t\t\t\t<\/div>\n\t\t\t\t<\/div>\n\t\t\t\t\t<\/div>\n\t\t<\/div>\n\t\t\t\t<div class=\"elementor-column elementor-col-50 elementor-inner-column elementor-element elementor-element-54e21a2\" data-id=\"54e21a2\" data-element_type=\"column\" data-e-type=\"column\">\n\t\t\t<div class=\"elementor-widget-wrap elementor-element-populated\">\n\t\t\t\t\t\t<div class=\"elementor-element elementor-element-e9a9d5b elementor-widget elementor-widget-text-editor\" data-id=\"e9a9d5b\" data-element_type=\"widget\" data-e-type=\"widget\" data-widget_type=\"text-editor.default\">\n\t\t\t\t<div class=\"elementor-widget-container\">\n\t\t\t\t\t\t\t\t\t<p>Le &#8220;macchine autonome&#8221;, i prodotti speciali e i nuovi sviluppi sono gestiti direttamente da Sarix o, come in alcuni mercati, da agenti accuratamente selezionati e nominati dopo aver dimostrato la loro capacit\u00e0 di individuare le applicazioni della macchina, di presentare il prodotto come soluzione al particolare problema di produzione e di supportare pienamente qualsiasi attivit\u00e0 post-vendita.<\/p>\n<p>L&#8217;applicazione e la vendita della tecnologia SARIX per la produzione di iniettori per l&#8217;industria automobilistica \u00e8 gestita dal suo partner in questo settore, Posalux.<\/p>\n\t\t\t\t\t\t\t\t<\/div>\n\t\t\t\t<\/div>\n\t\t\t\t\t<\/div>\n\t\t<\/div>\n\t\t\t\t\t<\/div>\n\t\t<\/section>\n\t\t\t\t\t<\/div>\n\t\t<\/div>\n\t\t\t\t\t<\/div>\n\t\t<\/section>\n\t\t\t\t<section class=\"elementor-section elementor-top-section elementor-element elementor-element-03fa70e elementor-section-boxed elementor-section-height-default elementor-section-height-default elementor-invisible\" data-id=\"03fa70e\" data-element_type=\"section\" data-e-type=\"section\" data-settings=\"{&quot;animation&quot;:&quot;fadeIn&quot;}\">\n\t\t\t\t\t\t<div class=\"elementor-container elementor-column-gap-default\">\n\t\t\t\t\t<div class=\"elementor-column elementor-col-100 elementor-top-column elementor-element elementor-element-80bf6d5\" data-id=\"80bf6d5\" data-element_type=\"column\" data-e-type=\"column\">\n\t\t\t<div class=\"elementor-widget-wrap elementor-element-populated\">\n\t\t\t\t\t\t<section class=\"elementor-section elementor-inner-section elementor-element elementor-element-01e59d0 elementor-section-boxed elementor-section-height-default elementor-section-height-default\" data-id=\"01e59d0\" data-element_type=\"section\" data-e-type=\"section\">\n\t\t\t\t\t\t<div class=\"elementor-container elementor-column-gap-default\">\n\t\t\t\t\t<div class=\"elementor-column elementor-col-50 elementor-inner-column elementor-element elementor-element-4977919\" data-id=\"4977919\" data-element_type=\"column\" data-e-type=\"column\">\n\t\t\t<div class=\"elementor-widget-wrap elementor-element-populated\">\n\t\t\t\t\t\t<div class=\"elementor-element elementor-element-d061c93 elementor-widget elementor-widget-heading\" data-id=\"d061c93\" data-element_type=\"widget\" data-e-type=\"widget\" data-widget_type=\"heading.default\">\n\t\t\t\t<div class=\"elementor-widget-container\">\n\t\t\t\t\t<h2 class=\"elementor-heading-title elementor-size-default\">FINANZIARIO  <br>STATO<\/h2>\t\t\t\t<\/div>\n\t\t\t\t<\/div>\n\t\t\t\t\t<\/div>\n\t\t<\/div>\n\t\t\t\t<div class=\"elementor-column elementor-col-50 elementor-inner-column elementor-element elementor-element-9fb22a0\" data-id=\"9fb22a0\" data-element_type=\"column\" data-e-type=\"column\">\n\t\t\t<div class=\"elementor-widget-wrap elementor-element-populated\">\n\t\t\t\t\t\t<div class=\"elementor-element elementor-element-497de23 elementor-widget elementor-widget-text-editor\" data-id=\"497de23\" data-element_type=\"widget\" data-e-type=\"widget\" data-widget_type=\"text-editor.default\">\n\t\t\t\t<div class=\"elementor-widget-container\">\n\t\t\t\t\t\t\t\t\t<p>Come gi\u00e0 accennato, la societ\u00e0 SARIX SA \u00e8 stata costituita utilizzando il &#8220;capitale di rischio&#8221;, grazie al sostegno della filiale della Banca del Gottardo. Si prevede che rimarr\u00e0 azionista nel prossimo futuro.<\/p>\n<p>Nel corso del 1997 il capitale della societ\u00e0 \u00e8 stato raccolto da SFR. 500&#8217;000.- a SFR. 1&#8217;400&#8217;000.-. Per rispondere alle crescenti esigenze del mercato, \u00e8 stato sviluppato un nuovo rapporto commerciale con la Banca di Stato del Canton Ticino.<\/p>\n<p>SARIX prevede inoltre di beneficiare di una garanzia concessa dalla societ\u00e0 cooperativa speciale del Canton Ticino per lo sviluppo di tecnologie innovative.<br \/>A causa del rapido sviluppo delle trattative di mercato di SARIX, sono in corso per aumentare questa garanzia.<br \/>L&#8217;azienda SARIX SA, in quanto parte dell&#8217;industria dell&#8217;alta tecnologia, \u00e8 pienamente supportata dal Canton Ticino che, attraverso il suo ufficio di sviluppo economico, ha partecipato al finanziamento degli sviluppi tecnici dell&#8217;azienda.<\/p>\n\t\t\t\t\t\t\t\t<\/div>\n\t\t\t\t<\/div>\n\t\t\t\t\t<\/div>\n\t\t<\/div>\n\t\t\t\t\t<\/div>\n\t\t<\/section>\n\t\t\t\t\t<\/div>\n\t\t<\/div>\n\t\t\t\t\t<\/div>\n\t\t<\/section>\n\t\t\t\t<section class=\"elementor-section elementor-top-section elementor-element elementor-element-010f6d0 elementor-section-boxed elementor-section-height-default elementor-section-height-default elementor-invisible\" data-id=\"010f6d0\" data-element_type=\"section\" data-e-type=\"section\" data-settings=\"{&quot;animation&quot;:&quot;fadeIn&quot;}\">\n\t\t\t\t\t\t<div class=\"elementor-container elementor-column-gap-default\">\n\t\t\t\t\t<div class=\"elementor-column elementor-col-100 elementor-top-column elementor-element elementor-element-b5c88c0\" data-id=\"b5c88c0\" data-element_type=\"column\" data-e-type=\"column\">\n\t\t\t<div class=\"elementor-widget-wrap elementor-element-populated\">\n\t\t\t\t\t\t<section class=\"elementor-section elementor-inner-section elementor-element elementor-element-59ef4dd elementor-section-boxed elementor-section-height-default elementor-section-height-default\" data-id=\"59ef4dd\" data-element_type=\"section\" data-e-type=\"section\">\n\t\t\t\t\t\t<div class=\"elementor-container elementor-column-gap-default\">\n\t\t\t\t\t<div class=\"elementor-column elementor-col-50 elementor-inner-column elementor-element elementor-element-871f4cd\" data-id=\"871f4cd\" data-element_type=\"column\" data-e-type=\"column\">\n\t\t\t<div class=\"elementor-widget-wrap elementor-element-populated\">\n\t\t\t\t\t\t<div class=\"elementor-element elementor-element-4e961f2 elementor-widget elementor-widget-heading\" data-id=\"4e961f2\" data-element_type=\"widget\" data-e-type=\"widget\" data-widget_type=\"heading.default\">\n\t\t\t\t<div class=\"elementor-widget-container\">\n\t\t\t\t\t<h2 class=\"elementor-heading-title elementor-size-default\">FUTURO  <br>OBIETTIVI<\/h2>\t\t\t\t<\/div>\n\t\t\t\t<\/div>\n\t\t\t\t\t<\/div>\n\t\t<\/div>\n\t\t\t\t<div class=\"elementor-column elementor-col-50 elementor-inner-column elementor-element elementor-element-a7bfb6d\" data-id=\"a7bfb6d\" data-element_type=\"column\" data-e-type=\"column\">\n\t\t\t<div class=\"elementor-widget-wrap elementor-element-populated\">\n\t\t\t\t\t\t<div class=\"elementor-element elementor-element-345762f elementor-widget elementor-widget-text-editor\" data-id=\"345762f\" data-element_type=\"widget\" data-e-type=\"widget\" data-widget_type=\"text-editor.default\">\n\t\t\t\t<div class=\"elementor-widget-container\">\n\t\t\t\t\t\t\t\t\t<p>Dopo essersi affermata sul mercato e aver ottenuto un valido sostegno da parte degli azionisti e dei finanziatori, SARIX sta compiendo un grande sforzo per migliorare ulteriormente sia gli impianti di produzione sia, soprattutto, l&#8217;assistenza post-vendita fornita ai clienti.<\/p>\n<p>Anche il reparto di sviluppo \u00e8 in fase di revisione, con l&#8217;obiettivo di aumentarne le dimensioni e l&#8217;efficienza, in modo da poter rispondere pi\u00f9 rapidamente alle richieste di assistenza per la risoluzione dei problemi associati alle applicazioni dei clienti. Particolare attenzione sar\u00e0 data ai settori medico, ottico e automobilistico, nonch\u00e9 all&#8217;industria aeronautica.<\/p>\n<p>Negli ultimi tre anni il fatturato dell&#8217;azienda \u00e8 raddoppiato ogni anno e il nostro obiettivo \u00e8 quello di continuare. Nel 1999 SARIX ha anche raddoppiato la sua superficie.<br \/>Il team di SARIX \u00e8 cresciuto costantemente ed \u00e8 attualmente composto da 30 persone altamente qualificate.<\/p>\n<p>Consolidando la propria capacit\u00e0 produttiva e il reparto di sviluppo, SARIX potr\u00e0 sviluppare nuove applicazioni e offrire un supporto adeguato sia ai clienti esistenti che a quelli nuovi. SARIX manterr\u00e0 la sua posizione di leader nel campo della microerosione e dei microfori.<\/p>\n<p>Noi della SARIX abbiamo reso economicamente interessante e vantaggiosa l&#8217;applicazione dell&#8217;elettroerosione &#8220;a microerosione&#8221; a lavorazioni molto fini, come finora non era possibile fare con i sistemi di elettroerosione convenzionali, che sono molto costosi e non competitivi in questo campo di applicazione. Oggi non sono pi\u00f9 necessarie apparecchiature grandi, costose, poco flessibili e ingombranti.<\/p>\n<p>La societ\u00e0 SARIX ha adattato la tecnologia Micro-EDM alle esigenze della microlavorazione. Come voi, anche noi pensiamo che per eseguire piccoli lavori di precisione siano necessarie solo macchine piccole, piccole sia nei costi che nelle dimensioni, ma grandi e versatili in termini di vantaggi. Abbiamo ottenuto questo risultato grazie all&#8217;utilizzo della giusta tecnologia.<\/p>\n\t\t\t\t\t\t\t\t<\/div>\n\t\t\t\t<\/div>\n\t\t\t\t<div class=\"elementor-element elementor-element-e327c76 elementor-widget elementor-widget-image\" data-id=\"e327c76\" data-element_type=\"widget\" data-e-type=\"widget\" data-widget_type=\"image.default\">\n\t\t\t\t<div class=\"elementor-widget-container\">\n\t\t\t\t\t\t\t\t\t\t\t\t\t\t\t<img decoding=\"async\" width=\"2560\" height=\"767\" src=\"https:\/\/www.sarix.com\/wp-content\/uploads\/2023\/09\/Sarix-building-scaled.jpg\" class=\"attachment-full size-full wp-image-4416\" alt=\"\" srcset=\"https:\/\/www.sarix.com\/wp-content\/uploads\/2023\/09\/Sarix-building-scaled.jpg 2560w, https:\/\/www.sarix.com\/wp-content\/uploads\/2023\/09\/Sarix-building-300x90.jpg 300w, https:\/\/www.sarix.com\/wp-content\/uploads\/2023\/09\/Sarix-building-1024x307.jpg 1024w, https:\/\/www.sarix.com\/wp-content\/uploads\/2023\/09\/Sarix-building-768x230.jpg 768w, https:\/\/www.sarix.com\/wp-content\/uploads\/2023\/09\/Sarix-building-1536x460.jpg 1536w, https:\/\/www.sarix.com\/wp-content\/uploads\/2023\/09\/Sarix-building-2048x613.jpg 2048w\" sizes=\"(max-width: 2560px) 100vw, 2560px\" \/>\t\t\t\t\t\t\t\t\t\t\t\t\t\t\t<\/div>\n\t\t\t\t<\/div>\n\t\t\t\t\t<\/div>\n\t\t<\/div>\n\t\t\t\t\t<\/div>\n\t\t<\/section>\n\t\t\t\t\t<\/div>\n\t\t<\/div>\n\t\t\t\t\t<\/div>\n\t\t<\/section>\n\t\t\t\t<\/div>\n\t\t","protected":false},"excerpt":{"rendered":"<p>TECNOLOGIA DELLA MICROEROSIONE Avendo verificato che, nonostante i vari tentativi fatti dai principali produttori di apparecchiature per l&#8217;elettroerosione, nessuno era in grado di soddisfare la crescente domanda di una macchina per elettroerosione in grado di produrre elementi e fori molto piccoli. La societ\u00e0 SARIX SA \u00e8 stata fondata nel 1993 con l&#8217;obiettivo di soddisfare questa [&hellip;]<\/p>\n","protected":false},"author":1,"featured_media":0,"parent":6570,"menu_order":0,"comment_status":"closed","ping_status":"closed","template":"","meta":{"footnotes":""},"categories":[51],"tags":[],"class_list":["post-5493","page","type-page","status-publish","hentry","category-sarix-contenuto"],"_links":{"self":[{"href":"https:\/\/www.sarix.com\/it\/wp-json\/wp\/v2\/pages\/5493","targetHints":{"allow":["GET"]}}],"collection":[{"href":"https:\/\/www.sarix.com\/it\/wp-json\/wp\/v2\/pages"}],"about":[{"href":"https:\/\/www.sarix.com\/it\/wp-json\/wp\/v2\/types\/page"}],"author":[{"embeddable":true,"href":"https:\/\/www.sarix.com\/it\/wp-json\/wp\/v2\/users\/1"}],"replies":[{"embeddable":true,"href":"https:\/\/www.sarix.com\/it\/wp-json\/wp\/v2\/comments?post=5493"}],"version-history":[{"count":1,"href":"https:\/\/www.sarix.com\/it\/wp-json\/wp\/v2\/pages\/5493\/revisions"}],"predecessor-version":[{"id":5494,"href":"https:\/\/www.sarix.com\/it\/wp-json\/wp\/v2\/pages\/5493\/revisions\/5494"}],"up":[{"embeddable":true,"href":"https:\/\/www.sarix.com\/it\/wp-json\/wp\/v2\/pages\/6570"}],"wp:attachment":[{"href":"https:\/\/www.sarix.com\/it\/wp-json\/wp\/v2\/media?parent=5493"}],"wp:term":[{"taxonomy":"category","embeddable":true,"href":"https:\/\/www.sarix.com\/it\/wp-json\/wp\/v2\/categories?post=5493"},{"taxonomy":"post_tag","embeddable":true,"href":"https:\/\/www.sarix.com\/it\/wp-json\/wp\/v2\/tags?post=5493"}],"curies":[{"name":"wp","href":"https:\/\/api.w.org\/{rel}","templated":true}]}}