{"id":5382,"date":"2023-09-06T20:34:58","date_gmt":"2023-09-06T20:34:58","guid":{"rendered":"https:\/\/www.sarix.com\/sx-btd-rilevamento-dello-sfondamento-dellelettrodo\/"},"modified":"2023-12-15T09:31:14","modified_gmt":"2023-12-15T09:31:14","slug":"sx-btd-rilevamento-dello-sfondamento-dellelettrodo","status":"publish","type":"page","link":"https:\/\/www.sarix.com\/it\/tecnologie-sarix\/tecnologie-di-micro-erosione\/sx-btd-rilevamento-dello-sfondamento-dellelettrodo\/","title":{"rendered":"SX-BTD &#8211; Rilevamento dello sfondamento dell&#8217;elettrodo"},"content":{"rendered":"\t\t<div data-elementor-type=\"wp-page\" data-elementor-id=\"5382\" class=\"elementor elementor-5382 elementor-356\" data-elementor-post-type=\"page\">\n\t\t\t\t\t\t<section class=\"elementor-section elementor-top-section elementor-element elementor-element-d35efa0 elementor-section-boxed elementor-section-height-default elementor-section-height-default\" data-id=\"d35efa0\" data-element_type=\"section\" data-e-type=\"section\">\n\t\t\t\t\t\t<div class=\"elementor-container elementor-column-gap-default\">\n\t\t\t\t\t<div class=\"elementor-column elementor-col-100 elementor-top-column elementor-element elementor-element-648d110\" data-id=\"648d110\" data-element_type=\"column\" data-e-type=\"column\">\n\t\t\t<div class=\"elementor-widget-wrap elementor-element-populated\">\n\t\t\t\t\t\t<section class=\"elementor-section elementor-inner-section elementor-element elementor-element-53f6f40 elementor-section-boxed elementor-section-height-default elementor-section-height-default\" data-id=\"53f6f40\" data-element_type=\"section\" data-e-type=\"section\">\n\t\t\t\t\t\t<div class=\"elementor-container elementor-column-gap-default\">\n\t\t\t\t\t<div class=\"elementor-column elementor-col-25 elementor-inner-column elementor-element elementor-element-d4009fc\" data-id=\"d4009fc\" data-element_type=\"column\" data-e-type=\"column\">\n\t\t\t<div class=\"elementor-widget-wrap elementor-element-populated\">\n\t\t\t\t\t\t<div class=\"elementor-element elementor-element-7df167f elementor-widget elementor-widget-text-editor\" data-id=\"7df167f\" data-element_type=\"widget\" data-e-type=\"widget\" data-widget_type=\"text-editor.default\">\n\t\t\t\t<div class=\"elementor-widget-container\">\n\t\t\t\t\t\t\t\t\t<p style=\"\"><b>Foratura rapida e precisa con rilevamento affidabile dello sfondamento della parete. Rilevamento accurato senza interferenze<\/b><\/p>\n<p style=\"font-size: 16px;\">Rilevamento efficace dello sfondamento della parete<br>senza impingement della parete posteriore<span style=\"font-weight: bold;\"><br><\/span><\/p>\t\t\t\t\t\t\t\t<\/div>\n\t\t\t\t<\/div>\n\t\t\t\t<div class=\"elementor-element elementor-element-598b1be elementor-widget elementor-widget-text-editor\" data-id=\"598b1be\" data-element_type=\"widget\" data-e-type=\"widget\" data-widget_type=\"text-editor.default\">\n\t\t\t\t<div class=\"elementor-widget-container\">\n\t\t\t\t\t\t\t\t\t<p style=\"font-size: 16px;\">I fori nelle pale della turbina o nelle palette restano fondamentali per evitare il surriscaldamento durante l&#8217;uso del motore. Uno dei processi pi\u00f9 importanti \u00e8 la produzione dei fori di raffreddamento critici di questi componenti di turbine e motori a reazione. Per quanto riguarda le tecnologie di produzione di queste parti strategiche come la struttura cava risultante dalla fusione, la foratura per elettroerosione di questi fori \u00e8 sempre stata un passo importante con la considerazione della lavorazione a impatto senza parete posteriore o, pi\u00f9 in generale, del risultato della sovraforatura. Oggi il processo di fusione migliorato pu\u00f2 fornire cavit\u00e0 interne complesse con profili stretti di circa 0,5 mm di larghezza. Le variazioni di fusione all&#8217;interno della struttura cava sono sempre possibili e aumentano le difficolt\u00e0 del processo di perforazione, per mantenere l&#8217;elettrodo dalla breve cavit\u00e0 di ingresso ed evitare di toccare la parete posteriore.<\/p>\n<p style=\"font-size: 16px;\">\n<p style=\"font-size: 16px;\">Sulla base di una lunga esperienza e di un know-how tecnologico sul perfetto controllo della lavorazione dei fori, noi di SARIX abbiamo introdotto, fin dalla nostra fondazione, il generatore SX-MPS con un software di controllo per il rilevamento dell&#8217;elettrodo di rottura efficace e preciso. Il controllore di foratura Micro EDM avanzato consente un servosensibile fine per rilevare qualsiasi variazione dei parametri durante la foratura della cavit\u00e0 della parete.  <\/p>\n<p style=\"font-size: 16px;\">\n<p style=\"font-size: 16px;\">\n\t\t\t\t\t\t\t\t<\/div>\n\t\t\t\t<\/div>\n\t\t\t\t\t<\/div>\n\t\t<\/div>\n\t\t\t\t<div class=\"elementor-column elementor-col-25 elementor-inner-column elementor-element elementor-element-fcbd5f6\" data-id=\"fcbd5f6\" data-element_type=\"column\" data-e-type=\"column\">\n\t\t\t<div class=\"elementor-widget-wrap elementor-element-populated\">\n\t\t\t\t\t\t<div class=\"elementor-element elementor-element-6e16a10 elementor-widget elementor-widget-text-editor\" data-id=\"6e16a10\" data-element_type=\"widget\" data-e-type=\"widget\" data-widget_type=\"text-editor.default\">\n\t\t\t\t<div class=\"elementor-widget-container\">\n\t\t\t\t\t\t\t\t\t<p style=\"font-size: 16px;\"><span style=\"font-weight: bold;\">Rilevamento efficace dello sfondamento senza contatto con la parete posteriore  <\/span><\/p>\n<p style=\"font-size: 16px;\">Non solo la perfetta rotondit\u00e0, ma anche la variazione di diametro, la geometria, la forma 3D complessa, i fori di diffusione che portano alla lavorazione del foro passante finito possono essere raggiunti con un efficace rilevamento della rottura della parete.<span style=\"font-weight: bold;\"><br \/><\/span><\/p>\n\t\t\t\t\t\t\t\t<\/div>\n\t\t\t\t<\/div>\n\t\t\t\t<div class=\"elementor-element elementor-element-41b173c elementor-widget elementor-widget-text-editor\" data-id=\"41b173c\" data-element_type=\"widget\" data-e-type=\"widget\" data-widget_type=\"text-editor.default\">\n\t\t\t\t<div class=\"elementor-widget-container\">\n\t\t\t\t\t\t\t\t\t<p><b>Monitoraggio dell&#8217;efficienza della perforazione&nbsp;<\/b><\/p>\n<p style=\"font-size: 16px;\"><span style=\"color: var( --e-global-color-text ); font-weight: var( --e-global-typography-text-font-weight ); font-size: 1em;\">L&#8217;efficienza di questo dispositivo di monitoraggio con il controllo degli algoritmi consente anche di adattare il processo di perforazione all&#8217;usura dell&#8217;elettrodo alla situazione effettiva. Ci\u00f2 consente alla macchina di controllare con precisione la profondit\u00e0 di foratura e di ridurre o eliminare l&#8217;impatto della parete posteriore. Inoltre, migliora la velocit\u00e0 di foratura e riduce l&#8217;usura degli elettrodi, ottenendo un maggior numero di fori per elettrodo. Sfruttando il nuovo generatore PULSAR, supportato dal dispositivo ADP\u00ae, la capacit\u00e0 del controllore di velocizzare la perforazione, migliora l&#8217;accuratezza e l&#8217;affidabilit\u00e0 del dispositivo di rilevamento della rottura.<\/span><\/p>\n<p style=\"font-size: 16px;\">\n<\/p><p style=\"font-size: 16px;\">\n<\/p>\t\t\t\t\t\t\t\t<\/div>\n\t\t\t\t<\/div>\n\t\t\t\t<div class=\"elementor-element elementor-element-d2496ed elementor-widget elementor-widget-image\" data-id=\"d2496ed\" data-element_type=\"widget\" data-e-type=\"widget\" data-widget_type=\"image.default\">\n\t\t\t\t<div class=\"elementor-widget-container\">\n\t\t\t\t\t\t\t\t\t\t\t\t\t\t\t<img fetchpriority=\"high\" decoding=\"async\" width=\"300\" height=\"300\" src=\"https:\/\/www.sarix.com\/wp-content\/uploads\/2023\/09\/MDH_dett02-300x300.jpg\" class=\"attachment-medium size-medium wp-image-4111\" alt=\"\" srcset=\"https:\/\/www.sarix.com\/wp-content\/uploads\/2023\/09\/MDH_dett02-300x300.jpg 300w, https:\/\/www.sarix.com\/wp-content\/uploads\/2023\/09\/MDH_dett02-150x150.jpg 150w, https:\/\/www.sarix.com\/wp-content\/uploads\/2023\/09\/MDH_dett02-100x100.jpg 100w, https:\/\/www.sarix.com\/wp-content\/uploads\/2023\/09\/MDH_dett02.jpg 700w\" sizes=\"(max-width: 300px) 100vw, 300px\" \/>\t\t\t\t\t\t\t\t\t\t\t\t\t\t\t<\/div>\n\t\t\t\t<\/div>\n\t\t\t\t<div class=\"elementor-element elementor-element-9253100 elementor-widget elementor-widget-text-editor\" data-id=\"9253100\" data-element_type=\"widget\" data-e-type=\"widget\" data-widget_type=\"text-editor.default\">\n\t\t\t\t<div class=\"elementor-widget-container\">\n\t\t\t\t\t\t\t\t\t<p>Sebbene i vantaggi di questo processo siano significativi per l&#8217;industria aerospaziale, che implica la produzione di grandi quantit\u00e0 di fori, questi vantaggi possono essere applicati anche ad altre applicazioni del mercato della foratura, come il settore medicale, la micro-meccanica o anche l&#8217;industria automobilistica&#8230;<\/p><\/p>\n\t\t\t\t\t\t\t\t<\/div>\n\t\t\t\t<\/div>\n\t\t\t\t\t<\/div>\n\t\t<\/div>\n\t\t\t\t<div class=\"elementor-column elementor-col-25 elementor-inner-column elementor-element elementor-element-ab9899d\" data-id=\"ab9899d\" data-element_type=\"column\" data-e-type=\"column\">\n\t\t\t<div class=\"elementor-widget-wrap elementor-element-populated\">\n\t\t\t\t\t\t<div class=\"elementor-element elementor-element-bdc3c30 elementor-widget elementor-widget-spacer\" data-id=\"bdc3c30\" data-element_type=\"widget\" data-e-type=\"widget\" data-widget_type=\"spacer.default\">\n\t\t\t\t<div class=\"elementor-widget-container\">\n\t\t\t\t\t\t\t<div class=\"elementor-spacer\">\n\t\t\t<div class=\"elementor-spacer-inner\"><\/div>\n\t\t<\/div>\n\t\t\t\t\t\t<\/div>\n\t\t\t\t<\/div>\n\t\t\t\t<div class=\"elementor-element elementor-element-e99d8ff elementor-widget elementor-widget-text-editor\" data-id=\"e99d8ff\" data-element_type=\"widget\" data-e-type=\"widget\" data-widget_type=\"text-editor.default\">\n\t\t\t\t<div class=\"elementor-widget-container\">\n\t\t\t\t\t\t\t\t\t<p style=\"font-size: 16px;\"><span style=\"font-weight: bold;\">Fatti e risultati<\/span><\/p>\n\t\t\t\t\t\t\t\t<\/div>\n\t\t\t\t<\/div>\n\t\t\t\t<div class=\"elementor-element elementor-element-9b75a79 elementor-widget elementor-widget-text-editor\" data-id=\"9b75a79\" data-element_type=\"widget\" data-e-type=\"widget\" data-widget_type=\"text-editor.default\">\n\t\t\t\t<div class=\"elementor-widget-container\">\n\t\t\t\t\t\t\t\t\t<p><span style=\"color: var( --e-global-color-text );\">Perfetto processo di interazione immediata con il muro di rottura<\/span><\/p>\n<p style=\"font-size: 16px;\">Sensibilit\u00e0 all&#8217;angolo di foratura per seguire un profilo di colata complesso<\/p>\n<p style=\"font-size: 16px;\">Processo di foratura pi\u00f9 rapido ed efficace grazie a ogni caso di foratura adattiva<\/p>\n<p style=\"font-size: 16px;\">Certificazione di foratura passante finita<\/p>\n<p style=\"font-size: 16px;\">Rilevamento dello sfondamento applicato mediante calibrazione del diametro del foro<\/p>\n\t\t\t\t\t\t\t\t<\/div>\n\t\t\t\t<\/div>\n\t\t\t\t\t<\/div>\n\t\t<\/div>\n\t\t\t\t<div class=\"elementor-column elementor-col-25 elementor-inner-column elementor-element elementor-element-979742a\" data-id=\"979742a\" data-element_type=\"column\" data-e-type=\"column\">\n\t\t\t<div class=\"elementor-widget-wrap elementor-element-populated\">\n\t\t\t\t\t\t<div class=\"elementor-element elementor-element-330b69f elementor-widget elementor-widget-heading\" data-id=\"330b69f\" data-element_type=\"widget\" data-e-type=\"widget\" data-widget_type=\"heading.default\">\n\t\t\t\t<div class=\"elementor-widget-container\">\n\t\t\t\t\t<p class=\"elementor-heading-title elementor-size-default\">SELEZIONE DEL CAMPIONE<\/p>\t\t\t\t<\/div>\n\t\t\t\t<\/div>\n\t\t\t\t<div class=\"elementor-element elementor-element-e497988 elementor-widget elementor-widget-image\" data-id=\"e497988\" data-element_type=\"widget\" data-e-type=\"widget\" data-widget_type=\"image.default\">\n\t\t\t\t<div class=\"elementor-widget-container\">\n\t\t\t\t\t\t\t\t\t\t\t\t\t\t\t<img decoding=\"async\" width=\"300\" height=\"248\" src=\"https:\/\/www.sarix.com\/wp-content\/uploads\/2023\/09\/Tubing-1-300x248.jpg\" class=\"attachment-medium size-medium wp-image-4291\" alt=\"\" srcset=\"https:\/\/www.sarix.com\/wp-content\/uploads\/2023\/09\/Tubing-1-300x248.jpg 300w, https:\/\/www.sarix.com\/wp-content\/uploads\/2023\/09\/Tubing-1.jpg 510w\" sizes=\"(max-width: 300px) 100vw, 300px\" \/>\t\t\t\t\t\t\t\t\t\t\t\t\t\t\t<\/div>\n\t\t\t\t<\/div>\n\t\t\t\t<div class=\"elementor-element elementor-element-6ce6917 elementor-widget elementor-widget-image\" data-id=\"6ce6917\" data-element_type=\"widget\" data-e-type=\"widget\" data-widget_type=\"image.default\">\n\t\t\t\t<div class=\"elementor-widget-container\">\n\t\t\t\t\t\t\t\t\t\t\t\t\t\t\t<img decoding=\"async\" width=\"150\" height=\"150\" src=\"https:\/\/www.sarix.com\/wp-content\/uploads\/2023\/09\/Medical-components-150x150.jpg\" class=\"attachment-thumbnail size-thumbnail wp-image-4201\" alt=\"\" srcset=\"https:\/\/www.sarix.com\/wp-content\/uploads\/2023\/09\/Medical-components-150x150.jpg 150w, https:\/\/www.sarix.com\/wp-content\/uploads\/2023\/09\/Medical-components-298x300.jpg 298w, https:\/\/www.sarix.com\/wp-content\/uploads\/2023\/09\/Medical-components-1017x1024.jpg 1017w, https:\/\/www.sarix.com\/wp-content\/uploads\/2023\/09\/Medical-components-768x773.jpg 768w, https:\/\/www.sarix.com\/wp-content\/uploads\/2023\/09\/Medical-components-100x100.jpg 100w, https:\/\/www.sarix.com\/wp-content\/uploads\/2023\/09\/Medical-components.jpg 1026w\" sizes=\"(max-width: 150px) 100vw, 150px\" \/>\t\t\t\t\t\t\t\t\t\t\t\t\t\t\t<\/div>\n\t\t\t\t<\/div>\n\t\t\t\t<div class=\"elementor-element elementor-element-eb7c80c elementor-widget__width-auto elementor-widget elementor-widget-text-editor\" data-id=\"eb7c80c\" data-element_type=\"widget\" data-e-type=\"widget\" data-widget_type=\"text-editor.default\">\n\t\t\t\t<div class=\"elementor-widget-container\">\n\t\t\t\t\t\t\t\t\t<p><span style=\"font-size: 1em; color: var( --e-global-color-text );\"><b>Siamo in grado di rispondere alle vostre sfide di microforatura pi\u00f9 impegnative!<\/b><\/span><\/p>\n<p><b>Contattateci per una prova gratuita!<\/b><\/p>\n\t\t\t\t\t\t\t\t<\/div>\n\t\t\t\t<\/div>\n\t\t\t\t\t<\/div>\n\t\t<\/div>\n\t\t\t\t\t<\/div>\n\t\t<\/section>\n\t\t\t\t\t<\/div>\n\t\t<\/div>\n\t\t\t\t\t<\/div>\n\t\t<\/section>\n\t\t\t\t<\/div>\n\t\t","protected":false},"excerpt":{"rendered":"<p>Foratura rapida e precisa con rilevamento affidabile dello sfondamento della parete. Rilevamento accurato senza interferenze Rilevamento efficace dello sfondamento della paretesenza impingement della parete posteriore I fori nelle pale della turbina o nelle palette restano fondamentali per evitare il surriscaldamento durante l&#8217;uso del motore. Uno dei processi pi\u00f9 importanti \u00e8 la produzione dei fori di [&hellip;]<\/p>\n","protected":false},"author":1,"featured_media":0,"parent":5480,"menu_order":0,"comment_status":"closed","ping_status":"closed","template":"","meta":{"footnotes":""},"categories":[108],"tags":[],"class_list":["post-5382","page","type-page","status-publish","hentry","category-tecnologie"],"_links":{"self":[{"href":"https:\/\/www.sarix.com\/it\/wp-json\/wp\/v2\/pages\/5382","targetHints":{"allow":["GET"]}}],"collection":[{"href":"https:\/\/www.sarix.com\/it\/wp-json\/wp\/v2\/pages"}],"about":[{"href":"https:\/\/www.sarix.com\/it\/wp-json\/wp\/v2\/types\/page"}],"author":[{"embeddable":true,"href":"https:\/\/www.sarix.com\/it\/wp-json\/wp\/v2\/users\/1"}],"replies":[{"embeddable":true,"href":"https:\/\/www.sarix.com\/it\/wp-json\/wp\/v2\/comments?post=5382"}],"version-history":[{"count":1,"href":"https:\/\/www.sarix.com\/it\/wp-json\/wp\/v2\/pages\/5382\/revisions"}],"predecessor-version":[{"id":5391,"href":"https:\/\/www.sarix.com\/it\/wp-json\/wp\/v2\/pages\/5382\/revisions\/5391"}],"up":[{"embeddable":true,"href":"https:\/\/www.sarix.com\/it\/wp-json\/wp\/v2\/pages\/5480"}],"wp:attachment":[{"href":"https:\/\/www.sarix.com\/it\/wp-json\/wp\/v2\/media?parent=5382"}],"wp:term":[{"taxonomy":"category","embeddable":true,"href":"https:\/\/www.sarix.com\/it\/wp-json\/wp\/v2\/categories?post=5382"},{"taxonomy":"post_tag","embeddable":true,"href":"https:\/\/www.sarix.com\/it\/wp-json\/wp\/v2\/tags?post=5382"}],"curies":[{"name":"wp","href":"https:\/\/api.w.org\/{rel}","templated":true}]}}