{"id":5294,"date":"2023-09-08T16:55:43","date_gmt":"2023-09-08T16:55:43","guid":{"rendered":"https:\/\/www.sarix.com\/foratura-con-micro-erosione\/"},"modified":"2025-09-04T04:08:35","modified_gmt":"2025-09-04T04:08:35","slug":"foratura-con-micro-erosione","status":"publish","type":"page","link":"https:\/\/www.sarix.com\/it\/tecnologie-sarix\/foratura-con-micro-erosione\/","title":{"rendered":"Foratura con micro-erosione"},"content":{"rendered":"\t\t<div data-elementor-type=\"wp-page\" data-elementor-id=\"5294\" class=\"elementor elementor-5294 elementor-1072\" data-elementor-post-type=\"page\">\n\t\t\t\t\t\t<section class=\"elementor-section elementor-top-section elementor-element elementor-element-973d3f2 elementor-section-boxed elementor-section-height-default elementor-section-height-default\" data-id=\"973d3f2\" data-element_type=\"section\" data-e-type=\"section\">\n\t\t\t\t\t\t<div class=\"elementor-container elementor-column-gap-default\">\n\t\t\t\t\t<div class=\"elementor-column elementor-col-100 elementor-top-column elementor-element elementor-element-4f05491\" data-id=\"4f05491\" data-element_type=\"column\" data-e-type=\"column\">\n\t\t\t<div class=\"elementor-widget-wrap elementor-element-populated\">\n\t\t\t\t\t\t<section class=\"elementor-section elementor-inner-section elementor-element elementor-element-ced7b22 elementor-section-boxed elementor-section-height-default elementor-section-height-default\" data-id=\"ced7b22\" data-element_type=\"section\" data-e-type=\"section\">\n\t\t\t\t\t\t<div class=\"elementor-container elementor-column-gap-default\">\n\t\t\t\t\t<div class=\"elementor-column elementor-col-25 elementor-inner-column elementor-element elementor-element-d79886a\" data-id=\"d79886a\" data-element_type=\"column\" data-e-type=\"column\">\n\t\t\t<div class=\"elementor-widget-wrap elementor-element-populated\">\n\t\t\t\t\t\t<div class=\"elementor-element elementor-element-b6ccf95 elementor-widget elementor-widget-text-editor\" data-id=\"b6ccf95\" data-element_type=\"widget\" data-e-type=\"widget\" data-widget_type=\"text-editor.default\">\n\t\t\t\t<div class=\"elementor-widget-container\">\n\t\t\t\t\t\t\t\t\t<p><b>Foratura ad alta precisione<\/b><\/p>\n<p>Siamo leader nella foratura ad alta precisione di piccoli fori, con diametri che vanno da 10 \u03bcm a 4,0 mm, per ottenere fori senza bave della massima qualit\u00e0.<\/p><\/p>\n\t\t\t\t\t\t\t\t<\/div>\n\t\t\t\t<\/div>\n\t\t\t\t<div class=\"elementor-element elementor-element-a057cbc elementor-widget elementor-widget-spacer\" data-id=\"a057cbc\" data-element_type=\"widget\" data-e-type=\"widget\" data-widget_type=\"spacer.default\">\n\t\t\t\t<div class=\"elementor-widget-container\">\n\t\t\t\t\t\t\t<div class=\"elementor-spacer\">\n\t\t\t<div class=\"elementor-spacer-inner\"><\/div>\n\t\t<\/div>\n\t\t\t\t\t\t<\/div>\n\t\t\t\t<\/div>\n\t\t\t\t<div class=\"elementor-element elementor-element-4350b8e elementor-widget elementor-widget-image\" data-id=\"4350b8e\" data-element_type=\"widget\" data-e-type=\"widget\" data-widget_type=\"image.default\">\n\t\t\t\t<div class=\"elementor-widget-container\">\n\t\t\t\t\t\t\t\t\t\t\t\t\t\t\t<img fetchpriority=\"high\" decoding=\"async\" width=\"300\" height=\"300\" src=\"https:\/\/www.sarix.com\/wp-content\/uploads\/2023\/09\/MDH_dett04-300x300.jpg\" class=\"attachment-medium size-medium wp-image-4101\" alt=\"\" srcset=\"https:\/\/www.sarix.com\/wp-content\/uploads\/2023\/09\/MDH_dett04-300x300.jpg 300w, https:\/\/www.sarix.com\/wp-content\/uploads\/2023\/09\/MDH_dett04-150x150.jpg 150w, https:\/\/www.sarix.com\/wp-content\/uploads\/2023\/09\/MDH_dett04-100x100.jpg 100w, https:\/\/www.sarix.com\/wp-content\/uploads\/2023\/09\/MDH_dett04.jpg 700w\" sizes=\"(max-width: 300px) 100vw, 300px\" \/>\t\t\t\t\t\t\t\t\t\t\t\t\t\t\t<\/div>\n\t\t\t\t<\/div>\n\t\t\t\t<div class=\"elementor-element elementor-element-35a16e3 elementor-widget elementor-widget-text-editor\" data-id=\"35a16e3\" data-element_type=\"widget\" data-e-type=\"widget\" data-widget_type=\"text-editor.default\">\n\t\t\t\t<div class=\"elementor-widget-container\">\n\t\t\t\t\t\t\t\t\t<p>Le soluzioni a serbatoio sommerso con riempimento ad alta velocit\u00e0 consentono una perforazione migliore in condizioni di sicurezza<\/p>\n\t\t\t\t\t\t\t\t<\/div>\n\t\t\t\t<\/div>\n\t\t\t\t\t<\/div>\n\t\t<\/div>\n\t\t\t\t<div class=\"elementor-column elementor-col-25 elementor-inner-column elementor-element elementor-element-cc6ff15\" data-id=\"cc6ff15\" data-element_type=\"column\" data-e-type=\"column\">\n\t\t\t<div class=\"elementor-widget-wrap elementor-element-populated\">\n\t\t\t\t\t\t<div class=\"elementor-element elementor-element-27889d5 elementor-widget elementor-widget-text-editor\" data-id=\"27889d5\" data-element_type=\"widget\" data-e-type=\"widget\" data-widget_type=\"text-editor.default\">\n\t\t\t\t<div class=\"elementor-widget-container\">\n\t\t\t\t\t\t\t\t\t<p><b>Foratura ad alta velocit\u00e0<\/b><\/p>\n<p>Con il generatore <b>SX-HPS<\/b>, offriamo soluzioni per la foratura rapida di diversi materiali come carburo, acciaio e leghe speciali.<\/p>\n<p><span style=\"color: var( --e-global-color-text ); font-weight: var( --e-global-typography-text-font-weight ); font-size: 1em;\">Nel settore aerospaziale e negli utensili di stampaggio, raggiunge elevati tassi di asportazione con uno strato di rifusione minimo e senza cricche.<\/span><\/p>\n\t\t\t\t\t\t\t\t<\/div>\n\t\t\t\t<\/div>\n\t\t\t\t<div class=\"elementor-element elementor-element-559fd23 elementor-widget elementor-widget-image\" data-id=\"559fd23\" data-element_type=\"widget\" data-e-type=\"widget\" data-widget_type=\"image.default\">\n\t\t\t\t<div class=\"elementor-widget-container\">\n\t\t\t\t\t\t\t\t\t\t\t\t\t\t\t\t<a href=\"https:\/\/www.sarix.com\/sarix-technologies\/micro-edm-technologies\/breakthrough-detection\/\">\n\t\t\t\t\t\t\t<img decoding=\"async\" width=\"300\" height=\"300\" src=\"https:\/\/www.sarix.com\/wp-content\/uploads\/2023\/09\/MicroEDMDrilling-300x300.jpg\" class=\"attachment-medium size-medium wp-image-4031\" alt=\"\" srcset=\"https:\/\/www.sarix.com\/wp-content\/uploads\/2023\/09\/MicroEDMDrilling-300x300.jpg 300w, https:\/\/www.sarix.com\/wp-content\/uploads\/2023\/09\/MicroEDMDrilling-150x150.jpg 150w, https:\/\/www.sarix.com\/wp-content\/uploads\/2023\/09\/MicroEDMDrilling-768x768.jpg 768w, https:\/\/www.sarix.com\/wp-content\/uploads\/2023\/09\/MicroEDMDrilling-100x100.jpg 100w, https:\/\/www.sarix.com\/wp-content\/uploads\/2023\/09\/MicroEDMDrilling.jpg 800w\" sizes=\"(max-width: 300px) 100vw, 300px\" \/>\t\t\t\t\t\t\t\t<\/a>\n\t\t\t\t\t\t\t\t\t\t\t\t\t\t\t<\/div>\n\t\t\t\t<\/div>\n\t\t\t\t<div class=\"elementor-element elementor-element-561b9c6 elementor-widget elementor-widget-text-editor\" data-id=\"561b9c6\" data-element_type=\"widget\" data-e-type=\"widget\" data-widget_type=\"text-editor.default\">\n\t\t\t\t<div class=\"elementor-widget-container\">\n\t\t\t\t\t\t\t\t\t<p><a href=\"https:\/\/www.sarix.com\/sarix-technologies\/micro-edm-technologies\/breakthrough-detection\/\"><b>SX-BTD Rilevamento di rottura<\/b><\/a><\/p>\n<p>Foratura di precisione ad alta velocit\u00e0 con rilevamento avanzato dello sfondamento della parete per una maggiore affidabilit\u00e0.<b><br \/><\/b><\/p>\n<p><span style=\"color: var( --e-global-color-text ); font-weight: var( --e-global-typography-text-font-weight ); font-size: 1em;\">Rilevamento accurato dello sfondamento della parete con zero interferenze dalla parete posteriore<\/span><\/p>\n\t\t\t\t\t\t\t\t<\/div>\n\t\t\t\t<\/div>\n\t\t\t\t\t<\/div>\n\t\t<\/div>\n\t\t\t\t<div class=\"elementor-column elementor-col-25 elementor-inner-column elementor-element elementor-element-f654823\" data-id=\"f654823\" data-element_type=\"column\" data-e-type=\"column\">\n\t\t\t<div class=\"elementor-widget-wrap elementor-element-populated\">\n\t\t\t\t\t\t<div class=\"elementor-element elementor-element-188c404 elementor-widget elementor-widget-text-editor\" data-id=\"188c404\" data-element_type=\"widget\" data-e-type=\"widget\" data-widget_type=\"text-editor.default\">\n\t\t\t\t<div class=\"elementor-widget-container\">\n\t\t\t\t\t\t\t\t\t<p><b>Foratura a stadi SX-SHD ad alta precisione<\/b><\/p>\n<p>sugli ugelli con fori capillari di diametro compreso <strong data-start=\"888\" data-end=\"906\">tra 0,05 e 0,1 mm<\/strong>, in linea con i requisiti di micro-erogazione<\/p>\n\t\t\t\t\t\t\t\t<\/div>\n\t\t\t\t<\/div>\n\t\t\t\t<div class=\"elementor-element elementor-element-a42ce3a elementor-widget elementor-widget-image\" data-id=\"a42ce3a\" data-element_type=\"widget\" data-e-type=\"widget\" data-widget_type=\"image.default\">\n\t\t\t\t<div class=\"elementor-widget-container\">\n\t\t\t\t\t\t\t\t\t\t\t\t\t\t\t<img decoding=\"async\" width=\"300\" height=\"188\" src=\"https:\/\/www.sarix.com\/wp-content\/uploads\/2025\/09\/IMG_4586-300x188.jpg\" class=\"attachment-medium size-medium wp-image-15045\" alt=\"\" srcset=\"https:\/\/www.sarix.com\/wp-content\/uploads\/2025\/09\/IMG_4586-300x188.jpg 300w, https:\/\/www.sarix.com\/wp-content\/uploads\/2025\/09\/IMG_4586.jpg 640w\" sizes=\"(max-width: 300px) 100vw, 300px\" \/>\t\t\t\t\t\t\t\t\t\t\t\t\t\t\t<\/div>\n\t\t\t\t<\/div>\n\t\t\t\t<div class=\"elementor-element elementor-element-5414135 elementor-widget elementor-widget-text-editor\" data-id=\"5414135\" data-element_type=\"widget\" data-e-type=\"widget\" data-widget_type=\"text-editor.default\">\n\t\t\t\t<div class=\"elementor-widget-container\">\n\t\t\t\t\t\t\t\t\t<p><b><a href=\"https:\/\/www.sarix.com\/sarix-technologies\/micro-edm-technologies\/sx-mdh-deep-hole-drilling\/\">Foratura profonda<\/a><\/b><\/p><p>Eccelliamo nella perforazione profonda di tutti i diametri. Utilizzate il nostro <a href=\"https:\/\/www.sarix.com\/sarix-technologies\/micro-edm-technologies\/sx-mdh-deep-hole-drilling\/\"><b>SX-MDH<\/b> (Micro Deep Hole)<\/a> per fori da 0,10 mm fino a 15 mm di profondit\u00e0 e il generatore <b>SX-HPS<\/b> per ottenere fori da 0,8 mm fino a 230 mm di profondit\u00e0.<\/p>\t\t\t\t\t\t\t\t<\/div>\n\t\t\t\t<\/div>\n\t\t\t\t<div class=\"elementor-element elementor-element-c56fdf0 elementor-widget elementor-widget-image\" data-id=\"c56fdf0\" data-element_type=\"widget\" data-e-type=\"widget\" data-widget_type=\"image.default\">\n\t\t\t\t<div class=\"elementor-widget-container\">\n\t\t\t\t\t\t\t\t\t\t\t\t\t\t\t<img loading=\"lazy\" decoding=\"async\" width=\"150\" height=\"150\" src=\"https:\/\/www.sarix.com\/wp-content\/uploads\/2023\/09\/MDH_dett03-150x150.jpg\" class=\"attachment-thumbnail size-thumbnail wp-image-4106\" alt=\"\" srcset=\"https:\/\/www.sarix.com\/wp-content\/uploads\/2023\/09\/MDH_dett03-150x150.jpg 150w, https:\/\/www.sarix.com\/wp-content\/uploads\/2023\/09\/MDH_dett03-300x300.jpg 300w, https:\/\/www.sarix.com\/wp-content\/uploads\/2023\/09\/MDH_dett03-100x100.jpg 100w, https:\/\/www.sarix.com\/wp-content\/uploads\/2023\/09\/MDH_dett03.jpg 700w\" sizes=\"(max-width: 150px) 100vw, 150px\" \/>\t\t\t\t\t\t\t\t\t\t\t\t\t\t\t<\/div>\n\t\t\t\t<\/div>\n\t\t\t\t<div class=\"elementor-element elementor-element-47c2ff0 elementor-widget elementor-widget-spacer\" data-id=\"47c2ff0\" data-element_type=\"widget\" data-e-type=\"widget\" data-widget_type=\"spacer.default\">\n\t\t\t\t<div class=\"elementor-widget-container\">\n\t\t\t\t\t\t\t<div class=\"elementor-spacer\">\n\t\t\t<div class=\"elementor-spacer-inner\"><\/div>\n\t\t<\/div>\n\t\t\t\t\t\t<\/div>\n\t\t\t\t<\/div>\n\t\t\t\t\t<\/div>\n\t\t<\/div>\n\t\t\t\t<div class=\"elementor-column elementor-col-25 elementor-inner-column elementor-element elementor-element-9885f38\" data-id=\"9885f38\" data-element_type=\"column\" data-e-type=\"column\">\n\t\t\t<div class=\"elementor-widget-wrap elementor-element-populated\">\n\t\t\t\t\t\t<div class=\"elementor-element elementor-element-ae7c93e elementor-widget elementor-widget-heading\" data-id=\"ae7c93e\" data-element_type=\"widget\" data-e-type=\"widget\" data-widget_type=\"heading.default\">\n\t\t\t\t<div class=\"elementor-widget-container\">\n\t\t\t\t\t<p class=\"elementor-heading-title elementor-size-default\">SELEZIONE DEL CAMPIONE<\/p>\t\t\t\t<\/div>\n\t\t\t\t<\/div>\n\t\t\t\t<div class=\"elementor-element elementor-element-83dacb6 elementor-widget elementor-widget-image\" data-id=\"83dacb6\" data-element_type=\"widget\" data-e-type=\"widget\" data-widget_type=\"image.default\">\n\t\t\t\t<div class=\"elementor-widget-container\">\n\t\t\t\t\t\t\t\t\t\t\t\t\t\t\t<img loading=\"lazy\" decoding=\"async\" width=\"300\" height=\"205\" src=\"https:\/\/www.sarix.com\/wp-content\/uploads\/2023\/09\/Tubing-sample-1-e1694195949132-300x205.jpg\" class=\"attachment-medium size-medium wp-image-4196\" alt=\"\" srcset=\"https:\/\/www.sarix.com\/wp-content\/uploads\/2023\/09\/Tubing-sample-1-e1694195949132-300x205.jpg 300w, https:\/\/www.sarix.com\/wp-content\/uploads\/2023\/09\/Tubing-sample-1-e1694195949132-768x525.jpg 768w, https:\/\/www.sarix.com\/wp-content\/uploads\/2023\/09\/Tubing-sample-1-e1694195949132.jpg 959w\" sizes=\"(max-width: 300px) 100vw, 300px\" \/>\t\t\t\t\t\t\t\t\t\t\t\t\t\t\t<\/div>\n\t\t\t\t<\/div>\n\t\t\t\t<div class=\"elementor-element elementor-element-aa5aec2 elementor-widget elementor-widget-image\" data-id=\"aa5aec2\" data-element_type=\"widget\" data-e-type=\"widget\" data-widget_type=\"image.default\">\n\t\t\t\t<div class=\"elementor-widget-container\">\n\t\t\t\t\t\t\t\t\t\t\t\t\t\t\t<img loading=\"lazy\" decoding=\"async\" width=\"298\" height=\"300\" src=\"https:\/\/www.sarix.com\/wp-content\/uploads\/2023\/09\/Medical-components-298x300.jpg\" class=\"attachment-medium size-medium wp-image-4201\" alt=\"\" srcset=\"https:\/\/www.sarix.com\/wp-content\/uploads\/2023\/09\/Medical-components-298x300.jpg 298w, https:\/\/www.sarix.com\/wp-content\/uploads\/2023\/09\/Medical-components-1017x1024.jpg 1017w, https:\/\/www.sarix.com\/wp-content\/uploads\/2023\/09\/Medical-components-150x150.jpg 150w, https:\/\/www.sarix.com\/wp-content\/uploads\/2023\/09\/Medical-components-768x773.jpg 768w, https:\/\/www.sarix.com\/wp-content\/uploads\/2023\/09\/Medical-components-100x100.jpg 100w, https:\/\/www.sarix.com\/wp-content\/uploads\/2023\/09\/Medical-components.jpg 1026w\" sizes=\"(max-width: 298px) 100vw, 298px\" \/>\t\t\t\t\t\t\t\t\t\t\t\t\t\t\t<\/div>\n\t\t\t\t<\/div>\n\t\t\t\t<div class=\"elementor-element elementor-element-5dd7022 elementor-widget__width-auto elementor-widget elementor-widget-text-editor\" data-id=\"5dd7022\" data-element_type=\"widget\" data-e-type=\"widget\" data-widget_type=\"text-editor.default\">\n\t\t\t\t<div class=\"elementor-widget-container\">\n\t\t\t\t\t\t\t\t\t<p><span style=\"font-size: 1em; color: var( --e-global-color-text );\"><b>Siamo in grado di rispondere alle vostre sfide di perforazione pi\u00f9 impegnative!<\/b><\/span><\/p>\n<p><b>Contattateci per una prova gratuita!<\/b><\/p>\n\t\t\t\t\t\t\t\t<\/div>\n\t\t\t\t<\/div>\n\t\t\t\t\t<\/div>\n\t\t<\/div>\n\t\t\t\t\t<\/div>\n\t\t<\/section>\n\t\t\t\t\t<\/div>\n\t\t<\/div>\n\t\t\t\t\t<\/div>\n\t\t<\/section>\n\t\t\t\t<section class=\"elementor-section elementor-top-section elementor-element elementor-element-07448de elementor-section-boxed elementor-section-height-default elementor-section-height-default\" data-id=\"07448de\" data-element_type=\"section\" data-e-type=\"section\">\n\t\t\t\t\t\t<div class=\"elementor-container elementor-column-gap-default\">\n\t\t\t\t\t<div class=\"elementor-column elementor-col-100 elementor-top-column elementor-element elementor-element-66e9d46 elementor-hidden-mobile\" data-id=\"66e9d46\" data-element_type=\"column\" data-e-type=\"column\">\n\t\t\t<div class=\"elementor-widget-wrap elementor-element-populated\">\n\t\t\t\t\t\t<div class=\"elementor-element elementor-element-56f918c elementor-widget__width-initial elementor-arrows-position-inside elementor-pagination-position-outside elementor-widget elementor-widget-image-carousel\" data-id=\"56f918c\" data-element_type=\"widget\" data-e-type=\"widget\" data-settings=\"{&quot;slides_to_show&quot;:&quot;2&quot;,&quot;slides_to_scroll&quot;:&quot;1&quot;,&quot;navigation&quot;:&quot;both&quot;,&quot;autoplay&quot;:&quot;yes&quot;,&quot;pause_on_hover&quot;:&quot;yes&quot;,&quot;pause_on_interaction&quot;:&quot;yes&quot;,&quot;autoplay_speed&quot;:5000,&quot;infinite&quot;:&quot;yes&quot;,&quot;speed&quot;:500}\" data-widget_type=\"image-carousel.default\">\n\t\t\t\t<div class=\"elementor-widget-container\">\n\t\t\t\t\t\t\t<div class=\"elementor-image-carousel-wrapper swiper\" role=\"region\" aria-roledescription=\"carousel\" aria-label=\"Image Carousel\" dir=\"ltr\">\n\t\t\t<div class=\"elementor-image-carousel swiper-wrapper\" aria-live=\"off\">\n\t\t\t\t\t\t\t\t<div class=\"swiper-slide\" role=\"group\" aria-roledescription=\"slide\" aria-label=\"1 di 6\"><a data-elementor-open-lightbox=\"yes\" data-elementor-lightbox-slideshow=\"56f918c\" data-elementor-lightbox-title=\"Textile-Applications_perfectsquare\" data-e-action-hash=\"#elementor-action%3Aaction%3Dlightbox%26settings%3DeyJpZCI6NDA3MSwidXJsIjoiaHR0cHM6XC9cL3d3dy5zYXJpeC5jb21cL3dwLWNvbnRlbnRcL3VwbG9hZHNcLzIwMjNcLzA5XC9UZXh0aWxlLUFwcGxpY2F0aW9uc19wZXJmZWN0c3F1YXJlLnBuZyIsInNsaWRlc2hvdyI6IjU2ZjkxOGMifQ%3D%3D\" href=\"https:\/\/www.sarix.com\/applications\/\"><figure class=\"swiper-slide-inner\"><img decoding=\"async\" class=\"swiper-slide-image\" src=\"https:\/\/www.sarix.com\/wp-content\/uploads\/2023\/09\/Textile-Applications_perfectsquare-100x100.png\" alt=\"TEXTILE\" \/><figcaption class=\"elementor-image-carousel-caption\">TEXTILE<\/figcaption><\/figure><\/a><\/div><div class=\"swiper-slide\" role=\"group\" aria-roledescription=\"slide\" aria-label=\"2 di 6\"><a data-elementor-open-lightbox=\"yes\" data-elementor-lightbox-slideshow=\"56f918c\" data-elementor-lightbox-title=\"MicroMechanics-Applications_perfectsquare\" data-e-action-hash=\"#elementor-action%3Aaction%3Dlightbox%26settings%3DeyJpZCI6NDA3NiwidXJsIjoiaHR0cHM6XC9cL3d3dy5zYXJpeC5jb21cL3dwLWNvbnRlbnRcL3VwbG9hZHNcLzIwMjNcLzA5XC9NaWNyb01lY2hhbmljcy1BcHBsaWNhdGlvbnNfcGVyZmVjdHNxdWFyZS5wbmciLCJzbGlkZXNob3ciOiI1NmY5MThjIn0%3D\" href=\"https:\/\/www.sarix.com\/applications\/\"><figure class=\"swiper-slide-inner\"><img decoding=\"async\" class=\"swiper-slide-image\" src=\"https:\/\/www.sarix.com\/wp-content\/uploads\/2023\/09\/MicroMechanics-Applications_perfectsquare-100x100.png\" alt=\"MICRO MECHANICS\" \/><figcaption class=\"elementor-image-carousel-caption\">MICRO MECHANICS<\/figcaption><\/figure><\/a><\/div><div class=\"swiper-slide\" role=\"group\" aria-roledescription=\"slide\" aria-label=\"3 di 6\"><a data-elementor-open-lightbox=\"yes\" data-elementor-lightbox-slideshow=\"56f918c\" data-elementor-lightbox-title=\"Aerospace-Applications_perfectsquare\" data-e-action-hash=\"#elementor-action%3Aaction%3Dlightbox%26settings%3DeyJpZCI6NDA1NiwidXJsIjoiaHR0cHM6XC9cL3d3dy5zYXJpeC5jb21cL3dwLWNvbnRlbnRcL3VwbG9hZHNcLzIwMjNcLzA5XC9BZXJvc3BhY2UtQXBwbGljYXRpb25zX3BlcmZlY3RzcXVhcmUucG5nIiwic2xpZGVzaG93IjoiNTZmOTE4YyJ9\" href=\"https:\/\/www.sarix.com\/applications\/\"><figure class=\"swiper-slide-inner\"><img decoding=\"async\" class=\"swiper-slide-image\" src=\"https:\/\/www.sarix.com\/wp-content\/uploads\/2023\/09\/Aerospace-Applications_perfectsquare-100x100.png\" alt=\"AEROSPACE\" \/><figcaption class=\"elementor-image-carousel-caption\">AEROSPACE<\/figcaption><\/figure><\/a><\/div><div class=\"swiper-slide\" role=\"group\" aria-roledescription=\"slide\" aria-label=\"4 di 6\"><a data-elementor-open-lightbox=\"yes\" data-elementor-lightbox-slideshow=\"56f918c\" data-elementor-lightbox-title=\"MicroMold-Applications_perfectsquare\" data-e-action-hash=\"#elementor-action%3Aaction%3Dlightbox%26settings%3DeyJpZCI6NDA2MSwidXJsIjoiaHR0cHM6XC9cL3d3dy5zYXJpeC5jb21cL3dwLWNvbnRlbnRcL3VwbG9hZHNcLzIwMjNcLzA5XC9NaWNyb01vbGQtQXBwbGljYXRpb25zX3BlcmZlY3RzcXVhcmUucG5nIiwic2xpZGVzaG93IjoiNTZmOTE4YyJ9\" href=\"https:\/\/www.sarix.com\/applications\/\"><figure class=\"swiper-slide-inner\"><img decoding=\"async\" class=\"swiper-slide-image\" src=\"https:\/\/www.sarix.com\/wp-content\/uploads\/2023\/09\/MicroMold-Applications_perfectsquare-100x100.png\" alt=\"MICRO MOLD\" \/><figcaption class=\"elementor-image-carousel-caption\">MICRO MOLD<\/figcaption><\/figure><\/a><\/div><div class=\"swiper-slide\" role=\"group\" aria-roledescription=\"slide\" aria-label=\"5 di 6\"><a data-elementor-open-lightbox=\"yes\" data-elementor-lightbox-slideshow=\"56f918c\" data-elementor-lightbox-title=\"Medical-Applications_perfectsquare\" data-e-action-hash=\"#elementor-action%3Aaction%3Dlightbox%26settings%3DeyJpZCI6NDA2NiwidXJsIjoiaHR0cHM6XC9cL3d3dy5zYXJpeC5jb21cL3dwLWNvbnRlbnRcL3VwbG9hZHNcLzIwMjNcLzA5XC9NZWRpY2FsLUFwcGxpY2F0aW9uc19wZXJmZWN0c3F1YXJlLnBuZyIsInNsaWRlc2hvdyI6IjU2ZjkxOGMifQ%3D%3D\" href=\"https:\/\/www.sarix.com\/applications\/\"><figure class=\"swiper-slide-inner\"><img decoding=\"async\" class=\"swiper-slide-image\" src=\"https:\/\/www.sarix.com\/wp-content\/uploads\/2023\/09\/Medical-Applications_perfectsquare-100x100.png\" alt=\"MEDICAL\" \/><figcaption class=\"elementor-image-carousel-caption\">MEDICAL<\/figcaption><\/figure><\/a><\/div><div class=\"swiper-slide\" role=\"group\" aria-roledescription=\"slide\" aria-label=\"6 di 6\"><a data-elementor-open-lightbox=\"yes\" data-elementor-lightbox-slideshow=\"56f918c\" data-elementor-lightbox-title=\"Textile-Applications_perfectsquare\" data-e-action-hash=\"#elementor-action%3Aaction%3Dlightbox%26settings%3DeyJpZCI6NDA3MSwidXJsIjoiaHR0cHM6XC9cL3d3dy5zYXJpeC5jb21cL3dwLWNvbnRlbnRcL3VwbG9hZHNcLzIwMjNcLzA5XC9UZXh0aWxlLUFwcGxpY2F0aW9uc19wZXJmZWN0c3F1YXJlLnBuZyIsInNsaWRlc2hvdyI6IjU2ZjkxOGMifQ%3D%3D\" href=\"https:\/\/www.sarix.com\/applications\/\"><figure class=\"swiper-slide-inner\"><img decoding=\"async\" class=\"swiper-slide-image\" src=\"https:\/\/www.sarix.com\/wp-content\/uploads\/2023\/09\/Textile-Applications_perfectsquare-100x100.png\" alt=\"TEXTILE\" \/><figcaption class=\"elementor-image-carousel-caption\">TEXTILE<\/figcaption><\/figure><\/a><\/div>\t\t\t<\/div>\n\t\t\t\t\t\t\t\t\t\t\t\t<div class=\"elementor-swiper-button elementor-swiper-button-prev\" role=\"button\" tabindex=\"0\">\n\t\t\t\t\t\t<i aria-hidden=\"true\" class=\"eicon-chevron-left\"><\/i>\t\t\t\t\t<\/div>\n\t\t\t\t\t<div class=\"elementor-swiper-button elementor-swiper-button-next\" role=\"button\" tabindex=\"0\">\n\t\t\t\t\t\t<i aria-hidden=\"true\" class=\"eicon-chevron-right\"><\/i>\t\t\t\t\t<\/div>\n\t\t\t\t\n\t\t\t\t\t\t\t\t\t<div class=\"swiper-pagination\"><\/div>\n\t\t\t\t\t\t\t\t\t<\/div>\n\t\t\t\t\t\t<\/div>\n\t\t\t\t<\/div>\n\t\t\t\t\t<\/div>\n\t\t<\/div>\n\t\t\t\t\t<\/div>\n\t\t<\/section>\n\t\t\t\t<\/div>\n\t\t","protected":false},"excerpt":{"rendered":"<p>Foratura ad alta precisione Siamo leader nella foratura ad alta precisione di piccoli fori, con diametri che vanno da 10 \u03bcm a 4,0 mm, per ottenere fori senza bave della massima qualit\u00e0. Le soluzioni a serbatoio sommerso con riempimento ad alta velocit\u00e0 consentono una perforazione migliore in condizioni di sicurezza Foratura ad alta velocit\u00e0 Con [&hellip;]<\/p>\n","protected":false},"author":1,"featured_media":0,"parent":5470,"menu_order":0,"comment_status":"closed","ping_status":"closed","template":"","meta":{"footnotes":""},"categories":[8],"tags":[],"class_list":["post-5294","page","type-page","status-publish","hentry","category-technologies"],"_links":{"self":[{"href":"https:\/\/www.sarix.com\/it\/wp-json\/wp\/v2\/pages\/5294","targetHints":{"allow":["GET"]}}],"collection":[{"href":"https:\/\/www.sarix.com\/it\/wp-json\/wp\/v2\/pages"}],"about":[{"href":"https:\/\/www.sarix.com\/it\/wp-json\/wp\/v2\/types\/page"}],"author":[{"embeddable":true,"href":"https:\/\/www.sarix.com\/it\/wp-json\/wp\/v2\/users\/1"}],"replies":[{"embeddable":true,"href":"https:\/\/www.sarix.com\/it\/wp-json\/wp\/v2\/comments?post=5294"}],"version-history":[{"count":10,"href":"https:\/\/www.sarix.com\/it\/wp-json\/wp\/v2\/pages\/5294\/revisions"}],"predecessor-version":[{"id":15084,"href":"https:\/\/www.sarix.com\/it\/wp-json\/wp\/v2\/pages\/5294\/revisions\/15084"}],"up":[{"embeddable":true,"href":"https:\/\/www.sarix.com\/it\/wp-json\/wp\/v2\/pages\/5470"}],"wp:attachment":[{"href":"https:\/\/www.sarix.com\/it\/wp-json\/wp\/v2\/media?parent=5294"}],"wp:term":[{"taxonomy":"category","embeddable":true,"href":"https:\/\/www.sarix.com\/it\/wp-json\/wp\/v2\/categories?post=5294"},{"taxonomy":"post_tag","embeddable":true,"href":"https:\/\/www.sarix.com\/it\/wp-json\/wp\/v2\/tags?post=5294"}],"curies":[{"name":"wp","href":"https:\/\/api.w.org\/{rel}","templated":true}]}}