{"id":5291,"date":"2023-09-08T17:51:20","date_gmt":"2023-09-08T17:51:20","guid":{"rendered":"https:\/\/www.sarix.com\/pinze-di-serraggio\/"},"modified":"2024-01-10T14:10:24","modified_gmt":"2024-01-10T14:10:24","slug":"pinze-di-serraggio","status":"publish","type":"page","link":"https:\/\/www.sarix.com\/it\/caratteristiche\/pinze-di-serraggio\/","title":{"rendered":"Pinze di serraggio"},"content":{"rendered":"\t\t<div data-elementor-type=\"wp-page\" data-elementor-id=\"5291\" class=\"elementor elementor-5291 elementor-1169\" data-elementor-post-type=\"page\">\n\t\t\t\t\t\t<section class=\"elementor-section elementor-top-section elementor-element elementor-element-c2a6c30 elementor-section-boxed elementor-section-height-default elementor-section-height-default\" data-id=\"c2a6c30\" data-element_type=\"section\" data-e-type=\"section\">\n\t\t\t\t\t\t<div class=\"elementor-container elementor-column-gap-default\">\n\t\t\t\t\t<div class=\"elementor-column elementor-col-50 elementor-top-column elementor-element elementor-element-745d608\" data-id=\"745d608\" data-element_type=\"column\" data-e-type=\"column\">\n\t\t\t<div class=\"elementor-widget-wrap elementor-element-populated\">\n\t\t\t\t\t\t<section class=\"elementor-section elementor-inner-section elementor-element elementor-element-1b6a935 elementor-section-boxed elementor-section-height-default elementor-section-height-default\" data-id=\"1b6a935\" data-element_type=\"section\" data-e-type=\"section\">\n\t\t\t\t\t\t<div class=\"elementor-container elementor-column-gap-default\">\n\t\t\t\t\t<div class=\"elementor-column elementor-col-25 elementor-inner-column elementor-element elementor-element-27c6e49\" data-id=\"27c6e49\" data-element_type=\"column\" data-e-type=\"column\">\n\t\t\t<div class=\"elementor-widget-wrap elementor-element-populated\">\n\t\t\t\t\t\t<div class=\"elementor-element elementor-element-aea15b2 elementor-position-top elementor-widget elementor-widget-image-box\" data-id=\"aea15b2\" data-element_type=\"widget\" data-e-type=\"widget\" data-widget_type=\"image-box.default\">\n\t\t\t\t<div class=\"elementor-widget-container\">\n\t\t\t\t\t<div class=\"elementor-image-box-wrapper\"><figure class=\"elementor-image-box-img\"><img fetchpriority=\"high\" decoding=\"async\" width=\"868\" height=\"642\" src=\"https:\/\/www.sarix.com\/wp-content\/uploads\/2023\/09\/SP02.jpg\" class=\"attachment-full size-full wp-image-1124\" alt=\"\" srcset=\"https:\/\/www.sarix.com\/wp-content\/uploads\/2023\/09\/SP02.jpg 868w, https:\/\/www.sarix.com\/wp-content\/uploads\/2023\/09\/SP02-300x222.jpg 300w, https:\/\/www.sarix.com\/wp-content\/uploads\/2023\/09\/SP02-768x568.jpg 768w\" sizes=\"(max-width: 868px) 100vw, 868px\" \/><\/figure><div class=\"elementor-image-box-content\"><h3 class=\"elementor-image-box-title\">SP02 - Pinza di alimentazione elettrodi manuale ad alta precisione<\/h3><p class=\"elementor-image-box-description\">Risciacquo interno ad alta pressione - Gamma di diametri da \u00d8 0,05 a \u00d8 3,0 mm<\/p><\/div><\/div>\t\t\t\t<\/div>\n\t\t\t\t<\/div>\n\t\t\t\t\t<\/div>\n\t\t<\/div>\n\t\t\t\t<div class=\"elementor-column elementor-col-25 elementor-inner-column elementor-element elementor-element-28c5c94\" data-id=\"28c5c94\" data-element_type=\"column\" data-e-type=\"column\">\n\t\t\t<div class=\"elementor-widget-wrap elementor-element-populated\">\n\t\t\t\t\t\t<div class=\"elementor-element elementor-element-32d3ff6 elementor-position-top elementor-widget elementor-widget-image-box\" data-id=\"32d3ff6\" data-element_type=\"widget\" data-e-type=\"widget\" data-widget_type=\"image-box.default\">\n\t\t\t\t<div class=\"elementor-widget-container\">\n\t\t\t\t\t<div class=\"elementor-image-box-wrapper\"><figure class=\"elementor-image-box-img\"><img decoding=\"async\" width=\"867\" height=\"642\" src=\"https:\/\/www.sarix.com\/wp-content\/uploads\/2023\/09\/SP06.jpg\" class=\"attachment-full size-full wp-image-1123\" alt=\"\" srcset=\"https:\/\/www.sarix.com\/wp-content\/uploads\/2023\/09\/SP06.jpg 867w, https:\/\/www.sarix.com\/wp-content\/uploads\/2023\/09\/SP06-300x222.jpg 300w, https:\/\/www.sarix.com\/wp-content\/uploads\/2023\/09\/SP06-768x569.jpg 768w\" sizes=\"(max-width: 867px) 100vw, 867px\" \/><\/figure><div class=\"elementor-image-box-content\"><h3 class=\"elementor-image-box-title\">SP06 - Pinza di alimentazione automatica degli elettrodi ad alta precisione<\/h3><p class=\"elementor-image-box-description\">Regolazione della corsa - Lavaggio interno ad alta pressione - Gamma di diametri da \u00d8 0,05 a \u00d8 1,5 mm - Fino a \u00d8 0,99 si adatta a un campo di serraggio di 0,04 mm<\/p><\/div><\/div>\t\t\t\t<\/div>\n\t\t\t\t<\/div>\n\t\t\t\t\t<\/div>\n\t\t<\/div>\n\t\t\t\t<div class=\"elementor-column elementor-col-25 elementor-inner-column elementor-element elementor-element-e66b53f\" data-id=\"e66b53f\" data-element_type=\"column\" data-e-type=\"column\">\n\t\t\t<div class=\"elementor-widget-wrap elementor-element-populated\">\n\t\t\t\t\t\t<div class=\"elementor-element elementor-element-6d2d977 elementor-position-top elementor-widget elementor-widget-image-box\" data-id=\"6d2d977\" data-element_type=\"widget\" data-e-type=\"widget\" data-widget_type=\"image-box.default\">\n\t\t\t\t<div class=\"elementor-widget-container\">\n\t\t\t\t\t<div class=\"elementor-image-box-wrapper\"><figure class=\"elementor-image-box-img\"><img decoding=\"async\" width=\"867\" height=\"642\" src=\"https:\/\/www.sarix.com\/wp-content\/uploads\/2023\/09\/SP12.jpg\" class=\"attachment-full size-full wp-image-1122\" alt=\"\" srcset=\"https:\/\/www.sarix.com\/wp-content\/uploads\/2023\/09\/SP12.jpg 867w, https:\/\/www.sarix.com\/wp-content\/uploads\/2023\/09\/SP12-300x222.jpg 300w, https:\/\/www.sarix.com\/wp-content\/uploads\/2023\/09\/SP12-768x569.jpg 768w\" sizes=\"(max-width: 867px) 100vw, 867px\" \/><\/figure><div class=\"elementor-image-box-content\"><h3 class=\"elementor-image-box-title\">SP12 - Pinza di alimentazione automatica a cambio rapido di alta precisione<\/h3><p class=\"elementor-image-box-description\">Regolazione della corsa\/inclinazione - Lavaggio interno ad alta pressione - Gamma di diametri da \u00d8 0,05 a \u00d8 1,5 mm - Fino a \u00d8 0,99 si adatta a un campo di serraggio di 0,04 mm<\/p><\/div><\/div>\t\t\t\t<\/div>\n\t\t\t\t<\/div>\n\t\t\t\t\t<\/div>\n\t\t<\/div>\n\t\t\t\t<div class=\"elementor-column elementor-col-25 elementor-inner-column elementor-element elementor-element-b7f7067\" data-id=\"b7f7067\" data-element_type=\"column\" data-e-type=\"column\">\n\t\t\t<div class=\"elementor-widget-wrap elementor-element-populated\">\n\t\t\t\t\t\t<div class=\"elementor-element elementor-element-a79f58f elementor-position-top elementor-widget elementor-widget-image-box\" data-id=\"a79f58f\" data-element_type=\"widget\" data-e-type=\"widget\" data-widget_type=\"image-box.default\">\n\t\t\t\t<div class=\"elementor-widget-container\">\n\t\t\t\t\t<div class=\"elementor-image-box-wrapper\"><figure class=\"elementor-image-box-img\"><img loading=\"lazy\" decoding=\"async\" width=\"868\" height=\"642\" src=\"https:\/\/www.sarix.com\/wp-content\/uploads\/2023\/09\/SP-MDC.jpg\" class=\"attachment-full size-full wp-image-1121\" alt=\"\" srcset=\"https:\/\/www.sarix.com\/wp-content\/uploads\/2023\/09\/SP-MDC.jpg 868w, https:\/\/www.sarix.com\/wp-content\/uploads\/2023\/09\/SP-MDC-300x222.jpg 300w, https:\/\/www.sarix.com\/wp-content\/uploads\/2023\/09\/SP-MDC-768x568.jpg 768w\" sizes=\"(max-width: 868px) 100vw, 868px\" \/><\/figure><div class=\"elementor-image-box-content\"><h3 class=\"elementor-image-box-title\">SP-MDC - Pinza multi diametro automatica<br><br><\/h3><p class=\"elementor-image-box-description\">Lavaggio interno ad alta pressione - Gamme di diametri da \u00d8 0,2 a 1,0 mm, da \u00d8 0,5 a 1,5 mm e da \u00d8 1,0 a 4,0 mm<\/p><\/div><\/div>\t\t\t\t<\/div>\n\t\t\t\t<\/div>\n\t\t\t\t\t<\/div>\n\t\t<\/div>\n\t\t\t\t\t<\/div>\n\t\t<\/section>\n\t\t\t\t\t<\/div>\n\t\t<\/div>\n\t\t\t\t<div class=\"elementor-column elementor-col-50 elementor-top-column elementor-element elementor-element-e935b9f\" data-id=\"e935b9f\" data-element_type=\"column\" data-e-type=\"column\">\n\t\t\t<div class=\"elementor-widget-wrap\">\n\t\t\t\t\t\t\t<\/div>\n\t\t<\/div>\n\t\t\t\t\t<\/div>\n\t\t<\/section>\n\t\t\t\t<section class=\"elementor-section elementor-top-section elementor-element elementor-element-43ace5c elementor-section-boxed elementor-section-height-default elementor-section-height-default\" data-id=\"43ace5c\" data-element_type=\"section\" data-e-type=\"section\">\n\t\t\t\t\t\t<div class=\"elementor-container elementor-column-gap-default\">\n\t\t\t\t\t<div class=\"elementor-column elementor-col-100 elementor-top-column elementor-element elementor-element-c151770\" data-id=\"c151770\" data-element_type=\"column\" data-e-type=\"column\">\n\t\t\t<div class=\"elementor-widget-wrap elementor-element-populated\">\n\t\t\t\t\t\t<div class=\"elementor-element elementor-element-937d3c2 elementor-widget elementor-widget-shortcode\" data-id=\"937d3c2\" data-element_type=\"widget\" data-e-type=\"widget\" data-widget_type=\"shortcode.default\">\n\t\t\t\t<div class=\"elementor-widget-container\">\n\t\t\t\t\t\t\t<div class=\"elementor-shortcode\"><div data-post-id=\"5940\" class=\"insert-page insert-page-5940 \">\t\t<div data-elementor-type=\"wp-page\" data-elementor-id=\"5940\" class=\"elementor elementor-5940 elementor-1286 elementor-1286\" data-elementor-post-type=\"page\">\n\t\t\t\t\t\t<section class=\"elementor-section elementor-top-section elementor-element elementor-element-e7d6980 elementor-section-boxed elementor-section-height-default elementor-section-height-default\" data-id=\"e7d6980\" data-element_type=\"section\" data-e-type=\"section\">\n\t\t\t\t\t\t<div class=\"elementor-container elementor-column-gap-default\">\n\t\t\t\t\t<div class=\"elementor-column elementor-col-100 elementor-top-column elementor-element elementor-element-5b2bafc\" data-id=\"5b2bafc\" data-element_type=\"column\" data-e-type=\"column\">\n\t\t\t<div class=\"elementor-widget-wrap elementor-element-populated\">\n\t\t\t\t\t\t<div class=\"elementor-element elementor-element-11df506 elementor-widget elementor-widget-text-editor\" data-id=\"11df506\" data-element_type=\"widget\" data-e-type=\"widget\" data-widget_type=\"text-editor.default\">\n\t\t\t\t<div class=\"elementor-widget-container\">\n\t\t\t\t\t\t\t\t\t<b><a href=\"https:\/\/www.sarix.com\/it\/caratteristiche\/rotazioni-del-mandrino-e-del-portaelettrodo\/\">Rotazione del mandrino e del portalelettrodo <\/a><span style=\"color: #e40421;\"> \u2022<\/span> <a href=\"https:\/\/www.sarix.com\/it\/caratteristiche\/pinze-di-serraggio\/\">Pinze di serraggio<\/a><span style=\"color: #e40421;\"> \u2022<\/span> <a href=\"https:\/\/www.sarix.com\/it\/caratteristiche\/caratteristiche-e-dispositivi\/\">Caratteristiche e dispositivi<\/a><\/b>\t\t\t\t\t\t\t\t<\/div>\n\t\t\t\t<\/div>\n\t\t\t\t\t<\/div>\n\t\t<\/div>\n\t\t\t\t\t<\/div>\n\t\t<\/section>\n\t\t\t\t<\/div>\n\t\t<\/div><\/div>\n\t\t\t\t\t\t<\/div>\n\t\t\t\t<\/div>\n\t\t\t\t\t<\/div>\n\t\t<\/div>\n\t\t\t\t\t<\/div>\n\t\t<\/section>\n\t\t\t\t<\/div>\n\t\t","protected":false},"excerpt":{"rendered":"<p>SP02 &#8211; Pinza di alimentazione elettrodi manuale ad alta precisione Risciacquo interno ad alta pressione &#8211; Gamma di diametri da \u00d8 0,05 a \u00d8 3,0 mm SP06 &#8211; Pinza di alimentazione automatica degli elettrodi ad alta precisione Regolazione della corsa &#8211; Lavaggio interno ad alta pressione &#8211; Gamma di diametri da \u00d8 0,05 a \u00d8 [&hellip;]<\/p>\n","protected":false},"author":1,"featured_media":0,"parent":5346,"menu_order":0,"comment_status":"closed","ping_status":"closed","template":"","meta":{"footnotes":""},"categories":[106],"tags":[],"class_list":["post-5291","page","type-page","status-publish","hentry","category-caratteristiche"],"_links":{"self":[{"href":"https:\/\/www.sarix.com\/it\/wp-json\/wp\/v2\/pages\/5291","targetHints":{"allow":["GET"]}}],"collection":[{"href":"https:\/\/www.sarix.com\/it\/wp-json\/wp\/v2\/pages"}],"about":[{"href":"https:\/\/www.sarix.com\/it\/wp-json\/wp\/v2\/types\/page"}],"author":[{"embeddable":true,"href":"https:\/\/www.sarix.com\/it\/wp-json\/wp\/v2\/users\/1"}],"replies":[{"embeddable":true,"href":"https:\/\/www.sarix.com\/it\/wp-json\/wp\/v2\/comments?post=5291"}],"version-history":[{"count":4,"href":"https:\/\/www.sarix.com\/it\/wp-json\/wp\/v2\/pages\/5291\/revisions"}],"predecessor-version":[{"id":6986,"href":"https:\/\/www.sarix.com\/it\/wp-json\/wp\/v2\/pages\/5291\/revisions\/6986"}],"up":[{"embeddable":true,"href":"https:\/\/www.sarix.com\/it\/wp-json\/wp\/v2\/pages\/5346"}],"wp:attachment":[{"href":"https:\/\/www.sarix.com\/it\/wp-json\/wp\/v2\/media?parent=5291"}],"wp:term":[{"taxonomy":"category","embeddable":true,"href":"https:\/\/www.sarix.com\/it\/wp-json\/wp\/v2\/categories?post=5291"},{"taxonomy":"post_tag","embeddable":true,"href":"https:\/\/www.sarix.com\/it\/wp-json\/wp\/v2\/tags?post=5291"}],"curies":[{"name":"wp","href":"https:\/\/api.w.org\/{rel}","templated":true}]}}