{"id":5193,"date":"2023-09-08T21:29:03","date_gmt":"2023-09-08T21:29:03","guid":{"rendered":"https:\/\/www.sarix.com\/machline\/"},"modified":"2024-12-04T17:47:33","modified_gmt":"2024-12-04T17:47:33","slug":"machline","status":"publish","type":"page","link":"https:\/\/www.sarix.com\/it\/macchine\/machline\/","title":{"rendered":"MACHline"},"content":{"rendered":"\t\t<div data-elementor-type=\"wp-page\" data-elementor-id=\"5193\" class=\"elementor elementor-5193 elementor-1462\" data-elementor-post-type=\"page\">\n\t\t\t\t\t\t<section class=\"elementor-section elementor-top-section elementor-element elementor-element-08416cc elementor-section-content-top elementor-section-boxed elementor-section-height-default elementor-section-height-default\" data-id=\"08416cc\" data-element_type=\"section\" data-e-type=\"section\">\n\t\t\t\t\t\t<div class=\"elementor-container elementor-column-gap-no\">\n\t\t\t\t\t<div class=\"elementor-column elementor-col-100 elementor-top-column elementor-element elementor-element-1148295\" data-id=\"1148295\" data-element_type=\"column\" data-e-type=\"column\">\n\t\t\t<div class=\"elementor-widget-wrap elementor-element-populated\">\n\t\t\t\t\t\t<div class=\"elementor-element elementor-element-a82f97b elementor-widget elementor-widget-shortcode\" data-id=\"a82f97b\" data-element_type=\"widget\" data-e-type=\"widget\" data-widget_type=\"shortcode.default\">\n\t\t\t\t<div class=\"elementor-widget-container\">\n\t\t\t\t\t\t\t<div class=\"elementor-shortcode\"><div data-post-id=\"5919\" class=\"insert-page insert-page-5919 \">\t\t<div data-elementor-type=\"wp-page\" data-elementor-id=\"5919\" class=\"elementor elementor-5919 elementor-481 elementor-481\" data-elementor-post-type=\"page\">\n\t\t\t\t\t\t<section class=\"elementor-section elementor-top-section elementor-element elementor-element-4f892fe elementor-section-stretched elementor-hidden-tablet elementor-hidden-mobile elementor-section-boxed elementor-section-height-default elementor-section-height-default\" data-id=\"4f892fe\" data-element_type=\"section\" data-e-type=\"section\" data-settings=\"{&quot;stretch_section&quot;:&quot;section-stretched&quot;}\">\n\t\t\t\t\t\t<div class=\"elementor-container elementor-column-gap-wide\">\n\t\t\t\t\t<div class=\"elementor-column elementor-col-100 elementor-top-column elementor-element elementor-element-8ac3466\" data-id=\"8ac3466\" data-element_type=\"column\" data-e-type=\"column\">\n\t\t\t<div class=\"elementor-widget-wrap elementor-element-populated\">\n\t\t\t\t\t\t<section class=\"elementor-section elementor-inner-section elementor-element elementor-element-7f9cb31 elementor-section-boxed elementor-section-height-default elementor-section-height-default\" data-id=\"7f9cb31\" data-element_type=\"section\" data-e-type=\"section\">\n\t\t\t\t\t\t<div class=\"elementor-container elementor-column-gap-default\">\n\t\t\t\t\t<div class=\"elementor-column elementor-col-14 elementor-inner-column elementor-element elementor-element-0289160\" data-id=\"0289160\" data-element_type=\"column\" data-e-type=\"column\">\n\t\t\t<div class=\"elementor-widget-wrap elementor-element-populated\">\n\t\t\t\t\t\t<div class=\"elementor-element elementor-element-c990430 elementor-invisible elementor-widget elementor-widget-heading\" data-id=\"c990430\" data-element_type=\"widget\" data-e-type=\"widget\" data-settings=\"{&quot;_animation&quot;:&quot;fadeIn&quot;}\" data-widget_type=\"heading.default\">\n\t\t\t\t<div class=\"elementor-widget-container\">\n\t\t\t\t\t<p class=\"elementor-heading-title elementor-size-default\"><a href=\"\/it\/macchine\/nuovo-sx30-pm\/\">SX30 PM<\/a><\/p>\t\t\t\t<\/div>\n\t\t\t\t<\/div>\n\t\t\t\t\t<\/div>\n\t\t<\/div>\n\t\t\t\t<div class=\"elementor-column elementor-col-14 elementor-inner-column elementor-element elementor-element-e33f987\" data-id=\"e33f987\" data-element_type=\"column\" data-e-type=\"column\">\n\t\t\t<div class=\"elementor-widget-wrap elementor-element-populated\">\n\t\t\t\t\t\t<div class=\"elementor-element elementor-element-23880b8 elementor-invisible elementor-widget elementor-widget-heading\" data-id=\"23880b8\" data-element_type=\"widget\" data-e-type=\"widget\" data-settings=\"{&quot;_animation&quot;:&quot;fadeIn&quot;}\" data-widget_type=\"heading.default\">\n\t\t\t\t<div class=\"elementor-widget-container\">\n\t\t\t\t\t<p class=\"elementor-heading-title elementor-size-default\"><a href=\"\/it\/macchine\/sx80-hpm\/\">SX80 HPM<\/a><\/p>\t\t\t\t<\/div>\n\t\t\t\t<\/div>\n\t\t\t\t\t<\/div>\n\t\t<\/div>\n\t\t\t\t<div class=\"elementor-column elementor-col-14 elementor-inner-column elementor-element elementor-element-8b64710\" data-id=\"8b64710\" data-element_type=\"column\" data-e-type=\"column\">\n\t\t\t<div class=\"elementor-widget-wrap elementor-element-populated\">\n\t\t\t\t\t\t<div class=\"elementor-element elementor-element-f0f7d44 elementor-invisible elementor-widget elementor-widget-heading\" data-id=\"f0f7d44\" data-element_type=\"widget\" data-e-type=\"widget\" data-settings=\"{&quot;_animation&quot;:&quot;fadeIn&quot;}\" data-widget_type=\"heading.default\">\n\t\t\t\t<div class=\"elementor-widget-container\">\n\t\t\t\t\t<p class=\"elementor-heading-title elementor-size-default\"><a href=\"\/it\/macchine\/sx100-hpm\/\">SX100 HPM<\/a><\/p>\t\t\t\t<\/div>\n\t\t\t\t<\/div>\n\t\t\t\t\t<\/div>\n\t\t<\/div>\n\t\t\t\t<div class=\"elementor-column elementor-col-14 elementor-inner-column elementor-element elementor-element-0e4dead\" data-id=\"0e4dead\" data-element_type=\"column\" data-e-type=\"column\">\n\t\t\t<div class=\"elementor-widget-wrap elementor-element-populated\">\n\t\t\t\t\t\t<div class=\"elementor-element elementor-element-6423ff2 elementor-invisible elementor-widget elementor-widget-heading\" data-id=\"6423ff2\" data-element_type=\"widget\" data-e-type=\"widget\" data-settings=\"{&quot;_animation&quot;:&quot;fadeIn&quot;}\" data-widget_type=\"heading.default\">\n\t\t\t\t<div class=\"elementor-widget-container\">\n\t\t\t\t\t<p class=\"elementor-heading-title elementor-size-default\"><a href=\"https:\/\/www.sarix.com\/it\/macchine\/sx200-hpm\/\">SX200 HPM<\/a><\/p>\t\t\t\t<\/div>\n\t\t\t\t<\/div>\n\t\t\t\t\t<\/div>\n\t\t<\/div>\n\t\t\t\t<div class=\"elementor-column elementor-col-14 elementor-inner-column elementor-element elementor-element-0588ef0\" data-id=\"0588ef0\" data-element_type=\"column\" data-e-type=\"column\">\n\t\t\t<div class=\"elementor-widget-wrap elementor-element-populated\">\n\t\t\t\t\t\t<div class=\"elementor-element elementor-element-180d720 elementor-invisible elementor-widget elementor-widget-heading\" data-id=\"180d720\" data-element_type=\"widget\" data-e-type=\"widget\" data-settings=\"{&quot;_animation&quot;:&quot;fadeIn&quot;}\" data-widget_type=\"heading.default\">\n\t\t\t\t<div class=\"elementor-widget-container\">\n\t\t\t\t\t<p class=\"elementor-heading-title elementor-size-default\"><a href=\"https:\/\/www.sarix.com\/it\/macchine\/sx200-aero\/\">SX200 AERO<\/a><\/p>\t\t\t\t<\/div>\n\t\t\t\t<\/div>\n\t\t\t\t\t<\/div>\n\t\t<\/div>\n\t\t\t\t<div class=\"elementor-column elementor-col-14 elementor-inner-column elementor-element elementor-element-e701db0\" data-id=\"e701db0\" data-element_type=\"column\" data-e-type=\"column\">\n\t\t\t<div class=\"elementor-widget-wrap elementor-element-populated\">\n\t\t\t\t\t\t<div class=\"elementor-element elementor-element-fad1389 elementor-invisible elementor-widget elementor-widget-heading\" data-id=\"fad1389\" data-element_type=\"widget\" data-e-type=\"widget\" data-settings=\"{&quot;_animation&quot;:&quot;fadeIn&quot;}\" data-widget_type=\"heading.default\">\n\t\t\t\t<div class=\"elementor-widget-container\">\n\t\t\t\t\t<p class=\"elementor-heading-title elementor-size-default\"><a href=\"https:\/\/www.sarix.com\/it\/macchine\/sx200l\/\">SX200L<\/a><\/p>\t\t\t\t<\/div>\n\t\t\t\t<\/div>\n\t\t\t\t\t<\/div>\n\t\t<\/div>\n\t\t\t\t<div class=\"elementor-column elementor-col-14 elementor-inner-column elementor-element elementor-element-6efd050\" data-id=\"6efd050\" data-element_type=\"column\" data-e-type=\"column\">\n\t\t\t<div class=\"elementor-widget-wrap elementor-element-populated\">\n\t\t\t\t\t\t<div class=\"elementor-element elementor-element-0265d25 elementor-invisible elementor-widget elementor-widget-heading\" data-id=\"0265d25\" data-element_type=\"widget\" data-e-type=\"widget\" data-settings=\"{&quot;_animation&quot;:&quot;fadeIn&quot;}\" data-widget_type=\"heading.default\">\n\t\t\t\t<div class=\"elementor-widget-container\">\n\t\t\t\t\t<p class=\"elementor-heading-title elementor-size-default\"><a href=\"https:\/\/www.sarix.com\/it\/macchine\/machline\/\">MACHLine<\/a><\/p>\t\t\t\t<\/div>\n\t\t\t\t<\/div>\n\t\t\t\t\t<\/div>\n\t\t<\/div>\n\t\t\t\t\t<\/div>\n\t\t<\/section>\n\t\t\t\t\t<\/div>\n\t\t<\/div>\n\t\t\t\t\t<\/div>\n\t\t<\/section>\n\t\t\t\t<\/div>\n\t\t<\/div><\/div>\n\t\t\t\t\t\t<\/div>\n\t\t\t\t<\/div>\n\t\t\t\t\t<\/div>\n\t\t<\/div>\n\t\t\t\t\t<\/div>\n\t\t<\/section>\n\t\t\t\t<section class=\"elementor-section elementor-top-section elementor-element elementor-element-643a1f22 elementor-section-full_width elementor-section-height-default elementor-section-height-default\" data-id=\"643a1f22\" data-element_type=\"section\" data-e-type=\"section\">\n\t\t\t\t\t\t<div class=\"elementor-container elementor-column-gap-default\">\n\t\t\t\t\t<div class=\"elementor-column elementor-col-100 elementor-top-column elementor-element elementor-element-1ac9825b\" data-id=\"1ac9825b\" data-element_type=\"column\" data-e-type=\"column\">\n\t\t\t<div class=\"elementor-widget-wrap elementor-element-populated\">\n\t\t\t\t\t\t<section class=\"elementor-section elementor-inner-section elementor-element elementor-element-47673733 elementor-section-full_width elementor-section-height-default elementor-section-height-default\" data-id=\"47673733\" data-element_type=\"section\" data-e-type=\"section\">\n\t\t\t\t\t\t<div class=\"elementor-container elementor-column-gap-default\">\n\t\t\t\t\t<div class=\"elementor-column elementor-col-33 elementor-inner-column elementor-element elementor-element-3a408f9a\" data-id=\"3a408f9a\" data-element_type=\"column\" data-e-type=\"column\">\n\t\t\t<div class=\"elementor-widget-wrap elementor-element-populated\">\n\t\t\t\t\t\t<div class=\"elementor-element elementor-element-6fae0c41 elementor-invisible elementor-widget elementor-widget-image\" data-id=\"6fae0c41\" data-element_type=\"widget\" data-e-type=\"widget\" data-settings=\"{&quot;_animation&quot;:&quot;fadeIn&quot;}\" data-widget_type=\"image.default\">\n\t\t\t\t<div class=\"elementor-widget-container\">\n\t\t\t\t\t\t\t\t\t\t\t\t\t\t\t<img fetchpriority=\"high\" decoding=\"async\" width=\"640\" height=\"640\" src=\"https:\/\/www.sarix.com\/wp-content\/uploads\/2023\/09\/MACHLine-Aero-1024x1024.png\" class=\"attachment-large size-large wp-image-3986\" alt=\"\" srcset=\"https:\/\/www.sarix.com\/wp-content\/uploads\/2023\/09\/MACHLine-Aero-1024x1024.png 1024w, https:\/\/www.sarix.com\/wp-content\/uploads\/2023\/09\/MACHLine-Aero-300x300.png 300w, https:\/\/www.sarix.com\/wp-content\/uploads\/2023\/09\/MACHLine-Aero-150x150.png 150w, https:\/\/www.sarix.com\/wp-content\/uploads\/2023\/09\/MACHLine-Aero-768x768.png 768w, https:\/\/www.sarix.com\/wp-content\/uploads\/2023\/09\/MACHLine-Aero-100x100.png 100w, https:\/\/www.sarix.com\/wp-content\/uploads\/2023\/09\/MACHLine-Aero.png 1500w\" sizes=\"(max-width: 640px) 100vw, 640px\" \/>\t\t\t\t\t\t\t\t\t\t\t\t\t\t\t<\/div>\n\t\t\t\t<\/div>\n\t\t\t\t\t<\/div>\n\t\t<\/div>\n\t\t\t\t<div class=\"elementor-column elementor-col-33 elementor-inner-column elementor-element elementor-element-49c0f0f\" data-id=\"49c0f0f\" data-element_type=\"column\" data-e-type=\"column\">\n\t\t\t<div class=\"elementor-widget-wrap\">\n\t\t\t\t\t\t\t<\/div>\n\t\t<\/div>\n\t\t\t\t<div class=\"elementor-column elementor-col-33 elementor-inner-column elementor-element elementor-element-d5274d7\" data-id=\"d5274d7\" data-element_type=\"column\" data-e-type=\"column\">\n\t\t\t<div class=\"elementor-widget-wrap elementor-element-populated\">\n\t\t\t\t\t\t<div class=\"elementor-element elementor-element-8d1a003 elementor-invisible elementor-widget elementor-widget-heading\" data-id=\"8d1a003\" data-element_type=\"widget\" data-e-type=\"widget\" data-settings=\"{&quot;_animation&quot;:&quot;fadeIn&quot;}\" data-widget_type=\"heading.default\">\n\t\t\t\t<div class=\"elementor-widget-container\">\n\t\t\t\t\t<h4 class=\"elementor-heading-title elementor-size-default\">VERSATILIT\u00c0 DEL PROCESSO<\/h4>\t\t\t\t<\/div>\n\t\t\t\t<\/div>\n\t\t\t\t<div class=\"elementor-element elementor-element-c04eb53 elementor-invisible elementor-widget elementor-widget-heading\" data-id=\"c04eb53\" data-element_type=\"widget\" data-e-type=\"widget\" data-settings=\"{&quot;_animation&quot;:&quot;fadeIn&quot;}\" data-widget_type=\"heading.default\">\n\t\t\t\t<div class=\"elementor-widget-container\">\n\t\t\t\t\t<h2 class=\"elementor-heading-title elementor-size-default\">MACHline<\/h2>\t\t\t\t<\/div>\n\t\t\t\t<\/div>\n\t\t\t\t<div class=\"elementor-element elementor-element-e5b8095 elementor-invisible elementor-widget elementor-widget-heading\" data-id=\"e5b8095\" data-element_type=\"widget\" data-e-type=\"widget\" data-settings=\"{&quot;_animation&quot;:&quot;fadeIn&quot;}\" data-widget_type=\"heading.default\">\n\t\t\t\t<div class=\"elementor-widget-container\">\n\t\t\t\t\t<h4 class=\"elementor-heading-title elementor-size-default\">Centro di lavoro per micro-erosione MACHLine<\/h4>\t\t\t\t<\/div>\n\t\t\t\t<\/div>\n\t\t\t\t<div class=\"elementor-element elementor-element-c48189c elementor-invisible elementor-widget elementor-widget-text-editor\" data-id=\"c48189c\" data-element_type=\"widget\" data-e-type=\"widget\" data-settings=\"{&quot;_animation&quot;:&quot;fadeIn&quot;}\" data-widget_type=\"text-editor.default\">\n\t\t\t\t<div class=\"elementor-widget-container\">\n\t\t\t\t\t\t\t\t\t<ul>\n<li><strong>Combinazione di lavorazione a doppio asse<\/strong><\/li>\n<li><strong>Foratura con micro-erosione<\/strong><\/li>\n<li><strong>Micro elettroerosione a tuffo<\/strong><\/li>\n<li><strong>Elettroerosione a filo Rettifica dell&#8217;elettrodo<\/strong><\/li>\n<li><strong>Fresatura con micro-erosione 3D<\/strong><\/li>\n<li><strong>Misurazione 3D del cannocchiale<\/strong><\/li>\n<li><strong>Micro ablazione laser<\/strong><\/li>\n<\/ul>\n\t\t\t\t\t\t\t\t<\/div>\n\t\t\t\t<\/div>\n\t\t\t\t<div class=\"elementor-element elementor-element-a9c2d31 elementor-invisible elementor-widget elementor-widget-text-editor\" data-id=\"a9c2d31\" data-element_type=\"widget\" data-e-type=\"widget\" data-settings=\"{&quot;_animation&quot;:&quot;fadeIn&quot;}\" data-widget_type=\"text-editor.default\">\n\t\t\t\t<div class=\"elementor-widget-container\">\n\t\t\t\t\t\t\t\t\t<p><strong>ASSE DI TRASPORTO: <strong style=\"font-size: 1em; color: var( --e-global-color-text );\">X=850 Y=500 Z=100 W=480 L(Z2) = 100 (mm)<\/strong><\/strong><\/p>\n<p><strong>PRECISIONE DI POSIZIONAMENTO:  <br \/>\u00b1 5,0 \u00b5m, risoluzione = 0,1 \u00b5m  <\/strong><\/p>\n<p><strong>VELOCIT\u00c0 DI AVANZAMENTO DEGLI ASSI: Asse lineare 1200 mm\/min<\/strong><\/p>\n\t\t\t\t\t\t\t\t<\/div>\n\t\t\t\t<\/div>\n\t\t\t\t\t<\/div>\n\t\t<\/div>\n\t\t\t\t\t<\/div>\n\t\t<\/section>\n\t\t\t\t<section class=\"elementor-section elementor-inner-section elementor-element elementor-element-3649e5a elementor-section-boxed elementor-section-height-default elementor-section-height-default\" data-id=\"3649e5a\" data-element_type=\"section\" data-e-type=\"section\">\n\t\t\t\t\t\t<div class=\"elementor-container elementor-column-gap-default\">\n\t\t\t\t\t<div class=\"elementor-column elementor-col-33 elementor-inner-column elementor-element elementor-element-5071971\" data-id=\"5071971\" data-element_type=\"column\" data-e-type=\"column\">\n\t\t\t<div class=\"elementor-widget-wrap elementor-element-populated\">\n\t\t\t\t\t\t<div class=\"elementor-element elementor-element-ff67d45 elementor-invisible elementor-widget elementor-widget-text-editor\" data-id=\"ff67d45\" data-element_type=\"widget\" data-e-type=\"widget\" data-settings=\"{&quot;_animation&quot;:&quot;fadeIn&quot;}\" data-widget_type=\"text-editor.default\">\n\t\t\t\t<div class=\"elementor-widget-container\">\n\t\t\t\t\t\t\t\t\t<ul>\n<li>Fresatura a 5 assi<\/li>\n<li>Il nucleo di microerosione con un massimo di 2 teste di processo \u00e8 posizionato mediante l&#8217;asse U-V di base.<\/li>\n<li>Mandrino di alimentazione automatica degli elettrodi con funzione di indicizzazione C<\/li>\n<li>Dispositivo di rettifica degli elettrodi per elettrodi a filo per microelettrodi rotondi e di forma complessa (misurazione laser dell&#8217;elettrodo come opzione)<\/li>\n<li>Programmazione del modello 3D con il pacchetto software CAM di fresatura SX-3D<\/li>\n<\/ul>\n\t\t\t\t\t\t\t\t<\/div>\n\t\t\t\t<\/div>\n\t\t\t\t\t<\/div>\n\t\t<\/div>\n\t\t\t\t<div class=\"elementor-column elementor-col-33 elementor-inner-column elementor-element elementor-element-6a21a58\" data-id=\"6a21a58\" data-element_type=\"column\" data-e-type=\"column\">\n\t\t\t<div class=\"elementor-widget-wrap elementor-element-populated\">\n\t\t\t\t\t\t<div class=\"elementor-element elementor-element-418239f elementor-invisible elementor-widget elementor-widget-text-editor\" data-id=\"418239f\" data-element_type=\"widget\" data-e-type=\"widget\" data-settings=\"{&quot;_animation&quot;:&quot;fadeIn&quot;}\" data-widget_type=\"text-editor.default\">\n\t\t\t\t<div class=\"elementor-widget-container\">\n\t\t\t\t\t\t\t\t\t<p><strong>INNOVAZIONE<\/strong><br \/>SARIX mantiene il suo impegno per una continua innovazione della tecnologia della micro-erosione con l&#8217;introduzione dei nuovi centri di lavoro MACHLine. La MACHLine \u00e8 una famiglia di centri di lavoro per micro-erosione e contiene una combinazione unica di capacit\u00e0 di lavorazione ad alta precisione per la lavorazione di strutture complesse 3D.<br \/>La possibilit\u00e0 di combinare pi\u00f9 processi di lavorazione \u00e8 un&#8217;altra caratteristica unica della serie MACHLine.<\/p>\n<p><b>TECNOLOGIA<\/b><br \/>Il costante sviluppo della tecnologia SARIX Micro EDM ha orientato il design innovativo dell&#8217;asse EDM della serie MACHLine. Tutti gli assi dell&#8217;elettroerosione sono concentrati in un&#8217;unit\u00e0 centrale, un modulo X-Y-Z leggero, molto preciso e con un&#8217;elevata dinamica. L&#8217;asse di posizionamento grande U, V, W applica la precisione della microlavorazione a pezzi pi\u00f9 grandi. SARIX ha anche migliorato la sua tecnologia di perforazione pi\u00f9 profonda con dispositivi che ora possono praticare fori da 100 micron con tolleranze rigorose, in carburo di tungsteno fino a 15 mm.<\/p>\n<p><strong>VERSATILIT\u00c0 DEL PROCESSO<\/strong><br \/>Il modulo centrale dell&#8217;elettroerosione \u00e8 dotato di due assi Z che possono essere dotati di unit\u00e0 di processo indipendenti: la capacit\u00e0 Twin Axis. Il cliente pu\u00f2 scegliere la migliore configurazione della testa per ottenere le massime prestazioni. Il sistema Twin Axis pu\u00f2 accettare, ad esempio, un mandrino di sgrossatura e uno di finitura per micro-erosione. In un&#8217;altra configurazione, una testa di micro-erosione e l&#8217;unit\u00e0 di misura 3D Scope consentono di misurare il pezzo in lavorazione senza smontare il pezzo.<br \/>La combinazione di processi sull&#8217;unit\u00e0 a doppio asse pu\u00f2 essere estesa anche a processi complementari come la micro-erosione e la micro-ablazione laser, come proposto da SARIX per l&#8217;industria aeronautica e delle turbine a gas per i componenti rivestiti in ceramica &#8230;<\/p>\n<p><strong>PRODUTTIVIT\u00c0<\/strong><br \/>Tutte le caratteristiche dei modelli MACHLine sono ottimizzate per la produttivit\u00e0. L&#8217;unit\u00e0 di cambio utensile opzionale carica automaticamente elettrodi di diametro diverso.<br \/>La nuova pinza multidiametro pu\u00f2 cambiare il diametro di lavoro e mantiene le condizioni di lavaggio ottimali per ogni diametro.<br \/>Gli ampi spostamenti degli assi U, V e W consentono di lavorare pezzi di grandi dimensioni o di caricare pi\u00f9 pallet di pezzi. Nel modello MACH Milling la macchina dispone della combinazione del dispositivo di rettifica per elettroerosione a filo, l&#8217;SX-Arianne per la sagomatura dei microelettrodi.<\/p>\n\t\t\t\t\t\t\t\t<\/div>\n\t\t\t\t<\/div>\n\t\t\t\t\t<\/div>\n\t\t<\/div>\n\t\t\t\t<div class=\"elementor-column elementor-col-33 elementor-inner-column elementor-element elementor-element-0fd0615\" data-id=\"0fd0615\" data-element_type=\"column\" data-e-type=\"column\">\n\t\t\t<div class=\"elementor-widget-wrap elementor-element-populated\">\n\t\t\t\t\t\t<div class=\"elementor-element elementor-element-c852086 elementor-widget__width-initial elementor-position-top elementor-widget elementor-widget-image-box\" data-id=\"c852086\" data-element_type=\"widget\" data-e-type=\"widget\" data-widget_type=\"image-box.default\">\n\t\t\t\t<div class=\"elementor-widget-container\">\n\t\t\t\t\t<div class=\"elementor-image-box-wrapper\"><figure class=\"elementor-image-box-img\"><a href=\"http:\/\/www.sarix.com\/wp-content\/uploads\/2023\/10\/SARIX-Flyer-A3_8pg-ITA-lw.pdf\" target=\"_blank\" tabindex=\"-1\"><img decoding=\"async\" width=\"500\" height=\"707\" src=\"https:\/\/www.sarix.com\/wp-content\/uploads\/2023\/09\/SARIX-Products2023_EN.jpg\" class=\"attachment-full size-full wp-image-3147\" alt=\"\" srcset=\"https:\/\/www.sarix.com\/wp-content\/uploads\/2023\/09\/SARIX-Products2023_EN.jpg 500w, https:\/\/www.sarix.com\/wp-content\/uploads\/2023\/09\/SARIX-Products2023_EN-212x300.jpg 212w\" sizes=\"(max-width: 500px) 100vw, 500px\" \/><\/a><\/figure><div class=\"elementor-image-box-content\"><p class=\"elementor-image-box-description\">Scarica il nostro NUOVO volantino<\/p><\/div><\/div>\t\t\t\t<\/div>\n\t\t\t\t<\/div>\n\t\t\t\t\t<\/div>\n\t\t<\/div>\n\t\t\t\t\t<\/div>\n\t\t<\/section>\n\t\t\t\t\t<\/div>\n\t\t<\/div>\n\t\t\t\t\t<\/div>\n\t\t<\/section>\n\t\t\t\t<section class=\"elementor-section elementor-top-section elementor-element elementor-element-a76e04d elementor-section-boxed elementor-section-height-default elementor-section-height-default\" data-id=\"a76e04d\" data-element_type=\"section\" data-e-type=\"section\">\n\t\t\t\t\t\t<div class=\"elementor-container elementor-column-gap-default\">\n\t\t\t\t\t<div class=\"elementor-column elementor-col-100 elementor-top-column elementor-element elementor-element-75fa13e\" data-id=\"75fa13e\" data-element_type=\"column\" data-e-type=\"column\">\n\t\t\t<div class=\"elementor-widget-wrap\">\n\t\t\t\t\t\t\t<\/div>\n\t\t<\/div>\n\t\t\t\t\t<\/div>\n\t\t<\/section>\n\t\t\t\t<\/div>\n\t\t","protected":false},"excerpt":{"rendered":"<p>VERSATILIT\u00c0 DEL PROCESSO MACHline Centro di lavoro per micro-erosione MACHLine Combinazione di lavorazione a doppio asse Foratura con micro-erosione Micro elettroerosione a tuffo Elettroerosione a filo Rettifica dell&#8217;elettrodo Fresatura con micro-erosione 3D Misurazione 3D del cannocchiale Micro ablazione laser ASSE DI TRASPORTO: X=850 Y=500 Z=100 W=480 L(Z2) = 100 (mm) PRECISIONE DI POSIZIONAMENTO: \u00b1 5,0 [&hellip;]<\/p>\n","protected":false},"author":1,"featured_media":4011,"parent":5416,"menu_order":0,"comment_status":"closed","ping_status":"closed","template":"","meta":{"footnotes":""},"categories":[10],"tags":[],"class_list":["post-5193","page","type-page","status-publish","has-post-thumbnail","hentry","category-products"],"_links":{"self":[{"href":"https:\/\/www.sarix.com\/it\/wp-json\/wp\/v2\/pages\/5193","targetHints":{"allow":["GET"]}}],"collection":[{"href":"https:\/\/www.sarix.com\/it\/wp-json\/wp\/v2\/pages"}],"about":[{"href":"https:\/\/www.sarix.com\/it\/wp-json\/wp\/v2\/types\/page"}],"author":[{"embeddable":true,"href":"https:\/\/www.sarix.com\/it\/wp-json\/wp\/v2\/users\/1"}],"replies":[{"embeddable":true,"href":"https:\/\/www.sarix.com\/it\/wp-json\/wp\/v2\/comments?post=5193"}],"version-history":[{"count":11,"href":"https:\/\/www.sarix.com\/it\/wp-json\/wp\/v2\/pages\/5193\/revisions"}],"predecessor-version":[{"id":12136,"href":"https:\/\/www.sarix.com\/it\/wp-json\/wp\/v2\/pages\/5193\/revisions\/12136"}],"up":[{"embeddable":true,"href":"https:\/\/www.sarix.com\/it\/wp-json\/wp\/v2\/pages\/5416"}],"wp:featuredmedia":[{"embeddable":true,"href":"https:\/\/www.sarix.com\/it\/wp-json\/wp\/v2\/media\/4011"}],"wp:attachment":[{"href":"https:\/\/www.sarix.com\/it\/wp-json\/wp\/v2\/media?parent=5193"}],"wp:term":[{"taxonomy":"category","embeddable":true,"href":"https:\/\/www.sarix.com\/it\/wp-json\/wp\/v2\/categories?post=5193"},{"taxonomy":"post_tag","embeddable":true,"href":"https:\/\/www.sarix.com\/it\/wp-json\/wp\/v2\/tags?post=5193"}],"curies":[{"name":"wp","href":"https:\/\/api.w.org\/{rel}","templated":true}]}}