{"id":11265,"date":"2023-08-01T07:31:28","date_gmt":"2023-08-01T07:31:28","guid":{"rendered":"https:\/\/www.sarix.com\/informativa-sulla-privacy\/"},"modified":"2024-09-28T07:41:41","modified_gmt":"2024-09-28T07:41:41","slug":"informativa-sulla-privacy","status":"publish","type":"page","link":"https:\/\/www.sarix.com\/it\/informativa-sulla-privacy\/","title":{"rendered":"Informativa sulla privacy"},"content":{"rendered":"\t\t<div data-elementor-type=\"wp-page\" data-elementor-id=\"11265\" class=\"elementor elementor-11265 elementor-3\" data-elementor-post-type=\"page\">\n\t\t\t\t\t\t<section class=\"elementor-section elementor-top-section elementor-element elementor-element-7ab58553 elementor-section-boxed elementor-section-height-default elementor-section-height-default\" data-id=\"7ab58553\" data-element_type=\"section\" data-e-type=\"section\">\n\t\t\t\t\t\t<div class=\"elementor-container elementor-column-gap-default\">\n\t\t\t\t\t<div class=\"elementor-column elementor-col-100 elementor-top-column elementor-element elementor-element-4e69e705\" data-id=\"4e69e705\" data-element_type=\"column\" data-e-type=\"column\">\n\t\t\t<div class=\"elementor-widget-wrap elementor-element-populated\">\n\t\t\t\t\t\t<div class=\"elementor-element elementor-element-6e504a0d elementor-widget__width-initial elementor-widget elementor-widget-text-editor\" data-id=\"6e504a0d\" data-element_type=\"widget\" data-e-type=\"widget\" data-widget_type=\"text-editor.default\">\n\t\t\t\t<div class=\"elementor-widget-container\">\n\t\t\t\t\t\t\t\t\t<p><\/p>\n<p style=\"margin-bottom: 11.25pt; line-height: normal; mso-outline-level: 1;\"><b><span lang=\"EN-US\" style=\"font-size: 27pt; font-family: Arial, sans-serif;\">Informativa sulla privacy<\/span><\/b><\/p>\n<p style=\"margin: 9pt 0cm; background-image: initial; background-position: initial; background-size: initial; background-repeat: initial; background-attachment: initial; background-origin: initial; background-clip: initial;\"><b><span lang=\"EN-US\" style=\"font-size: 18pt; font-family: Arial, sans-serif;\">Chi siamo<\/span><\/b><\/p>\n<h5 style=\"margin-bottom: 12pt; line-height: normal; background-image: initial; background-position: initial; background-size: initial; background-repeat: initial; background-attachment: initial; background-origin: initial; background-clip: initial;\"><span lang=\"EN-US\" style=\"font-size: 12.0pt; font-family: 'Segoe UI',sans-serif; mso-fareast-font-family: 'Times New Roman'; color: #4d4d4d; mso-fareast-language: IT-CH; mso-bidi-font-weight: bold;\"><span style=\"font-weight: normal;\">SARIX SA&nbsp; (denominata &#8220;SARIX&#8221;), costituita in Svizzera con UID &nbsp;CHE-107.548.469, si dedica alla salvaguardia<br><\/span><\/span><span lang=\"EN-US\" style=\"font-size: 12.0pt; font-family: 'Segoe UI',sans-serif; mso-fareast-font-family: 'Times New Roman'; color: #4d4d4d; mso-fareast-language: IT-CH; mso-bidi-font-weight: bold;\"><span style=\"font-weight: normal;\">la tua privacy e la protezione dei tuoi dati personali.&nbsp;<br><\/span><\/span><span lang=\"EN-US\" style=\"font-size: 12.0pt; font-family: 'Segoe UI',sans-serif; mso-fareast-font-family: 'Times New Roman'; color: #4d4d4d; mso-fareast-language: IT-CH; mso-bidi-font-weight: bold;\"><span style=\"font-weight: normal;\">La presente Informativa sulla privacy illustra il modo in cui gestiamo e utilizziamo i dati personali raccolti dall&#8217;utente attraverso i nostri siti web<br><\/span><\/span><span lang=\"EN-US\" style=\"font-size: 12.0pt; font-family: 'Segoe UI',sans-serif; mso-fareast-font-family: 'Times New Roman'; color: #4d4d4d; mso-fareast-language: IT-CH; mso-bidi-font-weight: bold;\"><span style=\"font-weight: normal;\">e applicazioni o qualsiasi altra iniziativa di SARIX che comporti la raccolta di dati personali.<\/span><\/span><\/h5>\n<p style=\"margin: 9pt 0cm; background-image: initial; background-position: initial; background-size: initial; background-repeat: initial; background-attachment: initial; background-origin: initial; background-clip: initial;\"><b><span lang=\"EN-US\" style=\"font-size: 18pt; font-family: Arial, sans-serif;\"><br><\/span><\/b><\/p>\n<p style=\"margin: 9pt 0cm; background-image: initial; background-position: initial; background-size: initial; background-repeat: initial; background-attachment: initial; background-origin: initial; background-clip: initial;\"><b><span lang=\"EN-US\" style=\"font-size: 18pt; font-family: Arial, sans-serif;\">Tipi di dati personali raccolti<\/span><\/b><\/p>\n<h5 style=\"margin-bottom: 12pt; line-height: normal; background-image: initial; background-position: initial; background-size: initial; background-repeat: initial; background-attachment: initial; background-origin: initial; background-clip: initial;\"><span lang=\"EN-US\" style=\"font-size: 12.0pt; font-family: 'Segoe UI',sans-serif; mso-fareast-font-family: 'Times New Roman'; color: #4d4d4d; mso-fareast-language: IT-CH; mso-bidi-font-weight: bold;\"><span style=\"font-weight: normal;\">I &#8220;Dati personali&#8221; comprendono informazioni relative all&#8217;utente o che possono essere collegate all&#8217;utente.<br><\/span><\/span><span lang=\"EN-US\" style=\"font-size: 12.0pt; font-family: 'Segoe UI',sans-serif; mso-fareast-font-family: 'Times New Roman'; color: #4d4d4d; mso-fareast-language: IT-CH; mso-bidi-font-weight: bold;\"><span style=\"font-weight: normal;\">I dati personali che raccogliamo possono includere: nome completo, indirizzo postale, e-mail, indirizzo, numeri di telefono e fax,&nbsp;<br><\/span><\/span><span lang=\"EN-US\" style=\"font-size: 12.0pt; font-family: 'Segoe UI',sans-serif; mso-fareast-font-family: 'Times New Roman'; color: #4d4d4d; mso-fareast-language: IT-CH; mso-bidi-font-weight: bold;\"><span style=\"font-weight: normal;\">Nome dell&#8217;azienda, struttura aziendale, titolo professionale, affiliazioni commerciali e qualsiasi altra informazione fornita dall&#8217;utente.<\/span><\/span><\/h5>\n<p style=\"margin: 9pt 0cm; background-image: initial; background-position: initial; background-size: initial; background-repeat: initial; background-attachment: initial; background-origin: initial; background-clip: initial;\"><b><span lang=\"EN-US\" style=\"font-size: 18pt; font-family: Arial, sans-serif;\"><br><\/span><\/b><\/p>\n<p style=\"margin: 9pt 0cm; background-image: initial; background-position: initial; background-size: initial; background-repeat: initial; background-attachment: initial; background-origin: initial; background-clip: initial;\"><b><span lang=\"EN-US\" style=\"font-size: 18pt; font-family: Arial, sans-serif;\">Raccolta dei dati personali<\/span><\/b><\/p>\n<h5 style=\"margin-bottom: 12pt; line-height: normal; background-image: initial; background-position: initial; background-size: initial; background-repeat: initial; background-attachment: initial; background-origin: initial; background-clip: initial;\"><span lang=\"EN-US\" style=\"font-size: 12.0pt; font-family: 'Segoe UI',sans-serif; mso-fareast-font-family: 'Times New Roman'; color: #4d4d4d; mso-fareast-language: IT-CH; mso-bidi-font-weight: bold;\"><span style=\"font-weight: normal;\">Raccogliamo dati personali quando l&#8217;utente comunica volontariamente con noi tramite e-mail o altri canali.&nbsp;<br><\/span><\/span><span lang=\"EN-US\" style=\"font-size: 12.0pt; font-family: 'Segoe UI',sans-serif; mso-fareast-font-family: 'Times New Roman'; color: #4d4d4d; mso-fareast-language: IT-CH; mso-bidi-font-weight: bold;\"><span style=\"font-weight: normal;\">Ad esempio, quando l&#8217;utente si iscrive a newsletter o richiede materiale di marketing, quando si registra a eventi,&nbsp;<br><\/span><\/span><span lang=\"EN-US\" style=\"font-size: 12.0pt; font-family: 'Segoe UI',sans-serif; mso-fareast-font-family: 'Times New Roman'; color: #4d4d4d; mso-fareast-language: IT-CH; mso-bidi-font-weight: bold;\"><span style=\"font-weight: normal;\">incontri, mostre o altre iniziative organizzate da SARIX o in occasione dell&#8217;invio di moduli, richieste o candidature.<br><\/span><\/span><span lang=\"EN-US\" style=\"font-size: 12.0pt; font-family: 'Segoe UI',sans-serif; mso-fareast-font-family: 'Times New Roman'; color: #4d4d4d; mso-fareast-language: IT-CH; mso-bidi-font-weight: bold;\"><span style=\"font-weight: normal;\">In alcuni casi, possiamo integrare i tuoi dati personali con informazioni ottenute da fonti pubblicamente disponibili&nbsp;<br><\/span><\/span><span lang=\"EN-US\" style=\"font-size: 12.0pt; font-family: 'Segoe UI',sans-serif; mso-fareast-font-family: 'Times New Roman'; color: #4d4d4d; mso-fareast-language: IT-CH; mso-bidi-font-weight: bold;\"><span style=\"font-weight: normal;\">come i motori di ricerca, i social media e il sito web del tuo datore di lavoro.<\/span><\/span><\/h5><div><span lang=\"EN-US\" style=\"font-size: 12.0pt; font-family: 'Segoe UI',sans-serif; mso-fareast-font-family: 'Times New Roman'; color: #4d4d4d; mso-fareast-language: IT-CH; mso-bidi-font-weight: bold;\"><span style=\"font-weight: normal;\"><br><\/span><\/span><\/div>\n<p><\/p>\t\t\t\t\t\t\t\t<\/div>\n\t\t\t\t<\/div>\n\t\t\t\t<div class=\"elementor-element elementor-element-ed2a033 elementor-widget elementor-widget-text-editor\" data-id=\"ed2a033\" data-element_type=\"widget\" data-e-type=\"widget\" data-widget_type=\"text-editor.default\">\n\t\t\t\t<div class=\"elementor-widget-container\">\n\t\t\t\t\t\t\t\t\t<p><span style=\"font-weight: bold;\"><span lang=\"EN-US\" style=\"font-size: 18pt; font-family: Arial, sans-serif;\">Utilizzo dei dati personali<\/span><\/span><\/p>\n\t\t\t\t\t\t\t\t<\/div>\n\t\t\t\t<\/div>\n\t\t\t\t<div class=\"elementor-element elementor-element-4851028 elementor-widget__width-initial elementor-widget elementor-widget-text-editor\" data-id=\"4851028\" data-element_type=\"widget\" data-e-type=\"widget\" data-widget_type=\"text-editor.default\">\n\t\t\t\t<div class=\"elementor-widget-container\">\n\t\t\t\t\t\t\t\t\t<p><span style=\"font-weight: normal;\"><span lang=\"EN-US\" style=\"font-size: 12.0pt; font-family: 'Segoe UI',sans-serif; mso-fareast-font-family: 'Times New Roman'; color: #4d4d4d; mso-fareast-language: IT-CH; mso-bidi-font-weight: bold;\">Utilizzo dei dati personali Utilizziamo i dati personali raccolti per le seguenti finalit\u00e0:<br \/><span style=\"color: #ff0000;\">\u25cf <\/span>Invio di newsletter e informazioni su SARIX.<br \/><span style=\"color: #ff0000;\">\u25cf <\/span>Invio di inviti a eventi, incontri, mostre, corsi di formazione, conferenze e lezioni.<br \/><span style=\"color: #ff0000;\">\u25cf <\/span>Mantenere la nostra lista di contatti.<br \/><span style=\"color: #ff0000;\">\u25cf <\/span>Impegnarsi in negoziazioni, eseguire contratti o stabilire altri rapporti commerciali.<br \/><span style=\"color: #ff0000;\">\u25cf <\/span>Altre finalit\u00e0 di comunicazione.<br \/>I tuoi dati personali sono conservati nei nostri database e\/o nei database dei nostri fornitori di servizi.<\/span><\/p>\n\t\t\t\t\t\t\t\t<\/div>\n\t\t\t\t<\/div>\n\t\t\t\t<div class=\"elementor-element elementor-element-1a66edf elementor-widget__width-initial elementor-widget elementor-widget-text-editor\" data-id=\"1a66edf\" data-element_type=\"widget\" data-e-type=\"widget\" data-widget_type=\"text-editor.default\">\n\t\t\t\t<div class=\"elementor-widget-container\">\n\t\t\t\t\t\t\t\t\t<p><\/p>\n<p style=\"margin-bottom: 11.25pt; line-height: normal; mso-outline-level: 1;\">\n<\/p><p style=\"margin: 9pt 0cm; background-image: initial; background-position: initial; background-size: initial; background-repeat: initial; background-attachment: initial; background-origin: initial; background-clip: initial;\"><b><span lang=\"EN-US\" style=\"font-size: 18pt; font-family: Arial, sans-serif;\">Biscotti<\/span><\/b><\/p>\n<h5 style=\"margin: 9pt 0cm; background-image: initial; background-position: initial; background-size: initial; background-repeat: initial; background-attachment: initial; background-origin: initial; background-clip: initial;\"><span style=\"font-weight: normal;\"><span style=\"color: #4d4d4d; font-family: 'Segoe UI', sans-serif; font-size: 12pt;\">Io<\/span><span style=\"color: #4d4d4d; font-family: 'Segoe UI', sans-serif; font-size: 12pt;\">In alcuni casi, SARIX utilizza i cookie.\nIl nostro scopo principale per l&#8217;utilizzo dei cookie \u00e8 il riconoscimento: i cookie ci aiutano a riconoscerti quando visiti nuovamente i nostri media in futuro.\nQuesto ci permette di ottimizzare i nostri siti web e di semplificare la navigazione per voi.  <\/span><\/span><\/h5>\n<p style=\"margin-bottom: 12pt; line-height: normal; background-image: initial; background-position: initial; background-size: initial; background-repeat: initial; background-attachment: initial; background-origin: initial; background-clip: initial;\"><span lang=\"EN-US\" style=\"font-size: 12pt; font-family: 'Segoe UI', sans-serif; color: #4d4d4d; font-weight: normal;\">Se visiti la nostra pagina di accesso, imposteremo un cookie temporaneo per determinare se il tuo browser accetta i cookie.\nQuesto cookie non contiene dati personali e viene eliminato quando si chiude il browser. <\/span><\/p>\n<p style=\"margin-bottom: 12pt; line-height: normal; background-image: initial; background-position: initial; background-size: initial; background-repeat: initial; background-attachment: initial; background-origin: initial; background-clip: initial;\"><span lang=\"EN-US\" style=\"font-size: 12pt; font-family: 'Segoe UI', sans-serif; color: #4d4d4d; font-weight: normal;\">Quando effettui l&#8217;accesso, imposteremo anche diversi cookie per salvare le tue informazioni di accesso e le tue scelte di visualizzazione dello schermo.\nI cookie di accesso durano due giorni e i cookie delle opzioni dello schermo durano un anno.\nSe selezioni &#8220;Ricordami&#8221;, il tuo accesso persister\u00e0 per due settimane.\nSe l&#8217;utente si disconnette dal proprio account, i cookie di accesso verranno rimossi.   <\/span><\/p>\n<p style=\"margin-bottom: 12pt; line-height: normal; background-image: initial; background-position: initial; background-size: initial; background-repeat: initial; background-attachment: initial; background-origin: initial; background-clip: initial;\"><span lang=\"EN-US\" style=\"font-size: 12pt; font-family: 'Segoe UI', sans-serif; color: #4d4d4d; font-weight: normal;\">\u00c8 importante notare che le informazioni raccolte da questi cookie non possono essere utilizzate per identificare l&#8217;utente e che i nostri cookie non monitorano l&#8217;attivit\u00e0 di navigazione dell&#8217;utente su siti Web che non appartengono a SARIX.  <\/span><\/p>\n<p style=\"margin-bottom: 12pt; line-height: normal; background-image: initial; background-position: initial; background-size: initial; background-repeat: initial; background-attachment: initial; background-origin: initial; background-clip: initial;\"><span lang=\"EN-US\" style=\"font-size: 12.0pt; font-family: 'Segoe UI',sans-serif; mso-fareast-font-family: 'Times New Roman'; color: #4d4d4d; mso-fareast-language: IT-CH; mso-bidi-font-weight: bold;\"><span style=\"font-weight: normal;\">Per impostazione predefinita, i browser Web sono in genere configurati per accettare i cookie.\nTuttavia, hai la possibilit\u00e0 di regolare le impostazioni del tuo browser per disabilitare i cookie, se lo desideri.\n\u00c8 importante notare che la disabilitazione dei cookie pu\u00f2 influire sulla capacit\u00e0 di accedere ad alcune parti dei nostri media.  <\/span><\/span><\/p>\n<p style=\"margin: 9pt 0cm; background-image: initial; background-position: initial; background-size: initial; background-repeat: initial; background-attachment: initial; background-origin: initial; background-clip: initial;\"><b><span lang=\"EN-US\" style=\"font-size: 18pt; font-family: Arial, sans-serif;\">&nbsp;<\/span><\/b><\/p>\n<p style=\"margin: 9pt 0cm; background-image: initial; background-position: initial; background-size: initial; background-repeat: initial; background-attachment: initial; background-origin: initial; background-clip: initial;\"><b><span lang=\"EN-US\" style=\"font-size: 18pt; font-family: Arial, sans-serif;\">I tuoi diritti<\/span><\/b><\/p>\n<p style=\"margin: 9pt 0cm; line-height: 16.8pt; background-image: initial; background-position: initial; background-size: initial; background-repeat: initial; background-attachment: initial; background-origin: initial; background-clip: initial;\"><span lang=\"EN-US\" style=\"font-size: 12pt; font-family: 'Segoe UI', sans-serif; color: #4d4d4d; font-weight: normal;\">L&#8217;utente ha il diritto di richiedere informazioni sui Dati personali che trattiamo e di ottenerne una copia e il diritto di correggere i Dati personali errati.<\/span><\/p>\n<p style=\"margin: 9pt 0cm; line-height: 16.8pt; background-image: initial; background-position: initial; background-size: initial; background-repeat: initial; background-attachment: initial; background-origin: initial; background-clip: initial;\"><span lang=\"EN-US\" style=\"font-size: 12.0pt; font-family: 'Segoe UI',sans-serif; mso-fareast-font-family: 'Times New Roman'; color: #4d4d4d; mso-fareast-language: IT-CH; mso-bidi-font-weight: bold;\"><span style=\"font-weight: normal;\">L&#8217;utente ha inoltre il diritto di richiedere la cancellazione dei propri Dati personali, di opporsi al trattamento di determinati Dati personali<br>Dati, per limitare il trattamento dei tuoi Dati Personali e per presentare ricorso in caso di inadempimento da parte di SARIX.<\/span><\/span><\/p>\n<p style=\"margin: 9pt 0cm; background-image: initial; background-position: initial; background-size: initial; background-repeat: initial; background-attachment: initial; background-origin: initial; background-clip: initial;\"><b><span lang=\"EN-US\" style=\"font-size: 18pt; font-family: Arial, sans-serif;\">&nbsp;<\/span><\/b><\/p>\n<p style=\"margin: 9pt 0cm; background-image: initial; background-position: initial; background-size: initial; background-repeat: initial; background-attachment: initial; background-origin: initial; background-clip: initial;\"><b><span lang=\"EN-US\" style=\"font-size: 18pt; font-family: Arial, sans-serif;\">Contatti<\/span><\/b><\/p>\n<p style=\"margin-bottom: 12pt; line-height: normal; background-image: initial; background-position: initial; background-size: initial; background-repeat: initial; background-attachment: initial; background-origin: initial; background-clip: initial;\"><span style=\"font-weight: normal;\"><span lang=\"EN-US\" style=\"font-size: 12.0pt; font-family: 'Segoe UI',sans-serif; mso-fareast-font-family: 'Times New Roman'; color: #4d4d4d; mso-fareast-language: IT-CH; mso-bidi-font-weight: bold;\">L&#8217;utente pu\u00f2 segnalarci eventuali problemi relativi alla protezione dei dati o contattarci <\/span><span lang=\"EN-US\"><a href=\"mailto:amministrazione@sarix.com\"><span style=\"font-size: 12.0pt; font-family: 'Segoe UI',sans-serif; mso-fareast-font-family: 'Times New Roman'; mso-fareast-language: IT-CH; mso-bidi-font-weight: bold;\"><u>all&#8217;indirizzo amministrazione@sarix.com<\/u><\/span><\/a><\/span><span lang=\"EN-US\" style=\"font-size: 12.0pt; font-family: 'Segoe UI',sans-serif; mso-fareast-font-family: 'Times New Roman'; color: #4d4d4d; mso-fareast-language: IT-CH; mso-bidi-font-weight: bold;\">.<\/span><\/span><\/p>\n<p style=\"margin-bottom: 12pt; line-height: normal; background-image: initial; background-position: initial; background-size: initial; background-repeat: initial; background-attachment: initial; background-origin: initial; background-clip: initial;\"><span lang=\"IT-CH\" style=\"font-size: 12.0pt; font-family: 'Segoe UI',sans-serif; mso-fareast-font-family: 'Times New Roman'; color: #4d4d4d; mso-ansi-language: IT-CH; mso-fareast-language: IT-CH; mso-bidi-font-weight: bold;\"><span style=\"font-weight: normal;\">SARIX SA, Via Serrai 12, 6592 S.Antonino &#8211; Svizzera<\/span><\/span><\/p>\n<p><\/p>\t\t\t\t\t\t\t\t<\/div>\n\t\t\t\t<\/div>\n\t\t\t\t\t<\/div>\n\t\t<\/div>\n\t\t\t\t\t<\/div>\n\t\t<\/section>\n\t\t\t\t<\/div>\n\t\t","protected":false},"excerpt":{"rendered":"<p>Informativa sulla privacy Chi siamo SARIX SA&nbsp; (denominata &#8220;SARIX&#8221;), costituita in Svizzera con UID &nbsp;CHE-107.548.469, si dedica alla salvaguardiala tua privacy e la protezione dei tuoi dati personali.&nbsp;La presente Informativa sulla privacy illustra il modo in cui gestiamo e utilizziamo i dati personali raccolti dall&#8217;utente attraverso i nostri siti webe applicazioni o qualsiasi altra iniziativa [&hellip;]<\/p>\n","protected":false},"author":1,"featured_media":0,"parent":0,"menu_order":0,"comment_status":"closed","ping_status":"open","template":"","meta":{"footnotes":""},"categories":[],"tags":[],"class_list":["post-11265","page","type-page","status-publish","hentry"],"_links":{"self":[{"href":"https:\/\/www.sarix.com\/it\/wp-json\/wp\/v2\/pages\/11265","targetHints":{"allow":["GET"]}}],"collection":[{"href":"https:\/\/www.sarix.com\/it\/wp-json\/wp\/v2\/pages"}],"about":[{"href":"https:\/\/www.sarix.com\/it\/wp-json\/wp\/v2\/types\/page"}],"author":[{"embeddable":true,"href":"https:\/\/www.sarix.com\/it\/wp-json\/wp\/v2\/users\/1"}],"replies":[{"embeddable":true,"href":"https:\/\/www.sarix.com\/it\/wp-json\/wp\/v2\/comments?post=11265"}],"version-history":[{"count":5,"href":"https:\/\/www.sarix.com\/it\/wp-json\/wp\/v2\/pages\/11265\/revisions"}],"predecessor-version":[{"id":11272,"href":"https:\/\/www.sarix.com\/it\/wp-json\/wp\/v2\/pages\/11265\/revisions\/11272"}],"wp:attachment":[{"href":"https:\/\/www.sarix.com\/it\/wp-json\/wp\/v2\/media?parent=11265"}],"wp:term":[{"taxonomy":"category","embeddable":true,"href":"https:\/\/www.sarix.com\/it\/wp-json\/wp\/v2\/categories?post=11265"},{"taxonomy":"post_tag","embeddable":true,"href":"https:\/\/www.sarix.com\/it\/wp-json\/wp\/v2\/tags?post=11265"}],"curies":[{"name":"wp","href":"https:\/\/api.w.org\/{rel}","templated":true}]}}