{"id":4929,"date":"2023-08-01T07:31:28","date_gmt":"2023-08-01T07:31:28","guid":{"rendered":"https:\/\/www.sarix.com\/politique-de-confidentialite\/"},"modified":"2023-12-05T07:50:12","modified_gmt":"2023-12-05T07:50:12","slug":"politique-de-confidentialite","status":"publish","type":"page","link":"https:\/\/www.sarix.com\/fr\/politique-de-confidentialite\/","title":{"rendered":"Politique de confidentialit\u00e9"},"content":{"rendered":"\t\t<div data-elementor-type=\"wp-page\" data-elementor-id=\"4929\" class=\"elementor elementor-4929 elementor-3\" data-elementor-post-type=\"page\">\n\t\t\t\t\t\t<section class=\"elementor-section elementor-top-section elementor-element elementor-element-7ab58553 elementor-section-boxed elementor-section-height-default elementor-section-height-default\" data-id=\"7ab58553\" data-element_type=\"section\" data-e-type=\"section\">\n\t\t\t\t\t\t<div class=\"elementor-container elementor-column-gap-default\">\n\t\t\t\t\t<div class=\"elementor-column elementor-col-100 elementor-top-column elementor-element elementor-element-4e69e705\" data-id=\"4e69e705\" data-element_type=\"column\" data-e-type=\"column\">\n\t\t\t<div class=\"elementor-widget-wrap elementor-element-populated\">\n\t\t\t\t\t\t<div class=\"elementor-element elementor-element-6e504a0d elementor-widget__width-initial elementor-widget elementor-widget-text-editor\" data-id=\"6e504a0d\" data-element_type=\"widget\" data-e-type=\"widget\" data-widget_type=\"text-editor.default\">\n\t\t\t\t<div class=\"elementor-widget-container\">\n\t\t\t\t\t\t\t\t\t<p><\/p>\n<p style=\"margin-bottom: 11.25pt; line-height: normal; mso-outline-level: 1;\"><b><span lang=\"EN-US\" style=\"font-size: 27pt; font-family: Arial, sans-serif;\">Politique de confidentialit\u00e9<\/span><\/b><\/p>\n<p style=\"margin: 9pt 0cm; background-image: initial; background-position: initial; background-size: initial; background-repeat: initial; background-attachment: initial; background-origin: initial; background-clip: initial;\"><b><span lang=\"EN-US\" style=\"font-size: 18pt; font-family: Arial, sans-serif;\">Qui sommes-nous ?<\/span><\/b><\/p>\n<h5 style=\"margin-bottom: 12pt; line-height: normal; background-image: initial; background-position: initial; background-size: initial; background-repeat: initial; background-attachment: initial; background-origin: initial; background-clip: initial;\"><span lang=\"EN-US\" style=\"font-size: 12.0pt; font-family: 'Segoe UI',sans-serif; mso-fareast-font-family: 'Times New Roman'; color: #4d4d4d; mso-fareast-language: IT-CH; mso-bidi-font-weight: bold;\"><span style=\"font-weight: normal;\">SARIX SA&nbsp;(ci-apr\u00e8s d\u00e9nomm\u00e9e \u00ab\u00a0SARIX\u00a0\u00bb), constitu\u00e9e en Suisse sous l&rsquo;UID &nbsp;CHE-107.548.469, a pour mission de sauvegarder les \u00e9l\u00e9ments suivants<br><\/span><\/span><span lang=\"EN-US\" style=\"font-size: 12.0pt; font-family: 'Segoe UI',sans-serif; mso-fareast-font-family: 'Times New Roman'; color: #4d4d4d; mso-fareast-language: IT-CH; mso-bidi-font-weight: bold;\"><span style=\"font-weight: normal;\">votre vie priv\u00e9e et la protection de vos donn\u00e9es personnelles.&nbsp;<br><\/span><\/span><span lang=\"EN-US\" style=\"font-size: 12.0pt; font-family: 'Segoe UI',sans-serif; mso-fareast-font-family: 'Times New Roman'; color: #4d4d4d; mso-fareast-language: IT-CH; mso-bidi-font-weight: bold;\"><span style=\"font-weight: normal;\">La pr\u00e9sente politique de confidentialit\u00e9 d\u00e9crit la mani\u00e8re dont nous traitons et utilisons les donn\u00e9es personnelles recueillies aupr\u00e8s de vous par l&rsquo;interm\u00e9diaire de nos sites web<br><\/span><\/span><span lang=\"EN-US\" style=\"font-size: 12.0pt; font-family: 'Segoe UI',sans-serif; mso-fareast-font-family: 'Times New Roman'; color: #4d4d4d; mso-fareast-language: IT-CH; mso-bidi-font-weight: bold;\"><span style=\"font-weight: normal;\">et les applications ou toute autre initiative de SARIX qui implique la collecte de donn\u00e9es \u00e0 caract\u00e8re personnel.<\/span><\/span><\/h5>\n<p style=\"margin: 9pt 0cm; background-image: initial; background-position: initial; background-size: initial; background-repeat: initial; background-attachment: initial; background-origin: initial; background-clip: initial;\"><b><span lang=\"EN-US\" style=\"font-size: 18pt; font-family: Arial, sans-serif;\"><br><\/span><\/b><\/p>\n<p style=\"margin: 9pt 0cm; background-image: initial; background-position: initial; background-size: initial; background-repeat: initial; background-attachment: initial; background-origin: initial; background-clip: initial;\"><b><span lang=\"EN-US\" style=\"font-size: 18pt; font-family: Arial, sans-serif;\">Types de donn\u00e9es personnelles collect\u00e9es<\/span><\/b><\/p>\n<h5 style=\"margin-bottom: 12pt; line-height: normal; background-image: initial; background-position: initial; background-size: initial; background-repeat: initial; background-attachment: initial; background-origin: initial; background-clip: initial;\"><span lang=\"EN-US\" style=\"font-size: 12.0pt; font-family: 'Segoe UI',sans-serif; mso-fareast-font-family: 'Times New Roman'; color: #4d4d4d; mso-fareast-language: IT-CH; mso-bidi-font-weight: bold;\">\n  <span style=\"font-weight: normal;\">Les \u00ab\u00a0donn\u00e9es personnelles\u00a0\u00bb englobent les informations qui vous concernent ou qui peuvent \u00eatre li\u00e9es \u00e0 vous.<br><\/span>\n<\/span><span lang=\"EN-US\" style=\"font-size: 12.0pt; font-family: 'Segoe UI',sans-serif; mso-fareast-font-family: 'Times New Roman'; color: #4d4d4d; mso-fareast-language: IT-CH; mso-bidi-font-weight: bold;\">\n  <span style=\"font-weight: normal;\">Les donn\u00e9es personnelles que nous recueillons peuvent inclure votre nom complet, votre adresse postale, votre adresse \u00e9lectronique, votre adresse, vos num\u00e9ros de t\u00e9l\u00e9phone et de t\u00e9l\u00e9copie,&nbsp;<br><\/span>\n<\/span><span lang=\"EN-US\" style=\"font-size: 12.0pt; font-family: 'Segoe UI',sans-serif; mso-fareast-font-family: 'Times New Roman'; color: #4d4d4d; mso-fareast-language: IT-CH; mso-bidi-font-weight: bold;\">\n  <span style=\"font-weight: normal;\">nom de l&rsquo;entreprise, structure de l&rsquo;entreprise, titre du poste, affiliations professionnelles et toute autre information fournie par vous.<\/span>\n<\/span><\/h5>\n<p style=\"margin: 9pt 0cm; background-image: initial; background-position: initial; background-size: initial; background-repeat: initial; background-attachment: initial; background-origin: initial; background-clip: initial;\"><b><span lang=\"EN-US\" style=\"font-size: 18pt; font-family: Arial, sans-serif;\"><br><\/span><\/b><\/p>\n<p style=\"margin: 9pt 0cm; background-image: initial; background-position: initial; background-size: initial; background-repeat: initial; background-attachment: initial; background-origin: initial; background-clip: initial;\"><b><span lang=\"EN-US\" style=\"font-size: 18pt; font-family: Arial, sans-serif;\">Collecte de donn\u00e9es personnelles<\/span><\/b><\/p>\n<h5 style=\"margin-bottom: 12pt; line-height: normal; background-image: initial; background-position: initial; background-size: initial; background-repeat: initial; background-attachment: initial; background-origin: initial; background-clip: initial;\"><span lang=\"EN-US\" style=\"font-size: 12.0pt; font-family: 'Segoe UI',sans-serif; mso-fareast-font-family: 'Times New Roman'; color: #4d4d4d; mso-fareast-language: IT-CH; mso-bidi-font-weight: bold;\"><span style=\"font-weight: normal;\">Nous recueillons des donn\u00e9es personnelles lorsque vous communiquez volontairement avec nous par courrier \u00e9lectronique ou par d&rsquo;autres canaux.&nbsp;<br><\/span><\/span><span lang=\"EN-US\" style=\"font-size: 12.0pt; font-family: 'Segoe UI',sans-serif; mso-fareast-font-family: 'Times New Roman'; color: #4d4d4d; mso-fareast-language: IT-CH; mso-bidi-font-weight: bold;\"><span style=\"font-weight: normal;\">Par exemple, lorsque vous vous abonnez \u00e0 des bulletins d&rsquo;information ou demandez du mat\u00e9riel de marketing, lorsque vous vous inscrivez \u00e0 des \u00e9v\u00e9nements,&nbsp;<br><\/span><\/span><span lang=\"EN-US\" style=\"font-size: 12.0pt; font-family: 'Segoe UI',sans-serif; mso-fareast-font-family: 'Times New Roman'; color: #4d4d4d; mso-fareast-language: IT-CH; mso-bidi-font-weight: bold;\"><span style=\"font-weight: normal;\">r\u00e9unions, expositions ou autres initiatives organis\u00e9es par SARIX ou lorsque vous soumettez des formulaires, des demandes ou des candidatures.<br><\/span><\/span><span lang=\"EN-US\" style=\"font-size: 12.0pt; font-family: 'Segoe UI',sans-serif; mso-fareast-font-family: 'Times New Roman'; color: #4d4d4d; mso-fareast-language: IT-CH; mso-bidi-font-weight: bold;\"><span style=\"font-weight: normal;\">Dans certains cas, nous pouvons compl\u00e9ter vos donn\u00e9es \u00e0 caract\u00e8re personnel par des informations obtenues \u00e0 partir de sources accessibles au public&nbsp;<br><\/span><\/span><span lang=\"EN-US\" style=\"font-size: 12.0pt; font-family: 'Segoe UI',sans-serif; mso-fareast-font-family: 'Times New Roman'; color: #4d4d4d; mso-fareast-language: IT-CH; mso-bidi-font-weight: bold;\"><span style=\"font-weight: normal;\">tels que les moteurs de recherche, les m\u00e9dias sociaux et le site web de votre employeur.<\/span><\/span><\/h5><div><span lang=\"EN-US\" style=\"font-size: 12.0pt; font-family: 'Segoe UI',sans-serif; mso-fareast-font-family: 'Times New Roman'; color: #4d4d4d; mso-fareast-language: IT-CH; mso-bidi-font-weight: bold;\"><span style=\"font-weight: normal;\"><br><\/span><\/span><\/div>\n<p><\/p>\t\t\t\t\t\t\t\t<\/div>\n\t\t\t\t<\/div>\n\t\t\t\t<div class=\"elementor-element elementor-element-ed2a033 elementor-widget elementor-widget-text-editor\" data-id=\"ed2a033\" data-element_type=\"widget\" data-e-type=\"widget\" data-widget_type=\"text-editor.default\">\n\t\t\t\t<div class=\"elementor-widget-container\">\n\t\t\t\t\t\t\t\t\t<p><span style=\"font-weight: bold;\"><span lang=\"EN-US\" style=\"font-size: 18pt; font-family: Arial, sans-serif;\">Utilisation des donn\u00e9es personnelles<\/span><\/span><\/p>\n\t\t\t\t\t\t\t\t<\/div>\n\t\t\t\t<\/div>\n\t\t\t\t<div class=\"elementor-element elementor-element-4851028 elementor-widget__width-initial elementor-widget elementor-widget-text-editor\" data-id=\"4851028\" data-element_type=\"widget\" data-e-type=\"widget\" data-widget_type=\"text-editor.default\">\n\t\t\t\t<div class=\"elementor-widget-container\">\n\t\t\t\t\t\t\t\t\t<p><span style=\"font-weight: normal;\"><span lang=\"EN-US\" style=\"font-size: 12.0pt; font-family: 'Segoe UI',sans-serif; mso-fareast-font-family: 'Times New Roman'; color: #4d4d4d; mso-fareast-language: IT-CH; mso-bidi-font-weight: bold;\">Utilisation des donn\u00e9es personnelles Nous utilisons les donn\u00e9es personnelles collect\u00e9es aux fins suivantes :<br \/><span style=\"color: #ff0000;\">\u25cf <\/span>L&rsquo;envoi de bulletins d&rsquo;information et d&rsquo;informations sur SARIX.<br \/><span style=\"color: #ff0000;\">\u25cf <\/span>L&rsquo;envoi d&rsquo;invitations \u00e0 des \u00e9v\u00e9nements, des r\u00e9unions, des expositions, des sessions de formation, des conf\u00e9rences et des expos\u00e9s.<br \/><span style=\"color: #ff0000;\">\u25cf <\/span>Mettre \u00e0 jour notre liste de contacts.<br \/><span style=\"color: #ff0000;\">\u25cf <\/span>Engager des n\u00e9gociations, ex\u00e9cuter des contrats ou \u00e9tablir d&rsquo;autres relations d&rsquo;affaires.<br \/><span style=\"color: #ff0000;\">\u25cf <\/span>Autres objectifs de communication.<br \/>Vos donn\u00e9es personnelles sont stock\u00e9es dans nos bases de donn\u00e9es et\/ou dans les bases de donn\u00e9es de nos prestataires de services.<\/span><\/p>\n\t\t\t\t\t\t\t\t<\/div>\n\t\t\t\t<\/div>\n\t\t\t\t<div class=\"elementor-element elementor-element-1a66edf elementor-widget__width-initial elementor-widget elementor-widget-text-editor\" data-id=\"1a66edf\" data-element_type=\"widget\" data-e-type=\"widget\" data-widget_type=\"text-editor.default\">\n\t\t\t\t<div class=\"elementor-widget-container\">\n\t\t\t\t\t\t\t\t\t<p><\/p>\n<p style=\"margin-bottom: 11.25pt; line-height: normal; mso-outline-level: 1;\">\n<\/p><p style=\"margin: 9pt 0cm; background-image: initial; background-position: initial; background-size: initial; background-repeat: initial; background-attachment: initial; background-origin: initial; background-clip: initial;\"><b><span lang=\"EN-US\" style=\"font-size: 18pt; font-family: Arial, sans-serif;\">Cookies<\/span><\/b><\/p>\n<h5 style=\"margin: 9pt 0cm; background-image: initial; background-position: initial; background-size: initial; background-repeat: initial; background-attachment: initial; background-origin: initial; background-clip: initial;\"><span style=\"font-weight: normal;\"><span style=\"color: #4d4d4d; font-family: 'Segoe UI', sans-serif; font-size: 12pt;\">I<\/span><span style=\"color: #4d4d4d; font-family: 'Segoe UI', sans-serif; font-size: 12pt;\">Dans certains cas, SARIX utilise des cookies. Les cookies nous aident \u00e0 vous reconna\u00eetre lorsque vous visitez \u00e0 nouveau nos m\u00e9dias. Cela nous permet d&rsquo;optimiser nos sites web et de simplifier la navigation pour vous.<\/span><\/span><\/h5>\n<p style=\"margin-bottom: 12pt; line-height: normal; background-image: initial; background-position: initial; background-size: initial; background-repeat: initial; background-attachment: initial; background-origin: initial; background-clip: initial;\"><span lang=\"EN-US\" style=\"font-size: 12pt; font-family: 'Segoe UI', sans-serif; color: #4d4d4d; font-weight: normal;\">Si vous visitez notre page de connexion, nous installerons un cookie temporaire pour d\u00e9terminer si votre navigateur accepte les cookies. Ce cookie ne contient pas de donn\u00e9es personnelles et est supprim\u00e9 lorsque vous fermez votre navigateur.<\/span><\/p>\n<p style=\"margin-bottom: 12pt; line-height: normal; background-image: initial; background-position: initial; background-size: initial; background-repeat: initial; background-attachment: initial; background-origin: initial; background-clip: initial;\"><span lang=\"EN-US\" style=\"font-size: 12pt; font-family: 'Segoe UI', sans-serif; color: #4d4d4d; font-weight: normal;\">Lorsque vous vous connectez, nous installons \u00e9galement plusieurs cookies pour enregistrer vos informations de connexion et vos choix d&rsquo;affichage \u00e0 l&rsquo;\u00e9cran. Les cookies de connexion ont une dur\u00e9e de vie de deux jours et les cookies d&rsquo;options d&rsquo;\u00e9cran ont une dur\u00e9e de vie d&rsquo;un an. Si vous s\u00e9lectionnez \u00ab\u00a0Se souvenir de moi\u00a0\u00bb, votre connexion sera conserv\u00e9e pendant deux semaines. Si vous vous d\u00e9connectez de votre compte, les cookies de connexion seront supprim\u00e9s.<\/span><\/p>\n<p style=\"margin-bottom: 12pt; line-height: normal; background-image: initial; background-position: initial; background-size: initial; background-repeat: initial; background-attachment: initial; background-origin: initial; background-clip: initial;\"><span lang=\"EN-US\" style=\"font-size: 12pt; font-family: 'Segoe UI', sans-serif; color: #4d4d4d; font-weight: normal;\">Il est important de noter que les informations collect\u00e9es par ces cookies ne peuvent pas \u00eatre utilis\u00e9es pour vous identifier et que nos cookies ne surveillent pas votre activit\u00e9 de navigation sur des sites Web qui n&rsquo;appartiennent pas \u00e0 SARIX.  <\/span><\/p>\n<p style=\"margin-bottom: 12pt; line-height: normal; background-image: initial; background-position: initial; background-size: initial; background-repeat: initial; background-attachment: initial; background-origin: initial; background-clip: initial;\"><span lang=\"EN-US\" style=\"font-size: 12.0pt; font-family: 'Segoe UI',sans-serif; mso-fareast-font-family: 'Times New Roman'; color: #4d4d4d; mso-fareast-language: IT-CH; mso-bidi-font-weight: bold;\"><span style=\"font-weight: normal;\">Par d\u00e9faut, les navigateurs web sont g\u00e9n\u00e9ralement configur\u00e9s pour accepter les cookies. Toutefois, vous avez la possibilit\u00e9 d&rsquo;ajuster les param\u00e8tres de votre navigateur pour d\u00e9sactiver les cookies si vous le souhaitez. Il est important de noter que la d\u00e9sactivation des cookies peut affecter votre capacit\u00e9 \u00e0 acc\u00e9der \u00e0 certaines parties de nos m\u00e9dias.<\/span><\/span><\/p>\n<p style=\"margin: 9pt 0cm; background-image: initial; background-position: initial; background-size: initial; background-repeat: initial; background-attachment: initial; background-origin: initial; background-clip: initial;\"><b><span lang=\"EN-US\" style=\"font-size: 18pt; font-family: Arial, sans-serif;\">&nbsp;<\/span><\/b><\/p>\n<p style=\"margin: 9pt 0cm; background-image: initial; background-position: initial; background-size: initial; background-repeat: initial; background-attachment: initial; background-origin: initial; background-clip: initial;\"><b><span lang=\"EN-US\" style=\"font-size: 18pt; font-family: Arial, sans-serif;\">Vos droits<\/span><\/b><\/p>\n<p style=\"margin: 9pt 0cm; line-height: 16.8pt; background-image: initial; background-position: initial; background-size: initial; background-repeat: initial; background-attachment: initial; background-origin: initial; background-clip: initial;\"><span lang=\"EN-US\" style=\"font-size: 12pt; font-family: 'Segoe UI', sans-serif; color: #4d4d4d; font-weight: normal;\">Vous avez le droit de demander des informations sur les donn\u00e9es personnelles que nous traitons et d&rsquo;en obtenir une copie, ainsi que le droit de corriger les donn\u00e9es personnelles incorrectes.<\/span><\/p>\n<p style=\"margin: 9pt 0cm; line-height: 16.8pt; background-image: initial; background-position: initial; background-size: initial; background-repeat: initial; background-attachment: initial; background-origin: initial; background-clip: initial;\"><span lang=\"EN-US\" style=\"font-size: 12.0pt; font-family: 'Segoe UI',sans-serif; mso-fareast-font-family: 'Times New Roman'; color: #4d4d4d; mso-fareast-language: IT-CH; mso-bidi-font-weight: bold;\"><span style=\"font-weight: normal;\">Vous avez \u00e9galement le droit de demander la suppression de vos donn\u00e9es \u00e0 caract\u00e8re personnel, de vous opposer au traitement de certaines donn\u00e9es \u00e0 caract\u00e8re personnel.<br>Vous avez le droit de vous opposer \u00e0 l&rsquo;utilisation de vos donn\u00e9es personnelles, de limiter le traitement de vos donn\u00e9es personnelles et d&rsquo;introduire un recours si SARIX ne remplit pas ses obligations.<\/span><\/span><\/p>\n<p style=\"margin: 9pt 0cm; background-image: initial; background-position: initial; background-size: initial; background-repeat: initial; background-attachment: initial; background-origin: initial; background-clip: initial;\"><b><span lang=\"EN-US\" style=\"font-size: 18pt; font-family: Arial, sans-serif;\">&nbsp;<\/span><\/b><\/p>\n<p style=\"margin: 9pt 0cm; background-image: initial; background-position: initial; background-size: initial; background-repeat: initial; background-attachment: initial; background-origin: initial; background-clip: initial;\"><b><span lang=\"EN-US\" style=\"font-size: 18pt; font-family: Arial, sans-serif;\">Contacts<\/span><\/b><\/p>\n<p style=\"margin-bottom: 12pt; line-height: normal; background-image: initial; background-position: initial; background-size: initial; background-repeat: initial; background-attachment: initial; background-origin: initial; background-clip: initial;\"><span style=\"font-weight: normal;\"><span lang=\"EN-US\" style=\"font-size: 12.0pt; font-family: 'Segoe UI',sans-serif; mso-fareast-font-family: 'Times New Roman'; color: #4d4d4d; mso-fareast-language: IT-CH; mso-bidi-font-weight: bold;\">Vous pouvez nous faire part de toute pr\u00e9occupation li\u00e9e \u00e0 la protection des donn\u00e9es ou nous contacter \u00e0 l&rsquo;adresse suivante <\/span><span lang=\"EN-US\">\n  <a href=\"mailto:amministrazione@sarix.com\">\n    <span style=\"font-size: 12.0pt; font-family: 'Segoe UI',sans-serif; mso-fareast-font-family: 'Times New Roman'; mso-fareast-language: IT-CH; mso-bidi-font-weight: bold;\">\n      <u>amministrazione@sarix.com<\/u>\n    <\/span>\n  <\/a>\n<\/span><span lang=\"EN-US\" style=\"font-size: 12.0pt; font-family: 'Segoe UI',sans-serif; mso-fareast-font-family: 'Times New Roman'; color: #4d4d4d; mso-fareast-language: IT-CH; mso-bidi-font-weight: bold;\">.<\/span><\/span><\/p>\n<p style=\"margin-bottom: 12pt; line-height: normal; background-image: initial; background-position: initial; background-size: initial; background-repeat: initial; background-attachment: initial; background-origin: initial; background-clip: initial;\"><span lang=\"IT-CH\" style=\"font-size: 12.0pt; font-family: 'Segoe UI',sans-serif; mso-fareast-font-family: 'Times New Roman'; color: #4d4d4d; mso-ansi-language: IT-CH; mso-fareast-language: IT-CH; mso-bidi-font-weight: bold;\"><span style=\"font-weight: normal;\">SARIX SA, Via Serrai 12, 6592 S.Antonino &#8211; Suisse<\/span><\/span><\/p>\n<p><\/p>\t\t\t\t\t\t\t\t<\/div>\n\t\t\t\t<\/div>\n\t\t\t\t\t<\/div>\n\t\t<\/div>\n\t\t\t\t\t<\/div>\n\t\t<\/section>\n\t\t\t\t<\/div>\n\t\t","protected":false},"excerpt":{"rendered":"<p>Politique de confidentialit\u00e9 Qui sommes-nous ? SARIX SA&nbsp;(ci-apr\u00e8s d\u00e9nomm\u00e9e \u00ab\u00a0SARIX\u00a0\u00bb), constitu\u00e9e en Suisse sous l&rsquo;UID &nbsp;CHE-107.548.469, a pour mission de sauvegarder les \u00e9l\u00e9ments suivantsvotre vie priv\u00e9e et la protection de vos donn\u00e9es personnelles.&nbsp;La pr\u00e9sente politique de confidentialit\u00e9 d\u00e9crit la mani\u00e8re dont nous traitons et utilisons les donn\u00e9es personnelles recueillies aupr\u00e8s de vous par l&rsquo;interm\u00e9diaire de [&hellip;]<\/p>\n","protected":false},"author":1,"featured_media":0,"parent":0,"menu_order":0,"comment_status":"closed","ping_status":"open","template":"","meta":{"footnotes":""},"categories":[],"tags":[],"class_list":["post-4929","page","type-page","status-publish","hentry"],"_links":{"self":[{"href":"https:\/\/www.sarix.com\/fr\/wp-json\/wp\/v2\/pages\/4929","targetHints":{"allow":["GET"]}}],"collection":[{"href":"https:\/\/www.sarix.com\/fr\/wp-json\/wp\/v2\/pages"}],"about":[{"href":"https:\/\/www.sarix.com\/fr\/wp-json\/wp\/v2\/types\/page"}],"author":[{"embeddable":true,"href":"https:\/\/www.sarix.com\/fr\/wp-json\/wp\/v2\/users\/1"}],"replies":[{"embeddable":true,"href":"https:\/\/www.sarix.com\/fr\/wp-json\/wp\/v2\/comments?post=4929"}],"version-history":[{"count":3,"href":"https:\/\/www.sarix.com\/fr\/wp-json\/wp\/v2\/pages\/4929\/revisions"}],"predecessor-version":[{"id":4933,"href":"https:\/\/www.sarix.com\/fr\/wp-json\/wp\/v2\/pages\/4929\/revisions\/4933"}],"wp:attachment":[{"href":"https:\/\/www.sarix.com\/fr\/wp-json\/wp\/v2\/media?parent=4929"}],"wp:term":[{"taxonomy":"category","embeddable":true,"href":"https:\/\/www.sarix.com\/fr\/wp-json\/wp\/v2\/categories?post=4929"},{"taxonomy":"post_tag","embeddable":true,"href":"https:\/\/www.sarix.com\/fr\/wp-json\/wp\/v2\/tags?post=4929"}],"curies":[{"name":"wp","href":"https:\/\/api.w.org\/{rel}","templated":true}]}}