{"id":4927,"date":"2023-08-27T13:32:50","date_gmt":"2023-08-27T13:32:50","guid":{"rendered":"https:\/\/www.sarix.com\/contact\/historique-de-sarix\/"},"modified":"2023-12-05T07:50:12","modified_gmt":"2023-12-05T07:50:12","slug":"historique-de-sarix","status":"publish","type":"page","link":"https:\/\/www.sarix.com\/fr\/contact\/historique-de-sarix\/","title":{"rendered":"Historique de SARIX"},"content":{"rendered":"\t\t<div data-elementor-type=\"wp-page\" data-elementor-id=\"4927\" class=\"elementor elementor-4927 elementor-89\" data-elementor-post-type=\"page\">\n\t\t\t\t\t\t<section class=\"elementor-section elementor-top-section elementor-element elementor-element-25d29c4 elementor-section-full_width elementor-section-height-default elementor-section-height-default\" data-id=\"25d29c4\" data-element_type=\"section\" data-e-type=\"section\">\n\t\t\t\t\t\t<div class=\"elementor-container elementor-column-gap-default\">\n\t\t\t\t\t<div class=\"elementor-column elementor-col-100 elementor-top-column elementor-element elementor-element-78a3448\" data-id=\"78a3448\" data-element_type=\"column\" data-e-type=\"column\">\n\t\t\t<div class=\"elementor-widget-wrap elementor-element-populated\">\n\t\t\t\t\t\t<div class=\"elementor-element elementor-element-61d8d23 elementor-widget elementor-widget-image\" data-id=\"61d8d23\" data-element_type=\"widget\" data-e-type=\"widget\" data-widget_type=\"image.default\">\n\t\t\t\t<div class=\"elementor-widget-container\">\n\t\t\t\t\t\t\t\t\t\t\t\t\t\t\t<img fetchpriority=\"high\" decoding=\"async\" width=\"2000\" height=\"600\" src=\"https:\/\/www.sarix.com\/wp-content\/uploads\/2023\/08\/Sarix_Contact_wethesarix.jpg\" class=\"attachment-full size-full wp-image-3939\" alt=\"\" srcset=\"https:\/\/www.sarix.com\/wp-content\/uploads\/2023\/08\/Sarix_Contact_wethesarix.jpg 2000w, https:\/\/www.sarix.com\/wp-content\/uploads\/2023\/08\/Sarix_Contact_wethesarix-300x90.jpg 300w, https:\/\/www.sarix.com\/wp-content\/uploads\/2023\/08\/Sarix_Contact_wethesarix-1024x307.jpg 1024w, https:\/\/www.sarix.com\/wp-content\/uploads\/2023\/08\/Sarix_Contact_wethesarix-768x230.jpg 768w, https:\/\/www.sarix.com\/wp-content\/uploads\/2023\/08\/Sarix_Contact_wethesarix-1536x461.jpg 1536w\" sizes=\"(max-width: 2000px) 100vw, 2000px\" \/>\t\t\t\t\t\t\t\t\t\t\t\t\t\t\t<\/div>\n\t\t\t\t<\/div>\n\t\t\t\t\t<\/div>\n\t\t<\/div>\n\t\t\t\t\t<\/div>\n\t\t<\/section>\n\t\t\t\t<section class=\"elementor-section elementor-top-section elementor-element elementor-element-106a6d2 elementor-section-boxed elementor-section-height-default elementor-section-height-default elementor-invisible\" data-id=\"106a6d2\" data-element_type=\"section\" data-e-type=\"section\" data-settings=\"{&quot;animation&quot;:&quot;fadeIn&quot;}\">\n\t\t\t\t\t\t<div class=\"elementor-container elementor-column-gap-default\">\n\t\t\t\t\t<div class=\"elementor-column elementor-col-100 elementor-top-column elementor-element elementor-element-43851e5\" data-id=\"43851e5\" data-element_type=\"column\" data-e-type=\"column\">\n\t\t\t<div class=\"elementor-widget-wrap elementor-element-populated\">\n\t\t\t\t\t\t<section class=\"elementor-section elementor-inner-section elementor-element elementor-element-26db7b0 elementor-section-full_width elementor-section-height-default elementor-section-height-default\" data-id=\"26db7b0\" data-element_type=\"section\" data-e-type=\"section\">\n\t\t\t\t\t\t<div class=\"elementor-container elementor-column-gap-default\">\n\t\t\t\t\t<div class=\"elementor-column elementor-col-50 elementor-inner-column elementor-element elementor-element-ae59bed\" data-id=\"ae59bed\" data-element_type=\"column\" data-e-type=\"column\">\n\t\t\t<div class=\"elementor-widget-wrap elementor-element-populated\">\n\t\t\t\t\t\t<div class=\"elementor-element elementor-element-abd985a elementor-widget elementor-widget-heading\" data-id=\"abd985a\" data-element_type=\"widget\" data-e-type=\"widget\" data-widget_type=\"heading.default\">\n\t\t\t\t<div class=\"elementor-widget-container\">\n\t\t\t\t\t<h2 class=\"elementor-heading-title elementor-size-default\">TECHNOLOGIE DE LA MICRO-\u00c9ROSION<\/h2>\t\t\t\t<\/div>\n\t\t\t\t<\/div>\n\t\t\t\t\t<\/div>\n\t\t<\/div>\n\t\t\t\t<div class=\"elementor-column elementor-col-50 elementor-inner-column elementor-element elementor-element-f422e18\" data-id=\"f422e18\" data-element_type=\"column\" data-e-type=\"column\">\n\t\t\t<div class=\"elementor-widget-wrap elementor-element-populated\">\n\t\t\t\t\t\t<div class=\"elementor-element elementor-element-2efc012 elementor-widget elementor-widget-text-editor\" data-id=\"2efc012\" data-element_type=\"widget\" data-e-type=\"widget\" data-widget_type=\"text-editor.default\">\n\t\t\t\t<div class=\"elementor-widget-container\">\n\t\t\t\t\t\t\t\t\tApr\u00e8s avoir v\u00e9rifi\u00e9 que, malgr\u00e9 les diverses tentatives faites par les principaux fabricants d&rsquo;\u00e9quipements d&rsquo;\u00e9lectro\u00e9rosion, personne n&rsquo;\u00e9tait capable de r\u00e9pondre \u00e0 la demande croissante d&rsquo;une machine d&rsquo;\u00e9lectro\u00e9rosion permettant de produire de tr\u00e8s petites caract\u00e9ristiques et de tr\u00e8s petits trous, il a \u00e9t\u00e9 d\u00e9cid\u00e9 de mettre en place un syst\u00e8me d&rsquo;\u00e9lectro\u00e9rosion \u00e0 l&rsquo;\u00e9chelle de l&rsquo;entreprise.\nLa soci\u00e9t\u00e9 SARIX SA a \u00e9t\u00e9 cr\u00e9\u00e9e en 1993 dans le but de r\u00e9pondre \u00e0 cette demande de machines d&rsquo;\u00e9lectro\u00e9rosion pour l&rsquo;application de la micro-\u00e9rosion et des micro-trous.\n\nSARIX a \u00e9t\u00e9 fond\u00e9e par deux ing\u00e9nieurs, M. E. Salim et M. G. Rigamonti, qui poss\u00e8dent \u00e0 eux deux une vaste exp\u00e9rience de l&rsquo;application et du d\u00e9veloppement du processus d&rsquo;\u00e9lectro\u00e9rosion.\n\nElle a \u00e9t\u00e9 lanc\u00e9e gr\u00e2ce au capital-risque d&rsquo;une filiale \u00e0 part enti\u00e8re de la Gotthard Bank (banque suisse du groupe Sumitomo) et \u00e0 la participation d&rsquo;un groupe d&rsquo;industriels actifs dans le secteur de l&rsquo;\u00e9lectronique.\n\nAvant la cr\u00e9ation de SARIX, l&rsquo;usinage de micro-trous avait toujours \u00e9t\u00e9 tent\u00e9 sur des machines EDM standard ou adapt\u00e9es au standard, ces machines utilisant des technologies EDM traditionnelles.\n\nLes fondateurs de SARIX ont d\u00e9velopp\u00e9 et construit une nouvelle machine de micro-\u00e9rosion. Cette machine utilise une nouvelle technologie sp\u00e9cialement con\u00e7ue pour ce type d&rsquo;application.\nCette nouvelle approche implique l&rsquo;int\u00e9gration d&rsquo;impulsions g\u00e9n\u00e9r\u00e9es directement sur le lieu de travail, l&rsquo;utilisation d&rsquo;impulsions \u00e0 haute fr\u00e9quence brevet\u00e9es, ainsi qu&rsquo;une nouvelle m\u00e9thode de r\u00e9gulation des impulsions et des contr\u00f4les num\u00e9riques. Le d\u00e9veloppement de ce syst\u00e8me et de la technologie associ\u00e9e a n\u00e9cessit\u00e9 des efforts remarquables et le d\u00e9vouement total des ing\u00e9nieurs impliqu\u00e9s.\t\t\t\t\t\t\t\t<\/div>\n\t\t\t\t<\/div>\n\t\t\t\t\t<\/div>\n\t\t<\/div>\n\t\t\t\t\t<\/div>\n\t\t<\/section>\n\t\t\t\t\t<\/div>\n\t\t<\/div>\n\t\t\t\t\t<\/div>\n\t\t<\/section>\n\t\t\t\t<section class=\"elementor-section elementor-top-section elementor-element elementor-element-082deb0 elementor-section-boxed elementor-section-height-default elementor-section-height-default elementor-invisible\" data-id=\"082deb0\" data-element_type=\"section\" data-e-type=\"section\" data-settings=\"{&quot;animation&quot;:&quot;fadeIn&quot;}\">\n\t\t\t\t\t\t<div class=\"elementor-container elementor-column-gap-default\">\n\t\t\t\t\t<div class=\"elementor-column elementor-col-100 elementor-top-column elementor-element elementor-element-2b1e14b\" data-id=\"2b1e14b\" data-element_type=\"column\" data-e-type=\"column\">\n\t\t\t<div class=\"elementor-widget-wrap elementor-element-populated\">\n\t\t\t\t\t\t<section class=\"elementor-section elementor-inner-section elementor-element elementor-element-8bdb435 elementor-section-boxed elementor-section-height-default elementor-section-height-default\" data-id=\"8bdb435\" data-element_type=\"section\" data-e-type=\"section\">\n\t\t\t\t\t\t<div class=\"elementor-container elementor-column-gap-default\">\n\t\t\t\t\t<div class=\"elementor-column elementor-col-50 elementor-inner-column elementor-element elementor-element-bec0e63\" data-id=\"bec0e63\" data-element_type=\"column\" data-e-type=\"column\">\n\t\t\t<div class=\"elementor-widget-wrap elementor-element-populated\">\n\t\t\t\t\t\t<div class=\"elementor-element elementor-element-37109c0 elementor-widget elementor-widget-heading\" data-id=\"37109c0\" data-element_type=\"widget\" data-e-type=\"widget\" data-widget_type=\"heading.default\">\n\t\t\t\t<div class=\"elementor-widget-container\">\n\t\t\t\t\t<h2 class=\"elementor-heading-title elementor-size-default\">L'APPLICATION  <br>DE LA  <br>SARIX  <br>TECHNOLOGIE<\/h2>\t\t\t\t<\/div>\n\t\t\t\t<\/div>\n\t\t\t\t\t<\/div>\n\t\t<\/div>\n\t\t\t\t<div class=\"elementor-column elementor-col-50 elementor-inner-column elementor-element elementor-element-b072987\" data-id=\"b072987\" data-element_type=\"column\" data-e-type=\"column\">\n\t\t\t<div class=\"elementor-widget-wrap elementor-element-populated\">\n\t\t\t\t\t\t<div class=\"elementor-element elementor-element-0a7b6b1 elementor-widget elementor-widget-text-editor\" data-id=\"0a7b6b1\" data-element_type=\"widget\" data-e-type=\"widget\" data-widget_type=\"text-editor.default\">\n\t\t\t\t<div class=\"elementor-widget-container\">\n\t\t\t\t\t\t\t\t\t<p>Depuis sa premi\u00e8re apparition sur le march\u00e9 lors de l&rsquo;exposition EMO de Milan en 1995, la technologie SARIX a suscit\u00e9 un grand int\u00e9r\u00eat dans de nombreux domaines d&rsquo;application, dont voici quelques exemples :<\/p>\n<ul>\n<li>des injecteurs pour les moteurs diesel et \u00e0 essence<\/li>\n<li>l&rsquo;industrie de la m\u00e9canique de pr\u00e9cision<\/li>\n<li>l&rsquo;industrie horlog\u00e8re<\/li>\n<li>l&rsquo;industrie textile (spinnarettes et buses)<\/li>\n<li>l&rsquo;industrie \u00e9lectronique<\/li>\n<li>l&rsquo;industrie m\u00e9dicale<\/li>\n<li>a\u00e9ronautique<\/li>\n<\/ul>\n<p>Afin de r\u00e9pondre \u00e0 ces diff\u00e9rentes demandes du march\u00e9, SARIX a d\u00e9velopp\u00e9 une gamme de machines de diff\u00e9rents niveaux de pr\u00e9cision capables de r\u00e9aliser le micro-usinage et la production de micro-trous. Ces machines r\u00e9pondent parfaitement aux nouvelles exigences du march\u00e9 en mati\u00e8re de miniaturisation et de pr\u00e9cision.<\/p>\n<p>Tout en reconnaissant les avantages du processus SARIX, le march\u00e9 des injecteurs de carburant avait besoin d&rsquo;une solution lui permettant de r\u00e9pondre \u00e0 la demande sans cesse croissante de ses produits.<br \/>Pour r\u00e9pondre \u00e0 cette demande, SARIX a \u00e9tabli un partenariat avec la soci\u00e9t\u00e9 Posalux SA de Bienne (Suisse), une entreprise bien \u00e9tablie qui jouit d&rsquo;une r\u00e9putation de longue date dans les domaines de la production automobile et m\u00e9canique.<\/p>\n<p>La collaboration entre les deux entreprises a abouti \u00e0 la production de la machine MICROFOR-HP4-EDM par Posalux. Cette machine a re\u00e7u un accueil enthousiaste de la part de l&rsquo;industrie automobile, ce qui s&rsquo;est traduit par un nombre remarquable de commandes de la part de certaines des plus grandes organisations au monde (Lucas, Stanadyne, etc.).<\/p>\n<p>SARIX a maintenant \u00e9tabli sa position sur les march\u00e9s suisse et europ\u00e9en et conna\u00eet actuellement un succ\u00e8s croissant dans le reste du monde. Des machines ont \u00e9t\u00e9 install\u00e9es au Japon, en Cor\u00e9e, \u00e0 Singapour et aux \u00c9tats-Unis, o\u00f9 des agents ont \u00e9t\u00e9 nomm\u00e9s pour soutenir toutes ces installations.<\/p>\n\t\t\t\t\t\t\t\t<\/div>\n\t\t\t\t<\/div>\n\t\t\t\t\t<\/div>\n\t\t<\/div>\n\t\t\t\t\t<\/div>\n\t\t<\/section>\n\t\t\t\t\t<\/div>\n\t\t<\/div>\n\t\t\t\t\t<\/div>\n\t\t<\/section>\n\t\t\t\t<section class=\"elementor-section elementor-top-section elementor-element elementor-element-c039024 elementor-section-boxed elementor-section-height-default elementor-section-height-default elementor-invisible\" data-id=\"c039024\" data-element_type=\"section\" data-e-type=\"section\" data-settings=\"{&quot;animation&quot;:&quot;fadeIn&quot;}\">\n\t\t\t\t\t\t<div class=\"elementor-container elementor-column-gap-default\">\n\t\t\t\t\t<div class=\"elementor-column elementor-col-100 elementor-top-column elementor-element elementor-element-5306e18\" data-id=\"5306e18\" data-element_type=\"column\" data-e-type=\"column\">\n\t\t\t<div class=\"elementor-widget-wrap elementor-element-populated\">\n\t\t\t\t\t\t<section class=\"elementor-section elementor-inner-section elementor-element elementor-element-c90c90b elementor-section-boxed elementor-section-height-default elementor-section-height-default\" data-id=\"c90c90b\" data-element_type=\"section\" data-e-type=\"section\">\n\t\t\t\t\t\t<div class=\"elementor-container elementor-column-gap-default\">\n\t\t\t\t\t<div class=\"elementor-column elementor-col-50 elementor-inner-column elementor-element elementor-element-26de9f7\" data-id=\"26de9f7\" data-element_type=\"column\" data-e-type=\"column\">\n\t\t\t<div class=\"elementor-widget-wrap elementor-element-populated\">\n\t\t\t\t\t\t<div class=\"elementor-element elementor-element-6532f91 elementor-widget elementor-widget-heading\" data-id=\"6532f91\" data-element_type=\"widget\" data-e-type=\"widget\" data-widget_type=\"heading.default\">\n\t\t\t\t<div class=\"elementor-widget-container\">\n\t\t\t\t\t<h2 class=\"elementor-heading-title elementor-size-default\">LE COMMERCE  <br>ORGANISATION<\/h2>\t\t\t\t<\/div>\n\t\t\t\t<\/div>\n\t\t\t\t\t<\/div>\n\t\t<\/div>\n\t\t\t\t<div class=\"elementor-column elementor-col-50 elementor-inner-column elementor-element elementor-element-54e21a2\" data-id=\"54e21a2\" data-element_type=\"column\" data-e-type=\"column\">\n\t\t\t<div class=\"elementor-widget-wrap elementor-element-populated\">\n\t\t\t\t\t\t<div class=\"elementor-element elementor-element-e9a9d5b elementor-widget elementor-widget-text-editor\" data-id=\"e9a9d5b\" data-element_type=\"widget\" data-e-type=\"widget\" data-widget_type=\"text-editor.default\">\n\t\t\t\t<div class=\"elementor-widget-container\">\n\t\t\t\t\t\t\t\t\t<p>Les \u00ab\u00a0machines autonomes\u00a0\u00bb, les produits sp\u00e9ciaux et les nouveaux d\u00e9veloppements de Sarix sont trait\u00e9s soit directement par SARIX, soit, sur certains march\u00e9s, par des agents qui ont \u00e9t\u00e9 soigneusement s\u00e9lectionn\u00e9s et d\u00e9sign\u00e9s apr\u00e8s avoir d\u00e9montr\u00e9 leur capacit\u00e9 \u00e0 identifier les applications de la machine, \u00e0 pr\u00e9senter le produit comme une solution au probl\u00e8me de production particulier et \u00e0 soutenir pleinement toute activit\u00e9 d&rsquo;apr\u00e8s-vente.<\/p>\n<p>L&rsquo;application et la vente de la technologie SARIX pour la production d&rsquo;injecteurs destin\u00e9s \u00e0 l&rsquo;industrie automobile sont assur\u00e9es par son partenaire dans ce domaine, Posalux.<\/p>\n\t\t\t\t\t\t\t\t<\/div>\n\t\t\t\t<\/div>\n\t\t\t\t\t<\/div>\n\t\t<\/div>\n\t\t\t\t\t<\/div>\n\t\t<\/section>\n\t\t\t\t\t<\/div>\n\t\t<\/div>\n\t\t\t\t\t<\/div>\n\t\t<\/section>\n\t\t\t\t<section class=\"elementor-section elementor-top-section elementor-element elementor-element-03fa70e elementor-section-boxed elementor-section-height-default elementor-section-height-default elementor-invisible\" data-id=\"03fa70e\" data-element_type=\"section\" data-e-type=\"section\" data-settings=\"{&quot;animation&quot;:&quot;fadeIn&quot;}\">\n\t\t\t\t\t\t<div class=\"elementor-container elementor-column-gap-default\">\n\t\t\t\t\t<div class=\"elementor-column elementor-col-100 elementor-top-column elementor-element elementor-element-80bf6d5\" data-id=\"80bf6d5\" data-element_type=\"column\" data-e-type=\"column\">\n\t\t\t<div class=\"elementor-widget-wrap elementor-element-populated\">\n\t\t\t\t\t\t<section class=\"elementor-section elementor-inner-section elementor-element elementor-element-01e59d0 elementor-section-boxed elementor-section-height-default elementor-section-height-default\" data-id=\"01e59d0\" data-element_type=\"section\" data-e-type=\"section\">\n\t\t\t\t\t\t<div class=\"elementor-container elementor-column-gap-default\">\n\t\t\t\t\t<div class=\"elementor-column elementor-col-50 elementor-inner-column elementor-element elementor-element-4977919\" data-id=\"4977919\" data-element_type=\"column\" data-e-type=\"column\">\n\t\t\t<div class=\"elementor-widget-wrap elementor-element-populated\">\n\t\t\t\t\t\t<div class=\"elementor-element elementor-element-d061c93 elementor-widget elementor-widget-heading\" data-id=\"d061c93\" data-element_type=\"widget\" data-e-type=\"widget\" data-widget_type=\"heading.default\">\n\t\t\t\t<div class=\"elementor-widget-container\">\n\t\t\t\t\t<h2 class=\"elementor-heading-title elementor-size-default\">FINANCIER  <br>STATUT<\/h2>\t\t\t\t<\/div>\n\t\t\t\t<\/div>\n\t\t\t\t\t<\/div>\n\t\t<\/div>\n\t\t\t\t<div class=\"elementor-column elementor-col-50 elementor-inner-column elementor-element elementor-element-9fb22a0\" data-id=\"9fb22a0\" data-element_type=\"column\" data-e-type=\"column\">\n\t\t\t<div class=\"elementor-widget-wrap elementor-element-populated\">\n\t\t\t\t\t\t<div class=\"elementor-element elementor-element-497de23 elementor-widget elementor-widget-text-editor\" data-id=\"497de23\" data-element_type=\"widget\" data-e-type=\"widget\" data-widget_type=\"text-editor.default\">\n\t\t\t\t<div class=\"elementor-widget-container\">\n\t\t\t\t\t\t\t\t\t<p>Comme indiqu\u00e9 pr\u00e9c\u00e9demment, la soci\u00e9t\u00e9 SARIX SA a \u00e9t\u00e9 cr\u00e9\u00e9e \u00e0 l&rsquo;aide de \u00ab\u00a0capital-risque\u00a0\u00bb, ce qui a \u00e9t\u00e9 rendu possible gr\u00e2ce au soutien de la filiale de la Banque du Saint-Gothard. Il est pr\u00e9vu qu&rsquo;elle reste actionnaire dans un avenir pr\u00e9visible.<\/p>\n<p>Au cours de l&rsquo;ann\u00e9e 1997, la soci\u00e9t\u00e9 a lev\u00e9 des fonds aupr\u00e8s de SFR. 500&rsquo;000.- \u00e0 SFR. 1&rsquo;400&rsquo;000.-. En raison de la n\u00e9cessit\u00e9 de r\u00e9pondre aux demandes sans cesse croissantes du march\u00e9, une nouvelle relation d&rsquo;affaires a \u00e9t\u00e9 d\u00e9velopp\u00e9e avec la Banque d&rsquo;\u00c9tat du Canton du Tessin.<\/p>\n<p>SARIX esp\u00e8re \u00e9galement b\u00e9n\u00e9ficier d&rsquo;une garantie accord\u00e9e par la soci\u00e9t\u00e9 coop\u00e9rative sp\u00e9ciale du canton du Tessin pour le d\u00e9veloppement de technologies innovantes.<br \/>En raison du d\u00e9veloppement rapide des n\u00e9gociations de march\u00e9 de SARIX, des travaux sont en cours pour augmenter cette garantie.<br \/>La soci\u00e9t\u00e9 SARIX SA, qui fait partie de l&rsquo;industrie de haute technologie, est pleinement soutenue par le canton du Tessin qui, par l&rsquo;interm\u00e9diaire de son bureau de d\u00e9veloppement \u00e9conomique, a particip\u00e9 au financement des d\u00e9veloppements techniques de la soci\u00e9t\u00e9.<\/p>\n\t\t\t\t\t\t\t\t<\/div>\n\t\t\t\t<\/div>\n\t\t\t\t\t<\/div>\n\t\t<\/div>\n\t\t\t\t\t<\/div>\n\t\t<\/section>\n\t\t\t\t\t<\/div>\n\t\t<\/div>\n\t\t\t\t\t<\/div>\n\t\t<\/section>\n\t\t\t\t<section class=\"elementor-section elementor-top-section elementor-element elementor-element-010f6d0 elementor-section-boxed elementor-section-height-default elementor-section-height-default elementor-invisible\" data-id=\"010f6d0\" data-element_type=\"section\" data-e-type=\"section\" data-settings=\"{&quot;animation&quot;:&quot;fadeIn&quot;}\">\n\t\t\t\t\t\t<div class=\"elementor-container elementor-column-gap-default\">\n\t\t\t\t\t<div class=\"elementor-column elementor-col-100 elementor-top-column elementor-element elementor-element-b5c88c0\" data-id=\"b5c88c0\" data-element_type=\"column\" data-e-type=\"column\">\n\t\t\t<div class=\"elementor-widget-wrap elementor-element-populated\">\n\t\t\t\t\t\t<section class=\"elementor-section elementor-inner-section elementor-element elementor-element-59ef4dd elementor-section-boxed elementor-section-height-default elementor-section-height-default\" data-id=\"59ef4dd\" data-element_type=\"section\" data-e-type=\"section\">\n\t\t\t\t\t\t<div class=\"elementor-container elementor-column-gap-default\">\n\t\t\t\t\t<div class=\"elementor-column elementor-col-50 elementor-inner-column elementor-element elementor-element-871f4cd\" data-id=\"871f4cd\" data-element_type=\"column\" data-e-type=\"column\">\n\t\t\t<div class=\"elementor-widget-wrap elementor-element-populated\">\n\t\t\t\t\t\t<div class=\"elementor-element elementor-element-4e961f2 elementor-widget elementor-widget-heading\" data-id=\"4e961f2\" data-element_type=\"widget\" data-e-type=\"widget\" data-widget_type=\"heading.default\">\n\t\t\t\t<div class=\"elementor-widget-container\">\n\t\t\t\t\t<h2 class=\"elementor-heading-title elementor-size-default\">L'AVENIR  <br>OBJECTIFS<\/h2>\t\t\t\t<\/div>\n\t\t\t\t<\/div>\n\t\t\t\t\t<\/div>\n\t\t<\/div>\n\t\t\t\t<div class=\"elementor-column elementor-col-50 elementor-inner-column elementor-element elementor-element-a7bfb6d\" data-id=\"a7bfb6d\" data-element_type=\"column\" data-e-type=\"column\">\n\t\t\t<div class=\"elementor-widget-wrap elementor-element-populated\">\n\t\t\t\t\t\t<div class=\"elementor-element elementor-element-345762f elementor-widget elementor-widget-text-editor\" data-id=\"345762f\" data-element_type=\"widget\" data-e-type=\"widget\" data-widget_type=\"text-editor.default\">\n\t\t\t\t<div class=\"elementor-widget-container\">\n\t\t\t\t\t\t\t\t\t<p>Apr\u00e8s s&rsquo;\u00eatre fait une place sur le march\u00e9 et avoir re\u00e7u le soutien des actionnaires et des financiers, SARIX s&rsquo;efforce d&rsquo;am\u00e9liorer encore ses installations de production et, surtout, le service apr\u00e8s-vente qu&rsquo;elle offre \u00e0 ses clients.<\/p>\n<p>Le service de d\u00e9veloppement fait \u00e9galement l&rsquo;objet d&rsquo;un examen dans le but d&rsquo;augmenter sa taille et son efficacit\u00e9, afin qu&rsquo;il soit en mesure de r\u00e9pondre plus rapidement lorsqu&rsquo;on lui demande d&rsquo;aider \u00e0 r\u00e9soudre les probl\u00e8mes li\u00e9s aux demandes des clients. Une attention particuli\u00e8re sera accord\u00e9e aux domaines m\u00e9dical, optique et automobile, ainsi qu&rsquo;\u00e0 l&rsquo;industrie a\u00e9ronautique.<\/p>\n<p>Au cours des trois derni\u00e8res ann\u00e9es, le chiffre d&rsquo;affaires de l&rsquo;entreprise a doubl\u00e9 chaque ann\u00e9e et notre objectif est de continuer. En 1999, SARIX a \u00e9galement doubl\u00e9 sa surface.<br \/>L&rsquo;\u00e9quipe de SARIX s&rsquo;est agrandie r\u00e9guli\u00e8rement et se compose actuellement de 30 personnes hautement qualifi\u00e9es.<\/p>\n<p>En consolidant sa capacit\u00e9 de production et son d\u00e9partement de d\u00e9veloppement, SARIX est en mesure de d\u00e9velopper de nouvelles applications et d&rsquo;offrir un soutien ad\u00e9quat \u00e0 ses clients existants et nouveaux. SARIX maintiendra sa position de leader dans le domaine de la micro-\u00e9rosion et des micro-trous.<\/p>\n<p>La soci\u00e9t\u00e9 SARIX a rendu l&rsquo;application de l&rsquo;EDM \u00ab\u00a0Micro-\u00e9rosion\u00a0\u00bb aux op\u00e9rations d&rsquo;usinage tr\u00e8s fines \u00e9conomiquement attrayante et avantageuse, d&rsquo;une mani\u00e8re qui n&rsquo;\u00e9tait pas possible jusqu&rsquo;\u00e0 pr\u00e9sent avec les syst\u00e8mes EDM conventionnels, qui sont tr\u00e8s co\u00fbteux et non comp\u00e9titifs dans ce domaine d&rsquo;application. Aujourd&rsquo;hui, les \u00e9quipements volumineux, co\u00fbteux, rigides et encombrants ne sont plus n\u00e9cessaires.<\/p>\n<p>La soci\u00e9t\u00e9 SARIX a adapt\u00e9 la technologie Micro-EDM aux exigences du micro-usinage. Comme vous, nous pensons que pour effectuer de petits travaux de pr\u00e9cision, seules de petites machines sont n\u00e9cessaires, petites en termes de co\u00fbt et de dimensions, mais grandes et polyvalentes en termes d&rsquo;avantages. Nous y sommes parvenus gr\u00e2ce \u00e0 l&rsquo;utilisation de la bonne technologie.<\/p>\n\t\t\t\t\t\t\t\t<\/div>\n\t\t\t\t<\/div>\n\t\t\t\t<div class=\"elementor-element elementor-element-e327c76 elementor-widget elementor-widget-image\" data-id=\"e327c76\" data-element_type=\"widget\" data-e-type=\"widget\" data-widget_type=\"image.default\">\n\t\t\t\t<div class=\"elementor-widget-container\">\n\t\t\t\t\t\t\t\t\t\t\t\t\t\t\t<img decoding=\"async\" width=\"2560\" height=\"767\" src=\"https:\/\/www.sarix.com\/wp-content\/uploads\/2023\/09\/Sarix-building-scaled.jpg\" class=\"attachment-full size-full wp-image-4414\" alt=\"\" srcset=\"https:\/\/www.sarix.com\/wp-content\/uploads\/2023\/09\/Sarix-building-scaled.jpg 2560w, https:\/\/www.sarix.com\/wp-content\/uploads\/2023\/09\/Sarix-building-300x90.jpg 300w, https:\/\/www.sarix.com\/wp-content\/uploads\/2023\/09\/Sarix-building-1024x307.jpg 1024w, https:\/\/www.sarix.com\/wp-content\/uploads\/2023\/09\/Sarix-building-768x230.jpg 768w, https:\/\/www.sarix.com\/wp-content\/uploads\/2023\/09\/Sarix-building-1536x460.jpg 1536w, https:\/\/www.sarix.com\/wp-content\/uploads\/2023\/09\/Sarix-building-2048x613.jpg 2048w\" sizes=\"(max-width: 2560px) 100vw, 2560px\" \/>\t\t\t\t\t\t\t\t\t\t\t\t\t\t\t<\/div>\n\t\t\t\t<\/div>\n\t\t\t\t\t<\/div>\n\t\t<\/div>\n\t\t\t\t\t<\/div>\n\t\t<\/section>\n\t\t\t\t\t<\/div>\n\t\t<\/div>\n\t\t\t\t\t<\/div>\n\t\t<\/section>\n\t\t\t\t<\/div>\n\t\t","protected":false},"excerpt":{"rendered":"<p>TECHNOLOGIE DE LA MICRO-\u00c9ROSION Apr\u00e8s avoir v\u00e9rifi\u00e9 que, malgr\u00e9 les diverses tentatives faites par les principaux fabricants d&rsquo;\u00e9quipements d&rsquo;\u00e9lectro\u00e9rosion, personne n&rsquo;\u00e9tait capable de r\u00e9pondre \u00e0 la demande croissante d&rsquo;une machine d&rsquo;\u00e9lectro\u00e9rosion permettant de produire de tr\u00e8s petites caract\u00e9ristiques et de tr\u00e8s petits trous, il a \u00e9t\u00e9 d\u00e9cid\u00e9 de mettre en place un syst\u00e8me d&rsquo;\u00e9lectro\u00e9rosion \u00e0 [&hellip;]<\/p>\n","protected":false},"author":1,"featured_media":0,"parent":4924,"menu_order":0,"comment_status":"closed","ping_status":"closed","template":"","meta":{"footnotes":""},"categories":[49],"tags":[],"class_list":["post-4927","page","type-page","status-publish","hentry","category-sarix-content-fr"],"_links":{"self":[{"href":"https:\/\/www.sarix.com\/fr\/wp-json\/wp\/v2\/pages\/4927","targetHints":{"allow":["GET"]}}],"collection":[{"href":"https:\/\/www.sarix.com\/fr\/wp-json\/wp\/v2\/pages"}],"about":[{"href":"https:\/\/www.sarix.com\/fr\/wp-json\/wp\/v2\/types\/page"}],"author":[{"embeddable":true,"href":"https:\/\/www.sarix.com\/fr\/wp-json\/wp\/v2\/users\/1"}],"replies":[{"embeddable":true,"href":"https:\/\/www.sarix.com\/fr\/wp-json\/wp\/v2\/comments?post=4927"}],"version-history":[{"count":2,"href":"https:\/\/www.sarix.com\/fr\/wp-json\/wp\/v2\/pages\/4927\/revisions"}],"predecessor-version":[{"id":4930,"href":"https:\/\/www.sarix.com\/fr\/wp-json\/wp\/v2\/pages\/4927\/revisions\/4930"}],"up":[{"embeddable":true,"href":"https:\/\/www.sarix.com\/fr\/wp-json\/wp\/v2\/pages\/4924"}],"wp:attachment":[{"href":"https:\/\/www.sarix.com\/fr\/wp-json\/wp\/v2\/media?parent=4927"}],"wp:term":[{"taxonomy":"category","embeddable":true,"href":"https:\/\/www.sarix.com\/fr\/wp-json\/wp\/v2\/categories?post=4927"},{"taxonomy":"post_tag","embeddable":true,"href":"https:\/\/www.sarix.com\/fr\/wp-json\/wp\/v2\/tags?post=4927"}],"curies":[{"name":"wp","href":"https:\/\/api.w.org\/{rel}","templated":true}]}}