{"id":4921,"date":"2023-08-28T20:43:32","date_gmt":"2023-08-28T20:43:32","guid":{"rendered":"https:\/\/www.sarix.com\/sarix-technologies\/"},"modified":"2023-12-05T07:49:59","modified_gmt":"2023-12-05T07:49:59","slug":"sarix-technologies","status":"publish","type":"page","link":"https:\/\/www.sarix.com\/fr\/sarix-technologies\/","title":{"rendered":"Sarix Technologies"},"content":{"rendered":"\t\t<div data-elementor-type=\"wp-page\" data-elementor-id=\"4921\" class=\"elementor elementor-4921 elementor-292\" data-elementor-post-type=\"page\">\n\t\t\t\t\t\t<section class=\"elementor-section elementor-top-section elementor-element elementor-element-5e3af24 elementor-section-full_width elementor-section-height-default elementor-section-height-default\" data-id=\"5e3af24\" data-element_type=\"section\" data-e-type=\"section\">\n\t\t\t\t\t\t<div class=\"elementor-container elementor-column-gap-default\">\n\t\t\t\t\t<div class=\"elementor-column elementor-col-100 elementor-top-column elementor-element elementor-element-8c895c0\" data-id=\"8c895c0\" data-element_type=\"column\" data-e-type=\"column\">\n\t\t\t<div class=\"elementor-widget-wrap elementor-element-populated\">\n\t\t\t\t\t\t<div class=\"elementor-element elementor-element-458e3b7 elementor-invisible elementor-widget elementor-widget-heading\" data-id=\"458e3b7\" data-element_type=\"widget\" data-e-type=\"widget\" data-settings=\"{&quot;_animation&quot;:&quot;fadeIn&quot;}\" data-widget_type=\"heading.default\">\n\t\t\t\t<div class=\"elementor-widget-container\">\n\t\t\t\t\t<h2 class=\"elementor-heading-title elementor-size-large\"><b><span><span>SARIX&nbsp;<\/span><\/span><span>TECHNOLOGIES MICRO USINAGE AVANC\u00c9, TECHNOLOGIE ET D\u00c9VELOPPEMENT<\/span><\/b><\/h2>\t\t\t\t<\/div>\n\t\t\t\t<\/div>\n\t\t\t\t<div class=\"elementor-element elementor-element-ea45ddf elementor-widget elementor-widget-spacer\" data-id=\"ea45ddf\" data-element_type=\"widget\" data-e-type=\"widget\" data-widget_type=\"spacer.default\">\n\t\t\t\t<div class=\"elementor-widget-container\">\n\t\t\t\t\t\t\t<div class=\"elementor-spacer\">\n\t\t\t<div class=\"elementor-spacer-inner\"><\/div>\n\t\t<\/div>\n\t\t\t\t\t\t<\/div>\n\t\t\t\t<\/div>\n\t\t\t\t<div class=\"elementor-element elementor-element-44e2e3c elementor-invisible elementor-widget elementor-widget-text-editor\" data-id=\"44e2e3c\" data-element_type=\"widget\" data-e-type=\"widget\" data-settings=\"{&quot;_animation&quot;:&quot;fadeIn&quot;}\" data-widget_type=\"text-editor.default\">\n\t\t\t\t<div class=\"elementor-widget-container\">\n\t\t\t\t\t\t\t\t\t<p>Notre force est de rester \u00e0 la pointe de l&rsquo;int\u00e9gration et de l&rsquo;optimisation du processus technologique de micro-\u00e9lectro-\u00e9rosion, en r\u00e9pondant efficacement aux exigences du march\u00e9 par des tailles toujours plus petites et une plus grande pr\u00e9cision, tout en r\u00e9duisant les temps de cycle&#8230;<\/p>\n\t\t\t\t\t\t\t\t<\/div>\n\t\t\t\t<\/div>\n\t\t\t\t<div class=\"elementor-element elementor-element-5bf8a11 elementor-widget elementor-widget-spacer\" data-id=\"5bf8a11\" data-element_type=\"widget\" data-e-type=\"widget\" data-widget_type=\"spacer.default\">\n\t\t\t\t<div class=\"elementor-widget-container\">\n\t\t\t\t\t\t\t<div class=\"elementor-spacer\">\n\t\t\t<div class=\"elementor-spacer-inner\"><\/div>\n\t\t<\/div>\n\t\t\t\t\t\t<\/div>\n\t\t\t\t<\/div>\n\t\t\t\t<div class=\"elementor-element elementor-element-d910882 elementor-invisible elementor-widget elementor-widget-heading\" data-id=\"d910882\" data-element_type=\"widget\" data-e-type=\"widget\" data-settings=\"{&quot;_animation&quot;:&quot;fadeIn&quot;}\" data-widget_type=\"heading.default\">\n\t\t\t\t<div class=\"elementor-widget-container\">\n\t\t\t\t\t<h2 class=\"elementor-heading-title elementor-size-default\"><b><span><span>SARIX&nbsp;<\/span><\/span><span>Technologies permettant l'innovation et la cr\u00e9ation d'opportunit\u00e9s dans le domaine du micro-usinage<\/span><\/b><\/h2>\t\t\t\t<\/div>\n\t\t\t\t<\/div>\n\t\t\t\t<div class=\"elementor-element elementor-element-b1a8c2a elementor-invisible elementor-widget elementor-widget-text-editor\" data-id=\"b1a8c2a\" data-element_type=\"widget\" data-e-type=\"widget\" data-settings=\"{&quot;_animation&quot;:&quot;fadeIn&quot;}\" data-widget_type=\"text-editor.default\">\n\t\t\t\t<div class=\"elementor-widget-container\">\n\t\t\t\t\t\t\t\t\t<p>Leader du march\u00e9 dans la r\u00e9ponse aux demandes d&rsquo;applications, allant de la R&amp;D \u00e0 petite \u00e9chelle \u00e0 la production de masse, nous consolidons nos capacit\u00e9s de fabrication Micro et offrons un soutien sur mesure aux clients existants et nouveaux&#8230;<\/p>\n<p>Forte de sa longue exp\u00e9rience sur le march\u00e9 du micro-usinage depuis 1993, <b>SARIX<\/b> a maintenu l&rsquo;orientation de ses produits sur l&rsquo;innovation technologique dans le domaine du <b>micro-usinage de haute pr\u00e9cision<\/b> par le biais de solutions autonomes et de solutions cl\u00e9s en main.<\/p>\n<p>Nous, la soci\u00e9t\u00e9 <b>SARIX<\/b>, nos points forts sont l&rsquo;int\u00e9gration et l&rsquo;optimisation des processus technologiques et la flexibilit\u00e9 face aux d\u00e9fis des exigences du march\u00e9 avec des cycles de produits de plus en plus courts.<\/p>\n\t\t\t\t\t\t\t\t<\/div>\n\t\t\t\t<\/div>\n\t\t\t\t\t<\/div>\n\t\t<\/div>\n\t\t\t\t\t<\/div>\n\t\t<\/section>\n\t\t\t\t<section class=\"elementor-section elementor-top-section elementor-element elementor-element-00615a0 elementor-section-boxed elementor-section-height-default elementor-section-height-default elementor-invisible\" data-id=\"00615a0\" data-element_type=\"section\" data-e-type=\"section\" data-settings=\"{&quot;animation&quot;:&quot;fadeIn&quot;}\">\n\t\t\t\t\t\t<div class=\"elementor-container elementor-column-gap-default\">\n\t\t\t\t\t<div class=\"elementor-column elementor-col-100 elementor-top-column elementor-element elementor-element-9c6c1c6\" data-id=\"9c6c1c6\" data-element_type=\"column\" data-e-type=\"column\">\n\t\t\t<div class=\"elementor-widget-wrap elementor-element-populated\">\n\t\t\t\t\t\t<section class=\"elementor-section elementor-inner-section elementor-element elementor-element-2cdd8c7 elementor-section-boxed elementor-section-height-default elementor-section-height-default\" data-id=\"2cdd8c7\" data-element_type=\"section\" data-e-type=\"section\">\n\t\t\t\t\t\t<div class=\"elementor-container elementor-column-gap-default\">\n\t\t\t\t\t<div class=\"elementor-column elementor-col-33 elementor-inner-column elementor-element elementor-element-15b4954\" data-id=\"15b4954\" data-element_type=\"column\" data-e-type=\"column\">\n\t\t\t<div class=\"elementor-widget-wrap elementor-element-populated\">\n\t\t\t\t\t\t<div class=\"elementor-element elementor-element-6c043ca elementor-widget elementor-widget-image\" data-id=\"6c043ca\" data-element_type=\"widget\" data-e-type=\"widget\" data-widget_type=\"image.default\">\n\t\t\t\t<div class=\"elementor-widget-container\">\n\t\t\t\t\t\t\t\t\t\t\t\t<figure class=\"wp-caption\">\n\t\t\t\t\t\t\t\t\t\t\t<a href=\"https:\/\/www.sarix.com\/fr\/micro-electro-percage\/\">\n\t\t\t\t\t\t\t<img fetchpriority=\"high\" decoding=\"async\" width=\"300\" height=\"300\" src=\"https:\/\/www.sarix.com\/wp-content\/uploads\/2023\/09\/MicroEDMDrilling-300x300.jpg\" class=\"attachment-medium size-medium wp-image-4029\" alt=\"\" srcset=\"https:\/\/www.sarix.com\/wp-content\/uploads\/2023\/09\/MicroEDMDrilling-300x300.jpg 300w, https:\/\/www.sarix.com\/wp-content\/uploads\/2023\/09\/MicroEDMDrilling-150x150.jpg 150w, https:\/\/www.sarix.com\/wp-content\/uploads\/2023\/09\/MicroEDMDrilling-768x768.jpg 768w, https:\/\/www.sarix.com\/wp-content\/uploads\/2023\/09\/MicroEDMDrilling-100x100.jpg 100w, https:\/\/www.sarix.com\/wp-content\/uploads\/2023\/09\/MicroEDMDrilling.jpg 800w\" sizes=\"(max-width: 300px) 100vw, 300px\" \/>\t\t\t\t\t\t\t\t<\/a>\n\t\t\t\t\t\t\t\t\t\t\t<figcaption class=\"widget-image-caption wp-caption-text\">DISCOVER SARIX Micro EDM Drilling<\/figcaption>\n\t\t\t\t\t\t\t\t\t\t<\/figure>\n\t\t\t\t\t\t\t\t\t<\/div>\n\t\t\t\t<\/div>\n\t\t\t\t\t<\/div>\n\t\t<\/div>\n\t\t\t\t<div class=\"elementor-column elementor-col-33 elementor-inner-column elementor-element elementor-element-fb690b0\" data-id=\"fb690b0\" data-element_type=\"column\" data-e-type=\"column\">\n\t\t\t<div class=\"elementor-widget-wrap elementor-element-populated\">\n\t\t\t\t\t\t<div class=\"elementor-element elementor-element-54a3f38 elementor-widget elementor-widget-image\" data-id=\"54a3f38\" data-element_type=\"widget\" data-e-type=\"widget\" data-widget_type=\"image.default\">\n\t\t\t\t<div class=\"elementor-widget-container\">\n\t\t\t\t\t\t\t\t\t\t\t\t<figure class=\"wp-caption\">\n\t\t\t\t\t\t\t\t\t\t\t<a href=\"https:\/\/www.sarix.com\/sarix-technologies\/micro-edm-technologies\/3d-micro-edm-milling\/\">\n\t\t\t\t\t\t\t<img decoding=\"async\" width=\"300\" height=\"300\" src=\"https:\/\/www.sarix.com\/wp-content\/uploads\/2023\/09\/3DMicroEDMMilling-300x300.jpg\" class=\"attachment-medium size-medium wp-image-4034\" alt=\"\" srcset=\"https:\/\/www.sarix.com\/wp-content\/uploads\/2023\/09\/3DMicroEDMMilling-300x300.jpg 300w, https:\/\/www.sarix.com\/wp-content\/uploads\/2023\/09\/3DMicroEDMMilling-150x150.jpg 150w, https:\/\/www.sarix.com\/wp-content\/uploads\/2023\/09\/3DMicroEDMMilling-768x768.jpg 768w, https:\/\/www.sarix.com\/wp-content\/uploads\/2023\/09\/3DMicroEDMMilling-100x100.jpg 100w, https:\/\/www.sarix.com\/wp-content\/uploads\/2023\/09\/3DMicroEDMMilling.jpg 800w\" sizes=\"(max-width: 300px) 100vw, 300px\" \/>\t\t\t\t\t\t\t\t<\/a>\n\t\t\t\t\t\t\t\t\t\t\t<figcaption class=\"widget-image-caption wp-caption-text\">DISCOVER SARIX 3D Micro EDM Milling<\/figcaption>\n\t\t\t\t\t\t\t\t\t\t<\/figure>\n\t\t\t\t\t\t\t\t\t<\/div>\n\t\t\t\t<\/div>\n\t\t\t\t\t<\/div>\n\t\t<\/div>\n\t\t\t\t<div class=\"elementor-column elementor-col-33 elementor-inner-column elementor-element elementor-element-a3c15c1\" data-id=\"a3c15c1\" data-element_type=\"column\" data-e-type=\"column\">\n\t\t\t<div class=\"elementor-widget-wrap elementor-element-populated\">\n\t\t\t\t\t\t<div class=\"elementor-element elementor-element-929502c elementor-widget elementor-widget-image\" data-id=\"929502c\" data-element_type=\"widget\" data-e-type=\"widget\" data-widget_type=\"image.default\">\n\t\t\t\t<div class=\"elementor-widget-container\">\n\t\t\t\t\t\t\t\t\t\t\t\t<figure class=\"wp-caption\">\n\t\t\t\t\t\t\t\t\t\t\t<a href=\"https:\/\/www.sarix.com\/fr\/micro-edm-die-sinking\/\">\n\t\t\t\t\t\t\t<img decoding=\"async\" width=\"300\" height=\"300\" src=\"https:\/\/www.sarix.com\/wp-content\/uploads\/2023\/09\/MicroEDMDieSinking-300x300.jpg\" class=\"attachment-medium size-medium wp-image-4024\" alt=\"\" srcset=\"https:\/\/www.sarix.com\/wp-content\/uploads\/2023\/09\/MicroEDMDieSinking-300x300.jpg 300w, https:\/\/www.sarix.com\/wp-content\/uploads\/2023\/09\/MicroEDMDieSinking-150x150.jpg 150w, https:\/\/www.sarix.com\/wp-content\/uploads\/2023\/09\/MicroEDMDieSinking-768x768.jpg 768w, https:\/\/www.sarix.com\/wp-content\/uploads\/2023\/09\/MicroEDMDieSinking-100x100.jpg 100w, https:\/\/www.sarix.com\/wp-content\/uploads\/2023\/09\/MicroEDMDieSinking.jpg 790w\" sizes=\"(max-width: 300px) 100vw, 300px\" \/>\t\t\t\t\t\t\t\t<\/a>\n\t\t\t\t\t\t\t\t\t\t\t<figcaption class=\"widget-image-caption wp-caption-text\">DISCOVER SARIX Micro EDM Die Sinking (enfon\u00e7age par \u00e9lectro\u00e9rosion)<\/figcaption>\n\t\t\t\t\t\t\t\t\t\t<\/figure>\n\t\t\t\t\t\t\t\t\t<\/div>\n\t\t\t\t<\/div>\n\t\t\t\t\t<\/div>\n\t\t<\/div>\n\t\t\t\t\t<\/div>\n\t\t<\/section>\n\t\t\t\t\t<\/div>\n\t\t<\/div>\n\t\t\t\t\t<\/div>\n\t\t<\/section>\n\t\t\t\t<section class=\"elementor-section elementor-top-section elementor-element elementor-element-cd37a37 elementor-section-boxed elementor-section-height-default elementor-section-height-default\" data-id=\"cd37a37\" data-element_type=\"section\" data-e-type=\"section\">\n\t\t\t\t\t\t<div class=\"elementor-container elementor-column-gap-default\">\n\t\t\t\t\t<div class=\"elementor-column elementor-col-100 elementor-top-column elementor-element elementor-element-1b71114\" data-id=\"1b71114\" data-element_type=\"column\" data-e-type=\"column\">\n\t\t\t<div class=\"elementor-widget-wrap\">\n\t\t\t\t\t\t\t<\/div>\n\t\t<\/div>\n\t\t\t\t\t<\/div>\n\t\t<\/section>\n\t\t\t\t<\/div>\n\t\t","protected":false},"excerpt":{"rendered":"<p>SARIX&nbsp;TECHNOLOGIES MICRO USINAGE AVANC\u00c9, TECHNOLOGIE ET D\u00c9VELOPPEMENT Notre force est de rester \u00e0 la pointe de l&rsquo;int\u00e9gration et de l&rsquo;optimisation du processus technologique de micro-\u00e9lectro-\u00e9rosion, en r\u00e9pondant efficacement aux exigences du march\u00e9 par des tailles toujours plus petites et une plus grande pr\u00e9cision, tout en r\u00e9duisant les temps de cycle&#8230; SARIX&nbsp;Technologies permettant l&rsquo;innovation et la [&hellip;]<\/p>\n","protected":false},"author":1,"featured_media":0,"parent":0,"menu_order":0,"comment_status":"closed","ping_status":"closed","template":"","meta":{"footnotes":""},"categories":[76],"tags":[],"class_list":["post-4921","page","type-page","status-publish","hentry","category-technologies-fr"],"_links":{"self":[{"href":"https:\/\/www.sarix.com\/fr\/wp-json\/wp\/v2\/pages\/4921","targetHints":{"allow":["GET"]}}],"collection":[{"href":"https:\/\/www.sarix.com\/fr\/wp-json\/wp\/v2\/pages"}],"about":[{"href":"https:\/\/www.sarix.com\/fr\/wp-json\/wp\/v2\/types\/page"}],"author":[{"embeddable":true,"href":"https:\/\/www.sarix.com\/fr\/wp-json\/wp\/v2\/users\/1"}],"replies":[{"embeddable":true,"href":"https:\/\/www.sarix.com\/fr\/wp-json\/wp\/v2\/comments?post=4921"}],"version-history":[{"count":2,"href":"https:\/\/www.sarix.com\/fr\/wp-json\/wp\/v2\/pages\/4921\/revisions"}],"predecessor-version":[{"id":7115,"href":"https:\/\/www.sarix.com\/fr\/wp-json\/wp\/v2\/pages\/4921\/revisions\/7115"}],"wp:attachment":[{"href":"https:\/\/www.sarix.com\/fr\/wp-json\/wp\/v2\/media?parent=4921"}],"wp:term":[{"taxonomy":"category","embeddable":true,"href":"https:\/\/www.sarix.com\/fr\/wp-json\/wp\/v2\/categories?post=4921"},{"taxonomy":"post_tag","embeddable":true,"href":"https:\/\/www.sarix.com\/fr\/wp-json\/wp\/v2\/tags?post=4921"}],"curies":[{"name":"wp","href":"https:\/\/api.w.org\/{rel}","templated":true}]}}