{"id":4917,"date":"2023-09-06T20:16:48","date_gmt":"2023-09-06T20:16:48","guid":{"rendered":"https:\/\/www.sarix.com\/fraisage-3d-par-micro-electro-erosion\/"},"modified":"2025-09-18T07:33:37","modified_gmt":"2025-09-18T07:33:37","slug":"fraisage-3d-par-micro-electro-erosion","status":"publish","type":"page","link":"https:\/\/www.sarix.com\/fr\/sarix-technologies\/technologies-de-micro-erosion\/fraisage-3d-par-micro-electro-erosion\/","title":{"rendered":"Fraisage 3D par micro-\u00e9lectro-\u00e9rosion"},"content":{"rendered":"\t\t<div data-elementor-type=\"wp-page\" data-elementor-id=\"4917\" class=\"elementor elementor-4917 elementor-329\" data-elementor-post-type=\"page\">\n\t\t\t\t\t\t<section class=\"elementor-section elementor-top-section elementor-element elementor-element-03925dd elementor-section-boxed elementor-section-height-default elementor-section-height-default\" data-id=\"03925dd\" data-element_type=\"section\" data-e-type=\"section\">\n\t\t\t\t\t\t<div class=\"elementor-container elementor-column-gap-default\">\n\t\t\t\t\t<div class=\"elementor-column elementor-col-100 elementor-top-column elementor-element elementor-element-0d32d36\" data-id=\"0d32d36\" data-element_type=\"column\" data-e-type=\"column\">\n\t\t\t<div class=\"elementor-widget-wrap elementor-element-populated\">\n\t\t\t\t\t\t<section class=\"elementor-section elementor-inner-section elementor-element elementor-element-495c208 elementor-section-boxed elementor-section-height-default elementor-section-height-default\" data-id=\"495c208\" data-element_type=\"section\" data-e-type=\"section\">\n\t\t\t\t\t\t<div class=\"elementor-container elementor-column-gap-default\">\n\t\t\t\t\t<div class=\"elementor-column elementor-col-25 elementor-inner-column elementor-element elementor-element-5c7baa3\" data-id=\"5c7baa3\" data-element_type=\"column\" data-e-type=\"column\">\n\t\t\t<div class=\"elementor-widget-wrap elementor-element-populated\">\n\t\t\t\t\t\t<div class=\"elementor-element elementor-element-859de92 elementor-widget elementor-widget-text-editor\" data-id=\"859de92\" data-element_type=\"widget\" data-e-type=\"widget\" data-widget_type=\"text-editor.default\">\n\t\t\t\t<div class=\"elementor-widget-container\">\n\t\t\t\t\t\t\t\t\t<p><span style=\"color: var( --e-global-color-text ); font-size: 1em;\"><b>Fraisage 3D par micro-\u00e9lectro-\u00e9rosion<\/b><\/span><span style=\"color: var( --e-global-color-text ); font-weight: var( --e-global-typography-text-font-weight ); font-size: 1em;\"> <\/span><\/p>\n<p>Notre technologie permet le fraisage de cavit\u00e9s en 3D sans n\u00e9cessiter d&rsquo;\u00e9lectrodes de forme.<\/p>\n<p>Nous utilisons des micro-\u00e9lectrodes en carbure monobloc de haute pr\u00e9cision et des trajectoires de fraisage g\u00e9n\u00e9r\u00e9es par FAO pour obtenir une pr\u00e9cision d\u2019usinage sup\u00e9rieure \u00e0 l\u2019enfon\u00e7age.  <\/p>\n\t\t\t\t\t\t\t\t<\/div>\n\t\t\t\t<\/div>\n\t\t\t\t<div class=\"elementor-element elementor-element-ad01952 elementor-widget elementor-widget-image\" data-id=\"ad01952\" data-element_type=\"widget\" data-e-type=\"widget\" data-widget_type=\"image.default\">\n\t\t\t\t<div class=\"elementor-widget-container\">\n\t\t\t\t\t\t\t\t\t\t\t\t\t\t\t<img fetchpriority=\"high\" decoding=\"async\" width=\"231\" height=\"300\" src=\"https:\/\/www.sarix.com\/wp-content\/uploads\/2023\/09\/Milling-A-231x300.jpg\" class=\"attachment-medium size-medium wp-image-4204\" alt=\"\" srcset=\"https:\/\/www.sarix.com\/wp-content\/uploads\/2023\/09\/Milling-A-231x300.jpg 231w, https:\/\/www.sarix.com\/wp-content\/uploads\/2023\/09\/Milling-A.jpg 574w\" sizes=\"(max-width: 231px) 100vw, 231px\" \/>\t\t\t\t\t\t\t\t\t\t\t\t\t\t\t<\/div>\n\t\t\t\t<\/div>\n\t\t\t\t\t<\/div>\n\t\t<\/div>\n\t\t\t\t<div class=\"elementor-column elementor-col-25 elementor-inner-column elementor-element elementor-element-567b8bc\" data-id=\"567b8bc\" data-element_type=\"column\" data-e-type=\"column\">\n\t\t\t<div class=\"elementor-widget-wrap elementor-element-populated\">\n\t\t\t\t\t\t<div class=\"elementor-element elementor-element-81b6e99 elementor-widget elementor-widget-text-editor\" data-id=\"81b6e99\" data-element_type=\"widget\" data-e-type=\"widget\" data-widget_type=\"text-editor.default\">\n\t\t\t\t<div class=\"elementor-widget-container\">\n\t\t\t\t\t\t\t\t\t<p><b>Finition de surface \u00e9lev\u00e9e<\/b><\/p>\n<p>La large gamme de param\u00e8tres et d&rsquo;\u00e9nergies de micro-\u00e9rosion du g\u00e9n\u00e9rateur PULSAR permet d&rsquo;obtenir des qualit\u00e9s de surface jusqu&rsquo;\u00e0 Ra 0,05 \u03bcm.<\/p>\n\t\t\t\t\t\t\t\t<\/div>\n\t\t\t\t<\/div>\n\t\t\t\t<div class=\"elementor-element elementor-element-f2af14a elementor-widget elementor-widget-image\" data-id=\"f2af14a\" data-element_type=\"widget\" data-e-type=\"widget\" data-widget_type=\"image.default\">\n\t\t\t\t<div class=\"elementor-widget-container\">\n\t\t\t\t\t\t\t\t\t\t\t\t\t\t\t<img decoding=\"async\" src=\"https:\/\/www.sarix.com\/wp-content\/uploads\/elementor\/thumbs\/Milling-B-qc4jrn4zr4jr6d03491emn6q1t5tt4iuwa56vjlkgg.jpg\" title=\"Milling B\" alt=\"Milling B\" loading=\"lazy\" \/>\t\t\t\t\t\t\t\t\t\t\t\t\t\t\t<\/div>\n\t\t\t\t<\/div>\n\t\t\t\t<div class=\"elementor-element elementor-element-be4974f elementor-widget elementor-widget-image\" data-id=\"be4974f\" data-element_type=\"widget\" data-e-type=\"widget\" data-widget_type=\"image.default\">\n\t\t\t\t<div class=\"elementor-widget-container\">\n\t\t\t\t\t\t\t\t\t\t\t\t\t\t\t<img decoding=\"async\" width=\"150\" height=\"150\" src=\"https:\/\/www.sarix.com\/wp-content\/uploads\/2023\/09\/3DMicroEDMMilling-150x150.jpg\" class=\"attachment-thumbnail size-thumbnail wp-image-4034\" alt=\"\" srcset=\"https:\/\/www.sarix.com\/wp-content\/uploads\/2023\/09\/3DMicroEDMMilling-150x150.jpg 150w, https:\/\/www.sarix.com\/wp-content\/uploads\/2023\/09\/3DMicroEDMMilling-300x300.jpg 300w, https:\/\/www.sarix.com\/wp-content\/uploads\/2023\/09\/3DMicroEDMMilling-768x768.jpg 768w, https:\/\/www.sarix.com\/wp-content\/uploads\/2023\/09\/3DMicroEDMMilling-100x100.jpg 100w, https:\/\/www.sarix.com\/wp-content\/uploads\/2023\/09\/3DMicroEDMMilling.jpg 800w\" sizes=\"(max-width: 150px) 100vw, 150px\" \/>\t\t\t\t\t\t\t\t\t\t\t\t\t\t\t<\/div>\n\t\t\t\t<\/div>\n\t\t\t\t\t<\/div>\n\t\t<\/div>\n\t\t\t\t<div class=\"elementor-column elementor-col-25 elementor-inner-column elementor-element elementor-element-aef70da\" data-id=\"aef70da\" data-element_type=\"column\" data-e-type=\"column\">\n\t\t\t<div class=\"elementor-widget-wrap elementor-element-populated\">\n\t\t\t\t\t\t<div class=\"elementor-element elementor-element-e6880f6 elementor-widget elementor-widget-text-editor\" data-id=\"e6880f6\" data-element_type=\"widget\" data-e-type=\"widget\" data-widget_type=\"text-editor.default\">\n\t\t\t\t<div class=\"elementor-widget-container\">\n\t\t\t\t\t\t\t\t\t<p><b>Mise en forme des micro-\u00e9lectrodes<\/b><\/p>\n<p>Les \u00e9lectrodes cylindriques ou de forme peuvent \u00eatre form\u00e9es et mesur\u00e9es directement sur la machine, ce qui \u00e9limine toute erreur de manipulation et de serrage.<\/p>\n\t\t\t\t\t\t\t\t<\/div>\n\t\t\t\t<\/div>\n\t\t\t\t<div class=\"elementor-element elementor-element-62a0582 elementor-widget elementor-widget-image\" data-id=\"62a0582\" data-element_type=\"widget\" data-e-type=\"widget\" data-widget_type=\"image.default\">\n\t\t\t\t<div class=\"elementor-widget-container\">\n\t\t\t\t\t\t\t\t\t\t\t\t\t\t\t<img decoding=\"async\" width=\"640\" height=\"516\" src=\"https:\/\/www.sarix.com\/wp-content\/uploads\/2023\/09\/Milling-sample-6.jpg\" class=\"attachment-large size-large wp-image-4249\" alt=\"\" srcset=\"https:\/\/www.sarix.com\/wp-content\/uploads\/2023\/09\/Milling-sample-6.jpg 795w, https:\/\/www.sarix.com\/wp-content\/uploads\/2023\/09\/Milling-sample-6-300x242.jpg 300w, https:\/\/www.sarix.com\/wp-content\/uploads\/2023\/09\/Milling-sample-6-768x619.jpg 768w\" sizes=\"(max-width: 640px) 100vw, 640px\" \/>\t\t\t\t\t\t\t\t\t\t\t\t\t\t\t<\/div>\n\t\t\t\t<\/div>\n\t\t\t\t<div class=\"elementor-element elementor-element-eb90f4c elementor-widget elementor-widget-text-editor\" data-id=\"eb90f4c\" data-element_type=\"widget\" data-e-type=\"widget\" data-widget_type=\"text-editor.default\">\n\t\t\t\t<div class=\"elementor-widget-container\">\n\t\t\t\t\t\t\t\t\t<p style=\"font-size: 16px;\"><span style=\"font-weight: bold;\">Faits et r\u00e9sultats<\/span><\/p>\n<p style=\"font-size: 16px;\">Micro-fraisage 3D de formes complexes avec des rayons d&rsquo;angle allant jusqu&rsquo;\u00e0 3 microns<\/p>\n<p style=\"font-size: 16px;\">Parois d&rsquo;ailettes et profils de microstructures parfaits<\/p>\n<p style=\"font-size: 16px;\">Rectitude de la paroi tranchante<\/p>\n<p style=\"font-size: 16px;\">Contr\u00f4le parfait du niveau du sol jusqu&rsquo;\u00e0 2 microns<\/p>\t\t\t\t\t\t\t\t<\/div>\n\t\t\t\t<\/div>\n\t\t\t\t\t<\/div>\n\t\t<\/div>\n\t\t\t\t<div class=\"elementor-column elementor-col-25 elementor-inner-column elementor-element elementor-element-3963827\" data-id=\"3963827\" data-element_type=\"column\" data-e-type=\"column\">\n\t\t\t<div class=\"elementor-widget-wrap elementor-element-populated\">\n\t\t\t\t\t\t<div class=\"elementor-element elementor-element-ea79b8d elementor-widget elementor-widget-heading\" data-id=\"ea79b8d\" data-element_type=\"widget\" data-e-type=\"widget\" data-widget_type=\"heading.default\">\n\t\t\t\t<div class=\"elementor-widget-container\">\n\t\t\t\t\t<p class=\"elementor-heading-title elementor-size-default\">S\u00c9LECTION DE L'\u00c9CHANTILLON<\/p>\t\t\t\t<\/div>\n\t\t\t\t<\/div>\n\t\t\t\t<div class=\"elementor-element elementor-element-2662fbe elementor-widget elementor-widget-image\" data-id=\"2662fbe\" data-element_type=\"widget\" data-e-type=\"widget\" data-widget_type=\"image.default\">\n\t\t\t\t<div class=\"elementor-widget-container\">\n\t\t\t\t\t\t\t\t\t\t\t\t\t\t\t<img loading=\"lazy\" decoding=\"async\" width=\"300\" height=\"182\" src=\"https:\/\/www.sarix.com\/wp-content\/uploads\/2023\/09\/Milling-sample-3-300x182.jpg\" class=\"attachment-medium size-medium wp-image-4229\" alt=\"\" srcset=\"https:\/\/www.sarix.com\/wp-content\/uploads\/2023\/09\/Milling-sample-3-300x182.jpg 300w, https:\/\/www.sarix.com\/wp-content\/uploads\/2023\/09\/Milling-sample-3-768x466.jpg 768w, https:\/\/www.sarix.com\/wp-content\/uploads\/2023\/09\/Milling-sample-3.jpg 831w\" sizes=\"(max-width: 300px) 100vw, 300px\" \/>\t\t\t\t\t\t\t\t\t\t\t\t\t\t\t<\/div>\n\t\t\t\t<\/div>\n\t\t\t\t<div class=\"elementor-element elementor-element-c2c1173 elementor-widget elementor-widget-image\" data-id=\"c2c1173\" data-element_type=\"widget\" data-e-type=\"widget\" data-widget_type=\"image.default\">\n\t\t\t\t<div class=\"elementor-widget-container\">\n\t\t\t\t\t\t\t\t\t\t\t\t\t\t\t<img loading=\"lazy\" decoding=\"async\" width=\"300\" height=\"183\" src=\"https:\/\/www.sarix.com\/wp-content\/uploads\/2023\/09\/Milling-sample-4-300x183.jpg\" class=\"attachment-medium size-medium wp-image-4234\" alt=\"\" srcset=\"https:\/\/www.sarix.com\/wp-content\/uploads\/2023\/09\/Milling-sample-4-300x183.jpg 300w, https:\/\/www.sarix.com\/wp-content\/uploads\/2023\/09\/Milling-sample-4-768x468.jpg 768w, https:\/\/www.sarix.com\/wp-content\/uploads\/2023\/09\/Milling-sample-4.jpg 831w\" sizes=\"(max-width: 300px) 100vw, 300px\" \/>\t\t\t\t\t\t\t\t\t\t\t\t\t\t\t<\/div>\n\t\t\t\t<\/div>\n\t\t\t\t<div class=\"elementor-element elementor-element-5501151 elementor-widget elementor-widget-image\" data-id=\"5501151\" data-element_type=\"widget\" data-e-type=\"widget\" data-widget_type=\"image.default\">\n\t\t\t\t<div class=\"elementor-widget-container\">\n\t\t\t\t\t\t\t\t\t\t\t\t\t\t\t<img loading=\"lazy\" decoding=\"async\" width=\"300\" height=\"183\" src=\"https:\/\/www.sarix.com\/wp-content\/uploads\/2023\/09\/Milling-sample-5-300x183.jpg\" class=\"attachment-medium size-medium wp-image-4239\" alt=\"\" srcset=\"https:\/\/www.sarix.com\/wp-content\/uploads\/2023\/09\/Milling-sample-5-300x183.jpg 300w, https:\/\/www.sarix.com\/wp-content\/uploads\/2023\/09\/Milling-sample-5-768x469.jpg 768w, https:\/\/www.sarix.com\/wp-content\/uploads\/2023\/09\/Milling-sample-5.jpg 831w\" sizes=\"(max-width: 300px) 100vw, 300px\" \/>\t\t\t\t\t\t\t\t\t\t\t\t\t\t\t<\/div>\n\t\t\t\t<\/div>\n\t\t\t\t<div class=\"elementor-element elementor-element-1716b6c elementor-widget__width-auto elementor-widget elementor-widget-text-editor\" data-id=\"1716b6c\" data-element_type=\"widget\" data-e-type=\"widget\" data-widget_type=\"text-editor.default\">\n\t\t\t\t<div class=\"elementor-widget-container\">\n\t\t\t\t\t\t\t\t\t<p><span style=\"font-size: 1em; color: var( --e-global-color-text );\"><b>Nous relevons les d\u00e9fis les plus exigeants en mati\u00e8re de microcavit\u00e9s !<\/b><\/span><\/p>\n<p><b>Contactez-nous pour un essai gratuit !<\/b><\/p>\n\t\t\t\t\t\t\t\t<\/div>\n\t\t\t\t<\/div>\n\t\t\t\t\t<\/div>\n\t\t<\/div>\n\t\t\t\t\t<\/div>\n\t\t<\/section>\n\t\t\t\t\t<\/div>\n\t\t<\/div>\n\t\t\t\t\t<\/div>\n\t\t<\/section>\n\t\t\t\t<section class=\"elementor-section elementor-top-section elementor-element elementor-element-29049b4 elementor-section-full_width elementor-section-height-default elementor-section-height-default\" data-id=\"29049b4\" data-element_type=\"section\" data-e-type=\"section\">\n\t\t\t\t\t\t<div class=\"elementor-container elementor-column-gap-default\">\n\t\t\t\t\t<div class=\"elementor-column elementor-col-100 elementor-top-column elementor-element elementor-element-cbfa799\" data-id=\"cbfa799\" data-element_type=\"column\" data-e-type=\"column\">\n\t\t\t<div class=\"elementor-widget-wrap elementor-element-populated\">\n\t\t\t\t\t\t<div class=\"elementor-element elementor-element-a026af8 elementor-widget__width-initial fluent-form-widget-step-header-yes fluent-form-widget-step-progressbar-yes fluentform-widget-submit-button-custom elementor-widget elementor-widget-fluent-form-widget\" data-id=\"a026af8\" data-element_type=\"widget\" data-e-type=\"widget\" data-widget_type=\"fluent-form-widget.default\">\n\t\t\t\t<div class=\"elementor-widget-container\">\n\t\t\t\t\t\n            <div class=\"fluentform-widget-wrapper hide-placeholder hide-fluent-form-labels fluentform-widget-align-default\">\n\n            \n            <div class='fluentform ff-default fluentform_wrapper_78 ffs_default_wrap'><form data-form_id=\"78\" id=\"fluentform_78\" class=\"frm-fluent-form fluent_form_78 ff-el-form-top ff_form_instance_78_1 ff-form-loading ffs_default\" data-form_instance=\"ff_form_instance_78_1\" method=\"POST\" ><fieldset  style=\"border: none!important;margin: 0!important;padding: 0!important;background-color: transparent!important;box-shadow: none!important;outline: none!important; min-inline-size: 100%;\">\n                    <legend class=\"ff_screen_reader_title\" style=\"display: block; margin: 0!important;padding: 0!important;height: 0!important;text-indent: -999999px;width: 0!important;overflow:hidden;\">SARIX PAGE Micro EDM Milling Video 01-FRS (#78)<\/legend><input type='hidden' name='__fluent_form_embded_post_id' value='4917' \/><input type=\"hidden\" id=\"_fluentform_78_fluentformnonce\" name=\"_fluentform_78_fluentformnonce\" value=\"9fecaef6b6\" \/><input type=\"hidden\" name=\"_wp_http_referer\" value=\"\/fr\/wp-json\/wp\/v2\/pages\/4917\" \/><input type=\"hidden\" name=\"hidden\" value=\"216.73.217.109 - 14\/05\/2026 -  - unknown - \" data-name=\"hidden\" ><div class='ff-el-group ff-text-left ff_submit_btn_wrapper ff_submit_btn_wrapper_custom'><button class=\"ff-btn ff-btn-submit ff-btn-md ff_btn_style wpf_has_custom_css\" type=\"submit\" name=\"custom_submit_button-78_1\" data-name=\"custom_submit_button-78_1\"  aria-label=\"Voir la vid\u00e9o\">Voir la vid\u00e9o<\/button><style>form.fluent_form_78 .wpf_has_custom_css.ff-btn-submit { background-color:#1a7efb;border-color:#1a7efb;color:#ffffff; }form.fluent_form_78 .wpf_has_custom_css.ff-btn-submit:hover { background-color:#ffffff;border-color:#1a7efb;color:#1a7efb;min-width:100%; } <\/style><\/div><div data-name=\"ff_cn_id_1\"  class='ff-t-container ff-column-container ff_columns_total_1 '><div class='ff-t-cell ff-t-column-1' style='flex-basis: 100%;'><div class='ff-el-group  ff-custom_html' tabindex='-1' data-name=\"custom_html-78_2\" ><p><img loading=\"lazy\" decoding=\"async\" class=\"wp-image-13860 aligncenter\" src=\"http:\/\/www.sarix.com\/wp-content\/uploads\/2025\/04\/SX100_Moulding-2025-300x258.jpg\" alt=\"\" width=\"332\" height=\"285\" srcset=\"https:\/\/www.sarix.com\/wp-content\/uploads\/2025\/04\/SX100_Moulding-2025-300x258.jpg 300w, https:\/\/www.sarix.com\/wp-content\/uploads\/2025\/04\/SX100_Moulding-2025.jpg 654w\" sizes=\"(max-width: 332px) 100vw, 332px\" \/><\/p><\/div><\/div><\/div><div class='ff-el-group'><div class=\"ff-el-input--label asterisk-right\"><label   aria-label=\"Your opinion matters! How would you rate this video?\">Your opinion matters! How would you rate this video?<\/label><\/div><div class='ff-el-input--content'><div class='ff-el-ratings jss-ff-el-ratings' role='radiogroup'><label for=ratings_09e489632a88549f21070ec89681c5c3 class=''><input name=\"ratings\" data-name=\"ratings\" type=\"radio\"  id=ratings_09e489632a88549f21070ec89681c5c3 aria-valuenow='1' value='1' aria-required=false aria-invalid='false'><?xml version=\"1.0\" encoding=\"iso-8859-1\"?><svg class=\"jss-ff-svg ff-svg\" version=\"1.1\" xmlns=\"http:\/\/www.w3.org\/2000\/svg\" xmlns:xlink=\"http:\/\/www.w3.org\/1999\/xlink\" x=\"0px\" y=\"0px\" viewBox=\"0 0 53.867 53.867\" style=\"enable-background:new 0 0 53.867 53.867;\" xml:space=\"preserve\"><polygon points=\"26.934,1.318 35.256,18.182 53.867,20.887 40.4,34.013 43.579,52.549 26.934,43.798 10.288,52.549 13.467,34.013 0,20.887 18.611,18.182 \"\/><g><\/g><g><\/g><g><\/g><g><\/g><g><\/g><g><\/g><g><\/g><g><\/g><g><\/g><g><\/g><g><\/g><g><\/g><g><\/g><g><\/g><g><\/g><\/svg><\/label><label for=ratings_d92906c807cef9cc67fe8f64b857532d class=''><input name=\"ratings\" data-name=\"ratings\" type=\"radio\"  id=ratings_d92906c807cef9cc67fe8f64b857532d aria-valuenow='2' value='2' aria-required=false aria-invalid='false'><?xml version=\"1.0\" encoding=\"iso-8859-1\"?><svg class=\"jss-ff-svg ff-svg\" version=\"1.1\" xmlns=\"http:\/\/www.w3.org\/2000\/svg\" xmlns:xlink=\"http:\/\/www.w3.org\/1999\/xlink\" x=\"0px\" y=\"0px\" viewBox=\"0 0 53.867 53.867\" style=\"enable-background:new 0 0 53.867 53.867;\" xml:space=\"preserve\"><polygon points=\"26.934,1.318 35.256,18.182 53.867,20.887 40.4,34.013 43.579,52.549 26.934,43.798 10.288,52.549 13.467,34.013 0,20.887 18.611,18.182 \"\/><g><\/g><g><\/g><g><\/g><g><\/g><g><\/g><g><\/g><g><\/g><g><\/g><g><\/g><g><\/g><g><\/g><g><\/g><g><\/g><g><\/g><g><\/g><\/svg><\/label><label for=ratings_3402aed345eee68d0ed35f8b7c1beca7 class=''><input name=\"ratings\" data-name=\"ratings\" type=\"radio\"  id=ratings_3402aed345eee68d0ed35f8b7c1beca7 aria-valuenow='3' value='3' aria-required=false aria-invalid='false'><?xml version=\"1.0\" encoding=\"iso-8859-1\"?><svg class=\"jss-ff-svg ff-svg\" version=\"1.1\" xmlns=\"http:\/\/www.w3.org\/2000\/svg\" xmlns:xlink=\"http:\/\/www.w3.org\/1999\/xlink\" x=\"0px\" y=\"0px\" viewBox=\"0 0 53.867 53.867\" style=\"enable-background:new 0 0 53.867 53.867;\" xml:space=\"preserve\"><polygon points=\"26.934,1.318 35.256,18.182 53.867,20.887 40.4,34.013 43.579,52.549 26.934,43.798 10.288,52.549 13.467,34.013 0,20.887 18.611,18.182 \"\/><g><\/g><g><\/g><g><\/g><g><\/g><g><\/g><g><\/g><g><\/g><g><\/g><g><\/g><g><\/g><g><\/g><g><\/g><g><\/g><g><\/g><g><\/g><\/svg><\/label><label for=ratings_2f3819e5536ecf541ada3fced03d66ea class=''><input name=\"ratings\" data-name=\"ratings\" type=\"radio\"  id=ratings_2f3819e5536ecf541ada3fced03d66ea aria-valuenow='4' value='4' aria-required=false aria-invalid='false'><?xml version=\"1.0\" encoding=\"iso-8859-1\"?><svg class=\"jss-ff-svg ff-svg\" version=\"1.1\" xmlns=\"http:\/\/www.w3.org\/2000\/svg\" xmlns:xlink=\"http:\/\/www.w3.org\/1999\/xlink\" x=\"0px\" y=\"0px\" viewBox=\"0 0 53.867 53.867\" style=\"enable-background:new 0 0 53.867 53.867;\" xml:space=\"preserve\"><polygon points=\"26.934,1.318 35.256,18.182 53.867,20.887 40.4,34.013 43.579,52.549 26.934,43.798 10.288,52.549 13.467,34.013 0,20.887 18.611,18.182 \"\/><g><\/g><g><\/g><g><\/g><g><\/g><g><\/g><g><\/g><g><\/g><g><\/g><g><\/g><g><\/g><g><\/g><g><\/g><g><\/g><g><\/g><g><\/g><\/svg><\/label><label for=ratings_e3fe6b7879b2910c7a87e28fa5f3c486 class=''><input name=\"ratings\" data-name=\"ratings\" type=\"radio\"  id=ratings_e3fe6b7879b2910c7a87e28fa5f3c486 aria-valuenow='5' value='5' aria-required=false aria-invalid='false'><?xml version=\"1.0\" encoding=\"iso-8859-1\"?><svg class=\"jss-ff-svg ff-svg\" version=\"1.1\" xmlns=\"http:\/\/www.w3.org\/2000\/svg\" xmlns:xlink=\"http:\/\/www.w3.org\/1999\/xlink\" x=\"0px\" y=\"0px\" viewBox=\"0 0 53.867 53.867\" style=\"enable-background:new 0 0 53.867 53.867;\" xml:space=\"preserve\"><polygon points=\"26.934,1.318 35.256,18.182 53.867,20.887 40.4,34.013 43.579,52.549 26.934,43.798 10.288,52.549 13.467,34.013 0,20.887 18.611,18.182 \"\/><g><\/g><g><\/g><g><\/g><g><\/g><g><\/g><g><\/g><g><\/g><g><\/g><g><\/g><g><\/g><g><\/g><g><\/g><g><\/g><g><\/g><g><\/g><\/svg><\/label><\/div><span style='display: none' class='ff-el-rating-text' data-id='ratings_09e489632a88549f21070ec89681c5c3'>Nice<\/span><span style='display: none' class='ff-el-rating-text' data-id='ratings_d92906c807cef9cc67fe8f64b857532d'>Good<\/span><span style='display: none' class='ff-el-rating-text' data-id='ratings_3402aed345eee68d0ed35f8b7c1beca7'>Very Good<\/span><span style='display: none' class='ff-el-rating-text' data-id='ratings_2f3819e5536ecf541ada3fced03d66ea'>Awesome<\/span><span style='display: none' class='ff-el-rating-text' data-id='ratings_e3fe6b7879b2910c7a87e28fa5f3c486'>Amazing<\/span><\/div><\/div><\/fieldset><\/form><div id='fluentform_78_errors' class='ff-errors-in-stack ff_form_instance_78_1 ff-form-loading_errors ff_form_instance_78_1_errors'><\/div><\/div>            <script type=\"text\/javascript\">\n                window.fluent_form_ff_form_instance_78_1 = {\"id\":\"78\",\"ajaxUrl\":\"https:\\\/\\\/www.sarix.com\\\/wp-admin\\\/admin-ajax.php\",\"settings\":{\"layout\":{\"labelPlacement\":\"top\",\"helpMessagePlacement\":\"with_label\",\"errorMessagePlacement\":\"inline\",\"cssClassName\":\"\",\"asteriskPlacement\":\"asterisk-right\"},\"restrictions\":{\"denyEmptySubmission\":{\"enabled\":false}}},\"form_instance\":\"ff_form_instance_78_1\",\"form_id_selector\":\"fluentform_78\",\"rules\":{\"ratings\":{\"required\":{\"value\":false,\"message\":\"This field is required\",\"global_message\":\"This field is required\",\"global\":true}}},\"debounce_time\":300};\n                            <\/script>\n                        <\/div>\n\n            \t\t\t\t<\/div>\n\t\t\t\t<\/div>\n\t\t\t\t\t<\/div>\n\t\t<\/div>\n\t\t\t\t\t<\/div>\n\t\t<\/section>\n\t\t\t\t<\/div>\n\t\t","protected":false},"excerpt":{"rendered":"<p>Fraisage 3D par micro-\u00e9lectro-\u00e9rosion Notre technologie permet le fraisage de cavit\u00e9s en 3D sans n\u00e9cessiter d&rsquo;\u00e9lectrodes de forme. Nous utilisons des micro-\u00e9lectrodes en carbure monobloc de haute pr\u00e9cision et des trajectoires de fraisage g\u00e9n\u00e9r\u00e9es par FAO pour obtenir une pr\u00e9cision d\u2019usinage sup\u00e9rieure \u00e0 l\u2019enfon\u00e7age. Finition de surface \u00e9lev\u00e9e La large gamme de param\u00e8tres et d&rsquo;\u00e9nergies [&hellip;]<\/p>\n","protected":false},"author":1,"featured_media":0,"parent":4919,"menu_order":0,"comment_status":"closed","ping_status":"closed","template":"","meta":{"footnotes":""},"categories":[8],"tags":[],"class_list":["post-4917","page","type-page","status-publish","hentry","category-technologies"],"_links":{"self":[{"href":"https:\/\/www.sarix.com\/fr\/wp-json\/wp\/v2\/pages\/4917","targetHints":{"allow":["GET"]}}],"collection":[{"href":"https:\/\/www.sarix.com\/fr\/wp-json\/wp\/v2\/pages"}],"about":[{"href":"https:\/\/www.sarix.com\/fr\/wp-json\/wp\/v2\/types\/page"}],"author":[{"embeddable":true,"href":"https:\/\/www.sarix.com\/fr\/wp-json\/wp\/v2\/users\/1"}],"replies":[{"embeddable":true,"href":"https:\/\/www.sarix.com\/fr\/wp-json\/wp\/v2\/comments?post=4917"}],"version-history":[{"count":13,"href":"https:\/\/www.sarix.com\/fr\/wp-json\/wp\/v2\/pages\/4917\/revisions"}],"predecessor-version":[{"id":15108,"href":"https:\/\/www.sarix.com\/fr\/wp-json\/wp\/v2\/pages\/4917\/revisions\/15108"}],"up":[{"embeddable":true,"href":"https:\/\/www.sarix.com\/fr\/wp-json\/wp\/v2\/pages\/4919"}],"wp:attachment":[{"href":"https:\/\/www.sarix.com\/fr\/wp-json\/wp\/v2\/media?parent=4917"}],"wp:term":[{"taxonomy":"category","embeddable":true,"href":"https:\/\/www.sarix.com\/fr\/wp-json\/wp\/v2\/categories?post=4917"},{"taxonomy":"post_tag","embeddable":true,"href":"https:\/\/www.sarix.com\/fr\/wp-json\/wp\/v2\/tags?post=4917"}],"curies":[{"name":"wp","href":"https:\/\/api.w.org\/{rel}","templated":true}]}}