{"id":4912,"date":"2023-09-06T20:29:45","date_gmt":"2023-09-06T20:29:45","guid":{"rendered":"https:\/\/www.sarix.com\/trou-conique-et-cone-inverse\/"},"modified":"2025-09-18T07:36:09","modified_gmt":"2025-09-18T07:36:09","slug":"trou-conique-et-cone-inverse","status":"publish","type":"page","link":"https:\/\/www.sarix.com\/fr\/sarix-technologies\/technologies-de-micro-erosion\/trou-conique-et-cone-inverse\/","title":{"rendered":"Trou conique et c\u00f4ne inverse"},"content":{"rendered":"\t\t<div data-elementor-type=\"wp-page\" data-elementor-id=\"4912\" class=\"elementor elementor-4912 elementor-346\" data-elementor-post-type=\"page\">\n\t\t\t\t\t\t<section class=\"elementor-section elementor-top-section elementor-element elementor-element-d644a8a elementor-section-boxed elementor-section-height-default elementor-section-height-default\" data-id=\"d644a8a\" data-element_type=\"section\" data-e-type=\"section\">\n\t\t\t\t\t\t<div class=\"elementor-container elementor-column-gap-default\">\n\t\t\t\t\t<div class=\"elementor-column elementor-col-100 elementor-top-column elementor-element elementor-element-817e526\" data-id=\"817e526\" data-element_type=\"column\" data-e-type=\"column\">\n\t\t\t<div class=\"elementor-widget-wrap elementor-element-populated\">\n\t\t\t\t\t\t<section class=\"elementor-section elementor-inner-section elementor-element elementor-element-ca5eda5 elementor-section-boxed elementor-section-height-default elementor-section-height-default\" data-id=\"ca5eda5\" data-element_type=\"section\" data-e-type=\"section\">\n\t\t\t\t\t\t<div class=\"elementor-container elementor-column-gap-default\">\n\t\t\t\t\t<div class=\"elementor-column elementor-col-25 elementor-inner-column elementor-element elementor-element-d40ac93\" data-id=\"d40ac93\" data-element_type=\"column\" data-e-type=\"column\">\n\t\t\t<div class=\"elementor-widget-wrap elementor-element-populated\">\n\t\t\t\t\t\t<div class=\"elementor-element elementor-element-8874c21 elementor-widget elementor-widget-text-editor\" data-id=\"8874c21\" data-element_type=\"widget\" data-e-type=\"widget\" data-widget_type=\"text-editor.default\">\n\t\t\t\t<div class=\"elementor-widget-container\">\n\t\t\t\t\t\t\t\t\t<p style=\"font-size: 16px;\"><span style=\"font-weight: bold;\">Trous cylindriques de haute pr\u00e9cision avec profil conique et invers\u00e9<\/span><\/p>\n\t\t\t\t\t\t\t\t<\/div>\n\t\t\t\t<\/div>\n\t\t\t\t<div class=\"elementor-element elementor-element-8d3c372 elementor-widget elementor-widget-text-editor\" data-id=\"8d3c372\" data-element_type=\"widget\" data-e-type=\"widget\" data-widget_type=\"text-editor.default\">\n\t\t\t\t<div class=\"elementor-widget-container\">\n\t\t\t\t\t\t\t\t\t<p><span style=\"color: var( --e-global-color-text ); font-weight: var( --e-global-typography-text-font-weight );\">Avec une tendance croissante \u00e0 la miniaturisation, SARIX, sur la base de sa forte exp\u00e9rience dans les technologies de per\u00e7age par micro-\u00e9rosion, a d\u00e9velopp\u00e9 une solution productive haut de gamme am\u00e9lior\u00e9e et d\u00e9di\u00e9e \u00e0 la production de masse.  <\/span><\/p>\n<p><span style=\"color: var( --e-global-color-text ); font-weight: var( --e-global-typography-text-font-weight );\">La qualit\u00e9 d&rsquo;usinage des buses de pulv\u00e9risation, qui affectent directement les performances d&rsquo;injection et l&rsquo;efficacit\u00e9 de la combustion des moteurs diesel, n\u00e9cessite un contr\u00f4le parfait de la conicit\u00e9 du trou selon le principe de la conicit\u00e9 inverse. Cette technologie avanc\u00e9e et performante a ouvert la voie \u00e0 la fabrication de dispositifs automobiles de transmission pour l&rsquo;injection de diesel et d&rsquo;essence, conform\u00e9ment \u00e0 des r\u00e9glementations moins strictes en mati\u00e8re d&rsquo;\u00e9missions et d&rsquo;\u00e9conomie de carburant. Les technologies cl\u00e9s concernent l&rsquo;alimentation de l&rsquo;\u00e9lectrode, le serrage rotatif parfait de l&rsquo;\u00e9lectrode, les pointes des m\u00e9canismes de basculement multifonctionnels et les commandes du processus de micro-\u00e9lectrode.<\/span><\/p><\/p>\n\t\t\t\t\t\t\t\t<\/div>\n\t\t\t\t<\/div>\n\t\t\t\t<div class=\"elementor-element elementor-element-d9acf24 elementor-widget elementor-widget-image\" data-id=\"d9acf24\" data-element_type=\"widget\" data-e-type=\"widget\" data-widget_type=\"image.default\">\n\t\t\t\t<div class=\"elementor-widget-container\">\n\t\t\t\t\t\t\t\t\t\t\t\t\t\t\t<img fetchpriority=\"high\" decoding=\"async\" width=\"454\" height=\"366\" src=\"https:\/\/www.sarix.com\/wp-content\/uploads\/2023\/09\/Taper-hole-b.jpg\" class=\"attachment-large size-large wp-image-4444\" alt=\"\" srcset=\"https:\/\/www.sarix.com\/wp-content\/uploads\/2023\/09\/Taper-hole-b.jpg 454w, https:\/\/www.sarix.com\/wp-content\/uploads\/2023\/09\/Taper-hole-b-300x242.jpg 300w\" sizes=\"(max-width: 454px) 100vw, 454px\" \/>\t\t\t\t\t\t\t\t\t\t\t\t\t\t\t<\/div>\n\t\t\t\t<\/div>\n\t\t\t\t\t<\/div>\n\t\t<\/div>\n\t\t\t\t<div class=\"elementor-column elementor-col-25 elementor-inner-column elementor-element elementor-element-7a82c09\" data-id=\"7a82c09\" data-element_type=\"column\" data-e-type=\"column\">\n\t\t\t<div class=\"elementor-widget-wrap elementor-element-populated\">\n\t\t\t\t\t\t<div class=\"elementor-element elementor-element-5494d49 elementor-widget elementor-widget-text-editor\" data-id=\"5494d49\" data-element_type=\"widget\" data-e-type=\"widget\" data-widget_type=\"text-editor.default\">\n\t\t\t\t<div class=\"elementor-widget-container\">\n\t\t\t\t\t\t\t\t\t<p><b>Trous droits et coniques<\/b><\/p>\n<p><span style=\"color: var( --e-global-color-text ); font-weight: var( --e-global-typography-text-font-weight ); font-size: 1em;\">La technologie SARIX \u03bc-EDM int\u00e9gr\u00e9e permet un usinage de haute qualit\u00e9 et efficacit\u00e9 r\u00e9pondant aux besoins des possibilit\u00e9s de production de masse<\/span><span style=\"color: var( --e-global-color-text ); font-size: 1em; font-weight: var( --e-global-typography-text-font-weight );\"> <\/span><\/p>\n\t\t\t\t\t\t\t\t<\/div>\n\t\t\t\t<\/div>\n\t\t\t\t<div class=\"elementor-element elementor-element-c6dd938 elementor-widget elementor-widget-image\" data-id=\"c6dd938\" data-element_type=\"widget\" data-e-type=\"widget\" data-widget_type=\"image.default\">\n\t\t\t\t<div class=\"elementor-widget-container\">\n\t\t\t\t\t\t\t\t\t\t\t\t\t\t\t<img decoding=\"async\" width=\"439\" height=\"692\" src=\"https:\/\/www.sarix.com\/wp-content\/uploads\/2023\/09\/Taper-hole-a.jpg\" class=\"attachment-large size-large wp-image-4449\" alt=\"\" srcset=\"https:\/\/www.sarix.com\/wp-content\/uploads\/2023\/09\/Taper-hole-a.jpg 439w, https:\/\/www.sarix.com\/wp-content\/uploads\/2023\/09\/Taper-hole-a-190x300.jpg 190w\" sizes=\"(max-width: 439px) 100vw, 439px\" \/>\t\t\t\t\t\t\t\t\t\t\t\t\t\t\t<\/div>\n\t\t\t\t<\/div>\n\t\t\t\t<div class=\"elementor-element elementor-element-3e98cad elementor-widget elementor-widget-text-editor\" data-id=\"3e98cad\" data-element_type=\"widget\" data-e-type=\"widget\" data-widget_type=\"text-editor.default\">\n\t\t\t\t<div class=\"elementor-widget-container\">\n\t\t\t\t\t\t\t\t\t<p><span style=\"color: var( --e-global-color-text ); font-weight: var( --e-global-typography-text-font-weight );\">Pince de serrage d&rsquo;\u00e9lectrodes de haute pr\u00e9cision avec pointe de guidage con\u00e7ue pr\u00e9cis\u00e9ment pour alimenter les plus petites \u00e9lectrodes jusqu&rsquo;\u00e0 30 microns.<\/span><\/p><\/p>\n\t\t\t\t\t\t\t\t<\/div>\n\t\t\t\t<\/div>\n\t\t\t\t\t<\/div>\n\t\t<\/div>\n\t\t\t\t<div class=\"elementor-column elementor-col-25 elementor-inner-column elementor-element elementor-element-77f0263\" data-id=\"77f0263\" data-element_type=\"column\" data-e-type=\"column\">\n\t\t\t<div class=\"elementor-widget-wrap elementor-element-populated\">\n\t\t\t\t\t\t<div class=\"elementor-element elementor-element-cee5913 elementor-widget elementor-widget-spacer\" data-id=\"cee5913\" data-element_type=\"widget\" data-e-type=\"widget\" data-widget_type=\"spacer.default\">\n\t\t\t\t<div class=\"elementor-widget-container\">\n\t\t\t\t\t\t\t<div class=\"elementor-spacer\">\n\t\t\t<div class=\"elementor-spacer-inner\"><\/div>\n\t\t<\/div>\n\t\t\t\t\t\t<\/div>\n\t\t\t\t<\/div>\n\t\t\t\t<div class=\"elementor-element elementor-element-977448a elementor-widget elementor-widget-text-editor\" data-id=\"977448a\" data-element_type=\"widget\" data-e-type=\"widget\" data-widget_type=\"text-editor.default\">\n\t\t\t\t<div class=\"elementor-widget-container\">\n\t\t\t\t\t\t\t\t\t<p style=\"font-size: 16px;\"><span style=\"font-weight: bold;\">Faits et r\u00e9sultats<\/span><\/p>\n\t\t\t\t\t\t\t\t<\/div>\n\t\t\t\t<\/div>\n\t\t\t\t<div class=\"elementor-element elementor-element-3ae8088 elementor-widget elementor-widget-text-editor\" data-id=\"3ae8088\" data-element_type=\"widget\" data-e-type=\"widget\" data-widget_type=\"text-editor.default\">\n\t\t\t\t<div class=\"elementor-widget-container\">\n\t\t\t\t\t\t\t\t\t<p>Trou&nbsp;&nbsp;<span style=\"font-family: Roboto, sans-serif;\">\u00d8 <\/span>de<span style=\"color: var( --e-global-color-text ); font-family: Roboto, sans-serif; font-size: 1em;\">&nbsp;50 \u00b5m \u00e0 1,0 mm<\/span><\/p>\n<p><span style=\"color: var( --e-global-color-text );\">Trou conique avec conicit\u00e9 inverse jusqu&rsquo;\u00e0 10-20&nbsp;&nbsp;<\/span><span style=\"color: var( --e-global-color-text ); font-family: Roboto, sans-serif; font-size: 1em;\">\u00b5m<\/span><\/p><p><span style=\"color: var( --e-global-color-text ); font-family: Roboto, sans-serif; font-size: 1em;\">Rapport diam\u00e8tre\/profondeur du trou jusqu&rsquo;\u00e0 10-12 fois<\/span><\/p><p><span style=\"color: var( --e-global-color-text ); font-family: Roboto, sans-serif; font-size: 1em;\">Trous de forme ovale, carr\u00e9e et rectangulaire<\/span><\/p><p><span style=\"color: var( --e-global-color-text ); font-family: Roboto, sans-serif; font-size: 1em;\">Finition de surface \u00e9lev\u00e9e jusqu&rsquo;\u00e0 Ra 0,05&nbsp;<\/span><span style=\"color: var( --e-global-color-text ); font-family: Roboto, sans-serif; font-size: 1em;\">\u00b5m<\/span><\/p>\t\t\t\t\t\t\t\t<\/div>\n\t\t\t\t<\/div>\n\t\t\t\t<div class=\"elementor-element elementor-element-3afc751 elementor-widget elementor-widget-spacer\" data-id=\"3afc751\" data-element_type=\"widget\" data-e-type=\"widget\" data-widget_type=\"spacer.default\">\n\t\t\t\t<div class=\"elementor-widget-container\">\n\t\t\t\t\t\t\t<div class=\"elementor-spacer\">\n\t\t\t<div class=\"elementor-spacer-inner\"><\/div>\n\t\t<\/div>\n\t\t\t\t\t\t<\/div>\n\t\t\t\t<\/div>\n\t\t\t\t\t<\/div>\n\t\t<\/div>\n\t\t\t\t<div class=\"elementor-column elementor-col-25 elementor-inner-column elementor-element elementor-element-d39ff5a\" data-id=\"d39ff5a\" data-element_type=\"column\" data-e-type=\"column\">\n\t\t\t<div class=\"elementor-widget-wrap elementor-element-populated\">\n\t\t\t\t\t\t<div class=\"elementor-element elementor-element-8c98a8c elementor-widget elementor-widget-heading\" data-id=\"8c98a8c\" data-element_type=\"widget\" data-e-type=\"widget\" data-widget_type=\"heading.default\">\n\t\t\t\t<div class=\"elementor-widget-container\">\n\t\t\t\t\t<p class=\"elementor-heading-title elementor-size-default\">S\u00c9LECTION DE L'\u00c9CHANTILLON<\/p>\t\t\t\t<\/div>\n\t\t\t\t<\/div>\n\t\t\t\t<div class=\"elementor-element elementor-element-5c4cc00 elementor-widget elementor-widget-image\" data-id=\"5c4cc00\" data-element_type=\"widget\" data-e-type=\"widget\" data-widget_type=\"image.default\">\n\t\t\t\t<div class=\"elementor-widget-container\">\n\t\t\t\t\t\t\t\t\t\t\t\t\t\t\t<img decoding=\"async\" width=\"300\" height=\"248\" src=\"https:\/\/www.sarix.com\/wp-content\/uploads\/2023\/09\/Tubing-1-300x248.jpg\" class=\"attachment-medium size-medium wp-image-4289\" alt=\"\" srcset=\"https:\/\/www.sarix.com\/wp-content\/uploads\/2023\/09\/Tubing-1-300x248.jpg 300w, https:\/\/www.sarix.com\/wp-content\/uploads\/2023\/09\/Tubing-1.jpg 510w\" sizes=\"(max-width: 300px) 100vw, 300px\" \/>\t\t\t\t\t\t\t\t\t\t\t\t\t\t\t<\/div>\n\t\t\t\t<\/div>\n\t\t\t\t<div class=\"elementor-element elementor-element-9f389a9 elementor-widget elementor-widget-image\" data-id=\"9f389a9\" data-element_type=\"widget\" data-e-type=\"widget\" data-widget_type=\"image.default\">\n\t\t\t\t<div class=\"elementor-widget-container\">\n\t\t\t\t\t\t\t\t\t\t\t\t\t\t\t<img loading=\"lazy\" decoding=\"async\" width=\"150\" height=\"150\" src=\"https:\/\/www.sarix.com\/wp-content\/uploads\/2023\/09\/Medical-components-150x150.jpg\" class=\"attachment-thumbnail size-thumbnail wp-image-4199\" alt=\"\" srcset=\"https:\/\/www.sarix.com\/wp-content\/uploads\/2023\/09\/Medical-components-150x150.jpg 150w, https:\/\/www.sarix.com\/wp-content\/uploads\/2023\/09\/Medical-components-298x300.jpg 298w, https:\/\/www.sarix.com\/wp-content\/uploads\/2023\/09\/Medical-components-1017x1024.jpg 1017w, https:\/\/www.sarix.com\/wp-content\/uploads\/2023\/09\/Medical-components-768x773.jpg 768w, https:\/\/www.sarix.com\/wp-content\/uploads\/2023\/09\/Medical-components-100x100.jpg 100w, https:\/\/www.sarix.com\/wp-content\/uploads\/2023\/09\/Medical-components.jpg 1026w\" sizes=\"(max-width: 150px) 100vw, 150px\" \/>\t\t\t\t\t\t\t\t\t\t\t\t\t\t\t<\/div>\n\t\t\t\t<\/div>\n\t\t\t\t<div class=\"elementor-element elementor-element-09d8c19 elementor-widget__width-auto elementor-widget elementor-widget-text-editor\" data-id=\"09d8c19\" data-element_type=\"widget\" data-e-type=\"widget\" data-widget_type=\"text-editor.default\">\n\t\t\t\t<div class=\"elementor-widget-container\">\n\t\t\t\t\t\t\t\t\t<p><span style=\"font-size: 1em; color: var( --e-global-color-text );\"><b>Nous relevons les d\u00e9fis les plus exigeants en mati\u00e8re de micro-per\u00e7age !<\/b><\/span><\/p>\n<p><b>Contactez-nous pour un essai gratuit !<\/b><\/p>\n\t\t\t\t\t\t\t\t<\/div>\n\t\t\t\t<\/div>\n\t\t\t\t\t<\/div>\n\t\t<\/div>\n\t\t\t\t\t<\/div>\n\t\t<\/section>\n\t\t\t\t\t<\/div>\n\t\t<\/div>\n\t\t\t\t\t<\/div>\n\t\t<\/section>\n\t\t\t\t<\/div>\n\t\t","protected":false},"excerpt":{"rendered":"<p>Trous cylindriques de haute pr\u00e9cision avec profil conique et invers\u00e9 Avec une tendance croissante \u00e0 la miniaturisation, SARIX, sur la base de sa forte exp\u00e9rience dans les technologies de per\u00e7age par micro-\u00e9rosion, a d\u00e9velopp\u00e9 une solution productive haut de gamme am\u00e9lior\u00e9e et d\u00e9di\u00e9e \u00e0 la production de masse. La qualit\u00e9 d&rsquo;usinage des buses de pulv\u00e9risation, [&hellip;]<\/p>\n","protected":false},"author":1,"featured_media":0,"parent":4919,"menu_order":0,"comment_status":"closed","ping_status":"closed","template":"","meta":{"footnotes":""},"categories":[8],"tags":[],"class_list":["post-4912","page","type-page","status-publish","hentry","category-technologies"],"_links":{"self":[{"href":"https:\/\/www.sarix.com\/fr\/wp-json\/wp\/v2\/pages\/4912","targetHints":{"allow":["GET"]}}],"collection":[{"href":"https:\/\/www.sarix.com\/fr\/wp-json\/wp\/v2\/pages"}],"about":[{"href":"https:\/\/www.sarix.com\/fr\/wp-json\/wp\/v2\/types\/page"}],"author":[{"embeddable":true,"href":"https:\/\/www.sarix.com\/fr\/wp-json\/wp\/v2\/users\/1"}],"replies":[{"embeddable":true,"href":"https:\/\/www.sarix.com\/fr\/wp-json\/wp\/v2\/comments?post=4912"}],"version-history":[{"count":5,"href":"https:\/\/www.sarix.com\/fr\/wp-json\/wp\/v2\/pages\/4912\/revisions"}],"predecessor-version":[{"id":15135,"href":"https:\/\/www.sarix.com\/fr\/wp-json\/wp\/v2\/pages\/4912\/revisions\/15135"}],"up":[{"embeddable":true,"href":"https:\/\/www.sarix.com\/fr\/wp-json\/wp\/v2\/pages\/4919"}],"wp:attachment":[{"href":"https:\/\/www.sarix.com\/fr\/wp-json\/wp\/v2\/media?parent=4912"}],"wp:term":[{"taxonomy":"category","embeddable":true,"href":"https:\/\/www.sarix.com\/fr\/wp-json\/wp\/v2\/categories?post=4912"},{"taxonomy":"post_tag","embeddable":true,"href":"https:\/\/www.sarix.com\/fr\/wp-json\/wp\/v2\/tags?post=4912"}],"curies":[{"name":"wp","href":"https:\/\/api.w.org\/{rel}","templated":true}]}}