{"id":4909,"date":"2023-09-06T20:34:58","date_gmt":"2023-09-06T20:34:58","guid":{"rendered":"https:\/\/www.sarix.com\/sx-btd-detection-de-la-percee-de-lelectrode\/"},"modified":"2023-12-05T07:49:02","modified_gmt":"2023-12-05T07:49:02","slug":"sx-btd-detection-de-la-percee-de-lelectrode","status":"publish","type":"page","link":"https:\/\/www.sarix.com\/fr\/sarix-technologies\/technologies-de-micro-erosion\/sx-btd-detection-de-la-percee-de-lelectrode\/","title":{"rendered":"SX-BTD &#8211; D\u00e9tection de la perc\u00e9e de l&rsquo;\u00e9lectrode"},"content":{"rendered":"\t\t<div data-elementor-type=\"wp-page\" data-elementor-id=\"4909\" class=\"elementor elementor-4909 elementor-356\" data-elementor-post-type=\"page\">\n\t\t\t\t\t\t<section class=\"elementor-section elementor-top-section elementor-element elementor-element-d35efa0 elementor-section-boxed elementor-section-height-default elementor-section-height-default\" data-id=\"d35efa0\" data-element_type=\"section\" data-e-type=\"section\">\n\t\t\t\t\t\t<div class=\"elementor-container elementor-column-gap-default\">\n\t\t\t\t\t<div class=\"elementor-column elementor-col-100 elementor-top-column elementor-element elementor-element-648d110\" data-id=\"648d110\" data-element_type=\"column\" data-e-type=\"column\">\n\t\t\t<div class=\"elementor-widget-wrap elementor-element-populated\">\n\t\t\t\t\t\t<section class=\"elementor-section elementor-inner-section elementor-element elementor-element-53f6f40 elementor-section-boxed elementor-section-height-default elementor-section-height-default\" data-id=\"53f6f40\" data-element_type=\"section\" data-e-type=\"section\">\n\t\t\t\t\t\t<div class=\"elementor-container elementor-column-gap-default\">\n\t\t\t\t\t<div class=\"elementor-column elementor-col-25 elementor-inner-column elementor-element elementor-element-d4009fc\" data-id=\"d4009fc\" data-element_type=\"column\" data-e-type=\"column\">\n\t\t\t<div class=\"elementor-widget-wrap elementor-element-populated\">\n\t\t\t\t\t\t<div class=\"elementor-element elementor-element-7df167f elementor-widget elementor-widget-text-editor\" data-id=\"7df167f\" data-element_type=\"widget\" data-e-type=\"widget\" data-widget_type=\"text-editor.default\">\n\t\t\t\t<div class=\"elementor-widget-container\">\n\t\t\t\t\t\t\t\t\t<p style=\"\"><b>Forage rapide et pr\u00e9cis avec d\u00e9tection fiable de la travers\u00e9e de la paroi. D\u00e9tection pr\u00e9cise sans interf\u00e9rence<\/b><\/p>\n<p style=\"font-size: 16px;\">D\u00e9tection efficace du franchissement des murs<br>sans impact sur la paroi arri\u00e8re<span style=\"font-weight: bold;\"><br><\/span><\/p>\t\t\t\t\t\t\t\t<\/div>\n\t\t\t\t<\/div>\n\t\t\t\t<div class=\"elementor-element elementor-element-598b1be elementor-widget elementor-widget-text-editor\" data-id=\"598b1be\" data-element_type=\"widget\" data-e-type=\"widget\" data-widget_type=\"text-editor.default\">\n\t\t\t\t<div class=\"elementor-widget-container\">\n\t\t\t\t\t\t\t\t\t<p style=\"font-size: 16px;\">Les trous dans les pales ou les aubes de la turbine restent essentiels pour \u00e9viter la surchauffe pendant l&rsquo;utilisation du moteur. L&rsquo;une des \u00e9tapes les plus importantes consiste \u00e0 produire les trous de refroidissement critiques de ces composants de turbines et de moteurs \u00e0 r\u00e9action. En ce qui concerne les technologies de fabrication de ces pi\u00e8ces strat\u00e9giques en tant que structure de moulage creuse, le per\u00e7age par \u00e9lectro\u00e9rosion de ces trous a toujours \u00e9t\u00e9 une \u00e9tape importante, avec la prise en compte de l&rsquo;usinage par impact de la paroi arri\u00e8re ou, plus encore, du r\u00e9sultat du sur-per\u00e7age. Aujourd&rsquo;hui, le processus de moulage am\u00e9lior\u00e9 permet de r\u00e9aliser des cavit\u00e9s int\u00e9rieures complexes avec des profils \u00e9troits d&rsquo;environ 0,5 mm de large. Des variations de coul\u00e9e dans la structure creuse sont toujours possibles et augmentent les difficult\u00e9s du processus de forage, pour maintenir l&rsquo;\u00e9lectrode par la courte cavit\u00e9 d&rsquo;entr\u00e9e et \u00e9viter m\u00eame de toucher la paroi arri\u00e8re.<\/p>\n<p style=\"font-size: 16px;\">\n<p style=\"font-size: 16px;\">S&rsquo;appuyant sur une longue exp\u00e9rience et un savoir-faire technologique en mati\u00e8re de contr\u00f4le parfait du traitement des trous, SARIX a introduit, depuis sa cr\u00e9ation, le g\u00e9n\u00e9rateur SX-MPS dot\u00e9 d&rsquo;un logiciel de contr\u00f4le efficace et pr\u00e9cis de la d\u00e9tection de la perc\u00e9e de l&rsquo;\u00e9lectrode. Le contr\u00f4leur de per\u00e7age Micro EDM avanc\u00e9 permet une d\u00e9tection servo fine pour d\u00e9tecter tout changement dans les param\u00e8tres pendant le per\u00e7age de la cavit\u00e9 murale.  <\/p>\n<p style=\"font-size: 16px;\">\n<p style=\"font-size: 16px;\">\n\t\t\t\t\t\t\t\t<\/div>\n\t\t\t\t<\/div>\n\t\t\t\t\t<\/div>\n\t\t<\/div>\n\t\t\t\t<div class=\"elementor-column elementor-col-25 elementor-inner-column elementor-element elementor-element-fcbd5f6\" data-id=\"fcbd5f6\" data-element_type=\"column\" data-e-type=\"column\">\n\t\t\t<div class=\"elementor-widget-wrap elementor-element-populated\">\n\t\t\t\t\t\t<div class=\"elementor-element elementor-element-6e16a10 elementor-widget elementor-widget-text-editor\" data-id=\"6e16a10\" data-element_type=\"widget\" data-e-type=\"widget\" data-widget_type=\"text-editor.default\">\n\t\t\t\t<div class=\"elementor-widget-container\">\n\t\t\t\t\t\t\t\t\t<p style=\"font-size: 16px;\"><span style=\"font-weight: bold;\">D\u00e9tection efficace de la rupture sans contact avec la paroi arri\u00e8re  <\/span><\/p>\n<p style=\"font-size: 16px;\">Il est possible de r\u00e9aliser des trous ronds parfaits, mais aussi des variations de diam\u00e8tre, des g\u00e9om\u00e9tries de taille, des formes complexes en 3D, des trous de diffusion qui conduisent au traitement des trous traversants finis, gr\u00e2ce \u00e0 une d\u00e9tection efficace des ruptures de paroi.<span style=\"font-weight: bold;\"><br \/><\/span><\/p>\n\t\t\t\t\t\t\t\t<\/div>\n\t\t\t\t<\/div>\n\t\t\t\t<div class=\"elementor-element elementor-element-41b173c elementor-widget elementor-widget-text-editor\" data-id=\"41b173c\" data-element_type=\"widget\" data-e-type=\"widget\" data-widget_type=\"text-editor.default\">\n\t\t\t\t<div class=\"elementor-widget-container\">\n\t\t\t\t\t\t\t\t\t<p><b>Contr\u00f4le de l&rsquo;efficacit\u00e9 des forages&nbsp;<\/b><\/p>\n<p style=\"font-size: 16px;\"><span style=\"color: var( --e-global-color-text ); font-weight: var( --e-global-typography-text-font-weight ); font-size: 1em;\">L&rsquo;efficacit\u00e9 de ce dispositif de surveillance avec le contr\u00f4le des algorithmes permet \u00e9galement d&rsquo;adapter le processus de forage \u00e0 l&rsquo;usure de l&rsquo;\u00e9lectrode en fonction de la situation r\u00e9elle. Cela permet \u00e0 la machine de contr\u00f4ler avec pr\u00e9cision la profondeur de per\u00e7age et de r\u00e9duire ou d&rsquo;\u00e9liminer dans certains cas l&rsquo;impact r\u00e9el sur la paroi arri\u00e8re. Il am\u00e9liore \u00e9galement les taux de forage et r\u00e9duit l&rsquo;usure des \u00e9lectrodes, ce qui permet d&rsquo;obtenir un plus grand nombre de trous par \u00e9lectrode. Gr\u00e2ce au nouveau g\u00e9n\u00e9rateur PULSAR, soutenu par le dispositif ADP\u00ae, la capacit\u00e9 du contr\u00f4leur \u00e0 effectuer des forages plus rapides am\u00e9liore la pr\u00e9cision et la fiabilit\u00e9 du dispositif de d\u00e9tection des perc\u00e9es.<\/span><\/p>\n<p style=\"font-size: 16px;\">\n<\/p><p style=\"font-size: 16px;\">\n<\/p>\t\t\t\t\t\t\t\t<\/div>\n\t\t\t\t<\/div>\n\t\t\t\t<div class=\"elementor-element elementor-element-d2496ed elementor-widget elementor-widget-image\" data-id=\"d2496ed\" data-element_type=\"widget\" data-e-type=\"widget\" data-widget_type=\"image.default\">\n\t\t\t\t<div class=\"elementor-widget-container\">\n\t\t\t\t\t\t\t\t\t\t\t\t\t\t\t<img fetchpriority=\"high\" decoding=\"async\" width=\"300\" height=\"300\" src=\"https:\/\/www.sarix.com\/wp-content\/uploads\/2023\/09\/MDH_dett02-300x300.jpg\" class=\"attachment-medium size-medium wp-image-4109\" alt=\"\" srcset=\"https:\/\/www.sarix.com\/wp-content\/uploads\/2023\/09\/MDH_dett02-300x300.jpg 300w, https:\/\/www.sarix.com\/wp-content\/uploads\/2023\/09\/MDH_dett02-150x150.jpg 150w, https:\/\/www.sarix.com\/wp-content\/uploads\/2023\/09\/MDH_dett02-100x100.jpg 100w, https:\/\/www.sarix.com\/wp-content\/uploads\/2023\/09\/MDH_dett02.jpg 700w\" sizes=\"(max-width: 300px) 100vw, 300px\" \/>\t\t\t\t\t\t\t\t\t\t\t\t\t\t\t<\/div>\n\t\t\t\t<\/div>\n\t\t\t\t<div class=\"elementor-element elementor-element-9253100 elementor-widget elementor-widget-text-editor\" data-id=\"9253100\" data-element_type=\"widget\" data-e-type=\"widget\" data-widget_type=\"text-editor.default\">\n\t\t\t\t<div class=\"elementor-widget-container\">\n\t\t\t\t\t\t\t\t\t<p>Bien que ces avantages soient significatifs pour l&rsquo;industrie a\u00e9rospatiale, qui implique la production d&rsquo;une grande quantit\u00e9 de trous, ils sont \u00e9galement applicables \u00e0 d&rsquo;autres applications du march\u00e9 du forage, telles que l&rsquo;industrie m\u00e9dicale, la micro-m\u00e9canique ou m\u00eame l&rsquo;industrie automobile&#8230;<\/p><\/p>\n\t\t\t\t\t\t\t\t<\/div>\n\t\t\t\t<\/div>\n\t\t\t\t\t<\/div>\n\t\t<\/div>\n\t\t\t\t<div class=\"elementor-column elementor-col-25 elementor-inner-column elementor-element elementor-element-ab9899d\" data-id=\"ab9899d\" data-element_type=\"column\" data-e-type=\"column\">\n\t\t\t<div class=\"elementor-widget-wrap elementor-element-populated\">\n\t\t\t\t\t\t<div class=\"elementor-element elementor-element-bdc3c30 elementor-widget elementor-widget-spacer\" data-id=\"bdc3c30\" data-element_type=\"widget\" data-e-type=\"widget\" data-widget_type=\"spacer.default\">\n\t\t\t\t<div class=\"elementor-widget-container\">\n\t\t\t\t\t\t\t<div class=\"elementor-spacer\">\n\t\t\t<div class=\"elementor-spacer-inner\"><\/div>\n\t\t<\/div>\n\t\t\t\t\t\t<\/div>\n\t\t\t\t<\/div>\n\t\t\t\t<div class=\"elementor-element elementor-element-e99d8ff elementor-widget elementor-widget-text-editor\" data-id=\"e99d8ff\" data-element_type=\"widget\" data-e-type=\"widget\" data-widget_type=\"text-editor.default\">\n\t\t\t\t<div class=\"elementor-widget-container\">\n\t\t\t\t\t\t\t\t\t<p style=\"font-size: 16px;\"><span style=\"font-weight: bold;\">Faits et r\u00e9sultats<\/span><\/p>\n\t\t\t\t\t\t\t\t<\/div>\n\t\t\t\t<\/div>\n\t\t\t\t<div class=\"elementor-element elementor-element-9b75a79 elementor-widget elementor-widget-text-editor\" data-id=\"9b75a79\" data-element_type=\"widget\" data-e-type=\"widget\" data-widget_type=\"text-editor.default\">\n\t\t\t\t<div class=\"elementor-widget-container\">\n\t\t\t\t\t\t\t\t\t<p><span style=\"color: var( --e-global-color-text );\">Processus d&rsquo;interaction parfaite et imm\u00e9diate avec le mur de s\u00e9paration<\/span><\/p>\n<p style=\"font-size: 16px;\">Sensibilit\u00e9 \u00e0 l&rsquo;angle de per\u00e7age pour suivre un profil de coul\u00e9e complexe<\/p>\n<p style=\"font-size: 16px;\">Processus de forage plus rapide et efficace gr\u00e2ce \u00e0 l&rsquo;adaptation de chaque trou de forage<\/p>\n<p style=\"font-size: 16px;\">Certification de l&rsquo;ach\u00e8vement du per\u00e7age des trous borgnes<\/p>\n<p style=\"font-size: 16px;\">D\u00e9tection de la perc\u00e9e par \u00e9talonnage de la taille du diam\u00e8tre du trou<\/p>\n\t\t\t\t\t\t\t\t<\/div>\n\t\t\t\t<\/div>\n\t\t\t\t\t<\/div>\n\t\t<\/div>\n\t\t\t\t<div class=\"elementor-column elementor-col-25 elementor-inner-column elementor-element elementor-element-979742a\" data-id=\"979742a\" data-element_type=\"column\" data-e-type=\"column\">\n\t\t\t<div class=\"elementor-widget-wrap elementor-element-populated\">\n\t\t\t\t\t\t<div class=\"elementor-element elementor-element-330b69f elementor-widget elementor-widget-heading\" data-id=\"330b69f\" data-element_type=\"widget\" data-e-type=\"widget\" data-widget_type=\"heading.default\">\n\t\t\t\t<div class=\"elementor-widget-container\">\n\t\t\t\t\t<p class=\"elementor-heading-title elementor-size-default\">S\u00c9LECTION DE L'\u00c9CHANTILLON<\/p>\t\t\t\t<\/div>\n\t\t\t\t<\/div>\n\t\t\t\t<div class=\"elementor-element elementor-element-e497988 elementor-widget elementor-widget-image\" data-id=\"e497988\" data-element_type=\"widget\" data-e-type=\"widget\" data-widget_type=\"image.default\">\n\t\t\t\t<div class=\"elementor-widget-container\">\n\t\t\t\t\t\t\t\t\t\t\t\t\t\t\t<img decoding=\"async\" width=\"300\" height=\"248\" src=\"https:\/\/www.sarix.com\/wp-content\/uploads\/2023\/09\/Tubing-1-300x248.jpg\" class=\"attachment-medium size-medium wp-image-4289\" alt=\"\" srcset=\"https:\/\/www.sarix.com\/wp-content\/uploads\/2023\/09\/Tubing-1-300x248.jpg 300w, https:\/\/www.sarix.com\/wp-content\/uploads\/2023\/09\/Tubing-1.jpg 510w\" sizes=\"(max-width: 300px) 100vw, 300px\" \/>\t\t\t\t\t\t\t\t\t\t\t\t\t\t\t<\/div>\n\t\t\t\t<\/div>\n\t\t\t\t<div class=\"elementor-element elementor-element-6ce6917 elementor-widget elementor-widget-image\" data-id=\"6ce6917\" data-element_type=\"widget\" data-e-type=\"widget\" data-widget_type=\"image.default\">\n\t\t\t\t<div class=\"elementor-widget-container\">\n\t\t\t\t\t\t\t\t\t\t\t\t\t\t\t<img decoding=\"async\" width=\"150\" height=\"150\" src=\"https:\/\/www.sarix.com\/wp-content\/uploads\/2023\/09\/Medical-components-150x150.jpg\" class=\"attachment-thumbnail size-thumbnail wp-image-4199\" alt=\"\" srcset=\"https:\/\/www.sarix.com\/wp-content\/uploads\/2023\/09\/Medical-components-150x150.jpg 150w, https:\/\/www.sarix.com\/wp-content\/uploads\/2023\/09\/Medical-components-298x300.jpg 298w, https:\/\/www.sarix.com\/wp-content\/uploads\/2023\/09\/Medical-components-1017x1024.jpg 1017w, https:\/\/www.sarix.com\/wp-content\/uploads\/2023\/09\/Medical-components-768x773.jpg 768w, https:\/\/www.sarix.com\/wp-content\/uploads\/2023\/09\/Medical-components-100x100.jpg 100w, https:\/\/www.sarix.com\/wp-content\/uploads\/2023\/09\/Medical-components.jpg 1026w\" sizes=\"(max-width: 150px) 100vw, 150px\" \/>\t\t\t\t\t\t\t\t\t\t\t\t\t\t\t<\/div>\n\t\t\t\t<\/div>\n\t\t\t\t<div class=\"elementor-element elementor-element-eb7c80c elementor-widget__width-auto elementor-widget elementor-widget-text-editor\" data-id=\"eb7c80c\" data-element_type=\"widget\" data-e-type=\"widget\" data-widget_type=\"text-editor.default\">\n\t\t\t\t<div class=\"elementor-widget-container\">\n\t\t\t\t\t\t\t\t\t<p><span style=\"font-size: 1em; color: var( --e-global-color-text );\"><b>Nous relevons les d\u00e9fis les plus exigeants en mati\u00e8re de micro-per\u00e7age !<\/b><\/span><\/p>\n<p><b>Contactez-nous pour un essai gratuit !<\/b><\/p>\n\t\t\t\t\t\t\t\t<\/div>\n\t\t\t\t<\/div>\n\t\t\t\t\t<\/div>\n\t\t<\/div>\n\t\t\t\t\t<\/div>\n\t\t<\/section>\n\t\t\t\t\t<\/div>\n\t\t<\/div>\n\t\t\t\t\t<\/div>\n\t\t<\/section>\n\t\t\t\t<\/div>\n\t\t","protected":false},"excerpt":{"rendered":"<p>Forage rapide et pr\u00e9cis avec d\u00e9tection fiable de la travers\u00e9e de la paroi. D\u00e9tection pr\u00e9cise sans interf\u00e9rence D\u00e9tection efficace du franchissement des murssans impact sur la paroi arri\u00e8re Les trous dans les pales ou les aubes de la turbine restent essentiels pour \u00e9viter la surchauffe pendant l&rsquo;utilisation du moteur. L&rsquo;une des \u00e9tapes les plus importantes [&hellip;]<\/p>\n","protected":false},"author":1,"featured_media":0,"parent":4919,"menu_order":0,"comment_status":"closed","ping_status":"closed","template":"","meta":{"footnotes":""},"categories":[76],"tags":[],"class_list":["post-4909","page","type-page","status-publish","hentry","category-technologies-fr"],"_links":{"self":[{"href":"https:\/\/www.sarix.com\/fr\/wp-json\/wp\/v2\/pages\/4909","targetHints":{"allow":["GET"]}}],"collection":[{"href":"https:\/\/www.sarix.com\/fr\/wp-json\/wp\/v2\/pages"}],"about":[{"href":"https:\/\/www.sarix.com\/fr\/wp-json\/wp\/v2\/types\/page"}],"author":[{"embeddable":true,"href":"https:\/\/www.sarix.com\/fr\/wp-json\/wp\/v2\/users\/1"}],"replies":[{"embeddable":true,"href":"https:\/\/www.sarix.com\/fr\/wp-json\/wp\/v2\/comments?post=4909"}],"version-history":[{"count":1,"href":"https:\/\/www.sarix.com\/fr\/wp-json\/wp\/v2\/pages\/4909\/revisions"}],"predecessor-version":[{"id":4910,"href":"https:\/\/www.sarix.com\/fr\/wp-json\/wp\/v2\/pages\/4909\/revisions\/4910"}],"up":[{"embeddable":true,"href":"https:\/\/www.sarix.com\/fr\/wp-json\/wp\/v2\/pages\/4919"}],"wp:attachment":[{"href":"https:\/\/www.sarix.com\/fr\/wp-json\/wp\/v2\/media?parent=4909"}],"wp:term":[{"taxonomy":"category","embeddable":true,"href":"https:\/\/www.sarix.com\/fr\/wp-json\/wp\/v2\/categories?post=4909"},{"taxonomy":"post_tag","embeddable":true,"href":"https:\/\/www.sarix.com\/fr\/wp-json\/wp\/v2\/tags?post=4909"}],"curies":[{"name":"wp","href":"https:\/\/api.w.org\/{rel}","templated":true}]}}