{"id":4906,"date":"2023-09-06T20:49:13","date_gmt":"2023-09-06T20:49:13","guid":{"rendered":"https:\/\/www.sarix.com\/machines\/sx80-hpm\/"},"modified":"2024-12-04T17:12:36","modified_gmt":"2024-12-04T17:12:36","slug":"sx80-hpm","status":"publish","type":"page","link":"https:\/\/www.sarix.com\/fr\/machines\/sx80-hpm\/","title":{"rendered":"SX80-hpm"},"content":{"rendered":"\t\t<div data-elementor-type=\"wp-page\" data-elementor-id=\"4906\" class=\"elementor elementor-4906 elementor-383\" data-elementor-post-type=\"page\">\n\t\t\t\t\t\t<section class=\"elementor-section elementor-top-section elementor-element elementor-element-067612e elementor-section-content-top elementor-section-boxed elementor-section-height-default elementor-section-height-default\" data-id=\"067612e\" data-element_type=\"section\" data-e-type=\"section\">\n\t\t\t\t\t\t<div class=\"elementor-container elementor-column-gap-no\">\n\t\t\t\t\t<div class=\"elementor-column elementor-col-100 elementor-top-column elementor-element elementor-element-94d66c3\" data-id=\"94d66c3\" data-element_type=\"column\" data-e-type=\"column\">\n\t\t\t<div class=\"elementor-widget-wrap elementor-element-populated\">\n\t\t\t\t\t\t<div class=\"elementor-element elementor-element-b535604 elementor-widget elementor-widget-shortcode\" data-id=\"b535604\" data-element_type=\"widget\" data-e-type=\"widget\" data-widget_type=\"shortcode.default\">\n\t\t\t\t<div class=\"elementor-widget-container\">\n\t\t\t\t\t\t\t<div class=\"elementor-shortcode\"><div data-post-id=\"4879\" class=\"insert-page insert-page-4879 \">\t\t<div data-elementor-type=\"wp-page\" data-elementor-id=\"4879\" class=\"elementor elementor-4879 elementor-481 elementor-481\" data-elementor-post-type=\"page\">\n\t\t\t\t\t\t<section class=\"elementor-section elementor-top-section elementor-element elementor-element-4f892fe elementor-section-stretched elementor-hidden-tablet elementor-hidden-mobile elementor-section-boxed elementor-section-height-default elementor-section-height-default\" data-id=\"4f892fe\" data-element_type=\"section\" data-e-type=\"section\" data-settings=\"{&quot;stretch_section&quot;:&quot;section-stretched&quot;}\">\n\t\t\t\t\t\t<div class=\"elementor-container elementor-column-gap-wide\">\n\t\t\t\t\t<div class=\"elementor-column elementor-col-100 elementor-top-column elementor-element elementor-element-8ac3466\" data-id=\"8ac3466\" data-element_type=\"column\" data-e-type=\"column\">\n\t\t\t<div class=\"elementor-widget-wrap elementor-element-populated\">\n\t\t\t\t\t\t<section class=\"elementor-section elementor-inner-section elementor-element elementor-element-7f9cb31 elementor-section-boxed elementor-section-height-default elementor-section-height-default\" data-id=\"7f9cb31\" data-element_type=\"section\" data-e-type=\"section\">\n\t\t\t\t\t\t<div class=\"elementor-container elementor-column-gap-default\">\n\t\t\t\t\t<div class=\"elementor-column elementor-col-14 elementor-inner-column elementor-element elementor-element-0289160\" data-id=\"0289160\" data-element_type=\"column\" data-e-type=\"column\">\n\t\t\t<div class=\"elementor-widget-wrap elementor-element-populated\">\n\t\t\t\t\t\t<div class=\"elementor-element elementor-element-c990430 elementor-invisible elementor-widget elementor-widget-heading\" data-id=\"c990430\" data-element_type=\"widget\" data-e-type=\"widget\" data-settings=\"{&quot;_animation&quot;:&quot;fadeIn&quot;}\" data-widget_type=\"heading.default\">\n\t\t\t\t<div class=\"elementor-widget-container\">\n\t\t\t\t\t<p class=\"elementor-heading-title elementor-size-default\"><a href=\"\/fr\/machines\/nouveau-sx30-pm\/\">SX30 PM<\/a><\/p>\t\t\t\t<\/div>\n\t\t\t\t<\/div>\n\t\t\t\t\t<\/div>\n\t\t<\/div>\n\t\t\t\t<div class=\"elementor-column elementor-col-14 elementor-inner-column elementor-element elementor-element-f0b8f3d\" data-id=\"f0b8f3d\" data-element_type=\"column\" data-e-type=\"column\">\n\t\t\t<div class=\"elementor-widget-wrap elementor-element-populated\">\n\t\t\t\t\t\t<div class=\"elementor-element elementor-element-c638bf4 elementor-invisible elementor-widget elementor-widget-heading\" data-id=\"c638bf4\" data-element_type=\"widget\" data-e-type=\"widget\" data-settings=\"{&quot;_animation&quot;:&quot;fadeIn&quot;}\" data-widget_type=\"heading.default\">\n\t\t\t\t<div class=\"elementor-widget-container\">\n\t\t\t\t\t<p class=\"elementor-heading-title elementor-size-default\"><a href=\"\/fr\/machines\/sx80-hpm\/\">SX80 HPM<\/a><\/p>\t\t\t\t<\/div>\n\t\t\t\t<\/div>\n\t\t\t\t\t<\/div>\n\t\t<\/div>\n\t\t\t\t<div class=\"elementor-column elementor-col-14 elementor-inner-column elementor-element elementor-element-8b64710\" data-id=\"8b64710\" data-element_type=\"column\" data-e-type=\"column\">\n\t\t\t<div class=\"elementor-widget-wrap elementor-element-populated\">\n\t\t\t\t\t\t<div class=\"elementor-element elementor-element-f0f7d44 elementor-invisible elementor-widget elementor-widget-heading\" data-id=\"f0f7d44\" data-element_type=\"widget\" data-e-type=\"widget\" data-settings=\"{&quot;_animation&quot;:&quot;fadeIn&quot;}\" data-widget_type=\"heading.default\">\n\t\t\t\t<div class=\"elementor-widget-container\">\n\t\t\t\t\t<p class=\"elementor-heading-title elementor-size-default\"><a href=\"\/fr\/machines\/sx100-hpm\/\">SX100 HPM<\/a><\/p>\t\t\t\t<\/div>\n\t\t\t\t<\/div>\n\t\t\t\t\t<\/div>\n\t\t<\/div>\n\t\t\t\t<div class=\"elementor-column elementor-col-14 elementor-inner-column elementor-element elementor-element-0e4dead\" data-id=\"0e4dead\" data-element_type=\"column\" data-e-type=\"column\">\n\t\t\t<div class=\"elementor-widget-wrap elementor-element-populated\">\n\t\t\t\t\t\t<div class=\"elementor-element elementor-element-6423ff2 elementor-invisible elementor-widget elementor-widget-heading\" data-id=\"6423ff2\" data-element_type=\"widget\" data-e-type=\"widget\" data-settings=\"{&quot;_animation&quot;:&quot;fadeIn&quot;}\" data-widget_type=\"heading.default\">\n\t\t\t\t<div class=\"elementor-widget-container\">\n\t\t\t\t\t<p class=\"elementor-heading-title elementor-size-default\"><a href=\"\/fr\/machines\/sx200-hpm\/\">SX200 HPM<\/a><\/p>\t\t\t\t<\/div>\n\t\t\t\t<\/div>\n\t\t\t\t\t<\/div>\n\t\t<\/div>\n\t\t\t\t<div class=\"elementor-column elementor-col-14 elementor-inner-column elementor-element elementor-element-0588ef0\" data-id=\"0588ef0\" data-element_type=\"column\" data-e-type=\"column\">\n\t\t\t<div class=\"elementor-widget-wrap elementor-element-populated\">\n\t\t\t\t\t\t<div class=\"elementor-element elementor-element-180d720 elementor-invisible elementor-widget elementor-widget-heading\" data-id=\"180d720\" data-element_type=\"widget\" data-e-type=\"widget\" data-settings=\"{&quot;_animation&quot;:&quot;fadeIn&quot;}\" data-widget_type=\"heading.default\">\n\t\t\t\t<div class=\"elementor-widget-container\">\n\t\t\t\t\t<p class=\"elementor-heading-title elementor-size-default\"><a href=\"\/fr\/machines\/sx200-aero\/\">SX200 AERO<\/a><\/p>\t\t\t\t<\/div>\n\t\t\t\t<\/div>\n\t\t\t\t\t<\/div>\n\t\t<\/div>\n\t\t\t\t<div class=\"elementor-column elementor-col-14 elementor-inner-column elementor-element elementor-element-e701db0\" data-id=\"e701db0\" data-element_type=\"column\" data-e-type=\"column\">\n\t\t\t<div class=\"elementor-widget-wrap elementor-element-populated\">\n\t\t\t\t\t\t<div class=\"elementor-element elementor-element-fad1389 elementor-invisible elementor-widget elementor-widget-heading\" data-id=\"fad1389\" data-element_type=\"widget\" data-e-type=\"widget\" data-settings=\"{&quot;_animation&quot;:&quot;fadeIn&quot;}\" data-widget_type=\"heading.default\">\n\t\t\t\t<div class=\"elementor-widget-container\">\n\t\t\t\t\t<p class=\"elementor-heading-title elementor-size-default\"><a href=\"\/fr\/machines\/sx200l\/\">SX200L<\/a><\/p>\t\t\t\t<\/div>\n\t\t\t\t<\/div>\n\t\t\t\t\t<\/div>\n\t\t<\/div>\n\t\t\t\t<div class=\"elementor-column elementor-col-14 elementor-inner-column elementor-element elementor-element-6efd050\" data-id=\"6efd050\" data-element_type=\"column\" data-e-type=\"column\">\n\t\t\t<div class=\"elementor-widget-wrap elementor-element-populated\">\n\t\t\t\t\t\t<div class=\"elementor-element elementor-element-0265d25 elementor-invisible elementor-widget elementor-widget-heading\" data-id=\"0265d25\" data-element_type=\"widget\" data-e-type=\"widget\" data-settings=\"{&quot;_animation&quot;:&quot;fadeIn&quot;}\" data-widget_type=\"heading.default\">\n\t\t\t\t<div class=\"elementor-widget-container\">\n\t\t\t\t\t<p class=\"elementor-heading-title elementor-size-default\"><a href=\"\/fr\/machines\/machline\/\">MACHLine<\/a><\/p>\t\t\t\t<\/div>\n\t\t\t\t<\/div>\n\t\t\t\t\t<\/div>\n\t\t<\/div>\n\t\t\t\t\t<\/div>\n\t\t<\/section>\n\t\t\t\t\t<\/div>\n\t\t<\/div>\n\t\t\t\t\t<\/div>\n\t\t<\/section>\n\t\t\t\t<\/div>\n\t\t<\/div><\/div>\n\t\t\t\t\t\t<\/div>\n\t\t\t\t<\/div>\n\t\t\t\t\t<\/div>\n\t\t<\/div>\n\t\t\t\t\t<\/div>\n\t\t<\/section>\n\t\t\t\t<section class=\"elementor-section elementor-top-section elementor-element elementor-element-c339d6d elementor-section-full_width elementor-section-height-default elementor-section-height-default\" data-id=\"c339d6d\" data-element_type=\"section\" data-e-type=\"section\">\n\t\t\t\t\t\t<div class=\"elementor-container elementor-column-gap-default\">\n\t\t\t\t\t<div class=\"elementor-column elementor-col-100 elementor-top-column elementor-element elementor-element-db63573\" data-id=\"db63573\" data-element_type=\"column\" data-e-type=\"column\">\n\t\t\t<div class=\"elementor-widget-wrap elementor-element-populated\">\n\t\t\t\t\t\t<section class=\"elementor-section elementor-inner-section elementor-element elementor-element-91ddd51 elementor-section-full_width elementor-section-height-default elementor-section-height-default\" data-id=\"91ddd51\" data-element_type=\"section\" data-e-type=\"section\">\n\t\t\t\t\t\t<div class=\"elementor-container elementor-column-gap-default\">\n\t\t\t\t\t<div class=\"elementor-column elementor-col-33 elementor-inner-column elementor-element elementor-element-e899554\" data-id=\"e899554\" data-element_type=\"column\" data-e-type=\"column\">\n\t\t\t<div class=\"elementor-widget-wrap elementor-element-populated\">\n\t\t\t\t\t\t<div class=\"elementor-element elementor-element-a2e0fab elementor-widget elementor-widget-image\" data-id=\"a2e0fab\" data-element_type=\"widget\" data-e-type=\"widget\" data-widget_type=\"image.default\">\n\t\t\t\t<div class=\"elementor-widget-container\">\n\t\t\t\t\t\t\t\t\t\t\t\t\t\t\t<img fetchpriority=\"high\" decoding=\"async\" width=\"640\" height=\"640\" src=\"https:\/\/www.sarix.com\/wp-content\/uploads\/2023\/09\/SX80-HPM-1024x1024.png\" class=\"attachment-large size-large wp-image-4014\" alt=\"\" srcset=\"https:\/\/www.sarix.com\/wp-content\/uploads\/2023\/09\/SX80-HPM-1024x1024.png 1024w, https:\/\/www.sarix.com\/wp-content\/uploads\/2023\/09\/SX80-HPM-300x300.png 300w, https:\/\/www.sarix.com\/wp-content\/uploads\/2023\/09\/SX80-HPM-150x150.png 150w, https:\/\/www.sarix.com\/wp-content\/uploads\/2023\/09\/SX80-HPM-768x768.png 768w, https:\/\/www.sarix.com\/wp-content\/uploads\/2023\/09\/SX80-HPM-100x100.png 100w, https:\/\/www.sarix.com\/wp-content\/uploads\/2023\/09\/SX80-HPM.png 1500w\" sizes=\"(max-width: 640px) 100vw, 640px\" \/>\t\t\t\t\t\t\t\t\t\t\t\t\t\t\t<\/div>\n\t\t\t\t<\/div>\n\t\t\t\t\t<\/div>\n\t\t<\/div>\n\t\t\t\t<div class=\"elementor-column elementor-col-33 elementor-inner-column elementor-element elementor-element-4e668ce\" data-id=\"4e668ce\" data-element_type=\"column\" data-e-type=\"column\">\n\t\t\t<div class=\"elementor-widget-wrap\">\n\t\t\t\t\t\t\t<\/div>\n\t\t<\/div>\n\t\t\t\t<div class=\"elementor-column elementor-col-33 elementor-inner-column elementor-element elementor-element-d147329\" data-id=\"d147329\" data-element_type=\"column\" data-e-type=\"column\">\n\t\t\t<div class=\"elementor-widget-wrap elementor-element-populated\">\n\t\t\t\t\t\t<div class=\"elementor-element elementor-element-7d7ac8a elementor-invisible elementor-widget elementor-widget-heading\" data-id=\"7d7ac8a\" data-element_type=\"widget\" data-e-type=\"widget\" data-settings=\"{&quot;_animation&quot;:&quot;fadeIn&quot;}\" data-widget_type=\"heading.default\">\n\t\t\t\t<div class=\"elementor-widget-container\">\n\t\t\t\t\t<h2 class=\"elementor-heading-title elementor-size-default\">SX80 HPM  <\/h2>\t\t\t\t<\/div>\n\t\t\t\t<\/div>\n\t\t\t\t<div class=\"elementor-element elementor-element-0b1fc31 elementor-invisible elementor-widget elementor-widget-heading\" data-id=\"0b1fc31\" data-element_type=\"widget\" data-e-type=\"widget\" data-settings=\"{&quot;_animation&quot;:&quot;fadeIn&quot;}\" data-widget_type=\"heading.default\">\n\t\t\t\t<div class=\"elementor-widget-container\">\n\t\t\t\t\t<h4 class=\"elementor-heading-title elementor-size-default\">Machine de per\u00e7age micro EDM<\/h4>\t\t\t\t<\/div>\n\t\t\t\t<\/div>\n\t\t\t\t<div class=\"elementor-element elementor-element-1df7b9d elementor-invisible elementor-widget elementor-widget-text-editor\" data-id=\"1df7b9d\" data-element_type=\"widget\" data-e-type=\"widget\" data-settings=\"{&quot;_animation&quot;:&quot;fadeIn&quot;}\" data-widget_type=\"text-editor.default\">\n\t\t\t\t<div class=\"elementor-widget-container\">\n\t\t\t\t\t\t\t\t\t<ul>\n<li>Per\u00e7age de haute pr\u00e9cision par micro-\u00e9lectro-\u00e9rosion<\/li>\n<li>Per\u00e7age rapide des trous<\/li>\n<li>Trou de d\u00e9part<\/li>\n<li>Fraisage 3D de haute pr\u00e9cision par micro-\u00e9lectrode<\/li>\n<\/ul>\n\t\t\t\t\t\t\t\t<\/div>\n\t\t\t\t<\/div>\n\t\t\t\t<div class=\"elementor-element elementor-element-232b21b elementor-invisible elementor-widget elementor-widget-text-editor\" data-id=\"232b21b\" data-element_type=\"widget\" data-e-type=\"widget\" data-settings=\"{&quot;_animation&quot;:&quot;fadeIn&quot;}\" data-widget_type=\"text-editor.default\">\n\t\t\t\t<div class=\"elementor-widget-container\">\n\t\t\t\t\t\t\t\t\t<p>La machine SX80 PULSAR compl\u00e8te la gamme des micro machines d&rsquo;\u00e9lectro\u00e9rosion SARIX en apportant une r\u00e9duction efficace des co\u00fbts pour les besoins de per\u00e7age de trous conventionnels.<\/p>\n\t\t\t\t\t\t\t\t<\/div>\n\t\t\t\t<\/div>\n\t\t\t\t<div class=\"elementor-element elementor-element-4aeb520 elementor-invisible elementor-widget elementor-widget-text-editor\" data-id=\"4aeb520\" data-element_type=\"widget\" data-e-type=\"widget\" data-settings=\"{&quot;_animation&quot;:&quot;fadeIn&quot;}\" data-widget_type=\"text-editor.default\">\n\t\t\t\t<div class=\"elementor-widget-container\">\n\t\t\t\t\t\t\t\t\t<p><strong>AXE DE D\u00c9PLACEMENT : <strong style=\"font-size: 1em; color: var( --e-global-color-text );\">X=300 Y=150 Z=200 (mm)<\/strong><\/strong><\/p>\n<p><strong>LA PR\u00c9CISION DU POSITIONNEMENT :  <br \/>\u00b1 2,0 \u00b5m, R\u00e9solution = 0,1 \u00b5m  <\/strong><\/p>\n<p><strong>VITESSE D&rsquo;AVANCE DE L&rsquo;AXE : Axe lin\u00e9aire 1200 mm\/min  <\/strong><\/p>\n\t\t\t\t\t\t\t\t<\/div>\n\t\t\t\t<\/div>\n\t\t\t\t\t<\/div>\n\t\t<\/div>\n\t\t\t\t\t<\/div>\n\t\t<\/section>\n\t\t\t\t<section class=\"elementor-section elementor-inner-section elementor-element elementor-element-593f7ca elementor-section-boxed elementor-section-height-default elementor-section-height-default\" data-id=\"593f7ca\" data-element_type=\"section\" data-e-type=\"section\">\n\t\t\t\t\t\t<div class=\"elementor-container elementor-column-gap-default\">\n\t\t\t\t\t<div class=\"elementor-column elementor-col-33 elementor-inner-column elementor-element elementor-element-d0c3418\" data-id=\"d0c3418\" data-element_type=\"column\" data-e-type=\"column\">\n\t\t\t<div class=\"elementor-widget-wrap elementor-element-populated\">\n\t\t\t\t\t\t<div class=\"elementor-element elementor-element-add8e84 elementor-invisible elementor-widget elementor-widget-text-editor\" data-id=\"add8e84\" data-element_type=\"widget\" data-e-type=\"widget\" data-settings=\"{&quot;_animation&quot;:&quot;fadeIn&quot;}\" data-widget_type=\"text-editor.default\">\n\t\t\t\t<div class=\"elementor-widget-container\">\n\t\t\t\t\t\t\t\t\t<ul>\n<li>  La capacit\u00e9 de la machine SX80 PULSAR compl\u00e8te la gamme des machines SARIX et permet de r\u00e9duire efficacement les co\u00fbts li\u00e9s aux probl\u00e8mes de per\u00e7age de trous conventionnels.<\/li>\n<li>La simple SX-CNC permet, gr\u00e2ce \u00e0 plusieurs options, de faire \u00e9voluer la configuration de la machine jusqu&rsquo;au mouvement multi-axes.<\/li>\n<li>\u00ab\u00a0Concept de production \u00e9lev\u00e9e\u00a0\u00bb pour les t\u00e2ches de per\u00e7age complexes gr\u00e2ce \u00e0 des s\u00e9quences efficaces de per\u00e7age de trous multiples et de per\u00e7age multicouche.<\/li>\n<li>SX-HMI, logiciel de programmation et d&rsquo;\u00e9dition illimit\u00e9, facile et convivial, macros de forage direct, technologie de forage par auto-apprentissage.<\/li>\n<li>Le g\u00e9n\u00e9rateur SX-MPS PULSAR , l&rsquo;\u00e9lectro\u00e9rosion par micro-impulsions SARIX haute performance, avec sa technologie associ\u00e9e, ouvre de nouvelles perspectives pour r\u00e9aliser des trous plus rapides, plus profonds, plus petits et plus pr\u00e9cis.<\/li>\n<\/ul>\n\t\t\t\t\t\t\t\t<\/div>\n\t\t\t\t<\/div>\n\t\t\t\t\t<\/div>\n\t\t<\/div>\n\t\t\t\t<div class=\"elementor-column elementor-col-33 elementor-inner-column elementor-element elementor-element-e809672\" data-id=\"e809672\" data-element_type=\"column\" data-e-type=\"column\">\n\t\t\t<div class=\"elementor-widget-wrap elementor-element-populated\">\n\t\t\t\t\t\t<div class=\"elementor-element elementor-element-ee04a86 elementor-invisible elementor-widget elementor-widget-text-editor\" data-id=\"ee04a86\" data-element_type=\"widget\" data-e-type=\"widget\" data-settings=\"{&quot;_animation&quot;:&quot;fadeIn&quot;}\" data-widget_type=\"text-editor.default\">\n\t\t\t\t<div class=\"elementor-widget-container\">\n\t\t\t\t\t\t\t\t\t<ul>\n<li>Technologie de forage par micro-\u00e9lectrode avec \u00e9lectrode solide et tube de 45 microns \u00e0 3,0 mm.<\/li>\n<li>Micro-trous, micro-trous de haute pr\u00e9cision et trous de forme jusqu&rsquo;\u00e0 20 microns avec le dispositif de mise en forme des fils d&rsquo;\u00e9lectrodes (*).<\/li>\n<li>Capacit\u00e9 \u00e9lev\u00e9e de finition de surface jusqu&rsquo;\u00e0 Ra 0,1 et Ra 0,05 avec le g\u00e9n\u00e9rateur d&rsquo;impulsions microfines SX-MFPS (*).<\/li>\n<li>Contr\u00f4le automatique du positionnement de l&rsquo;axe avec contr\u00f4le de la profondeur du trou.<\/li>\n<li>Broche de r\u00e9alimentation automatique des \u00e9lectrodes de haute pr\u00e9cision avec rin\u00e7age \u00e0 travers le di\u00e9lectrique pour une production continue (*).<\/li>\n<li>Technologie de per\u00e7age par micro-\u00e9lectro-\u00e9rosion \u00e0 grande vitesse avec dispositif de d\u00e9tection de rupture (*).<\/li>\n<\/ul>\n<p>*(en option)<\/p>\n\t\t\t\t\t\t\t\t<\/div>\n\t\t\t\t<\/div>\n\t\t\t\t\t<\/div>\n\t\t<\/div>\n\t\t\t\t<div class=\"elementor-column elementor-col-33 elementor-inner-column elementor-element elementor-element-ccece05\" data-id=\"ccece05\" data-element_type=\"column\" data-e-type=\"column\">\n\t\t\t<div class=\"elementor-widget-wrap elementor-element-populated\">\n\t\t\t\t\t\t<div class=\"elementor-element elementor-element-ecffe8d elementor-widget__width-initial elementor-position-top elementor-widget elementor-widget-image-box\" data-id=\"ecffe8d\" data-element_type=\"widget\" data-e-type=\"widget\" data-widget_type=\"image-box.default\">\n\t\t\t\t<div class=\"elementor-widget-container\">\n\t\t\t\t\t<div class=\"elementor-image-box-wrapper\"><figure class=\"elementor-image-box-img\"><a href=\"http:\/\/www.sarix.com\/wp-content\/uploads\/2023\/10\/SARIX-Flyer-A3_8pg-FRA-lw.pdf\" target=\"_blank\" tabindex=\"-1\"><img decoding=\"async\" width=\"500\" height=\"707\" src=\"https:\/\/www.sarix.com\/wp-content\/uploads\/2023\/09\/SARIX-Products2023_EN.jpg\" class=\"attachment-full size-full wp-image-3147\" alt=\"\" srcset=\"https:\/\/www.sarix.com\/wp-content\/uploads\/2023\/09\/SARIX-Products2023_EN.jpg 500w, https:\/\/www.sarix.com\/wp-content\/uploads\/2023\/09\/SARIX-Products2023_EN-212x300.jpg 212w\" sizes=\"(max-width: 500px) 100vw, 500px\" \/><\/a><\/figure><div class=\"elementor-image-box-content\"><p class=\"elementor-image-box-description\">T\u00e9l\u00e9charger notre NOUVEAU Flyer\nFlyer SARIX 2023<\/p><\/div><\/div>\t\t\t\t<\/div>\n\t\t\t\t<\/div>\n\t\t\t\t\t<\/div>\n\t\t<\/div>\n\t\t\t\t\t<\/div>\n\t\t<\/section>\n\t\t\t\t\t<\/div>\n\t\t<\/div>\n\t\t\t\t\t<\/div>\n\t\t<\/section>\n\t\t\t\t<section class=\"elementor-section elementor-top-section elementor-element elementor-element-ed87df2 elementor-section-boxed elementor-section-height-default elementor-section-height-default\" data-id=\"ed87df2\" data-element_type=\"section\" data-e-type=\"section\">\n\t\t\t\t\t\t<div class=\"elementor-container elementor-column-gap-default\">\n\t\t\t\t\t<div class=\"elementor-column elementor-col-100 elementor-top-column elementor-element elementor-element-e5c85ab\" data-id=\"e5c85ab\" data-element_type=\"column\" data-e-type=\"column\">\n\t\t\t<div class=\"elementor-widget-wrap\">\n\t\t\t\t\t\t\t<\/div>\n\t\t<\/div>\n\t\t\t\t\t<\/div>\n\t\t<\/section>\n\t\t\t\t<\/div>\n\t\t","protected":false},"excerpt":{"rendered":"<p>SX80 HPM Machine de per\u00e7age micro EDM Per\u00e7age de haute pr\u00e9cision par micro-\u00e9lectro-\u00e9rosion Per\u00e7age rapide des trous Trou de d\u00e9part Fraisage 3D de haute pr\u00e9cision par micro-\u00e9lectrode La machine SX80 PULSAR compl\u00e8te la gamme des micro machines d&rsquo;\u00e9lectro\u00e9rosion SARIX en apportant une r\u00e9duction efficace des co\u00fbts pour les besoins de per\u00e7age de trous conventionnels. AXE [&hellip;]<\/p>\n","protected":false},"author":1,"featured_media":4014,"parent":4890,"menu_order":0,"comment_status":"closed","ping_status":"closed","template":"","meta":{"footnotes":""},"categories":[10],"tags":[],"class_list":["post-4906","page","type-page","status-publish","has-post-thumbnail","hentry","category-products"],"_links":{"self":[{"href":"https:\/\/www.sarix.com\/fr\/wp-json\/wp\/v2\/pages\/4906","targetHints":{"allow":["GET"]}}],"collection":[{"href":"https:\/\/www.sarix.com\/fr\/wp-json\/wp\/v2\/pages"}],"about":[{"href":"https:\/\/www.sarix.com\/fr\/wp-json\/wp\/v2\/types\/page"}],"author":[{"embeddable":true,"href":"https:\/\/www.sarix.com\/fr\/wp-json\/wp\/v2\/users\/1"}],"replies":[{"embeddable":true,"href":"https:\/\/www.sarix.com\/fr\/wp-json\/wp\/v2\/comments?post=4906"}],"version-history":[{"count":7,"href":"https:\/\/www.sarix.com\/fr\/wp-json\/wp\/v2\/pages\/4906\/revisions"}],"predecessor-version":[{"id":12068,"href":"https:\/\/www.sarix.com\/fr\/wp-json\/wp\/v2\/pages\/4906\/revisions\/12068"}],"up":[{"embeddable":true,"href":"https:\/\/www.sarix.com\/fr\/wp-json\/wp\/v2\/pages\/4890"}],"wp:featuredmedia":[{"embeddable":true,"href":"https:\/\/www.sarix.com\/fr\/wp-json\/wp\/v2\/media\/4014"}],"wp:attachment":[{"href":"https:\/\/www.sarix.com\/fr\/wp-json\/wp\/v2\/media?parent=4906"}],"wp:term":[{"taxonomy":"category","embeddable":true,"href":"https:\/\/www.sarix.com\/fr\/wp-json\/wp\/v2\/categories?post=4906"},{"taxonomy":"post_tag","embeddable":true,"href":"https:\/\/www.sarix.com\/fr\/wp-json\/wp\/v2\/tags?post=4906"}],"curies":[{"name":"wp","href":"https:\/\/api.w.org\/{rel}","templated":true}]}}