{"id":4901,"date":"2023-09-08T16:23:10","date_gmt":"2023-09-08T16:23:10","guid":{"rendered":"https:\/\/www.sarix.com\/protegez-votre-investissement-restez-a-la-pointe-de-la-technologie-pour-les-annees-a-venir\/"},"modified":"2023-12-05T07:49:02","modified_gmt":"2023-12-05T07:49:02","slug":"protegez-votre-investissement-restez-a-la-pointe-de-la-technologie-pour-les-annees-a-venir","status":"publish","type":"page","link":"https:\/\/www.sarix.com\/fr\/protegez-votre-investissement-restez-a-la-pointe-de-la-technologie-pour-les-annees-a-venir\/","title":{"rendered":"Prot\u00e9gez votre investissement &#8211; Restez \u00e0 la pointe de la technologie pour les ann\u00e9es \u00e0 venir"},"content":{"rendered":"\t\t<div data-elementor-type=\"wp-page\" data-elementor-id=\"4901\" class=\"elementor elementor-4901 elementor-1013\" data-elementor-post-type=\"page\">\n\t\t\t\t\t\t<section class=\"elementor-section elementor-top-section elementor-element elementor-element-81157c5 elementor-section-boxed elementor-section-height-default elementor-section-height-default\" data-id=\"81157c5\" data-element_type=\"section\" data-e-type=\"section\">\n\t\t\t\t\t\t<div class=\"elementor-container elementor-column-gap-default\">\n\t\t\t\t\t<div class=\"elementor-column elementor-col-100 elementor-top-column elementor-element elementor-element-9249b7b\" data-id=\"9249b7b\" data-element_type=\"column\" data-e-type=\"column\">\n\t\t\t<div class=\"elementor-widget-wrap elementor-element-populated\">\n\t\t\t\t\t\t<section class=\"elementor-section elementor-inner-section elementor-element elementor-element-9879eb3 elementor-section-boxed elementor-section-height-default elementor-section-height-default\" data-id=\"9879eb3\" data-element_type=\"section\" data-e-type=\"section\">\n\t\t\t\t\t\t<div class=\"elementor-container elementor-column-gap-default\">\n\t\t\t\t\t<div class=\"elementor-column elementor-col-33 elementor-inner-column elementor-element elementor-element-8f4ba90\" data-id=\"8f4ba90\" data-element_type=\"column\" data-e-type=\"column\">\n\t\t\t<div class=\"elementor-widget-wrap elementor-element-populated\">\n\t\t\t\t\t\t<div class=\"elementor-element elementor-element-1e9bcd9 elementor-invisible elementor-widget elementor-widget-text-editor\" data-id=\"1e9bcd9\" data-element_type=\"widget\" data-e-type=\"widget\" data-settings=\"{&quot;_animation&quot;:&quot;fadeIn&quot;}\" data-widget_type=\"text-editor.default\">\n\t\t\t\t<div class=\"elementor-widget-container\">\n\t\t\t\t\t\t\t\t\t<p>Choisir <strong><br \/>\n  <span style=\"color: #000000;\"><span style=\"color: ##e40421;\">SARIX<\/span><\/span><br \/>\n<\/strong> c&rsquo;est investir dans des machines de pointe<br \/>et en collaborant avec une \u00e9quipe proactive qui se concentre sur votre r\u00e9ussite \u00e0 long terme. Nous sommes conscients de la n\u00e9cessit\u00e9 de maintenir les machines \u00e0 jour au fur et \u00e0 mesure des progr\u00e8s technologiques. Nos paquets de mise \u00e0 jour SARIX garantissent une \u00e9volution continue sur toutes les machines.<\/p>\n\t\t\t\t\t\t\t\t<\/div>\n\t\t\t\t<\/div>\n\t\t\t\t<div class=\"elementor-element elementor-element-416d274 elementor-widget elementor-widget-image\" data-id=\"416d274\" data-element_type=\"widget\" data-e-type=\"widget\" data-widget_type=\"image.default\">\n\t\t\t\t<div class=\"elementor-widget-container\">\n\t\t\t\t\t\t\t\t\t\t\t\t\t\t\t<img fetchpriority=\"high\" decoding=\"async\" width=\"640\" height=\"452\" src=\"https:\/\/www.sarix.com\/wp-content\/uploads\/2023\/09\/Sarix_InteractiveIndustry40.png\" class=\"attachment-large size-large wp-image-4084\" alt=\"\" srcset=\"https:\/\/www.sarix.com\/wp-content\/uploads\/2023\/09\/Sarix_InteractiveIndustry40.png 1000w, https:\/\/www.sarix.com\/wp-content\/uploads\/2023\/09\/Sarix_InteractiveIndustry40-300x212.png 300w, https:\/\/www.sarix.com\/wp-content\/uploads\/2023\/09\/Sarix_InteractiveIndustry40-768x542.png 768w\" sizes=\"(max-width: 640px) 100vw, 640px\" \/>\t\t\t\t\t\t\t\t\t\t\t\t\t\t\t<\/div>\n\t\t\t\t<\/div>\n\t\t\t\t\t<\/div>\n\t\t<\/div>\n\t\t\t\t<div class=\"elementor-column elementor-col-33 elementor-inner-column elementor-element elementor-element-149ae42\" data-id=\"149ae42\" data-element_type=\"column\" data-e-type=\"column\">\n\t\t\t<div class=\"elementor-widget-wrap elementor-element-populated\">\n\t\t\t\t\t\t<div class=\"elementor-element elementor-element-e443301 elementor-invisible elementor-widget elementor-widget-text-editor\" data-id=\"e443301\" data-element_type=\"widget\" data-e-type=\"widget\" data-settings=\"{&quot;_animation&quot;:&quot;fadeIn&quot;}\" data-widget_type=\"text-editor.default\">\n\t\t\t\t<div class=\"elementor-widget-container\">\n\t\t\t\t\t\t\t\t\t<p><b>Des mises \u00e0 jour personnalis\u00e9es sont toujours disponibles sur demande.<\/b><\/p>\n\t\t\t\t\t\t\t\t<\/div>\n\t\t\t\t<\/div>\n\t\t\t\t<div class=\"elementor-element elementor-element-440967a elementor-invisible elementor-widget elementor-widget-text-editor\" data-id=\"440967a\" data-element_type=\"widget\" data-e-type=\"widget\" data-settings=\"{&quot;_animation&quot;:&quot;fadeIn&quot;,&quot;_animation_delay&quot;:200}\" data-widget_type=\"text-editor.default\">\n\t\t\t\t<div class=\"elementor-widget-container\">\n\t\t\t\t\t\t\t\t\t<p>Mises \u00e0 jour <b>GRATUITES \u00e0 vie<\/b> du logiciel <b>CNC<\/b> avec chaque service !<\/p>\n\t\t\t\t\t\t\t\t<\/div>\n\t\t\t\t<\/div>\n\t\t\t\t<div class=\"elementor-element elementor-element-f56f39b elementor-invisible elementor-widget elementor-widget-text-editor\" data-id=\"f56f39b\" data-element_type=\"widget\" data-e-type=\"widget\" data-settings=\"{&quot;_animation&quot;:&quot;fadeIn&quot;,&quot;_animation_delay&quot;:400}\" data-widget_type=\"text-editor.default\">\n\t\t\t\t<div class=\"elementor-widget-container\">\n\t\t\t\t\t\t\t\t\t<p><b>SX-CNC UPGRADE<\/b><\/p>\n<p>Am\u00e9liorez vos op\u00e9rations gr\u00e2ce \u00e0 l&rsquo;\u00e9cran tactile SX-HMI et au clavier en acier inoxydable IP65. Il comprend la g\u00e9n\u00e9ration de programmes \u00e0 partir de fichiers DXF et l&rsquo;\u00e9dition embarqu\u00e9e.<\/p>\n\t\t\t\t\t\t\t\t<\/div>\n\t\t\t\t<\/div>\n\t\t\t\t<div class=\"elementor-element elementor-element-62d094c elementor-invisible elementor-widget elementor-widget-text-editor\" data-id=\"62d094c\" data-element_type=\"widget\" data-e-type=\"widget\" data-settings=\"{&quot;_animation&quot;:&quot;fadeIn&quot;,&quot;_animation_delay&quot;:600}\" data-widget_type=\"text-editor.default\">\n\t\t\t\t<div class=\"elementor-widget-container\">\n\t\t\t\t\t\t\t\t\t<p><b>UPGRADE AVEC G\u00c9N\u00c9RATEUR PULSAR<\/b><\/p>\n<p>Remplacer les anciens g\u00e9n\u00e9rateurs par des g\u00e9n\u00e9rateurs PULSAR, des communications par fibre optique et les modules de g\u00e9n\u00e9rateurs les plus r\u00e9cents.<\/p>\n\t\t\t\t\t\t\t\t<\/div>\n\t\t\t\t<\/div>\n\t\t\t\t\t<\/div>\n\t\t<\/div>\n\t\t\t\t<div class=\"elementor-column elementor-col-33 elementor-inner-column elementor-element elementor-element-64761cd\" data-id=\"64761cd\" data-element_type=\"column\" data-e-type=\"column\">\n\t\t\t<div class=\"elementor-widget-wrap\">\n\t\t\t\t\t\t\t<\/div>\n\t\t<\/div>\n\t\t\t\t\t<\/div>\n\t\t<\/section>\n\t\t\t\t\t<\/div>\n\t\t<\/div>\n\t\t\t\t\t<\/div>\n\t\t<\/section>\n\t\t\t\t<\/div>\n\t\t","protected":false},"excerpt":{"rendered":"<p>Choisir SARIX c&rsquo;est investir dans des machines de pointeet en collaborant avec une \u00e9quipe proactive qui se concentre sur votre r\u00e9ussite \u00e0 long terme. Nous sommes conscients de la n\u00e9cessit\u00e9 de maintenir les machines \u00e0 jour au fur et \u00e0 mesure des progr\u00e8s technologiques. Nos paquets de mise \u00e0 jour SARIX garantissent une \u00e9volution continue [&hellip;]<\/p>\n","protected":false},"author":1,"featured_media":0,"parent":0,"menu_order":0,"comment_status":"closed","ping_status":"closed","template":"","meta":{"footnotes":""},"categories":[49],"tags":[],"class_list":["post-4901","page","type-page","status-publish","hentry","category-sarix-content-fr"],"_links":{"self":[{"href":"https:\/\/www.sarix.com\/fr\/wp-json\/wp\/v2\/pages\/4901","targetHints":{"allow":["GET"]}}],"collection":[{"href":"https:\/\/www.sarix.com\/fr\/wp-json\/wp\/v2\/pages"}],"about":[{"href":"https:\/\/www.sarix.com\/fr\/wp-json\/wp\/v2\/types\/page"}],"author":[{"embeddable":true,"href":"https:\/\/www.sarix.com\/fr\/wp-json\/wp\/v2\/users\/1"}],"replies":[{"embeddable":true,"href":"https:\/\/www.sarix.com\/fr\/wp-json\/wp\/v2\/comments?post=4901"}],"version-history":[{"count":2,"href":"https:\/\/www.sarix.com\/fr\/wp-json\/wp\/v2\/pages\/4901\/revisions"}],"predecessor-version":[{"id":4904,"href":"https:\/\/www.sarix.com\/fr\/wp-json\/wp\/v2\/pages\/4901\/revisions\/4904"}],"wp:attachment":[{"href":"https:\/\/www.sarix.com\/fr\/wp-json\/wp\/v2\/media?parent=4901"}],"wp:term":[{"taxonomy":"category","embeddable":true,"href":"https:\/\/www.sarix.com\/fr\/wp-json\/wp\/v2\/categories?post=4901"},{"taxonomy":"post_tag","embeddable":true,"href":"https:\/\/www.sarix.com\/fr\/wp-json\/wp\/v2\/tags?post=4901"}],"curies":[{"name":"wp","href":"https:\/\/api.w.org\/{rel}","templated":true}]}}