{"id":4892,"date":"2023-09-08T15:32:21","date_gmt":"2023-09-08T15:32:21","guid":{"rendered":"https:\/\/www.sarix.com\/derriere-une-technologie-de-micro-usinage-innovante\/"},"modified":"2023-12-05T07:48:49","modified_gmt":"2023-12-05T07:48:49","slug":"derriere-une-technologie-de-micro-usinage-innovante","status":"publish","type":"page","link":"https:\/\/www.sarix.com\/fr\/derriere-une-technologie-de-micro-usinage-innovante\/","title":{"rendered":"Derri\u00e8re une technologie de micro-usinage innovante"},"content":{"rendered":"\t\t<div data-elementor-type=\"wp-page\" data-elementor-id=\"4892\" class=\"elementor elementor-4892 elementor-892\" data-elementor-post-type=\"page\">\n\t\t\t\t\t\t<section class=\"elementor-section elementor-top-section elementor-element elementor-element-81157c5 elementor-section-boxed elementor-section-height-default elementor-section-height-default\" data-id=\"81157c5\" data-element_type=\"section\" data-e-type=\"section\">\n\t\t\t\t\t\t<div class=\"elementor-container elementor-column-gap-default\">\n\t\t\t\t\t<div class=\"elementor-column elementor-col-100 elementor-top-column elementor-element elementor-element-9249b7b\" data-id=\"9249b7b\" data-element_type=\"column\" data-e-type=\"column\">\n\t\t\t<div class=\"elementor-widget-wrap elementor-element-populated\">\n\t\t\t\t\t\t<section class=\"elementor-section elementor-inner-section elementor-element elementor-element-9879eb3 elementor-section-boxed elementor-section-height-default elementor-section-height-default\" data-id=\"9879eb3\" data-element_type=\"section\" data-e-type=\"section\">\n\t\t\t\t\t\t<div class=\"elementor-container elementor-column-gap-default\">\n\t\t\t\t\t<div class=\"elementor-column elementor-col-33 elementor-inner-column elementor-element elementor-element-8f4ba90\" data-id=\"8f4ba90\" data-element_type=\"column\" data-e-type=\"column\">\n\t\t\t<div class=\"elementor-widget-wrap elementor-element-populated\">\n\t\t\t\t\t\t<div class=\"elementor-element elementor-element-870670c elementor-widget elementor-widget-text-editor\" data-id=\"870670c\" data-element_type=\"widget\" data-e-type=\"widget\" data-widget_type=\"text-editor.default\">\n\t\t\t\t<div class=\"elementor-widget-container\">\n\t\t\t\t\t\t\t\t\t<p>Depuis 1993, <strong><br \/>\n  <span style=\"color: #000000;\"><span style=\"color: #e40421;\">SARIX<\/span><\/span><br \/>\n<\/strong>s&rsquo;est engag\u00e9e \u00e0 d\u00e9velopper des technologies de microdimensionnement ultra-pr\u00e9cises pour le micro-usinage de taille moyenne.<br \/>Cette philosophie de haute pr\u00e9cision, qui sous-tend la conception et la modularit\u00e9 des machines SARIX, garantit une approche innovante pour nos clients.<\/p>\n\t\t\t\t\t\t\t\t<\/div>\n\t\t\t\t<\/div>\n\t\t\t\t<div class=\"elementor-element elementor-element-bcb1117 elementor-widget elementor-widget-image\" data-id=\"bcb1117\" data-element_type=\"widget\" data-e-type=\"widget\" data-widget_type=\"image.default\">\n\t\t\t\t<div class=\"elementor-widget-container\">\n\t\t\t\t\t\t\t\t\t\t\t\t\t\t\t<img fetchpriority=\"high\" decoding=\"async\" width=\"640\" height=\"948\" src=\"https:\/\/www.sarix.com\/wp-content\/uploads\/2023\/09\/Sarix_Pulsargenerator.png\" class=\"attachment-large size-large wp-image-4094\" alt=\"\" srcset=\"https:\/\/www.sarix.com\/wp-content\/uploads\/2023\/09\/Sarix_Pulsargenerator.png 667w, https:\/\/www.sarix.com\/wp-content\/uploads\/2023\/09\/Sarix_Pulsargenerator-203x300.png 203w\" sizes=\"(max-width: 640px) 100vw, 640px\" \/>\t\t\t\t\t\t\t\t\t\t\t\t\t\t\t<\/div>\n\t\t\t\t<\/div>\n\t\t\t\t\t<\/div>\n\t\t<\/div>\n\t\t\t\t<div class=\"elementor-column elementor-col-33 elementor-inner-column elementor-element elementor-element-149ae42\" data-id=\"149ae42\" data-element_type=\"column\" data-e-type=\"column\">\n\t\t\t<div class=\"elementor-widget-wrap elementor-element-populated\">\n\t\t\t\t\t\t<div class=\"elementor-element elementor-element-5d03419 elementor-widget elementor-widget-heading\" data-id=\"5d03419\" data-element_type=\"widget\" data-e-type=\"widget\" data-widget_type=\"heading.default\">\n\t\t\t\t<div class=\"elementor-widget-container\">\n\t\t\t\t\t<h2 class=\"elementor-heading-title elementor-size-default\">G\u00e9n\u00e9rateur <span style=\"color: #005caa\">PULSAR<\/span> <\/h2>\t\t\t\t<\/div>\n\t\t\t\t<\/div>\n\t\t\t\t<div class=\"elementor-element elementor-element-e443301 elementor-widget elementor-widget-text-editor\" data-id=\"e443301\" data-element_type=\"widget\" data-e-type=\"widget\" data-widget_type=\"text-editor.default\">\n\t\t\t\t<div class=\"elementor-widget-container\">\n\t\t\t\t\t\t\t\t\t<p>Gr\u00e2ce \u00e0 l&rsquo;innovation ADP\u00ae Analog Digital Pulse, DPM\u00ae digital Direct Pulse Motion et \u00e0 la communication par fibre optique, assurez une r\u00e9ponse rapide et une pr\u00e9cision dans le micro-usinage sur les modules de g\u00e9n\u00e9rateurs suivants, couvrant toutes les applications :<\/p>\n\t\t\t\t\t\t\t\t<\/div>\n\t\t\t\t<\/div>\n\t\t\t\t<div class=\"elementor-element elementor-element-7ad6cac elementor-widget elementor-widget-text-editor\" data-id=\"7ad6cac\" data-element_type=\"widget\" data-e-type=\"widget\" data-widget_type=\"text-editor.default\">\n\t\t\t\t<div class=\"elementor-widget-container\">\n\t\t\t\t\t\t\t\t\t<p><b><br \/>\n  <span style=\"color: #000000;\"><span style=\"color: #e40421;\">SX-MPS<\/span><br \/><\/span><br \/>\n<\/b>G\u00e9n\u00e9rateur principal de Micro Pulse Shape pour une large gamme de t\u00e2ches de micro-usinage<\/p>\n<p><b><br \/>\n  <span style=\"color: #000000;\"><span style=\"color: #e40421;\">SX-MFPS<\/span><br \/><\/span><br \/>\n<\/b>G\u00e9n\u00e9rateur de Forme d&rsquo;Impulsions Microfines pour l&rsquo;usinage entre 50 \u00f7 30 \u00b5m et Ra 0,15 \u00f7 0,10 \u00b5m<\/p>\n<p><b><br \/>\n  <span style=\"color: #000000;\"><span style=\"color: #e40421;\">SX-UFPS<\/span><br \/><\/span><br \/>\n<\/b>G\u00e9n\u00e9rateur de forme d&rsquo;impulsion ultrafine pour Ra 0,10 \u00f7 0,05 \u00b5m<\/p>\n<p><b><br \/>\n  <span style=\"color: #000000;\"><span style=\"color: #e40421;\">SX-HPS<\/span><br \/><\/span><br \/>\n<\/b>G\u00e9n\u00e9rateur de forme d&rsquo;impulsion haute puissance jusqu&rsquo;\u00e0 une taille de trou de 4,0 mm<\/p>\n<\/p>\n<p>Plus d&rsquo;options :<\/p>\n<p><b><br \/>\n  <span style=\"color: #000000;\"><span style=\"color: #e40421;\">SX-BTD<\/span><br \/><\/span><br \/>\n<\/b>D\u00e9tection avanc\u00e9e des perc\u00e9es pour un per\u00e7age rapide des trous<\/p>\n<p><b><br \/>\n  <span style=\"color: #000000;\"><span style=\"color: #e40421;\">SX-SLS<\/span><br \/><\/span><br \/>\n<\/b>Assistant pour la recherche automatique des param\u00e8tres de per\u00e7age\/fraisage sur de nouveaux mat\u00e9riaux<\/p>\n\t\t\t\t\t\t\t\t<\/div>\n\t\t\t\t<\/div>\n\t\t\t\t\t<\/div>\n\t\t<\/div>\n\t\t\t\t<div class=\"elementor-column elementor-col-33 elementor-inner-column elementor-element elementor-element-64761cd\" data-id=\"64761cd\" data-element_type=\"column\" data-e-type=\"column\">\n\t\t\t<div class=\"elementor-widget-wrap\">\n\t\t\t\t\t\t\t<\/div>\n\t\t<\/div>\n\t\t\t\t\t<\/div>\n\t\t<\/section>\n\t\t\t\t\t<\/div>\n\t\t<\/div>\n\t\t\t\t\t<\/div>\n\t\t<\/section>\n\t\t\t\t<\/div>\n\t\t","protected":false},"excerpt":{"rendered":"<p>Depuis 1993, SARIX s&rsquo;est engag\u00e9e \u00e0 d\u00e9velopper des technologies de microdimensionnement ultra-pr\u00e9cises pour le micro-usinage de taille moyenne.Cette philosophie de haute pr\u00e9cision, qui sous-tend la conception et la modularit\u00e9 des machines SARIX, garantit une approche innovante pour nos clients. G\u00e9n\u00e9rateur PULSAR Gr\u00e2ce \u00e0 l&rsquo;innovation ADP\u00ae Analog Digital Pulse, DPM\u00ae digital Direct Pulse Motion et \u00e0 [&hellip;]<\/p>\n","protected":false},"author":1,"featured_media":0,"parent":0,"menu_order":0,"comment_status":"closed","ping_status":"closed","template":"","meta":{"footnotes":""},"categories":[49],"tags":[],"class_list":["post-4892","page","type-page","status-publish","hentry","category-sarix-content-fr"],"_links":{"self":[{"href":"https:\/\/www.sarix.com\/fr\/wp-json\/wp\/v2\/pages\/4892","targetHints":{"allow":["GET"]}}],"collection":[{"href":"https:\/\/www.sarix.com\/fr\/wp-json\/wp\/v2\/pages"}],"about":[{"href":"https:\/\/www.sarix.com\/fr\/wp-json\/wp\/v2\/types\/page"}],"author":[{"embeddable":true,"href":"https:\/\/www.sarix.com\/fr\/wp-json\/wp\/v2\/users\/1"}],"replies":[{"embeddable":true,"href":"https:\/\/www.sarix.com\/fr\/wp-json\/wp\/v2\/comments?post=4892"}],"version-history":[{"count":1,"href":"https:\/\/www.sarix.com\/fr\/wp-json\/wp\/v2\/pages\/4892\/revisions"}],"predecessor-version":[{"id":4895,"href":"https:\/\/www.sarix.com\/fr\/wp-json\/wp\/v2\/pages\/4892\/revisions\/4895"}],"wp:attachment":[{"href":"https:\/\/www.sarix.com\/fr\/wp-json\/wp\/v2\/media?parent=4892"}],"wp:term":[{"taxonomy":"category","embeddable":true,"href":"https:\/\/www.sarix.com\/fr\/wp-json\/wp\/v2\/categories?post=4892"},{"taxonomy":"post_tag","embeddable":true,"href":"https:\/\/www.sarix.com\/fr\/wp-json\/wp\/v2\/tags?post=4892"}],"curies":[{"name":"wp","href":"https:\/\/api.w.org\/{rel}","templated":true}]}}