{"id":4887,"date":"2023-09-08T15:54:47","date_gmt":"2023-09-08T15:54:47","guid":{"rendered":"https:\/\/www.sarix.com\/sarix-adopte-lindustrie-interactive-intelligente-et-connectee-4-0\/"},"modified":"2025-09-18T07:44:22","modified_gmt":"2025-09-18T07:44:22","slug":"sarix-adopte-lindustrie-interactive-intelligente-et-connectee-4-0","status":"publish","type":"page","link":"https:\/\/www.sarix.com\/fr\/sarix-adopte-lindustrie-interactive-intelligente-et-connectee-4-0\/","title":{"rendered":"SARIX adopte l&rsquo;industrie interactive intelligente et connect\u00e9e 4.0."},"content":{"rendered":"\t\t<div data-elementor-type=\"wp-page\" data-elementor-id=\"4887\" class=\"elementor elementor-4887 elementor-949\" data-elementor-post-type=\"page\">\n\t\t\t\t\t\t<section class=\"elementor-section elementor-top-section elementor-element elementor-element-81157c5 elementor-section-boxed elementor-section-height-default elementor-section-height-default\" data-id=\"81157c5\" data-element_type=\"section\" data-e-type=\"section\">\n\t\t\t\t\t\t<div class=\"elementor-container elementor-column-gap-default\">\n\t\t\t\t\t<div class=\"elementor-column elementor-col-100 elementor-top-column elementor-element elementor-element-9249b7b\" data-id=\"9249b7b\" data-element_type=\"column\" data-e-type=\"column\">\n\t\t\t<div class=\"elementor-widget-wrap elementor-element-populated\">\n\t\t\t\t\t\t<section class=\"elementor-section elementor-inner-section elementor-element elementor-element-9879eb3 elementor-section-boxed elementor-section-height-default elementor-section-height-default\" data-id=\"9879eb3\" data-element_type=\"section\" data-e-type=\"section\">\n\t\t\t\t\t\t<div class=\"elementor-container elementor-column-gap-default\">\n\t\t\t\t\t<div class=\"elementor-column elementor-col-33 elementor-inner-column elementor-element elementor-element-8f4ba90\" data-id=\"8f4ba90\" data-element_type=\"column\" data-e-type=\"column\">\n\t\t\t<div class=\"elementor-widget-wrap elementor-element-populated\">\n\t\t\t\t\t\t<div class=\"elementor-element elementor-element-b4f5415 elementor-widget elementor-widget-image\" data-id=\"b4f5415\" data-element_type=\"widget\" data-e-type=\"widget\" data-widget_type=\"image.default\">\n\t\t\t\t<div class=\"elementor-widget-container\">\n\t\t\t\t\t\t\t\t\t\t\t\t\t\t\t<img fetchpriority=\"high\" decoding=\"async\" width=\"640\" height=\"452\" src=\"https:\/\/www.sarix.com\/wp-content\/uploads\/2023\/09\/Sarix_InteractiveIndustry40.png\" class=\"attachment-large size-large wp-image-4084\" alt=\"\" srcset=\"https:\/\/www.sarix.com\/wp-content\/uploads\/2023\/09\/Sarix_InteractiveIndustry40.png 1000w, https:\/\/www.sarix.com\/wp-content\/uploads\/2023\/09\/Sarix_InteractiveIndustry40-300x212.png 300w, https:\/\/www.sarix.com\/wp-content\/uploads\/2023\/09\/Sarix_InteractiveIndustry40-768x542.png 768w\" sizes=\"(max-width: 640px) 100vw, 640px\" \/>\t\t\t\t\t\t\t\t\t\t\t\t\t\t\t<\/div>\n\t\t\t\t<\/div>\n\t\t\t\t<div class=\"elementor-element elementor-element-2eab88c elementor-widget elementor-widget-heading\" data-id=\"2eab88c\" data-element_type=\"widget\" data-e-type=\"widget\" data-widget_type=\"heading.default\">\n\t\t\t\t<div class=\"elementor-widget-container\">\n\t\t\t\t\t<h2 class=\"elementor-heading-title elementor-size-default\">ENTRER DANS L'INDUSTRIE INTERACTIVE INTELLIGENTE ET CONNECT\u00c9E 4.0 DE SARIX<\/h2>\t\t\t\t<\/div>\n\t\t\t\t<\/div>\n\t\t\t\t\t<\/div>\n\t\t<\/div>\n\t\t\t\t<div class=\"elementor-column elementor-col-33 elementor-inner-column elementor-element elementor-element-149ae42\" data-id=\"149ae42\" data-element_type=\"column\" data-e-type=\"column\">\n\t\t\t<div class=\"elementor-widget-wrap elementor-element-populated\">\n\t\t\t\t\t\t<div class=\"elementor-element elementor-element-5d03419 elementor-widget elementor-widget-heading\" data-id=\"5d03419\" data-element_type=\"widget\" data-e-type=\"widget\" data-widget_type=\"heading.default\">\n\t\t\t\t<div class=\"elementor-widget-container\">\n\t\t\t\t\t<h2 class=\"elementor-heading-title elementor-size-default\">G\u00e9n\u00e9rateur PULSAR<\/h2>\t\t\t\t<\/div>\n\t\t\t\t<\/div>\n\t\t\t\t<div class=\"elementor-element elementor-element-e443301 elementor-widget elementor-widget-text-editor\" data-id=\"e443301\" data-element_type=\"widget\" data-e-type=\"widget\" data-widget_type=\"text-editor.default\">\n\t\t\t\t<div class=\"elementor-widget-container\">\n\t\t\t\t\t\t\t\t\t<p>Les machines <span style=\"color: #000000;\">SARI<span style=\"color: #e40421;\">X<\/span><\/span>\u00a0sont pr\u00eates pour l&rsquo;industrie 4.0. Ils am\u00e9liorent l&rsquo;efficacit\u00e9 des grandes entreprises structur\u00e9es et des petits ateliers en leur permettant de r\u00e9colter les fruits de la num\u00e9risation.<\/p><p><span style=\"color: #000000;\">SARI<span style=\"color: #e40421;\">X<\/span> DIGITAL SERVICES, SX-SDS<\/span><br \/>Le syst\u00e8me de gestion de la maintenance, qui permet d&rsquo;obtenir \u00e0 bord des instructions personnalis\u00e9es pour la maintenance pr\u00e9ventive et normative, est un outil tr\u00e8s utile. Il guide les op\u00e9rateurs et les techniciens de maintenance pour assurer un fonctionnement optimal de la machine et r\u00e9duire les co\u00fbts d&rsquo;exploitation.<\/p><p><span style=\"color: #000000;\">SARI<span style=\"color: #e40421;\">X<\/span><\/span> Industrie 4.0 met en \u0153uvre le protocole OPC-UA pour se connecter \u00e0 un syst\u00e8me d&rsquo;ex\u00e9cution de la fabrication (MES). Cette int\u00e9gration permet un contr\u00f4le en temps r\u00e9el et des d\u00e9cisions fond\u00e9es sur des donn\u00e9es, optimise les processus de production et garantit une efficacit\u00e9 et une productivit\u00e9 maximales.<\/p><p><span style=\"color: #000000;\">SX-SH-WIRE<\/span> Post-processeur permettant de programmer les trous de d\u00e9part de la d\u00e9coupe par fil directement \u00e0 partir de la FAO de d\u00e9coupe par fil (disponible pour la FAO s\u00e9lectionn\u00e9e).<\/p>\t\t\t\t\t\t\t\t<\/div>\n\t\t\t\t<\/div>\n\t\t\t\t\t<\/div>\n\t\t<\/div>\n\t\t\t\t<div class=\"elementor-column elementor-col-33 elementor-inner-column elementor-element elementor-element-64761cd\" data-id=\"64761cd\" data-element_type=\"column\" data-e-type=\"column\">\n\t\t\t<div class=\"elementor-widget-wrap\">\n\t\t\t\t\t\t\t<\/div>\n\t\t<\/div>\n\t\t\t\t\t<\/div>\n\t\t<\/section>\n\t\t\t\t\t<\/div>\n\t\t<\/div>\n\t\t\t\t\t<\/div>\n\t\t<\/section>\n\t\t\t\t<\/div>\n\t\t","protected":false},"excerpt":{"rendered":"<p>ENTRER DANS L&rsquo;INDUSTRIE INTERACTIVE INTELLIGENTE ET CONNECT\u00c9E 4.0 DE SARIX G\u00e9n\u00e9rateur PULSAR Les machines SARIX\u00a0sont pr\u00eates pour l&rsquo;industrie 4.0. Ils am\u00e9liorent l&rsquo;efficacit\u00e9 des grandes entreprises structur\u00e9es et des petits ateliers en leur permettant de r\u00e9colter les fruits de la num\u00e9risation. SARIX DIGITAL SERVICES, SX-SDSLe syst\u00e8me de gestion de la maintenance, qui permet d&rsquo;obtenir \u00e0 bord [&hellip;]<\/p>\n","protected":false},"author":1,"featured_media":0,"parent":0,"menu_order":0,"comment_status":"closed","ping_status":"closed","template":"","meta":{"footnotes":""},"categories":[3],"tags":[],"class_list":["post-4887","page","type-page","status-publish","hentry","category-sarix-content"],"_links":{"self":[{"href":"https:\/\/www.sarix.com\/fr\/wp-json\/wp\/v2\/pages\/4887","targetHints":{"allow":["GET"]}}],"collection":[{"href":"https:\/\/www.sarix.com\/fr\/wp-json\/wp\/v2\/pages"}],"about":[{"href":"https:\/\/www.sarix.com\/fr\/wp-json\/wp\/v2\/types\/page"}],"author":[{"embeddable":true,"href":"https:\/\/www.sarix.com\/fr\/wp-json\/wp\/v2\/users\/1"}],"replies":[{"embeddable":true,"href":"https:\/\/www.sarix.com\/fr\/wp-json\/wp\/v2\/comments?post=4887"}],"version-history":[{"count":4,"href":"https:\/\/www.sarix.com\/fr\/wp-json\/wp\/v2\/pages\/4887\/revisions"}],"predecessor-version":[{"id":15145,"href":"https:\/\/www.sarix.com\/fr\/wp-json\/wp\/v2\/pages\/4887\/revisions\/15145"}],"wp:attachment":[{"href":"https:\/\/www.sarix.com\/fr\/wp-json\/wp\/v2\/media?parent=4887"}],"wp:term":[{"taxonomy":"category","embeddable":true,"href":"https:\/\/www.sarix.com\/fr\/wp-json\/wp\/v2\/categories?post=4887"},{"taxonomy":"post_tag","embeddable":true,"href":"https:\/\/www.sarix.com\/fr\/wp-json\/wp\/v2\/tags?post=4887"}],"curies":[{"name":"wp","href":"https:\/\/api.w.org\/{rel}","templated":true}]}}