{"id":4878,"date":"2023-09-08T16:37:58","date_gmt":"2023-09-08T16:37:58","guid":{"rendered":"https:\/\/www.sarix.com\/ameliorez-vos-processus-grace-a-notre-centre-dapplication-technologique\/"},"modified":"2023-12-05T07:48:49","modified_gmt":"2023-12-05T07:48:49","slug":"ameliorez-vos-processus-grace-a-notre-centre-dapplication-technologique","status":"publish","type":"page","link":"https:\/\/www.sarix.com\/fr\/ameliorez-vos-processus-grace-a-notre-centre-dapplication-technologique\/","title":{"rendered":"Am\u00e9liorez vos processus gr\u00e2ce \u00e0 notre centre d&rsquo;application technologique"},"content":{"rendered":"\t\t<div data-elementor-type=\"wp-page\" data-elementor-id=\"4878\" class=\"elementor elementor-4878 elementor-1029\" data-elementor-post-type=\"page\">\n\t\t\t\t\t\t<section class=\"elementor-section elementor-top-section elementor-element elementor-element-81157c5 elementor-section-boxed elementor-section-height-default elementor-section-height-default\" data-id=\"81157c5\" data-element_type=\"section\" data-e-type=\"section\">\n\t\t\t\t\t\t<div class=\"elementor-container elementor-column-gap-default\">\n\t\t\t\t\t<div class=\"elementor-column elementor-col-100 elementor-top-column elementor-element elementor-element-9249b7b\" data-id=\"9249b7b\" data-element_type=\"column\" data-e-type=\"column\">\n\t\t\t<div class=\"elementor-widget-wrap elementor-element-populated\">\n\t\t\t\t\t\t<section class=\"elementor-section elementor-inner-section elementor-element elementor-element-9879eb3 elementor-section-boxed elementor-section-height-default elementor-section-height-default\" data-id=\"9879eb3\" data-element_type=\"section\" data-e-type=\"section\">\n\t\t\t\t\t\t<div class=\"elementor-container elementor-column-gap-default\">\n\t\t\t\t\t<div class=\"elementor-column elementor-col-33 elementor-inner-column elementor-element elementor-element-8f4ba90\" data-id=\"8f4ba90\" data-element_type=\"column\" data-e-type=\"column\">\n\t\t\t<div class=\"elementor-widget-wrap elementor-element-populated\">\n\t\t\t\t\t\t<div class=\"elementor-element elementor-element-f8f82b4 elementor-widget elementor-widget-image\" data-id=\"f8f82b4\" data-element_type=\"widget\" data-e-type=\"widget\" data-widget_type=\"image.default\">\n\t\t\t\t<div class=\"elementor-widget-container\">\n\t\t\t\t\t\t\t\t\t\t\t\t\t\t\t<img fetchpriority=\"high\" decoding=\"async\" width=\"640\" height=\"310\" src=\"https:\/\/www.sarix.com\/wp-content\/uploads\/2023\/09\/Sarix_Improve_investment-1024x496.jpg\" class=\"attachment-large size-large wp-image-4089\" alt=\"\" srcset=\"https:\/\/www.sarix.com\/wp-content\/uploads\/2023\/09\/Sarix_Improve_investment-1024x496.jpg 1024w, https:\/\/www.sarix.com\/wp-content\/uploads\/2023\/09\/Sarix_Improve_investment-300x145.jpg 300w, https:\/\/www.sarix.com\/wp-content\/uploads\/2023\/09\/Sarix_Improve_investment-768x372.jpg 768w, https:\/\/www.sarix.com\/wp-content\/uploads\/2023\/09\/Sarix_Improve_investment.jpg 1201w\" sizes=\"(max-width: 640px) 100vw, 640px\" \/>\t\t\t\t\t\t\t\t\t\t\t\t\t\t\t<\/div>\n\t\t\t\t<\/div>\n\t\t\t\t\t<\/div>\n\t\t<\/div>\n\t\t\t\t<div class=\"elementor-column elementor-col-33 elementor-inner-column elementor-element elementor-element-149ae42\" data-id=\"149ae42\" data-element_type=\"column\" data-e-type=\"column\">\n\t\t\t<div class=\"elementor-widget-wrap elementor-element-populated\">\n\t\t\t\t\t\t<div class=\"elementor-element elementor-element-1e9bcd9 elementor-invisible elementor-widget elementor-widget-text-editor\" data-id=\"1e9bcd9\" data-element_type=\"widget\" data-e-type=\"widget\" data-settings=\"{&quot;_animation&quot;:&quot;fadeIn&quot;}\" data-widget_type=\"text-editor.default\">\n\t\t\t\t<div class=\"elementor-widget-container\">\n\t\t\t\t\t\t\t\t\t<p>Avec une gamme compl\u00e8te de produits <span style=\"color: #000000;\"><br \/>\n  <b><span style=\"color: #e40421;\">SARIX<\/span><\/b><br \/>\n<\/span> notre centre technologique est l&rsquo;endroit o\u00f9 nos ing\u00e9nieurs de proc\u00e9d\u00e9s s&rsquo;occupent de l&rsquo;\u00e9chantillonnage des produits, \u00e9laborent des solutions cl\u00e9s en main, organisent des s\u00e9minaires personnalis\u00e9s sur notre technologie et fournissent une assistance d\u00e9vou\u00e9e pour tous vos d\u00e9fis de traitement.<\/p>\n\t\t\t\t\t\t\t\t<\/div>\n\t\t\t\t<\/div>\n\t\t\t\t\t<\/div>\n\t\t<\/div>\n\t\t\t\t<div class=\"elementor-column elementor-col-33 elementor-inner-column elementor-element elementor-element-64761cd\" data-id=\"64761cd\" data-element_type=\"column\" data-e-type=\"column\">\n\t\t\t<div class=\"elementor-widget-wrap\">\n\t\t\t\t\t\t\t<\/div>\n\t\t<\/div>\n\t\t\t\t\t<\/div>\n\t\t<\/section>\n\t\t\t\t\t<\/div>\n\t\t<\/div>\n\t\t\t\t\t<\/div>\n\t\t<\/section>\n\t\t\t\t<\/div>\n\t\t","protected":false},"excerpt":{"rendered":"<p>Avec une gamme compl\u00e8te de produits SARIX notre centre technologique est l&rsquo;endroit o\u00f9 nos ing\u00e9nieurs de proc\u00e9d\u00e9s s&rsquo;occupent de l&rsquo;\u00e9chantillonnage des produits, \u00e9laborent des solutions cl\u00e9s en main, organisent des s\u00e9minaires personnalis\u00e9s sur notre technologie et fournissent une assistance d\u00e9vou\u00e9e pour tous vos d\u00e9fis de traitement.<\/p>\n","protected":false},"author":1,"featured_media":0,"parent":0,"menu_order":0,"comment_status":"closed","ping_status":"closed","template":"","meta":{"footnotes":""},"categories":[49],"tags":[],"class_list":["post-4878","page","type-page","status-publish","hentry","category-sarix-content-fr"],"_links":{"self":[{"href":"https:\/\/www.sarix.com\/fr\/wp-json\/wp\/v2\/pages\/4878","targetHints":{"allow":["GET"]}}],"collection":[{"href":"https:\/\/www.sarix.com\/fr\/wp-json\/wp\/v2\/pages"}],"about":[{"href":"https:\/\/www.sarix.com\/fr\/wp-json\/wp\/v2\/types\/page"}],"author":[{"embeddable":true,"href":"https:\/\/www.sarix.com\/fr\/wp-json\/wp\/v2\/users\/1"}],"replies":[{"embeddable":true,"href":"https:\/\/www.sarix.com\/fr\/wp-json\/wp\/v2\/comments?post=4878"}],"version-history":[{"count":1,"href":"https:\/\/www.sarix.com\/fr\/wp-json\/wp\/v2\/pages\/4878\/revisions"}],"predecessor-version":[{"id":4884,"href":"https:\/\/www.sarix.com\/fr\/wp-json\/wp\/v2\/pages\/4878\/revisions\/4884"}],"wp:attachment":[{"href":"https:\/\/www.sarix.com\/fr\/wp-json\/wp\/v2\/media?parent=4878"}],"wp:term":[{"taxonomy":"category","embeddable":true,"href":"https:\/\/www.sarix.com\/fr\/wp-json\/wp\/v2\/categories?post=4878"},{"taxonomy":"post_tag","embeddable":true,"href":"https:\/\/www.sarix.com\/fr\/wp-json\/wp\/v2\/tags?post=4878"}],"curies":[{"name":"wp","href":"https:\/\/api.w.org\/{rel}","templated":true}]}}