{"id":4871,"date":"2023-09-08T16:55:43","date_gmt":"2023-09-08T16:55:43","guid":{"rendered":"https:\/\/www.sarix.com\/micro-electro-percage\/"},"modified":"2025-09-04T03:43:04","modified_gmt":"2025-09-04T03:43:04","slug":"micro-electro-percage","status":"publish","type":"page","link":"https:\/\/www.sarix.com\/fr\/sarix-technologies\/micro-electro-percage\/","title":{"rendered":"Micro-\u00e9lectro-per\u00e7age"},"content":{"rendered":"\t\t<div data-elementor-type=\"wp-page\" data-elementor-id=\"4871\" class=\"elementor elementor-4871 elementor-1072\" data-elementor-post-type=\"page\">\n\t\t\t\t\t\t<section class=\"elementor-section elementor-top-section elementor-element elementor-element-973d3f2 elementor-section-boxed elementor-section-height-default elementor-section-height-default\" data-id=\"973d3f2\" data-element_type=\"section\" data-e-type=\"section\">\n\t\t\t\t\t\t<div class=\"elementor-container elementor-column-gap-default\">\n\t\t\t\t\t<div class=\"elementor-column elementor-col-100 elementor-top-column elementor-element elementor-element-4f05491\" data-id=\"4f05491\" data-element_type=\"column\" data-e-type=\"column\">\n\t\t\t<div class=\"elementor-widget-wrap elementor-element-populated\">\n\t\t\t\t\t\t<section class=\"elementor-section elementor-inner-section elementor-element elementor-element-ced7b22 elementor-section-boxed elementor-section-height-default elementor-section-height-default\" data-id=\"ced7b22\" data-element_type=\"section\" data-e-type=\"section\">\n\t\t\t\t\t\t<div class=\"elementor-container elementor-column-gap-default\">\n\t\t\t\t\t<div class=\"elementor-column elementor-col-25 elementor-inner-column elementor-element elementor-element-d79886a\" data-id=\"d79886a\" data-element_type=\"column\" data-e-type=\"column\">\n\t\t\t<div class=\"elementor-widget-wrap elementor-element-populated\">\n\t\t\t\t\t\t<div class=\"elementor-element elementor-element-b6ccf95 elementor-widget elementor-widget-text-editor\" data-id=\"b6ccf95\" data-element_type=\"widget\" data-e-type=\"widget\" data-widget_type=\"text-editor.default\">\n\t\t\t\t<div class=\"elementor-widget-container\">\n\t\t\t\t\t\t\t\t\t<p><b>Per\u00e7age de haute pr\u00e9cision<\/b><\/p>\n<p>Nous sommes \u00e0 la pointe du forage de haute pr\u00e9cision pour les petits trous, avec des diam\u00e8tres allant de 10 \u03bcm \u00e0 4,0 mm, offrant des trous sans bavure de la plus haute qualit\u00e9.<\/p><\/p>\n\t\t\t\t\t\t\t\t<\/div>\n\t\t\t\t<\/div>\n\t\t\t\t<div class=\"elementor-element elementor-element-a057cbc elementor-widget elementor-widget-spacer\" data-id=\"a057cbc\" data-element_type=\"widget\" data-e-type=\"widget\" data-widget_type=\"spacer.default\">\n\t\t\t\t<div class=\"elementor-widget-container\">\n\t\t\t\t\t\t\t<div class=\"elementor-spacer\">\n\t\t\t<div class=\"elementor-spacer-inner\"><\/div>\n\t\t<\/div>\n\t\t\t\t\t\t<\/div>\n\t\t\t\t<\/div>\n\t\t\t\t<div class=\"elementor-element elementor-element-4350b8e elementor-widget elementor-widget-image\" data-id=\"4350b8e\" data-element_type=\"widget\" data-e-type=\"widget\" data-widget_type=\"image.default\">\n\t\t\t\t<div class=\"elementor-widget-container\">\n\t\t\t\t\t\t\t\t\t\t\t\t\t\t\t<img fetchpriority=\"high\" decoding=\"async\" width=\"300\" height=\"300\" src=\"https:\/\/www.sarix.com\/wp-content\/uploads\/2023\/09\/MDH_dett04-300x300.jpg\" class=\"attachment-medium size-medium wp-image-4099\" alt=\"\" srcset=\"https:\/\/www.sarix.com\/wp-content\/uploads\/2023\/09\/MDH_dett04-300x300.jpg 300w, https:\/\/www.sarix.com\/wp-content\/uploads\/2023\/09\/MDH_dett04-150x150.jpg 150w, https:\/\/www.sarix.com\/wp-content\/uploads\/2023\/09\/MDH_dett04-100x100.jpg 100w, https:\/\/www.sarix.com\/wp-content\/uploads\/2023\/09\/MDH_dett04.jpg 700w\" sizes=\"(max-width: 300px) 100vw, 300px\" \/>\t\t\t\t\t\t\t\t\t\t\t\t\t\t\t<\/div>\n\t\t\t\t<\/div>\n\t\t\t\t<div class=\"elementor-element elementor-element-35a16e3 elementor-widget elementor-widget-text-editor\" data-id=\"35a16e3\" data-element_type=\"widget\" data-e-type=\"widget\" data-widget_type=\"text-editor.default\">\n\t\t\t\t<div class=\"elementor-widget-container\">\n\t\t\t\t\t\t\t\t\t<p>Les solutions de r\u00e9servoirs immerg\u00e9s avec remplissage \u00e0 grande vitesse permettent de mieux forer dans des conditions de s\u00e9curit\u00e9.<\/p>\n\t\t\t\t\t\t\t\t<\/div>\n\t\t\t\t<\/div>\n\t\t\t\t\t<\/div>\n\t\t<\/div>\n\t\t\t\t<div class=\"elementor-column elementor-col-25 elementor-inner-column elementor-element elementor-element-cc6ff15\" data-id=\"cc6ff15\" data-element_type=\"column\" data-e-type=\"column\">\n\t\t\t<div class=\"elementor-widget-wrap elementor-element-populated\">\n\t\t\t\t\t\t<div class=\"elementor-element elementor-element-27889d5 elementor-widget elementor-widget-text-editor\" data-id=\"27889d5\" data-element_type=\"widget\" data-e-type=\"widget\" data-widget_type=\"text-editor.default\">\n\t\t\t\t<div class=\"elementor-widget-container\">\n\t\t\t\t\t\t\t\t\t<p><b>Per\u00e7age \u00e0 grande vitesse<\/b><\/p>\n<p>Avec le g\u00e9n\u00e9rateur <b>SX-HPS<\/b>, nous offrons des solutions pour le per\u00e7age rapide de trous dans diff\u00e9rents mat\u00e9riaux tels que le carbure, l&rsquo;acier et les alliages sp\u00e9ciaux.<\/p>\n<p><span style=\"color: var( --e-global-color-text ); font-weight: var( --e-global-typography-text-font-weight ); font-size: 1em;\">Dans l&rsquo;a\u00e9rospatiale comme dans les outils d&#8217;emboutissage, il permet d&rsquo;obtenir des taux d&rsquo;enl\u00e8vement \u00e9lev\u00e9s avec une couche de refonte minimale et l&rsquo;absence de fissures.<\/span><\/p>\n\t\t\t\t\t\t\t\t<\/div>\n\t\t\t\t<\/div>\n\t\t\t\t<div class=\"elementor-element elementor-element-559fd23 elementor-widget elementor-widget-image\" data-id=\"559fd23\" data-element_type=\"widget\" data-e-type=\"widget\" data-widget_type=\"image.default\">\n\t\t\t\t<div class=\"elementor-widget-container\">\n\t\t\t\t\t\t\t\t\t\t\t\t\t\t\t\t<a href=\"https:\/\/www.sarix.com\/sarix-technologies\/micro-edm-technologies\/breakthrough-detection\/\">\n\t\t\t\t\t\t\t<img decoding=\"async\" width=\"300\" height=\"300\" src=\"https:\/\/www.sarix.com\/wp-content\/uploads\/2023\/09\/MicroEDMDrilling-300x300.jpg\" class=\"attachment-medium size-medium wp-image-4029\" alt=\"\" srcset=\"https:\/\/www.sarix.com\/wp-content\/uploads\/2023\/09\/MicroEDMDrilling-300x300.jpg 300w, https:\/\/www.sarix.com\/wp-content\/uploads\/2023\/09\/MicroEDMDrilling-150x150.jpg 150w, https:\/\/www.sarix.com\/wp-content\/uploads\/2023\/09\/MicroEDMDrilling-768x768.jpg 768w, https:\/\/www.sarix.com\/wp-content\/uploads\/2023\/09\/MicroEDMDrilling-100x100.jpg 100w, https:\/\/www.sarix.com\/wp-content\/uploads\/2023\/09\/MicroEDMDrilling.jpg 800w\" sizes=\"(max-width: 300px) 100vw, 300px\" \/>\t\t\t\t\t\t\t\t<\/a>\n\t\t\t\t\t\t\t\t\t\t\t\t\t\t\t<\/div>\n\t\t\t\t<\/div>\n\t\t\t\t<div class=\"elementor-element elementor-element-561b9c6 elementor-widget elementor-widget-text-editor\" data-id=\"561b9c6\" data-element_type=\"widget\" data-e-type=\"widget\" data-widget_type=\"text-editor.default\">\n\t\t\t\t<div class=\"elementor-widget-container\">\n\t\t\t\t\t\t\t\t\t<p><a href=\"https:\/\/www.sarix.com\/sarix-technologies\/micro-edm-technologies\/breakthrough-detection\/\"><b>SX-BTD D\u00e9tection de rupture<\/b><\/a><\/p>\n<p>Per\u00e7age de pr\u00e9cision \u00e0 grande vitesse avec d\u00e9tection avanc\u00e9e de la perforation des parois pour une fiabilit\u00e9 accrue.<b><br \/><\/b><\/p>\n<p><span style=\"color: var( --e-global-color-text ); font-weight: var( --e-global-typography-text-font-weight ); font-size: 1em;\">D\u00e9tection pr\u00e9cise de la travers\u00e9e des murs sans interf\u00e9rence avec le mur arri\u00e8re<\/span><\/p>\n\t\t\t\t\t\t\t\t<\/div>\n\t\t\t\t<\/div>\n\t\t\t\t\t<\/div>\n\t\t<\/div>\n\t\t\t\t<div class=\"elementor-column elementor-col-25 elementor-inner-column elementor-element elementor-element-f654823\" data-id=\"f654823\" data-element_type=\"column\" data-e-type=\"column\">\n\t\t\t<div class=\"elementor-widget-wrap elementor-element-populated\">\n\t\t\t\t\t\t<div class=\"elementor-element elementor-element-188c404 elementor-widget elementor-widget-text-editor\" data-id=\"188c404\" data-element_type=\"widget\" data-e-type=\"widget\" data-widget_type=\"text-editor.default\">\n\t\t\t\t<div class=\"elementor-widget-container\">\n\t\t\t\t\t\t\t\t\t<p><b>Per\u00e7age de trous par \u00e9tapes SX-SHD de haute pr\u00e9cision<\/b><\/p>\n<p>sur les buses sont dot\u00e9es de trous capillaires d\u2019un diam\u00e8tre compris entre <strong data-start=\"888\" data-end=\"906\">0,05 et 0,1 mm<\/strong>, conform\u00e9ment aux exigences de micro-distribution<\/p>\n\t\t\t\t\t\t\t\t<\/div>\n\t\t\t\t<\/div>\n\t\t\t\t<div class=\"elementor-element elementor-element-a42ce3a elementor-widget elementor-widget-image\" data-id=\"a42ce3a\" data-element_type=\"widget\" data-e-type=\"widget\" data-widget_type=\"image.default\">\n\t\t\t\t<div class=\"elementor-widget-container\">\n\t\t\t\t\t\t\t\t\t\t\t\t\t\t\t<img decoding=\"async\" width=\"300\" height=\"188\" src=\"https:\/\/www.sarix.com\/wp-content\/uploads\/2025\/09\/IMG_4586-300x188.jpg\" class=\"attachment-medium size-medium wp-image-15043\" alt=\"\" srcset=\"https:\/\/www.sarix.com\/wp-content\/uploads\/2025\/09\/IMG_4586-300x188.jpg 300w, https:\/\/www.sarix.com\/wp-content\/uploads\/2025\/09\/IMG_4586.jpg 640w\" sizes=\"(max-width: 300px) 100vw, 300px\" \/>\t\t\t\t\t\t\t\t\t\t\t\t\t\t\t<\/div>\n\t\t\t\t<\/div>\n\t\t\t\t<div class=\"elementor-element elementor-element-5414135 elementor-widget elementor-widget-text-editor\" data-id=\"5414135\" data-element_type=\"widget\" data-e-type=\"widget\" data-widget_type=\"text-editor.default\">\n\t\t\t\t<div class=\"elementor-widget-container\">\n\t\t\t\t\t\t\t\t\t<p><b><a href=\"https:\/\/www.sarix.com\/sarix-technologies\/micro-edm-technologies\/sx-mdh-deep-hole-drilling\/\">Forage profond<\/a><\/b><\/p>\n<p>Nous excellons dans les forages extr\u00eamement profonds, quel que soit le diam\u00e8tre. Utilisez notre <a href=\"https:\/\/www.sarix.com\/sarix-technologies\/micro-edm-technologies\/sx-mdh-deep-hole-drilling\/\"><b>SX-MDH<\/b> (Micro Deep Hole)<\/a> pour des trous de 0,10 mm jusqu&rsquo;\u00e0 15 mm de profondeur, et le g\u00e9n\u00e9rateur <b>SX-HPS<\/b> pour des trous de 0,8 mm jusqu&rsquo;\u00e0 230 mm de profondeur.<\/p>\n\t\t\t\t\t\t\t\t<\/div>\n\t\t\t\t<\/div>\n\t\t\t\t<div class=\"elementor-element elementor-element-c56fdf0 elementor-widget elementor-widget-image\" data-id=\"c56fdf0\" data-element_type=\"widget\" data-e-type=\"widget\" data-widget_type=\"image.default\">\n\t\t\t\t<div class=\"elementor-widget-container\">\n\t\t\t\t\t\t\t\t\t\t\t\t\t\t\t<img loading=\"lazy\" decoding=\"async\" width=\"150\" height=\"150\" src=\"https:\/\/www.sarix.com\/wp-content\/uploads\/2023\/09\/MDH_dett03-150x150.jpg\" class=\"attachment-thumbnail size-thumbnail wp-image-4104\" alt=\"\" srcset=\"https:\/\/www.sarix.com\/wp-content\/uploads\/2023\/09\/MDH_dett03-150x150.jpg 150w, https:\/\/www.sarix.com\/wp-content\/uploads\/2023\/09\/MDH_dett03-300x300.jpg 300w, https:\/\/www.sarix.com\/wp-content\/uploads\/2023\/09\/MDH_dett03-100x100.jpg 100w, https:\/\/www.sarix.com\/wp-content\/uploads\/2023\/09\/MDH_dett03.jpg 700w\" sizes=\"(max-width: 150px) 100vw, 150px\" \/>\t\t\t\t\t\t\t\t\t\t\t\t\t\t\t<\/div>\n\t\t\t\t<\/div>\n\t\t\t\t<div class=\"elementor-element elementor-element-47c2ff0 elementor-widget elementor-widget-spacer\" data-id=\"47c2ff0\" data-element_type=\"widget\" data-e-type=\"widget\" data-widget_type=\"spacer.default\">\n\t\t\t\t<div class=\"elementor-widget-container\">\n\t\t\t\t\t\t\t<div class=\"elementor-spacer\">\n\t\t\t<div class=\"elementor-spacer-inner\"><\/div>\n\t\t<\/div>\n\t\t\t\t\t\t<\/div>\n\t\t\t\t<\/div>\n\t\t\t\t\t<\/div>\n\t\t<\/div>\n\t\t\t\t<div class=\"elementor-column elementor-col-25 elementor-inner-column elementor-element elementor-element-9885f38\" data-id=\"9885f38\" data-element_type=\"column\" data-e-type=\"column\">\n\t\t\t<div class=\"elementor-widget-wrap elementor-element-populated\">\n\t\t\t\t\t\t<div class=\"elementor-element elementor-element-ae7c93e elementor-widget elementor-widget-heading\" data-id=\"ae7c93e\" data-element_type=\"widget\" data-e-type=\"widget\" data-widget_type=\"heading.default\">\n\t\t\t\t<div class=\"elementor-widget-container\">\n\t\t\t\t\t<p class=\"elementor-heading-title elementor-size-default\">S\u00c9LECTION DE L'\u00c9CHANTILLON<\/p>\t\t\t\t<\/div>\n\t\t\t\t<\/div>\n\t\t\t\t<div class=\"elementor-element elementor-element-83dacb6 elementor-widget elementor-widget-image\" data-id=\"83dacb6\" data-element_type=\"widget\" data-e-type=\"widget\" data-widget_type=\"image.default\">\n\t\t\t\t<div class=\"elementor-widget-container\">\n\t\t\t\t\t\t\t\t\t\t\t\t\t\t\t<img loading=\"lazy\" decoding=\"async\" width=\"300\" height=\"205\" src=\"https:\/\/www.sarix.com\/wp-content\/uploads\/2023\/09\/Tubing-sample-1-e1694195949132-300x205.jpg\" class=\"attachment-medium size-medium wp-image-4194\" alt=\"\" srcset=\"https:\/\/www.sarix.com\/wp-content\/uploads\/2023\/09\/Tubing-sample-1-e1694195949132-300x205.jpg 300w, https:\/\/www.sarix.com\/wp-content\/uploads\/2023\/09\/Tubing-sample-1-e1694195949132-768x525.jpg 768w, https:\/\/www.sarix.com\/wp-content\/uploads\/2023\/09\/Tubing-sample-1-e1694195949132.jpg 959w\" sizes=\"(max-width: 300px) 100vw, 300px\" \/>\t\t\t\t\t\t\t\t\t\t\t\t\t\t\t<\/div>\n\t\t\t\t<\/div>\n\t\t\t\t<div class=\"elementor-element elementor-element-aa5aec2 elementor-widget elementor-widget-image\" data-id=\"aa5aec2\" data-element_type=\"widget\" data-e-type=\"widget\" data-widget_type=\"image.default\">\n\t\t\t\t<div class=\"elementor-widget-container\">\n\t\t\t\t\t\t\t\t\t\t\t\t\t\t\t<img loading=\"lazy\" decoding=\"async\" width=\"298\" height=\"300\" src=\"https:\/\/www.sarix.com\/wp-content\/uploads\/2023\/09\/Medical-components-298x300.jpg\" class=\"attachment-medium size-medium wp-image-4199\" alt=\"\" srcset=\"https:\/\/www.sarix.com\/wp-content\/uploads\/2023\/09\/Medical-components-298x300.jpg 298w, https:\/\/www.sarix.com\/wp-content\/uploads\/2023\/09\/Medical-components-1017x1024.jpg 1017w, https:\/\/www.sarix.com\/wp-content\/uploads\/2023\/09\/Medical-components-150x150.jpg 150w, https:\/\/www.sarix.com\/wp-content\/uploads\/2023\/09\/Medical-components-768x773.jpg 768w, https:\/\/www.sarix.com\/wp-content\/uploads\/2023\/09\/Medical-components-100x100.jpg 100w, https:\/\/www.sarix.com\/wp-content\/uploads\/2023\/09\/Medical-components.jpg 1026w\" sizes=\"(max-width: 298px) 100vw, 298px\" \/>\t\t\t\t\t\t\t\t\t\t\t\t\t\t\t<\/div>\n\t\t\t\t<\/div>\n\t\t\t\t<div class=\"elementor-element elementor-element-5dd7022 elementor-widget__width-auto elementor-widget elementor-widget-text-editor\" data-id=\"5dd7022\" data-element_type=\"widget\" data-e-type=\"widget\" data-widget_type=\"text-editor.default\">\n\t\t\t\t<div class=\"elementor-widget-container\">\n\t\t\t\t\t\t\t\t\t<p><span style=\"font-size: 1em; color: var( --e-global-color-text );\"><b>Nous relevons les d\u00e9fis les plus exigeants en mati\u00e8re de forage !<\/b><\/span><\/p>\n<p><b>Contactez-nous pour un essai gratuit !<\/b><\/p>\n\t\t\t\t\t\t\t\t<\/div>\n\t\t\t\t<\/div>\n\t\t\t\t\t<\/div>\n\t\t<\/div>\n\t\t\t\t\t<\/div>\n\t\t<\/section>\n\t\t\t\t\t<\/div>\n\t\t<\/div>\n\t\t\t\t\t<\/div>\n\t\t<\/section>\n\t\t\t\t<section class=\"elementor-section elementor-top-section elementor-element elementor-element-07448de elementor-section-boxed elementor-section-height-default elementor-section-height-default\" data-id=\"07448de\" data-element_type=\"section\" data-e-type=\"section\">\n\t\t\t\t\t\t<div class=\"elementor-container elementor-column-gap-default\">\n\t\t\t\t\t<div class=\"elementor-column elementor-col-100 elementor-top-column elementor-element elementor-element-66e9d46 elementor-hidden-mobile\" data-id=\"66e9d46\" data-element_type=\"column\" data-e-type=\"column\">\n\t\t\t<div class=\"elementor-widget-wrap elementor-element-populated\">\n\t\t\t\t\t\t<div class=\"elementor-element elementor-element-56f918c elementor-widget__width-initial elementor-arrows-position-inside elementor-pagination-position-outside elementor-widget elementor-widget-image-carousel\" data-id=\"56f918c\" data-element_type=\"widget\" data-e-type=\"widget\" data-settings=\"{&quot;slides_to_show&quot;:&quot;2&quot;,&quot;slides_to_scroll&quot;:&quot;1&quot;,&quot;navigation&quot;:&quot;both&quot;,&quot;autoplay&quot;:&quot;yes&quot;,&quot;pause_on_hover&quot;:&quot;yes&quot;,&quot;pause_on_interaction&quot;:&quot;yes&quot;,&quot;autoplay_speed&quot;:5000,&quot;infinite&quot;:&quot;yes&quot;,&quot;speed&quot;:500}\" data-widget_type=\"image-carousel.default\">\n\t\t\t\t<div class=\"elementor-widget-container\">\n\t\t\t\t\t\t\t<div class=\"elementor-image-carousel-wrapper swiper\" role=\"region\" aria-roledescription=\"carousel\" aria-label=\"Image Carousel\" dir=\"ltr\">\n\t\t\t<div class=\"elementor-image-carousel swiper-wrapper\" aria-live=\"off\">\n\t\t\t\t\t\t\t\t<div class=\"swiper-slide\" role=\"group\" aria-roledescription=\"slide\" aria-label=\"1 sur 6\"><a data-elementor-open-lightbox=\"yes\" data-elementor-lightbox-slideshow=\"56f918c\" data-elementor-lightbox-title=\"Textile-Applications_perfectsquare\" data-e-action-hash=\"#elementor-action%3Aaction%3Dlightbox%26settings%3DeyJpZCI6NDA2OSwidXJsIjoiaHR0cHM6XC9cL3d3dy5zYXJpeC5jb21cL3dwLWNvbnRlbnRcL3VwbG9hZHNcLzIwMjNcLzA5XC9UZXh0aWxlLUFwcGxpY2F0aW9uc19wZXJmZWN0c3F1YXJlLnBuZyIsInNsaWRlc2hvdyI6IjU2ZjkxOGMifQ%3D%3D\" href=\"https:\/\/www.sarix.com\/applications\/\"><figure class=\"swiper-slide-inner\"><img decoding=\"async\" class=\"swiper-slide-image\" src=\"https:\/\/www.sarix.com\/wp-content\/uploads\/2023\/09\/Textile-Applications_perfectsquare-100x100.png\" alt=\"TEXTILE\" \/><figcaption class=\"elementor-image-carousel-caption\">TEXTILE<\/figcaption><\/figure><\/a><\/div><div class=\"swiper-slide\" role=\"group\" aria-roledescription=\"slide\" aria-label=\"2 sur 6\"><a data-elementor-open-lightbox=\"yes\" data-elementor-lightbox-slideshow=\"56f918c\" data-elementor-lightbox-title=\"MicroMechanics-Applications_perfectsquare\" data-e-action-hash=\"#elementor-action%3Aaction%3Dlightbox%26settings%3DeyJpZCI6NDA3NCwidXJsIjoiaHR0cHM6XC9cL3d3dy5zYXJpeC5jb21cL3dwLWNvbnRlbnRcL3VwbG9hZHNcLzIwMjNcLzA5XC9NaWNyb01lY2hhbmljcy1BcHBsaWNhdGlvbnNfcGVyZmVjdHNxdWFyZS5wbmciLCJzbGlkZXNob3ciOiI1NmY5MThjIn0%3D\" href=\"https:\/\/www.sarix.com\/applications\/\"><figure class=\"swiper-slide-inner\"><img decoding=\"async\" class=\"swiper-slide-image\" src=\"https:\/\/www.sarix.com\/wp-content\/uploads\/2023\/09\/MicroMechanics-Applications_perfectsquare-100x100.png\" alt=\"MICRO MECHANICS\" \/><figcaption class=\"elementor-image-carousel-caption\">MICRO MECHANICS<\/figcaption><\/figure><\/a><\/div><div class=\"swiper-slide\" role=\"group\" aria-roledescription=\"slide\" aria-label=\"3 sur 6\"><a data-elementor-open-lightbox=\"yes\" data-elementor-lightbox-slideshow=\"56f918c\" data-elementor-lightbox-title=\"Aerospace-Applications_perfectsquare\" data-e-action-hash=\"#elementor-action%3Aaction%3Dlightbox%26settings%3DeyJpZCI6NDA1NCwidXJsIjoiaHR0cHM6XC9cL3d3dy5zYXJpeC5jb21cL3dwLWNvbnRlbnRcL3VwbG9hZHNcLzIwMjNcLzA5XC9BZXJvc3BhY2UtQXBwbGljYXRpb25zX3BlcmZlY3RzcXVhcmUucG5nIiwic2xpZGVzaG93IjoiNTZmOTE4YyJ9\" href=\"https:\/\/www.sarix.com\/applications\/\"><figure class=\"swiper-slide-inner\"><img decoding=\"async\" class=\"swiper-slide-image\" src=\"https:\/\/www.sarix.com\/wp-content\/uploads\/2023\/09\/Aerospace-Applications_perfectsquare-100x100.png\" alt=\"AEROSPACE\" \/><figcaption class=\"elementor-image-carousel-caption\">AEROSPACE<\/figcaption><\/figure><\/a><\/div><div class=\"swiper-slide\" role=\"group\" aria-roledescription=\"slide\" aria-label=\"4 sur 6\"><a data-elementor-open-lightbox=\"yes\" data-elementor-lightbox-slideshow=\"56f918c\" data-elementor-lightbox-title=\"MicroMold-Applications_perfectsquare\" data-e-action-hash=\"#elementor-action%3Aaction%3Dlightbox%26settings%3DeyJpZCI6NDA1OSwidXJsIjoiaHR0cHM6XC9cL3d3dy5zYXJpeC5jb21cL3dwLWNvbnRlbnRcL3VwbG9hZHNcLzIwMjNcLzA5XC9NaWNyb01vbGQtQXBwbGljYXRpb25zX3BlcmZlY3RzcXVhcmUucG5nIiwic2xpZGVzaG93IjoiNTZmOTE4YyJ9\" href=\"https:\/\/www.sarix.com\/applications\/\"><figure class=\"swiper-slide-inner\"><img decoding=\"async\" class=\"swiper-slide-image\" src=\"https:\/\/www.sarix.com\/wp-content\/uploads\/2023\/09\/MicroMold-Applications_perfectsquare-100x100.png\" alt=\"MICRO MOLD\" \/><figcaption class=\"elementor-image-carousel-caption\">MICRO MOLD<\/figcaption><\/figure><\/a><\/div><div class=\"swiper-slide\" role=\"group\" aria-roledescription=\"slide\" aria-label=\"5 sur 6\"><a data-elementor-open-lightbox=\"yes\" data-elementor-lightbox-slideshow=\"56f918c\" data-elementor-lightbox-title=\"Medical-Applications_perfectsquare\" data-e-action-hash=\"#elementor-action%3Aaction%3Dlightbox%26settings%3DeyJpZCI6NDA2NCwidXJsIjoiaHR0cHM6XC9cL3d3dy5zYXJpeC5jb21cL3dwLWNvbnRlbnRcL3VwbG9hZHNcLzIwMjNcLzA5XC9NZWRpY2FsLUFwcGxpY2F0aW9uc19wZXJmZWN0c3F1YXJlLnBuZyIsInNsaWRlc2hvdyI6IjU2ZjkxOGMifQ%3D%3D\" href=\"https:\/\/www.sarix.com\/applications\/\"><figure class=\"swiper-slide-inner\"><img decoding=\"async\" class=\"swiper-slide-image\" src=\"https:\/\/www.sarix.com\/wp-content\/uploads\/2023\/09\/Medical-Applications_perfectsquare-100x100.png\" alt=\"MEDICAL\" \/><figcaption class=\"elementor-image-carousel-caption\">MEDICAL<\/figcaption><\/figure><\/a><\/div><div class=\"swiper-slide\" role=\"group\" aria-roledescription=\"slide\" aria-label=\"6 sur 6\"><a data-elementor-open-lightbox=\"yes\" data-elementor-lightbox-slideshow=\"56f918c\" data-elementor-lightbox-title=\"Textile-Applications_perfectsquare\" data-e-action-hash=\"#elementor-action%3Aaction%3Dlightbox%26settings%3DeyJpZCI6NDA2OSwidXJsIjoiaHR0cHM6XC9cL3d3dy5zYXJpeC5jb21cL3dwLWNvbnRlbnRcL3VwbG9hZHNcLzIwMjNcLzA5XC9UZXh0aWxlLUFwcGxpY2F0aW9uc19wZXJmZWN0c3F1YXJlLnBuZyIsInNsaWRlc2hvdyI6IjU2ZjkxOGMifQ%3D%3D\" href=\"https:\/\/www.sarix.com\/applications\/\"><figure class=\"swiper-slide-inner\"><img decoding=\"async\" class=\"swiper-slide-image\" src=\"https:\/\/www.sarix.com\/wp-content\/uploads\/2023\/09\/Textile-Applications_perfectsquare-100x100.png\" alt=\"TEXTILE\" \/><figcaption class=\"elementor-image-carousel-caption\">TEXTILE<\/figcaption><\/figure><\/a><\/div>\t\t\t<\/div>\n\t\t\t\t\t\t\t\t\t\t\t\t<div class=\"elementor-swiper-button elementor-swiper-button-prev\" role=\"button\" tabindex=\"0\">\n\t\t\t\t\t\t<i aria-hidden=\"true\" class=\"eicon-chevron-left\"><\/i>\t\t\t\t\t<\/div>\n\t\t\t\t\t<div class=\"elementor-swiper-button elementor-swiper-button-next\" role=\"button\" tabindex=\"0\">\n\t\t\t\t\t\t<i aria-hidden=\"true\" class=\"eicon-chevron-right\"><\/i>\t\t\t\t\t<\/div>\n\t\t\t\t\n\t\t\t\t\t\t\t\t\t<div class=\"swiper-pagination\"><\/div>\n\t\t\t\t\t\t\t\t\t<\/div>\n\t\t\t\t\t\t<\/div>\n\t\t\t\t<\/div>\n\t\t\t\t\t<\/div>\n\t\t<\/div>\n\t\t\t\t\t<\/div>\n\t\t<\/section>\n\t\t\t\t<\/div>\n\t\t","protected":false},"excerpt":{"rendered":"<p>Per\u00e7age de haute pr\u00e9cision Nous sommes \u00e0 la pointe du forage de haute pr\u00e9cision pour les petits trous, avec des diam\u00e8tres allant de 10 \u03bcm \u00e0 4,0 mm, offrant des trous sans bavure de la plus haute qualit\u00e9. Les solutions de r\u00e9servoirs immerg\u00e9s avec remplissage \u00e0 grande vitesse permettent de mieux forer dans des conditions [&hellip;]<\/p>\n","protected":false},"author":1,"featured_media":0,"parent":4921,"menu_order":0,"comment_status":"closed","ping_status":"closed","template":"","meta":{"footnotes":""},"categories":[76],"tags":[],"class_list":["post-4871","page","type-page","status-publish","hentry","category-technologies-fr"],"_links":{"self":[{"href":"https:\/\/www.sarix.com\/fr\/wp-json\/wp\/v2\/pages\/4871","targetHints":{"allow":["GET"]}}],"collection":[{"href":"https:\/\/www.sarix.com\/fr\/wp-json\/wp\/v2\/pages"}],"about":[{"href":"https:\/\/www.sarix.com\/fr\/wp-json\/wp\/v2\/types\/page"}],"author":[{"embeddable":true,"href":"https:\/\/www.sarix.com\/fr\/wp-json\/wp\/v2\/users\/1"}],"replies":[{"embeddable":true,"href":"https:\/\/www.sarix.com\/fr\/wp-json\/wp\/v2\/comments?post=4871"}],"version-history":[{"count":14,"href":"https:\/\/www.sarix.com\/fr\/wp-json\/wp\/v2\/pages\/4871\/revisions"}],"predecessor-version":[{"id":15074,"href":"https:\/\/www.sarix.com\/fr\/wp-json\/wp\/v2\/pages\/4871\/revisions\/15074"}],"up":[{"embeddable":true,"href":"https:\/\/www.sarix.com\/fr\/wp-json\/wp\/v2\/pages\/4921"}],"wp:attachment":[{"href":"https:\/\/www.sarix.com\/fr\/wp-json\/wp\/v2\/media?parent=4871"}],"wp:term":[{"taxonomy":"category","embeddable":true,"href":"https:\/\/www.sarix.com\/fr\/wp-json\/wp\/v2\/categories?post=4871"},{"taxonomy":"post_tag","embeddable":true,"href":"https:\/\/www.sarix.com\/fr\/wp-json\/wp\/v2\/tags?post=4871"}],"curies":[{"name":"wp","href":"https:\/\/api.w.org\/{rel}","templated":true}]}}