{"id":4870,"date":"2023-09-08T17:51:47","date_gmt":"2023-09-08T17:51:47","guid":{"rendered":"https:\/\/www.sarix.com\/caracteristiques-et-dispositifs\/"},"modified":"2023-12-19T13:12:14","modified_gmt":"2023-12-19T13:12:14","slug":"caracteristiques-et-dispositifs","status":"publish","type":"page","link":"https:\/\/www.sarix.com\/fr\/caracteristiques\/caracteristiques-et-dispositifs\/","title":{"rendered":"Caract\u00e9ristiques et dispositifs"},"content":{"rendered":"\t\t<div data-elementor-type=\"wp-page\" data-elementor-id=\"4870\" class=\"elementor elementor-4870 elementor-1171\" data-elementor-post-type=\"page\">\n\t\t\t\t\t\t<section class=\"elementor-section elementor-top-section elementor-element elementor-element-06ca54f elementor-section-boxed elementor-section-height-default elementor-section-height-default\" data-id=\"06ca54f\" data-element_type=\"section\" data-e-type=\"section\">\n\t\t\t\t\t\t<div class=\"elementor-container elementor-column-gap-default\">\n\t\t\t\t\t<div class=\"elementor-column elementor-col-50 elementor-top-column elementor-element elementor-element-1db5c5e\" data-id=\"1db5c5e\" data-element_type=\"column\" data-e-type=\"column\">\n\t\t\t<div class=\"elementor-widget-wrap elementor-element-populated\">\n\t\t\t\t\t\t<section class=\"elementor-section elementor-inner-section elementor-element elementor-element-d564179 elementor-section-boxed elementor-section-height-default elementor-section-height-default\" data-id=\"d564179\" data-element_type=\"section\" data-e-type=\"section\">\n\t\t\t\t\t\t<div class=\"elementor-container elementor-column-gap-default\">\n\t\t\t\t\t<div class=\"elementor-column elementor-col-25 elementor-inner-column elementor-element elementor-element-f0e01c7\" data-id=\"f0e01c7\" data-element_type=\"column\" data-e-type=\"column\">\n\t\t\t<div class=\"elementor-widget-wrap elementor-element-populated\">\n\t\t\t\t\t\t<div class=\"elementor-element elementor-element-9451ff6 elementor-position-top elementor-widget elementor-widget-image-box\" data-id=\"9451ff6\" data-element_type=\"widget\" data-e-type=\"widget\" data-widget_type=\"image-box.default\">\n\t\t\t\t<div class=\"elementor-widget-container\">\n\t\t\t\t\t<div class=\"elementor-image-box-wrapper\"><figure class=\"elementor-image-box-img\"><img fetchpriority=\"high\" decoding=\"async\" width=\"903\" height=\"642\" src=\"https:\/\/www.sarix.com\/wp-content\/uploads\/2023\/09\/SX-Arianne.jpg\" class=\"attachment-full size-full wp-image-1120\" alt=\"\" srcset=\"https:\/\/www.sarix.com\/wp-content\/uploads\/2023\/09\/SX-Arianne.jpg 903w, https:\/\/www.sarix.com\/wp-content\/uploads\/2023\/09\/SX-Arianne-300x213.jpg 300w, https:\/\/www.sarix.com\/wp-content\/uploads\/2023\/09\/SX-Arianne-768x546.jpg 768w\" sizes=\"(max-width: 903px) 100vw, 903px\" \/><\/figure><div class=\"elementor-image-box-content\"><h3 class=\"elementor-image-box-title\">SX-Arianne - Unit\u00e9 d'habillage des fils<\/h3><p class=\"elementor-image-box-description\">Con\u00e7ue pour produire des micro\u00e9lectrodes pour les micro-trous et les microformes jusqu'\u00e0 \u00d8 10 \u00b5m - Fil de \u00d8 0,10 et 0,20 mm<\/p><\/div><\/div>\t\t\t\t<\/div>\n\t\t\t\t<\/div>\n\t\t\t\t\t<\/div>\n\t\t<\/div>\n\t\t\t\t<div class=\"elementor-column elementor-col-25 elementor-inner-column elementor-element elementor-element-f59f792\" data-id=\"f59f792\" data-element_type=\"column\" data-e-type=\"column\">\n\t\t\t<div class=\"elementor-widget-wrap elementor-element-populated\">\n\t\t\t\t\t\t<div class=\"elementor-element elementor-element-d99eb17 elementor-position-top elementor-widget elementor-widget-image-box\" data-id=\"d99eb17\" data-element_type=\"widget\" data-e-type=\"widget\" data-widget_type=\"image-box.default\">\n\t\t\t\t<div class=\"elementor-widget-container\">\n\t\t\t\t\t<div class=\"elementor-image-box-wrapper\"><figure class=\"elementor-image-box-img\"><img decoding=\"async\" width=\"902\" height=\"642\" src=\"https:\/\/www.sarix.com\/wp-content\/uploads\/2023\/09\/SX-Laser.jpg\" class=\"attachment-full size-full wp-image-1119\" alt=\"\" srcset=\"https:\/\/www.sarix.com\/wp-content\/uploads\/2023\/09\/SX-Laser.jpg 902w, https:\/\/www.sarix.com\/wp-content\/uploads\/2023\/09\/SX-Laser-300x214.jpg 300w, https:\/\/www.sarix.com\/wp-content\/uploads\/2023\/09\/SX-Laser-768x547.jpg 768w\" sizes=\"(max-width: 902px) 100vw, 902px\" \/><\/figure><div class=\"elementor-image-box-content\"><h3 class=\"elementor-image-box-title\">Mesure SX-Laser<\/h3><p class=\"elementor-image-box-description\">Laser pour la mesure du diam\u00e8tre\/profil des \u00e9lectrodes pour SX-Arianne - R\u00e9solution de 0,10 \u00b5m - Mesure minimale de 0,005 mm<\/p><\/div><\/div>\t\t\t\t<\/div>\n\t\t\t\t<\/div>\n\t\t\t\t\t<\/div>\n\t\t<\/div>\n\t\t\t\t<div class=\"elementor-column elementor-col-25 elementor-inner-column elementor-element elementor-element-5408bef\" data-id=\"5408bef\" data-element_type=\"column\" data-e-type=\"column\">\n\t\t\t<div class=\"elementor-widget-wrap elementor-element-populated\">\n\t\t\t\t\t\t<div class=\"elementor-element elementor-element-a0d22e5 elementor-position-top elementor-widget elementor-widget-image-box\" data-id=\"a0d22e5\" data-element_type=\"widget\" data-e-type=\"widget\" data-widget_type=\"image-box.default\">\n\t\t\t\t<div class=\"elementor-widget-container\">\n\t\t\t\t\t<div class=\"elementor-image-box-wrapper\"><figure class=\"elementor-image-box-img\"><img decoding=\"async\" width=\"903\" height=\"642\" src=\"https:\/\/www.sarix.com\/wp-content\/uploads\/2023\/09\/SX-Rotary.jpg\" class=\"attachment-full size-full wp-image-1118\" alt=\"\" srcset=\"https:\/\/www.sarix.com\/wp-content\/uploads\/2023\/09\/SX-Rotary.jpg 903w, https:\/\/www.sarix.com\/wp-content\/uploads\/2023\/09\/SX-Rotary-300x213.jpg 300w, https:\/\/www.sarix.com\/wp-content\/uploads\/2023\/09\/SX-Rotary-768x546.jpg 768w\" sizes=\"(max-width: 903px) 100vw, 903px\" \/><\/figure><div class=\"elementor-image-box-content\"><h3 class=\"elementor-image-box-title\">SX-Rotary A\/B axis<\/h3><p class=\"elementor-image-box-description\">Axe A\/B de haute pr\u00e9cision<br>Axe de rotation A \u00b1115\u00b0 - Axe de rotation B 360\u00b0 - Mesure directe de l'axe - Con\u00e7u pour mandrin 3R ou EROWA - R\u00e9solution 0.0001 degr\u00e9s - Rin\u00e7age interne du porte-pi\u00e8ce<\/p><\/div><\/div>\t\t\t\t<\/div>\n\t\t\t\t<\/div>\n\t\t\t\t\t<\/div>\n\t\t<\/div>\n\t\t\t\t<div class=\"elementor-column elementor-col-25 elementor-inner-column elementor-element elementor-element-55dc134\" data-id=\"55dc134\" data-element_type=\"column\" data-e-type=\"column\">\n\t\t\t<div class=\"elementor-widget-wrap elementor-element-populated\">\n\t\t\t\t\t\t<div class=\"elementor-element elementor-element-0a9cb9f elementor-position-top elementor-widget elementor-widget-image-box\" data-id=\"0a9cb9f\" data-element_type=\"widget\" data-e-type=\"widget\" data-widget_type=\"image-box.default\">\n\t\t\t\t<div class=\"elementor-widget-container\">\n\t\t\t\t\t<div class=\"elementor-image-box-wrapper\"><figure class=\"elementor-image-box-img\"><img loading=\"lazy\" decoding=\"async\" width=\"901\" height=\"641\" src=\"https:\/\/www.sarix.com\/wp-content\/uploads\/2023\/09\/SX-Cam.jpg\" class=\"attachment-full size-full wp-image-1117\" alt=\"\" srcset=\"https:\/\/www.sarix.com\/wp-content\/uploads\/2023\/09\/SX-Cam.jpg 901w, https:\/\/www.sarix.com\/wp-content\/uploads\/2023\/09\/SX-Cam-300x213.jpg 300w, https:\/\/www.sarix.com\/wp-content\/uploads\/2023\/09\/SX-Cam-768x546.jpg 768w\" sizes=\"(max-width: 901px) 100vw, 901px\" \/><\/figure><div class=\"elementor-image-box-content\"><h3 class=\"elementor-image-box-title\">SX-CAM software - 3D Micro EDM Milling CAM<\/h3><p class=\"elementor-image-box-description\">Progiciel - Post-processeur SARIX - Licence ESPRIT SolidMill : 2.5D, PROD, 3D et Freeform<\/p><\/div><\/div>\t\t\t\t<\/div>\n\t\t\t\t<\/div>\n\t\t\t\t\t<\/div>\n\t\t<\/div>\n\t\t\t\t\t<\/div>\n\t\t<\/section>\n\t\t\t\t\t<\/div>\n\t\t<\/div>\n\t\t\t\t<div class=\"elementor-column elementor-col-50 elementor-top-column elementor-element elementor-element-5af0d20\" data-id=\"5af0d20\" data-element_type=\"column\" data-e-type=\"column\">\n\t\t\t<div class=\"elementor-widget-wrap\">\n\t\t\t\t\t\t\t<\/div>\n\t\t<\/div>\n\t\t\t\t\t<\/div>\n\t\t<\/section>\n\t\t\t\t<section class=\"elementor-section elementor-top-section elementor-element elementor-element-d7246d0 elementor-section-boxed elementor-section-height-default elementor-section-height-default\" data-id=\"d7246d0\" data-element_type=\"section\" data-e-type=\"section\">\n\t\t\t\t\t\t<div class=\"elementor-container elementor-column-gap-default\">\n\t\t\t\t\t<div class=\"elementor-column elementor-col-100 elementor-top-column elementor-element elementor-element-b885819\" data-id=\"b885819\" data-element_type=\"column\" data-e-type=\"column\">\n\t\t\t<div class=\"elementor-widget-wrap elementor-element-populated\">\n\t\t\t\t\t\t<div class=\"elementor-element elementor-element-5f5a9e6 elementor-widget elementor-widget-shortcode\" data-id=\"5f5a9e6\" data-element_type=\"widget\" data-e-type=\"widget\" data-widget_type=\"shortcode.default\">\n\t\t\t\t<div class=\"elementor-widget-container\">\n\t\t\t\t\t\t\t<div class=\"elementor-shortcode\"><div data-post-id=\"4898\" class=\"insert-page insert-page-4898 \">\t\t<div data-elementor-type=\"wp-page\" data-elementor-id=\"4898\" class=\"elementor elementor-4898 elementor-1286 elementor-1286\" data-elementor-post-type=\"page\">\n\t\t\t\t\t\t<section class=\"elementor-section elementor-top-section elementor-element elementor-element-e7d6980 elementor-section-boxed elementor-section-height-default elementor-section-height-default\" data-id=\"e7d6980\" data-element_type=\"section\" data-e-type=\"section\">\n\t\t\t\t\t\t<div class=\"elementor-container elementor-column-gap-default\">\n\t\t\t\t\t<div class=\"elementor-column elementor-col-100 elementor-top-column elementor-element elementor-element-5b2bafc\" data-id=\"5b2bafc\" data-element_type=\"column\" data-e-type=\"column\">\n\t\t\t<div class=\"elementor-widget-wrap elementor-element-populated\">\n\t\t\t\t\t\t<div class=\"elementor-element elementor-element-11df506 elementor-widget elementor-widget-text-editor\" data-id=\"11df506\" data-element_type=\"widget\" data-e-type=\"widget\" data-widget_type=\"text-editor.default\">\n\t\t\t\t<div class=\"elementor-widget-container\">\n\t\t\t\t\t\t\t\t\t<p><b><a href=\"https:\/\/www.sarix.com\/fr\/rotations-de-la-broche-et-du-porte-electrode\/\">Rotations de la broche<\/a><span style=\"color: #e40421;\"> &#8211;<\/span> <a href=\"https:\/\/www.sarix.com\/fr\/pinces-de-serrage\/\">Pinces de serrage<\/a><span style=\"color: #e40421;\"> &#8211;<\/span> <a href=\"https:\/\/www.sarix.com\/fr\/caracteristiques-et-dispositifs\/\">Caract\u00e9ristiques et dispositifs<\/a><\/b><\/p>\t\t\t\t\t\t\t\t<\/div>\n\t\t\t\t<\/div>\n\t\t\t\t\t<\/div>\n\t\t<\/div>\n\t\t\t\t\t<\/div>\n\t\t<\/section>\n\t\t\t\t<\/div>\n\t\t<\/div><\/div>\n\t\t\t\t\t\t<\/div>\n\t\t\t\t<\/div>\n\t\t\t\t\t<\/div>\n\t\t<\/div>\n\t\t\t\t\t<\/div>\n\t\t<\/section>\n\t\t\t\t<\/div>\n\t\t","protected":false},"excerpt":{"rendered":"<p>SX-Arianne &#8211; Unit\u00e9 d&rsquo;habillage des fils Con\u00e7ue pour produire des micro\u00e9lectrodes pour les micro-trous et les microformes jusqu&rsquo;\u00e0 \u00d8 10 \u00b5m &#8211; Fil de \u00d8 0,10 et 0,20 mm Mesure SX-Laser Laser pour la mesure du diam\u00e8tre\/profil des \u00e9lectrodes pour SX-Arianne &#8211; R\u00e9solution de 0,10 \u00b5m &#8211; Mesure minimale de 0,005 mm SX-Rotary A\/B axis [&hellip;]<\/p>\n","protected":false},"author":1,"featured_media":0,"parent":4891,"menu_order":0,"comment_status":"closed","ping_status":"closed","template":"","meta":{"footnotes":""},"categories":[77],"tags":[],"class_list":["post-4870","page","type-page","status-publish","hentry","category-caracteristiques"],"_links":{"self":[{"href":"https:\/\/www.sarix.com\/fr\/wp-json\/wp\/v2\/pages\/4870","targetHints":{"allow":["GET"]}}],"collection":[{"href":"https:\/\/www.sarix.com\/fr\/wp-json\/wp\/v2\/pages"}],"about":[{"href":"https:\/\/www.sarix.com\/fr\/wp-json\/wp\/v2\/types\/page"}],"author":[{"embeddable":true,"href":"https:\/\/www.sarix.com\/fr\/wp-json\/wp\/v2\/users\/1"}],"replies":[{"embeddable":true,"href":"https:\/\/www.sarix.com\/fr\/wp-json\/wp\/v2\/comments?post=4870"}],"version-history":[{"count":5,"href":"https:\/\/www.sarix.com\/fr\/wp-json\/wp\/v2\/pages\/4870\/revisions"}],"predecessor-version":[{"id":5911,"href":"https:\/\/www.sarix.com\/fr\/wp-json\/wp\/v2\/pages\/4870\/revisions\/5911"}],"up":[{"embeddable":true,"href":"https:\/\/www.sarix.com\/fr\/wp-json\/wp\/v2\/pages\/4891"}],"wp:attachment":[{"href":"https:\/\/www.sarix.com\/fr\/wp-json\/wp\/v2\/media?parent=4870"}],"wp:term":[{"taxonomy":"category","embeddable":true,"href":"https:\/\/www.sarix.com\/fr\/wp-json\/wp\/v2\/categories?post=4870"},{"taxonomy":"post_tag","embeddable":true,"href":"https:\/\/www.sarix.com\/fr\/wp-json\/wp\/v2\/tags?post=4870"}],"curies":[{"name":"wp","href":"https:\/\/api.w.org\/{rel}","templated":true}]}}