{"id":4866,"date":"2023-09-08T12:19:22","date_gmt":"2023-09-08T12:19:22","guid":{"rendered":"https:\/\/www.sarix.com\/sx200-hpm\/"},"modified":"2024-12-04T17:13:42","modified_gmt":"2024-12-04T17:13:42","slug":"sx200-hpm","status":"publish","type":"page","link":"https:\/\/www.sarix.com\/fr\/machines\/sx200-hpm\/","title":{"rendered":"SX200-hpm"},"content":{"rendered":"\t\t<div data-elementor-type=\"wp-page\" data-elementor-id=\"4866\" class=\"elementor elementor-4866 elementor-673\" data-elementor-post-type=\"page\">\n\t\t\t\t\t\t<section class=\"elementor-section elementor-top-section elementor-element elementor-element-4b264a2 elementor-section-content-top elementor-section-boxed elementor-section-height-default elementor-section-height-default\" data-id=\"4b264a2\" data-element_type=\"section\" data-e-type=\"section\">\n\t\t\t\t\t\t<div class=\"elementor-container elementor-column-gap-no\">\n\t\t\t\t\t<div class=\"elementor-column elementor-col-100 elementor-top-column elementor-element elementor-element-4dcf8d5\" data-id=\"4dcf8d5\" data-element_type=\"column\" data-e-type=\"column\">\n\t\t\t<div class=\"elementor-widget-wrap elementor-element-populated\">\n\t\t\t\t\t\t<div class=\"elementor-element elementor-element-c7e43b8 elementor-widget elementor-widget-shortcode\" data-id=\"c7e43b8\" data-element_type=\"widget\" data-e-type=\"widget\" data-widget_type=\"shortcode.default\">\n\t\t\t\t<div class=\"elementor-widget-container\">\n\t\t\t\t\t\t\t<div class=\"elementor-shortcode\"><div data-post-id=\"4879\" class=\"insert-page insert-page-4879 \">\t\t<div data-elementor-type=\"wp-page\" data-elementor-id=\"4879\" class=\"elementor elementor-4879 elementor-481 elementor-481\" data-elementor-post-type=\"page\">\n\t\t\t\t\t\t<section class=\"elementor-section elementor-top-section elementor-element elementor-element-4f892fe elementor-section-stretched elementor-hidden-tablet elementor-hidden-mobile elementor-section-boxed elementor-section-height-default elementor-section-height-default\" data-id=\"4f892fe\" data-element_type=\"section\" data-e-type=\"section\" data-settings=\"{&quot;stretch_section&quot;:&quot;section-stretched&quot;}\">\n\t\t\t\t\t\t<div class=\"elementor-container elementor-column-gap-wide\">\n\t\t\t\t\t<div class=\"elementor-column elementor-col-100 elementor-top-column elementor-element elementor-element-8ac3466\" data-id=\"8ac3466\" data-element_type=\"column\" data-e-type=\"column\">\n\t\t\t<div class=\"elementor-widget-wrap elementor-element-populated\">\n\t\t\t\t\t\t<section class=\"elementor-section elementor-inner-section elementor-element elementor-element-7f9cb31 elementor-section-boxed elementor-section-height-default elementor-section-height-default\" data-id=\"7f9cb31\" data-element_type=\"section\" data-e-type=\"section\">\n\t\t\t\t\t\t<div class=\"elementor-container elementor-column-gap-default\">\n\t\t\t\t\t<div class=\"elementor-column elementor-col-14 elementor-inner-column elementor-element elementor-element-0289160\" data-id=\"0289160\" data-element_type=\"column\" data-e-type=\"column\">\n\t\t\t<div class=\"elementor-widget-wrap elementor-element-populated\">\n\t\t\t\t\t\t<div class=\"elementor-element elementor-element-c990430 elementor-invisible elementor-widget elementor-widget-heading\" data-id=\"c990430\" data-element_type=\"widget\" data-e-type=\"widget\" data-settings=\"{&quot;_animation&quot;:&quot;fadeIn&quot;}\" data-widget_type=\"heading.default\">\n\t\t\t\t<div class=\"elementor-widget-container\">\n\t\t\t\t\t<p class=\"elementor-heading-title elementor-size-default\"><a href=\"\/fr\/machines\/nouveau-sx30-pm\/\">SX30 PM<\/a><\/p>\t\t\t\t<\/div>\n\t\t\t\t<\/div>\n\t\t\t\t\t<\/div>\n\t\t<\/div>\n\t\t\t\t<div class=\"elementor-column elementor-col-14 elementor-inner-column elementor-element elementor-element-f0b8f3d\" data-id=\"f0b8f3d\" data-element_type=\"column\" data-e-type=\"column\">\n\t\t\t<div class=\"elementor-widget-wrap elementor-element-populated\">\n\t\t\t\t\t\t<div class=\"elementor-element elementor-element-c638bf4 elementor-invisible elementor-widget elementor-widget-heading\" data-id=\"c638bf4\" data-element_type=\"widget\" data-e-type=\"widget\" data-settings=\"{&quot;_animation&quot;:&quot;fadeIn&quot;}\" data-widget_type=\"heading.default\">\n\t\t\t\t<div class=\"elementor-widget-container\">\n\t\t\t\t\t<p class=\"elementor-heading-title elementor-size-default\"><a href=\"\/fr\/machines\/sx80-hpm\/\">SX80 HPM<\/a><\/p>\t\t\t\t<\/div>\n\t\t\t\t<\/div>\n\t\t\t\t\t<\/div>\n\t\t<\/div>\n\t\t\t\t<div class=\"elementor-column elementor-col-14 elementor-inner-column elementor-element elementor-element-8b64710\" data-id=\"8b64710\" data-element_type=\"column\" data-e-type=\"column\">\n\t\t\t<div class=\"elementor-widget-wrap elementor-element-populated\">\n\t\t\t\t\t\t<div class=\"elementor-element elementor-element-f0f7d44 elementor-invisible elementor-widget elementor-widget-heading\" data-id=\"f0f7d44\" data-element_type=\"widget\" data-e-type=\"widget\" data-settings=\"{&quot;_animation&quot;:&quot;fadeIn&quot;}\" data-widget_type=\"heading.default\">\n\t\t\t\t<div class=\"elementor-widget-container\">\n\t\t\t\t\t<p class=\"elementor-heading-title elementor-size-default\"><a href=\"\/fr\/machines\/sx100-hpm\/\">SX100 HPM<\/a><\/p>\t\t\t\t<\/div>\n\t\t\t\t<\/div>\n\t\t\t\t\t<\/div>\n\t\t<\/div>\n\t\t\t\t<div class=\"elementor-column elementor-col-14 elementor-inner-column elementor-element elementor-element-0e4dead\" data-id=\"0e4dead\" data-element_type=\"column\" data-e-type=\"column\">\n\t\t\t<div class=\"elementor-widget-wrap elementor-element-populated\">\n\t\t\t\t\t\t<div class=\"elementor-element elementor-element-6423ff2 elementor-invisible elementor-widget elementor-widget-heading\" data-id=\"6423ff2\" data-element_type=\"widget\" data-e-type=\"widget\" data-settings=\"{&quot;_animation&quot;:&quot;fadeIn&quot;}\" data-widget_type=\"heading.default\">\n\t\t\t\t<div class=\"elementor-widget-container\">\n\t\t\t\t\t<p class=\"elementor-heading-title elementor-size-default\"><a href=\"\/fr\/machines\/sx200-hpm\/\">SX200 HPM<\/a><\/p>\t\t\t\t<\/div>\n\t\t\t\t<\/div>\n\t\t\t\t\t<\/div>\n\t\t<\/div>\n\t\t\t\t<div class=\"elementor-column elementor-col-14 elementor-inner-column elementor-element elementor-element-0588ef0\" data-id=\"0588ef0\" data-element_type=\"column\" data-e-type=\"column\">\n\t\t\t<div class=\"elementor-widget-wrap elementor-element-populated\">\n\t\t\t\t\t\t<div class=\"elementor-element elementor-element-180d720 elementor-invisible elementor-widget elementor-widget-heading\" data-id=\"180d720\" data-element_type=\"widget\" data-e-type=\"widget\" data-settings=\"{&quot;_animation&quot;:&quot;fadeIn&quot;}\" data-widget_type=\"heading.default\">\n\t\t\t\t<div class=\"elementor-widget-container\">\n\t\t\t\t\t<p class=\"elementor-heading-title elementor-size-default\"><a href=\"\/fr\/machines\/sx200-aero\/\">SX200 AERO<\/a><\/p>\t\t\t\t<\/div>\n\t\t\t\t<\/div>\n\t\t\t\t\t<\/div>\n\t\t<\/div>\n\t\t\t\t<div class=\"elementor-column elementor-col-14 elementor-inner-column elementor-element elementor-element-e701db0\" data-id=\"e701db0\" data-element_type=\"column\" data-e-type=\"column\">\n\t\t\t<div class=\"elementor-widget-wrap elementor-element-populated\">\n\t\t\t\t\t\t<div class=\"elementor-element elementor-element-fad1389 elementor-invisible elementor-widget elementor-widget-heading\" data-id=\"fad1389\" data-element_type=\"widget\" data-e-type=\"widget\" data-settings=\"{&quot;_animation&quot;:&quot;fadeIn&quot;}\" data-widget_type=\"heading.default\">\n\t\t\t\t<div class=\"elementor-widget-container\">\n\t\t\t\t\t<p class=\"elementor-heading-title elementor-size-default\"><a href=\"\/fr\/machines\/sx200l\/\">SX200L<\/a><\/p>\t\t\t\t<\/div>\n\t\t\t\t<\/div>\n\t\t\t\t\t<\/div>\n\t\t<\/div>\n\t\t\t\t<div class=\"elementor-column elementor-col-14 elementor-inner-column elementor-element elementor-element-6efd050\" data-id=\"6efd050\" data-element_type=\"column\" data-e-type=\"column\">\n\t\t\t<div class=\"elementor-widget-wrap elementor-element-populated\">\n\t\t\t\t\t\t<div class=\"elementor-element elementor-element-0265d25 elementor-invisible elementor-widget elementor-widget-heading\" data-id=\"0265d25\" data-element_type=\"widget\" data-e-type=\"widget\" data-settings=\"{&quot;_animation&quot;:&quot;fadeIn&quot;}\" data-widget_type=\"heading.default\">\n\t\t\t\t<div class=\"elementor-widget-container\">\n\t\t\t\t\t<p class=\"elementor-heading-title elementor-size-default\"><a href=\"\/fr\/machines\/machline\/\">MACHLine<\/a><\/p>\t\t\t\t<\/div>\n\t\t\t\t<\/div>\n\t\t\t\t\t<\/div>\n\t\t<\/div>\n\t\t\t\t\t<\/div>\n\t\t<\/section>\n\t\t\t\t\t<\/div>\n\t\t<\/div>\n\t\t\t\t\t<\/div>\n\t\t<\/section>\n\t\t\t\t<\/div>\n\t\t<\/div><\/div>\n\t\t\t\t\t\t<\/div>\n\t\t\t\t<\/div>\n\t\t\t\t\t<\/div>\n\t\t<\/div>\n\t\t\t\t\t<\/div>\n\t\t<\/section>\n\t\t\t\t<section class=\"elementor-section elementor-top-section elementor-element elementor-element-643a1f22 elementor-section-full_width elementor-section-height-default elementor-section-height-default\" data-id=\"643a1f22\" data-element_type=\"section\" data-e-type=\"section\">\n\t\t\t\t\t\t<div class=\"elementor-container elementor-column-gap-default\">\n\t\t\t\t\t<div class=\"elementor-column elementor-col-100 elementor-top-column elementor-element elementor-element-1ac9825b\" data-id=\"1ac9825b\" data-element_type=\"column\" data-e-type=\"column\">\n\t\t\t<div class=\"elementor-widget-wrap elementor-element-populated\">\n\t\t\t\t\t\t<section class=\"elementor-section elementor-inner-section elementor-element elementor-element-47673733 elementor-section-full_width elementor-section-height-default elementor-section-height-default\" data-id=\"47673733\" data-element_type=\"section\" data-e-type=\"section\">\n\t\t\t\t\t\t<div class=\"elementor-container elementor-column-gap-default\">\n\t\t\t\t\t<div class=\"elementor-column elementor-col-33 elementor-inner-column elementor-element elementor-element-3a408f9a\" data-id=\"3a408f9a\" data-element_type=\"column\" data-e-type=\"column\">\n\t\t\t<div class=\"elementor-widget-wrap elementor-element-populated\">\n\t\t\t\t\t\t<div class=\"elementor-element elementor-element-6fae0c41 elementor-invisible elementor-widget elementor-widget-image\" data-id=\"6fae0c41\" data-element_type=\"widget\" data-e-type=\"widget\" data-settings=\"{&quot;_animation&quot;:&quot;fadeIn&quot;}\" data-widget_type=\"image.default\">\n\t\t\t\t<div class=\"elementor-widget-container\">\n\t\t\t\t\t\t\t\t\t\t\t\t\t\t\t<img fetchpriority=\"high\" decoding=\"async\" width=\"640\" height=\"640\" src=\"https:\/\/www.sarix.com\/wp-content\/uploads\/2023\/09\/SX200-HPM-1024x1024.png\" class=\"attachment-large size-large wp-image-4009\" alt=\"\" srcset=\"https:\/\/www.sarix.com\/wp-content\/uploads\/2023\/09\/SX200-HPM-1024x1024.png 1024w, https:\/\/www.sarix.com\/wp-content\/uploads\/2023\/09\/SX200-HPM-300x300.png 300w, https:\/\/www.sarix.com\/wp-content\/uploads\/2023\/09\/SX200-HPM-150x150.png 150w, https:\/\/www.sarix.com\/wp-content\/uploads\/2023\/09\/SX200-HPM-768x768.png 768w, https:\/\/www.sarix.com\/wp-content\/uploads\/2023\/09\/SX200-HPM-100x100.png 100w, https:\/\/www.sarix.com\/wp-content\/uploads\/2023\/09\/SX200-HPM.png 1500w\" sizes=\"(max-width: 640px) 100vw, 640px\" \/>\t\t\t\t\t\t\t\t\t\t\t\t\t\t\t<\/div>\n\t\t\t\t<\/div>\n\t\t\t\t\t<\/div>\n\t\t<\/div>\n\t\t\t\t<div class=\"elementor-column elementor-col-33 elementor-inner-column elementor-element elementor-element-49c0f0f\" data-id=\"49c0f0f\" data-element_type=\"column\" data-e-type=\"column\">\n\t\t\t<div class=\"elementor-widget-wrap\">\n\t\t\t\t\t\t\t<\/div>\n\t\t<\/div>\n\t\t\t\t<div class=\"elementor-column elementor-col-33 elementor-inner-column elementor-element elementor-element-d5274d7\" data-id=\"d5274d7\" data-element_type=\"column\" data-e-type=\"column\">\n\t\t\t<div class=\"elementor-widget-wrap elementor-element-populated\">\n\t\t\t\t\t\t<div class=\"elementor-element elementor-element-c04eb53 elementor-invisible elementor-widget elementor-widget-heading\" data-id=\"c04eb53\" data-element_type=\"widget\" data-e-type=\"widget\" data-settings=\"{&quot;_animation&quot;:&quot;fadeIn&quot;}\" data-widget_type=\"heading.default\">\n\t\t\t\t<div class=\"elementor-widget-container\">\n\t\t\t\t\t<h2 class=\"elementor-heading-title elementor-size-default\">SX200 HPM<\/h2>\t\t\t\t<\/div>\n\t\t\t\t<\/div>\n\t\t\t\t<div class=\"elementor-element elementor-element-e5b8095 elementor-invisible elementor-widget elementor-widget-heading\" data-id=\"e5b8095\" data-element_type=\"widget\" data-e-type=\"widget\" data-settings=\"{&quot;_animation&quot;:&quot;fadeIn&quot;}\" data-widget_type=\"heading.default\">\n\t\t\t\t<div class=\"elementor-widget-container\">\n\t\t\t\t\t<h4 class=\"elementor-heading-title elementor-size-default\">La g\u00e9n\u00e9ration des machines grandes ouvertes<\/h4>\t\t\t\t<\/div>\n\t\t\t\t<\/div>\n\t\t\t\t<div class=\"elementor-element elementor-element-c48189c elementor-invisible elementor-widget elementor-widget-text-editor\" data-id=\"c48189c\" data-element_type=\"widget\" data-e-type=\"widget\" data-settings=\"{&quot;_animation&quot;:&quot;fadeIn&quot;}\" data-widget_type=\"text-editor.default\">\n\t\t\t\t<div class=\"elementor-widget-container\">\n\t\t\t\t\t\t\t\t\t<ul>\n<li><strong>Fraisage 3D par micro-\u00e9lectro-\u00e9rosion<\/strong><\/li>\n<li><strong>Micro-encastrement avec finition de surface \u00e9lev\u00e9e<\/strong><\/li>\n<li><strong>Per\u00e7age de pr\u00e9cision<\/strong><\/li>\n<li><strong>Per\u00e7age par micro-\u00e9lectrode \u00e0 grande vitesse<\/strong><\/li>\n<li><strong>Trou de d\u00e9part<\/strong><\/li>\n<\/ul>\n\t\t\t\t\t\t\t\t<\/div>\n\t\t\t\t<\/div>\n\t\t\t\t<div class=\"elementor-element elementor-element-a9c2d31 elementor-invisible elementor-widget elementor-widget-text-editor\" data-id=\"a9c2d31\" data-element_type=\"widget\" data-e-type=\"widget\" data-settings=\"{&quot;_animation&quot;:&quot;fadeIn&quot;}\" data-widget_type=\"text-editor.default\">\n\t\t\t\t<div class=\"elementor-widget-container\">\n\t\t\t\t\t\t\t\t\t<p><strong>AXE DE D\u00c9PLACEMENT : <strong style=\"font-size: 1em; color: var( --e-global-color-text );\">X=350 Y=200 Z=200 (mm<\/strong>)<\/strong><\/p>\n<p><strong>LA PR\u00c9CISION DU POSITIONNEMENT :  <br \/>\u00b1 2,0 \u00b5m, R\u00e9solution = 0,1 \u00b5m  <\/strong><\/p>\n<p><strong>VITESSE D&rsquo;AVANCE DE L&rsquo;AXE : Axe lin\u00e9aire 1200 mm\/min  <\/strong><\/p>\n\t\t\t\t\t\t\t\t<\/div>\n\t\t\t\t<\/div>\n\t\t\t\t\t<\/div>\n\t\t<\/div>\n\t\t\t\t\t<\/div>\n\t\t<\/section>\n\t\t\t\t<section class=\"elementor-section elementor-inner-section elementor-element elementor-element-3649e5a elementor-section-boxed elementor-section-height-default elementor-section-height-default\" data-id=\"3649e5a\" data-element_type=\"section\" data-e-type=\"section\">\n\t\t\t\t\t\t<div class=\"elementor-container elementor-column-gap-default\">\n\t\t\t\t\t<div class=\"elementor-column elementor-col-33 elementor-inner-column elementor-element elementor-element-5071971\" data-id=\"5071971\" data-element_type=\"column\" data-e-type=\"column\">\n\t\t\t<div class=\"elementor-widget-wrap elementor-element-populated\">\n\t\t\t\t\t\t<div class=\"elementor-element elementor-element-418239f elementor-invisible elementor-widget elementor-widget-text-editor\" data-id=\"418239f\" data-element_type=\"widget\" data-e-type=\"widget\" data-settings=\"{&quot;_animation&quot;:&quot;fadeIn&quot;}\" data-widget_type=\"text-editor.default\">\n\t\t\t\t<div class=\"elementor-widget-container\">\n\t\t\t\t\t\t\t\t\t<ul>\n<li>G\u00e9n\u00e9rateur de forme d&rsquo;impulsion microfine et ultrafine, SX-MFPS et SX-UFPS<\/li>\n<li>Diam\u00e8tre des \u00e9lectrodes de 0,035 \u00e0 3,0 mm, longueur jusqu&rsquo;\u00e0 600 mm<\/li>\n<li>Broche rotative de r\u00e9alimentation automatique des \u00e9lectrodes et de compensation de l&rsquo;usure, SX-A344L<\/li>\n<li>Changeur d&rsquo;\u00e9lectrodes par cartouche de 8 \u00e9lectrodes, SX-Revolver<\/li>\n<li>Pince de serrage automatique d&rsquo;\u00e9lectrodes, s\u00e9rie SP06<\/li>\n<li>Pince de serrage automatique ultrapr\u00e9cise \u00e0 partir de 0,030 mm, SP12<\/li>\n<li>Changeur automatique de pinces SP12, SX-ACD<\/li>\n<li>Dispositif d&rsquo;aff\u00fbtage de fil d&rsquo;\u00e9lectrode pour \u00e9lectrode jusqu&rsquo;\u00e0 10 microns, SX-Arianne<\/li>\n<li>Microm\u00e8tre laser pour les mesures sans contact<\/li>\n<li>SX-3D \u00b5EDM Logiciel de fraisage pour structures complexes en 3D<\/li>\n<li>Dans le domaine de la mesure et de la vision des processus, SX-MVS<\/li>\n<\/ul>\t\t\t\t\t\t\t\t<\/div>\n\t\t\t\t<\/div>\n\t\t\t\t\t<\/div>\n\t\t<\/div>\n\t\t\t\t<div class=\"elementor-column elementor-col-33 elementor-inner-column elementor-element elementor-element-6a21a58\" data-id=\"6a21a58\" data-element_type=\"column\" data-e-type=\"column\">\n\t\t\t<div class=\"elementor-widget-wrap\">\n\t\t\t\t\t\t\t<\/div>\n\t\t<\/div>\n\t\t\t\t<div class=\"elementor-column elementor-col-33 elementor-inner-column elementor-element elementor-element-0fd0615\" data-id=\"0fd0615\" data-element_type=\"column\" data-e-type=\"column\">\n\t\t\t<div class=\"elementor-widget-wrap elementor-element-populated\">\n\t\t\t\t\t\t<div class=\"elementor-element elementor-element-f6d3b32 elementor-widget__width-initial elementor-position-top elementor-widget elementor-widget-image-box\" data-id=\"f6d3b32\" data-element_type=\"widget\" data-e-type=\"widget\" data-widget_type=\"image-box.default\">\n\t\t\t\t<div class=\"elementor-widget-container\">\n\t\t\t\t\t<div class=\"elementor-image-box-wrapper\"><figure class=\"elementor-image-box-img\"><a href=\"http:\/\/www.sarix.com\/wp-content\/uploads\/2023\/10\/SARIX-Flyer-A3_8pg-FRA-lw.pdf\" target=\"_blank\" tabindex=\"-1\"><img decoding=\"async\" width=\"500\" height=\"707\" src=\"https:\/\/www.sarix.com\/wp-content\/uploads\/2023\/09\/SARIX-Products2023_EN.jpg\" class=\"attachment-full size-full wp-image-3147\" alt=\"\" srcset=\"https:\/\/www.sarix.com\/wp-content\/uploads\/2023\/09\/SARIX-Products2023_EN.jpg 500w, https:\/\/www.sarix.com\/wp-content\/uploads\/2023\/09\/SARIX-Products2023_EN-212x300.jpg 212w\" sizes=\"(max-width: 500px) 100vw, 500px\" \/><\/a><\/figure><div class=\"elementor-image-box-content\"><p class=\"elementor-image-box-description\">T\u00e9l\u00e9charger notre NOUVEAU Flyer\nFlyer SARIX 2023<\/p><\/div><\/div>\t\t\t\t<\/div>\n\t\t\t\t<\/div>\n\t\t\t\t\t<\/div>\n\t\t<\/div>\n\t\t\t\t\t<\/div>\n\t\t<\/section>\n\t\t\t\t\t<\/div>\n\t\t<\/div>\n\t\t\t\t\t<\/div>\n\t\t<\/section>\n\t\t\t\t<section class=\"elementor-section elementor-top-section elementor-element elementor-element-010249e elementor-section-boxed elementor-section-height-default elementor-section-height-default\" data-id=\"010249e\" data-element_type=\"section\" data-e-type=\"section\">\n\t\t\t\t\t\t<div class=\"elementor-container elementor-column-gap-default\">\n\t\t\t\t\t<div class=\"elementor-column elementor-col-100 elementor-top-column elementor-element elementor-element-c526e85\" data-id=\"c526e85\" data-element_type=\"column\" data-e-type=\"column\">\n\t\t\t<div class=\"elementor-widget-wrap\">\n\t\t\t\t\t\t\t<\/div>\n\t\t<\/div>\n\t\t\t\t\t<\/div>\n\t\t<\/section>\n\t\t\t\t<\/div>\n\t\t","protected":false},"excerpt":{"rendered":"<p>SX200 HPM La g\u00e9n\u00e9ration des machines grandes ouvertes Fraisage 3D par micro-\u00e9lectro-\u00e9rosion Micro-encastrement avec finition de surface \u00e9lev\u00e9e Per\u00e7age de pr\u00e9cision Per\u00e7age par micro-\u00e9lectrode \u00e0 grande vitesse Trou de d\u00e9part AXE DE D\u00c9PLACEMENT : X=350 Y=200 Z=200 (mm) LA PR\u00c9CISION DU POSITIONNEMENT : \u00b1 2,0 \u00b5m, R\u00e9solution = 0,1 \u00b5m VITESSE D&rsquo;AVANCE DE L&rsquo;AXE : [&hellip;]<\/p>\n","protected":false},"author":1,"featured_media":4009,"parent":4890,"menu_order":0,"comment_status":"closed","ping_status":"closed","template":"","meta":{"footnotes":""},"categories":[10],"tags":[],"class_list":["post-4866","page","type-page","status-publish","has-post-thumbnail","hentry","category-products"],"_links":{"self":[{"href":"https:\/\/www.sarix.com\/fr\/wp-json\/wp\/v2\/pages\/4866","targetHints":{"allow":["GET"]}}],"collection":[{"href":"https:\/\/www.sarix.com\/fr\/wp-json\/wp\/v2\/pages"}],"about":[{"href":"https:\/\/www.sarix.com\/fr\/wp-json\/wp\/v2\/types\/page"}],"author":[{"embeddable":true,"href":"https:\/\/www.sarix.com\/fr\/wp-json\/wp\/v2\/users\/1"}],"replies":[{"embeddable":true,"href":"https:\/\/www.sarix.com\/fr\/wp-json\/wp\/v2\/comments?post=4866"}],"version-history":[{"count":14,"href":"https:\/\/www.sarix.com\/fr\/wp-json\/wp\/v2\/pages\/4866\/revisions"}],"predecessor-version":[{"id":12074,"href":"https:\/\/www.sarix.com\/fr\/wp-json\/wp\/v2\/pages\/4866\/revisions\/12074"}],"up":[{"embeddable":true,"href":"https:\/\/www.sarix.com\/fr\/wp-json\/wp\/v2\/pages\/4890"}],"wp:featuredmedia":[{"embeddable":true,"href":"https:\/\/www.sarix.com\/fr\/wp-json\/wp\/v2\/media\/4009"}],"wp:attachment":[{"href":"https:\/\/www.sarix.com\/fr\/wp-json\/wp\/v2\/media?parent=4866"}],"wp:term":[{"taxonomy":"category","embeddable":true,"href":"https:\/\/www.sarix.com\/fr\/wp-json\/wp\/v2\/categories?post=4866"},{"taxonomy":"post_tag","embeddable":true,"href":"https:\/\/www.sarix.com\/fr\/wp-json\/wp\/v2\/tags?post=4866"}],"curies":[{"name":"wp","href":"https:\/\/api.w.org\/{rel}","templated":true}]}}