{"id":4865,"date":"2023-09-08T16:56:01","date_gmt":"2023-09-08T16:56:01","guid":{"rendered":"https:\/\/www.sarix.com\/micro-edm-die-sinking\/"},"modified":"2024-06-05T08:28:14","modified_gmt":"2024-06-05T08:28:14","slug":"micro-edm-die-sinking","status":"publish","type":"page","link":"https:\/\/www.sarix.com\/fr\/sarix-technologies\/micro-edm-die-sinking\/","title":{"rendered":"Micro EDM Die Sinking"},"content":{"rendered":"\t\t<div data-elementor-type=\"wp-page\" data-elementor-id=\"4865\" class=\"elementor elementor-4865 elementor-1074\" data-elementor-post-type=\"page\">\n\t\t\t\t\t\t<section class=\"elementor-section elementor-top-section elementor-element elementor-element-8295988 elementor-section-boxed elementor-section-height-default elementor-section-height-default\" data-id=\"8295988\" data-element_type=\"section\" data-e-type=\"section\">\n\t\t\t\t\t\t<div class=\"elementor-container elementor-column-gap-default\">\n\t\t\t\t\t<div class=\"elementor-column elementor-col-100 elementor-top-column elementor-element elementor-element-4456ceb\" data-id=\"4456ceb\" data-element_type=\"column\" data-e-type=\"column\">\n\t\t\t<div class=\"elementor-widget-wrap elementor-element-populated\">\n\t\t\t\t\t\t<div class=\"elementor-element elementor-element-e85eaf9 elementor-widget elementor-widget-heading\" data-id=\"e85eaf9\" data-element_type=\"widget\" data-e-type=\"widget\" data-widget_type=\"heading.default\">\n\t\t\t\t<div class=\"elementor-widget-container\">\n\t\t\t\t\t<h2 class=\"elementor-heading-title elementor-size-default\">Micro Enfon\u00e7age <\/h2>\t\t\t\t<\/div>\n\t\t\t\t<\/div>\n\t\t\t\t\t<\/div>\n\t\t<\/div>\n\t\t\t\t\t<\/div>\n\t\t<\/section>\n\t\t\t\t<section class=\"elementor-section elementor-top-section elementor-element elementor-element-65eae25 elementor-section-boxed elementor-section-height-default elementor-section-height-default\" data-id=\"65eae25\" data-element_type=\"section\" data-e-type=\"section\">\n\t\t\t\t\t\t<div class=\"elementor-container elementor-column-gap-default\">\n\t\t\t\t\t<div class=\"elementor-column elementor-col-100 elementor-top-column elementor-element elementor-element-de84d4c\" data-id=\"de84d4c\" data-element_type=\"column\" data-e-type=\"column\">\n\t\t\t<div class=\"elementor-widget-wrap elementor-element-populated\">\n\t\t\t\t\t\t<section class=\"elementor-section elementor-inner-section elementor-element elementor-element-94f73c5 elementor-section-boxed elementor-section-height-default elementor-section-height-default\" data-id=\"94f73c5\" data-element_type=\"section\" data-e-type=\"section\">\n\t\t\t\t\t\t<div class=\"elementor-container elementor-column-gap-default\">\n\t\t\t\t\t<div class=\"elementor-column elementor-col-25 elementor-inner-column elementor-element elementor-element-390fd6e\" data-id=\"390fd6e\" data-element_type=\"column\" data-e-type=\"column\">\n\t\t\t<div class=\"elementor-widget-wrap elementor-element-populated\">\n\t\t\t\t\t\t<div class=\"elementor-element elementor-element-8852984 elementor-widget elementor-widget-text-editor\" data-id=\"8852984\" data-element_type=\"widget\" data-e-type=\"widget\" data-widget_type=\"text-editor.default\">\n\t\t\t\t<div class=\"elementor-widget-container\">\n\t\t\t\t\t\t\t\t\t<p><b>Enfon\u00e7age de Micro-cavit\u00e9s\u00a0<\/b><\/p><p>Le g\u00e9n\u00e9rateur PULSAR offre des technologies sp\u00e9cifiques \u00e0 usure ultra-faible pour l&rsquo;utilisation de micro\u00e9lectrodes fa\u00e7onn\u00e9es.<\/p><p>\u00a0<\/p>\t\t\t\t\t\t\t\t<\/div>\n\t\t\t\t<\/div>\n\t\t\t\t<div class=\"elementor-element elementor-element-cf91fbe elementor-widget elementor-widget-image\" data-id=\"cf91fbe\" data-element_type=\"widget\" data-e-type=\"widget\" data-widget_type=\"image.default\">\n\t\t\t\t<div class=\"elementor-widget-container\">\n\t\t\t\t\t\t\t\t\t\t\t\t\t\t\t<img fetchpriority=\"high\" decoding=\"async\" width=\"252\" height=\"300\" src=\"https:\/\/www.sarix.com\/wp-content\/uploads\/2023\/09\/MDS-dett01-252x300.jpg\" class=\"attachment-medium size-medium wp-image-4119\" alt=\"\" srcset=\"https:\/\/www.sarix.com\/wp-content\/uploads\/2023\/09\/MDS-dett01-252x300.jpg 252w, https:\/\/www.sarix.com\/wp-content\/uploads\/2023\/09\/MDS-dett01.jpg 700w\" sizes=\"(max-width: 252px) 100vw, 252px\" \/>\t\t\t\t\t\t\t\t\t\t\t\t\t\t\t<\/div>\n\t\t\t\t<\/div>\n\t\t\t\t<div class=\"elementor-element elementor-element-8a6575e elementor-widget elementor-widget-text-editor\" data-id=\"8a6575e\" data-element_type=\"widget\" data-e-type=\"widget\" data-widget_type=\"text-editor.default\">\n\t\t\t\t<div class=\"elementor-widget-container\">\n\t\t\t\t\t\t\t\t\t<p>Les solutions de r\u00e9servoirs immerg\u00e9s avec remplissage \u00e0 grande vitesse permettent un meilleur forage dans des conditions de s\u00e9curit\u00e9.<\/p>\n\t\t\t\t\t\t\t\t<\/div>\n\t\t\t\t<\/div>\n\t\t\t\t\t<\/div>\n\t\t<\/div>\n\t\t\t\t<div class=\"elementor-column elementor-col-25 elementor-inner-column elementor-element elementor-element-c8f77b1\" data-id=\"c8f77b1\" data-element_type=\"column\" data-e-type=\"column\">\n\t\t\t<div class=\"elementor-widget-wrap elementor-element-populated\">\n\t\t\t\t\t\t<div class=\"elementor-element elementor-element-7370766 elementor-widget elementor-widget-text-editor\" data-id=\"7370766\" data-element_type=\"widget\" data-e-type=\"widget\" data-widget_type=\"text-editor.default\">\n\t\t\t\t<div class=\"elementor-widget-container\">\n\t\t\t\t\t\t\t\t\t<p><b>Finition des angles<\/b><\/p>\n<p><span style=\"font-size: 1em; color: var( --e-global-color-text ); font-weight: var( --e-global-typography-text-font-weight );\">Finition des angles Un contr\u00f4le parfait de l&rsquo;usure des \u00e9lectrodes et l&rsquo;utilisation d&rsquo;impulsions de g\u00e9n\u00e9rateur \u00e0 haute fr\u00e9quence permettent de r\u00e9aliser des angles d&rsquo;un rayon extr\u00eamement faible, jusqu&rsquo;\u00e0 3 \u00b5m.<\/span><\/p>\n\t\t\t\t\t\t\t\t<\/div>\n\t\t\t\t<\/div>\n\t\t\t\t<div class=\"elementor-element elementor-element-495d39e elementor-widget elementor-widget-image\" data-id=\"495d39e\" data-element_type=\"widget\" data-e-type=\"widget\" data-widget_type=\"image.default\">\n\t\t\t\t<div class=\"elementor-widget-container\">\n\t\t\t\t\t\t\t\t\t\t\t\t\t\t\t<img decoding=\"async\" width=\"300\" height=\"300\" src=\"https:\/\/www.sarix.com\/wp-content\/uploads\/2023\/09\/MDS-dett02-300x300.jpg\" class=\"attachment-medium size-medium wp-image-4129\" alt=\"\" srcset=\"https:\/\/www.sarix.com\/wp-content\/uploads\/2023\/09\/MDS-dett02-300x300.jpg 300w, https:\/\/www.sarix.com\/wp-content\/uploads\/2023\/09\/MDS-dett02-150x150.jpg 150w, https:\/\/www.sarix.com\/wp-content\/uploads\/2023\/09\/MDS-dett02-100x100.jpg 100w, https:\/\/www.sarix.com\/wp-content\/uploads\/2023\/09\/MDS-dett02.jpg 544w\" sizes=\"(max-width: 300px) 100vw, 300px\" \/>\t\t\t\t\t\t\t\t\t\t\t\t\t\t\t<\/div>\n\t\t\t\t<\/div>\n\t\t\t\t\t<\/div>\n\t\t<\/div>\n\t\t\t\t<div class=\"elementor-column elementor-col-25 elementor-inner-column elementor-element elementor-element-e77965b\" data-id=\"e77965b\" data-element_type=\"column\" data-e-type=\"column\">\n\t\t\t<div class=\"elementor-widget-wrap elementor-element-populated\">\n\t\t\t\t\t\t<div class=\"elementor-element elementor-element-ea94248 elementor-widget elementor-widget-text-editor\" data-id=\"ea94248\" data-element_type=\"widget\" data-e-type=\"widget\" data-widget_type=\"text-editor.default\">\n\t\t\t\t<div class=\"elementor-widget-container\">\n\t\t\t\t\t\t\t\t\t<p><b>Mise en forme des micro-\u00e9lectrodes<\/b><\/p>\n<p>Une broche rotative index\u00e9e cr\u00e9e des \u00e9lectrodes de diff\u00e9rentes formes sur le SX-Arianne et les mesure sur le SX-Arianne.<br \/>dispositif laser de la carte.<\/p>\n\t\t\t\t\t\t\t\t<\/div>\n\t\t\t\t<\/div>\n\t\t\t\t<div class=\"elementor-element elementor-element-2184645 elementor-widget elementor-widget-image\" data-id=\"2184645\" data-element_type=\"widget\" data-e-type=\"widget\" data-widget_type=\"image.default\">\n\t\t\t\t<div class=\"elementor-widget-container\">\n\t\t\t\t\t\t\t\t\t\t\t\t\t\t\t<img decoding=\"async\" width=\"300\" height=\"300\" src=\"https:\/\/www.sarix.com\/wp-content\/uploads\/2023\/09\/MDS-dett03-300x300.jpg\" class=\"attachment-medium size-medium wp-image-4124\" alt=\"\" srcset=\"https:\/\/www.sarix.com\/wp-content\/uploads\/2023\/09\/MDS-dett03-300x300.jpg 300w, https:\/\/www.sarix.com\/wp-content\/uploads\/2023\/09\/MDS-dett03-150x150.jpg 150w, https:\/\/www.sarix.com\/wp-content\/uploads\/2023\/09\/MDS-dett03-100x100.jpg 100w, https:\/\/www.sarix.com\/wp-content\/uploads\/2023\/09\/MDS-dett03.jpg 537w\" sizes=\"(max-width: 300px) 100vw, 300px\" \/>\t\t\t\t\t\t\t\t\t\t\t\t\t\t\t<\/div>\n\t\t\t\t<\/div>\n\t\t\t\t<div class=\"elementor-element elementor-element-6ec976f elementor-widget elementor-widget-spacer\" data-id=\"6ec976f\" data-element_type=\"widget\" data-e-type=\"widget\" data-widget_type=\"spacer.default\">\n\t\t\t\t<div class=\"elementor-widget-container\">\n\t\t\t\t\t\t\t<div class=\"elementor-spacer\">\n\t\t\t<div class=\"elementor-spacer-inner\"><\/div>\n\t\t<\/div>\n\t\t\t\t\t\t<\/div>\n\t\t\t\t<\/div>\n\t\t\t\t\t<\/div>\n\t\t<\/div>\n\t\t\t\t<div class=\"elementor-column elementor-col-25 elementor-inner-column elementor-element elementor-element-31b686d\" data-id=\"31b686d\" data-element_type=\"column\" data-e-type=\"column\">\n\t\t\t<div class=\"elementor-widget-wrap elementor-element-populated\">\n\t\t\t\t\t\t<div class=\"elementor-element elementor-element-1f082e8 elementor-widget elementor-widget-heading\" data-id=\"1f082e8\" data-element_type=\"widget\" data-e-type=\"widget\" data-widget_type=\"heading.default\">\n\t\t\t\t<div class=\"elementor-widget-container\">\n\t\t\t\t\t<p class=\"elementor-heading-title elementor-size-default\">S\u00c9LECTION DE L'\u00c9CHANTILLON<\/p>\t\t\t\t<\/div>\n\t\t\t\t<\/div>\n\t\t\t\t<div class=\"elementor-element elementor-element-4965e4c elementor-widget elementor-widget-image\" data-id=\"4965e4c\" data-element_type=\"widget\" data-e-type=\"widget\" data-widget_type=\"image.default\">\n\t\t\t\t<div class=\"elementor-widget-container\">\n\t\t\t\t\t\t\t\t\t\t\t\t\t\t\t<img loading=\"lazy\" decoding=\"async\" width=\"300\" height=\"182\" src=\"https:\/\/www.sarix.com\/wp-content\/uploads\/2023\/09\/Sample-milling-a-300x182.jpg\" class=\"attachment-medium size-medium wp-image-4339\" alt=\"\" srcset=\"https:\/\/www.sarix.com\/wp-content\/uploads\/2023\/09\/Sample-milling-a-300x182.jpg 300w, https:\/\/www.sarix.com\/wp-content\/uploads\/2023\/09\/Sample-milling-a-768x465.jpg 768w, https:\/\/www.sarix.com\/wp-content\/uploads\/2023\/09\/Sample-milling-a.jpg 784w\" sizes=\"(max-width: 300px) 100vw, 300px\" \/>\t\t\t\t\t\t\t\t\t\t\t\t\t\t\t<\/div>\n\t\t\t\t<\/div>\n\t\t\t\t<div class=\"elementor-element elementor-element-bf716dd elementor-widget elementor-widget-image\" data-id=\"bf716dd\" data-element_type=\"widget\" data-e-type=\"widget\" data-widget_type=\"image.default\">\n\t\t\t\t<div class=\"elementor-widget-container\">\n\t\t\t\t\t\t\t\t\t\t\t\t\t\t\t<img loading=\"lazy\" decoding=\"async\" width=\"298\" height=\"300\" src=\"https:\/\/www.sarix.com\/wp-content\/uploads\/2023\/09\/Medical-components-298x300.jpg\" class=\"attachment-medium size-medium wp-image-4199\" alt=\"\" srcset=\"https:\/\/www.sarix.com\/wp-content\/uploads\/2023\/09\/Medical-components-298x300.jpg 298w, https:\/\/www.sarix.com\/wp-content\/uploads\/2023\/09\/Medical-components-1017x1024.jpg 1017w, https:\/\/www.sarix.com\/wp-content\/uploads\/2023\/09\/Medical-components-150x150.jpg 150w, https:\/\/www.sarix.com\/wp-content\/uploads\/2023\/09\/Medical-components-768x773.jpg 768w, https:\/\/www.sarix.com\/wp-content\/uploads\/2023\/09\/Medical-components-100x100.jpg 100w, https:\/\/www.sarix.com\/wp-content\/uploads\/2023\/09\/Medical-components.jpg 1026w\" sizes=\"(max-width: 298px) 100vw, 298px\" \/>\t\t\t\t\t\t\t\t\t\t\t\t\t\t\t<\/div>\n\t\t\t\t<\/div>\n\t\t\t\t<div class=\"elementor-element elementor-element-891346f elementor-widget__width-auto elementor-widget elementor-widget-text-editor\" data-id=\"891346f\" data-element_type=\"widget\" data-e-type=\"widget\" data-widget_type=\"text-editor.default\">\n\t\t\t\t<div class=\"elementor-widget-container\">\n\t\t\t\t\t\t\t\t\t<p><span style=\"font-size: 1em; color: var( --e-global-color-text );\"><b>Nous relevons vos d\u00e9fis les plus exigeants en mati\u00e8re d&rsquo;usinage !<\/b><\/span><\/p>\n<p><b>Contactez-nous pour un essai gratuit !<\/b><\/p>\n\t\t\t\t\t\t\t\t<\/div>\n\t\t\t\t<\/div>\n\t\t\t\t\t<\/div>\n\t\t<\/div>\n\t\t\t\t\t<\/div>\n\t\t<\/section>\n\t\t\t\t\t<\/div>\n\t\t<\/div>\n\t\t\t\t\t<\/div>\n\t\t<\/section>\n\t\t\t\t<section class=\"elementor-section elementor-top-section elementor-element elementor-element-2fee703 elementor-section-boxed elementor-section-height-default elementor-section-height-default\" data-id=\"2fee703\" data-element_type=\"section\" data-e-type=\"section\">\n\t\t\t\t\t\t<div class=\"elementor-container elementor-column-gap-default\">\n\t\t\t\t\t<div class=\"elementor-column elementor-col-100 elementor-top-column elementor-element elementor-element-5a1a7d3\" data-id=\"5a1a7d3\" data-element_type=\"column\" data-e-type=\"column\">\n\t\t\t<div class=\"elementor-widget-wrap\">\n\t\t\t\t\t\t\t<\/div>\n\t\t<\/div>\n\t\t\t\t\t<\/div>\n\t\t<\/section>\n\t\t\t\t<\/div>\n\t\t","protected":false},"excerpt":{"rendered":"<p>Micro Enfon\u00e7age Enfon\u00e7age de Micro-cavit\u00e9s\u00a0 Le g\u00e9n\u00e9rateur PULSAR offre des technologies sp\u00e9cifiques \u00e0 usure ultra-faible pour l&rsquo;utilisation de micro\u00e9lectrodes fa\u00e7onn\u00e9es. \u00a0 Les solutions de r\u00e9servoirs immerg\u00e9s avec remplissage \u00e0 grande vitesse permettent un meilleur forage dans des conditions de s\u00e9curit\u00e9. Finition des angles Finition des angles Un contr\u00f4le parfait de l&rsquo;usure des \u00e9lectrodes et l&rsquo;utilisation [&hellip;]<\/p>\n","protected":false},"author":1,"featured_media":0,"parent":4921,"menu_order":0,"comment_status":"closed","ping_status":"closed","template":"","meta":{"footnotes":""},"categories":[76],"tags":[],"class_list":["post-4865","page","type-page","status-publish","hentry","category-technologies-fr"],"_links":{"self":[{"href":"https:\/\/www.sarix.com\/fr\/wp-json\/wp\/v2\/pages\/4865","targetHints":{"allow":["GET"]}}],"collection":[{"href":"https:\/\/www.sarix.com\/fr\/wp-json\/wp\/v2\/pages"}],"about":[{"href":"https:\/\/www.sarix.com\/fr\/wp-json\/wp\/v2\/types\/page"}],"author":[{"embeddable":true,"href":"https:\/\/www.sarix.com\/fr\/wp-json\/wp\/v2\/users\/1"}],"replies":[{"embeddable":true,"href":"https:\/\/www.sarix.com\/fr\/wp-json\/wp\/v2\/comments?post=4865"}],"version-history":[{"count":8,"href":"https:\/\/www.sarix.com\/fr\/wp-json\/wp\/v2\/pages\/4865\/revisions"}],"predecessor-version":[{"id":10647,"href":"https:\/\/www.sarix.com\/fr\/wp-json\/wp\/v2\/pages\/4865\/revisions\/10647"}],"up":[{"embeddable":true,"href":"https:\/\/www.sarix.com\/fr\/wp-json\/wp\/v2\/pages\/4921"}],"wp:attachment":[{"href":"https:\/\/www.sarix.com\/fr\/wp-json\/wp\/v2\/media?parent=4865"}],"wp:term":[{"taxonomy":"category","embeddable":true,"href":"https:\/\/www.sarix.com\/fr\/wp-json\/wp\/v2\/categories?post=4865"},{"taxonomy":"post_tag","embeddable":true,"href":"https:\/\/www.sarix.com\/fr\/wp-json\/wp\/v2\/tags?post=4865"}],"curies":[{"name":"wp","href":"https:\/\/api.w.org\/{rel}","templated":true}]}}