{"id":4859,"date":"2023-09-08T21:29:03","date_gmt":"2023-09-08T21:29:03","guid":{"rendered":"https:\/\/www.sarix.com\/machline\/"},"modified":"2024-12-04T17:16:15","modified_gmt":"2024-12-04T17:16:15","slug":"machline","status":"publish","type":"page","link":"https:\/\/www.sarix.com\/fr\/machines\/machline\/","title":{"rendered":"MACHline"},"content":{"rendered":"\t\t<div data-elementor-type=\"wp-page\" data-elementor-id=\"4859\" class=\"elementor elementor-4859 elementor-1462\" data-elementor-post-type=\"page\">\n\t\t\t\t\t\t<section class=\"elementor-section elementor-top-section elementor-element elementor-element-2c991f0 elementor-section-content-top elementor-section-boxed elementor-section-height-default elementor-section-height-default\" data-id=\"2c991f0\" data-element_type=\"section\" data-e-type=\"section\">\n\t\t\t\t\t\t<div class=\"elementor-container elementor-column-gap-no\">\n\t\t\t\t\t<div class=\"elementor-column elementor-col-100 elementor-top-column elementor-element elementor-element-39da34f\" data-id=\"39da34f\" data-element_type=\"column\" data-e-type=\"column\">\n\t\t\t<div class=\"elementor-widget-wrap elementor-element-populated\">\n\t\t\t\t\t\t<div class=\"elementor-element elementor-element-76b356c elementor-widget elementor-widget-shortcode\" data-id=\"76b356c\" data-element_type=\"widget\" data-e-type=\"widget\" data-widget_type=\"shortcode.default\">\n\t\t\t\t<div class=\"elementor-widget-container\">\n\t\t\t\t\t\t\t<div class=\"elementor-shortcode\"><div data-post-id=\"4879\" class=\"insert-page insert-page-4879 \">\t\t<div data-elementor-type=\"wp-page\" data-elementor-id=\"4879\" class=\"elementor elementor-4879 elementor-481 elementor-481\" data-elementor-post-type=\"page\">\n\t\t\t\t\t\t<section class=\"elementor-section elementor-top-section elementor-element elementor-element-4f892fe elementor-section-stretched elementor-hidden-tablet elementor-hidden-mobile elementor-section-boxed elementor-section-height-default elementor-section-height-default\" data-id=\"4f892fe\" data-element_type=\"section\" data-e-type=\"section\" data-settings=\"{&quot;stretch_section&quot;:&quot;section-stretched&quot;}\">\n\t\t\t\t\t\t<div class=\"elementor-container elementor-column-gap-wide\">\n\t\t\t\t\t<div class=\"elementor-column elementor-col-100 elementor-top-column elementor-element elementor-element-8ac3466\" data-id=\"8ac3466\" data-element_type=\"column\" data-e-type=\"column\">\n\t\t\t<div class=\"elementor-widget-wrap elementor-element-populated\">\n\t\t\t\t\t\t<section class=\"elementor-section elementor-inner-section elementor-element elementor-element-7f9cb31 elementor-section-boxed elementor-section-height-default elementor-section-height-default\" data-id=\"7f9cb31\" data-element_type=\"section\" data-e-type=\"section\">\n\t\t\t\t\t\t<div class=\"elementor-container elementor-column-gap-default\">\n\t\t\t\t\t<div class=\"elementor-column elementor-col-14 elementor-inner-column elementor-element elementor-element-0289160\" data-id=\"0289160\" data-element_type=\"column\" data-e-type=\"column\">\n\t\t\t<div class=\"elementor-widget-wrap elementor-element-populated\">\n\t\t\t\t\t\t<div class=\"elementor-element elementor-element-c990430 elementor-invisible elementor-widget elementor-widget-heading\" data-id=\"c990430\" data-element_type=\"widget\" data-e-type=\"widget\" data-settings=\"{&quot;_animation&quot;:&quot;fadeIn&quot;}\" data-widget_type=\"heading.default\">\n\t\t\t\t<div class=\"elementor-widget-container\">\n\t\t\t\t\t<p class=\"elementor-heading-title elementor-size-default\"><a href=\"\/fr\/machines\/nouveau-sx30-pm\/\">SX30 PM<\/a><\/p>\t\t\t\t<\/div>\n\t\t\t\t<\/div>\n\t\t\t\t\t<\/div>\n\t\t<\/div>\n\t\t\t\t<div class=\"elementor-column elementor-col-14 elementor-inner-column elementor-element elementor-element-f0b8f3d\" data-id=\"f0b8f3d\" data-element_type=\"column\" data-e-type=\"column\">\n\t\t\t<div class=\"elementor-widget-wrap elementor-element-populated\">\n\t\t\t\t\t\t<div class=\"elementor-element elementor-element-c638bf4 elementor-invisible elementor-widget elementor-widget-heading\" data-id=\"c638bf4\" data-element_type=\"widget\" data-e-type=\"widget\" data-settings=\"{&quot;_animation&quot;:&quot;fadeIn&quot;}\" data-widget_type=\"heading.default\">\n\t\t\t\t<div class=\"elementor-widget-container\">\n\t\t\t\t\t<p class=\"elementor-heading-title elementor-size-default\"><a href=\"\/fr\/machines\/sx80-hpm\/\">SX80 HPM<\/a><\/p>\t\t\t\t<\/div>\n\t\t\t\t<\/div>\n\t\t\t\t\t<\/div>\n\t\t<\/div>\n\t\t\t\t<div class=\"elementor-column elementor-col-14 elementor-inner-column elementor-element elementor-element-8b64710\" data-id=\"8b64710\" data-element_type=\"column\" data-e-type=\"column\">\n\t\t\t<div class=\"elementor-widget-wrap elementor-element-populated\">\n\t\t\t\t\t\t<div class=\"elementor-element elementor-element-f0f7d44 elementor-invisible elementor-widget elementor-widget-heading\" data-id=\"f0f7d44\" data-element_type=\"widget\" data-e-type=\"widget\" data-settings=\"{&quot;_animation&quot;:&quot;fadeIn&quot;}\" data-widget_type=\"heading.default\">\n\t\t\t\t<div class=\"elementor-widget-container\">\n\t\t\t\t\t<p class=\"elementor-heading-title elementor-size-default\"><a href=\"\/fr\/machines\/sx100-hpm\/\">SX100 HPM<\/a><\/p>\t\t\t\t<\/div>\n\t\t\t\t<\/div>\n\t\t\t\t\t<\/div>\n\t\t<\/div>\n\t\t\t\t<div class=\"elementor-column elementor-col-14 elementor-inner-column elementor-element elementor-element-0e4dead\" data-id=\"0e4dead\" data-element_type=\"column\" data-e-type=\"column\">\n\t\t\t<div class=\"elementor-widget-wrap elementor-element-populated\">\n\t\t\t\t\t\t<div class=\"elementor-element elementor-element-6423ff2 elementor-invisible elementor-widget elementor-widget-heading\" data-id=\"6423ff2\" data-element_type=\"widget\" data-e-type=\"widget\" data-settings=\"{&quot;_animation&quot;:&quot;fadeIn&quot;}\" data-widget_type=\"heading.default\">\n\t\t\t\t<div class=\"elementor-widget-container\">\n\t\t\t\t\t<p class=\"elementor-heading-title elementor-size-default\"><a href=\"\/fr\/machines\/sx200-hpm\/\">SX200 HPM<\/a><\/p>\t\t\t\t<\/div>\n\t\t\t\t<\/div>\n\t\t\t\t\t<\/div>\n\t\t<\/div>\n\t\t\t\t<div class=\"elementor-column elementor-col-14 elementor-inner-column elementor-element elementor-element-0588ef0\" data-id=\"0588ef0\" data-element_type=\"column\" data-e-type=\"column\">\n\t\t\t<div class=\"elementor-widget-wrap elementor-element-populated\">\n\t\t\t\t\t\t<div class=\"elementor-element elementor-element-180d720 elementor-invisible elementor-widget elementor-widget-heading\" data-id=\"180d720\" data-element_type=\"widget\" data-e-type=\"widget\" data-settings=\"{&quot;_animation&quot;:&quot;fadeIn&quot;}\" data-widget_type=\"heading.default\">\n\t\t\t\t<div class=\"elementor-widget-container\">\n\t\t\t\t\t<p class=\"elementor-heading-title elementor-size-default\"><a href=\"\/fr\/machines\/sx200-aero\/\">SX200 AERO<\/a><\/p>\t\t\t\t<\/div>\n\t\t\t\t<\/div>\n\t\t\t\t\t<\/div>\n\t\t<\/div>\n\t\t\t\t<div class=\"elementor-column elementor-col-14 elementor-inner-column elementor-element elementor-element-e701db0\" data-id=\"e701db0\" data-element_type=\"column\" data-e-type=\"column\">\n\t\t\t<div class=\"elementor-widget-wrap elementor-element-populated\">\n\t\t\t\t\t\t<div class=\"elementor-element elementor-element-fad1389 elementor-invisible elementor-widget elementor-widget-heading\" data-id=\"fad1389\" data-element_type=\"widget\" data-e-type=\"widget\" data-settings=\"{&quot;_animation&quot;:&quot;fadeIn&quot;}\" data-widget_type=\"heading.default\">\n\t\t\t\t<div class=\"elementor-widget-container\">\n\t\t\t\t\t<p class=\"elementor-heading-title elementor-size-default\"><a href=\"\/fr\/machines\/sx200l\/\">SX200L<\/a><\/p>\t\t\t\t<\/div>\n\t\t\t\t<\/div>\n\t\t\t\t\t<\/div>\n\t\t<\/div>\n\t\t\t\t<div class=\"elementor-column elementor-col-14 elementor-inner-column elementor-element elementor-element-6efd050\" data-id=\"6efd050\" data-element_type=\"column\" data-e-type=\"column\">\n\t\t\t<div class=\"elementor-widget-wrap elementor-element-populated\">\n\t\t\t\t\t\t<div class=\"elementor-element elementor-element-0265d25 elementor-invisible elementor-widget elementor-widget-heading\" data-id=\"0265d25\" data-element_type=\"widget\" data-e-type=\"widget\" data-settings=\"{&quot;_animation&quot;:&quot;fadeIn&quot;}\" data-widget_type=\"heading.default\">\n\t\t\t\t<div class=\"elementor-widget-container\">\n\t\t\t\t\t<p class=\"elementor-heading-title elementor-size-default\"><a href=\"\/fr\/machines\/machline\/\">MACHLine<\/a><\/p>\t\t\t\t<\/div>\n\t\t\t\t<\/div>\n\t\t\t\t\t<\/div>\n\t\t<\/div>\n\t\t\t\t\t<\/div>\n\t\t<\/section>\n\t\t\t\t\t<\/div>\n\t\t<\/div>\n\t\t\t\t\t<\/div>\n\t\t<\/section>\n\t\t\t\t<\/div>\n\t\t<\/div><\/div>\n\t\t\t\t\t\t<\/div>\n\t\t\t\t<\/div>\n\t\t\t\t\t<\/div>\n\t\t<\/div>\n\t\t\t\t\t<\/div>\n\t\t<\/section>\n\t\t\t\t<section class=\"elementor-section elementor-top-section elementor-element elementor-element-643a1f22 elementor-section-full_width elementor-section-height-default elementor-section-height-default\" data-id=\"643a1f22\" data-element_type=\"section\" data-e-type=\"section\">\n\t\t\t\t\t\t<div class=\"elementor-container elementor-column-gap-default\">\n\t\t\t\t\t<div class=\"elementor-column elementor-col-100 elementor-top-column elementor-element elementor-element-1ac9825b\" data-id=\"1ac9825b\" data-element_type=\"column\" data-e-type=\"column\">\n\t\t\t<div class=\"elementor-widget-wrap elementor-element-populated\">\n\t\t\t\t\t\t<section class=\"elementor-section elementor-inner-section elementor-element elementor-element-47673733 elementor-section-full_width elementor-section-height-default elementor-section-height-default\" data-id=\"47673733\" data-element_type=\"section\" data-e-type=\"section\">\n\t\t\t\t\t\t<div class=\"elementor-container elementor-column-gap-default\">\n\t\t\t\t\t<div class=\"elementor-column elementor-col-33 elementor-inner-column elementor-element elementor-element-3a408f9a\" data-id=\"3a408f9a\" data-element_type=\"column\" data-e-type=\"column\">\n\t\t\t<div class=\"elementor-widget-wrap elementor-element-populated\">\n\t\t\t\t\t\t<div class=\"elementor-element elementor-element-6fae0c41 elementor-invisible elementor-widget elementor-widget-image\" data-id=\"6fae0c41\" data-element_type=\"widget\" data-e-type=\"widget\" data-settings=\"{&quot;_animation&quot;:&quot;fadeIn&quot;}\" data-widget_type=\"image.default\">\n\t\t\t\t<div class=\"elementor-widget-container\">\n\t\t\t\t\t\t\t\t\t\t\t\t\t\t\t<img fetchpriority=\"high\" decoding=\"async\" width=\"640\" height=\"640\" src=\"https:\/\/www.sarix.com\/wp-content\/uploads\/2023\/09\/MACHLine-Aero-1024x1024.png\" class=\"attachment-large size-large wp-image-3984\" alt=\"\" srcset=\"https:\/\/www.sarix.com\/wp-content\/uploads\/2023\/09\/MACHLine-Aero-1024x1024.png 1024w, https:\/\/www.sarix.com\/wp-content\/uploads\/2023\/09\/MACHLine-Aero-300x300.png 300w, https:\/\/www.sarix.com\/wp-content\/uploads\/2023\/09\/MACHLine-Aero-150x150.png 150w, https:\/\/www.sarix.com\/wp-content\/uploads\/2023\/09\/MACHLine-Aero-768x768.png 768w, https:\/\/www.sarix.com\/wp-content\/uploads\/2023\/09\/MACHLine-Aero-100x100.png 100w, https:\/\/www.sarix.com\/wp-content\/uploads\/2023\/09\/MACHLine-Aero.png 1500w\" sizes=\"(max-width: 640px) 100vw, 640px\" \/>\t\t\t\t\t\t\t\t\t\t\t\t\t\t\t<\/div>\n\t\t\t\t<\/div>\n\t\t\t\t\t<\/div>\n\t\t<\/div>\n\t\t\t\t<div class=\"elementor-column elementor-col-33 elementor-inner-column elementor-element elementor-element-49c0f0f\" data-id=\"49c0f0f\" data-element_type=\"column\" data-e-type=\"column\">\n\t\t\t<div class=\"elementor-widget-wrap\">\n\t\t\t\t\t\t\t<\/div>\n\t\t<\/div>\n\t\t\t\t<div class=\"elementor-column elementor-col-33 elementor-inner-column elementor-element elementor-element-d5274d7\" data-id=\"d5274d7\" data-element_type=\"column\" data-e-type=\"column\">\n\t\t\t<div class=\"elementor-widget-wrap elementor-element-populated\">\n\t\t\t\t\t\t<div class=\"elementor-element elementor-element-8d1a003 elementor-invisible elementor-widget elementor-widget-heading\" data-id=\"8d1a003\" data-element_type=\"widget\" data-e-type=\"widget\" data-settings=\"{&quot;_animation&quot;:&quot;fadeIn&quot;}\" data-widget_type=\"heading.default\">\n\t\t\t\t<div class=\"elementor-widget-container\">\n\t\t\t\t\t<h4 class=\"elementor-heading-title elementor-size-default\">POLYVALENCE DES PROCESSUS<\/h4>\t\t\t\t<\/div>\n\t\t\t\t<\/div>\n\t\t\t\t<div class=\"elementor-element elementor-element-c04eb53 elementor-invisible elementor-widget elementor-widget-heading\" data-id=\"c04eb53\" data-element_type=\"widget\" data-e-type=\"widget\" data-settings=\"{&quot;_animation&quot;:&quot;fadeIn&quot;}\" data-widget_type=\"heading.default\">\n\t\t\t\t<div class=\"elementor-widget-container\">\n\t\t\t\t\t<h2 class=\"elementor-heading-title elementor-size-default\">MACHline<\/h2>\t\t\t\t<\/div>\n\t\t\t\t<\/div>\n\t\t\t\t<div class=\"elementor-element elementor-element-e5b8095 elementor-invisible elementor-widget elementor-widget-heading\" data-id=\"e5b8095\" data-element_type=\"widget\" data-e-type=\"widget\" data-settings=\"{&quot;_animation&quot;:&quot;fadeIn&quot;}\" data-widget_type=\"heading.default\">\n\t\t\t\t<div class=\"elementor-widget-container\">\n\t\t\t\t\t<h4 class=\"elementor-heading-title elementor-size-default\">Centre d'usinage micro-\u00e9lectrode MACHLine<\/h4>\t\t\t\t<\/div>\n\t\t\t\t<\/div>\n\t\t\t\t<div class=\"elementor-element elementor-element-c48189c elementor-invisible elementor-widget elementor-widget-text-editor\" data-id=\"c48189c\" data-element_type=\"widget\" data-e-type=\"widget\" data-settings=\"{&quot;_animation&quot;:&quot;fadeIn&quot;}\" data-widget_type=\"text-editor.default\">\n\t\t\t\t<div class=\"elementor-widget-container\">\n\t\t\t\t\t\t\t\t\t<ul>\n<li><strong>Combinaison de traitement \u00e0 deux axes<\/strong><\/li>\n<li><strong>Micro-\u00e9lectro-per\u00e7age<\/strong><\/li>\n<li><strong>Micro-\u00e9rosion par enfon\u00e7age<\/strong><\/li>\n<li><strong>Electro-\u00e9rosion \u00e0 fil Meulage des \u00e9lectrodes<\/strong><\/li>\n<li><strong>Fraisage 3D par micro-\u00e9lectro-\u00e9rosion<\/strong><\/li>\n<li><strong>Mesure \u00e0 l&rsquo;aide d&rsquo;une lunette 3D<\/strong><\/li>\n<li><strong>Ablation par micro laser<\/strong><\/li>\n<\/ul>\n\t\t\t\t\t\t\t\t<\/div>\n\t\t\t\t<\/div>\n\t\t\t\t<div class=\"elementor-element elementor-element-a9c2d31 elementor-invisible elementor-widget elementor-widget-text-editor\" data-id=\"a9c2d31\" data-element_type=\"widget\" data-e-type=\"widget\" data-settings=\"{&quot;_animation&quot;:&quot;fadeIn&quot;}\" data-widget_type=\"text-editor.default\">\n\t\t\t\t<div class=\"elementor-widget-container\">\n\t\t\t\t\t\t\t\t\t<p><strong>AXE DE D\u00c9PLACEMENT : <strong style=\"font-size: 1em; color: var( --e-global-color-text );\">X=850 Y=500 Z=100 W=480 L(Z2) = 100 (mm<\/strong>)<\/strong><\/p>\n<p><strong>LA PR\u00c9CISION DU POSITIONNEMENT :  <br \/>\u00b1 5,0 \u00b5m, R\u00e9solution = 0,1 \u00b5m  <\/strong><\/p>\n<p><strong>VITESSE D&rsquo;AVANCE DE L&rsquo;AXE : Axe lin\u00e9aire 1200 mm\/min<\/strong><\/p>\n\t\t\t\t\t\t\t\t<\/div>\n\t\t\t\t<\/div>\n\t\t\t\t\t<\/div>\n\t\t<\/div>\n\t\t\t\t\t<\/div>\n\t\t<\/section>\n\t\t\t\t<section class=\"elementor-section elementor-inner-section elementor-element elementor-element-3649e5a elementor-section-boxed elementor-section-height-default elementor-section-height-default\" data-id=\"3649e5a\" data-element_type=\"section\" data-e-type=\"section\">\n\t\t\t\t\t\t<div class=\"elementor-container elementor-column-gap-default\">\n\t\t\t\t\t<div class=\"elementor-column elementor-col-33 elementor-inner-column elementor-element elementor-element-5071971\" data-id=\"5071971\" data-element_type=\"column\" data-e-type=\"column\">\n\t\t\t<div class=\"elementor-widget-wrap elementor-element-populated\">\n\t\t\t\t\t\t<div class=\"elementor-element elementor-element-ff67d45 elementor-invisible elementor-widget elementor-widget-text-editor\" data-id=\"ff67d45\" data-element_type=\"widget\" data-e-type=\"widget\" data-settings=\"{&quot;_animation&quot;:&quot;fadeIn&quot;}\" data-widget_type=\"text-editor.default\">\n\t\t\t\t<div class=\"elementor-widget-container\">\n\t\t\t\t\t\t\t\t\t<ul>\n<li>Usinage 5 axes<\/li>\n<li>Le noyau de micro \u00e9lectro\u00e9rosion avec jusqu&rsquo;\u00e0 2 t\u00eates de traitement est positionn\u00e9 par l&rsquo;axe U-V de base.<\/li>\n<li>Broche d&rsquo;alimentation automatique des \u00e9lectrodes avec fonction d&rsquo;indexation C<\/li>\n<li>Dispositif d&rsquo;aff\u00fbtage d&rsquo;\u00e9lectrodes d&rsquo;\u00e9lectro\u00e9rosion \u00e0 fil pour les \u00e9lectrodes micro rondes et de forme complexe (mesure d&rsquo;\u00e9lectrode au laser en option)<\/li>\n<li>Programmation de mod\u00e8les 3D avec le logiciel de FAO SX-3D Milling<\/li>\n<\/ul>\n\t\t\t\t\t\t\t\t<\/div>\n\t\t\t\t<\/div>\n\t\t\t\t\t<\/div>\n\t\t<\/div>\n\t\t\t\t<div class=\"elementor-column elementor-col-33 elementor-inner-column elementor-element elementor-element-6a21a58\" data-id=\"6a21a58\" data-element_type=\"column\" data-e-type=\"column\">\n\t\t\t<div class=\"elementor-widget-wrap elementor-element-populated\">\n\t\t\t\t\t\t<div class=\"elementor-element elementor-element-418239f elementor-invisible elementor-widget elementor-widget-text-editor\" data-id=\"418239f\" data-element_type=\"widget\" data-e-type=\"widget\" data-settings=\"{&quot;_animation&quot;:&quot;fadeIn&quot;}\" data-widget_type=\"text-editor.default\">\n\t\t\t\t<div class=\"elementor-widget-container\">\n\t\t\t\t\t\t\t\t\t<p><strong>INNOVATION<\/strong><br \/>SARIX maintient son engagement pour une innovation continue de la technologie de micro \u00e9lectro\u00e9rosion avec l&rsquo;introduction des nouveaux centres d&rsquo;usinage MACHLine. La MACHLine est une famille de centres d&rsquo;usinage Micro EDM et contient une combinaison unique de capacit\u00e9s d&rsquo;usinage de haute pr\u00e9cision pour traiter des structures complexes en 3D.<br \/>La possibilit\u00e9 de combiner plusieurs processus d&rsquo;usinage est une autre caract\u00e9ristique unique de la s\u00e9rie MACHLine.<\/p>\n<p><b>TECHNOLOGIE<\/b><br \/>Le d\u00e9veloppement constant de la technologie SARIX Micro EDM a orient\u00e9 la conception innovante de l&rsquo;axe EDM de la s\u00e9rie MACHLine. Tous les axes d&rsquo;\u00e9lectro\u00e9rosion sont concentr\u00e9s dans une unit\u00e9 centrale, un module X-Y-Z l\u00e9ger, tr\u00e8s pr\u00e9cis et \u00e0 haute dynamique. Le grand axe de positionnement U, V, W permet d&rsquo;appliquer la pr\u00e9cision du micro-usinage \u00e0 des pi\u00e8ces plus grandes. SARIX a \u00e9galement am\u00e9lior\u00e9 sa technologie de forage le plus profond avec des dispositifs qui peuvent maintenant percer des trous de 100 microns avec des tol\u00e9rances strictes, dans du carbure de tungst\u00e8ne jusqu&rsquo;\u00e0 15 mm.<\/p>\n<p><strong>POLYVALENCE DES PROCESSUS<\/strong><br \/>Le module de base de l&rsquo;\u00e9lectro\u00e9rosion comporte deux axes Z qui peuvent \u00eatre \u00e9quip\u00e9s d&rsquo;une unit\u00e9 de traitement ind\u00e9pendante : c&rsquo;est la capacit\u00e9 Twin Axis. Le client peut choisir la meilleure configuration de t\u00eate pour une performance maximale. Le syst\u00e8me \u00e0 deux axes peut accepter, par exemple, une broche de fraisage Micro EDM d&rsquo;\u00e9bauche et une broche de fraisage Micro EDM de finition. Dans une autre configuration, une t\u00eate Micro EDM et l&rsquo;unit\u00e9 de mesure 3D Scope permettent de mesurer la pi\u00e8ce en cours de fabrication sans la d\u00e9monter.<br \/>La combinaison de processus sur l&rsquo;unit\u00e9 \u00e0 deux axes peut \u00e9galement \u00eatre \u00e9tendue \u00e0 des processus compl\u00e9mentaires tels que la micro-\u00e9lectro-\u00e9rosion et la micro-ablation laser, comme le propose SARIX pour l&rsquo;industrie a\u00e9ronautique et l&rsquo;industrie des turbines \u00e0 gaz pour les composants rev\u00eatus de c\u00e9ramique &#8230;<\/p>\n<p><strong>PRODUCTIVIT\u00c9<\/strong><br \/>Toutes les caract\u00e9ristiques des mod\u00e8les MACHLine sont optimis\u00e9es pour la productivit\u00e9. Le changeur d&rsquo;outils optionnel permet de charger automatiquement des \u00e9lectrodes de diff\u00e9rents diam\u00e8tres.<br \/>La nouvelle pince multi-diam\u00e8tre permet de modifier le diam\u00e8tre de travail et de maintenir des conditions de rin\u00e7age optimales pour chaque diam\u00e8tre.<br \/>Le grand d\u00e9placement des axes U, V et W permet d&rsquo;usiner des pi\u00e8ces de grande taille ou de charger des palettes de pi\u00e8ces multiples. Dans le mod\u00e8le MACH Milling, la machine est \u00e9quip\u00e9e d&rsquo;un dispositif de rectification par \u00e9lectro\u00e9rosion \u00e0 fil et d&rsquo;une SX-Arianne pour la mise en forme des micro\u00e9lectrodes.<\/p>\n\t\t\t\t\t\t\t\t<\/div>\n\t\t\t\t<\/div>\n\t\t\t\t\t<\/div>\n\t\t<\/div>\n\t\t\t\t<div class=\"elementor-column elementor-col-33 elementor-inner-column elementor-element elementor-element-0fd0615\" data-id=\"0fd0615\" data-element_type=\"column\" data-e-type=\"column\">\n\t\t\t<div class=\"elementor-widget-wrap elementor-element-populated\">\n\t\t\t\t\t\t<div class=\"elementor-element elementor-element-c852086 elementor-widget__width-initial elementor-position-top elementor-widget elementor-widget-image-box\" data-id=\"c852086\" data-element_type=\"widget\" data-e-type=\"widget\" data-widget_type=\"image-box.default\">\n\t\t\t\t<div class=\"elementor-widget-container\">\n\t\t\t\t\t<div class=\"elementor-image-box-wrapper\"><figure class=\"elementor-image-box-img\"><a href=\"http:\/\/www.sarix.com\/wp-content\/uploads\/2023\/10\/SARIX-Flyer-A3_8pg-FRA-lw.pdf\" target=\"_blank\" tabindex=\"-1\"><img decoding=\"async\" width=\"500\" height=\"707\" src=\"https:\/\/www.sarix.com\/wp-content\/uploads\/2023\/09\/SARIX-Products2023_EN.jpg\" class=\"attachment-full size-full wp-image-3147\" alt=\"\" srcset=\"https:\/\/www.sarix.com\/wp-content\/uploads\/2023\/09\/SARIX-Products2023_EN.jpg 500w, https:\/\/www.sarix.com\/wp-content\/uploads\/2023\/09\/SARIX-Products2023_EN-212x300.jpg 212w\" sizes=\"(max-width: 500px) 100vw, 500px\" \/><\/a><\/figure><div class=\"elementor-image-box-content\"><p class=\"elementor-image-box-description\">T\u00e9l\u00e9charger notre NOUVEAU Flyer\nFlyer SARIX 2023<\/p><\/div><\/div>\t\t\t\t<\/div>\n\t\t\t\t<\/div>\n\t\t\t\t\t<\/div>\n\t\t<\/div>\n\t\t\t\t\t<\/div>\n\t\t<\/section>\n\t\t\t\t\t<\/div>\n\t\t<\/div>\n\t\t\t\t\t<\/div>\n\t\t<\/section>\n\t\t\t\t<section class=\"elementor-section elementor-top-section elementor-element elementor-element-a76e04d elementor-section-boxed elementor-section-height-default elementor-section-height-default\" data-id=\"a76e04d\" data-element_type=\"section\" data-e-type=\"section\">\n\t\t\t\t\t\t<div class=\"elementor-container elementor-column-gap-default\">\n\t\t\t\t\t<div class=\"elementor-column elementor-col-100 elementor-top-column elementor-element elementor-element-75fa13e\" data-id=\"75fa13e\" data-element_type=\"column\" data-e-type=\"column\">\n\t\t\t<div class=\"elementor-widget-wrap\">\n\t\t\t\t\t\t\t<\/div>\n\t\t<\/div>\n\t\t\t\t\t<\/div>\n\t\t<\/section>\n\t\t\t\t<\/div>\n\t\t","protected":false},"excerpt":{"rendered":"<p>POLYVALENCE DES PROCESSUS MACHline Centre d&rsquo;usinage micro-\u00e9lectrode MACHLine Combinaison de traitement \u00e0 deux axes Micro-\u00e9lectro-per\u00e7age Micro-\u00e9rosion par enfon\u00e7age Electro-\u00e9rosion \u00e0 fil Meulage des \u00e9lectrodes Fraisage 3D par micro-\u00e9lectro-\u00e9rosion Mesure \u00e0 l&rsquo;aide d&rsquo;une lunette 3D Ablation par micro laser AXE DE D\u00c9PLACEMENT : X=850 Y=500 Z=100 W=480 L(Z2) = 100 (mm) LA PR\u00c9CISION DU POSITIONNEMENT : [&hellip;]<\/p>\n","protected":false},"author":1,"featured_media":4009,"parent":4890,"menu_order":0,"comment_status":"closed","ping_status":"closed","template":"","meta":{"footnotes":""},"categories":[10],"tags":[],"class_list":["post-4859","page","type-page","status-publish","has-post-thumbnail","hentry","category-products"],"_links":{"self":[{"href":"https:\/\/www.sarix.com\/fr\/wp-json\/wp\/v2\/pages\/4859","targetHints":{"allow":["GET"]}}],"collection":[{"href":"https:\/\/www.sarix.com\/fr\/wp-json\/wp\/v2\/pages"}],"about":[{"href":"https:\/\/www.sarix.com\/fr\/wp-json\/wp\/v2\/types\/page"}],"author":[{"embeddable":true,"href":"https:\/\/www.sarix.com\/fr\/wp-json\/wp\/v2\/users\/1"}],"replies":[{"embeddable":true,"href":"https:\/\/www.sarix.com\/fr\/wp-json\/wp\/v2\/comments?post=4859"}],"version-history":[{"count":10,"href":"https:\/\/www.sarix.com\/fr\/wp-json\/wp\/v2\/pages\/4859\/revisions"}],"predecessor-version":[{"id":12086,"href":"https:\/\/www.sarix.com\/fr\/wp-json\/wp\/v2\/pages\/4859\/revisions\/12086"}],"up":[{"embeddable":true,"href":"https:\/\/www.sarix.com\/fr\/wp-json\/wp\/v2\/pages\/4890"}],"wp:featuredmedia":[{"embeddable":true,"href":"https:\/\/www.sarix.com\/fr\/wp-json\/wp\/v2\/media\/4009"}],"wp:attachment":[{"href":"https:\/\/www.sarix.com\/fr\/wp-json\/wp\/v2\/media?parent=4859"}],"wp:term":[{"taxonomy":"category","embeddable":true,"href":"https:\/\/www.sarix.com\/fr\/wp-json\/wp\/v2\/categories?post=4859"},{"taxonomy":"post_tag","embeddable":true,"href":"https:\/\/www.sarix.com\/fr\/wp-json\/wp\/v2\/tags?post=4859"}],"curies":[{"name":"wp","href":"https:\/\/api.w.org\/{rel}","templated":true}]}}