{"id":4853,"date":"2023-09-11T08:49:45","date_gmt":"2023-09-11T08:49:45","guid":{"rendered":"https:\/\/www.sarix.com\/sx-cobot\/"},"modified":"2023-12-05T07:48:08","modified_gmt":"2023-12-05T07:48:08","slug":"sx-cobot","status":"publish","type":"page","link":"https:\/\/www.sarix.com\/fr\/machines\/sx-cobot\/","title":{"rendered":"SX-COBOT"},"content":{"rendered":"\t\t<div data-elementor-type=\"wp-page\" data-elementor-id=\"4853\" class=\"elementor elementor-4853 elementor-2889\" data-elementor-post-type=\"page\">\n\t\t\t\t\t\t<section class=\"elementor-section elementor-top-section elementor-element elementor-element-c339d6d elementor-section-full_width elementor-section-height-default elementor-section-height-default\" data-id=\"c339d6d\" data-element_type=\"section\" data-e-type=\"section\">\n\t\t\t\t\t\t<div class=\"elementor-container elementor-column-gap-default\">\n\t\t\t\t\t<div class=\"elementor-column elementor-col-100 elementor-top-column elementor-element elementor-element-db63573\" data-id=\"db63573\" data-element_type=\"column\" data-e-type=\"column\">\n\t\t\t<div class=\"elementor-widget-wrap elementor-element-populated\">\n\t\t\t\t\t\t<section class=\"elementor-section elementor-inner-section elementor-element elementor-element-91ddd51 elementor-section-full_width elementor-section-height-default elementor-section-height-default\" data-id=\"91ddd51\" data-element_type=\"section\" data-e-type=\"section\">\n\t\t\t\t\t\t<div class=\"elementor-container elementor-column-gap-default\">\n\t\t\t\t\t<div class=\"elementor-column elementor-col-50 elementor-inner-column elementor-element elementor-element-e899554\" data-id=\"e899554\" data-element_type=\"column\" data-e-type=\"column\">\n\t\t\t<div class=\"elementor-widget-wrap elementor-element-populated\">\n\t\t\t\t\t\t<div class=\"elementor-element elementor-element-a2e0fab elementor-widget elementor-widget-image\" data-id=\"a2e0fab\" data-element_type=\"widget\" data-e-type=\"widget\" data-widget_type=\"image.default\">\n\t\t\t\t<div class=\"elementor-widget-container\">\n\t\t\t\t\t\t\t\t\t\t\t\t\t\t\t<img fetchpriority=\"high\" decoding=\"async\" width=\"300\" height=\"245\" src=\"https:\/\/www.sarix.com\/wp-content\/uploads\/2023\/09\/Cobot-SX200Aero-300x245.jpg\" class=\"attachment-medium size-medium wp-image-4364\" alt=\"\" srcset=\"https:\/\/www.sarix.com\/wp-content\/uploads\/2023\/09\/Cobot-SX200Aero-300x245.jpg 300w, https:\/\/www.sarix.com\/wp-content\/uploads\/2023\/09\/Cobot-SX200Aero-1024x838.jpg 1024w, https:\/\/www.sarix.com\/wp-content\/uploads\/2023\/09\/Cobot-SX200Aero-768x628.jpg 768w, https:\/\/www.sarix.com\/wp-content\/uploads\/2023\/09\/Cobot-SX200Aero-1536x1257.jpg 1536w, https:\/\/www.sarix.com\/wp-content\/uploads\/2023\/09\/Cobot-SX200Aero-2048x1676.jpg 2048w\" sizes=\"(max-width: 300px) 100vw, 300px\" \/>\t\t\t\t\t\t\t\t\t\t\t\t\t\t\t<\/div>\n\t\t\t\t<\/div>\n\t\t\t\t\t<\/div>\n\t\t<\/div>\n\t\t\t\t<div class=\"elementor-column elementor-col-50 elementor-inner-column elementor-element elementor-element-4e668ce\" data-id=\"4e668ce\" data-element_type=\"column\" data-e-type=\"column\">\n\t\t\t<div class=\"elementor-widget-wrap\">\n\t\t\t\t\t\t\t<\/div>\n\t\t<\/div>\n\t\t\t\t\t<\/div>\n\t\t<\/section>\n\t\t\t\t<section class=\"elementor-section elementor-inner-section elementor-element elementor-element-593f7ca elementor-section-boxed elementor-section-height-default elementor-section-height-default\" data-id=\"593f7ca\" data-element_type=\"section\" data-e-type=\"section\">\n\t\t\t\t\t\t<div class=\"elementor-container elementor-column-gap-default\">\n\t\t\t\t\t<div class=\"elementor-column elementor-col-100 elementor-inner-column elementor-element elementor-element-e809672\" data-id=\"e809672\" data-element_type=\"column\" data-e-type=\"column\">\n\t\t\t<div class=\"elementor-widget-wrap elementor-element-populated\">\n\t\t\t\t\t\t<div class=\"elementor-element elementor-element-d942992 elementor-widget__width-initial elementor-invisible elementor-widget elementor-widget-heading\" data-id=\"d942992\" data-element_type=\"widget\" data-e-type=\"widget\" data-settings=\"{&quot;_animation&quot;:&quot;fadeIn&quot;}\" data-widget_type=\"heading.default\">\n\t\t\t\t<div class=\"elementor-widget-container\">\n\t\t\t\t\t<h2 class=\"elementor-heading-title elementor-size-default\">SX-COBOT pour SX200, SX200L et MACH Line<\/h2>\t\t\t\t<\/div>\n\t\t\t\t<\/div>\n\t\t\t\t<div class=\"elementor-element elementor-element-ee04a86 elementor-widget__width-initial elementor-invisible elementor-widget elementor-widget-text-editor\" data-id=\"ee04a86\" data-element_type=\"widget\" data-e-type=\"widget\" data-settings=\"{&quot;_animation&quot;:&quot;fadeIn&quot;}\" data-widget_type=\"text-editor.default\">\n\t\t\t\t<div class=\"elementor-widget-container\">\n\t\t\t\t\t\t\t\t\t<p>La cellule d&rsquo;automatisation <b>SX-COBOT<\/b> int\u00e8gre tous les \u00e9l\u00e9ments du processus, y compris les \u00e9lectrodes, les guides, les outils et les accessoires. Outre le chargement des pi\u00e8ces, le robot peut changer de diam\u00e8tre de per\u00e7age, passer du per\u00e7age assist\u00e9 par un guide au <b>fraisage par micro-\u00e9lectrode en 3D<\/b>, charger l&rsquo;\u00e9quipement de mesure ou effectuer des op\u00e9rations de rin\u00e7age suppl\u00e9mentaires.  <\/p>\n<p>En utilisant des \u00e9tiquettes <b>RFID<\/b> sur tous les composants, le syst\u00e8me minimise les risques d&rsquo;erreur.<br>\net permet un fonctionnement 24 heures sur 24, y compris des \u00e9quipes de nuit ou de week-end sans personnel.<\/p>\t\t\t\t\t\t\t\t<\/div>\n\t\t\t\t<\/div>\n\t\t\t\t\t<\/div>\n\t\t<\/div>\n\t\t\t\t\t<\/div>\n\t\t<\/section>\n\t\t\t\t\t<\/div>\n\t\t<\/div>\n\t\t\t\t\t<\/div>\n\t\t<\/section>\n\t\t\t\t<section class=\"elementor-section elementor-top-section elementor-element elementor-element-bb0fbc7 elementor-section-boxed elementor-section-height-default elementor-section-height-default\" data-id=\"bb0fbc7\" data-element_type=\"section\" data-e-type=\"section\">\n\t\t\t\t\t\t<div class=\"elementor-container elementor-column-gap-default\">\n\t\t\t\t\t<div class=\"elementor-column elementor-col-100 elementor-top-column elementor-element elementor-element-61ec162\" data-id=\"61ec162\" data-element_type=\"column\" data-e-type=\"column\">\n\t\t\t<div class=\"elementor-widget-wrap elementor-element-populated\">\n\t\t\t\t\t\t<section class=\"elementor-section elementor-inner-section elementor-element elementor-element-ebf5026 elementor-section-boxed elementor-section-height-default elementor-section-height-default\" data-id=\"ebf5026\" data-element_type=\"section\" data-e-type=\"section\">\n\t\t\t\t\t\t<div class=\"elementor-container elementor-column-gap-default\">\n\t\t\t\t\t<div class=\"elementor-column elementor-col-50 elementor-inner-column elementor-element elementor-element-1375833\" data-id=\"1375833\" data-element_type=\"column\" data-e-type=\"column\">\n\t\t\t<div class=\"elementor-widget-wrap elementor-element-populated\">\n\t\t\t\t\t\t<div class=\"elementor-element elementor-element-45889f7 elementor-position-top elementor-widget elementor-widget-image-box\" data-id=\"45889f7\" data-element_type=\"widget\" data-e-type=\"widget\" data-widget_type=\"image-box.default\">\n\t\t\t\t<div class=\"elementor-widget-container\">\n\t\t\t\t\t<div class=\"elementor-image-box-wrapper\"><figure class=\"elementor-image-box-img\"><a href=\"\/wp-content\/uploads\/2023\/09\/SARIX-Produits2023_FR.pdf\" target=\"_blank\" tabindex=\"-1\"><img decoding=\"async\" width=\"500\" height=\"707\" src=\"https:\/\/www.sarix.com\/wp-content\/uploads\/2023\/09\/SARIX-Products2023_EN.jpg\" class=\"attachment-full size-full wp-image-3147\" alt=\"\" srcset=\"https:\/\/www.sarix.com\/wp-content\/uploads\/2023\/09\/SARIX-Products2023_EN.jpg 500w, https:\/\/www.sarix.com\/wp-content\/uploads\/2023\/09\/SARIX-Products2023_EN-212x300.jpg 212w\" sizes=\"(max-width: 500px) 100vw, 500px\" \/><\/a><\/figure><div class=\"elementor-image-box-content\"><h3 class=\"elementor-image-box-title\"><a href=\"\/wp-content\/uploads\/2023\/09\/SARIX-Produits2023_FR.pdf\" target=\"_blank\">T\u00e9l\u00e9charger notre NOUVEAU Flyer<\/a><\/h3><p class=\"elementor-image-box-description\">D\u00e9pliant Sarix 2023<\/p><\/div><\/div>\t\t\t\t<\/div>\n\t\t\t\t<\/div>\n\t\t\t\t\t<\/div>\n\t\t<\/div>\n\t\t\t\t<div class=\"elementor-column elementor-col-50 elementor-inner-column elementor-element elementor-element-c75ddd2\" data-id=\"c75ddd2\" data-element_type=\"column\" data-e-type=\"column\">\n\t\t\t<div class=\"elementor-widget-wrap\">\n\t\t\t\t\t\t\t<\/div>\n\t\t<\/div>\n\t\t\t\t\t<\/div>\n\t\t<\/section>\n\t\t\t\t\t<\/div>\n\t\t<\/div>\n\t\t\t\t\t<\/div>\n\t\t<\/section>\n\t\t\t\t<\/div>\n\t\t","protected":false},"excerpt":{"rendered":"<p>SX-COBOT pour SX200, SX200L et MACH Line La cellule d&rsquo;automatisation SX-COBOT int\u00e8gre tous les \u00e9l\u00e9ments du processus, y compris les \u00e9lectrodes, les guides, les outils et les accessoires. Outre le chargement des pi\u00e8ces, le robot peut changer de diam\u00e8tre de per\u00e7age, passer du per\u00e7age assist\u00e9 par un guide au fraisage par micro-\u00e9lectrode en 3D, charger [&hellip;]<\/p>\n","protected":false},"author":1,"featured_media":4364,"parent":4890,"menu_order":0,"comment_status":"closed","ping_status":"closed","template":"","meta":{"footnotes":""},"categories":[74,73],"tags":[75],"class_list":["post-4853","page","type-page","status-publish","has-post-thumbnail","hentry","category-lautomatisation","category-produits","tag-lautomatisation"],"_links":{"self":[{"href":"https:\/\/www.sarix.com\/fr\/wp-json\/wp\/v2\/pages\/4853","targetHints":{"allow":["GET"]}}],"collection":[{"href":"https:\/\/www.sarix.com\/fr\/wp-json\/wp\/v2\/pages"}],"about":[{"href":"https:\/\/www.sarix.com\/fr\/wp-json\/wp\/v2\/types\/page"}],"author":[{"embeddable":true,"href":"https:\/\/www.sarix.com\/fr\/wp-json\/wp\/v2\/users\/1"}],"replies":[{"embeddable":true,"href":"https:\/\/www.sarix.com\/fr\/wp-json\/wp\/v2\/comments?post=4853"}],"version-history":[{"count":2,"href":"https:\/\/www.sarix.com\/fr\/wp-json\/wp\/v2\/pages\/4853\/revisions"}],"predecessor-version":[{"id":4857,"href":"https:\/\/www.sarix.com\/fr\/wp-json\/wp\/v2\/pages\/4853\/revisions\/4857"}],"up":[{"embeddable":true,"href":"https:\/\/www.sarix.com\/fr\/wp-json\/wp\/v2\/pages\/4890"}],"wp:featuredmedia":[{"embeddable":true,"href":"https:\/\/www.sarix.com\/fr\/wp-json\/wp\/v2\/media\/4364"}],"wp:attachment":[{"href":"https:\/\/www.sarix.com\/fr\/wp-json\/wp\/v2\/media?parent=4853"}],"wp:term":[{"taxonomy":"category","embeddable":true,"href":"https:\/\/www.sarix.com\/fr\/wp-json\/wp\/v2\/categories?post=4853"},{"taxonomy":"post_tag","embeddable":true,"href":"https:\/\/www.sarix.com\/fr\/wp-json\/wp\/v2\/tags?post=4853"}],"curies":[{"name":"wp","href":"https:\/\/api.w.org\/{rel}","templated":true}]}}