{"id":4846,"date":"2023-09-11T08:43:23","date_gmt":"2023-09-11T08:43:23","guid":{"rendered":"https:\/\/www.sarix.com\/sp12-ac\/"},"modified":"2023-12-05T07:47:54","modified_gmt":"2023-12-05T07:47:54","slug":"sp12-ac","status":"publish","type":"page","link":"https:\/\/www.sarix.com\/fr\/machines\/sp12-ac\/","title":{"rendered":"SP12-AC"},"content":{"rendered":"\t\t<div data-elementor-type=\"wp-page\" data-elementor-id=\"4846\" class=\"elementor elementor-4846 elementor-2867\" data-elementor-post-type=\"page\">\n\t\t\t\t\t\t<section class=\"elementor-section elementor-top-section elementor-element elementor-element-c339d6d elementor-section-full_width elementor-section-height-default elementor-section-height-default\" data-id=\"c339d6d\" data-element_type=\"section\" data-e-type=\"section\">\n\t\t\t\t\t\t<div class=\"elementor-container elementor-column-gap-default\">\n\t\t\t\t\t<div class=\"elementor-column elementor-col-100 elementor-top-column elementor-element elementor-element-db63573\" data-id=\"db63573\" data-element_type=\"column\" data-e-type=\"column\">\n\t\t\t<div class=\"elementor-widget-wrap elementor-element-populated\">\n\t\t\t\t\t\t<section class=\"elementor-section elementor-inner-section elementor-element elementor-element-91ddd51 elementor-section-full_width elementor-section-height-default elementor-section-height-default\" data-id=\"91ddd51\" data-element_type=\"section\" data-e-type=\"section\">\n\t\t\t\t\t\t<div class=\"elementor-container elementor-column-gap-default\">\n\t\t\t\t\t<div class=\"elementor-column elementor-col-100 elementor-inner-column elementor-element elementor-element-e899554\" data-id=\"e899554\" data-element_type=\"column\" data-e-type=\"column\">\n\t\t\t<div class=\"elementor-widget-wrap elementor-element-populated\">\n\t\t\t\t\t\t<div class=\"elementor-element elementor-element-a2e0fab elementor-widget elementor-widget-image\" data-id=\"a2e0fab\" data-element_type=\"widget\" data-e-type=\"widget\" data-widget_type=\"image.default\">\n\t\t\t\t<div class=\"elementor-widget-container\">\n\t\t\t\t\t\t\t\t\t\t\t\t\t\t\t<img fetchpriority=\"high\" decoding=\"async\" width=\"300\" height=\"200\" src=\"https:\/\/www.sarix.com\/wp-content\/uploads\/2023\/09\/SARIX-SP12AC-300x200.jpg\" class=\"attachment-medium size-medium wp-image-4369\" alt=\"\" srcset=\"https:\/\/www.sarix.com\/wp-content\/uploads\/2023\/09\/SARIX-SP12AC-300x200.jpg 300w, https:\/\/www.sarix.com\/wp-content\/uploads\/2023\/09\/SARIX-SP12AC-1024x682.jpg 1024w, https:\/\/www.sarix.com\/wp-content\/uploads\/2023\/09\/SARIX-SP12AC-768x512.jpg 768w, https:\/\/www.sarix.com\/wp-content\/uploads\/2023\/09\/SARIX-SP12AC-1536x1023.jpg 1536w, https:\/\/www.sarix.com\/wp-content\/uploads\/2023\/09\/SARIX-SP12AC.jpg 1654w\" sizes=\"(max-width: 300px) 100vw, 300px\" \/>\t\t\t\t\t\t\t\t\t\t\t\t\t\t\t<\/div>\n\t\t\t\t<\/div>\n\t\t\t\t\t<\/div>\n\t\t<\/div>\n\t\t\t\t\t<\/div>\n\t\t<\/section>\n\t\t\t\t\t<\/div>\n\t\t<\/div>\n\t\t\t\t\t<\/div>\n\t\t<\/section>\n\t\t\t\t<section class=\"elementor-section elementor-top-section elementor-element elementor-element-9cdc67a elementor-section-boxed elementor-section-height-default elementor-section-height-default\" data-id=\"9cdc67a\" data-element_type=\"section\" data-e-type=\"section\">\n\t\t\t\t\t\t<div class=\"elementor-container elementor-column-gap-default\">\n\t\t\t\t\t<div class=\"elementor-column elementor-col-100 elementor-top-column elementor-element elementor-element-2105aa8\" data-id=\"2105aa8\" data-element_type=\"column\" data-e-type=\"column\">\n\t\t\t<div class=\"elementor-widget-wrap elementor-element-populated\">\n\t\t\t\t\t\t<div class=\"elementor-element elementor-element-6911f45 elementor-widget elementor-widget-text-editor\" data-id=\"6911f45\" data-element_type=\"widget\" data-e-type=\"widget\" data-widget_type=\"text-editor.default\">\n\t\t\t\t<div class=\"elementor-widget-container\">\n\t\t\t\t\t\t\t\t\t<p>Le changeur de pinces&nbsp;<b>SP12-AC<\/b>&nbsp;est un syst\u00e8me de changement rapide pour jusqu&rsquo;\u00e0 4 pinces&nbsp;de diff\u00e9rents diam\u00e8tres, r\u00e9duisant consid\u00e9rablement le temps de pr\u00e9paration de la machine.<\/p>\n<p>Ce syst\u00e8me \u00e9limine le besoin de r\u00e9alignement lors du changement de type de pince ou de diam\u00e8tre d&rsquo;\u00e9lectrode.<\/p>\n<p>Un changement de pince pour une \u00e9lectrode de diam\u00e8tre diff\u00e9rent prend moins de 30 secondes, tandis que l&rsquo;alignement de la pince reste intact lors des changements.<\/p>\t\t\t\t\t\t\t\t<\/div>\n\t\t\t\t<\/div>\n\t\t\t\t<div class=\"elementor-element elementor-element-5c01c46 elementor-invisible elementor-widget elementor-widget-text-editor\" data-id=\"5c01c46\" data-element_type=\"widget\" data-e-type=\"widget\" data-settings=\"{&quot;_animation&quot;:&quot;fadeIn&quot;}\" data-widget_type=\"text-editor.default\">\n\t\t\t\t<div class=\"elementor-widget-container\">\n\t\t\t\t\t\t\t\t\t<p><b>SP12 Syst\u00e8me de pinces de serrage<\/b><\/p>\n\t\t\t\t\t\t\t\t<\/div>\n\t\t\t\t<\/div>\n\t\t\t\t<div class=\"elementor-element elementor-element-52ef608 elementor-widget elementor-widget-image\" data-id=\"52ef608\" data-element_type=\"widget\" data-e-type=\"widget\" data-widget_type=\"image.default\">\n\t\t\t\t<div class=\"elementor-widget-container\">\n\t\t\t\t\t\t\t\t\t\t\t\t\t\t\t<img decoding=\"async\" width=\"300\" height=\"222\" src=\"https:\/\/www.sarix.com\/wp-content\/uploads\/2023\/09\/SP12-300x222.jpg\" class=\"attachment-medium size-medium wp-image-4159\" alt=\"\" srcset=\"https:\/\/www.sarix.com\/wp-content\/uploads\/2023\/09\/SP12-300x222.jpg 300w, https:\/\/www.sarix.com\/wp-content\/uploads\/2023\/09\/SP12-768x569.jpg 768w, https:\/\/www.sarix.com\/wp-content\/uploads\/2023\/09\/SP12.jpg 867w\" sizes=\"(max-width: 300px) 100vw, 300px\" \/>\t\t\t\t\t\t\t\t\t\t\t\t\t\t\t<\/div>\n\t\t\t\t<\/div>\n\t\t\t\t<div class=\"elementor-element elementor-element-01801a1 elementor-invisible elementor-widget elementor-widget-text-editor\" data-id=\"01801a1\" data-element_type=\"widget\" data-e-type=\"widget\" data-settings=\"{&quot;_animation&quot;:&quot;fadeIn&quot;}\" data-widget_type=\"text-editor.default\">\n\t\t\t\t<div class=\"elementor-widget-container\">\n\t\t\t\t\t\t\t\t\t<p><b>SP12 Collet&nbsp;<\/b><\/p>\n<h4><span style=\"font-weight: normal;\">Changeur rapide de pinces de haute pr\u00e9cision&nbsp;<br><span style=\"font-size: 1em; color: var( --e-global-color-text );\">avec alimentation automatique des \u00e9lectrodes&nbsp;<br><\/span><span style=\"font-size: 1em; color: var( --e-global-color-text );\">et compensation de l&rsquo;usure des \u00e9lectrodes<\/span><\/span><\/h4>\n<p style=\"margin: 0px; font-family: var( --e-global-typography-text-font-family ), Sans-serif; font-size: 16px; color: var( --e-global-color-text );\">R\u00e9glage de l&rsquo;\u00e9coulement et de l&rsquo;inclinaison&nbsp;<\/p>\n<p style=\"margin: 0px; font-family: var( --e-global-typography-text-font-family ), Sans-serif; font-size: 16px; color: var( --e-global-color-text );\">Rin\u00e7age interne \u00e0 haute pression<\/p>\n<p style=\"margin: 0px; font-family: var( --e-global-typography-text-font-family ), Sans-serif; font-size: 16px; color: var( --e-global-color-text );\">Plage de diam\u00e8tres \u00d8 0,05 \u00e0 \u00d8 1,5 mm<\/p>\n<p style=\"margin: 0px; font-family: var( --e-global-typography-text-font-family ), Sans-serif; font-size: 16px; color: var( --e-global-color-text );\">Jusqu&rsquo;\u00e0 \u00d8 0,99, il s&rsquo;adapte \u00e0 une plage de serrage de 0,04 mm.<\/p>\t\t\t\t\t\t\t\t<\/div>\n\t\t\t\t<\/div>\n\t\t\t\t\t<\/div>\n\t\t<\/div>\n\t\t\t\t\t<\/div>\n\t\t<\/section>\n\t\t\t\t<section class=\"elementor-section elementor-top-section elementor-element elementor-element-b8b7c12 elementor-section-boxed elementor-section-height-default elementor-section-height-default\" data-id=\"b8b7c12\" data-element_type=\"section\" data-e-type=\"section\">\n\t\t\t\t\t\t<div class=\"elementor-container elementor-column-gap-default\">\n\t\t\t\t\t<div class=\"elementor-column elementor-col-100 elementor-top-column elementor-element elementor-element-dbda603\" data-id=\"dbda603\" data-element_type=\"column\" data-e-type=\"column\">\n\t\t\t<div class=\"elementor-widget-wrap elementor-element-populated\">\n\t\t\t\t\t\t<section class=\"elementor-section elementor-inner-section elementor-element elementor-element-5841887 elementor-section-boxed elementor-section-height-default elementor-section-height-default\" data-id=\"5841887\" data-element_type=\"section\" data-e-type=\"section\">\n\t\t\t\t\t\t<div class=\"elementor-container elementor-column-gap-default\">\n\t\t\t\t\t<div class=\"elementor-column elementor-col-50 elementor-inner-column elementor-element elementor-element-000a270\" data-id=\"000a270\" data-element_type=\"column\" data-e-type=\"column\">\n\t\t\t<div class=\"elementor-widget-wrap elementor-element-populated\">\n\t\t\t\t\t\t<div class=\"elementor-element elementor-element-2a2784e elementor-position-top elementor-widget elementor-widget-image-box\" data-id=\"2a2784e\" data-element_type=\"widget\" data-e-type=\"widget\" data-widget_type=\"image-box.default\">\n\t\t\t\t<div class=\"elementor-widget-container\">\n\t\t\t\t\t<div class=\"elementor-image-box-wrapper\"><figure class=\"elementor-image-box-img\"><a href=\"\/wp-content\/uploads\/2023\/09\/SARIX-Produits2023_FR.pdf\" target=\"_blank\" tabindex=\"-1\"><img decoding=\"async\" width=\"500\" height=\"707\" src=\"https:\/\/www.sarix.com\/wp-content\/uploads\/2023\/09\/SARIX-Products2023_EN.jpg\" class=\"attachment-full size-full wp-image-3147\" alt=\"\" srcset=\"https:\/\/www.sarix.com\/wp-content\/uploads\/2023\/09\/SARIX-Products2023_EN.jpg 500w, https:\/\/www.sarix.com\/wp-content\/uploads\/2023\/09\/SARIX-Products2023_EN-212x300.jpg 212w\" sizes=\"(max-width: 500px) 100vw, 500px\" \/><\/a><\/figure><div class=\"elementor-image-box-content\"><h3 class=\"elementor-image-box-title\"><a href=\"\/wp-content\/uploads\/2023\/09\/SARIX-Produits2023_FR.pdf\" target=\"_blank\">T\u00e9l\u00e9charger notre NOUVEAU Flyer<\/a><\/h3><p class=\"elementor-image-box-description\">D\u00e9pliant Sarix 2023<\/p><\/div><\/div>\t\t\t\t<\/div>\n\t\t\t\t<\/div>\n\t\t\t\t\t<\/div>\n\t\t<\/div>\n\t\t\t\t<div class=\"elementor-column elementor-col-50 elementor-inner-column elementor-element elementor-element-7ec0b0a\" data-id=\"7ec0b0a\" data-element_type=\"column\" data-e-type=\"column\">\n\t\t\t<div class=\"elementor-widget-wrap\">\n\t\t\t\t\t\t\t<\/div>\n\t\t<\/div>\n\t\t\t\t\t<\/div>\n\t\t<\/section>\n\t\t\t\t\t<\/div>\n\t\t<\/div>\n\t\t\t\t\t<\/div>\n\t\t<\/section>\n\t\t\t\t<\/div>\n\t\t","protected":false},"excerpt":{"rendered":"<p>Le changeur de pinces&nbsp;SP12-AC&nbsp;est un syst\u00e8me de changement rapide pour jusqu&rsquo;\u00e0 4 pinces&nbsp;de diff\u00e9rents diam\u00e8tres, r\u00e9duisant consid\u00e9rablement le temps de pr\u00e9paration de la machine. Ce syst\u00e8me \u00e9limine le besoin de r\u00e9alignement lors du changement de type de pince ou de diam\u00e8tre d&rsquo;\u00e9lectrode. Un changement de pince pour une \u00e9lectrode de diam\u00e8tre diff\u00e9rent prend moins de [&hellip;]<\/p>\n","protected":false},"author":1,"featured_media":4369,"parent":4890,"menu_order":0,"comment_status":"closed","ping_status":"closed","template":"","meta":{"footnotes":""},"categories":[74,73],"tags":[75],"class_list":["post-4846","page","type-page","status-publish","has-post-thumbnail","hentry","category-lautomatisation","category-produits","tag-lautomatisation"],"_links":{"self":[{"href":"https:\/\/www.sarix.com\/fr\/wp-json\/wp\/v2\/pages\/4846","targetHints":{"allow":["GET"]}}],"collection":[{"href":"https:\/\/www.sarix.com\/fr\/wp-json\/wp\/v2\/pages"}],"about":[{"href":"https:\/\/www.sarix.com\/fr\/wp-json\/wp\/v2\/types\/page"}],"author":[{"embeddable":true,"href":"https:\/\/www.sarix.com\/fr\/wp-json\/wp\/v2\/users\/1"}],"replies":[{"embeddable":true,"href":"https:\/\/www.sarix.com\/fr\/wp-json\/wp\/v2\/comments?post=4846"}],"version-history":[{"count":2,"href":"https:\/\/www.sarix.com\/fr\/wp-json\/wp\/v2\/pages\/4846\/revisions"}],"predecessor-version":[{"id":4849,"href":"https:\/\/www.sarix.com\/fr\/wp-json\/wp\/v2\/pages\/4846\/revisions\/4849"}],"up":[{"embeddable":true,"href":"https:\/\/www.sarix.com\/fr\/wp-json\/wp\/v2\/pages\/4890"}],"wp:featuredmedia":[{"embeddable":true,"href":"https:\/\/www.sarix.com\/fr\/wp-json\/wp\/v2\/media\/4369"}],"wp:attachment":[{"href":"https:\/\/www.sarix.com\/fr\/wp-json\/wp\/v2\/media?parent=4846"}],"wp:term":[{"taxonomy":"category","embeddable":true,"href":"https:\/\/www.sarix.com\/fr\/wp-json\/wp\/v2\/categories?post=4846"},{"taxonomy":"post_tag","embeddable":true,"href":"https:\/\/www.sarix.com\/fr\/wp-json\/wp\/v2\/tags?post=4846"}],"curies":[{"name":"wp","href":"https:\/\/api.w.org\/{rel}","templated":true}]}}