{"id":4812,"date":"2023-09-12T06:46:29","date_gmt":"2023-09-12T06:46:29","guid":{"rendered":"https:\/\/www.sarix.com\/sarix-service-dassistance-a-la-clientele\/"},"modified":"2026-02-01T01:26:34","modified_gmt":"2026-02-01T01:26:34","slug":"sarix-service-dassistance-a-la-clientele","status":"publish","type":"page","link":"https:\/\/www.sarix.com\/fr\/sarix-service-dassistance-a-la-clientele\/","title":{"rendered":"SARIX Service d&rsquo;assistance \u00e0 la client\u00e8le"},"content":{"rendered":"\t\t<div data-elementor-type=\"wp-page\" data-elementor-id=\"4812\" class=\"elementor elementor-4812 elementor-3158\" data-elementor-post-type=\"page\">\n\t\t\t\t\t\t<section class=\"elementor-section elementor-top-section elementor-element elementor-element-81157c5 elementor-section-boxed elementor-section-height-default elementor-section-height-default\" data-id=\"81157c5\" data-element_type=\"section\" data-e-type=\"section\">\n\t\t\t\t\t\t<div class=\"elementor-container elementor-column-gap-default\">\n\t\t\t\t\t<div class=\"elementor-column elementor-col-100 elementor-top-column elementor-element elementor-element-9249b7b\" data-id=\"9249b7b\" data-element_type=\"column\" data-e-type=\"column\">\n\t\t\t<div class=\"elementor-widget-wrap elementor-element-populated\">\n\t\t\t\t\t\t<section class=\"elementor-section elementor-inner-section elementor-element elementor-element-9879eb3 elementor-section-boxed elementor-section-height-default elementor-section-height-default\" data-id=\"9879eb3\" data-element_type=\"section\" data-e-type=\"section\">\n\t\t\t\t\t\t<div class=\"elementor-container elementor-column-gap-default\">\n\t\t\t\t\t<div class=\"elementor-column elementor-col-50 elementor-inner-column elementor-element elementor-element-8f4ba90\" data-id=\"8f4ba90\" data-element_type=\"column\" data-e-type=\"column\">\n\t\t\t<div class=\"elementor-widget-wrap elementor-element-populated\">\n\t\t\t\t\t\t<div class=\"elementor-element elementor-element-b10bfb7 elementor-invisible elementor-widget elementor-widget-heading\" data-id=\"b10bfb7\" data-element_type=\"widget\" data-e-type=\"widget\" data-settings=\"{&quot;_animation&quot;:&quot;fadeIn&quot;}\" data-widget_type=\"heading.default\">\n\t\t\t\t<div class=\"elementor-widget-container\">\n\t\t\t\t\t<h1 class=\"elementor-heading-title elementor-size-default\"><b><span><span>SARIX&nbsp;<\/span><\/span><span>SUPPORT CLIENT HELPDESK<\/span><\/b><\/h1>\t\t\t\t<\/div>\n\t\t\t\t<\/div>\n\t\t\t\t<div class=\"elementor-element elementor-element-3e4cc96 elementor-invisible elementor-widget elementor-widget-heading\" data-id=\"3e4cc96\" data-element_type=\"widget\" data-e-type=\"widget\" data-settings=\"{&quot;_animation&quot;:&quot;fadeIn&quot;}\" data-widget_type=\"heading.default\">\n\t\t\t\t<div class=\"elementor-widget-container\">\n\t\t\t\t\t<h2 class=\"elementor-heading-title elementor-size-default\"><b><span>Plate-forme de billetterie pour le soutien \u00e0 la client\u00e8le  <\/span><\/b><\/h2>\t\t\t\t<\/div>\n\t\t\t\t<\/div>\n\t\t\t\t<div class=\"elementor-element elementor-element-1e9bcd9 elementor-invisible elementor-widget elementor-widget-text-editor\" data-id=\"1e9bcd9\" data-element_type=\"widget\" data-e-type=\"widget\" data-settings=\"{&quot;_animation&quot;:&quot;fadeIn&quot;}\" data-widget_type=\"text-editor.default\">\n\t\t\t\t<div class=\"elementor-widget-container\">\n\t\t\t\t\t\t\t\t\t<h4 style=\"text-align: left;\"><strong>SUPPORT TICKET APR\u00c8S VENTE<br \/><\/strong><span style=\"color: #ff0000; font-family: 'Segoe UI', sans-serif; font-weight: var( --e-global-typography-text-font-weight ); font-size: 1em;\">\u25cf <\/span> interaction dynamique avec le support machine.<br \/><span style=\"font-size: 1em; color: #ff0000; font-family: 'Segoe UI', sans-serif; font-weight: var( --e-global-typography-text-font-weight );\">\u25cf  <\/span><span style=\"font-size: 1.17em; font-weight: var( --e-global-typography-text-font-weight );\"> <\/span>le suivi et l&rsquo;\u00e9tat de votre propre ticket de support technique<br \/><span style=\"font-size: 1em; color: #ff0000; font-family: 'Segoe UI', sans-serif; font-weight: var( --e-global-typography-text-font-weight );\">\u25cf  <\/span><span style=\"font-size: 1.17em; font-weight: var( --e-global-typography-text-font-weight );\"> <\/span>l&rsquo;historique de votre support d\u00e9di\u00e9 aux tickets<\/h4>\n<h4 style=\"text-align: left;\"><strong>SARIX FAQ &#8211; Questions fr\u00e9quemment pos\u00e9es<br \/><\/strong><span style=\"color: #ff0000; font-family: 'Segoe UI', sans-serif; font-size: 1em; font-weight: var( --e-global-typography-text-font-weight );\">\u25cf<\/span>  <span style=\"font-size: 1.17em; font-weight: var( --e-global-typography-text-font-weight );\"> <\/span><em>des r\u00e9ponses instantan\u00e9es \u00e0 des questions simples sans temps d&rsquo;attente<br \/><\/em><span style=\"color: #ff0000; font-family: 'Segoe UI', sans-serif; font-size: 1em; font-weight: var( --e-global-typography-text-font-weight );\">\u25cf<\/span>  <span style=\"font-size: 1.17em; font-weight: var( --e-global-typography-text-font-weight );\"> <\/span><em>support FAQ connexe<\/em><\/h4>\n<h4 style=\"text-align: left;\"><em><br \/><\/em><strong>FAQ &#8211; Feedbacks<br \/><\/strong><span style=\"color: #ff0000; font-family: 'Segoe UI', sans-serif; font-size: 1em; font-weight: var( --e-global-typography-text-font-weight );\">\u25cf<\/span> <span style=\"font-size: 1.17em; font-weight: var( --e-global-typography-text-font-weight );\"> <\/span>vos <em>commentaires et \u00e9valuations sur les FAQ de SARIX , am\u00e9lioration<\/em><\/h4>\n<h4 style=\"text-align: left;\"><em><br \/><\/em><strong>SARIX WORLWIDE AGENT SUPPORT<br \/><\/strong><span style=\"color: #ff0000; font-family: 'Segoe UI', sans-serif; font-size: 1em; font-weight: var( --e-global-typography-text-font-weight );\">\u25cf<\/span> <span style=\"font-size: 1.17em; font-weight: var( --e-global-typography-text-font-weight );\"> <\/span>dynamic country \/ area local support<\/h4>\n<h4 style=\"text-align: left;\"><strong>SARIX Acc\u00e8s \u00e0 la documentation<br \/><\/strong><span style=\"color: #ff0000; font-family: 'Segoe UI', sans-serif; font-size: 1em; font-weight: var( --e-global-typography-text-font-weight );\">\u25cf<\/span>  <span style=\"font-size: 1.17em; font-weight: var( --e-global-typography-text-font-weight );\"> <\/span><em>acc\u00e8s instantan\u00e9 aux documentations et manuels SARIX les plus importants<br \/><\/em><span style=\"color: #ff0000; font-family: 'Segoe UI', sans-serif; font-size: 1em; font-weight: var( --e-global-typography-text-font-weight );\">\u25cf<\/span>  <span style=\"font-size: 1.17em; font-weight: var( --e-global-typography-text-font-weight );\"> <\/span><em>t\u00e9l\u00e9chargement des mises \u00e0 jour logicielles<\/em><\/h4>\n\t\t\t\t\t\t\t\t<\/div>\n\t\t\t\t<\/div>\n\t\t\t\t<div class=\"elementor-element elementor-element-6034bd4 elementor-invisible elementor-widget elementor-widget-text-editor\" data-id=\"6034bd4\" data-element_type=\"widget\" data-e-type=\"widget\" data-settings=\"{&quot;_animation&quot;:&quot;fadeIn&quot;}\" data-widget_type=\"text-editor.default\">\n\t\t\t\t<div class=\"elementor-widget-container\">\n\t\t\t\t\t\t\t\t\t<h4 style=\"text-align: center;\">et plus encore sur l&rsquo;interaction SARIX pour votre soutien &#8230; veuillez nous contacter <span style=\"color: #3366ff;\"><br \/><a style=\"color: #3366ff;\" href=\"mailto:sales@sarix.com\">contact@sarix.com<\/a><br \/><\/span><\/h4>\t\t\t\t\t\t\t\t<\/div>\n\t\t\t\t<\/div>\n\t\t\t\t\t<\/div>\n\t\t<\/div>\n\t\t\t\t<div class=\"elementor-column elementor-col-50 elementor-inner-column elementor-element elementor-element-64761cd\" data-id=\"64761cd\" data-element_type=\"column\" data-e-type=\"column\">\n\t\t\t<div class=\"elementor-widget-wrap elementor-element-populated\">\n\t\t\t\t\t\t<div class=\"elementor-element elementor-element-e0686d8 elementor-widget elementor-widget-spacer\" data-id=\"e0686d8\" data-element_type=\"widget\" data-e-type=\"widget\" data-widget_type=\"spacer.default\">\n\t\t\t\t<div class=\"elementor-widget-container\">\n\t\t\t\t\t\t\t<div class=\"elementor-spacer\">\n\t\t\t<div class=\"elementor-spacer-inner\"><\/div>\n\t\t<\/div>\n\t\t\t\t\t\t<\/div>\n\t\t\t\t<\/div>\n\t\t\t\t<div class=\"elementor-element elementor-element-7114f07 elementor-widget elementor-widget-image\" data-id=\"7114f07\" data-element_type=\"widget\" data-e-type=\"widget\" data-widget_type=\"image.default\">\n\t\t\t\t<div class=\"elementor-widget-container\">\n\t\t\t\t\t\t\t\t\t\t\t\t\t\t\t<img fetchpriority=\"high\" decoding=\"async\" width=\"300\" height=\"292\" src=\"https:\/\/www.sarix.com\/wp-content\/uploads\/2023\/09\/LOGO_TICKET_DEF-300x292.png\" class=\"attachment-medium size-medium wp-image-4409\" alt=\"\" srcset=\"https:\/\/www.sarix.com\/wp-content\/uploads\/2023\/09\/LOGO_TICKET_DEF-300x292.png 300w, https:\/\/www.sarix.com\/wp-content\/uploads\/2023\/09\/LOGO_TICKET_DEF.png 480w\" sizes=\"(max-width: 300px) 100vw, 300px\" \/>\t\t\t\t\t\t\t\t\t\t\t\t\t\t\t<\/div>\n\t\t\t\t<\/div>\n\t\t\t\t\t<\/div>\n\t\t<\/div>\n\t\t\t\t\t<\/div>\n\t\t<\/section>\n\t\t\t\t\t<\/div>\n\t\t<\/div>\n\t\t\t\t\t<\/div>\n\t\t<\/section>\n\t\t\t\t<section class=\"elementor-section elementor-top-section elementor-element elementor-element-fa97329 elementor-section-boxed elementor-section-height-default elementor-section-height-default\" data-id=\"fa97329\" data-element_type=\"section\" data-e-type=\"section\">\n\t\t\t\t\t\t<div class=\"elementor-container elementor-column-gap-default\">\n\t\t\t\t\t<div class=\"elementor-column elementor-col-100 elementor-top-column elementor-element elementor-element-1c13cc5\" data-id=\"1c13cc5\" data-element_type=\"column\" data-e-type=\"column\">\n\t\t\t<div class=\"elementor-widget-wrap\">\n\t\t\t\t\t\t\t<\/div>\n\t\t<\/div>\n\t\t\t\t\t<\/div>\n\t\t<\/section>\n\t\t\t\t<\/div>\n\t\t","protected":false},"excerpt":{"rendered":"<p>SARIX&nbsp;SUPPORT CLIENT HELPDESK Plate-forme de billetterie pour le soutien \u00e0 la client\u00e8le SUPPORT TICKET APR\u00c8S VENTE\u25cf interaction dynamique avec le support machine.\u25cf le suivi et l&rsquo;\u00e9tat de votre propre ticket de support technique\u25cf l&rsquo;historique de votre support d\u00e9di\u00e9 aux tickets SARIX FAQ &#8211; Questions fr\u00e9quemment pos\u00e9es\u25cf des r\u00e9ponses instantan\u00e9es \u00e0 des questions simples sans temps [&hellip;]<\/p>\n","protected":false},"author":1,"featured_media":0,"parent":0,"menu_order":0,"comment_status":"closed","ping_status":"closed","template":"","meta":{"footnotes":""},"categories":[3],"tags":[],"class_list":["post-4812","page","type-page","status-publish","hentry","category-sarix-content"],"_links":{"self":[{"href":"https:\/\/www.sarix.com\/fr\/wp-json\/wp\/v2\/pages\/4812","targetHints":{"allow":["GET"]}}],"collection":[{"href":"https:\/\/www.sarix.com\/fr\/wp-json\/wp\/v2\/pages"}],"about":[{"href":"https:\/\/www.sarix.com\/fr\/wp-json\/wp\/v2\/types\/page"}],"author":[{"embeddable":true,"href":"https:\/\/www.sarix.com\/fr\/wp-json\/wp\/v2\/users\/1"}],"replies":[{"embeddable":true,"href":"https:\/\/www.sarix.com\/fr\/wp-json\/wp\/v2\/comments?post=4812"}],"version-history":[{"count":5,"href":"https:\/\/www.sarix.com\/fr\/wp-json\/wp\/v2\/pages\/4812\/revisions"}],"predecessor-version":[{"id":15944,"href":"https:\/\/www.sarix.com\/fr\/wp-json\/wp\/v2\/pages\/4812\/revisions\/15944"}],"wp:attachment":[{"href":"https:\/\/www.sarix.com\/fr\/wp-json\/wp\/v2\/media?parent=4812"}],"wp:term":[{"taxonomy":"category","embeddable":true,"href":"https:\/\/www.sarix.com\/fr\/wp-json\/wp\/v2\/categories?post=4812"},{"taxonomy":"post_tag","embeddable":true,"href":"https:\/\/www.sarix.com\/fr\/wp-json\/wp\/v2\/tags?post=4812"}],"curies":[{"name":"wp","href":"https:\/\/api.w.org\/{rel}","templated":true}]}}