{"id":4753,"date":"2023-08-28T19:50:58","date_gmt":"2023-08-28T19:50:58","guid":{"rendered":"https:\/\/www.sarix.com\/automotive\/"},"modified":"2023-12-19T08:19:23","modified_gmt":"2023-12-19T08:19:23","slug":"automotive","status":"publish","type":"page","link":"https:\/\/www.sarix.com\/fr\/applications\/automotive\/","title":{"rendered":"AUTOMOTIVE"},"content":{"rendered":"\t\t<div data-elementor-type=\"wp-page\" data-elementor-id=\"4753\" class=\"elementor elementor-4753 elementor-210\" data-elementor-post-type=\"page\">\n\t\t\t\t\t\t<section class=\"elementor-section elementor-top-section elementor-element elementor-element-61b3cf4 elementor-section-boxed elementor-section-height-default elementor-section-height-default\" data-id=\"61b3cf4\" data-element_type=\"section\" data-e-type=\"section\">\n\t\t\t\t\t\t<div class=\"elementor-container elementor-column-gap-default\">\n\t\t\t\t\t<div class=\"elementor-column elementor-col-100 elementor-top-column elementor-element elementor-element-162b819\" data-id=\"162b819\" data-element_type=\"column\" data-e-type=\"column\">\n\t\t\t<div class=\"elementor-widget-wrap elementor-element-populated\">\n\t\t\t\t\t\t<section class=\"elementor-section elementor-inner-section elementor-element elementor-element-adab720 elementor-section-full_width elementor-section-height-min-height elementor-section-height-default\" data-id=\"adab720\" data-element_type=\"section\" data-e-type=\"section\">\n\t\t\t\t\t\t<div class=\"elementor-container elementor-column-gap-default\">\n\t\t\t\t\t<div class=\"elementor-column elementor-col-50 elementor-inner-column elementor-element elementor-element-9503da5\" data-id=\"9503da5\" data-element_type=\"column\" data-e-type=\"column\">\n\t\t\t<div class=\"elementor-widget-wrap elementor-element-populated\">\n\t\t\t\t\t\t<div class=\"elementor-element elementor-element-7778a89 elementor-invisible elementor-widget elementor-widget-heading\" data-id=\"7778a89\" data-element_type=\"widget\" data-e-type=\"widget\" data-settings=\"{&quot;_animation&quot;:&quot;fadeIn&quot;}\" data-widget_type=\"heading.default\">\n\t\t\t\t<div class=\"elementor-widget-container\">\n\t\t\t\t\t<h2 class=\"elementor-heading-title elementor-size-default\"><b><span>AUTOMOTIVE<\/span><\/b><\/h2>\t\t\t\t<\/div>\n\t\t\t\t<\/div>\n\t\t\t\t<div class=\"elementor-element elementor-element-8fd406d elementor-invisible elementor-widget elementor-widget-heading\" data-id=\"8fd406d\" data-element_type=\"widget\" data-e-type=\"widget\" data-settings=\"{&quot;_animation&quot;:&quot;fadeIn&quot;}\" data-widget_type=\"heading.default\">\n\t\t\t\t<div class=\"elementor-widget-container\">\n\t\t\t\t\t<h3 class=\"elementor-heading-title elementor-size-default\"><b><span>Trous d'injection<\/span><\/b><\/h3>\t\t\t\t<\/div>\n\t\t\t\t<\/div>\n\t\t\t\t<div class=\"elementor-element elementor-element-6033073 elementor-widget__width-initial elementor-widget elementor-widget-image\" data-id=\"6033073\" data-element_type=\"widget\" data-e-type=\"widget\" data-widget_type=\"image.default\">\n\t\t\t\t<div class=\"elementor-widget-container\">\n\t\t\t\t\t\t\t\t\t\t\t\t\t\t\t<img fetchpriority=\"high\" decoding=\"async\" width=\"300\" height=\"300\" src=\"https:\/\/www.sarix.com\/wp-content\/uploads\/2023\/09\/Automotive-Applications_square-300x300.png\" class=\"attachment-medium size-medium wp-image-3954\" alt=\"\" srcset=\"https:\/\/www.sarix.com\/wp-content\/uploads\/2023\/09\/Automotive-Applications_square-300x300.png 300w, https:\/\/www.sarix.com\/wp-content\/uploads\/2023\/09\/Automotive-Applications_square-1024x1024.png 1024w, https:\/\/www.sarix.com\/wp-content\/uploads\/2023\/09\/Automotive-Applications_square-150x150.png 150w, https:\/\/www.sarix.com\/wp-content\/uploads\/2023\/09\/Automotive-Applications_square-768x768.png 768w, https:\/\/www.sarix.com\/wp-content\/uploads\/2023\/09\/Automotive-Applications_square-1536x1536.png 1536w, https:\/\/www.sarix.com\/wp-content\/uploads\/2023\/09\/Automotive-Applications_square-2048x2048.png 2048w, https:\/\/www.sarix.com\/wp-content\/uploads\/2023\/09\/Automotive-Applications_square-100x100.png 100w\" sizes=\"(max-width: 300px) 100vw, 300px\" \/>\t\t\t\t\t\t\t\t\t\t\t\t\t\t\t<\/div>\n\t\t\t\t<\/div>\n\t\t\t\t<div class=\"elementor-element elementor-element-ba2ec6a elementor-widget__width-initial elementor-widget elementor-widget-text-editor\" data-id=\"ba2ec6a\" data-element_type=\"widget\" data-e-type=\"widget\" data-widget_type=\"text-editor.default\">\n\t\t\t\t<div class=\"elementor-widget-container\">\n\t\t\t\t\t\t\t\t\t<\/p>\n<p>Injecteurs<\/p>\n<p>buses<\/p>\n<p>doublures de pulv\u00e9risation  <\/p>\n<p>r\u00e9gulateurs de d\u00e9bit<span style=\"color: var( --e-global-color-text ); font-family: var( --e-global-typography-text-font-family ), Sans-serif; font-weight: var( --e-global-typography-text-font-weight ); font-size: 1em;\"><br \/><\/span><\/p>\n\t\t\t\t\t\t\t\t<\/div>\n\t\t\t\t<\/div>\n\t\t\t\t\t<\/div>\n\t\t<\/div>\n\t\t\t\t<div class=\"elementor-column elementor-col-50 elementor-inner-column elementor-element elementor-element-66f4bf7\" data-id=\"66f4bf7\" data-element_type=\"column\" data-e-type=\"column\">\n\t\t\t<div class=\"elementor-widget-wrap elementor-element-populated\">\n\t\t\t\t\t\t<div class=\"elementor-element elementor-element-92788a9 elementor-widget elementor-widget-spacer\" data-id=\"92788a9\" data-element_type=\"widget\" data-e-type=\"widget\" data-widget_type=\"spacer.default\">\n\t\t\t\t<div class=\"elementor-widget-container\">\n\t\t\t\t\t\t\t<div class=\"elementor-spacer\">\n\t\t\t<div class=\"elementor-spacer-inner\"><\/div>\n\t\t<\/div>\n\t\t\t\t\t\t<\/div>\n\t\t\t\t<\/div>\n\t\t\t\t<div class=\"elementor-element elementor-element-27d831a elementor-invisible elementor-widget elementor-widget-heading\" data-id=\"27d831a\" data-element_type=\"widget\" data-e-type=\"widget\" data-settings=\"{&quot;_animation&quot;:&quot;fadeIn&quot;}\" data-widget_type=\"heading.default\">\n\t\t\t\t<div class=\"elementor-widget-container\">\n\t\t\t\t\t<h3 class=\"elementor-heading-title elementor-size-default\"><b><span> <\/span><\/b>Production de masse de trous de haute pr\u00e9cision<\/h3>\t\t\t\t<\/div>\n\t\t\t\t<\/div>\n\t\t\t\t<div class=\"elementor-element elementor-element-9e02fc5 elementor-widget__width-initial elementor-widget elementor-widget-text-editor\" data-id=\"9e02fc5\" data-element_type=\"widget\" data-e-type=\"widget\" data-widget_type=\"text-editor.default\">\n\t\t\t\t<div class=\"elementor-widget-container\">\n\t\t\t\t\t\t\t\t\t<div> <span style=\"color: var( --e-global-color-text ); font-family: var( --e-global-typography-text-font-family ), Sans-serif; font-weight: var( --e-global-typography-text-font-weight ); font-size: 1em;\"> <\/span><\/div>\n<ul>\n<li>Trou cylindrique parfait avec contr\u00f4le de la rectitude  <\/li>\n<li>Trou conique invers\u00e9 jusqu&rsquo;\u00e0 \u00d8 0,10 mm &#8211; profondeur jusqu&rsquo;\u00e0 1,5 mm  <\/li>\n<li>Buse \u00e0 trous de pulv\u00e9risation multi-angles \u00e0 haute r\u00e9p\u00e9tabilit\u00e9  <\/li>\n<li>Production de masse, haute pr\u00e9cision et capacit\u00e9 de qualit\u00e9<\/li>\n<\/ul>\n\t\t\t\t\t\t\t\t<\/div>\n\t\t\t\t<\/div>\n\t\t\t\t\t<\/div>\n\t\t<\/div>\n\t\t\t\t\t<\/div>\n\t\t<\/section>\n\t\t\t\t\t<\/div>\n\t\t<\/div>\n\t\t\t\t\t<\/div>\n\t\t<\/section>\n\t\t\t\t<section class=\"elementor-section elementor-top-section elementor-element elementor-element-3c9ca4f elementor-section-boxed elementor-section-height-default elementor-section-height-default\" data-id=\"3c9ca4f\" data-element_type=\"section\" data-e-type=\"section\">\n\t\t\t\t\t\t<div class=\"elementor-container elementor-column-gap-default\">\n\t\t\t\t\t<div class=\"elementor-column elementor-col-100 elementor-top-column elementor-element elementor-element-a537ac6 elementor-hidden-mobile\" data-id=\"a537ac6\" data-element_type=\"column\" data-e-type=\"column\">\n\t\t\t<div class=\"elementor-widget-wrap elementor-element-populated\">\n\t\t\t\t\t\t<div class=\"elementor-element elementor-element-fe7593e elementor-widget__width-initial elementor-arrows-position-inside elementor-pagination-position-outside elementor-widget elementor-widget-image-carousel\" data-id=\"fe7593e\" data-element_type=\"widget\" data-e-type=\"widget\" data-settings=\"{&quot;slides_to_show&quot;:&quot;2&quot;,&quot;slides_to_scroll&quot;:&quot;1&quot;,&quot;navigation&quot;:&quot;both&quot;,&quot;autoplay&quot;:&quot;yes&quot;,&quot;pause_on_hover&quot;:&quot;yes&quot;,&quot;pause_on_interaction&quot;:&quot;yes&quot;,&quot;autoplay_speed&quot;:5000,&quot;infinite&quot;:&quot;yes&quot;,&quot;speed&quot;:500}\" data-widget_type=\"image-carousel.default\">\n\t\t\t\t<div class=\"elementor-widget-container\">\n\t\t\t\t\t\t\t<div class=\"elementor-image-carousel-wrapper swiper\" role=\"region\" aria-roledescription=\"carousel\" aria-label=\"Carrousel d\u2019images\" dir=\"ltr\">\n\t\t\t<div class=\"elementor-image-carousel swiper-wrapper\" aria-live=\"off\">\n\t\t\t\t\t\t\t\t<div class=\"swiper-slide\" role=\"group\" aria-roledescription=\"slide\" aria-label=\"1 sur 6\"><a data-elementor-open-lightbox=\"yes\" data-elementor-lightbox-slideshow=\"fe7593e\" data-elementor-lightbox-title=\"Automotive-Applications_perfectsquare\" data-e-action-hash=\"#elementor-action%3Aaction%3Dlightbox%26settings%3DeyJpZCI6NDA0OSwidXJsIjoiaHR0cHM6XC9cL3d3dy5zYXJpeC5jb21cL3dwLWNvbnRlbnRcL3VwbG9hZHNcLzIwMjNcLzA5XC9BdXRvbW90aXZlLUFwcGxpY2F0aW9uc19wZXJmZWN0c3F1YXJlLnBuZyIsInNsaWRlc2hvdyI6ImZlNzU5M2UifQ%3D%3D\" href=\"\/fr\/applications\/\"><figure class=\"swiper-slide-inner\"><img decoding=\"async\" class=\"swiper-slide-image\" src=\"https:\/\/www.sarix.com\/wp-content\/uploads\/2023\/09\/Automotive-Applications_perfectsquare-100x100.png\" alt=\"AUTOMOTIVE\" \/><figcaption class=\"elementor-image-carousel-caption\">AUTOMOTIVE<\/figcaption><\/figure><\/a><\/div><div class=\"swiper-slide\" role=\"group\" aria-roledescription=\"slide\" aria-label=\"2 sur 6\"><a data-elementor-open-lightbox=\"yes\" data-elementor-lightbox-slideshow=\"fe7593e\" data-elementor-lightbox-title=\"MicroMechanics-Applications_perfectsquare\" data-e-action-hash=\"#elementor-action%3Aaction%3Dlightbox%26settings%3DeyJpZCI6NDA3NCwidXJsIjoiaHR0cHM6XC9cL3d3dy5zYXJpeC5jb21cL3dwLWNvbnRlbnRcL3VwbG9hZHNcLzIwMjNcLzA5XC9NaWNyb01lY2hhbmljcy1BcHBsaWNhdGlvbnNfcGVyZmVjdHNxdWFyZS5wbmciLCJzbGlkZXNob3ciOiJmZTc1OTNlIn0%3D\" href=\"\/fr\/applications\/\"><figure class=\"swiper-slide-inner\"><img decoding=\"async\" class=\"swiper-slide-image\" src=\"https:\/\/www.sarix.com\/wp-content\/uploads\/2023\/09\/MicroMechanics-Applications_perfectsquare-100x100.png\" alt=\"MICRO MECHANICS\" \/><figcaption class=\"elementor-image-carousel-caption\">MICRO MECHANICS<\/figcaption><\/figure><\/a><\/div><div class=\"swiper-slide\" role=\"group\" aria-roledescription=\"slide\" aria-label=\"3 sur 6\"><a data-elementor-open-lightbox=\"yes\" data-elementor-lightbox-slideshow=\"fe7593e\" data-elementor-lightbox-title=\"Aerospace-Applications_perfectsquare\" data-e-action-hash=\"#elementor-action%3Aaction%3Dlightbox%26settings%3DeyJpZCI6NDA1NCwidXJsIjoiaHR0cHM6XC9cL3d3dy5zYXJpeC5jb21cL3dwLWNvbnRlbnRcL3VwbG9hZHNcLzIwMjNcLzA5XC9BZXJvc3BhY2UtQXBwbGljYXRpb25zX3BlcmZlY3RzcXVhcmUucG5nIiwic2xpZGVzaG93IjoiZmU3NTkzZSJ9\" href=\"\/fr\/applications\/\"><figure class=\"swiper-slide-inner\"><img decoding=\"async\" class=\"swiper-slide-image\" src=\"https:\/\/www.sarix.com\/wp-content\/uploads\/2023\/09\/Aerospace-Applications_perfectsquare-100x100.png\" alt=\"AEROSPACE\" \/><figcaption class=\"elementor-image-carousel-caption\">AEROSPACE<\/figcaption><\/figure><\/a><\/div><div class=\"swiper-slide\" role=\"group\" aria-roledescription=\"slide\" aria-label=\"4 sur 6\"><a data-elementor-open-lightbox=\"yes\" data-elementor-lightbox-slideshow=\"fe7593e\" data-elementor-lightbox-title=\"MicroMold-Applications_perfectsquare\" data-e-action-hash=\"#elementor-action%3Aaction%3Dlightbox%26settings%3DeyJpZCI6NDA1OSwidXJsIjoiaHR0cHM6XC9cL3d3dy5zYXJpeC5jb21cL3dwLWNvbnRlbnRcL3VwbG9hZHNcLzIwMjNcLzA5XC9NaWNyb01vbGQtQXBwbGljYXRpb25zX3BlcmZlY3RzcXVhcmUucG5nIiwic2xpZGVzaG93IjoiZmU3NTkzZSJ9\" href=\"\/fr\/applications\/\"><figure class=\"swiper-slide-inner\"><img decoding=\"async\" class=\"swiper-slide-image\" src=\"https:\/\/www.sarix.com\/wp-content\/uploads\/2023\/09\/MicroMold-Applications_perfectsquare-100x100.png\" alt=\"MICRO MOLD\" \/><figcaption class=\"elementor-image-carousel-caption\">MICRO MOLD<\/figcaption><\/figure><\/a><\/div><div class=\"swiper-slide\" role=\"group\" aria-roledescription=\"slide\" aria-label=\"5 sur 6\"><a data-elementor-open-lightbox=\"yes\" data-elementor-lightbox-slideshow=\"fe7593e\" data-elementor-lightbox-title=\"Medical-Applications_perfectsquare\" data-e-action-hash=\"#elementor-action%3Aaction%3Dlightbox%26settings%3DeyJpZCI6NDA2NCwidXJsIjoiaHR0cHM6XC9cL3d3dy5zYXJpeC5jb21cL3dwLWNvbnRlbnRcL3VwbG9hZHNcLzIwMjNcLzA5XC9NZWRpY2FsLUFwcGxpY2F0aW9uc19wZXJmZWN0c3F1YXJlLnBuZyIsInNsaWRlc2hvdyI6ImZlNzU5M2UifQ%3D%3D\" href=\"\/fr\/applications\/\"><figure class=\"swiper-slide-inner\"><img decoding=\"async\" class=\"swiper-slide-image\" src=\"https:\/\/www.sarix.com\/wp-content\/uploads\/2023\/09\/Medical-Applications_perfectsquare-100x100.png\" alt=\"MEDICAL\" \/><figcaption class=\"elementor-image-carousel-caption\">MEDICAL<\/figcaption><\/figure><\/a><\/div><div class=\"swiper-slide\" role=\"group\" aria-roledescription=\"slide\" aria-label=\"6 sur 6\"><a data-elementor-open-lightbox=\"yes\" data-elementor-lightbox-slideshow=\"fe7593e\" data-elementor-lightbox-title=\"Textile-Applications_perfectsquare\" data-e-action-hash=\"#elementor-action%3Aaction%3Dlightbox%26settings%3DeyJpZCI6NDA2OSwidXJsIjoiaHR0cHM6XC9cL3d3dy5zYXJpeC5jb21cL3dwLWNvbnRlbnRcL3VwbG9hZHNcLzIwMjNcLzA5XC9UZXh0aWxlLUFwcGxpY2F0aW9uc19wZXJmZWN0c3F1YXJlLnBuZyIsInNsaWRlc2hvdyI6ImZlNzU5M2UifQ%3D%3D\" href=\"\/fr\/applications\/\"><figure class=\"swiper-slide-inner\"><img decoding=\"async\" class=\"swiper-slide-image\" src=\"https:\/\/www.sarix.com\/wp-content\/uploads\/2023\/09\/Textile-Applications_perfectsquare-100x100.png\" alt=\"TEXTILE\" \/><figcaption class=\"elementor-image-carousel-caption\">TEXTILE<\/figcaption><\/figure><\/a><\/div>\t\t\t<\/div>\n\t\t\t\t\t\t\t\t\t\t\t\t<div class=\"elementor-swiper-button elementor-swiper-button-prev\" role=\"button\" tabindex=\"0\">\n\t\t\t\t\t\t<i aria-hidden=\"true\" class=\"eicon-chevron-left\"><\/i>\t\t\t\t\t<\/div>\n\t\t\t\t\t<div class=\"elementor-swiper-button elementor-swiper-button-next\" role=\"button\" tabindex=\"0\">\n\t\t\t\t\t\t<i aria-hidden=\"true\" class=\"eicon-chevron-right\"><\/i>\t\t\t\t\t<\/div>\n\t\t\t\t\n\t\t\t\t\t\t\t\t\t<div class=\"swiper-pagination\"><\/div>\n\t\t\t\t\t\t\t\t\t<\/div>\n\t\t\t\t\t\t<\/div>\n\t\t\t\t<\/div>\n\t\t\t\t\t<\/div>\n\t\t<\/div>\n\t\t\t\t\t<\/div>\n\t\t<\/section>\n\t\t\t\t<\/div>\n\t\t","protected":false},"excerpt":{"rendered":"<p>AUTOMOTIVE Trous d&rsquo;injection Injecteurs buses doublures de pulv\u00e9risation r\u00e9gulateurs de d\u00e9bit Production de masse de trous de haute pr\u00e9cision Trou cylindrique parfait avec contr\u00f4le de la rectitude Trou conique invers\u00e9 jusqu&rsquo;\u00e0 \u00d8 0,10 mm &#8211; profondeur jusqu&rsquo;\u00e0 1,5 mm Buse \u00e0 trous de pulv\u00e9risation multi-angles \u00e0 haute r\u00e9p\u00e9tabilit\u00e9 Production de masse, haute pr\u00e9cision et capacit\u00e9 [&hellip;]<\/p>\n","protected":false},"author":1,"featured_media":0,"parent":4911,"menu_order":0,"comment_status":"closed","ping_status":"closed","template":"","meta":{"footnotes":""},"categories":[59],"tags":[],"class_list":["post-4753","page","type-page","status-publish","hentry","category-marche-des-applications"],"_links":{"self":[{"href":"https:\/\/www.sarix.com\/fr\/wp-json\/wp\/v2\/pages\/4753","targetHints":{"allow":["GET"]}}],"collection":[{"href":"https:\/\/www.sarix.com\/fr\/wp-json\/wp\/v2\/pages"}],"about":[{"href":"https:\/\/www.sarix.com\/fr\/wp-json\/wp\/v2\/types\/page"}],"author":[{"embeddable":true,"href":"https:\/\/www.sarix.com\/fr\/wp-json\/wp\/v2\/users\/1"}],"replies":[{"embeddable":true,"href":"https:\/\/www.sarix.com\/fr\/wp-json\/wp\/v2\/comments?post=4753"}],"version-history":[{"count":4,"href":"https:\/\/www.sarix.com\/fr\/wp-json\/wp\/v2\/pages\/4753\/revisions"}],"predecessor-version":[{"id":5864,"href":"https:\/\/www.sarix.com\/fr\/wp-json\/wp\/v2\/pages\/4753\/revisions\/5864"}],"up":[{"embeddable":true,"href":"https:\/\/www.sarix.com\/fr\/wp-json\/wp\/v2\/pages\/4911"}],"wp:attachment":[{"href":"https:\/\/www.sarix.com\/fr\/wp-json\/wp\/v2\/media?parent=4753"}],"wp:term":[{"taxonomy":"category","embeddable":true,"href":"https:\/\/www.sarix.com\/fr\/wp-json\/wp\/v2\/categories?post=4753"},{"taxonomy":"post_tag","embeddable":true,"href":"https:\/\/www.sarix.com\/fr\/wp-json\/wp\/v2\/tags?post=4753"}],"curies":[{"name":"wp","href":"https:\/\/api.w.org\/{rel}","templated":true}]}}