{"id":15057,"date":"2025-09-03T23:32:59","date_gmt":"2025-09-03T23:32:59","guid":{"rendered":"https:\/\/www.sarix.com\/sarix-technologies\/technologies-de-micro-erosion\/percage-de-trous-etages-sx-shd\/"},"modified":"2025-09-04T03:18:40","modified_gmt":"2025-09-04T03:18:40","slug":"percage-de-trous-etages-sx-shd","status":"publish","type":"page","link":"https:\/\/www.sarix.com\/fr\/sarix-technologies\/technologies-de-micro-erosion\/percage-de-trous-etages-sx-shd\/","title":{"rendered":"Per\u00e7age de trous \u00e9tag\u00e9s &#8211; SX-SHD"},"content":{"rendered":"\t\t<div data-elementor-type=\"wp-page\" data-elementor-id=\"15057\" class=\"elementor elementor-15057 elementor-14983\" data-elementor-post-type=\"page\">\n\t\t\t\t\t\t<section class=\"elementor-section elementor-top-section elementor-element elementor-element-d644a8a elementor-section-boxed elementor-section-height-default elementor-section-height-default\" data-id=\"d644a8a\" data-element_type=\"section\" data-e-type=\"section\">\n\t\t\t\t\t\t<div class=\"elementor-container elementor-column-gap-default\">\n\t\t\t\t\t<div class=\"elementor-column elementor-col-100 elementor-top-column elementor-element elementor-element-817e526\" data-id=\"817e526\" data-element_type=\"column\" data-e-type=\"column\">\n\t\t\t<div class=\"elementor-widget-wrap elementor-element-populated\">\n\t\t\t\t\t\t<div class=\"elementor-element elementor-element-52dc8ea elementor-widget elementor-widget-image\" data-id=\"52dc8ea\" data-element_type=\"widget\" data-e-type=\"widget\" data-widget_type=\"image.default\">\n\t\t\t\t<div class=\"elementor-widget-container\">\n\t\t\t\t\t\t\t\t\t\t\t\t\t\t\t<img fetchpriority=\"high\" decoding=\"async\" width=\"640\" height=\"330\" src=\"https:\/\/www.sarix.com\/wp-content\/uploads\/2025\/09\/DXF-Step-hole-integration-768x396.jpg\" class=\"attachment-medium_large size-medium_large wp-image-14995\" alt=\"\" srcset=\"https:\/\/www.sarix.com\/wp-content\/uploads\/2025\/09\/DXF-Step-hole-integration-768x396.jpg 768w, https:\/\/www.sarix.com\/wp-content\/uploads\/2025\/09\/DXF-Step-hole-integration-300x155.jpg 300w, https:\/\/www.sarix.com\/wp-content\/uploads\/2025\/09\/DXF-Step-hole-integration-1024x527.jpg 1024w, https:\/\/www.sarix.com\/wp-content\/uploads\/2025\/09\/DXF-Step-hole-integration-1536x791.jpg 1536w, https:\/\/www.sarix.com\/wp-content\/uploads\/2025\/09\/DXF-Step-hole-integration.jpg 2000w\" sizes=\"(max-width: 640px) 100vw, 640px\" \/>\t\t\t\t\t\t\t\t\t\t\t\t\t\t\t<\/div>\n\t\t\t\t<\/div>\n\t\t\t\t<section class=\"elementor-section elementor-inner-section elementor-element elementor-element-ca5eda5 elementor-section-boxed elementor-section-height-default elementor-section-height-default\" data-id=\"ca5eda5\" data-element_type=\"section\" data-e-type=\"section\">\n\t\t\t\t\t\t<div class=\"elementor-container elementor-column-gap-default\">\n\t\t\t\t\t<div class=\"elementor-column elementor-col-25 elementor-inner-column elementor-element elementor-element-d40ac93\" data-id=\"d40ac93\" data-element_type=\"column\" data-e-type=\"column\">\n\t\t\t<div class=\"elementor-widget-wrap elementor-element-populated\">\n\t\t\t\t\t\t<div class=\"elementor-element elementor-element-8874c21 elementor-widget elementor-widget-text-editor\" data-id=\"8874c21\" data-element_type=\"widget\" data-e-type=\"widget\" data-widget_type=\"text-editor.default\">\n\t\t\t\t<div class=\"elementor-widget-container\">\n\t\t\t\t\t\t\t\t\t<p style=\"font-size: 16px;\"><span style=\"font-weight: bold;\">Trous \u00e9tag\u00e9s de haute pr\u00e9cision sur la machine SX30.<\/span><\/p>\n\t\t\t\t\t\t\t\t<\/div>\n\t\t\t\t<\/div>\n\t\t\t\t<div class=\"elementor-element elementor-element-8d3c372 elementor-widget elementor-widget-text-editor\" data-id=\"8d3c372\" data-element_type=\"widget\" data-e-type=\"widget\" data-widget_type=\"text-editor.default\">\n\t\t\t\t<div class=\"elementor-widget-container\">\n\t\t\t\t\t\t\t\t\t<p>La <strong data-start=\"119\" data-end=\"135\">machine SX30<\/strong>, \u00e9quip\u00e9e de la nouvelle interface <em data-start=\"159\" data-end=\"166\">de base<\/em> , permet une utilisation intuitive et une s\u00e9lection rapide du mode de per\u00e7age. Il est con\u00e7u pour g\u00e9rer des g\u00e9om\u00e9tries de trous simples et complexes, y compris des trous \u00e9tag\u00e9s et des trous capillaires de haute pr\u00e9cision, tout en optimisant l\u2019efficacit\u00e9 de la production. <\/p>\n\t\t\t\t\t\t\t\t<\/div>\n\t\t\t\t<\/div>\n\t\t\t\t<div class=\"elementor-element elementor-element-cac8bbf elementor-widget elementor-widget-image\" data-id=\"cac8bbf\" data-element_type=\"widget\" data-e-type=\"widget\" data-widget_type=\"image.default\">\n\t\t\t\t<div class=\"elementor-widget-container\">\n\t\t\t\t\t\t\t\t\t\t\t\t\t\t\t<img decoding=\"async\" width=\"169\" height=\"300\" src=\"https:\/\/www.sarix.com\/wp-content\/uploads\/2025\/09\/Basic-Drilling-page-169x300.jpg\" class=\"attachment-medium size-medium wp-image-15008\" alt=\"\" srcset=\"https:\/\/www.sarix.com\/wp-content\/uploads\/2025\/09\/Basic-Drilling-page-169x300.jpg 169w, https:\/\/www.sarix.com\/wp-content\/uploads\/2025\/09\/Basic-Drilling-page-576x1024.jpg 576w, https:\/\/www.sarix.com\/wp-content\/uploads\/2025\/09\/Basic-Drilling-page-768x1365.jpg 768w, https:\/\/www.sarix.com\/wp-content\/uploads\/2025\/09\/Basic-Drilling-page-864x1536.jpg 864w, https:\/\/www.sarix.com\/wp-content\/uploads\/2025\/09\/Basic-Drilling-page.jpg 1080w\" sizes=\"(max-width: 169px) 100vw, 169px\" \/>\t\t\t\t\t\t\t\t\t\t\t\t\t\t\t<\/div>\n\t\t\t\t<\/div>\n\t\t\t\t<div class=\"elementor-element elementor-element-69d2738 elementor-widget elementor-widget-text-editor\" data-id=\"69d2738\" data-element_type=\"widget\" data-e-type=\"widget\" data-widget_type=\"text-editor.default\">\n\t\t\t\t<div class=\"elementor-widget-container\">\n\t\t\t\t\t\t\t\t\t<p>Le logiciel SARIX de base avec <strong data-start=\"92\" data-end=\"116\">fonction d\u2019int\u00e9gration de fichiers DXF Step<\/strong> interpr\u00e8te automatiquement la g\u00e9om\u00e9trie import\u00e9e et g\u00e9n\u00e8re le chemin d\u2019\u00e9lectrode correspondant. Cela garantit que le per\u00e7age est ex\u00e9cut\u00e9 avec pr\u00e9cision sur les diam\u00e8tres d\u00e9finis tout en maintenant un alignement parfait des jonctions entre les diam\u00e8tres. <\/p>\n<p>En \u00e9liminant la n\u00e9cessit\u00e9 d\u2019une programmation manuelle, cette fonction am\u00e9liore la pr\u00e9cision, r\u00e9duit le temps de r\u00e9glage et garantit une qualit\u00e9 d\u2019usinage constante, m\u00eame pour les profil\u00e9s complexes.<\/p>\n\t\t\t\t\t\t\t\t<\/div>\n\t\t\t\t<\/div>\n\t\t\t\t\t<\/div>\n\t\t<\/div>\n\t\t\t\t<div class=\"elementor-column elementor-col-25 elementor-inner-column elementor-element elementor-element-7a82c09\" data-id=\"7a82c09\" data-element_type=\"column\" data-e-type=\"column\">\n\t\t\t<div class=\"elementor-widget-wrap elementor-element-populated\">\n\t\t\t\t\t\t<div class=\"elementor-element elementor-element-5494d49 elementor-widget elementor-widget-text-editor\" data-id=\"5494d49\" data-element_type=\"widget\" data-e-type=\"widget\" data-widget_type=\"text-editor.default\">\n\t\t\t\t<div class=\"elementor-widget-container\">\n\t\t\t\t\t\t\t\t\t<p><b>Trou capillaire de haute pr\u00e9cision<\/b><\/p>\n<p>Les buses pr\u00e9sentent des diam\u00e8tres d\u2019orifice compris entre <strong data-start=\"888\" data-end=\"906\">0,05 et 0,1 mm<\/strong>, ce qui correspond aux exigences de micro-distribution<\/p>\n\t\t\t\t\t\t\t\t<\/div>\n\t\t\t\t<\/div>\n\t\t\t\t<div class=\"elementor-element elementor-element-1a74b59 elementor-widget elementor-widget-text-editor\" data-id=\"1a74b59\" data-element_type=\"widget\" data-e-type=\"widget\" data-widget_type=\"text-editor.default\">\n\t\t\t\t<div class=\"elementor-widget-container\">\n\t\t\t\t\t\t\t\t\t<p style=\"font-size: 16px;\"><span style=\"font-weight: bold;\">Faits et r\u00e9sultats<\/span><\/p>\n\t\t\t\t\t\t\t\t<\/div>\n\t\t\t\t<\/div>\n\t\t\t\t<div class=\"elementor-element elementor-element-d34e05b elementor-widget elementor-widget-image\" data-id=\"d34e05b\" data-element_type=\"widget\" data-e-type=\"widget\" data-widget_type=\"image.default\">\n\t\t\t\t<div class=\"elementor-widget-container\">\n\t\t\t\t\t\t\t\t\t\t\t\t\t\t\t<img decoding=\"async\" width=\"300\" height=\"188\" src=\"https:\/\/www.sarix.com\/wp-content\/uploads\/2025\/09\/IMG_4586-300x188.jpg\" class=\"attachment-medium size-medium wp-image-15043\" alt=\"\" srcset=\"https:\/\/www.sarix.com\/wp-content\/uploads\/2025\/09\/IMG_4586-300x188.jpg 300w, https:\/\/www.sarix.com\/wp-content\/uploads\/2025\/09\/IMG_4586.jpg 640w\" sizes=\"(max-width: 300px) 100vw, 300px\" \/>\t\t\t\t\t\t\t\t\t\t\t\t\t\t\t<\/div>\n\t\t\t\t<\/div>\n\t\t\t\t<div class=\"elementor-element elementor-element-89b730a elementor-widget elementor-widget-text-editor\" data-id=\"89b730a\" data-element_type=\"widget\" data-e-type=\"widget\" data-widget_type=\"text-editor.default\">\n\t\t\t\t<div class=\"elementor-widget-container\">\n\t\t\t\t\t\t\t\t\t<ul>\n<li><span style=\"color: var( --e-global-color-text ); font-family: Roboto, sans-serif; font-size: 1em;\">R\u00e9alisation <strong data-start=\"2298\" data-end=\"2317\">de trous de moins de 50 \u03bcm<\/strong> sans fissures ni bavures.<\/span><\/li>\n<li>Tol\u00e9rance de l\u2019orifice capillaire <strong data-start=\"1361\" data-end=\"1374\">\u00b10,002 mm<\/strong><\/li>\n<li>Rugosit\u00e9 de surface inf\u00e9rieure \u00e0 <strong>Ra 0,15 <\/strong> <\/li>\n<li>Concentricit\u00e9 <strong>\u00e0 0,002 mm<\/strong> pr\u00e8s<\/li>\n<li>Maintien de <strong data-start=\"2359\" data-end=\"2376\">la r\u00e9p\u00e9tabilit\u00e9<\/strong> sur des milliers de buses.<\/li>\n<li>Rapports profondeur\/diam\u00e8tre de trou jusqu\u2019\u00e0 100:1 avec l\u2019appareil <strong>SX-MDH<\/strong><\/li>\n<\/ul>\n\t\t\t\t\t\t\t\t<\/div>\n\t\t\t\t<\/div>\n\t\t\t\t\t<\/div>\n\t\t<\/div>\n\t\t\t\t<div class=\"elementor-column elementor-col-25 elementor-inner-column elementor-element elementor-element-77f0263\" data-id=\"77f0263\" data-element_type=\"column\" data-e-type=\"column\">\n\t\t\t<div class=\"elementor-widget-wrap elementor-element-populated\">\n\t\t\t\t\t\t<div class=\"elementor-element elementor-element-cee5913 elementor-widget elementor-widget-spacer\" data-id=\"cee5913\" data-element_type=\"widget\" data-e-type=\"widget\" data-widget_type=\"spacer.default\">\n\t\t\t\t<div class=\"elementor-widget-container\">\n\t\t\t\t\t\t\t<div class=\"elementor-spacer\">\n\t\t\t<div class=\"elementor-spacer-inner\"><\/div>\n\t\t<\/div>\n\t\t\t\t\t\t<\/div>\n\t\t\t\t<\/div>\n\t\t\t\t<div class=\"elementor-element elementor-element-977448a elementor-widget elementor-widget-text-editor\" data-id=\"977448a\" data-element_type=\"widget\" data-e-type=\"widget\" data-widget_type=\"text-editor.default\">\n\t\t\t\t<div class=\"elementor-widget-container\">\n\t\t\t\t\t\t\t\t\t<p style=\"font-size: 16px;\"><span style=\"font-weight: bold;\">Application sur le march\u00e9  <\/span><\/p>\n\t\t\t\t\t\t\t\t<\/div>\n\t\t\t\t<\/div>\n\t\t\t\t<div class=\"elementor-element elementor-element-3ae8088 elementor-widget elementor-widget-text-editor\" data-id=\"3ae8088\" data-element_type=\"widget\" data-e-type=\"widget\" data-widget_type=\"text-editor.default\">\n\t\t\t\t<div class=\"elementor-widget-container\">\n\t\t\t\t\t\t\t\t\t<ul>\n<li>Fabrication \u00e9lectronique<\/li>\n<li>M\u00e9dical et biotechnologie<\/li>\n<li>Automobile et a\u00e9rospatiale<\/li>\n<li>Optique et photonique<\/li>\n<li>Micro-collage<\/li>\n<li>Distribution d\u2019encre conductive<\/li>\n<\/ul>\n\t\t\t\t\t\t\t\t<\/div>\n\t\t\t\t<\/div>\n\t\t\t\t\t<\/div>\n\t\t<\/div>\n\t\t\t\t<div class=\"elementor-column elementor-col-25 elementor-inner-column elementor-element elementor-element-d39ff5a\" data-id=\"d39ff5a\" data-element_type=\"column\" data-e-type=\"column\">\n\t\t\t<div class=\"elementor-widget-wrap elementor-element-populated\">\n\t\t\t\t\t\t<div class=\"elementor-element elementor-element-8c98a8c elementor-widget elementor-widget-heading\" data-id=\"8c98a8c\" data-element_type=\"widget\" data-e-type=\"widget\" data-widget_type=\"heading.default\">\n\t\t\t\t<div class=\"elementor-widget-container\">\n\t\t\t\t\t<p class=\"elementor-heading-title elementor-size-default\">S\u00c9LECTION DE L'\u00c9CHANTILLON<\/p>\t\t\t\t<\/div>\n\t\t\t\t<\/div>\n\t\t\t\t<div class=\"elementor-element elementor-element-5c4cc00 elementor-widget elementor-widget-image\" data-id=\"5c4cc00\" data-element_type=\"widget\" data-e-type=\"widget\" data-widget_type=\"image.default\">\n\t\t\t\t<div class=\"elementor-widget-container\">\n\t\t\t\t\t\t\t\t\t\t\t\t\t\t\t<img loading=\"lazy\" decoding=\"async\" width=\"300\" height=\"248\" src=\"https:\/\/www.sarix.com\/wp-content\/uploads\/2023\/09\/Tubing-1-300x248.jpg\" class=\"attachment-medium size-medium wp-image-4289\" alt=\"\" srcset=\"https:\/\/www.sarix.com\/wp-content\/uploads\/2023\/09\/Tubing-1-300x248.jpg 300w, https:\/\/www.sarix.com\/wp-content\/uploads\/2023\/09\/Tubing-1.jpg 510w\" sizes=\"(max-width: 300px) 100vw, 300px\" \/>\t\t\t\t\t\t\t\t\t\t\t\t\t\t\t<\/div>\n\t\t\t\t<\/div>\n\t\t\t\t<div class=\"elementor-element elementor-element-9f389a9 elementor-widget elementor-widget-image\" data-id=\"9f389a9\" data-element_type=\"widget\" data-e-type=\"widget\" data-widget_type=\"image.default\">\n\t\t\t\t<div class=\"elementor-widget-container\">\n\t\t\t\t\t\t\t\t\t\t\t\t\t\t\t<img loading=\"lazy\" decoding=\"async\" width=\"150\" height=\"150\" src=\"https:\/\/www.sarix.com\/wp-content\/uploads\/2023\/09\/Medical-components-150x150.jpg\" class=\"attachment-thumbnail size-thumbnail wp-image-4199\" alt=\"\" srcset=\"https:\/\/www.sarix.com\/wp-content\/uploads\/2023\/09\/Medical-components-150x150.jpg 150w, https:\/\/www.sarix.com\/wp-content\/uploads\/2023\/09\/Medical-components-298x300.jpg 298w, https:\/\/www.sarix.com\/wp-content\/uploads\/2023\/09\/Medical-components-1017x1024.jpg 1017w, https:\/\/www.sarix.com\/wp-content\/uploads\/2023\/09\/Medical-components-768x773.jpg 768w, https:\/\/www.sarix.com\/wp-content\/uploads\/2023\/09\/Medical-components-100x100.jpg 100w, https:\/\/www.sarix.com\/wp-content\/uploads\/2023\/09\/Medical-components.jpg 1026w\" sizes=\"(max-width: 150px) 100vw, 150px\" \/>\t\t\t\t\t\t\t\t\t\t\t\t\t\t\t<\/div>\n\t\t\t\t<\/div>\n\t\t\t\t<div class=\"elementor-element elementor-element-09d8c19 elementor-widget__width-auto elementor-widget elementor-widget-text-editor\" data-id=\"09d8c19\" data-element_type=\"widget\" data-e-type=\"widget\" data-widget_type=\"text-editor.default\">\n\t\t\t\t<div class=\"elementor-widget-container\">\n\t\t\t\t\t\t\t\t\t<p><span style=\"font-size: 1em; color: var( --e-global-color-text );\"><b>Nous relevons les d\u00e9fis les plus exigeants en mati\u00e8re de micro-per\u00e7age !<\/b><\/span><\/p>\n<p><b>Contactez-nous pour un essai gratuit !<\/b><\/p>\n\t\t\t\t\t\t\t\t<\/div>\n\t\t\t\t<\/div>\n\t\t\t\t\t<\/div>\n\t\t<\/div>\n\t\t\t\t\t<\/div>\n\t\t<\/section>\n\t\t\t\t\t<\/div>\n\t\t<\/div>\n\t\t\t\t\t<\/div>\n\t\t<\/section>\n\t\t\t\t<section class=\"elementor-section elementor-top-section elementor-element elementor-element-b08bc11 elementor-section-boxed elementor-section-height-default elementor-section-height-default\" data-id=\"b08bc11\" data-element_type=\"section\" data-e-type=\"section\">\n\t\t\t\t\t\t<div class=\"elementor-container elementor-column-gap-default\">\n\t\t\t\t\t<div class=\"elementor-column elementor-col-100 elementor-top-column elementor-element elementor-element-7b89344\" data-id=\"7b89344\" data-element_type=\"column\" data-e-type=\"column\">\n\t\t\t<div class=\"elementor-widget-wrap\">\n\t\t\t\t\t\t\t<\/div>\n\t\t<\/div>\n\t\t\t\t\t<\/div>\n\t\t<\/section>\n\t\t\t\t<\/div>\n\t\t","protected":false},"excerpt":{"rendered":"<p>Trous \u00e9tag\u00e9s de haute pr\u00e9cision sur la machine SX30. La machine SX30, \u00e9quip\u00e9e de la nouvelle interface de base , permet une utilisation intuitive et une s\u00e9lection rapide du mode de per\u00e7age. Il est con\u00e7u pour g\u00e9rer des g\u00e9om\u00e9tries de trous simples et complexes, y compris des trous \u00e9tag\u00e9s et des trous capillaires de haute [&hellip;]<\/p>\n","protected":false},"author":2,"featured_media":14986,"parent":4919,"menu_order":0,"comment_status":"closed","ping_status":"closed","template":"","meta":{"footnotes":""},"categories":[76],"tags":[],"class_list":["post-15057","page","type-page","status-publish","has-post-thumbnail","hentry","category-technologies-fr"],"_links":{"self":[{"href":"https:\/\/www.sarix.com\/fr\/wp-json\/wp\/v2\/pages\/15057","targetHints":{"allow":["GET"]}}],"collection":[{"href":"https:\/\/www.sarix.com\/fr\/wp-json\/wp\/v2\/pages"}],"about":[{"href":"https:\/\/www.sarix.com\/fr\/wp-json\/wp\/v2\/types\/page"}],"author":[{"embeddable":true,"href":"https:\/\/www.sarix.com\/fr\/wp-json\/wp\/v2\/users\/2"}],"replies":[{"embeddable":true,"href":"https:\/\/www.sarix.com\/fr\/wp-json\/wp\/v2\/comments?post=15057"}],"version-history":[{"count":1,"href":"https:\/\/www.sarix.com\/fr\/wp-json\/wp\/v2\/pages\/15057\/revisions"}],"predecessor-version":[{"id":15058,"href":"https:\/\/www.sarix.com\/fr\/wp-json\/wp\/v2\/pages\/15057\/revisions\/15058"}],"up":[{"embeddable":true,"href":"https:\/\/www.sarix.com\/fr\/wp-json\/wp\/v2\/pages\/4919"}],"wp:featuredmedia":[{"embeddable":true,"href":"https:\/\/www.sarix.com\/fr\/wp-json\/wp\/v2\/media\/14986"}],"wp:attachment":[{"href":"https:\/\/www.sarix.com\/fr\/wp-json\/wp\/v2\/media?parent=15057"}],"wp:term":[{"taxonomy":"category","embeddable":true,"href":"https:\/\/www.sarix.com\/fr\/wp-json\/wp\/v2\/categories?post=15057"},{"taxonomy":"post_tag","embeddable":true,"href":"https:\/\/www.sarix.com\/fr\/wp-json\/wp\/v2\/tags?post=15057"}],"curies":[{"name":"wp","href":"https:\/\/api.w.org\/{rel}","templated":true}]}}