{"id":5490,"date":"2023-08-27T13:32:50","date_gmt":"2023-08-27T13:32:50","guid":{"rendered":"https:\/\/www.sarix.com\/sarix-geschichte\/"},"modified":"2023-12-15T09:33:46","modified_gmt":"2023-12-15T09:33:46","slug":"sarix-geschichte","status":"publish","type":"page","link":"https:\/\/www.sarix.com\/de\/kontakt\/sarix-geschichte\/","title":{"rendered":"SARIX-Geschichte"},"content":{"rendered":"\t\t<div data-elementor-type=\"wp-page\" data-elementor-id=\"5490\" class=\"elementor elementor-5490 elementor-89\" data-elementor-post-type=\"page\">\n\t\t\t\t\t\t<section class=\"elementor-section elementor-top-section elementor-element elementor-element-25d29c4 elementor-section-full_width elementor-section-height-default elementor-section-height-default\" data-id=\"25d29c4\" data-element_type=\"section\" data-e-type=\"section\">\n\t\t\t\t\t\t<div class=\"elementor-container elementor-column-gap-default\">\n\t\t\t\t\t<div class=\"elementor-column elementor-col-100 elementor-top-column elementor-element elementor-element-78a3448\" data-id=\"78a3448\" data-element_type=\"column\" data-e-type=\"column\">\n\t\t\t<div class=\"elementor-widget-wrap elementor-element-populated\">\n\t\t\t\t\t\t<div class=\"elementor-element elementor-element-61d8d23 elementor-widget elementor-widget-image\" data-id=\"61d8d23\" data-element_type=\"widget\" data-e-type=\"widget\" data-widget_type=\"image.default\">\n\t\t\t\t<div class=\"elementor-widget-container\">\n\t\t\t\t\t\t\t\t\t\t\t\t\t\t\t<img fetchpriority=\"high\" decoding=\"async\" width=\"2000\" height=\"600\" src=\"https:\/\/www.sarix.com\/wp-content\/uploads\/2023\/08\/Sarix_Contact_wethesarix.jpg\" class=\"attachment-full size-full wp-image-3940\" alt=\"\" srcset=\"https:\/\/www.sarix.com\/wp-content\/uploads\/2023\/08\/Sarix_Contact_wethesarix.jpg 2000w, https:\/\/www.sarix.com\/wp-content\/uploads\/2023\/08\/Sarix_Contact_wethesarix-300x90.jpg 300w, https:\/\/www.sarix.com\/wp-content\/uploads\/2023\/08\/Sarix_Contact_wethesarix-768x230.jpg 768w, https:\/\/www.sarix.com\/wp-content\/uploads\/2023\/08\/Sarix_Contact_wethesarix-1024x307.jpg 1024w, https:\/\/www.sarix.com\/wp-content\/uploads\/2023\/08\/Sarix_Contact_wethesarix-1536x461.jpg 1536w\" sizes=\"(max-width: 2000px) 100vw, 2000px\" \/>\t\t\t\t\t\t\t\t\t\t\t\t\t\t\t<\/div>\n\t\t\t\t<\/div>\n\t\t\t\t\t<\/div>\n\t\t<\/div>\n\t\t\t\t\t<\/div>\n\t\t<\/section>\n\t\t\t\t<section class=\"elementor-section elementor-top-section elementor-element elementor-element-106a6d2 elementor-section-boxed elementor-section-height-default elementor-section-height-default elementor-invisible\" data-id=\"106a6d2\" data-element_type=\"section\" data-e-type=\"section\" data-settings=\"{&quot;animation&quot;:&quot;fadeIn&quot;}\">\n\t\t\t\t\t\t<div class=\"elementor-container elementor-column-gap-default\">\n\t\t\t\t\t<div class=\"elementor-column elementor-col-100 elementor-top-column elementor-element elementor-element-43851e5\" data-id=\"43851e5\" data-element_type=\"column\" data-e-type=\"column\">\n\t\t\t<div class=\"elementor-widget-wrap elementor-element-populated\">\n\t\t\t\t\t\t<section class=\"elementor-section elementor-inner-section elementor-element elementor-element-26db7b0 elementor-section-full_width elementor-section-height-default elementor-section-height-default\" data-id=\"26db7b0\" data-element_type=\"section\" data-e-type=\"section\">\n\t\t\t\t\t\t<div class=\"elementor-container elementor-column-gap-default\">\n\t\t\t\t\t<div class=\"elementor-column elementor-col-50 elementor-inner-column elementor-element elementor-element-ae59bed\" data-id=\"ae59bed\" data-element_type=\"column\" data-e-type=\"column\">\n\t\t\t<div class=\"elementor-widget-wrap elementor-element-populated\">\n\t\t\t\t\t\t<div class=\"elementor-element elementor-element-abd985a elementor-widget elementor-widget-heading\" data-id=\"abd985a\" data-element_type=\"widget\" data-e-type=\"widget\" data-widget_type=\"heading.default\">\n\t\t\t\t<div class=\"elementor-widget-container\">\n\t\t\t\t\t<h2 class=\"elementor-heading-title elementor-size-default\">MIKROEROSIONSTECHNIK<\/h2>\t\t\t\t<\/div>\n\t\t\t\t<\/div>\n\t\t\t\t\t<\/div>\n\t\t<\/div>\n\t\t\t\t<div class=\"elementor-column elementor-col-50 elementor-inner-column elementor-element elementor-element-f422e18\" data-id=\"f422e18\" data-element_type=\"column\" data-e-type=\"column\">\n\t\t\t<div class=\"elementor-widget-wrap elementor-element-populated\">\n\t\t\t\t\t\t<div class=\"elementor-element elementor-element-2efc012 elementor-widget elementor-widget-text-editor\" data-id=\"2efc012\" data-element_type=\"widget\" data-e-type=\"widget\" data-widget_type=\"text-editor.default\">\n\t\t\t\t<div class=\"elementor-widget-container\">\n\t\t\t\t\t\t\t\t\tEs wurde festgestellt, dass trotz der verschiedenen Versuche der f\u00fchrenden Hersteller von Funkenerosionsmaschinen niemand in der Lage war, die wachsende Nachfrage nach einer Funkenerosionsmaschine zur Herstellung sehr kleiner Merkmale und L\u00f6cher zu befriedigen.\nDie Firma SARIX SA wurde 1993 mit dem Ziel gegr\u00fcndet, diese Nachfrage nach EDM-Maschinen f\u00fcr die Anwendung von Mikro-Erosion und Mikro-L\u00f6chern zu befriedigen.\n\nSARIX wurde von zwei Ingenieuren, Herrn E. Salim und Herrn G. Rigamonti, gegr\u00fcndet, die zusammen \u00fcber eine gro\u00dfe Erfahrung in der Anwendung und Entwicklung des EDM-Verfahrens verf\u00fcgen.\n\nEs wurde mit Risikokapital von einer hundertprozentigen Tochtergesellschaft der Gotthard Bank (Schweizer Bank der Sumitomo-Gruppe) und der Beteiligung einer Gruppe von Industriellen aus der Elektronikbranche gegr\u00fcndet.\n\nVor der Gr\u00fcndung von SARIX wurde die Bearbeitung von Mikrol\u00f6chern immer auf Standard-Erodiermaschinen oder auf Maschinen, die von der Norm abgeleitet waren, versucht, wobei traditionelle Erodiertechnologien verwendet wurden.\n\nDie Gr\u00fcnder von SARIX haben eine neue Maschine f\u00fcr die Mikro-Erosion entwickelt und gebaut. Diese Maschine verwendet eine neue Technologie, die speziell f\u00fcr diese Art von Anwendung entwickelt wurde.\nDieser neue Ansatz umfasst die Integration von Impulsen, die direkt auf der Arbeitsstelle erzeugt werden, die Verwendung von patentierten Hochfrequenzimpulsen sowie eine neue Methode zur Regulierung der Impulse und digitale Kontrollen. Die Entwicklung dieses Systems und der dazugeh\u00f6rigen Technologie hat bemerkenswerte Anstrengungen und den vollen Einsatz der beteiligten Ingenieure erfordert.\t\t\t\t\t\t\t\t<\/div>\n\t\t\t\t<\/div>\n\t\t\t\t\t<\/div>\n\t\t<\/div>\n\t\t\t\t\t<\/div>\n\t\t<\/section>\n\t\t\t\t\t<\/div>\n\t\t<\/div>\n\t\t\t\t\t<\/div>\n\t\t<\/section>\n\t\t\t\t<section class=\"elementor-section elementor-top-section elementor-element elementor-element-082deb0 elementor-section-boxed elementor-section-height-default elementor-section-height-default elementor-invisible\" data-id=\"082deb0\" data-element_type=\"section\" data-e-type=\"section\" data-settings=\"{&quot;animation&quot;:&quot;fadeIn&quot;}\">\n\t\t\t\t\t\t<div class=\"elementor-container elementor-column-gap-default\">\n\t\t\t\t\t<div class=\"elementor-column elementor-col-100 elementor-top-column elementor-element elementor-element-2b1e14b\" data-id=\"2b1e14b\" data-element_type=\"column\" data-e-type=\"column\">\n\t\t\t<div class=\"elementor-widget-wrap elementor-element-populated\">\n\t\t\t\t\t\t<section class=\"elementor-section elementor-inner-section elementor-element elementor-element-8bdb435 elementor-section-boxed elementor-section-height-default elementor-section-height-default\" data-id=\"8bdb435\" data-element_type=\"section\" data-e-type=\"section\">\n\t\t\t\t\t\t<div class=\"elementor-container elementor-column-gap-default\">\n\t\t\t\t\t<div class=\"elementor-column elementor-col-50 elementor-inner-column elementor-element elementor-element-bec0e63\" data-id=\"bec0e63\" data-element_type=\"column\" data-e-type=\"column\">\n\t\t\t<div class=\"elementor-widget-wrap elementor-element-populated\">\n\t\t\t\t\t\t<div class=\"elementor-element elementor-element-37109c0 elementor-widget elementor-widget-heading\" data-id=\"37109c0\" data-element_type=\"widget\" data-e-type=\"widget\" data-widget_type=\"heading.default\">\n\t\t\t\t<div class=\"elementor-widget-container\">\n\t\t\t\t\t<h2 class=\"elementor-heading-title elementor-size-default\">DIE ANWENDUNG  <br>DER  <br>SARIX  <br>TECHNOLOGIE<\/h2>\t\t\t\t<\/div>\n\t\t\t\t<\/div>\n\t\t\t\t\t<\/div>\n\t\t<\/div>\n\t\t\t\t<div class=\"elementor-column elementor-col-50 elementor-inner-column elementor-element elementor-element-b072987\" data-id=\"b072987\" data-element_type=\"column\" data-e-type=\"column\">\n\t\t\t<div class=\"elementor-widget-wrap elementor-element-populated\">\n\t\t\t\t\t\t<div class=\"elementor-element elementor-element-0a7b6b1 elementor-widget elementor-widget-text-editor\" data-id=\"0a7b6b1\" data-element_type=\"widget\" data-e-type=\"widget\" data-widget_type=\"text-editor.default\">\n\t\t\t\t<div class=\"elementor-widget-container\">\n\t\t\t\t\t\t\t\t\t<p>Seit ihrem ersten Erscheinen auf dem Markt auf der EMO-Messe 1995 in Mailand hat die SARIX-Technologie gro\u00dfes Interesse in vielen Anwendungsbereichen geweckt, einige davon sind:<\/p>\n<ul>\n<li>Einspritzd\u00fcsen sowohl f\u00fcr Diesel- als auch f\u00fcr Benzinmotoren<\/li>\n<li>die feinmechanische Industrie<\/li>\n<li>die Uhrenindustrie<\/li>\n<li>die Textilindustrie (Spinnarette und D\u00fcsen)<\/li>\n<li>die Elektronikindustrie<\/li>\n<li>die medizinische Industrie<\/li>\n<li>aeronautics<\/li>\n<\/ul>\n<p>Um diesen verschiedenen Marktanforderungen gerecht zu werden, hat SARIX eine Reihe von Maschinen mit unterschiedlichen Pr\u00e4zisionsstandards entwickelt, die f\u00fcr die Mikrobearbeitung und die Herstellung von Mikrobohrungen geeignet sind. Diese Maschinen sind die perfekte Antwort auf die neuen Marktanforderungen hinsichtlich Miniaturisierung und Pr\u00e4zision.<\/p>\n<p>Der Markt f\u00fcr Einspritzd\u00fcsen erkannte zwar die Vorteile des SARIX-Verfahrens, brauchte aber eine L\u00f6sung, um die st\u00e4ndig wachsende Nachfrage nach seinen Produkten befriedigen zu k\u00f6nnen.<br \/>Um diese Nachfrage zu befriedigen, ist SARIX eine Partnerschaft mit der Firma Posalux SA in Biel (Schweiz) eingegangen. Dieses etablierte Unternehmen hat einen langj\u00e4hrigen Ruf im Bereich der Automobil- und Maschinenbauindustrie.<\/p>\n<p>Die Verbindung zwischen den beiden Unternehmen f\u00fchrte zur Produktion der MICROFOR-HP4-EDM-Maschine durch Posalux. Diese Maschine wurde von der Automobilindustrie begeistert aufgenommen, was wiederum zu einer beachtlichen Anzahl von Auftr\u00e4gen von einigen der gr\u00f6\u00dften Unternehmen der Welt (Lucas, Stanadyne usw.) gef\u00fchrt hat.<\/p>\n<p>SARIX hat sich inzwischen auf dem schweizerischen und europ\u00e4ischen Markt etabliert und ist derzeit auch im Rest der Welt erfolgreich. So sind Maschinen in Japan, Korea, Singapur und den USA installiert, wo Vertreter f\u00fcr die Betreuung dieser Installationen ernannt wurden.<\/p>\n\t\t\t\t\t\t\t\t<\/div>\n\t\t\t\t<\/div>\n\t\t\t\t\t<\/div>\n\t\t<\/div>\n\t\t\t\t\t<\/div>\n\t\t<\/section>\n\t\t\t\t\t<\/div>\n\t\t<\/div>\n\t\t\t\t\t<\/div>\n\t\t<\/section>\n\t\t\t\t<section class=\"elementor-section elementor-top-section elementor-element elementor-element-c039024 elementor-section-boxed elementor-section-height-default elementor-section-height-default elementor-invisible\" data-id=\"c039024\" data-element_type=\"section\" data-e-type=\"section\" data-settings=\"{&quot;animation&quot;:&quot;fadeIn&quot;}\">\n\t\t\t\t\t\t<div class=\"elementor-container elementor-column-gap-default\">\n\t\t\t\t\t<div class=\"elementor-column elementor-col-100 elementor-top-column elementor-element elementor-element-5306e18\" data-id=\"5306e18\" data-element_type=\"column\" data-e-type=\"column\">\n\t\t\t<div class=\"elementor-widget-wrap elementor-element-populated\">\n\t\t\t\t\t\t<section class=\"elementor-section elementor-inner-section elementor-element elementor-element-c90c90b elementor-section-boxed elementor-section-height-default elementor-section-height-default\" data-id=\"c90c90b\" data-element_type=\"section\" data-e-type=\"section\">\n\t\t\t\t\t\t<div class=\"elementor-container elementor-column-gap-default\">\n\t\t\t\t\t<div class=\"elementor-column elementor-col-50 elementor-inner-column elementor-element elementor-element-26de9f7\" data-id=\"26de9f7\" data-element_type=\"column\" data-e-type=\"column\">\n\t\t\t<div class=\"elementor-widget-wrap elementor-element-populated\">\n\t\t\t\t\t\t<div class=\"elementor-element elementor-element-6532f91 elementor-widget elementor-widget-heading\" data-id=\"6532f91\" data-element_type=\"widget\" data-e-type=\"widget\" data-widget_type=\"heading.default\">\n\t\t\t\t<div class=\"elementor-widget-container\">\n\t\t\t\t\t<h2 class=\"elementor-heading-title elementor-size-default\">DAS HANDELN  <br>ORGANISATION<\/h2>\t\t\t\t<\/div>\n\t\t\t\t<\/div>\n\t\t\t\t\t<\/div>\n\t\t<\/div>\n\t\t\t\t<div class=\"elementor-column elementor-col-50 elementor-inner-column elementor-element elementor-element-54e21a2\" data-id=\"54e21a2\" data-element_type=\"column\" data-e-type=\"column\">\n\t\t\t<div class=\"elementor-widget-wrap elementor-element-populated\">\n\t\t\t\t\t\t<div class=\"elementor-element elementor-element-e9a9d5b elementor-widget elementor-widget-text-editor\" data-id=\"e9a9d5b\" data-element_type=\"widget\" data-e-type=\"widget\" data-widget_type=\"text-editor.default\">\n\t\t\t\t<div class=\"elementor-widget-container\">\n\t\t\t\t\t\t\t\t\t<p>Sarix &#8222;Einzelmaschinen&#8220;, Spezialprodukte und Neuentwicklungen werden entweder direkt von SARIX oder, wie in bestimmten M\u00e4rkten, von Vertretern betreut, die sorgf\u00e4ltig ausgew\u00e4hlt und ernannt wurden, nachdem sie den Nachweis erbracht haben, dass sie in der Lage sind, die Anwendungen f\u00fcr die Maschine zu identifizieren, das Produkt als L\u00f6sung f\u00fcr das jeweilige Produktionsproblem zu pr\u00e4sentieren und alle Kundendienstaktivit\u00e4ten umfassend zu unterst\u00fctzen.<\/p>\n<p>Die Anwendung und der Verkauf der SARIX-Technologie f\u00fcr die Herstellung von Einspritzd\u00fcsen f\u00fcr die Automobilindustrie wird von Posalux, dem Partner in diesem Bereich, \u00fcbernommen.<\/p>\n\t\t\t\t\t\t\t\t<\/div>\n\t\t\t\t<\/div>\n\t\t\t\t\t<\/div>\n\t\t<\/div>\n\t\t\t\t\t<\/div>\n\t\t<\/section>\n\t\t\t\t\t<\/div>\n\t\t<\/div>\n\t\t\t\t\t<\/div>\n\t\t<\/section>\n\t\t\t\t<section class=\"elementor-section elementor-top-section elementor-element elementor-element-03fa70e elementor-section-boxed elementor-section-height-default elementor-section-height-default elementor-invisible\" data-id=\"03fa70e\" data-element_type=\"section\" data-e-type=\"section\" data-settings=\"{&quot;animation&quot;:&quot;fadeIn&quot;}\">\n\t\t\t\t\t\t<div class=\"elementor-container elementor-column-gap-default\">\n\t\t\t\t\t<div class=\"elementor-column elementor-col-100 elementor-top-column elementor-element elementor-element-80bf6d5\" data-id=\"80bf6d5\" data-element_type=\"column\" data-e-type=\"column\">\n\t\t\t<div class=\"elementor-widget-wrap elementor-element-populated\">\n\t\t\t\t\t\t<section class=\"elementor-section elementor-inner-section elementor-element elementor-element-01e59d0 elementor-section-boxed elementor-section-height-default elementor-section-height-default\" data-id=\"01e59d0\" data-element_type=\"section\" data-e-type=\"section\">\n\t\t\t\t\t\t<div class=\"elementor-container elementor-column-gap-default\">\n\t\t\t\t\t<div class=\"elementor-column elementor-col-50 elementor-inner-column elementor-element elementor-element-4977919\" data-id=\"4977919\" data-element_type=\"column\" data-e-type=\"column\">\n\t\t\t<div class=\"elementor-widget-wrap elementor-element-populated\">\n\t\t\t\t\t\t<div class=\"elementor-element elementor-element-d061c93 elementor-widget elementor-widget-heading\" data-id=\"d061c93\" data-element_type=\"widget\" data-e-type=\"widget\" data-widget_type=\"heading.default\">\n\t\t\t\t<div class=\"elementor-widget-container\">\n\t\t\t\t\t<h2 class=\"elementor-heading-title elementor-size-default\">FINANZEN  <br>STATUS<\/h2>\t\t\t\t<\/div>\n\t\t\t\t<\/div>\n\t\t\t\t\t<\/div>\n\t\t<\/div>\n\t\t\t\t<div class=\"elementor-column elementor-col-50 elementor-inner-column elementor-element elementor-element-9fb22a0\" data-id=\"9fb22a0\" data-element_type=\"column\" data-e-type=\"column\">\n\t\t\t<div class=\"elementor-widget-wrap elementor-element-populated\">\n\t\t\t\t\t\t<div class=\"elementor-element elementor-element-497de23 elementor-widget elementor-widget-text-editor\" data-id=\"497de23\" data-element_type=\"widget\" data-e-type=\"widget\" data-widget_type=\"text-editor.default\">\n\t\t\t\t<div class=\"elementor-widget-container\">\n\t\t\t\t\t\t\t\t\t<p>Wie bereits erw\u00e4hnt, wurde die Firma SARIX SA mit Hilfe von &#8222;Risikokapital&#8220; gegr\u00fcndet, was durch die Unterst\u00fctzung der Tochtergesellschaft der Gotthard Bank erm\u00f6glicht wurde. Es ist davon auszugehen, dass es auf absehbare Zeit Anteilseigner bleiben wird.<\/p>\n<p>Im Laufe des Jahres 1997 wurde das Kapital des Unternehmens von SFR aufgenommen. 500&#8217;000.-an SFR. 1&#8217;400&#8217;000.-. Um den st\u00e4ndig wachsenden Anforderungen des Marktes gerecht zu werden, wurde eine neue Gesch\u00e4ftsbeziehung mit der Tessiner Staatsbank aufgebaut.<\/p>\n<p>SARIX rechnet auch damit, von einer Garantie zu profitieren, die von der speziellen Genossenschaft des Kantons Tessin f\u00fcr die Entwicklung innovativer Technologien gew\u00e4hrt wird.<br \/>Aufgrund der rasanten Entwicklung der Marktverhandlungen von SARIX sind sie im Begriff, diese Garantie zu erh\u00f6hen.<br \/>Das Unternehmen SARIX SA geh\u00f6rt zur Hochtechnologiebranche und wird vom Kanton Tessin unterst\u00fctzt, der sich \u00fcber sein Amt f\u00fcr Wirtschaftsf\u00f6rderung an der Finanzierung der technischen Entwicklungen des Unternehmens beteiligt hat.<\/p>\n\t\t\t\t\t\t\t\t<\/div>\n\t\t\t\t<\/div>\n\t\t\t\t\t<\/div>\n\t\t<\/div>\n\t\t\t\t\t<\/div>\n\t\t<\/section>\n\t\t\t\t\t<\/div>\n\t\t<\/div>\n\t\t\t\t\t<\/div>\n\t\t<\/section>\n\t\t\t\t<section class=\"elementor-section elementor-top-section elementor-element elementor-element-010f6d0 elementor-section-boxed elementor-section-height-default elementor-section-height-default elementor-invisible\" data-id=\"010f6d0\" data-element_type=\"section\" data-e-type=\"section\" data-settings=\"{&quot;animation&quot;:&quot;fadeIn&quot;}\">\n\t\t\t\t\t\t<div class=\"elementor-container elementor-column-gap-default\">\n\t\t\t\t\t<div class=\"elementor-column elementor-col-100 elementor-top-column elementor-element elementor-element-b5c88c0\" data-id=\"b5c88c0\" data-element_type=\"column\" data-e-type=\"column\">\n\t\t\t<div class=\"elementor-widget-wrap elementor-element-populated\">\n\t\t\t\t\t\t<section class=\"elementor-section elementor-inner-section elementor-element elementor-element-59ef4dd elementor-section-boxed elementor-section-height-default elementor-section-height-default\" data-id=\"59ef4dd\" data-element_type=\"section\" data-e-type=\"section\">\n\t\t\t\t\t\t<div class=\"elementor-container elementor-column-gap-default\">\n\t\t\t\t\t<div class=\"elementor-column elementor-col-50 elementor-inner-column elementor-element elementor-element-871f4cd\" data-id=\"871f4cd\" data-element_type=\"column\" data-e-type=\"column\">\n\t\t\t<div class=\"elementor-widget-wrap elementor-element-populated\">\n\t\t\t\t\t\t<div class=\"elementor-element elementor-element-4e961f2 elementor-widget elementor-widget-heading\" data-id=\"4e961f2\" data-element_type=\"widget\" data-e-type=\"widget\" data-widget_type=\"heading.default\">\n\t\t\t\t<div class=\"elementor-widget-container\">\n\t\t\t\t\t<h2 class=\"elementor-heading-title elementor-size-default\">ZUKUNFT  <br>ZIELE<\/h2>\t\t\t\t<\/div>\n\t\t\t\t<\/div>\n\t\t\t\t\t<\/div>\n\t\t<\/div>\n\t\t\t\t<div class=\"elementor-column elementor-col-50 elementor-inner-column elementor-element elementor-element-a7bfb6d\" data-id=\"a7bfb6d\" data-element_type=\"column\" data-e-type=\"column\">\n\t\t\t<div class=\"elementor-widget-wrap elementor-element-populated\">\n\t\t\t\t\t\t<div class=\"elementor-element elementor-element-345762f elementor-widget elementor-widget-text-editor\" data-id=\"345762f\" data-element_type=\"widget\" data-e-type=\"widget\" data-widget_type=\"text-editor.default\">\n\t\t\t\t<div class=\"elementor-widget-container\">\n\t\t\t\t\t\t\t\t\t<p>Nachdem sich SARIX auf dem Markt etabliert hat und sowohl von den Aktion\u00e4ren als auch von den Geldgebern unterst\u00fctzt wird, unternimmt das Unternehmen gro\u00dfe Anstrengungen, um sowohl seine Produktionsanlagen als auch &#8211; was noch wichtiger ist &#8211; den Kundendienst weiter zu verbessern.<\/p>\n<p>Die Entwicklungsabteilung wird ebenfalls \u00fcberpr\u00fcft mit dem Ziel, ihre Gr\u00f6\u00dfe und Effizienz zu erh\u00f6hen, damit sie schneller reagieren kann, wenn sie gebeten wird, bei der L\u00f6sung von Problemen im Zusammenhang mit Kundenantr\u00e4gen zu helfen. Besonderes Augenmerk wird auf die Bereiche Medizin, Optik und Automobil sowie die Luftfahrtindustrie gelegt.<\/p>\n<p>In den letzten drei Jahren hat sich der Umsatz des Unternehmens jedes Jahr verdoppelt, und unser Ziel ist es, dies fortzusetzen. Im Jahr 1999 hat SARIX auch seine Oberfl\u00e4che verdoppelt.<br \/>Das Team von SARIX ist stetig gewachsen und besteht derzeit aus 30 hochqualifizierten Mitarbeitern.<\/p>\n<p>Durch die Konsolidierung der Produktionskapazit\u00e4ten und der Entwicklungsabteilung kann SARIX sowohl neue Anwendungen entwickeln als auch seinen bestehenden und neuen Kunden geeignete Unterst\u00fctzung bieten. SARIX wird seine f\u00fchrende Position auf dem Gebiet der Mikroerosion und der Mikrol\u00f6cher beibehalten.<\/p>\n<p>Wir, die Firma SARIX, haben die Anwendung der Funkenerosion &#8222;Micro-erosion&#8220; f\u00fcr sehr feine Bearbeitungen wirtschaftlich attraktiv und vorteilhaft gemacht, in einer Art und Weise, die bisher mit konventionellen Funkenerosionssystemen nicht m\u00f6glich war, die in diesem Anwendungsbereich sehr teuer und nicht wettbewerbsf\u00e4hig sind. Heutzutage sind gro\u00dfe, kostspielige, unflexible und schwerf\u00e4llige Ger\u00e4te nicht mehr notwendig.<\/p>\n<p>Wir, die Firma SARIX, haben die Micro-EDM-Technologie an die Anforderungen der Mikrobearbeitung angepasst. Wie Sie sind auch wir der Meinung, dass f\u00fcr kleine Pr\u00e4zisionsarbeiten nur kleine Maschinen notwendig sind, klein in den Kosten und Abmessungen, aber gro\u00df und vielseitig in ihrem Nutzen. Dies haben wir dank des Einsatzes der richtigen Technologie erreicht.<\/p>\n\t\t\t\t\t\t\t\t<\/div>\n\t\t\t\t<\/div>\n\t\t\t\t<div class=\"elementor-element elementor-element-e327c76 elementor-widget elementor-widget-image\" data-id=\"e327c76\" data-element_type=\"widget\" data-e-type=\"widget\" data-widget_type=\"image.default\">\n\t\t\t\t<div class=\"elementor-widget-container\">\n\t\t\t\t\t\t\t\t\t\t\t\t\t\t\t<img decoding=\"async\" width=\"2560\" height=\"767\" src=\"https:\/\/www.sarix.com\/wp-content\/uploads\/2023\/09\/Sarix-building-scaled.jpg\" class=\"attachment-full size-full wp-image-4415\" alt=\"\" srcset=\"https:\/\/www.sarix.com\/wp-content\/uploads\/2023\/09\/Sarix-building-scaled.jpg 2560w, https:\/\/www.sarix.com\/wp-content\/uploads\/2023\/09\/Sarix-building-2048x613.jpg 2048w, https:\/\/www.sarix.com\/wp-content\/uploads\/2023\/09\/Sarix-building-300x90.jpg 300w, https:\/\/www.sarix.com\/wp-content\/uploads\/2023\/09\/Sarix-building-768x230.jpg 768w, https:\/\/www.sarix.com\/wp-content\/uploads\/2023\/09\/Sarix-building-1024x307.jpg 1024w, https:\/\/www.sarix.com\/wp-content\/uploads\/2023\/09\/Sarix-building-1536x460.jpg 1536w\" sizes=\"(max-width: 2560px) 100vw, 2560px\" \/>\t\t\t\t\t\t\t\t\t\t\t\t\t\t\t<\/div>\n\t\t\t\t<\/div>\n\t\t\t\t\t<\/div>\n\t\t<\/div>\n\t\t\t\t\t<\/div>\n\t\t<\/section>\n\t\t\t\t\t<\/div>\n\t\t<\/div>\n\t\t\t\t\t<\/div>\n\t\t<\/section>\n\t\t\t\t<\/div>\n\t\t","protected":false},"excerpt":{"rendered":"<p>MIKROEROSIONSTECHNIK Es wurde festgestellt, dass trotz der verschiedenen Versuche der f\u00fchrenden Hersteller von Funkenerosionsmaschinen niemand in der Lage war, die wachsende Nachfrage nach einer Funkenerosionsmaschine zur Herstellung sehr kleiner Merkmale und L\u00f6cher zu befriedigen. Die Firma SARIX SA wurde 1993 mit dem Ziel gegr\u00fcndet, diese Nachfrage nach EDM-Maschinen f\u00fcr die Anwendung von Mikro-Erosion und Mikro-L\u00f6chern [&hellip;]<\/p>\n","protected":false},"author":1,"featured_media":0,"parent":6574,"menu_order":0,"comment_status":"closed","ping_status":"closed","template":"","meta":{"footnotes":""},"categories":[50],"tags":[],"class_list":["post-5490","page","type-page","status-publish","hentry","category-sarix-inhalt"],"_links":{"self":[{"href":"https:\/\/www.sarix.com\/de\/wp-json\/wp\/v2\/pages\/5490","targetHints":{"allow":["GET"]}}],"collection":[{"href":"https:\/\/www.sarix.com\/de\/wp-json\/wp\/v2\/pages"}],"about":[{"href":"https:\/\/www.sarix.com\/de\/wp-json\/wp\/v2\/types\/page"}],"author":[{"embeddable":true,"href":"https:\/\/www.sarix.com\/de\/wp-json\/wp\/v2\/users\/1"}],"replies":[{"embeddable":true,"href":"https:\/\/www.sarix.com\/de\/wp-json\/wp\/v2\/comments?post=5490"}],"version-history":[{"count":1,"href":"https:\/\/www.sarix.com\/de\/wp-json\/wp\/v2\/pages\/5490\/revisions"}],"predecessor-version":[{"id":5492,"href":"https:\/\/www.sarix.com\/de\/wp-json\/wp\/v2\/pages\/5490\/revisions\/5492"}],"up":[{"embeddable":true,"href":"https:\/\/www.sarix.com\/de\/wp-json\/wp\/v2\/pages\/6574"}],"wp:attachment":[{"href":"https:\/\/www.sarix.com\/de\/wp-json\/wp\/v2\/media?parent=5490"}],"wp:term":[{"taxonomy":"category","embeddable":true,"href":"https:\/\/www.sarix.com\/de\/wp-json\/wp\/v2\/categories?post=5490"},{"taxonomy":"post_tag","embeddable":true,"href":"https:\/\/www.sarix.com\/de\/wp-json\/wp\/v2\/tags?post=5490"}],"curies":[{"name":"wp","href":"https:\/\/api.w.org\/{rel}","templated":true}]}}