{"id":5481,"date":"2023-09-06T20:16:48","date_gmt":"2023-09-06T20:16:48","guid":{"rendered":"https:\/\/www.sarix.com\/sarix-technologien\/mikro-edm-technologien\/3d-mikro-edm-fraesen\/"},"modified":"2025-09-18T07:33:44","modified_gmt":"2025-09-18T07:33:44","slug":"3d-mikro-edm-fraesen","status":"publish","type":"page","link":"https:\/\/www.sarix.com\/de\/sarix-technologien\/mikro-edm-technologien\/3d-mikro-edm-fraesen\/","title":{"rendered":"3D-Mikro-EDM-Fr\u00e4sen"},"content":{"rendered":"\t\t<div data-elementor-type=\"wp-page\" data-elementor-id=\"5481\" class=\"elementor elementor-5481 elementor-329\" data-elementor-post-type=\"page\">\n\t\t\t\t\t\t<section class=\"elementor-section elementor-top-section elementor-element elementor-element-03925dd elementor-section-boxed elementor-section-height-default elementor-section-height-default\" data-id=\"03925dd\" data-element_type=\"section\" data-e-type=\"section\">\n\t\t\t\t\t\t<div class=\"elementor-container elementor-column-gap-default\">\n\t\t\t\t\t<div class=\"elementor-column elementor-col-100 elementor-top-column elementor-element elementor-element-0d32d36\" data-id=\"0d32d36\" data-element_type=\"column\" data-e-type=\"column\">\n\t\t\t<div class=\"elementor-widget-wrap elementor-element-populated\">\n\t\t\t\t\t\t<section class=\"elementor-section elementor-inner-section elementor-element elementor-element-495c208 elementor-section-boxed elementor-section-height-default elementor-section-height-default\" data-id=\"495c208\" data-element_type=\"section\" data-e-type=\"section\">\n\t\t\t\t\t\t<div class=\"elementor-container elementor-column-gap-default\">\n\t\t\t\t\t<div class=\"elementor-column elementor-col-25 elementor-inner-column elementor-element elementor-element-5c7baa3\" data-id=\"5c7baa3\" data-element_type=\"column\" data-e-type=\"column\">\n\t\t\t<div class=\"elementor-widget-wrap elementor-element-populated\">\n\t\t\t\t\t\t<div class=\"elementor-element elementor-element-859de92 elementor-widget elementor-widget-text-editor\" data-id=\"859de92\" data-element_type=\"widget\" data-e-type=\"widget\" data-widget_type=\"text-editor.default\">\n\t\t\t\t<div class=\"elementor-widget-container\">\n\t\t\t\t\t\t\t\t\t<p><span style=\"color: var( --e-global-color-text ); font-size: 1em;\"><b>3D-Mikro-EDM-Fr\u00e4sen<\/b><\/span><span style=\"color: var( --e-global-color-text ); font-weight: var( --e-global-typography-text-font-weight ); font-size: 1em;\"> <\/span><\/p>\n<p>Unsere Technologie erm\u00f6glicht das 3D-Hohlraumfr\u00e4sen, ohne dass Formelektroden erforderlich sind.<\/p>\n<p>Wir verwenden hochpr\u00e4zise Mikroelektroden aus Vollhartmetall und CAM-generierte Fr\u00e4sbahnen, um eine Bearbeitungsgenauigkeit zu erreichen, die der Senkerodierung \u00fcberlegen ist.  <\/p>\n\t\t\t\t\t\t\t\t<\/div>\n\t\t\t\t<\/div>\n\t\t\t\t<div class=\"elementor-element elementor-element-ad01952 elementor-widget elementor-widget-image\" data-id=\"ad01952\" data-element_type=\"widget\" data-e-type=\"widget\" data-widget_type=\"image.default\">\n\t\t\t\t<div class=\"elementor-widget-container\">\n\t\t\t\t\t\t\t\t\t\t\t\t\t\t\t<img fetchpriority=\"high\" decoding=\"async\" width=\"231\" height=\"300\" src=\"https:\/\/www.sarix.com\/wp-content\/uploads\/2023\/09\/Milling-A-231x300.jpg\" class=\"attachment-medium size-medium wp-image-4205\" alt=\"\" srcset=\"https:\/\/www.sarix.com\/wp-content\/uploads\/2023\/09\/Milling-A-231x300.jpg 231w, https:\/\/www.sarix.com\/wp-content\/uploads\/2023\/09\/Milling-A.jpg 574w\" sizes=\"(max-width: 231px) 100vw, 231px\" \/>\t\t\t\t\t\t\t\t\t\t\t\t\t\t\t<\/div>\n\t\t\t\t<\/div>\n\t\t\t\t\t<\/div>\n\t\t<\/div>\n\t\t\t\t<div class=\"elementor-column elementor-col-25 elementor-inner-column elementor-element elementor-element-567b8bc\" data-id=\"567b8bc\" data-element_type=\"column\" data-e-type=\"column\">\n\t\t\t<div class=\"elementor-widget-wrap elementor-element-populated\">\n\t\t\t\t\t\t<div class=\"elementor-element elementor-element-81b6e99 elementor-widget elementor-widget-text-editor\" data-id=\"81b6e99\" data-element_type=\"widget\" data-e-type=\"widget\" data-widget_type=\"text-editor.default\">\n\t\t\t\t<div class=\"elementor-widget-container\">\n\t\t\t\t\t\t\t\t\t<p><b>Hohe Oberfl\u00e4cheng\u00fcte<\/b><\/p>\n<p>Durch die gro\u00dfe Auswahl an Parametern und Mikro-Erosionsenergien des PULSAR-Generators werden Oberfl\u00e4chenqualit\u00e4ten bis zu Ra 0,05 \u03bcm erreicht.<\/p>\n\t\t\t\t\t\t\t\t<\/div>\n\t\t\t\t<\/div>\n\t\t\t\t<div class=\"elementor-element elementor-element-f2af14a elementor-widget elementor-widget-image\" data-id=\"f2af14a\" data-element_type=\"widget\" data-e-type=\"widget\" data-widget_type=\"image.default\">\n\t\t\t\t<div class=\"elementor-widget-container\">\n\t\t\t\t\t\t\t\t\t\t\t\t\t\t\t<img decoding=\"async\" src=\"https:\/\/www.sarix.com\/wp-content\/uploads\/elementor\/thumbs\/Milling-B-qc4jrn4zr4jr6d03491emn6q1t5tt4iuwa56vjlkgg.jpg\" title=\"Milling B\" alt=\"Milling B\" loading=\"lazy\" \/>\t\t\t\t\t\t\t\t\t\t\t\t\t\t\t<\/div>\n\t\t\t\t<\/div>\n\t\t\t\t<div class=\"elementor-element elementor-element-be4974f elementor-widget elementor-widget-image\" data-id=\"be4974f\" data-element_type=\"widget\" data-e-type=\"widget\" data-widget_type=\"image.default\">\n\t\t\t\t<div class=\"elementor-widget-container\">\n\t\t\t\t\t\t\t\t\t\t\t\t\t\t\t<img decoding=\"async\" width=\"150\" height=\"150\" src=\"https:\/\/www.sarix.com\/wp-content\/uploads\/2023\/09\/3DMicroEDMMilling-150x150.jpg\" class=\"attachment-thumbnail size-thumbnail wp-image-4035\" alt=\"\" srcset=\"https:\/\/www.sarix.com\/wp-content\/uploads\/2023\/09\/3DMicroEDMMilling-150x150.jpg 150w, https:\/\/www.sarix.com\/wp-content\/uploads\/2023\/09\/3DMicroEDMMilling-300x300.jpg 300w, https:\/\/www.sarix.com\/wp-content\/uploads\/2023\/09\/3DMicroEDMMilling-768x768.jpg 768w, https:\/\/www.sarix.com\/wp-content\/uploads\/2023\/09\/3DMicroEDMMilling-100x100.jpg 100w, https:\/\/www.sarix.com\/wp-content\/uploads\/2023\/09\/3DMicroEDMMilling.jpg 800w\" sizes=\"(max-width: 150px) 100vw, 150px\" \/>\t\t\t\t\t\t\t\t\t\t\t\t\t\t\t<\/div>\n\t\t\t\t<\/div>\n\t\t\t\t\t<\/div>\n\t\t<\/div>\n\t\t\t\t<div class=\"elementor-column elementor-col-25 elementor-inner-column elementor-element elementor-element-aef70da\" data-id=\"aef70da\" data-element_type=\"column\" data-e-type=\"column\">\n\t\t\t<div class=\"elementor-widget-wrap elementor-element-populated\">\n\t\t\t\t\t\t<div class=\"elementor-element elementor-element-e6880f6 elementor-widget elementor-widget-text-editor\" data-id=\"e6880f6\" data-element_type=\"widget\" data-e-type=\"widget\" data-widget_type=\"text-editor.default\">\n\t\t\t\t<div class=\"elementor-widget-container\">\n\t\t\t\t\t\t\t\t\t<p><b>Formgebung von Mikroelektroden<\/b><\/p>\n<p>Zylindrische oder geformte Elektroden k\u00f6nnen direkt auf der Maschine geformt und vermessen werden, wodurch Handhabungs- und Einspannfehler vermieden werden.<\/p>\n\t\t\t\t\t\t\t\t<\/div>\n\t\t\t\t<\/div>\n\t\t\t\t<div class=\"elementor-element elementor-element-62a0582 elementor-widget elementor-widget-image\" data-id=\"62a0582\" data-element_type=\"widget\" data-e-type=\"widget\" data-widget_type=\"image.default\">\n\t\t\t\t<div class=\"elementor-widget-container\">\n\t\t\t\t\t\t\t\t\t\t\t\t\t\t\t<img decoding=\"async\" width=\"640\" height=\"516\" src=\"https:\/\/www.sarix.com\/wp-content\/uploads\/2023\/09\/Milling-sample-6.jpg\" class=\"attachment-large size-large wp-image-4250\" alt=\"\" srcset=\"https:\/\/www.sarix.com\/wp-content\/uploads\/2023\/09\/Milling-sample-6.jpg 795w, https:\/\/www.sarix.com\/wp-content\/uploads\/2023\/09\/Milling-sample-6-300x242.jpg 300w, https:\/\/www.sarix.com\/wp-content\/uploads\/2023\/09\/Milling-sample-6-768x619.jpg 768w\" sizes=\"(max-width: 640px) 100vw, 640px\" \/>\t\t\t\t\t\t\t\t\t\t\t\t\t\t\t<\/div>\n\t\t\t\t<\/div>\n\t\t\t\t<div class=\"elementor-element elementor-element-eb90f4c elementor-widget elementor-widget-text-editor\" data-id=\"eb90f4c\" data-element_type=\"widget\" data-e-type=\"widget\" data-widget_type=\"text-editor.default\">\n\t\t\t\t<div class=\"elementor-widget-container\">\n\t\t\t\t\t\t\t\t\t<p style=\"font-size: 16px;\"><span style=\"font-weight: bold;\">Fakten und Ergebnisse<\/span><\/p>\n<p style=\"font-size: 16px;\">3D-Mikrofr\u00e4sen von komplexen Formen mit Eckenradien bis zu 3 Mikron<\/p>\n<p style=\"font-size: 16px;\">Perfekte Lamellenw\u00e4nde und Mikrostrukturprofile<\/p>\n<p style=\"font-size: 16px;\">Scharfe Wandgeradheit<\/p>\n<p style=\"font-size: 16px;\">Perfekte Kontrolle des Bodenniveaus bis hinunter zu 2 Mikron<\/p>\t\t\t\t\t\t\t\t<\/div>\n\t\t\t\t<\/div>\n\t\t\t\t\t<\/div>\n\t\t<\/div>\n\t\t\t\t<div class=\"elementor-column elementor-col-25 elementor-inner-column elementor-element elementor-element-3963827\" data-id=\"3963827\" data-element_type=\"column\" data-e-type=\"column\">\n\t\t\t<div class=\"elementor-widget-wrap elementor-element-populated\">\n\t\t\t\t\t\t<div class=\"elementor-element elementor-element-ea79b8d elementor-widget elementor-widget-heading\" data-id=\"ea79b8d\" data-element_type=\"widget\" data-e-type=\"widget\" data-widget_type=\"heading.default\">\n\t\t\t\t<div class=\"elementor-widget-container\">\n\t\t\t\t\t<p class=\"elementor-heading-title elementor-size-default\">STICHPROBENAUSWAHL<\/p>\t\t\t\t<\/div>\n\t\t\t\t<\/div>\n\t\t\t\t<div class=\"elementor-element elementor-element-2662fbe elementor-widget elementor-widget-image\" data-id=\"2662fbe\" data-element_type=\"widget\" data-e-type=\"widget\" data-widget_type=\"image.default\">\n\t\t\t\t<div class=\"elementor-widget-container\">\n\t\t\t\t\t\t\t\t\t\t\t\t\t\t\t<img loading=\"lazy\" decoding=\"async\" width=\"300\" height=\"182\" src=\"https:\/\/www.sarix.com\/wp-content\/uploads\/2023\/09\/Milling-sample-3-300x182.jpg\" class=\"attachment-medium size-medium wp-image-4230\" alt=\"\" srcset=\"https:\/\/www.sarix.com\/wp-content\/uploads\/2023\/09\/Milling-sample-3-300x182.jpg 300w, https:\/\/www.sarix.com\/wp-content\/uploads\/2023\/09\/Milling-sample-3-768x466.jpg 768w, https:\/\/www.sarix.com\/wp-content\/uploads\/2023\/09\/Milling-sample-3.jpg 831w\" sizes=\"(max-width: 300px) 100vw, 300px\" \/>\t\t\t\t\t\t\t\t\t\t\t\t\t\t\t<\/div>\n\t\t\t\t<\/div>\n\t\t\t\t<div class=\"elementor-element elementor-element-c2c1173 elementor-widget elementor-widget-image\" data-id=\"c2c1173\" data-element_type=\"widget\" data-e-type=\"widget\" data-widget_type=\"image.default\">\n\t\t\t\t<div class=\"elementor-widget-container\">\n\t\t\t\t\t\t\t\t\t\t\t\t\t\t\t<img loading=\"lazy\" decoding=\"async\" width=\"300\" height=\"183\" src=\"https:\/\/www.sarix.com\/wp-content\/uploads\/2023\/09\/Milling-sample-4-300x183.jpg\" class=\"attachment-medium size-medium wp-image-4235\" alt=\"\" srcset=\"https:\/\/www.sarix.com\/wp-content\/uploads\/2023\/09\/Milling-sample-4-300x183.jpg 300w, https:\/\/www.sarix.com\/wp-content\/uploads\/2023\/09\/Milling-sample-4-768x468.jpg 768w, https:\/\/www.sarix.com\/wp-content\/uploads\/2023\/09\/Milling-sample-4.jpg 831w\" sizes=\"(max-width: 300px) 100vw, 300px\" \/>\t\t\t\t\t\t\t\t\t\t\t\t\t\t\t<\/div>\n\t\t\t\t<\/div>\n\t\t\t\t<div class=\"elementor-element elementor-element-5501151 elementor-widget elementor-widget-image\" data-id=\"5501151\" data-element_type=\"widget\" data-e-type=\"widget\" data-widget_type=\"image.default\">\n\t\t\t\t<div class=\"elementor-widget-container\">\n\t\t\t\t\t\t\t\t\t\t\t\t\t\t\t<img loading=\"lazy\" decoding=\"async\" width=\"300\" height=\"183\" src=\"https:\/\/www.sarix.com\/wp-content\/uploads\/2023\/09\/Milling-sample-5-300x183.jpg\" class=\"attachment-medium size-medium wp-image-4240\" alt=\"\" srcset=\"https:\/\/www.sarix.com\/wp-content\/uploads\/2023\/09\/Milling-sample-5-300x183.jpg 300w, https:\/\/www.sarix.com\/wp-content\/uploads\/2023\/09\/Milling-sample-5-768x469.jpg 768w, https:\/\/www.sarix.com\/wp-content\/uploads\/2023\/09\/Milling-sample-5.jpg 831w\" sizes=\"(max-width: 300px) 100vw, 300px\" \/>\t\t\t\t\t\t\t\t\t\t\t\t\t\t\t<\/div>\n\t\t\t\t<\/div>\n\t\t\t\t<div class=\"elementor-element elementor-element-1716b6c elementor-widget__width-auto elementor-widget elementor-widget-text-editor\" data-id=\"1716b6c\" data-element_type=\"widget\" data-e-type=\"widget\" data-widget_type=\"text-editor.default\">\n\t\t\t\t<div class=\"elementor-widget-container\">\n\t\t\t\t\t\t\t\t\t<p><span style=\"font-size: 1em; color: var( --e-global-color-text );\"><b>Wir erf\u00fcllen Ihre anspruchsvollsten Herausforderungen im Bereich der Mikrokavit\u00e4ten!<\/b><\/span><\/p>\n<p><b>Kontaktieren Sie uns f\u00fcr einen kostenlosen Probetest!<\/b><\/p>\n\t\t\t\t\t\t\t\t<\/div>\n\t\t\t\t<\/div>\n\t\t\t\t\t<\/div>\n\t\t<\/div>\n\t\t\t\t\t<\/div>\n\t\t<\/section>\n\t\t\t\t\t<\/div>\n\t\t<\/div>\n\t\t\t\t\t<\/div>\n\t\t<\/section>\n\t\t\t\t<section class=\"elementor-section elementor-top-section elementor-element elementor-element-29049b4 elementor-section-full_width elementor-section-height-default elementor-section-height-default\" data-id=\"29049b4\" data-element_type=\"section\" data-e-type=\"section\">\n\t\t\t\t\t\t<div class=\"elementor-container elementor-column-gap-default\">\n\t\t\t\t\t<div class=\"elementor-column elementor-col-100 elementor-top-column elementor-element elementor-element-cbfa799\" data-id=\"cbfa799\" data-element_type=\"column\" data-e-type=\"column\">\n\t\t\t<div class=\"elementor-widget-wrap elementor-element-populated\">\n\t\t\t\t\t\t<div class=\"elementor-element elementor-element-a026af8 elementor-widget__width-initial fluent-form-widget-step-header-yes fluent-form-widget-step-progressbar-yes fluentform-widget-submit-button-custom elementor-widget elementor-widget-fluent-form-widget\" data-id=\"a026af8\" data-element_type=\"widget\" data-e-type=\"widget\" data-widget_type=\"fluent-form-widget.default\">\n\t\t\t\t<div class=\"elementor-widget-container\">\n\t\t\t\t\t\n            <div class=\"fluentform-widget-wrapper hide-placeholder hide-fluent-form-labels fluentform-widget-align-default\">\n\n            \n            <div class='fluentform ff-default fluentform_wrapper_73 ffs_default_wrap'><form data-form_id=\"73\" id=\"fluentform_73\" class=\"frm-fluent-form fluent_form_73 ff-el-form-top ff_form_instance_73_1 ff-form-loading ffs_default\" data-form_instance=\"ff_form_instance_73_1\" method=\"POST\" ><fieldset  style=\"border: none!important;margin: 0!important;padding: 0!important;background-color: transparent!important;box-shadow: none!important;outline: none!important; min-inline-size: 100%;\">\n                    <legend class=\"ff_screen_reader_title\" style=\"display: block; margin: 0!important;padding: 0!important;height: 0!important;text-indent: -999999px;width: 0!important;overflow:hidden;\">SARIX PAGE Micro EDM Milling Video 01-DES (#73)<\/legend><input type='hidden' name='__fluent_form_embded_post_id' value='5481' \/><input type=\"hidden\" id=\"_fluentform_73_fluentformnonce\" name=\"_fluentform_73_fluentformnonce\" value=\"7c35ebb418\" \/><input type=\"hidden\" name=\"_wp_http_referer\" value=\"\/de\/wp-json\/wp\/v2\/pages\/5481\" \/><input type=\"hidden\" name=\"hidden\" value=\"216.73.216.142 - 16\/04\/2026 -  - unknown - \" data-name=\"hidden\" ><div class='ff-el-group ff-text-left ff_submit_btn_wrapper ff_submit_btn_wrapper_custom'><button class=\"ff-btn ff-btn-submit ff-btn-md ff_btn_style wpf_has_custom_css\" type=\"submit\" name=\"custom_submit_button-73_1\" data-name=\"custom_submit_button-73_1\"  aria-label=\"Video abspielen\">Video abspielen<\/button><style>form.fluent_form_73 .wpf_has_custom_css.ff-btn-submit { background-color:#1a7efb;border-color:#1a7efb;color:#ffffff; }form.fluent_form_73 .wpf_has_custom_css.ff-btn-submit:hover { background-color:#ffffff;border-color:#1a7efb;color:#1a7efb;min-width:100%; } <\/style><\/div><div data-name=\"ff_cn_id_1\"  class='ff-t-container ff-column-container ff_columns_total_1 '><div class='ff-t-cell ff-t-column-1' style='flex-basis: 100%;'><div class='ff-el-group  ff-custom_html' tabindex='-1' data-name=\"custom_html-73_2\" ><p><img loading=\"lazy\" decoding=\"async\" class=\"wp-image-13860 aligncenter\" src=\"http:\/\/www.sarix.com\/wp-content\/uploads\/2025\/04\/SX100_Moulding-2025-300x258.jpg\" alt=\"\" width=\"332\" height=\"285\" srcset=\"https:\/\/www.sarix.com\/wp-content\/uploads\/2025\/04\/SX100_Moulding-2025-300x258.jpg 300w, https:\/\/www.sarix.com\/wp-content\/uploads\/2025\/04\/SX100_Moulding-2025.jpg 654w\" sizes=\"(max-width: 332px) 100vw, 332px\" \/><\/p><\/div><\/div><\/div><\/fieldset><\/form><div id='fluentform_73_errors' class='ff-errors-in-stack ff_form_instance_73_1 ff-form-loading_errors ff_form_instance_73_1_errors'><\/div><\/div>            <script type=\"text\/javascript\">\n                window.fluent_form_ff_form_instance_73_1 = {\"id\":\"73\",\"settings\":{\"layout\":{\"labelPlacement\":\"top\",\"helpMessagePlacement\":\"with_label\",\"errorMessagePlacement\":\"inline\",\"cssClassName\":\"\",\"asteriskPlacement\":\"asterisk-right\"},\"restrictions\":{\"denyEmptySubmission\":{\"enabled\":false}}},\"form_instance\":\"ff_form_instance_73_1\",\"form_id_selector\":\"fluentform_73\",\"rules\":[],\"debounce_time\":300};\n                            <\/script>\n                        <\/div>\n\n            \t\t\t\t<\/div>\n\t\t\t\t<\/div>\n\t\t\t\t\t<\/div>\n\t\t<\/div>\n\t\t\t\t\t<\/div>\n\t\t<\/section>\n\t\t\t\t<\/div>\n\t\t","protected":false},"excerpt":{"rendered":"<p>3D-Mikro-EDM-Fr\u00e4sen Unsere Technologie erm\u00f6glicht das 3D-Hohlraumfr\u00e4sen, ohne dass Formelektroden erforderlich sind. Wir verwenden hochpr\u00e4zise Mikroelektroden aus Vollhartmetall und CAM-generierte Fr\u00e4sbahnen, um eine Bearbeitungsgenauigkeit zu erreichen, die der Senkerodierung \u00fcberlegen ist. Hohe Oberfl\u00e4cheng\u00fcte Durch die gro\u00dfe Auswahl an Parametern und Mikro-Erosionsenergien des PULSAR-Generators werden Oberfl\u00e4chenqualit\u00e4ten bis zu Ra 0,05 \u03bcm erreicht. Formgebung von Mikroelektroden Zylindrische oder [&hellip;]<\/p>\n","protected":false},"author":1,"featured_media":0,"parent":5471,"menu_order":0,"comment_status":"closed","ping_status":"closed","template":"","meta":{"footnotes":""},"categories":[8],"tags":[],"class_list":["post-5481","page","type-page","status-publish","hentry","category-technologies"],"_links":{"self":[{"href":"https:\/\/www.sarix.com\/de\/wp-json\/wp\/v2\/pages\/5481","targetHints":{"allow":["GET"]}}],"collection":[{"href":"https:\/\/www.sarix.com\/de\/wp-json\/wp\/v2\/pages"}],"about":[{"href":"https:\/\/www.sarix.com\/de\/wp-json\/wp\/v2\/types\/page"}],"author":[{"embeddable":true,"href":"https:\/\/www.sarix.com\/de\/wp-json\/wp\/v2\/users\/1"}],"replies":[{"embeddable":true,"href":"https:\/\/www.sarix.com\/de\/wp-json\/wp\/v2\/comments?post=5481"}],"version-history":[{"count":11,"href":"https:\/\/www.sarix.com\/de\/wp-json\/wp\/v2\/pages\/5481\/revisions"}],"predecessor-version":[{"id":15111,"href":"https:\/\/www.sarix.com\/de\/wp-json\/wp\/v2\/pages\/5481\/revisions\/15111"}],"up":[{"embeddable":true,"href":"https:\/\/www.sarix.com\/de\/wp-json\/wp\/v2\/pages\/5471"}],"wp:attachment":[{"href":"https:\/\/www.sarix.com\/de\/wp-json\/wp\/v2\/media?parent=5481"}],"wp:term":[{"taxonomy":"category","embeddable":true,"href":"https:\/\/www.sarix.com\/de\/wp-json\/wp\/v2\/categories?post=5481"},{"taxonomy":"post_tag","embeddable":true,"href":"https:\/\/www.sarix.com\/de\/wp-json\/wp\/v2\/tags?post=5481"}],"curies":[{"name":"wp","href":"https:\/\/api.w.org\/{rel}","templated":true}]}}