{"id":5461,"date":"2023-08-28T20:43:32","date_gmt":"2023-08-28T20:43:32","guid":{"rendered":"https:\/\/www.sarix.com\/sarix-technologien\/"},"modified":"2023-12-15T09:33:33","modified_gmt":"2023-12-15T09:33:33","slug":"sarix-technologien","status":"publish","type":"page","link":"https:\/\/www.sarix.com\/de\/sarix-technologien\/","title":{"rendered":"Sarix-Technologien"},"content":{"rendered":"\t\t<div data-elementor-type=\"wp-page\" data-elementor-id=\"5461\" class=\"elementor elementor-5461 elementor-292\" data-elementor-post-type=\"page\">\n\t\t\t\t\t\t<section class=\"elementor-section elementor-top-section elementor-element elementor-element-5e3af24 elementor-section-full_width elementor-section-height-default elementor-section-height-default\" data-id=\"5e3af24\" data-element_type=\"section\" data-e-type=\"section\">\n\t\t\t\t\t\t<div class=\"elementor-container elementor-column-gap-default\">\n\t\t\t\t\t<div class=\"elementor-column elementor-col-100 elementor-top-column elementor-element elementor-element-8c895c0\" data-id=\"8c895c0\" data-element_type=\"column\" data-e-type=\"column\">\n\t\t\t<div class=\"elementor-widget-wrap elementor-element-populated\">\n\t\t\t\t\t\t<div class=\"elementor-element elementor-element-458e3b7 elementor-invisible elementor-widget elementor-widget-heading\" data-id=\"458e3b7\" data-element_type=\"widget\" data-e-type=\"widget\" data-settings=\"{&quot;_animation&quot;:&quot;fadeIn&quot;}\" data-widget_type=\"heading.default\">\n\t\t\t\t<div class=\"elementor-widget-container\">\n\t\t\t\t\t<h2 class=\"elementor-heading-title elementor-size-large\"><b><span><span>SARIX&nbsp;<\/span><\/span><span>TECHNOLOGIEN FORTGESCHRITTENE MIKROBEARBEITUNG, TECHNOLOGIE UND ENTWICKLUNG<\/span><\/b><\/h2>\t\t\t\t<\/div>\n\t\t\t\t<\/div>\n\t\t\t\t<div class=\"elementor-element elementor-element-ea45ddf elementor-widget elementor-widget-spacer\" data-id=\"ea45ddf\" data-element_type=\"widget\" data-e-type=\"widget\" data-widget_type=\"spacer.default\">\n\t\t\t\t<div class=\"elementor-widget-container\">\n\t\t\t\t\t\t\t<div class=\"elementor-spacer\">\n\t\t\t<div class=\"elementor-spacer-inner\"><\/div>\n\t\t<\/div>\n\t\t\t\t\t\t<\/div>\n\t\t\t\t<\/div>\n\t\t\t\t<div class=\"elementor-element elementor-element-44e2e3c elementor-invisible elementor-widget elementor-widget-text-editor\" data-id=\"44e2e3c\" data-element_type=\"widget\" data-e-type=\"widget\" data-settings=\"{&quot;_animation&quot;:&quot;fadeIn&quot;}\" data-widget_type=\"text-editor.default\">\n\t\t\t\t<div class=\"elementor-widget-container\">\n\t\t\t\t\t\t\t\t\t<p>Unsere St\u00e4rke liegt darin, dass wir bei der Integration und Optimierung des technologischen Prozesses des Mikroerodierens an vorderster Front stehen und die Anforderungen des Marktes durch immer kleinere Gr\u00f6\u00dfen und h\u00f6here Pr\u00e4zision bei gleichzeitiger Verk\u00fcrzung der Zykluszeiten effektiv erf\u00fcllen&#8230;<\/p>\n\t\t\t\t\t\t\t\t<\/div>\n\t\t\t\t<\/div>\n\t\t\t\t<div class=\"elementor-element elementor-element-5bf8a11 elementor-widget elementor-widget-spacer\" data-id=\"5bf8a11\" data-element_type=\"widget\" data-e-type=\"widget\" data-widget_type=\"spacer.default\">\n\t\t\t\t<div class=\"elementor-widget-container\">\n\t\t\t\t\t\t\t<div class=\"elementor-spacer\">\n\t\t\t<div class=\"elementor-spacer-inner\"><\/div>\n\t\t<\/div>\n\t\t\t\t\t\t<\/div>\n\t\t\t\t<\/div>\n\t\t\t\t<div class=\"elementor-element elementor-element-d910882 elementor-invisible elementor-widget elementor-widget-heading\" data-id=\"d910882\" data-element_type=\"widget\" data-e-type=\"widget\" data-settings=\"{&quot;_animation&quot;:&quot;fadeIn&quot;}\" data-widget_type=\"heading.default\">\n\t\t\t\t<div class=\"elementor-widget-container\">\n\t\t\t\t\t<h2 class=\"elementor-heading-title elementor-size-default\"><b><span><span>SARIX&nbsp;<\/span><\/span><span>Technologies Empowering Micro Machining Innovation schafft Chancen<\/span><\/b><\/h2>\t\t\t\t<\/div>\n\t\t\t\t<\/div>\n\t\t\t\t<div class=\"elementor-element elementor-element-b1a8c2a elementor-invisible elementor-widget elementor-widget-text-editor\" data-id=\"b1a8c2a\" data-element_type=\"widget\" data-e-type=\"widget\" data-settings=\"{&quot;_animation&quot;:&quot;fadeIn&quot;}\" data-widget_type=\"text-editor.default\">\n\t\t\t\t<div class=\"elementor-widget-container\">\n\t\t\t\t\t\t\t\t\t<p>Als Marktf\u00fchrer bei der Erf\u00fcllung von Anwendungsanforderungen, die von Forschung und Entwicklung im kleinen Ma\u00dfstab bis hin zur Massenproduktion reichen, konsolidieren wir unsere Mikrofertigungskapazit\u00e4ten und bieten sowohl bestehenden als auch neuen Kunden ma\u00dfgeschneiderte Unterst\u00fctzung&#8230;<\/p>\n<p>Durch die langj\u00e4hrige Erfahrung seit 1993 auf dem Markt der Mikrobearbeitung hat <b>SARIX<\/b> die Produktorientierung auf technologische Innovation in der <b>Hochpr\u00e4zisions-Mikrobearbeitung<\/b> durch Einzel- und Komplettl\u00f6sungen beibehalten.<\/p>\n<p>Wir, die Firma <b>SARIX<\/b>, sehen unsere St\u00e4rken in der Integration und Optimierung von technologischen Prozessen und im flexiblen Umgang mit den Herausforderungen der Marktanforderungen bei immer k\u00fcrzeren Produktzyklen.<\/p>\n\t\t\t\t\t\t\t\t<\/div>\n\t\t\t\t<\/div>\n\t\t\t\t\t<\/div>\n\t\t<\/div>\n\t\t\t\t\t<\/div>\n\t\t<\/section>\n\t\t\t\t<section class=\"elementor-section elementor-top-section elementor-element elementor-element-00615a0 elementor-section-boxed elementor-section-height-default elementor-section-height-default elementor-invisible\" data-id=\"00615a0\" data-element_type=\"section\" data-e-type=\"section\" data-settings=\"{&quot;animation&quot;:&quot;fadeIn&quot;}\">\n\t\t\t\t\t\t<div class=\"elementor-container elementor-column-gap-default\">\n\t\t\t\t\t<div class=\"elementor-column elementor-col-100 elementor-top-column elementor-element elementor-element-9c6c1c6\" data-id=\"9c6c1c6\" data-element_type=\"column\" data-e-type=\"column\">\n\t\t\t<div class=\"elementor-widget-wrap elementor-element-populated\">\n\t\t\t\t\t\t<section class=\"elementor-section elementor-inner-section elementor-element elementor-element-2cdd8c7 elementor-section-boxed elementor-section-height-default elementor-section-height-default\" data-id=\"2cdd8c7\" data-element_type=\"section\" data-e-type=\"section\">\n\t\t\t\t\t\t<div class=\"elementor-container elementor-column-gap-default\">\n\t\t\t\t\t<div class=\"elementor-column elementor-col-33 elementor-inner-column elementor-element elementor-element-15b4954\" data-id=\"15b4954\" data-element_type=\"column\" data-e-type=\"column\">\n\t\t\t<div class=\"elementor-widget-wrap elementor-element-populated\">\n\t\t\t\t\t\t<div class=\"elementor-element elementor-element-6c043ca elementor-widget elementor-widget-image\" data-id=\"6c043ca\" data-element_type=\"widget\" data-e-type=\"widget\" data-widget_type=\"image.default\">\n\t\t\t\t<div class=\"elementor-widget-container\">\n\t\t\t\t\t\t\t\t\t\t\t\t<figure class=\"wp-caption\">\n\t\t\t\t\t\t\t\t\t\t\t<a href=\"https:\/\/www.sarix.com\/de\/micro-edm-bohren\/\">\n\t\t\t\t\t\t\t<img fetchpriority=\"high\" decoding=\"async\" width=\"300\" height=\"300\" src=\"https:\/\/www.sarix.com\/wp-content\/uploads\/2023\/09\/MicroEDMDrilling-300x300.jpg\" class=\"attachment-medium size-medium wp-image-4030\" alt=\"\" srcset=\"https:\/\/www.sarix.com\/wp-content\/uploads\/2023\/09\/MicroEDMDrilling-300x300.jpg 300w, https:\/\/www.sarix.com\/wp-content\/uploads\/2023\/09\/MicroEDMDrilling-150x150.jpg 150w, https:\/\/www.sarix.com\/wp-content\/uploads\/2023\/09\/MicroEDMDrilling-768x768.jpg 768w, https:\/\/www.sarix.com\/wp-content\/uploads\/2023\/09\/MicroEDMDrilling-100x100.jpg 100w, https:\/\/www.sarix.com\/wp-content\/uploads\/2023\/09\/MicroEDMDrilling.jpg 800w\" sizes=\"(max-width: 300px) 100vw, 300px\" \/>\t\t\t\t\t\t\t\t<\/a>\n\t\t\t\t\t\t\t\t\t\t\t<figcaption class=\"widget-image-caption wp-caption-text\">DISCOVER SARIX Micro EDM Bohren<\/figcaption>\n\t\t\t\t\t\t\t\t\t\t<\/figure>\n\t\t\t\t\t\t\t\t\t<\/div>\n\t\t\t\t<\/div>\n\t\t\t\t\t<\/div>\n\t\t<\/div>\n\t\t\t\t<div class=\"elementor-column elementor-col-33 elementor-inner-column elementor-element elementor-element-fb690b0\" data-id=\"fb690b0\" data-element_type=\"column\" data-e-type=\"column\">\n\t\t\t<div class=\"elementor-widget-wrap elementor-element-populated\">\n\t\t\t\t\t\t<div class=\"elementor-element elementor-element-54a3f38 elementor-widget elementor-widget-image\" data-id=\"54a3f38\" data-element_type=\"widget\" data-e-type=\"widget\" data-widget_type=\"image.default\">\n\t\t\t\t<div class=\"elementor-widget-container\">\n\t\t\t\t\t\t\t\t\t\t\t\t<figure class=\"wp-caption\">\n\t\t\t\t\t\t\t\t\t\t\t<a href=\"https:\/\/www.sarix.com\/sarix-technologies\/micro-edm-technologies\/3d-micro-edm-milling\/\">\n\t\t\t\t\t\t\t<img decoding=\"async\" width=\"300\" height=\"300\" src=\"https:\/\/www.sarix.com\/wp-content\/uploads\/2023\/09\/3DMicroEDMMilling-300x300.jpg\" class=\"attachment-medium size-medium wp-image-4035\" alt=\"\" srcset=\"https:\/\/www.sarix.com\/wp-content\/uploads\/2023\/09\/3DMicroEDMMilling-300x300.jpg 300w, https:\/\/www.sarix.com\/wp-content\/uploads\/2023\/09\/3DMicroEDMMilling-150x150.jpg 150w, https:\/\/www.sarix.com\/wp-content\/uploads\/2023\/09\/3DMicroEDMMilling-768x768.jpg 768w, https:\/\/www.sarix.com\/wp-content\/uploads\/2023\/09\/3DMicroEDMMilling-100x100.jpg 100w, https:\/\/www.sarix.com\/wp-content\/uploads\/2023\/09\/3DMicroEDMMilling.jpg 800w\" sizes=\"(max-width: 300px) 100vw, 300px\" \/>\t\t\t\t\t\t\t\t<\/a>\n\t\t\t\t\t\t\t\t\t\t\t<figcaption class=\"widget-image-caption wp-caption-text\">DISCOVER SARIX 3D-Mikro-EDM-Fr\u00e4sen<\/figcaption>\n\t\t\t\t\t\t\t\t\t\t<\/figure>\n\t\t\t\t\t\t\t\t\t<\/div>\n\t\t\t\t<\/div>\n\t\t\t\t\t<\/div>\n\t\t<\/div>\n\t\t\t\t<div class=\"elementor-column elementor-col-33 elementor-inner-column elementor-element elementor-element-a3c15c1\" data-id=\"a3c15c1\" data-element_type=\"column\" data-e-type=\"column\">\n\t\t\t<div class=\"elementor-widget-wrap elementor-element-populated\">\n\t\t\t\t\t\t<div class=\"elementor-element elementor-element-929502c elementor-widget elementor-widget-image\" data-id=\"929502c\" data-element_type=\"widget\" data-e-type=\"widget\" data-widget_type=\"image.default\">\n\t\t\t\t<div class=\"elementor-widget-container\">\n\t\t\t\t\t\t\t\t\t\t\t\t<figure class=\"wp-caption\">\n\t\t\t\t\t\t\t\t\t\t\t<a href=\"https:\/\/www.sarix.com\/de\/micro-edm-senkerodieren\/\">\n\t\t\t\t\t\t\t<img decoding=\"async\" width=\"300\" height=\"300\" src=\"https:\/\/www.sarix.com\/wp-content\/uploads\/2023\/09\/MicroEDMDieSinking-300x300.jpg\" class=\"attachment-medium size-medium wp-image-4025\" alt=\"\" srcset=\"https:\/\/www.sarix.com\/wp-content\/uploads\/2023\/09\/MicroEDMDieSinking-300x300.jpg 300w, https:\/\/www.sarix.com\/wp-content\/uploads\/2023\/09\/MicroEDMDieSinking-150x150.jpg 150w, https:\/\/www.sarix.com\/wp-content\/uploads\/2023\/09\/MicroEDMDieSinking-768x768.jpg 768w, https:\/\/www.sarix.com\/wp-content\/uploads\/2023\/09\/MicroEDMDieSinking-100x100.jpg 100w, https:\/\/www.sarix.com\/wp-content\/uploads\/2023\/09\/MicroEDMDieSinking.jpg 790w\" sizes=\"(max-width: 300px) 100vw, 300px\" \/>\t\t\t\t\t\t\t\t<\/a>\n\t\t\t\t\t\t\t\t\t\t\t<figcaption class=\"widget-image-caption wp-caption-text\">DISCOVER SARIX Micro EDM Senkerodieren<\/figcaption>\n\t\t\t\t\t\t\t\t\t\t<\/figure>\n\t\t\t\t\t\t\t\t\t<\/div>\n\t\t\t\t<\/div>\n\t\t\t\t\t<\/div>\n\t\t<\/div>\n\t\t\t\t\t<\/div>\n\t\t<\/section>\n\t\t\t\t\t<\/div>\n\t\t<\/div>\n\t\t\t\t\t<\/div>\n\t\t<\/section>\n\t\t\t\t<section class=\"elementor-section elementor-top-section elementor-element elementor-element-cd37a37 elementor-section-boxed elementor-section-height-default elementor-section-height-default\" data-id=\"cd37a37\" data-element_type=\"section\" data-e-type=\"section\">\n\t\t\t\t\t\t<div class=\"elementor-container elementor-column-gap-default\">\n\t\t\t\t\t<div class=\"elementor-column elementor-col-100 elementor-top-column elementor-element elementor-element-1b71114\" data-id=\"1b71114\" data-element_type=\"column\" data-e-type=\"column\">\n\t\t\t<div class=\"elementor-widget-wrap\">\n\t\t\t\t\t\t\t<\/div>\n\t\t<\/div>\n\t\t\t\t\t<\/div>\n\t\t<\/section>\n\t\t\t\t<\/div>\n\t\t","protected":false},"excerpt":{"rendered":"<p>SARIX&nbsp;TECHNOLOGIEN FORTGESCHRITTENE MIKROBEARBEITUNG, TECHNOLOGIE UND ENTWICKLUNG Unsere St\u00e4rke liegt darin, dass wir bei der Integration und Optimierung des technologischen Prozesses des Mikroerodierens an vorderster Front stehen und die Anforderungen des Marktes durch immer kleinere Gr\u00f6\u00dfen und h\u00f6here Pr\u00e4zision bei gleichzeitiger Verk\u00fcrzung der Zykluszeiten effektiv erf\u00fcllen&#8230; SARIX&nbsp;Technologies Empowering Micro Machining Innovation schafft Chancen Als Marktf\u00fchrer bei [&hellip;]<\/p>\n","protected":false},"author":1,"featured_media":0,"parent":0,"menu_order":0,"comment_status":"closed","ping_status":"closed","template":"","meta":{"footnotes":""},"categories":[105],"tags":[],"class_list":["post-5461","page","type-page","status-publish","hentry","category-technologien"],"_links":{"self":[{"href":"https:\/\/www.sarix.com\/de\/wp-json\/wp\/v2\/pages\/5461","targetHints":{"allow":["GET"]}}],"collection":[{"href":"https:\/\/www.sarix.com\/de\/wp-json\/wp\/v2\/pages"}],"about":[{"href":"https:\/\/www.sarix.com\/de\/wp-json\/wp\/v2\/types\/page"}],"author":[{"embeddable":true,"href":"https:\/\/www.sarix.com\/de\/wp-json\/wp\/v2\/users\/1"}],"replies":[{"embeddable":true,"href":"https:\/\/www.sarix.com\/de\/wp-json\/wp\/v2\/comments?post=5461"}],"version-history":[{"count":1,"href":"https:\/\/www.sarix.com\/de\/wp-json\/wp\/v2\/pages\/5461\/revisions"}],"predecessor-version":[{"id":5466,"href":"https:\/\/www.sarix.com\/de\/wp-json\/wp\/v2\/pages\/5461\/revisions\/5466"}],"wp:attachment":[{"href":"https:\/\/www.sarix.com\/de\/wp-json\/wp\/v2\/media?parent=5461"}],"wp:term":[{"taxonomy":"category","embeddable":true,"href":"https:\/\/www.sarix.com\/de\/wp-json\/wp\/v2\/categories?post=5461"},{"taxonomy":"post_tag","embeddable":true,"href":"https:\/\/www.sarix.com\/de\/wp-json\/wp\/v2\/tags?post=5461"}],"curies":[{"name":"wp","href":"https:\/\/api.w.org\/{rel}","templated":true}]}}