{"id":5455,"date":"2023-08-28T19:37:59","date_gmt":"2023-08-28T19:37:59","guid":{"rendered":"https:\/\/www.sarix.com\/anwendungen\/"},"modified":"2024-01-10T02:29:37","modified_gmt":"2024-01-10T02:29:37","slug":"anwendungen","status":"publish","type":"page","link":"https:\/\/www.sarix.com\/de\/anwendungen\/","title":{"rendered":"Anwendungen"},"content":{"rendered":"\t\t<div data-elementor-type=\"wp-page\" data-elementor-id=\"5455\" class=\"elementor elementor-5455 elementor-190\" data-elementor-post-type=\"page\">\n\t\t\t\t\t\t<section class=\"elementor-section elementor-top-section elementor-element elementor-element-b654d5c elementor-section-boxed elementor-section-height-default elementor-section-height-default\" data-id=\"b654d5c\" data-element_type=\"section\" data-e-type=\"section\">\n\t\t\t\t\t\t<div class=\"elementor-container elementor-column-gap-default\">\n\t\t\t\t\t<div class=\"elementor-column elementor-col-100 elementor-top-column elementor-element elementor-element-d586d3d\" data-id=\"d586d3d\" data-element_type=\"column\" data-e-type=\"column\">\n\t\t\t<div class=\"elementor-widget-wrap elementor-element-populated\">\n\t\t\t\t\t\t<div class=\"elementor-element elementor-element-a0f5bba elementor-widget elementor-widget-heading\" data-id=\"a0f5bba\" data-element_type=\"widget\" data-e-type=\"widget\" data-widget_type=\"heading.default\">\n\t\t\t\t<div class=\"elementor-widget-container\">\n\t\t\t\t\t<p class=\"elementor-heading-title elementor-size-default\">Als Marktf\u00fchrer bei der Erf\u00fcllung von Anwendungsanforderungen, die von Forschung und Entwicklung im kleinen Ma\u00dfstab bis hin zur Massenproduktion reichen, konsolidieren wir unsere Mikrofertigungskapazit\u00e4ten und bieten sowohl bestehenden als auch neuen Kunden ma\u00dfgeschneiderte Unterst\u00fctzung...<\/p>\t\t\t\t<\/div>\n\t\t\t\t<\/div>\n\t\t\t\t<section class=\"elementor-section elementor-inner-section elementor-element elementor-element-1c99147 elementor-section-boxed elementor-section-height-default elementor-section-height-default\" data-id=\"1c99147\" data-element_type=\"section\" data-e-type=\"section\">\n\t\t\t\t\t\t<div class=\"elementor-container elementor-column-gap-default\">\n\t\t\t\t\t<div class=\"elementor-column elementor-col-16 elementor-inner-column elementor-element elementor-element-0713745\" data-id=\"0713745\" data-element_type=\"column\" data-e-type=\"column\">\n\t\t\t<div class=\"elementor-widget-wrap elementor-element-populated\">\n\t\t\t\t\t\t<div class=\"elementor-element elementor-element-8927cf2 elementor-widget elementor-widget-image\" data-id=\"8927cf2\" data-element_type=\"widget\" data-e-type=\"widget\" data-widget_type=\"image.default\">\n\t\t\t\t<div class=\"elementor-widget-container\">\n\t\t\t\t\t\t\t\t\t\t\t\t<figure class=\"wp-caption\">\n\t\t\t\t\t\t\t\t\t\t\t<a href=\"https:\/\/www.sarix.com\/de\/anwendungen\/automotive\/\">\n\t\t\t\t\t\t\t<img fetchpriority=\"high\" decoding=\"async\" width=\"640\" height=\"640\" src=\"https:\/\/www.sarix.com\/wp-content\/uploads\/2023\/09\/Automotive-Applications_perfectsquare.png\" class=\"elementor-animation-grow attachment-large size-large wp-image-4050\" alt=\"\" srcset=\"https:\/\/www.sarix.com\/wp-content\/uploads\/2023\/09\/Automotive-Applications_perfectsquare.png 700w, https:\/\/www.sarix.com\/wp-content\/uploads\/2023\/09\/Automotive-Applications_perfectsquare-150x150.png 150w, https:\/\/www.sarix.com\/wp-content\/uploads\/2023\/09\/Automotive-Applications_perfectsquare-300x300.png 300w, https:\/\/www.sarix.com\/wp-content\/uploads\/2023\/09\/Automotive-Applications_perfectsquare-100x100.png 100w\" sizes=\"(max-width: 640px) 100vw, 640px\" \/>\t\t\t\t\t\t\t\t<\/a>\n\t\t\t\t\t\t\t\t\t\t\t<figcaption class=\"widget-image-caption wp-caption-text\">AUTOMOBILINDUSTRIE<\/figcaption>\n\t\t\t\t\t\t\t\t\t\t<\/figure>\n\t\t\t\t\t\t\t\t\t<\/div>\n\t\t\t\t<\/div>\n\t\t\t\t\t<\/div>\n\t\t<\/div>\n\t\t\t\t<div class=\"elementor-column elementor-col-16 elementor-inner-column elementor-element elementor-element-b322207\" data-id=\"b322207\" data-element_type=\"column\" data-e-type=\"column\">\n\t\t\t<div class=\"elementor-widget-wrap elementor-element-populated\">\n\t\t\t\t\t\t<div class=\"elementor-element elementor-element-545114d elementor-widget elementor-widget-image\" data-id=\"545114d\" data-element_type=\"widget\" data-e-type=\"widget\" data-widget_type=\"image.default\">\n\t\t\t\t<div class=\"elementor-widget-container\">\n\t\t\t\t\t\t\t\t\t\t\t\t<figure class=\"wp-caption\">\n\t\t\t\t\t\t\t\t\t\t\t<a href=\"https:\/\/www.sarix.com\/de\/anwendungen\/mikromechanik\/\">\n\t\t\t\t\t\t\t<img decoding=\"async\" width=\"640\" height=\"640\" src=\"https:\/\/www.sarix.com\/wp-content\/uploads\/2023\/09\/MicroMechanics-Applications_perfectsquare.png\" class=\"elementor-animation-grow attachment-large size-large wp-image-4075\" alt=\"\" srcset=\"https:\/\/www.sarix.com\/wp-content\/uploads\/2023\/09\/MicroMechanics-Applications_perfectsquare.png 700w, https:\/\/www.sarix.com\/wp-content\/uploads\/2023\/09\/MicroMechanics-Applications_perfectsquare-150x150.png 150w, https:\/\/www.sarix.com\/wp-content\/uploads\/2023\/09\/MicroMechanics-Applications_perfectsquare-300x300.png 300w, https:\/\/www.sarix.com\/wp-content\/uploads\/2023\/09\/MicroMechanics-Applications_perfectsquare-100x100.png 100w\" sizes=\"(max-width: 640px) 100vw, 640px\" \/>\t\t\t\t\t\t\t\t<\/a>\n\t\t\t\t\t\t\t\t\t\t\t<figcaption class=\"widget-image-caption wp-caption-text\">MIKROMECHANIK<\/figcaption>\n\t\t\t\t\t\t\t\t\t\t<\/figure>\n\t\t\t\t\t\t\t\t\t<\/div>\n\t\t\t\t<\/div>\n\t\t\t\t\t<\/div>\n\t\t<\/div>\n\t\t\t\t<div class=\"elementor-column elementor-col-16 elementor-inner-column elementor-element elementor-element-24ab5d8\" data-id=\"24ab5d8\" data-element_type=\"column\" data-e-type=\"column\">\n\t\t\t<div class=\"elementor-widget-wrap elementor-element-populated\">\n\t\t\t\t\t\t<div class=\"elementor-element elementor-element-ce452d7 elementor-widget elementor-widget-image\" data-id=\"ce452d7\" data-element_type=\"widget\" data-e-type=\"widget\" data-widget_type=\"image.default\">\n\t\t\t\t<div class=\"elementor-widget-container\">\n\t\t\t\t\t\t\t\t\t\t\t\t<figure class=\"wp-caption\">\n\t\t\t\t\t\t\t\t\t\t\t<a href=\"https:\/\/www.sarix.com\/de\/anwendungen\/aerospace\/\">\n\t\t\t\t\t\t\t<img decoding=\"async\" width=\"640\" height=\"640\" src=\"https:\/\/www.sarix.com\/wp-content\/uploads\/2023\/09\/Aerospace-Applications_perfectsquare.png\" class=\"elementor-animation-grow attachment-large size-large wp-image-4055\" alt=\"\" srcset=\"https:\/\/www.sarix.com\/wp-content\/uploads\/2023\/09\/Aerospace-Applications_perfectsquare.png 700w, https:\/\/www.sarix.com\/wp-content\/uploads\/2023\/09\/Aerospace-Applications_perfectsquare-150x150.png 150w, https:\/\/www.sarix.com\/wp-content\/uploads\/2023\/09\/Aerospace-Applications_perfectsquare-300x300.png 300w, https:\/\/www.sarix.com\/wp-content\/uploads\/2023\/09\/Aerospace-Applications_perfectsquare-100x100.png 100w\" sizes=\"(max-width: 640px) 100vw, 640px\" \/>\t\t\t\t\t\t\t\t<\/a>\n\t\t\t\t\t\t\t\t\t\t\t<figcaption class=\"widget-image-caption wp-caption-text\">LUFT- UND RAUMFAHRT<\/figcaption>\n\t\t\t\t\t\t\t\t\t\t<\/figure>\n\t\t\t\t\t\t\t\t\t<\/div>\n\t\t\t\t<\/div>\n\t\t\t\t\t<\/div>\n\t\t<\/div>\n\t\t\t\t<div class=\"elementor-column elementor-col-16 elementor-inner-column elementor-element elementor-element-464f095\" data-id=\"464f095\" data-element_type=\"column\" data-e-type=\"column\">\n\t\t\t<div class=\"elementor-widget-wrap elementor-element-populated\">\n\t\t\t\t\t\t<div class=\"elementor-element elementor-element-4c8b9d8 elementor-widget elementor-widget-image\" data-id=\"4c8b9d8\" data-element_type=\"widget\" data-e-type=\"widget\" data-widget_type=\"image.default\">\n\t\t\t\t<div class=\"elementor-widget-container\">\n\t\t\t\t\t\t\t\t\t\t\t\t<figure class=\"wp-caption\">\n\t\t\t\t\t\t\t\t\t\t\t<a href=\"https:\/\/www.sarix.com\/de\/anwendungen\/mikroformen\/\">\n\t\t\t\t\t\t\t<img loading=\"lazy\" decoding=\"async\" width=\"640\" height=\"640\" src=\"https:\/\/www.sarix.com\/wp-content\/uploads\/2023\/09\/MicroMold-Applications_perfectsquare.png\" class=\"elementor-animation-grow attachment-large size-large wp-image-4060\" alt=\"\" srcset=\"https:\/\/www.sarix.com\/wp-content\/uploads\/2023\/09\/MicroMold-Applications_perfectsquare.png 700w, https:\/\/www.sarix.com\/wp-content\/uploads\/2023\/09\/MicroMold-Applications_perfectsquare-150x150.png 150w, https:\/\/www.sarix.com\/wp-content\/uploads\/2023\/09\/MicroMold-Applications_perfectsquare-300x300.png 300w, https:\/\/www.sarix.com\/wp-content\/uploads\/2023\/09\/MicroMold-Applications_perfectsquare-100x100.png 100w\" sizes=\"(max-width: 640px) 100vw, 640px\" \/>\t\t\t\t\t\t\t\t<\/a>\n\t\t\t\t\t\t\t\t\t\t\t<figcaption class=\"widget-image-caption wp-caption-text\">MICROFORMENBAU<\/figcaption>\n\t\t\t\t\t\t\t\t\t\t<\/figure>\n\t\t\t\t\t\t\t\t\t<\/div>\n\t\t\t\t<\/div>\n\t\t\t\t\t<\/div>\n\t\t<\/div>\n\t\t\t\t<div class=\"elementor-column elementor-col-16 elementor-inner-column elementor-element elementor-element-88fa3b0\" data-id=\"88fa3b0\" data-element_type=\"column\" data-e-type=\"column\">\n\t\t\t<div class=\"elementor-widget-wrap elementor-element-populated\">\n\t\t\t\t\t\t<div class=\"elementor-element elementor-element-45cf710 elementor-widget elementor-widget-image\" data-id=\"45cf710\" data-element_type=\"widget\" data-e-type=\"widget\" data-widget_type=\"image.default\">\n\t\t\t\t<div class=\"elementor-widget-container\">\n\t\t\t\t\t\t\t\t\t\t\t\t<figure class=\"wp-caption\">\n\t\t\t\t\t\t\t\t\t\t\t<a href=\"https:\/\/www.sarix.com\/de\/anwendungen\/medizinisch\/\">\n\t\t\t\t\t\t\t<img loading=\"lazy\" decoding=\"async\" width=\"640\" height=\"640\" src=\"https:\/\/www.sarix.com\/wp-content\/uploads\/2023\/09\/Medical-Applications_perfectsquare.png\" class=\"elementor-animation-grow attachment-large size-large wp-image-4065\" alt=\"\" srcset=\"https:\/\/www.sarix.com\/wp-content\/uploads\/2023\/09\/Medical-Applications_perfectsquare.png 700w, https:\/\/www.sarix.com\/wp-content\/uploads\/2023\/09\/Medical-Applications_perfectsquare-150x150.png 150w, https:\/\/www.sarix.com\/wp-content\/uploads\/2023\/09\/Medical-Applications_perfectsquare-300x300.png 300w, https:\/\/www.sarix.com\/wp-content\/uploads\/2023\/09\/Medical-Applications_perfectsquare-100x100.png 100w\" sizes=\"(max-width: 640px) 100vw, 640px\" \/>\t\t\t\t\t\t\t\t<\/a>\n\t\t\t\t\t\t\t\t\t\t\t<figcaption class=\"widget-image-caption wp-caption-text\">MEDIZINTECHNIK<\/figcaption>\n\t\t\t\t\t\t\t\t\t\t<\/figure>\n\t\t\t\t\t\t\t\t\t<\/div>\n\t\t\t\t<\/div>\n\t\t\t\t\t<\/div>\n\t\t<\/div>\n\t\t\t\t<div class=\"elementor-column elementor-col-16 elementor-inner-column elementor-element elementor-element-9f007ea\" data-id=\"9f007ea\" data-element_type=\"column\" data-e-type=\"column\">\n\t\t\t<div class=\"elementor-widget-wrap elementor-element-populated\">\n\t\t\t\t\t\t<div class=\"elementor-element elementor-element-71c6f35 elementor-widget elementor-widget-image\" data-id=\"71c6f35\" data-element_type=\"widget\" data-e-type=\"widget\" data-widget_type=\"image.default\">\n\t\t\t\t<div class=\"elementor-widget-container\">\n\t\t\t\t\t\t\t\t\t\t\t\t<figure class=\"wp-caption\">\n\t\t\t\t\t\t\t\t\t\t\t<a href=\"https:\/\/www.sarix.com\/de\/anwendungen\/textil\/\">\n\t\t\t\t\t\t\t<img loading=\"lazy\" decoding=\"async\" width=\"640\" height=\"640\" src=\"https:\/\/www.sarix.com\/wp-content\/uploads\/2023\/09\/Textile-Applications_perfectsquare.png\" class=\"elementor-animation-grow attachment-large size-large wp-image-4070\" alt=\"\" srcset=\"https:\/\/www.sarix.com\/wp-content\/uploads\/2023\/09\/Textile-Applications_perfectsquare.png 700w, https:\/\/www.sarix.com\/wp-content\/uploads\/2023\/09\/Textile-Applications_perfectsquare-150x150.png 150w, https:\/\/www.sarix.com\/wp-content\/uploads\/2023\/09\/Textile-Applications_perfectsquare-300x300.png 300w, https:\/\/www.sarix.com\/wp-content\/uploads\/2023\/09\/Textile-Applications_perfectsquare-100x100.png 100w\" sizes=\"(max-width: 640px) 100vw, 640px\" \/>\t\t\t\t\t\t\t\t<\/a>\n\t\t\t\t\t\t\t\t\t\t\t<figcaption class=\"widget-image-caption wp-caption-text\">TEXTIL<\/figcaption>\n\t\t\t\t\t\t\t\t\t\t<\/figure>\n\t\t\t\t\t\t\t\t\t<\/div>\n\t\t\t\t<\/div>\n\t\t\t\t\t<\/div>\n\t\t<\/div>\n\t\t\t\t\t<\/div>\n\t\t<\/section>\n\t\t\t\t\t<\/div>\n\t\t<\/div>\n\t\t\t\t\t<\/div>\n\t\t<\/section>\n\t\t\t\t<section class=\"elementor-section elementor-top-section elementor-element elementor-element-112bcfe elementor-section-boxed elementor-section-height-default elementor-section-height-default\" data-id=\"112bcfe\" data-element_type=\"section\" data-e-type=\"section\">\n\t\t\t\t\t\t<div class=\"elementor-container elementor-column-gap-default\">\n\t\t\t\t\t<div class=\"elementor-column elementor-col-100 elementor-top-column elementor-element elementor-element-0654950\" data-id=\"0654950\" data-element_type=\"column\" data-e-type=\"column\">\n\t\t\t<div class=\"elementor-widget-wrap\">\n\t\t\t\t\t\t\t<\/div>\n\t\t<\/div>\n\t\t\t\t\t<\/div>\n\t\t<\/section>\n\t\t\t\t<\/div>\n\t\t","protected":false},"excerpt":{"rendered":"<p>Als Marktf\u00fchrer bei der Erf\u00fcllung von Anwendungsanforderungen, die von Forschung und Entwicklung im kleinen Ma\u00dfstab bis hin zur Massenproduktion reichen, konsolidieren wir unsere Mikrofertigungskapazit\u00e4ten und bieten sowohl bestehenden als auch neuen Kunden ma\u00dfgeschneiderte Unterst\u00fctzung&#8230; AUTOMOBILINDUSTRIE MIKROMECHANIK LUFT- UND RAUMFAHRT MICROFORMENBAU MEDIZINTECHNIK TEXTIL<\/p>\n","protected":false},"author":1,"featured_media":0,"parent":0,"menu_order":0,"comment_status":"closed","ping_status":"closed","template":"","meta":{"footnotes":""},"categories":[54],"tags":[],"class_list":["post-5455","page","type-page","status-publish","hentry","category-anwendungsmarkt"],"_links":{"self":[{"href":"https:\/\/www.sarix.com\/de\/wp-json\/wp\/v2\/pages\/5455","targetHints":{"allow":["GET"]}}],"collection":[{"href":"https:\/\/www.sarix.com\/de\/wp-json\/wp\/v2\/pages"}],"about":[{"href":"https:\/\/www.sarix.com\/de\/wp-json\/wp\/v2\/types\/page"}],"author":[{"embeddable":true,"href":"https:\/\/www.sarix.com\/de\/wp-json\/wp\/v2\/users\/1"}],"replies":[{"embeddable":true,"href":"https:\/\/www.sarix.com\/de\/wp-json\/wp\/v2\/comments?post=5455"}],"version-history":[{"count":2,"href":"https:\/\/www.sarix.com\/de\/wp-json\/wp\/v2\/pages\/5455\/revisions"}],"predecessor-version":[{"id":6735,"href":"https:\/\/www.sarix.com\/de\/wp-json\/wp\/v2\/pages\/5455\/revisions\/6735"}],"wp:attachment":[{"href":"https:\/\/www.sarix.com\/de\/wp-json\/wp\/v2\/media?parent=5455"}],"wp:term":[{"taxonomy":"category","embeddable":true,"href":"https:\/\/www.sarix.com\/de\/wp-json\/wp\/v2\/categories?post=5455"},{"taxonomy":"post_tag","embeddable":true,"href":"https:\/\/www.sarix.com\/de\/wp-json\/wp\/v2\/tags?post=5455"}],"curies":[{"name":"wp","href":"https:\/\/api.w.org\/{rel}","templated":true}]}}