{"id":5446,"date":"2023-09-06T20:29:45","date_gmt":"2023-09-06T20:29:45","guid":{"rendered":"https:\/\/www.sarix.com\/kegelbohrung-und-inverser-kegel\/"},"modified":"2025-09-18T07:36:00","modified_gmt":"2025-09-18T07:36:00","slug":"kegelbohrung-und-inverser-kegel","status":"publish","type":"page","link":"https:\/\/www.sarix.com\/de\/sarix-technologien\/mikro-edm-technologien\/kegelbohrung-und-inverser-kegel\/","title":{"rendered":"Kegelbohrung und inverser Kegel"},"content":{"rendered":"\t\t<div data-elementor-type=\"wp-page\" data-elementor-id=\"5446\" class=\"elementor elementor-5446 elementor-346\" data-elementor-post-type=\"page\">\n\t\t\t\t\t\t<section class=\"elementor-section elementor-top-section elementor-element elementor-element-d644a8a elementor-section-boxed elementor-section-height-default elementor-section-height-default\" data-id=\"d644a8a\" data-element_type=\"section\" data-e-type=\"section\">\n\t\t\t\t\t\t<div class=\"elementor-container elementor-column-gap-default\">\n\t\t\t\t\t<div class=\"elementor-column elementor-col-100 elementor-top-column elementor-element elementor-element-817e526\" data-id=\"817e526\" data-element_type=\"column\" data-e-type=\"column\">\n\t\t\t<div class=\"elementor-widget-wrap elementor-element-populated\">\n\t\t\t\t\t\t<section class=\"elementor-section elementor-inner-section elementor-element elementor-element-ca5eda5 elementor-section-boxed elementor-section-height-default elementor-section-height-default\" data-id=\"ca5eda5\" data-element_type=\"section\" data-e-type=\"section\">\n\t\t\t\t\t\t<div class=\"elementor-container elementor-column-gap-default\">\n\t\t\t\t\t<div class=\"elementor-column elementor-col-25 elementor-inner-column elementor-element elementor-element-d40ac93\" data-id=\"d40ac93\" data-element_type=\"column\" data-e-type=\"column\">\n\t\t\t<div class=\"elementor-widget-wrap elementor-element-populated\">\n\t\t\t\t\t\t<div class=\"elementor-element elementor-element-8874c21 elementor-widget elementor-widget-text-editor\" data-id=\"8874c21\" data-element_type=\"widget\" data-e-type=\"widget\" data-widget_type=\"text-editor.default\">\n\t\t\t\t<div class=\"elementor-widget-container\">\n\t\t\t\t\t\t\t\t\t<p style=\"font-size: 16px;\"><span style=\"font-weight: bold;\">Hochpr\u00e4zise zylindrische L\u00f6cher mit konischem und inversem Kegelprofil<\/span><\/p>\n\t\t\t\t\t\t\t\t<\/div>\n\t\t\t\t<\/div>\n\t\t\t\t<div class=\"elementor-element elementor-element-8d3c372 elementor-widget elementor-widget-text-editor\" data-id=\"8d3c372\" data-element_type=\"widget\" data-e-type=\"widget\" data-widget_type=\"text-editor.default\">\n\t\t\t\t<div class=\"elementor-widget-container\">\n\t\t\t\t\t\t\t\t\t<p><span style=\"color: var( --e-global-color-text ); font-weight: var( --e-global-typography-text-font-weight );\">Mit dem zunehmenden Trend zur Miniaturisierung hat SARIX, basierend auf seiner langj\u00e4hrigen Erfahrung in der Mikro-Erodier-Bohrtechnik, eine verbesserte und hochproduktive L\u00f6sung f\u00fcr die Massenproduktion entwickelt.  <\/span><\/p>\n<p><span style=\"color: var( --e-global-color-text ); font-weight: var( --e-global-typography-text-font-weight );\">Die Bearbeitungsqualit\u00e4t von Spr\u00fchd\u00fcsen, die sich direkt auf die Einspritzleistung und den Verbrennungswirkungsgrad von Dieselmotoren auswirken, erfordert eine perfekte Kontrolle der Verj\u00fcngung der Bohrung gem\u00e4\u00df der inversen Kegelbohrung. Diese fortschrittliche und leistungsf\u00e4hige Technologie er\u00f6ffnet die Herstellung von Antriebsstrang-Automobilger\u00e4ten f\u00fcr die Diesel- und Benzineinspritzung nach immer weniger Emissions- und Kraftstoffverbrauchsvorschriften. Die Schl\u00fcsseltechnologien liegen im Bereich der Elektrodenzuf\u00fchrung, der perfekten Elektroden-Drehklemmung, der Multifunktions-Kippmechanismen und der Micro EDM-Prozesssteuerung.<\/span><\/p><\/p>\n\t\t\t\t\t\t\t\t<\/div>\n\t\t\t\t<\/div>\n\t\t\t\t<div class=\"elementor-element elementor-element-d9acf24 elementor-widget elementor-widget-image\" data-id=\"d9acf24\" data-element_type=\"widget\" data-e-type=\"widget\" data-widget_type=\"image.default\">\n\t\t\t\t<div class=\"elementor-widget-container\">\n\t\t\t\t\t\t\t\t\t\t\t\t\t\t\t<img fetchpriority=\"high\" decoding=\"async\" width=\"454\" height=\"366\" src=\"https:\/\/www.sarix.com\/wp-content\/uploads\/2023\/09\/Taper-hole-b.jpg\" class=\"attachment-large size-large wp-image-4445\" alt=\"\" srcset=\"https:\/\/www.sarix.com\/wp-content\/uploads\/2023\/09\/Taper-hole-b.jpg 454w, https:\/\/www.sarix.com\/wp-content\/uploads\/2023\/09\/Taper-hole-b-300x242.jpg 300w\" sizes=\"(max-width: 454px) 100vw, 454px\" \/>\t\t\t\t\t\t\t\t\t\t\t\t\t\t\t<\/div>\n\t\t\t\t<\/div>\n\t\t\t\t\t<\/div>\n\t\t<\/div>\n\t\t\t\t<div class=\"elementor-column elementor-col-25 elementor-inner-column elementor-element elementor-element-7a82c09\" data-id=\"7a82c09\" data-element_type=\"column\" data-e-type=\"column\">\n\t\t\t<div class=\"elementor-widget-wrap elementor-element-populated\">\n\t\t\t\t\t\t<div class=\"elementor-element elementor-element-5494d49 elementor-widget elementor-widget-text-editor\" data-id=\"5494d49\" data-element_type=\"widget\" data-e-type=\"widget\" data-widget_type=\"text-editor.default\">\n\t\t\t\t<div class=\"elementor-widget-container\">\n\t\t\t\t\t\t\t\t\t<p><b>Schritt gerade und konische L\u00f6cher<\/b><\/p>\n<p><span style=\"color: var( --e-global-color-text ); font-weight: var( --e-global-typography-text-font-weight ); font-size: 1em;\">Die integrierte SARIX \u03bc-EDM-Technologie erm\u00f6glicht eine Bearbeitung mit hoher Qualit\u00e4t und Effizienz, die den Anforderungen der Massenproduktion gerecht wird.<\/span><span style=\"color: var( --e-global-color-text ); font-size: 1em; font-weight: var( --e-global-typography-text-font-weight );\"> <\/span><\/p>\n\t\t\t\t\t\t\t\t<\/div>\n\t\t\t\t<\/div>\n\t\t\t\t<div class=\"elementor-element elementor-element-c6dd938 elementor-widget elementor-widget-image\" data-id=\"c6dd938\" data-element_type=\"widget\" data-e-type=\"widget\" data-widget_type=\"image.default\">\n\t\t\t\t<div class=\"elementor-widget-container\">\n\t\t\t\t\t\t\t\t\t\t\t\t\t\t\t<img decoding=\"async\" width=\"439\" height=\"692\" src=\"https:\/\/www.sarix.com\/wp-content\/uploads\/2023\/09\/Taper-hole-a.jpg\" class=\"attachment-large size-large wp-image-4450\" alt=\"\" srcset=\"https:\/\/www.sarix.com\/wp-content\/uploads\/2023\/09\/Taper-hole-a.jpg 439w, https:\/\/www.sarix.com\/wp-content\/uploads\/2023\/09\/Taper-hole-a-190x300.jpg 190w\" sizes=\"(max-width: 439px) 100vw, 439px\" \/>\t\t\t\t\t\t\t\t\t\t\t\t\t\t\t<\/div>\n\t\t\t\t<\/div>\n\t\t\t\t<div class=\"elementor-element elementor-element-3e98cad elementor-widget elementor-widget-text-editor\" data-id=\"3e98cad\" data-element_type=\"widget\" data-e-type=\"widget\" data-widget_type=\"text-editor.default\">\n\t\t\t\t<div class=\"elementor-widget-container\">\n\t\t\t\t\t\t\t\t\t<p><span style=\"color: var( --e-global-color-text ); font-weight: var( --e-global-typography-text-font-weight );\">Hochpr\u00e4zise Elektrodenspannzange mit F\u00fchrungsspitze, die pr\u00e4zise f\u00fcr die Zuf\u00fchrung kleinster Elektroden bis zu 30 Mikron ausgelegt ist.<\/span><\/p><\/p>\n\t\t\t\t\t\t\t\t<\/div>\n\t\t\t\t<\/div>\n\t\t\t\t\t<\/div>\n\t\t<\/div>\n\t\t\t\t<div class=\"elementor-column elementor-col-25 elementor-inner-column elementor-element elementor-element-77f0263\" data-id=\"77f0263\" data-element_type=\"column\" data-e-type=\"column\">\n\t\t\t<div class=\"elementor-widget-wrap elementor-element-populated\">\n\t\t\t\t\t\t<div class=\"elementor-element elementor-element-cee5913 elementor-widget elementor-widget-spacer\" data-id=\"cee5913\" data-element_type=\"widget\" data-e-type=\"widget\" data-widget_type=\"spacer.default\">\n\t\t\t\t<div class=\"elementor-widget-container\">\n\t\t\t\t\t\t\t<div class=\"elementor-spacer\">\n\t\t\t<div class=\"elementor-spacer-inner\"><\/div>\n\t\t<\/div>\n\t\t\t\t\t\t<\/div>\n\t\t\t\t<\/div>\n\t\t\t\t<div class=\"elementor-element elementor-element-977448a elementor-widget elementor-widget-text-editor\" data-id=\"977448a\" data-element_type=\"widget\" data-e-type=\"widget\" data-widget_type=\"text-editor.default\">\n\t\t\t\t<div class=\"elementor-widget-container\">\n\t\t\t\t\t\t\t\t\t<p style=\"font-size: 16px;\"><span style=\"font-weight: bold;\">Fakten und Ergebnisse<\/span><\/p>\n\t\t\t\t\t\t\t\t<\/div>\n\t\t\t\t<\/div>\n\t\t\t\t<div class=\"elementor-element elementor-element-3ae8088 elementor-widget elementor-widget-text-editor\" data-id=\"3ae8088\" data-element_type=\"widget\" data-e-type=\"widget\" data-widget_type=\"text-editor.default\">\n\t\t\t\t<div class=\"elementor-widget-container\">\n\t\t\t\t\t\t\t\t\t<p>Bohrung&nbsp;&nbsp;<span style=\"font-family: Roboto, sans-serif;\">\u00d8-Bereich <\/span>von<span style=\"color: var( --e-global-color-text ); font-family: Roboto, sans-serif; font-size: 1em;\">&nbsp;50 \u00b5m bis 1,0 mm<\/span><\/p>\n<p><span style=\"color: var( --e-global-color-text );\">Konisches Loch mit umgekehrter Konizit\u00e4t bis zu 10-20&nbsp;&nbsp;<\/span><span style=\"color: var( --e-global-color-text ); font-family: Roboto, sans-serif; font-size: 1em;\">\u00b5m<\/span><\/p><p><span style=\"color: var( --e-global-color-text ); font-family: Roboto, sans-serif; font-size: 1em;\">Verh\u00e4ltnis Bohrlochtiefe\/Durchmesser bis zu 10-12 mal<\/span><\/p><p><span style=\"color: var( --e-global-color-text ); font-family: Roboto, sans-serif; font-size: 1em;\">Ovale, quadratische und rechteckige Forml\u00f6cher<\/span><\/p><p><span style=\"color: var( --e-global-color-text ); font-family: Roboto, sans-serif; font-size: 1em;\">Hohe Oberfl\u00e4cheng\u00fcte bis zu Ra 0,05&nbsp;<\/span><span style=\"color: var( --e-global-color-text ); font-family: Roboto, sans-serif; font-size: 1em;\">\u00b5m<\/span><\/p>\t\t\t\t\t\t\t\t<\/div>\n\t\t\t\t<\/div>\n\t\t\t\t<div class=\"elementor-element elementor-element-3afc751 elementor-widget elementor-widget-spacer\" data-id=\"3afc751\" data-element_type=\"widget\" data-e-type=\"widget\" data-widget_type=\"spacer.default\">\n\t\t\t\t<div class=\"elementor-widget-container\">\n\t\t\t\t\t\t\t<div class=\"elementor-spacer\">\n\t\t\t<div class=\"elementor-spacer-inner\"><\/div>\n\t\t<\/div>\n\t\t\t\t\t\t<\/div>\n\t\t\t\t<\/div>\n\t\t\t\t\t<\/div>\n\t\t<\/div>\n\t\t\t\t<div class=\"elementor-column elementor-col-25 elementor-inner-column elementor-element elementor-element-d39ff5a\" data-id=\"d39ff5a\" data-element_type=\"column\" data-e-type=\"column\">\n\t\t\t<div class=\"elementor-widget-wrap elementor-element-populated\">\n\t\t\t\t\t\t<div class=\"elementor-element elementor-element-8c98a8c elementor-widget elementor-widget-heading\" data-id=\"8c98a8c\" data-element_type=\"widget\" data-e-type=\"widget\" data-widget_type=\"heading.default\">\n\t\t\t\t<div class=\"elementor-widget-container\">\n\t\t\t\t\t<p class=\"elementor-heading-title elementor-size-default\">STICHPROBENAUSWAHL<\/p>\t\t\t\t<\/div>\n\t\t\t\t<\/div>\n\t\t\t\t<div class=\"elementor-element elementor-element-5c4cc00 elementor-widget elementor-widget-image\" data-id=\"5c4cc00\" data-element_type=\"widget\" data-e-type=\"widget\" data-widget_type=\"image.default\">\n\t\t\t\t<div class=\"elementor-widget-container\">\n\t\t\t\t\t\t\t\t\t\t\t\t\t\t\t<img decoding=\"async\" width=\"300\" height=\"248\" src=\"https:\/\/www.sarix.com\/wp-content\/uploads\/2023\/09\/Tubing-1-300x248.jpg\" class=\"attachment-medium size-medium wp-image-4290\" alt=\"\" srcset=\"https:\/\/www.sarix.com\/wp-content\/uploads\/2023\/09\/Tubing-1-300x248.jpg 300w, https:\/\/www.sarix.com\/wp-content\/uploads\/2023\/09\/Tubing-1.jpg 510w\" sizes=\"(max-width: 300px) 100vw, 300px\" \/>\t\t\t\t\t\t\t\t\t\t\t\t\t\t\t<\/div>\n\t\t\t\t<\/div>\n\t\t\t\t<div class=\"elementor-element elementor-element-9f389a9 elementor-widget elementor-widget-image\" data-id=\"9f389a9\" data-element_type=\"widget\" data-e-type=\"widget\" data-widget_type=\"image.default\">\n\t\t\t\t<div class=\"elementor-widget-container\">\n\t\t\t\t\t\t\t\t\t\t\t\t\t\t\t<img loading=\"lazy\" decoding=\"async\" width=\"150\" height=\"150\" src=\"https:\/\/www.sarix.com\/wp-content\/uploads\/2023\/09\/Medical-components-150x150.jpg\" class=\"attachment-thumbnail size-thumbnail wp-image-4200\" alt=\"\" srcset=\"https:\/\/www.sarix.com\/wp-content\/uploads\/2023\/09\/Medical-components-150x150.jpg 150w, https:\/\/www.sarix.com\/wp-content\/uploads\/2023\/09\/Medical-components-298x300.jpg 298w, https:\/\/www.sarix.com\/wp-content\/uploads\/2023\/09\/Medical-components-768x773.jpg 768w, https:\/\/www.sarix.com\/wp-content\/uploads\/2023\/09\/Medical-components-1017x1024.jpg 1017w, https:\/\/www.sarix.com\/wp-content\/uploads\/2023\/09\/Medical-components-100x100.jpg 100w, https:\/\/www.sarix.com\/wp-content\/uploads\/2023\/09\/Medical-components.jpg 1026w\" sizes=\"(max-width: 150px) 100vw, 150px\" \/>\t\t\t\t\t\t\t\t\t\t\t\t\t\t\t<\/div>\n\t\t\t\t<\/div>\n\t\t\t\t<div class=\"elementor-element elementor-element-09d8c19 elementor-widget__width-auto elementor-widget elementor-widget-text-editor\" data-id=\"09d8c19\" data-element_type=\"widget\" data-e-type=\"widget\" data-widget_type=\"text-editor.default\">\n\t\t\t\t<div class=\"elementor-widget-container\">\n\t\t\t\t\t\t\t\t\t<p><span style=\"font-size: 1em; color: var( --e-global-color-text );\"><b>Wir erf\u00fcllen Ihre anspruchsvollsten Herausforderungen beim Mikrobohren!<\/b><\/span><\/p>\n<p><b>Kontaktieren Sie uns f\u00fcr einen kostenlosen Probetest!<\/b><\/p>\n\t\t\t\t\t\t\t\t<\/div>\n\t\t\t\t<\/div>\n\t\t\t\t\t<\/div>\n\t\t<\/div>\n\t\t\t\t\t<\/div>\n\t\t<\/section>\n\t\t\t\t\t<\/div>\n\t\t<\/div>\n\t\t\t\t\t<\/div>\n\t\t<\/section>\n\t\t\t\t<\/div>\n\t\t","protected":false},"excerpt":{"rendered":"<p>Hochpr\u00e4zise zylindrische L\u00f6cher mit konischem und inversem Kegelprofil Mit dem zunehmenden Trend zur Miniaturisierung hat SARIX, basierend auf seiner langj\u00e4hrigen Erfahrung in der Mikro-Erodier-Bohrtechnik, eine verbesserte und hochproduktive L\u00f6sung f\u00fcr die Massenproduktion entwickelt. Die Bearbeitungsqualit\u00e4t von Spr\u00fchd\u00fcsen, die sich direkt auf die Einspritzleistung und den Verbrennungswirkungsgrad von Dieselmotoren auswirken, erfordert eine perfekte Kontrolle der Verj\u00fcngung [&hellip;]<\/p>\n","protected":false},"author":1,"featured_media":0,"parent":5471,"menu_order":0,"comment_status":"closed","ping_status":"closed","template":"","meta":{"footnotes":""},"categories":[8],"tags":[],"class_list":["post-5446","page","type-page","status-publish","hentry","category-technologies"],"_links":{"self":[{"href":"https:\/\/www.sarix.com\/de\/wp-json\/wp\/v2\/pages\/5446","targetHints":{"allow":["GET"]}}],"collection":[{"href":"https:\/\/www.sarix.com\/de\/wp-json\/wp\/v2\/pages"}],"about":[{"href":"https:\/\/www.sarix.com\/de\/wp-json\/wp\/v2\/types\/page"}],"author":[{"embeddable":true,"href":"https:\/\/www.sarix.com\/de\/wp-json\/wp\/v2\/users\/1"}],"replies":[{"embeddable":true,"href":"https:\/\/www.sarix.com\/de\/wp-json\/wp\/v2\/comments?post=5446"}],"version-history":[{"count":4,"href":"https:\/\/www.sarix.com\/de\/wp-json\/wp\/v2\/pages\/5446\/revisions"}],"predecessor-version":[{"id":15132,"href":"https:\/\/www.sarix.com\/de\/wp-json\/wp\/v2\/pages\/5446\/revisions\/15132"}],"up":[{"embeddable":true,"href":"https:\/\/www.sarix.com\/de\/wp-json\/wp\/v2\/pages\/5471"}],"wp:attachment":[{"href":"https:\/\/www.sarix.com\/de\/wp-json\/wp\/v2\/media?parent=5446"}],"wp:term":[{"taxonomy":"category","embeddable":true,"href":"https:\/\/www.sarix.com\/de\/wp-json\/wp\/v2\/categories?post=5446"},{"taxonomy":"post_tag","embeddable":true,"href":"https:\/\/www.sarix.com\/de\/wp-json\/wp\/v2\/tags?post=5446"}],"curies":[{"name":"wp","href":"https:\/\/api.w.org\/{rel}","templated":true}]}}