{"id":5418,"date":"2023-09-08T08:03:38","date_gmt":"2023-09-08T08:03:38","guid":{"rendered":"https:\/\/www.sarix.com\/maschinen\/sx100-hpm\/"},"modified":"2024-12-04T17:30:46","modified_gmt":"2024-12-04T17:30:46","slug":"sx100-hpm","status":"publish","type":"page","link":"https:\/\/www.sarix.com\/de\/maschinen\/sx100-hpm\/","title":{"rendered":"SX100-hpm"},"content":{"rendered":"\t\t<div data-elementor-type=\"wp-page\" data-elementor-id=\"5418\" class=\"elementor elementor-5418 elementor-550\" data-elementor-post-type=\"page\">\n\t\t\t\t\t\t<section class=\"elementor-section elementor-top-section elementor-element elementor-element-08416cc elementor-section-content-top elementor-section-boxed elementor-section-height-default elementor-section-height-default\" data-id=\"08416cc\" data-element_type=\"section\" data-e-type=\"section\">\n\t\t\t\t\t\t<div class=\"elementor-container elementor-column-gap-no\">\n\t\t\t\t\t<div class=\"elementor-column elementor-col-100 elementor-top-column elementor-element elementor-element-1148295\" data-id=\"1148295\" data-element_type=\"column\" data-e-type=\"column\">\n\t\t\t<div class=\"elementor-widget-wrap elementor-element-populated\">\n\t\t\t\t\t\t<div class=\"elementor-element elementor-element-96be4f1 elementor-widget elementor-widget-shortcode\" data-id=\"96be4f1\" data-element_type=\"widget\" data-e-type=\"widget\" data-widget_type=\"shortcode.default\">\n\t\t\t\t<div class=\"elementor-widget-container\">\n\t\t\t\t\t\t\t<div class=\"elementor-shortcode\"><div data-post-id=\"5915\" class=\"insert-page insert-page-5915 \">\t\t<div data-elementor-type=\"wp-page\" data-elementor-id=\"5915\" class=\"elementor elementor-5915 elementor-481 elementor-481\" data-elementor-post-type=\"page\">\n\t\t\t\t\t\t<section class=\"elementor-section elementor-top-section elementor-element elementor-element-4f892fe elementor-section-stretched elementor-hidden-tablet elementor-hidden-mobile elementor-section-boxed elementor-section-height-default elementor-section-height-default\" data-id=\"4f892fe\" data-element_type=\"section\" data-e-type=\"section\" data-settings=\"{&quot;stretch_section&quot;:&quot;section-stretched&quot;}\">\n\t\t\t\t\t\t<div class=\"elementor-container elementor-column-gap-wide\">\n\t\t\t\t\t<div class=\"elementor-column elementor-col-100 elementor-top-column elementor-element elementor-element-8ac3466\" data-id=\"8ac3466\" data-element_type=\"column\" data-e-type=\"column\">\n\t\t\t<div class=\"elementor-widget-wrap elementor-element-populated\">\n\t\t\t\t\t\t<section class=\"elementor-section elementor-inner-section elementor-element elementor-element-7f9cb31 elementor-section-boxed elementor-section-height-default elementor-section-height-default\" data-id=\"7f9cb31\" data-element_type=\"section\" data-e-type=\"section\">\n\t\t\t\t\t\t<div class=\"elementor-container elementor-column-gap-default\">\n\t\t\t\t\t<div class=\"elementor-column elementor-col-14 elementor-inner-column elementor-element elementor-element-0289160\" data-id=\"0289160\" data-element_type=\"column\" data-e-type=\"column\">\n\t\t\t<div class=\"elementor-widget-wrap elementor-element-populated\">\n\t\t\t\t\t\t<div class=\"elementor-element elementor-element-c990430 elementor-invisible elementor-widget elementor-widget-heading\" data-id=\"c990430\" data-element_type=\"widget\" data-e-type=\"widget\" data-settings=\"{&quot;_animation&quot;:&quot;fadeIn&quot;}\" data-widget_type=\"heading.default\">\n\t\t\t\t<div class=\"elementor-widget-container\">\n\t\t\t\t\t<p class=\"elementor-heading-title elementor-size-default\"><a href=\"https:\/\/www.sarix.com\/de\/maschinen\/neu-sx30-pm\/\">SX30 PM<\/a><\/p>\t\t\t\t<\/div>\n\t\t\t\t<\/div>\n\t\t\t\t\t<\/div>\n\t\t<\/div>\n\t\t\t\t<div class=\"elementor-column elementor-col-14 elementor-inner-column elementor-element elementor-element-b10d99b\" data-id=\"b10d99b\" data-element_type=\"column\" data-e-type=\"column\">\n\t\t\t<div class=\"elementor-widget-wrap elementor-element-populated\">\n\t\t\t\t\t\t<div class=\"elementor-element elementor-element-a956c9e elementor-invisible elementor-widget elementor-widget-heading\" data-id=\"a956c9e\" data-element_type=\"widget\" data-e-type=\"widget\" data-settings=\"{&quot;_animation&quot;:&quot;fadeIn&quot;}\" data-widget_type=\"heading.default\">\n\t\t\t\t<div class=\"elementor-widget-container\">\n\t\t\t\t\t<p class=\"elementor-heading-title elementor-size-default\"><a href=\"https:\/\/www.sarix.com\/de\/maschinen\/sx80-hpm\/\">SX80 HPM<\/a><\/p>\t\t\t\t<\/div>\n\t\t\t\t<\/div>\n\t\t\t\t\t<\/div>\n\t\t<\/div>\n\t\t\t\t<div class=\"elementor-column elementor-col-14 elementor-inner-column elementor-element elementor-element-8b64710\" data-id=\"8b64710\" data-element_type=\"column\" data-e-type=\"column\">\n\t\t\t<div class=\"elementor-widget-wrap elementor-element-populated\">\n\t\t\t\t\t\t<div class=\"elementor-element elementor-element-f0f7d44 elementor-invisible elementor-widget elementor-widget-heading\" data-id=\"f0f7d44\" data-element_type=\"widget\" data-e-type=\"widget\" data-settings=\"{&quot;_animation&quot;:&quot;fadeIn&quot;}\" data-widget_type=\"heading.default\">\n\t\t\t\t<div class=\"elementor-widget-container\">\n\t\t\t\t\t<p class=\"elementor-heading-title elementor-size-default\"><a href=\"https:\/\/www.sarix.com\/de\/maschinen\/sx100-hpm\/\">SX100 HPM<\/a><\/p>\t\t\t\t<\/div>\n\t\t\t\t<\/div>\n\t\t\t\t\t<\/div>\n\t\t<\/div>\n\t\t\t\t<div class=\"elementor-column elementor-col-14 elementor-inner-column elementor-element elementor-element-0e4dead\" data-id=\"0e4dead\" data-element_type=\"column\" data-e-type=\"column\">\n\t\t\t<div class=\"elementor-widget-wrap elementor-element-populated\">\n\t\t\t\t\t\t<div class=\"elementor-element elementor-element-6423ff2 elementor-invisible elementor-widget elementor-widget-heading\" data-id=\"6423ff2\" data-element_type=\"widget\" data-e-type=\"widget\" data-settings=\"{&quot;_animation&quot;:&quot;fadeIn&quot;}\" data-widget_type=\"heading.default\">\n\t\t\t\t<div class=\"elementor-widget-container\">\n\t\t\t\t\t<p class=\"elementor-heading-title elementor-size-default\"><a href=\"https:\/\/www.sarix.com\/de\/maschinen\/sx200-hpm\/\">SX200 HPM<\/a><\/p>\t\t\t\t<\/div>\n\t\t\t\t<\/div>\n\t\t\t\t\t<\/div>\n\t\t<\/div>\n\t\t\t\t<div class=\"elementor-column elementor-col-14 elementor-inner-column elementor-element elementor-element-0588ef0\" data-id=\"0588ef0\" data-element_type=\"column\" data-e-type=\"column\">\n\t\t\t<div class=\"elementor-widget-wrap elementor-element-populated\">\n\t\t\t\t\t\t<div class=\"elementor-element elementor-element-180d720 elementor-invisible elementor-widget elementor-widget-heading\" data-id=\"180d720\" data-element_type=\"widget\" data-e-type=\"widget\" data-settings=\"{&quot;_animation&quot;:&quot;fadeIn&quot;}\" data-widget_type=\"heading.default\">\n\t\t\t\t<div class=\"elementor-widget-container\">\n\t\t\t\t\t<p class=\"elementor-heading-title elementor-size-default\"><a href=\"https:\/\/www.sarix.com\/de\/maschinen\/sx200-aero\/\">SX200 AERO<\/a><\/p>\t\t\t\t<\/div>\n\t\t\t\t<\/div>\n\t\t\t\t\t<\/div>\n\t\t<\/div>\n\t\t\t\t<div class=\"elementor-column elementor-col-14 elementor-inner-column elementor-element elementor-element-e701db0\" data-id=\"e701db0\" data-element_type=\"column\" data-e-type=\"column\">\n\t\t\t<div class=\"elementor-widget-wrap elementor-element-populated\">\n\t\t\t\t\t\t<div class=\"elementor-element elementor-element-fad1389 elementor-invisible elementor-widget elementor-widget-heading\" data-id=\"fad1389\" data-element_type=\"widget\" data-e-type=\"widget\" data-settings=\"{&quot;_animation&quot;:&quot;fadeIn&quot;}\" data-widget_type=\"heading.default\">\n\t\t\t\t<div class=\"elementor-widget-container\">\n\t\t\t\t\t<p class=\"elementor-heading-title elementor-size-default\"><a href=\"https:\/\/www.sarix.com\/de\/maschinen\/sx200l\/\">SX200L<\/a><\/p>\t\t\t\t<\/div>\n\t\t\t\t<\/div>\n\t\t\t\t\t<\/div>\n\t\t<\/div>\n\t\t\t\t<div class=\"elementor-column elementor-col-14 elementor-inner-column elementor-element elementor-element-6efd050\" data-id=\"6efd050\" data-element_type=\"column\" data-e-type=\"column\">\n\t\t\t<div class=\"elementor-widget-wrap elementor-element-populated\">\n\t\t\t\t\t\t<div class=\"elementor-element elementor-element-0265d25 elementor-invisible elementor-widget elementor-widget-heading\" data-id=\"0265d25\" data-element_type=\"widget\" data-e-type=\"widget\" data-settings=\"{&quot;_animation&quot;:&quot;fadeIn&quot;}\" data-widget_type=\"heading.default\">\n\t\t\t\t<div class=\"elementor-widget-container\">\n\t\t\t\t\t<p class=\"elementor-heading-title elementor-size-default\"><a href=\"https:\/\/www.sarix.com\/de\/maschinen\/machline\/\">MACHLine<\/a><\/p>\t\t\t\t<\/div>\n\t\t\t\t<\/div>\n\t\t\t\t\t<\/div>\n\t\t<\/div>\n\t\t\t\t\t<\/div>\n\t\t<\/section>\n\t\t\t\t\t<\/div>\n\t\t<\/div>\n\t\t\t\t\t<\/div>\n\t\t<\/section>\n\t\t\t\t<\/div>\n\t\t<\/div><\/div>\n\t\t\t\t\t\t<\/div>\n\t\t\t\t<\/div>\n\t\t\t\t\t<\/div>\n\t\t<\/div>\n\t\t\t\t\t<\/div>\n\t\t<\/section>\n\t\t\t\t<section class=\"elementor-section elementor-top-section elementor-element elementor-element-643a1f22 elementor-section-full_width elementor-section-height-default elementor-section-height-default\" data-id=\"643a1f22\" data-element_type=\"section\" data-e-type=\"section\">\n\t\t\t\t\t\t<div class=\"elementor-container elementor-column-gap-default\">\n\t\t\t\t\t<div class=\"elementor-column elementor-col-100 elementor-top-column elementor-element elementor-element-1ac9825b\" data-id=\"1ac9825b\" data-element_type=\"column\" data-e-type=\"column\">\n\t\t\t<div class=\"elementor-widget-wrap elementor-element-populated\">\n\t\t\t\t\t\t<section class=\"elementor-section elementor-inner-section elementor-element elementor-element-47673733 elementor-section-full_width elementor-section-height-default elementor-section-height-default\" data-id=\"47673733\" data-element_type=\"section\" data-e-type=\"section\">\n\t\t\t\t\t\t<div class=\"elementor-container elementor-column-gap-default\">\n\t\t\t\t\t<div class=\"elementor-column elementor-col-33 elementor-inner-column elementor-element elementor-element-3a408f9a\" data-id=\"3a408f9a\" data-element_type=\"column\" data-e-type=\"column\">\n\t\t\t<div class=\"elementor-widget-wrap elementor-element-populated\">\n\t\t\t\t\t\t<div class=\"elementor-element elementor-element-6fae0c41 elementor-invisible elementor-widget elementor-widget-image\" data-id=\"6fae0c41\" data-element_type=\"widget\" data-e-type=\"widget\" data-settings=\"{&quot;_animation&quot;:&quot;fadeIn&quot;}\" data-widget_type=\"image.default\">\n\t\t\t\t<div class=\"elementor-widget-container\">\n\t\t\t\t\t\t\t\t\t\t\t\t\t\t\t<img fetchpriority=\"high\" decoding=\"async\" width=\"640\" height=\"640\" src=\"https:\/\/www.sarix.com\/wp-content\/uploads\/2023\/09\/SX100-HPM-1024x1024.png\" class=\"attachment-large size-large wp-image-4005\" alt=\"\" srcset=\"https:\/\/www.sarix.com\/wp-content\/uploads\/2023\/09\/SX100-HPM-1024x1024.png 1024w, https:\/\/www.sarix.com\/wp-content\/uploads\/2023\/09\/SX100-HPM-150x150.png 150w, https:\/\/www.sarix.com\/wp-content\/uploads\/2023\/09\/SX100-HPM-300x300.png 300w, https:\/\/www.sarix.com\/wp-content\/uploads\/2023\/09\/SX100-HPM-768x768.png 768w, https:\/\/www.sarix.com\/wp-content\/uploads\/2023\/09\/SX100-HPM-100x100.png 100w, https:\/\/www.sarix.com\/wp-content\/uploads\/2023\/09\/SX100-HPM.png 1504w\" sizes=\"(max-width: 640px) 100vw, 640px\" \/>\t\t\t\t\t\t\t\t\t\t\t\t\t\t\t<\/div>\n\t\t\t\t<\/div>\n\t\t\t\t\t<\/div>\n\t\t<\/div>\n\t\t\t\t<div class=\"elementor-column elementor-col-33 elementor-inner-column elementor-element elementor-element-49c0f0f\" data-id=\"49c0f0f\" data-element_type=\"column\" data-e-type=\"column\">\n\t\t\t<div class=\"elementor-widget-wrap\">\n\t\t\t\t\t\t\t<\/div>\n\t\t<\/div>\n\t\t\t\t<div class=\"elementor-column elementor-col-33 elementor-inner-column elementor-element elementor-element-d5274d7\" data-id=\"d5274d7\" data-element_type=\"column\" data-e-type=\"column\">\n\t\t\t<div class=\"elementor-widget-wrap elementor-element-populated\">\n\t\t\t\t\t\t<div class=\"elementor-element elementor-element-c04eb53 elementor-invisible elementor-widget elementor-widget-heading\" data-id=\"c04eb53\" data-element_type=\"widget\" data-e-type=\"widget\" data-settings=\"{&quot;_animation&quot;:&quot;fadeIn&quot;}\" data-widget_type=\"heading.default\">\n\t\t\t\t<div class=\"elementor-widget-container\">\n\t\t\t\t\t<h2 class=\"elementor-heading-title elementor-size-default\">SX100 HPM  <\/h2>\t\t\t\t<\/div>\n\t\t\t\t<\/div>\n\t\t\t\t<div class=\"elementor-element elementor-element-e5b8095 elementor-invisible elementor-widget elementor-widget-heading\" data-id=\"e5b8095\" data-element_type=\"widget\" data-e-type=\"widget\" data-settings=\"{&quot;_animation&quot;:&quot;fadeIn&quot;}\" data-widget_type=\"heading.default\">\n\t\t\t\t<div class=\"elementor-widget-container\">\n\t\t\t\t\t<h4 class=\"elementor-heading-title elementor-size-default\">Hochpr\u00e4zise Mikro-EDM-Maschine<\/h4>\t\t\t\t<\/div>\n\t\t\t\t<\/div>\n\t\t\t\t<div class=\"elementor-element elementor-element-c48189c elementor-invisible elementor-widget elementor-widget-text-editor\" data-id=\"c48189c\" data-element_type=\"widget\" data-e-type=\"widget\" data-settings=\"{&quot;_animation&quot;:&quot;fadeIn&quot;}\" data-widget_type=\"text-editor.default\">\n\t\t\t\t<div class=\"elementor-widget-container\">\n\t\t\t\t\t\t\t\t\t<ul>\n<li><strong>3D-Mikro-EDM-Fr\u00e4sen<\/strong><\/li>\n<li><strong>Mikrosenken mit hoher Oberfl\u00e4chenqualit\u00e4t<\/strong><\/li>\n<li><strong>Pr\u00e4zisionsbohrungen<\/strong><\/li>\n<li><strong>Hochgeschwindigkeits-Mikro-EDM-Bohren<\/strong><\/li>\n<li><strong>Startloch<\/strong><\/li>\n<\/ul>\n\t\t\t\t\t\t\t\t<\/div>\n\t\t\t\t<\/div>\n\t\t\t\t<div class=\"elementor-element elementor-element-a9c2d31 elementor-invisible elementor-widget elementor-widget-text-editor\" data-id=\"a9c2d31\" data-element_type=\"widget\" data-e-type=\"widget\" data-settings=\"{&quot;_animation&quot;:&quot;fadeIn&quot;}\" data-widget_type=\"text-editor.default\">\n\t\t\t\t<div class=\"elementor-widget-container\">\n\t\t\t\t\t\t\t\t\t<p><strong>Verfahrweg: <strong style=\"font-size: 1em; color: var( --e-global-color-text );\">X=300 Y=150 Z=200 (mm)<\/strong><\/strong><\/p>\n<p><strong>Positionierungsgenauigkeit: <br \/>\u00b1 2,0 \u00b5m, Aufl\u00f6sung = 0,1 \u00b5m  <\/strong><\/p>\n<p><strong>Achsenvorschub: Linearachse 1200 mm\/min <\/strong><\/p>\n\t\t\t\t\t\t\t\t<\/div>\n\t\t\t\t<\/div>\n\t\t\t\t\t<\/div>\n\t\t<\/div>\n\t\t\t\t\t<\/div>\n\t\t<\/section>\n\t\t\t\t<section class=\"elementor-section elementor-inner-section elementor-element elementor-element-3649e5a elementor-section-boxed elementor-section-height-default elementor-section-height-default\" data-id=\"3649e5a\" data-element_type=\"section\" data-e-type=\"section\">\n\t\t\t\t\t\t<div class=\"elementor-container elementor-column-gap-default\">\n\t\t\t\t\t<div class=\"elementor-column elementor-col-33 elementor-inner-column elementor-element elementor-element-5071971\" data-id=\"5071971\" data-element_type=\"column\" data-e-type=\"column\">\n\t\t\t<div class=\"elementor-widget-wrap elementor-element-populated\">\n\t\t\t\t\t\t<div class=\"elementor-element elementor-element-418239f elementor-invisible elementor-widget elementor-widget-text-editor\" data-id=\"418239f\" data-element_type=\"widget\" data-e-type=\"widget\" data-settings=\"{&quot;_animation&quot;:&quot;fadeIn&quot;}\" data-widget_type=\"text-editor.default\">\n\t\t\t\t<div class=\"elementor-widget-container\">\n\t\t\t\t\t\t\t\t\t<ul>\n<li>Die geschlossene Zellkonfiguration <strong>SX100-hpm <\/strong> eignet sich perfekt f\u00fcr die Gro\u00dfserienfertigung sowie f\u00fcr die hochpr\u00e4zise Bearbeitung von Prototypen.<\/li>\n<li><strong>SX-HMI, &#8222;On-Board&#8220;-Schwenkarm-Konsole<\/strong> mit benutzerfreundlicher Schnittstelle mit Vollfarb-Touchscreen und Joypad sowie \u00dcberwachung des gesamten Bearbeitungsprozesses.<\/li>\n<li>Zus\u00e4tzliche Optionen wie die <strong>W-R\u00fcckseitenschlittenachse<\/strong> (Z2), der dynamische Durchflussregler <strong>DFC<\/strong> und die <strong>A\/B-Drehachse<\/strong> erleichtern die Mikrobearbeitung von mittelgro\u00dfen, komplexen Komponenten.<\/li>\n<\/ul>\n\t\t\t\t\t\t\t\t<\/div>\n\t\t\t\t<\/div>\n\t\t\t\t\t<\/div>\n\t\t<\/div>\n\t\t\t\t<div class=\"elementor-column elementor-col-33 elementor-inner-column elementor-element elementor-element-6a21a58\" data-id=\"6a21a58\" data-element_type=\"column\" data-e-type=\"column\">\n\t\t\t<div class=\"elementor-widget-wrap elementor-element-populated\">\n\t\t\t\t\t\t<div class=\"elementor-element elementor-element-2e2c373 elementor-invisible elementor-widget elementor-widget-text-editor\" data-id=\"2e2c373\" data-element_type=\"widget\" data-e-type=\"widget\" data-settings=\"{&quot;_animation&quot;:&quot;fadeIn&quot;}\" data-widget_type=\"text-editor.default\">\n\t\t\t\t<div class=\"elementor-widget-container\">\n\t\t\t\t\t\t\t\t\t<ul>\n<li>Die Kapazit\u00e4t der&nbsp; SX100<strong>&nbsp; PULSAR<\/strong>&nbsp;Maschine bringt neue innovative &#8222;Multi-Achsen-Bewegung&#8220; wie die 3D-Hochpr\u00e4zisions-Mikrobearbeitung.<\/li>\n<li><strong>SX-MPS<\/strong>&nbsp;PULSAR, der leistungsstarke SARIX Micro Pulse Shape EDM Generator, er\u00f6ffnet mit seiner zugeh\u00f6rigen Technologie neue M\u00f6glichkeiten f\u00fcr kleinere, tiefere und pr\u00e4zisere perfekte Bohrungen.<\/li>\n<li>Die mehrachsige CNC-Steuerung erm\u00f6glicht die Indexierung komplexer Werkst\u00fccke, bei denen die Leistung der Mikro-EDM-Bearbeitung gefordert ist.<\/li>\n<li>&#8222;Konzept der hohen Produktionsf\u00e4higkeit&#8220; durch eine effiziente Multifunktions-Mikrobearbeitungsmaschine mit: Schlitten W-Achse (Z2), C-Indexierspindel, A\/B-Positionier-Indexierachse und Mehrlochsequenzverfahren&#8230;<\/li>\n<li><strong>SX-HMI<\/strong>, &#8222;On-board&#8220;, einfache und benutzerfreundliche Software zur unbegrenzten Programmierung und Bearbeitung.<\/li>\n<li>Hochpr\u00e4zise automatische Elektrodenzuf\u00fchrungsspindel mit dielektrischer oder Luftspannungssteuerung f\u00fcr die kontinuierliche Produktion.<\/li>\n<li>Hochgeschwindigkeits-Mikro-EDM-Bohrtechnik mit durchbruch Erkennungsvorrichtung.<\/li>\n<\/ul>\n<ul>\n<li>Hohe Oberfl\u00e4cheng\u00fcte bis zu Ra 0,1 und Ra 0,05 mit dem Micro Fine Pulse Shape Generator SX-MFPS&nbsp;PULSAR.<\/li>\n<li>Mikro-EDM-Bearbeitungstechnologie mit Voll- und Rohrelektroden von 45 Mikron bis 3,0 mm.<\/li>\n<li>Mikrobohrungen, hochpr\u00e4zise Mikrobohrungen und Formbohrungen bis zu 20 Mikrometer.<\/li>\n<li>Hochpr\u00e4zise Positioniergenauigkeit bis zu \u00b11 Mikrometer.<\/li>\n<li>Automatische Achsenpositionierungssteuerung mit Tiefenkontrolle.<\/li>\n<\/ul>\n<p>*(auf optioN)<\/p>\t\t\t\t\t\t\t\t<\/div>\n\t\t\t\t<\/div>\n\t\t\t\t\t<\/div>\n\t\t<\/div>\n\t\t\t\t<div class=\"elementor-column elementor-col-33 elementor-inner-column elementor-element elementor-element-0fd0615\" data-id=\"0fd0615\" data-element_type=\"column\" data-e-type=\"column\">\n\t\t\t<div class=\"elementor-widget-wrap elementor-element-populated\">\n\t\t\t\t\t\t<div class=\"elementor-element elementor-element-dfde03a elementor-widget__width-initial elementor-position-top elementor-widget elementor-widget-image-box\" data-id=\"dfde03a\" data-element_type=\"widget\" data-e-type=\"widget\" data-widget_type=\"image-box.default\">\n\t\t\t\t<div class=\"elementor-widget-container\">\n\t\t\t\t\t<div class=\"elementor-image-box-wrapper\"><figure class=\"elementor-image-box-img\"><a href=\"http:\/\/www.sarix.com\/wp-content\/uploads\/2023\/10\/SARIX-Flyer-A3_8pg-DEU-lw.pdf\" target=\"_blank\" tabindex=\"-1\"><img decoding=\"async\" width=\"500\" height=\"707\" src=\"https:\/\/www.sarix.com\/wp-content\/uploads\/2023\/09\/SARIX-Products2023_EN.jpg\" class=\"attachment-full size-full wp-image-3147\" alt=\"\" srcset=\"https:\/\/www.sarix.com\/wp-content\/uploads\/2023\/09\/SARIX-Products2023_EN.jpg 500w, https:\/\/www.sarix.com\/wp-content\/uploads\/2023\/09\/SARIX-Products2023_EN-212x300.jpg 212w\" sizes=\"(max-width: 500px) 100vw, 500px\" \/><\/a><\/figure><div class=\"elementor-image-box-content\"><p class=\"elementor-image-box-description\">Laden Sie unseren NEUEN Flyer herunter\nSARIX-Faltblatt 2023<\/p><\/div><\/div>\t\t\t\t<\/div>\n\t\t\t\t<\/div>\n\t\t\t\t\t<\/div>\n\t\t<\/div>\n\t\t\t\t\t<\/div>\n\t\t<\/section>\n\t\t\t\t\t<\/div>\n\t\t<\/div>\n\t\t\t\t\t<\/div>\n\t\t<\/section>\n\t\t\t\t<section class=\"elementor-section elementor-top-section elementor-element elementor-element-ae7d222 elementor-section-boxed elementor-section-height-default elementor-section-height-default\" data-id=\"ae7d222\" data-element_type=\"section\" data-e-type=\"section\">\n\t\t\t\t\t\t<div class=\"elementor-container elementor-column-gap-default\">\n\t\t\t\t\t<div class=\"elementor-column elementor-col-100 elementor-top-column elementor-element elementor-element-5521c04\" data-id=\"5521c04\" data-element_type=\"column\" data-e-type=\"column\">\n\t\t\t<div class=\"elementor-widget-wrap\">\n\t\t\t\t\t\t\t<\/div>\n\t\t<\/div>\n\t\t\t\t\t<\/div>\n\t\t<\/section>\n\t\t\t\t<\/div>\n\t\t","protected":false},"excerpt":{"rendered":"<p>SX100 HPM Hochpr\u00e4zise Mikro-EDM-Maschine 3D-Mikro-EDM-Fr\u00e4sen Mikrosenken mit hoher Oberfl\u00e4chenqualit\u00e4t Pr\u00e4zisionsbohrungen Hochgeschwindigkeits-Mikro-EDM-Bohren Startloch Verfahrweg: X=300 Y=150 Z=200 (mm) Positionierungsgenauigkeit: \u00b1 2,0 \u00b5m, Aufl\u00f6sung = 0,1 \u00b5m Achsenvorschub: Linearachse 1200 mm\/min Die geschlossene Zellkonfiguration SX100-hpm eignet sich perfekt f\u00fcr die Gro\u00dfserienfertigung sowie f\u00fcr die hochpr\u00e4zise Bearbeitung von Prototypen. SX-HMI, &#8222;On-Board&#8220;-Schwenkarm-Konsole mit benutzerfreundlicher Schnittstelle mit Vollfarb-Touchscreen und Joypad [&hellip;]<\/p>\n","protected":false},"author":1,"featured_media":4005,"parent":5398,"menu_order":0,"comment_status":"closed","ping_status":"closed","template":"","meta":{"footnotes":""},"categories":[10],"tags":[],"class_list":["post-5418","page","type-page","status-publish","has-post-thumbnail","hentry","category-products"],"_links":{"self":[{"href":"https:\/\/www.sarix.com\/de\/wp-json\/wp\/v2\/pages\/5418","targetHints":{"allow":["GET"]}}],"collection":[{"href":"https:\/\/www.sarix.com\/de\/wp-json\/wp\/v2\/pages"}],"about":[{"href":"https:\/\/www.sarix.com\/de\/wp-json\/wp\/v2\/types\/page"}],"author":[{"embeddable":true,"href":"https:\/\/www.sarix.com\/de\/wp-json\/wp\/v2\/users\/1"}],"replies":[{"embeddable":true,"href":"https:\/\/www.sarix.com\/de\/wp-json\/wp\/v2\/comments?post=5418"}],"version-history":[{"count":13,"href":"https:\/\/www.sarix.com\/de\/wp-json\/wp\/v2\/pages\/5418\/revisions"}],"predecessor-version":[{"id":12096,"href":"https:\/\/www.sarix.com\/de\/wp-json\/wp\/v2\/pages\/5418\/revisions\/12096"}],"up":[{"embeddable":true,"href":"https:\/\/www.sarix.com\/de\/wp-json\/wp\/v2\/pages\/5398"}],"wp:featuredmedia":[{"embeddable":true,"href":"https:\/\/www.sarix.com\/de\/wp-json\/wp\/v2\/media\/4005"}],"wp:attachment":[{"href":"https:\/\/www.sarix.com\/de\/wp-json\/wp\/v2\/media?parent=5418"}],"wp:term":[{"taxonomy":"category","embeddable":true,"href":"https:\/\/www.sarix.com\/de\/wp-json\/wp\/v2\/categories?post=5418"},{"taxonomy":"post_tag","embeddable":true,"href":"https:\/\/www.sarix.com\/de\/wp-json\/wp\/v2\/tags?post=5418"}],"curies":[{"name":"wp","href":"https:\/\/api.w.org\/{rel}","templated":true}]}}