{"id":5417,"date":"2023-09-08T15:54:47","date_gmt":"2023-09-08T15:54:47","guid":{"rendered":"https:\/\/www.sarix.com\/sarix-setzt-auf-die-intelligente-vernetzte-und-interaktive-industrie-4-0\/"},"modified":"2025-09-18T07:45:14","modified_gmt":"2025-09-18T07:45:14","slug":"sarix-setzt-auf-die-intelligente-vernetzte-und-interaktive-industrie-4-0","status":"publish","type":"page","link":"https:\/\/www.sarix.com\/de\/sarix-setzt-auf-die-intelligente-vernetzte-und-interaktive-industrie-4-0\/","title":{"rendered":"SARIX setzt auf die intelligente, vernetzte und interaktive Industrie 4.0."},"content":{"rendered":"\t\t<div data-elementor-type=\"wp-page\" data-elementor-id=\"5417\" class=\"elementor elementor-5417 elementor-949\" data-elementor-post-type=\"page\">\n\t\t\t\t\t\t<section class=\"elementor-section elementor-top-section elementor-element elementor-element-81157c5 elementor-section-boxed elementor-section-height-default elementor-section-height-default\" data-id=\"81157c5\" data-element_type=\"section\" data-e-type=\"section\">\n\t\t\t\t\t\t<div class=\"elementor-container elementor-column-gap-default\">\n\t\t\t\t\t<div class=\"elementor-column elementor-col-100 elementor-top-column elementor-element elementor-element-9249b7b\" data-id=\"9249b7b\" data-element_type=\"column\" data-e-type=\"column\">\n\t\t\t<div class=\"elementor-widget-wrap elementor-element-populated\">\n\t\t\t\t\t\t<section class=\"elementor-section elementor-inner-section elementor-element elementor-element-9879eb3 elementor-section-boxed elementor-section-height-default elementor-section-height-default\" data-id=\"9879eb3\" data-element_type=\"section\" data-e-type=\"section\">\n\t\t\t\t\t\t<div class=\"elementor-container elementor-column-gap-default\">\n\t\t\t\t\t<div class=\"elementor-column elementor-col-33 elementor-inner-column elementor-element elementor-element-8f4ba90\" data-id=\"8f4ba90\" data-element_type=\"column\" data-e-type=\"column\">\n\t\t\t<div class=\"elementor-widget-wrap elementor-element-populated\">\n\t\t\t\t\t\t<div class=\"elementor-element elementor-element-b4f5415 elementor-widget elementor-widget-image\" data-id=\"b4f5415\" data-element_type=\"widget\" data-e-type=\"widget\" data-widget_type=\"image.default\">\n\t\t\t\t<div class=\"elementor-widget-container\">\n\t\t\t\t\t\t\t\t\t\t\t\t\t\t\t<img fetchpriority=\"high\" decoding=\"async\" width=\"640\" height=\"452\" src=\"https:\/\/www.sarix.com\/wp-content\/uploads\/2023\/09\/Sarix_InteractiveIndustry40.png\" class=\"attachment-large size-large wp-image-4085\" alt=\"\" srcset=\"https:\/\/www.sarix.com\/wp-content\/uploads\/2023\/09\/Sarix_InteractiveIndustry40.png 1000w, https:\/\/www.sarix.com\/wp-content\/uploads\/2023\/09\/Sarix_InteractiveIndustry40-300x212.png 300w, https:\/\/www.sarix.com\/wp-content\/uploads\/2023\/09\/Sarix_InteractiveIndustry40-768x542.png 768w\" sizes=\"(max-width: 640px) 100vw, 640px\" \/>\t\t\t\t\t\t\t\t\t\t\t\t\t\t\t<\/div>\n\t\t\t\t<\/div>\n\t\t\t\t<div class=\"elementor-element elementor-element-2eab88c elementor-widget elementor-widget-heading\" data-id=\"2eab88c\" data-element_type=\"widget\" data-e-type=\"widget\" data-widget_type=\"heading.default\">\n\t\t\t\t<div class=\"elementor-widget-container\">\n\t\t\t\t\t<h2 class=\"elementor-heading-title elementor-size-default\">STEIGEN SIE EIN IN DIE INTELLIGENTE, VERNETZTE UND INTERAKTIVE INDUSTRIE 4.0 VON SARIX<\/h2>\t\t\t\t<\/div>\n\t\t\t\t<\/div>\n\t\t\t\t\t<\/div>\n\t\t<\/div>\n\t\t\t\t<div class=\"elementor-column elementor-col-33 elementor-inner-column elementor-element elementor-element-149ae42\" data-id=\"149ae42\" data-element_type=\"column\" data-e-type=\"column\">\n\t\t\t<div class=\"elementor-widget-wrap elementor-element-populated\">\n\t\t\t\t\t\t<div class=\"elementor-element elementor-element-5d03419 elementor-widget elementor-widget-heading\" data-id=\"5d03419\" data-element_type=\"widget\" data-e-type=\"widget\" data-widget_type=\"heading.default\">\n\t\t\t\t<div class=\"elementor-widget-container\">\n\t\t\t\t\t<h2 class=\"elementor-heading-title elementor-size-default\">PULSAR-Generator<\/h2>\t\t\t\t<\/div>\n\t\t\t\t<\/div>\n\t\t\t\t<div class=\"elementor-element elementor-element-e443301 elementor-widget elementor-widget-text-editor\" data-id=\"e443301\" data-element_type=\"widget\" data-e-type=\"widget\" data-widget_type=\"text-editor.default\">\n\t\t\t\t<div class=\"elementor-widget-container\">\n\t\t\t\t\t\t\t\t\t<p>Die <span style=\"color: #000000;\">SARI<span style=\"color: #e40421;\">X<\/span><\/span><span style=\"color: #000000;\"><span style=\"color: #e40421;\">-Maschinen<\/span><\/span> sind bereit f\u00fcr Industrie 4.0. Sie verbessern die Effizienz von gro\u00dfen strukturierten Unternehmen und kleinen Werkst\u00e4tten und erm\u00f6glichen es ihnen, die Vorteile der Digitalisierung zu nutzen.<\/p><p><span style=\"color: #000000;\">SARI<span style=\"color: #e40421;\">X<\/span><\/span> <span style=\"color: #000000;\">DIGITAL SERVICES, SX-SDS<\/span> bietet ma\u00dfgeschneiderte Anleitungen f\u00fcr die vorbeugende und vorschriftsm\u00e4\u00dfige Wartung an Bord. Es leitet Bediener und Wartungstechniker an, die Maschine optimal zu betreiben und die Betriebskosten zu senken.<\/p><p><span style=\"color: #000000;\">SARI<span style=\"color: #e40421;\">X<\/span><\/span> Industrie 4.0 implementiert die OPC-UA Protokoll zur Verbindung mit einem Manufacturing Execution System (MES). Diese Integration erm\u00f6glicht Echtzeit\u00fcberwachung und datengesteuerte Entscheidungen, optimiert Produktionsprozesse und gew\u00e4hrleistet maximale Effizienz und Produktivit\u00e4t.<\/p><p><span style=\"color: #000000;\">SX-SH-WIRE <\/span>Postprozessor zum Programmieren von Startl\u00f6chern f\u00fcr das Drahterodieren direkt aus dem CAM (verf\u00fcgbar f\u00fcr ausgew\u00e4hlte CAM).<\/p>\t\t\t\t\t\t\t\t<\/div>\n\t\t\t\t<\/div>\n\t\t\t\t\t<\/div>\n\t\t<\/div>\n\t\t\t\t<div class=\"elementor-column elementor-col-33 elementor-inner-column elementor-element elementor-element-64761cd\" data-id=\"64761cd\" data-element_type=\"column\" data-e-type=\"column\">\n\t\t\t<div class=\"elementor-widget-wrap\">\n\t\t\t\t\t\t\t<\/div>\n\t\t<\/div>\n\t\t\t\t\t<\/div>\n\t\t<\/section>\n\t\t\t\t\t<\/div>\n\t\t<\/div>\n\t\t\t\t\t<\/div>\n\t\t<\/section>\n\t\t\t\t<\/div>\n\t\t","protected":false},"excerpt":{"rendered":"<p>STEIGEN SIE EIN IN DIE INTELLIGENTE, VERNETZTE UND INTERAKTIVE INDUSTRIE 4.0 VON SARIX PULSAR-Generator Die SARIX-Maschinen sind bereit f\u00fcr Industrie 4.0. Sie verbessern die Effizienz von gro\u00dfen strukturierten Unternehmen und kleinen Werkst\u00e4tten und erm\u00f6glichen es ihnen, die Vorteile der Digitalisierung zu nutzen. SARIX DIGITAL SERVICES, SX-SDS bietet ma\u00dfgeschneiderte Anleitungen f\u00fcr die vorbeugende und vorschriftsm\u00e4\u00dfige Wartung [&hellip;]<\/p>\n","protected":false},"author":1,"featured_media":0,"parent":0,"menu_order":0,"comment_status":"closed","ping_status":"closed","template":"","meta":{"footnotes":""},"categories":[3],"tags":[],"class_list":["post-5417","page","type-page","status-publish","hentry","category-sarix-content"],"_links":{"self":[{"href":"https:\/\/www.sarix.com\/de\/wp-json\/wp\/v2\/pages\/5417","targetHints":{"allow":["GET"]}}],"collection":[{"href":"https:\/\/www.sarix.com\/de\/wp-json\/wp\/v2\/pages"}],"about":[{"href":"https:\/\/www.sarix.com\/de\/wp-json\/wp\/v2\/types\/page"}],"author":[{"embeddable":true,"href":"https:\/\/www.sarix.com\/de\/wp-json\/wp\/v2\/users\/1"}],"replies":[{"embeddable":true,"href":"https:\/\/www.sarix.com\/de\/wp-json\/wp\/v2\/comments?post=5417"}],"version-history":[{"count":4,"href":"https:\/\/www.sarix.com\/de\/wp-json\/wp\/v2\/pages\/5417\/revisions"}],"predecessor-version":[{"id":15148,"href":"https:\/\/www.sarix.com\/de\/wp-json\/wp\/v2\/pages\/5417\/revisions\/15148"}],"wp:attachment":[{"href":"https:\/\/www.sarix.com\/de\/wp-json\/wp\/v2\/media?parent=5417"}],"wp:term":[{"taxonomy":"category","embeddable":true,"href":"https:\/\/www.sarix.com\/de\/wp-json\/wp\/v2\/categories?post=5417"},{"taxonomy":"post_tag","embeddable":true,"href":"https:\/\/www.sarix.com\/de\/wp-json\/wp\/v2\/tags?post=5417"}],"curies":[{"name":"wp","href":"https:\/\/api.w.org\/{rel}","templated":true}]}}