{"id":5372,"date":"2023-09-06T20:34:58","date_gmt":"2023-09-06T20:34:58","guid":{"rendered":"https:\/\/www.sarix.com\/sx-btd-elektroden-durchbruch-detektion\/"},"modified":"2023-12-15T09:31:14","modified_gmt":"2023-12-15T09:31:14","slug":"sx-btd-elektroden-durchbruch-detektion","status":"publish","type":"page","link":"https:\/\/www.sarix.com\/de\/sarix-technologien\/mikro-edm-technologien\/sx-btd-elektroden-durchbruch-detektion\/","title":{"rendered":"SX-BTD &#8211; Elektroden-Durchbruch-Detektion"},"content":{"rendered":"\t\t<div data-elementor-type=\"wp-page\" data-elementor-id=\"5372\" class=\"elementor elementor-5372 elementor-356\" data-elementor-post-type=\"page\">\n\t\t\t\t\t\t<section class=\"elementor-section elementor-top-section elementor-element elementor-element-d35efa0 elementor-section-boxed elementor-section-height-default elementor-section-height-default\" data-id=\"d35efa0\" data-element_type=\"section\" data-e-type=\"section\">\n\t\t\t\t\t\t<div class=\"elementor-container elementor-column-gap-default\">\n\t\t\t\t\t<div class=\"elementor-column elementor-col-100 elementor-top-column elementor-element elementor-element-648d110\" data-id=\"648d110\" data-element_type=\"column\" data-e-type=\"column\">\n\t\t\t<div class=\"elementor-widget-wrap elementor-element-populated\">\n\t\t\t\t\t\t<section class=\"elementor-section elementor-inner-section elementor-element elementor-element-53f6f40 elementor-section-boxed elementor-section-height-default elementor-section-height-default\" data-id=\"53f6f40\" data-element_type=\"section\" data-e-type=\"section\">\n\t\t\t\t\t\t<div class=\"elementor-container elementor-column-gap-default\">\n\t\t\t\t\t<div class=\"elementor-column elementor-col-25 elementor-inner-column elementor-element elementor-element-d4009fc\" data-id=\"d4009fc\" data-element_type=\"column\" data-e-type=\"column\">\n\t\t\t<div class=\"elementor-widget-wrap elementor-element-populated\">\n\t\t\t\t\t\t<div class=\"elementor-element elementor-element-7df167f elementor-widget elementor-widget-text-editor\" data-id=\"7df167f\" data-element_type=\"widget\" data-e-type=\"widget\" data-widget_type=\"text-editor.default\">\n\t\t\t\t<div class=\"elementor-widget-container\">\n\t\t\t\t\t\t\t\t\t<p style=\"\"><b>Schnelles, pr\u00e4zises Bohren mit zuverl\u00e4ssiger Erkennung von Wanddurchbr\u00fcchen. Genaue Erkennung ohne Interferenzen<\/b><\/p>\n<p style=\"font-size: 16px;\">Effektive Erkennung von Wanddurchbr\u00fcchen<br>ohne R\u00fcckwandaufprall<span style=\"font-weight: bold;\"><br><\/span><\/p>\t\t\t\t\t\t\t\t<\/div>\n\t\t\t\t<\/div>\n\t\t\t\t<div class=\"elementor-element elementor-element-598b1be elementor-widget elementor-widget-text-editor\" data-id=\"598b1be\" data-element_type=\"widget\" data-e-type=\"widget\" data-widget_type=\"text-editor.default\">\n\t\t\t\t<div class=\"elementor-widget-container\">\n\t\t\t\t\t\t\t\t\t<p style=\"font-size: 16px;\">L\u00f6cher in den Turbinenschaufeln sind nach wie vor entscheidend, um eine \u00dcberhitzung w\u00e4hrend des Motorbetriebs zu verhindern. Einer der wichtigsten Prozessschritte ist die Herstellung der kritischen K\u00fchll\u00f6cher in diesen Turbinen- und Triebwerkskomponenten. Bei den Fertigungstechnologien f\u00fcr diese strategischen Teile und die daraus resultierende hohle Gussstruktur war das Erodierbohren dieser L\u00f6cher immer ein wichtiger Schritt unter Ber\u00fccksichtigung der nicht r\u00fcckwandigen Schlagbearbeitung bzw. des \u00dcberbohrungsergebnisses. Mit dem verbesserten Gie\u00dfverfahren k\u00f6nnen heute komplexe Innenhohlr\u00e4ume mit schmalen Profilen von etwa 0,5 mm Breite hergestellt werden. Gussabweichungen innerhalb der hohlen Struktur sind immer m\u00f6glich und erh\u00f6hen die Schwierigkeiten des Bohrprozesses, um die Elektrode durch den kurz eintretenden Hohlraum zu halten und zu vermeiden, dass sie sogar die R\u00fcckwand ber\u00fchrt.<\/p>\n<p style=\"font-size: 16px;\">\n<p style=\"font-size: 16px;\">Basierend auf langj\u00e4hriger Erfahrung und technologischem Know-how im Bereich der perfekten Kontrolle von Bohrungen hat SARIX seit seiner Gr\u00fcndung den SX-MPS-Generator mit einer effektiven, pr\u00e4zisen Software zur Kontrolle der Durchbruchselektroden eingef\u00fchrt. Die fortschrittliche Micro EDM-Bohrsteuerung erm\u00f6glicht eine feine Servoabtastung, um jede \u00c4nderung der Parameter w\u00e4hrend des Bohrens der Wandkavit\u00e4t zu erkennen.  <\/p>\n<p style=\"font-size: 16px;\">\n<p style=\"font-size: 16px;\">\n\t\t\t\t\t\t\t\t<\/div>\n\t\t\t\t<\/div>\n\t\t\t\t\t<\/div>\n\t\t<\/div>\n\t\t\t\t<div class=\"elementor-column elementor-col-25 elementor-inner-column elementor-element elementor-element-fcbd5f6\" data-id=\"fcbd5f6\" data-element_type=\"column\" data-e-type=\"column\">\n\t\t\t<div class=\"elementor-widget-wrap elementor-element-populated\">\n\t\t\t\t\t\t<div class=\"elementor-element elementor-element-6e16a10 elementor-widget elementor-widget-text-editor\" data-id=\"6e16a10\" data-element_type=\"widget\" data-e-type=\"widget\" data-widget_type=\"text-editor.default\">\n\t\t\t\t<div class=\"elementor-widget-container\">\n\t\t\t\t\t\t\t\t\t<p style=\"font-size: 16px;\"><span style=\"font-weight: bold;\">Effektive Durchbruchserkennung ohne R\u00fcckwandber\u00fchrung  <\/span><\/p>\n<p style=\"font-size: 16px;\">Nicht nur perfekt rund, sondern Durchmesser Variation Gr\u00f6\u00dfe Geometrie, komplexe 3D-Form, Diffusor L\u00f6cher, die in die fertige durch Loch Verarbeitung kann durch effektive Wand durch Brechen Erkennung erreicht werden.<span style=\"font-weight: bold;\"><br \/><\/span><\/p>\n\t\t\t\t\t\t\t\t<\/div>\n\t\t\t\t<\/div>\n\t\t\t\t<div class=\"elementor-element elementor-element-41b173c elementor-widget elementor-widget-text-editor\" data-id=\"41b173c\" data-element_type=\"widget\" data-e-type=\"widget\" data-widget_type=\"text-editor.default\">\n\t\t\t\t<div class=\"elementor-widget-container\">\n\t\t\t\t\t\t\t\t\t<p><b>\u00dcberwachung der Effizienz von Bohrungen&nbsp;<\/b><\/p>\n<p style=\"font-size: 16px;\"><span style=\"color: var( --e-global-color-text ); font-weight: var( --e-global-typography-text-font-weight ); font-size: 1em;\">Die Effizienz dieses \u00dcberwachungsger\u00e4tes mit der Algorithmensteuerung erlaubt es auch, den Bohrprozess innerhalb des Elektrodenverschlei\u00dfes an die effektive Situation anzupassen. Dies erm\u00f6glicht es der Maschine, die Bohrtiefe genau zu steuern und das Auftreffen auf die R\u00fcckwand zu reduzieren oder ganz zu vermeiden. Au\u00dferdem werden die Bohrraten verbessert und der Elektrodenverschlei\u00df verringert, wodurch mehr L\u00f6cher pro Elektrode erzielt werden. Durch die Nutzung des neuen PULSAR-Generators, der vom ADP\u00ae-Ger\u00e4t unterst\u00fctzt wird, verbessert sich die Genauigkeit und die Zuverl\u00e4ssigkeit der Durchbruchserkennung.<\/span><\/p>\n<p style=\"font-size: 16px;\">\n<\/p><p style=\"font-size: 16px;\">\n<\/p>\t\t\t\t\t\t\t\t<\/div>\n\t\t\t\t<\/div>\n\t\t\t\t<div class=\"elementor-element elementor-element-d2496ed elementor-widget elementor-widget-image\" data-id=\"d2496ed\" data-element_type=\"widget\" data-e-type=\"widget\" data-widget_type=\"image.default\">\n\t\t\t\t<div class=\"elementor-widget-container\">\n\t\t\t\t\t\t\t\t\t\t\t\t\t\t\t<img fetchpriority=\"high\" decoding=\"async\" width=\"300\" height=\"300\" src=\"https:\/\/www.sarix.com\/wp-content\/uploads\/2023\/09\/MDH_dett02-300x300.jpg\" class=\"attachment-medium size-medium wp-image-4110\" alt=\"\" srcset=\"https:\/\/www.sarix.com\/wp-content\/uploads\/2023\/09\/MDH_dett02-300x300.jpg 300w, https:\/\/www.sarix.com\/wp-content\/uploads\/2023\/09\/MDH_dett02-150x150.jpg 150w, https:\/\/www.sarix.com\/wp-content\/uploads\/2023\/09\/MDH_dett02-100x100.jpg 100w, https:\/\/www.sarix.com\/wp-content\/uploads\/2023\/09\/MDH_dett02.jpg 700w\" sizes=\"(max-width: 300px) 100vw, 300px\" \/>\t\t\t\t\t\t\t\t\t\t\t\t\t\t\t<\/div>\n\t\t\t\t<\/div>\n\t\t\t\t<div class=\"elementor-element elementor-element-9253100 elementor-widget elementor-widget-text-editor\" data-id=\"9253100\" data-element_type=\"widget\" data-e-type=\"widget\" data-widget_type=\"text-editor.default\">\n\t\t\t\t<div class=\"elementor-widget-container\">\n\t\t\t\t\t\t\t\t\t<p>Obwohl diese Prozessvorteile f\u00fcr die Luft- und Raumfahrtindustrie, in der gro\u00dfe Mengen an L\u00f6chern hergestellt werden m\u00fcssen, von gro\u00dfer Bedeutung sind, k\u00f6nnen diese Vorteile auch in anderen Bereichen des Bohrmarktes wie der Medizintechnik, der Mikromechanik oder sogar in der Automobilindustrie genutzt werden&#8230;<\/p><\/p>\n\t\t\t\t\t\t\t\t<\/div>\n\t\t\t\t<\/div>\n\t\t\t\t\t<\/div>\n\t\t<\/div>\n\t\t\t\t<div class=\"elementor-column elementor-col-25 elementor-inner-column elementor-element elementor-element-ab9899d\" data-id=\"ab9899d\" data-element_type=\"column\" data-e-type=\"column\">\n\t\t\t<div class=\"elementor-widget-wrap elementor-element-populated\">\n\t\t\t\t\t\t<div class=\"elementor-element elementor-element-bdc3c30 elementor-widget elementor-widget-spacer\" data-id=\"bdc3c30\" data-element_type=\"widget\" data-e-type=\"widget\" data-widget_type=\"spacer.default\">\n\t\t\t\t<div class=\"elementor-widget-container\">\n\t\t\t\t\t\t\t<div class=\"elementor-spacer\">\n\t\t\t<div class=\"elementor-spacer-inner\"><\/div>\n\t\t<\/div>\n\t\t\t\t\t\t<\/div>\n\t\t\t\t<\/div>\n\t\t\t\t<div class=\"elementor-element elementor-element-e99d8ff elementor-widget elementor-widget-text-editor\" data-id=\"e99d8ff\" data-element_type=\"widget\" data-e-type=\"widget\" data-widget_type=\"text-editor.default\">\n\t\t\t\t<div class=\"elementor-widget-container\">\n\t\t\t\t\t\t\t\t\t<p style=\"font-size: 16px;\"><span style=\"font-weight: bold;\">Fakten und Ergebnisse<\/span><\/p>\n\t\t\t\t\t\t\t\t<\/div>\n\t\t\t\t<\/div>\n\t\t\t\t<div class=\"elementor-element elementor-element-9b75a79 elementor-widget elementor-widget-text-editor\" data-id=\"9b75a79\" data-element_type=\"widget\" data-e-type=\"widget\" data-widget_type=\"text-editor.default\">\n\t\t\t\t<div class=\"elementor-widget-container\">\n\t\t\t\t\t\t\t\t\t<p><span style=\"color: var( --e-global-color-text );\">Perfekter Prozess der sofortigen Interaktion mit der Mauer<\/span><\/p>\n<p style=\"font-size: 16px;\">Empfindlichkeit des Bohrungswinkels, um komplexen Gussprofilen zu folgen<\/p>\n<p style=\"font-size: 16px;\">Schnellerer effektiver Bohrprozess durch jedes Loch bohrendes adaptives Geh\u00e4use<\/p>\n<p style=\"font-size: 16px;\">Fertige Zertifizierung von Durchgangsbohrungen<\/p>\n<p style=\"font-size: 16px;\">Durchbruchserkennung durch Kalibrierung des Lochdurchmessers<\/p>\n\t\t\t\t\t\t\t\t<\/div>\n\t\t\t\t<\/div>\n\t\t\t\t\t<\/div>\n\t\t<\/div>\n\t\t\t\t<div class=\"elementor-column elementor-col-25 elementor-inner-column elementor-element elementor-element-979742a\" data-id=\"979742a\" data-element_type=\"column\" data-e-type=\"column\">\n\t\t\t<div class=\"elementor-widget-wrap elementor-element-populated\">\n\t\t\t\t\t\t<div class=\"elementor-element elementor-element-330b69f elementor-widget elementor-widget-heading\" data-id=\"330b69f\" data-element_type=\"widget\" data-e-type=\"widget\" data-widget_type=\"heading.default\">\n\t\t\t\t<div class=\"elementor-widget-container\">\n\t\t\t\t\t<p class=\"elementor-heading-title elementor-size-default\">STICHPROBENAUSWAHL<\/p>\t\t\t\t<\/div>\n\t\t\t\t<\/div>\n\t\t\t\t<div class=\"elementor-element elementor-element-e497988 elementor-widget elementor-widget-image\" data-id=\"e497988\" data-element_type=\"widget\" data-e-type=\"widget\" data-widget_type=\"image.default\">\n\t\t\t\t<div class=\"elementor-widget-container\">\n\t\t\t\t\t\t\t\t\t\t\t\t\t\t\t<img decoding=\"async\" width=\"300\" height=\"248\" src=\"https:\/\/www.sarix.com\/wp-content\/uploads\/2023\/09\/Tubing-1-300x248.jpg\" class=\"attachment-medium size-medium wp-image-4290\" alt=\"\" srcset=\"https:\/\/www.sarix.com\/wp-content\/uploads\/2023\/09\/Tubing-1-300x248.jpg 300w, https:\/\/www.sarix.com\/wp-content\/uploads\/2023\/09\/Tubing-1.jpg 510w\" sizes=\"(max-width: 300px) 100vw, 300px\" \/>\t\t\t\t\t\t\t\t\t\t\t\t\t\t\t<\/div>\n\t\t\t\t<\/div>\n\t\t\t\t<div class=\"elementor-element elementor-element-6ce6917 elementor-widget elementor-widget-image\" data-id=\"6ce6917\" data-element_type=\"widget\" data-e-type=\"widget\" data-widget_type=\"image.default\">\n\t\t\t\t<div class=\"elementor-widget-container\">\n\t\t\t\t\t\t\t\t\t\t\t\t\t\t\t<img decoding=\"async\" width=\"150\" height=\"150\" src=\"https:\/\/www.sarix.com\/wp-content\/uploads\/2023\/09\/Medical-components-150x150.jpg\" class=\"attachment-thumbnail size-thumbnail wp-image-4200\" alt=\"\" srcset=\"https:\/\/www.sarix.com\/wp-content\/uploads\/2023\/09\/Medical-components-150x150.jpg 150w, https:\/\/www.sarix.com\/wp-content\/uploads\/2023\/09\/Medical-components-298x300.jpg 298w, https:\/\/www.sarix.com\/wp-content\/uploads\/2023\/09\/Medical-components-768x773.jpg 768w, https:\/\/www.sarix.com\/wp-content\/uploads\/2023\/09\/Medical-components-1017x1024.jpg 1017w, https:\/\/www.sarix.com\/wp-content\/uploads\/2023\/09\/Medical-components-100x100.jpg 100w, https:\/\/www.sarix.com\/wp-content\/uploads\/2023\/09\/Medical-components.jpg 1026w\" sizes=\"(max-width: 150px) 100vw, 150px\" \/>\t\t\t\t\t\t\t\t\t\t\t\t\t\t\t<\/div>\n\t\t\t\t<\/div>\n\t\t\t\t<div class=\"elementor-element elementor-element-eb7c80c elementor-widget__width-auto elementor-widget elementor-widget-text-editor\" data-id=\"eb7c80c\" data-element_type=\"widget\" data-e-type=\"widget\" data-widget_type=\"text-editor.default\">\n\t\t\t\t<div class=\"elementor-widget-container\">\n\t\t\t\t\t\t\t\t\t<p><span style=\"font-size: 1em; color: var( --e-global-color-text );\"><b>Wir erf\u00fcllen Ihre anspruchsvollsten Herausforderungen beim Mikrobohren!<\/b><\/span><\/p>\n<p><b>Kontaktieren Sie uns f\u00fcr einen kostenlosen Probetest!<\/b><\/p>\n\t\t\t\t\t\t\t\t<\/div>\n\t\t\t\t<\/div>\n\t\t\t\t\t<\/div>\n\t\t<\/div>\n\t\t\t\t\t<\/div>\n\t\t<\/section>\n\t\t\t\t\t<\/div>\n\t\t<\/div>\n\t\t\t\t\t<\/div>\n\t\t<\/section>\n\t\t\t\t<\/div>\n\t\t","protected":false},"excerpt":{"rendered":"<p>Schnelles, pr\u00e4zises Bohren mit zuverl\u00e4ssiger Erkennung von Wanddurchbr\u00fcchen. Genaue Erkennung ohne Interferenzen Effektive Erkennung von Wanddurchbr\u00fcchenohne R\u00fcckwandaufprall L\u00f6cher in den Turbinenschaufeln sind nach wie vor entscheidend, um eine \u00dcberhitzung w\u00e4hrend des Motorbetriebs zu verhindern. Einer der wichtigsten Prozessschritte ist die Herstellung der kritischen K\u00fchll\u00f6cher in diesen Turbinen- und Triebwerkskomponenten. Bei den Fertigungstechnologien f\u00fcr diese strategischen [&hellip;]<\/p>\n","protected":false},"author":1,"featured_media":0,"parent":5471,"menu_order":0,"comment_status":"closed","ping_status":"closed","template":"","meta":{"footnotes":""},"categories":[105],"tags":[],"class_list":["post-5372","page","type-page","status-publish","hentry","category-technologien"],"_links":{"self":[{"href":"https:\/\/www.sarix.com\/de\/wp-json\/wp\/v2\/pages\/5372","targetHints":{"allow":["GET"]}}],"collection":[{"href":"https:\/\/www.sarix.com\/de\/wp-json\/wp\/v2\/pages"}],"about":[{"href":"https:\/\/www.sarix.com\/de\/wp-json\/wp\/v2\/types\/page"}],"author":[{"embeddable":true,"href":"https:\/\/www.sarix.com\/de\/wp-json\/wp\/v2\/users\/1"}],"replies":[{"embeddable":true,"href":"https:\/\/www.sarix.com\/de\/wp-json\/wp\/v2\/comments?post=5372"}],"version-history":[{"count":2,"href":"https:\/\/www.sarix.com\/de\/wp-json\/wp\/v2\/pages\/5372\/revisions"}],"predecessor-version":[{"id":5389,"href":"https:\/\/www.sarix.com\/de\/wp-json\/wp\/v2\/pages\/5372\/revisions\/5389"}],"up":[{"embeddable":true,"href":"https:\/\/www.sarix.com\/de\/wp-json\/wp\/v2\/pages\/5471"}],"wp:attachment":[{"href":"https:\/\/www.sarix.com\/de\/wp-json\/wp\/v2\/media?parent=5372"}],"wp:term":[{"taxonomy":"category","embeddable":true,"href":"https:\/\/www.sarix.com\/de\/wp-json\/wp\/v2\/categories?post=5372"},{"taxonomy":"post_tag","embeddable":true,"href":"https:\/\/www.sarix.com\/de\/wp-json\/wp\/v2\/tags?post=5372"}],"curies":[{"name":"wp","href":"https:\/\/api.w.org\/{rel}","templated":true}]}}