{"id":5360,"date":"2023-09-08T15:32:21","date_gmt":"2023-09-08T15:32:21","guid":{"rendered":"https:\/\/www.sarix.com\/hinter-der-innovativen-technologie-der-mikro-bearbeitung\/"},"modified":"2023-12-18T15:42:09","modified_gmt":"2023-12-18T15:42:09","slug":"hinter-der-innovativen-technologie-der-mikro-bearbeitung","status":"publish","type":"page","link":"https:\/\/www.sarix.com\/de\/hinter-der-innovativen-technologie-der-mikro-bearbeitung\/","title":{"rendered":"Hinter der innovativen Technologie der Mikro-Bearbeitung"},"content":{"rendered":"\t\t<div data-elementor-type=\"wp-page\" data-elementor-id=\"5360\" class=\"elementor elementor-5360 elementor-892\" data-elementor-post-type=\"page\">\n\t\t\t\t\t\t<section class=\"elementor-section elementor-top-section elementor-element elementor-element-81157c5 elementor-section-boxed elementor-section-height-default elementor-section-height-default\" data-id=\"81157c5\" data-element_type=\"section\" data-e-type=\"section\">\n\t\t\t\t\t\t<div class=\"elementor-container elementor-column-gap-default\">\n\t\t\t\t\t<div class=\"elementor-column elementor-col-100 elementor-top-column elementor-element elementor-element-9249b7b\" data-id=\"9249b7b\" data-element_type=\"column\" data-e-type=\"column\">\n\t\t\t<div class=\"elementor-widget-wrap elementor-element-populated\">\n\t\t\t\t\t\t<section class=\"elementor-section elementor-inner-section elementor-element elementor-element-9879eb3 elementor-section-boxed elementor-section-height-default elementor-section-height-default\" data-id=\"9879eb3\" data-element_type=\"section\" data-e-type=\"section\">\n\t\t\t\t\t\t<div class=\"elementor-container elementor-column-gap-default\">\n\t\t\t\t\t<div class=\"elementor-column elementor-col-33 elementor-inner-column elementor-element elementor-element-8f4ba90\" data-id=\"8f4ba90\" data-element_type=\"column\" data-e-type=\"column\">\n\t\t\t<div class=\"elementor-widget-wrap elementor-element-populated\">\n\t\t\t\t\t\t<div class=\"elementor-element elementor-element-870670c elementor-widget elementor-widget-text-editor\" data-id=\"870670c\" data-element_type=\"widget\" data-e-type=\"widget\" data-widget_type=\"text-editor.default\">\n\t\t\t\t<div class=\"elementor-widget-container\">\n\t\t\t\t\t\t\t\t\t<p>Seit 1993, <strong><span style=\"color: #000000;\"><span style=\"color: #e40421;\">SARIX <\/span><\/span><\/strong>ein kontinuierliches Engagement f\u00fcr die Entwicklung von hochpr\u00e4zisen Mikrodimensionierungstechnologien f\u00fcr die Mikrobearbeitung mittlerer Gr\u00f6\u00dfe.<br>Diese Hochpr\u00e4zisionsphilosophie, die dem Design und der Modularit\u00e4t der SARIX-Maschinen zugrunde liegt, garantiert einen innovativen Ansatz f\u00fcr unsere Kunden.<\/p>\t\t\t\t\t\t\t\t<\/div>\n\t\t\t\t<\/div>\n\t\t\t\t<div class=\"elementor-element elementor-element-bcb1117 elementor-widget elementor-widget-image\" data-id=\"bcb1117\" data-element_type=\"widget\" data-e-type=\"widget\" data-widget_type=\"image.default\">\n\t\t\t\t<div class=\"elementor-widget-container\">\n\t\t\t\t\t\t\t\t\t\t\t\t\t\t\t<img fetchpriority=\"high\" decoding=\"async\" width=\"640\" height=\"948\" src=\"https:\/\/www.sarix.com\/wp-content\/uploads\/2023\/09\/Sarix_Pulsargenerator.png\" class=\"attachment-large size-large wp-image-4095\" alt=\"\" srcset=\"https:\/\/www.sarix.com\/wp-content\/uploads\/2023\/09\/Sarix_Pulsargenerator.png 667w, https:\/\/www.sarix.com\/wp-content\/uploads\/2023\/09\/Sarix_Pulsargenerator-203x300.png 203w\" sizes=\"(max-width: 640px) 100vw, 640px\" \/>\t\t\t\t\t\t\t\t\t\t\t\t\t\t\t<\/div>\n\t\t\t\t<\/div>\n\t\t\t\t\t<\/div>\n\t\t<\/div>\n\t\t\t\t<div class=\"elementor-column elementor-col-33 elementor-inner-column elementor-element elementor-element-149ae42\" data-id=\"149ae42\" data-element_type=\"column\" data-e-type=\"column\">\n\t\t\t<div class=\"elementor-widget-wrap elementor-element-populated\">\n\t\t\t\t\t\t<div class=\"elementor-element elementor-element-5d03419 elementor-widget elementor-widget-heading\" data-id=\"5d03419\" data-element_type=\"widget\" data-e-type=\"widget\" data-widget_type=\"heading.default\">\n\t\t\t\t<div class=\"elementor-widget-container\">\n\t\t\t\t\t<h2 class=\"elementor-heading-title elementor-size-default\"><span style=\"color: #005caa\">PULSAR-Generator<\/span> <\/h2>\t\t\t\t<\/div>\n\t\t\t\t<\/div>\n\t\t\t\t<div class=\"elementor-element elementor-element-e443301 elementor-widget elementor-widget-text-editor\" data-id=\"e443301\" data-element_type=\"widget\" data-e-type=\"widget\" data-widget_type=\"text-editor.default\">\n\t\t\t\t<div class=\"elementor-widget-container\">\n\t\t\t\t\t\t\t\t\t<p>Mit dem innovativen ADP\u00ae Analog Digital Pulse, dem DPM\u00ae Digital Direct Pulse Motion und der Glasfaserkommunikation sorgen die folgenden Generatormodule f\u00fcr schnelle Reaktion und Pr\u00e4zision in der Mikrobearbeitung und decken alle Anwendungen ab:<\/p>\n\t\t\t\t\t\t\t\t<\/div>\n\t\t\t\t<\/div>\n\t\t\t\t<div class=\"elementor-element elementor-element-7ad6cac elementor-widget elementor-widget-text-editor\" data-id=\"7ad6cac\" data-element_type=\"widget\" data-e-type=\"widget\" data-widget_type=\"text-editor.default\">\n\t\t\t\t<div class=\"elementor-widget-container\">\n\t\t\t\t\t\t\t\t\t<p><b><br \/>\n  <span style=\"color: #000000;\"><span style=\"color: #e40421;\">SX-MPS<\/span><br \/><\/span><br \/>\n<\/b>Micro Pulse Shape Hauptgenerator f\u00fcr eine breite Palette von Mikrobearbeitungsaufgaben<\/p>\n<p><b><br \/>\n  <span style=\"color: #000000;\"><span style=\"color: #e40421;\">SX-MFPS<\/span><br \/><\/span><br \/>\n<\/b>Micro Fine Pulse Shape Generator f\u00fcr Bearbeitungen zwischen 50 \u00f7 30 \u00b5m und Ra 0.15 \u00f7 0.10 \u00b5m<\/p>\n<p><b><br \/>\n  <span style=\"color: #000000;\"><span style=\"color: #e40421;\">SX-UFPS<\/span><br \/><\/span><br \/>\n<\/b>Ultra Fine Pulse Shape Generator f\u00fcr Ra 0.10 \u00f7 0.05 \u00b5m<\/p>\n<p><b><br \/>\n  <span style=\"color: #000000;\"><span style=\"color: #e40421;\">SX-HPS<\/span><br \/><\/span><br \/>\n<\/b>Hochleistungs-Pulsformgenerator bis zu 4,0 mm Lochgr\u00f6\u00dfe<\/p>\n<\/p>\n<p>Weitere Optionen:<\/p>\n<p><b><br \/>\n  <span style=\"color: #000000;\"><span style=\"color: #e40421;\">SX-BTD<\/span><br \/><\/span><br \/>\n<\/b>Fortschrittliche Durchbruchserkennung f\u00fcr schnelles Bohren<\/p>\n<p><b><br \/>\n  <span style=\"color: #000000;\"><span style=\"color: #e40421;\">SX-SLS<\/span><br \/><\/span><br \/>\n<\/b>Assistent f\u00fcr die automatische Suche nach Bohr-\/Fr\u00e4sparametern f\u00fcr neue Materialien<\/p>\n\t\t\t\t\t\t\t\t<\/div>\n\t\t\t\t<\/div>\n\t\t\t\t\t<\/div>\n\t\t<\/div>\n\t\t\t\t<div class=\"elementor-column elementor-col-33 elementor-inner-column elementor-element elementor-element-64761cd\" data-id=\"64761cd\" data-element_type=\"column\" data-e-type=\"column\">\n\t\t\t<div class=\"elementor-widget-wrap\">\n\t\t\t\t\t\t\t<\/div>\n\t\t<\/div>\n\t\t\t\t\t<\/div>\n\t\t<\/section>\n\t\t\t\t\t<\/div>\n\t\t<\/div>\n\t\t\t\t\t<\/div>\n\t\t<\/section>\n\t\t\t\t<\/div>\n\t\t","protected":false},"excerpt":{"rendered":"<p>Seit 1993, SARIX ein kontinuierliches Engagement f\u00fcr die Entwicklung von hochpr\u00e4zisen Mikrodimensionierungstechnologien f\u00fcr die Mikrobearbeitung mittlerer Gr\u00f6\u00dfe.Diese Hochpr\u00e4zisionsphilosophie, die dem Design und der Modularit\u00e4t der SARIX-Maschinen zugrunde liegt, garantiert einen innovativen Ansatz f\u00fcr unsere Kunden. PULSAR-Generator Mit dem innovativen ADP\u00ae Analog Digital Pulse, dem DPM\u00ae Digital Direct Pulse Motion und der Glasfaserkommunikation sorgen die folgenden [&hellip;]<\/p>\n","protected":false},"author":1,"featured_media":0,"parent":0,"menu_order":0,"comment_status":"closed","ping_status":"closed","template":"","meta":{"footnotes":""},"categories":[3],"tags":[],"class_list":["post-5360","page","type-page","status-publish","hentry","category-sarix-content"],"_links":{"self":[{"href":"https:\/\/www.sarix.com\/de\/wp-json\/wp\/v2\/pages\/5360","targetHints":{"allow":["GET"]}}],"collection":[{"href":"https:\/\/www.sarix.com\/de\/wp-json\/wp\/v2\/pages"}],"about":[{"href":"https:\/\/www.sarix.com\/de\/wp-json\/wp\/v2\/types\/page"}],"author":[{"embeddable":true,"href":"https:\/\/www.sarix.com\/de\/wp-json\/wp\/v2\/users\/1"}],"replies":[{"embeddable":true,"href":"https:\/\/www.sarix.com\/de\/wp-json\/wp\/v2\/comments?post=5360"}],"version-history":[{"count":4,"href":"https:\/\/www.sarix.com\/de\/wp-json\/wp\/v2\/pages\/5360\/revisions"}],"predecessor-version":[{"id":5682,"href":"https:\/\/www.sarix.com\/de\/wp-json\/wp\/v2\/pages\/5360\/revisions\/5682"}],"wp:attachment":[{"href":"https:\/\/www.sarix.com\/de\/wp-json\/wp\/v2\/media?parent=5360"}],"wp:term":[{"taxonomy":"category","embeddable":true,"href":"https:\/\/www.sarix.com\/de\/wp-json\/wp\/v2\/categories?post=5360"},{"taxonomy":"post_tag","embeddable":true,"href":"https:\/\/www.sarix.com\/de\/wp-json\/wp\/v2\/tags?post=5360"}],"curies":[{"name":"wp","href":"https:\/\/api.w.org\/{rel}","templated":true}]}}