{"id":5336,"date":"2023-09-08T17:51:00","date_gmt":"2023-09-08T17:51:00","guid":{"rendered":"https:\/\/www.sarix.com\/features\/rotationen-spindel-und-elektrodenhalter\/"},"modified":"2023-12-19T14:33:06","modified_gmt":"2023-12-19T14:33:06","slug":"rotationen-spindel-und-elektrodenhalter","status":"publish","type":"page","link":"https:\/\/www.sarix.com\/de\/features\/rotationen-spindel-und-elektrodenhalter\/","title":{"rendered":"Rotationsspindel und Elektrodenhalter"},"content":{"rendered":"\t\t<div data-elementor-type=\"wp-page\" data-elementor-id=\"5336\" class=\"elementor elementor-5336 elementor-1167\" data-elementor-post-type=\"page\">\n\t\t\t\t\t\t<section class=\"elementor-section elementor-top-section elementor-element elementor-element-ec2e395 elementor-section-boxed elementor-section-height-default elementor-section-height-default\" data-id=\"ec2e395\" data-element_type=\"section\" data-e-type=\"section\">\n\t\t\t\t\t\t<div class=\"elementor-container elementor-column-gap-default\">\n\t\t\t\t\t<div class=\"elementor-column elementor-col-50 elementor-top-column elementor-element elementor-element-beb42db\" data-id=\"beb42db\" data-element_type=\"column\" data-e-type=\"column\">\n\t\t\t<div class=\"elementor-widget-wrap elementor-element-populated\">\n\t\t\t\t\t\t<section class=\"elementor-section elementor-inner-section elementor-element elementor-element-8f67e14 elementor-section-boxed elementor-section-height-default elementor-section-height-default\" data-id=\"8f67e14\" data-element_type=\"section\" data-e-type=\"section\">\n\t\t\t\t\t\t<div class=\"elementor-container elementor-column-gap-default\">\n\t\t\t\t\t<div class=\"elementor-column elementor-col-25 elementor-inner-column elementor-element elementor-element-6bc70a6\" data-id=\"6bc70a6\" data-element_type=\"column\" data-e-type=\"column\">\n\t\t\t<div class=\"elementor-widget-wrap elementor-element-populated\">\n\t\t\t\t\t\t<div class=\"elementor-element elementor-element-6a22814 elementor-position-top elementor-widget elementor-widget-image-box\" data-id=\"6a22814\" data-element_type=\"widget\" data-e-type=\"widget\" data-widget_type=\"image-box.default\">\n\t\t\t\t<div class=\"elementor-widget-container\">\n\t\t\t\t\t<div class=\"elementor-image-box-wrapper\"><figure class=\"elementor-image-box-img\"><img fetchpriority=\"high\" decoding=\"async\" width=\"868\" height=\"1503\" src=\"https:\/\/www.sarix.com\/wp-content\/uploads\/2023\/09\/SX-ROT.jpg\" class=\"attachment-full size-full wp-image-1128\" alt=\"\" srcset=\"https:\/\/www.sarix.com\/wp-content\/uploads\/2023\/09\/SX-ROT.jpg 868w, https:\/\/www.sarix.com\/wp-content\/uploads\/2023\/09\/SX-ROT-173x300.jpg 173w, https:\/\/www.sarix.com\/wp-content\/uploads\/2023\/09\/SX-ROT-591x1024.jpg 591w, https:\/\/www.sarix.com\/wp-content\/uploads\/2023\/09\/SX-ROT-768x1330.jpg 768w\" sizes=\"(max-width: 868px) 100vw, 868px\" \/><\/figure><div class=\"elementor-image-box-content\"><h3 class=\"elementor-image-box-title\">SX-ROT - Spindel mit manuellem Elektrodenvorschub<br><br><\/h3><p class=\"elementor-image-box-description\">Interne Hochdrucksp\u00fclung - 3R-Spannfutter - Rundheit \u00b1 1 \u03bcm\n- Drehzahl max 850 U\/min - F\u00fcr Spannzangen SP02, SP03 und SP04<\/p><\/div><\/div>\t\t\t\t<\/div>\n\t\t\t\t<\/div>\n\t\t\t\t\t<\/div>\n\t\t<\/div>\n\t\t\t\t<div class=\"elementor-column elementor-col-25 elementor-inner-column elementor-element elementor-element-24a8ae8\" data-id=\"24a8ae8\" data-element_type=\"column\" data-e-type=\"column\">\n\t\t\t<div class=\"elementor-widget-wrap elementor-element-populated\">\n\t\t\t\t\t\t<div class=\"elementor-element elementor-element-bf69257 elementor-position-top elementor-widget elementor-widget-image-box\" data-id=\"bf69257\" data-element_type=\"widget\" data-e-type=\"widget\" data-widget_type=\"image-box.default\">\n\t\t\t\t<div class=\"elementor-widget-container\">\n\t\t\t\t\t<div class=\"elementor-image-box-wrapper\"><figure class=\"elementor-image-box-img\"><img decoding=\"async\" width=\"867\" height=\"1503\" src=\"https:\/\/www.sarix.com\/wp-content\/uploads\/2023\/09\/SX-A344L.jpg\" class=\"attachment-full size-full wp-image-1127\" alt=\"\" srcset=\"https:\/\/www.sarix.com\/wp-content\/uploads\/2023\/09\/SX-A344L.jpg 867w, https:\/\/www.sarix.com\/wp-content\/uploads\/2023\/09\/SX-A344L-173x300.jpg 173w, https:\/\/www.sarix.com\/wp-content\/uploads\/2023\/09\/SX-A344L-591x1024.jpg 591w, https:\/\/www.sarix.com\/wp-content\/uploads\/2023\/09\/SX-A344L-768x1331.jpg 768w\" sizes=\"(max-width: 867px) 100vw, 867px\" \/><\/figure><div class=\"elementor-image-box-content\"><h3 class=\"elementor-image-box-title\">SX-A344L - Spindel mit automatischem Elektrodenvorschub und Verschlei\u00df Kompensation<\/h3><p class=\"elementor-image-box-description\">Interne Hochdrucksp\u00fclung - 3R-Spannfutter - Rundheit \u00b1 1 \u00b5m \n- Drehzahl max 850 U\/min - F\u00fcr Spannzangen SP06, SP12 und SP-MDC<\/p><\/div><\/div>\t\t\t\t<\/div>\n\t\t\t\t<\/div>\n\t\t\t\t\t<\/div>\n\t\t<\/div>\n\t\t\t\t<div class=\"elementor-column elementor-col-25 elementor-inner-column elementor-element elementor-element-06d286f\" data-id=\"06d286f\" data-element_type=\"column\" data-e-type=\"column\">\n\t\t\t<div class=\"elementor-widget-wrap elementor-element-populated\">\n\t\t\t\t\t\t<div class=\"elementor-element elementor-element-4bbdc9a elementor-position-top elementor-widget elementor-widget-image-box\" data-id=\"4bbdc9a\" data-element_type=\"widget\" data-e-type=\"widget\" data-widget_type=\"image-box.default\">\n\t\t\t\t<div class=\"elementor-widget-container\">\n\t\t\t\t\t<div class=\"elementor-image-box-wrapper\"><figure class=\"elementor-image-box-img\"><img decoding=\"async\" width=\"867\" height=\"1503\" src=\"https:\/\/www.sarix.com\/wp-content\/uploads\/2023\/09\/SX-C-A344L.jpg\" class=\"attachment-full size-full wp-image-1126\" alt=\"\" srcset=\"https:\/\/www.sarix.com\/wp-content\/uploads\/2023\/09\/SX-C-A344L.jpg 867w, https:\/\/www.sarix.com\/wp-content\/uploads\/2023\/09\/SX-C-A344L-173x300.jpg 173w, https:\/\/www.sarix.com\/wp-content\/uploads\/2023\/09\/SX-C-A344L-591x1024.jpg 591w, https:\/\/www.sarix.com\/wp-content\/uploads\/2023\/09\/SX-C-A344L-768x1331.jpg 768w\" sizes=\"(max-width: 867px) 100vw, 867px\" \/><\/figure><div class=\"elementor-image-box-content\"><h3 class=\"elementor-image-box-title\">SX-C-A344L - Indexierbare Spindel mit automatischem Elektrodenvorschub und Verschlei\u00df Kompensation<\/h3><p class=\"elementor-image-box-description\">Interne Hochdrucksp\u00fclung - 3R-Spannfutter - Drehzahl max 600 U\/min - F\u00fcr Spannzangen SP06, SP12 und SP-MDC<\/p><\/div><\/div>\t\t\t\t<\/div>\n\t\t\t\t<\/div>\n\t\t\t\t\t<\/div>\n\t\t<\/div>\n\t\t\t\t<div class=\"elementor-column elementor-col-25 elementor-inner-column elementor-element elementor-element-85fd8c5\" data-id=\"85fd8c5\" data-element_type=\"column\" data-e-type=\"column\">\n\t\t\t<div class=\"elementor-widget-wrap elementor-element-populated\">\n\t\t\t\t\t\t<div class=\"elementor-element elementor-element-4a6fdf7 elementor-position-top elementor-widget elementor-widget-image-box\" data-id=\"4a6fdf7\" data-element_type=\"widget\" data-e-type=\"widget\" data-widget_type=\"image-box.default\">\n\t\t\t\t<div class=\"elementor-widget-container\">\n\t\t\t\t\t<div class=\"elementor-image-box-wrapper\"><figure class=\"elementor-image-box-img\"><img fetchpriority=\"high\" decoding=\"async\" width=\"868\" height=\"1503\" src=\"https:\/\/www.sarix.com\/wp-content\/uploads\/2023\/09\/SX-ROT.jpg\" class=\"attachment-full size-full wp-image-1128\" alt=\"\" srcset=\"https:\/\/www.sarix.com\/wp-content\/uploads\/2023\/09\/SX-ROT.jpg 868w, https:\/\/www.sarix.com\/wp-content\/uploads\/2023\/09\/SX-ROT-173x300.jpg 173w, https:\/\/www.sarix.com\/wp-content\/uploads\/2023\/09\/SX-ROT-591x1024.jpg 591w, https:\/\/www.sarix.com\/wp-content\/uploads\/2023\/09\/SX-ROT-768x1330.jpg 768w\" sizes=\"(max-width: 868px) 100vw, 868px\" \/><\/figure><div class=\"elementor-image-box-content\"><h3 class=\"elementor-image-box-title\">SX-Revolver - Automatisches Elektrodenwechselsystem<br><br><\/h3><p class=\"elementor-image-box-description\">8 Elektroden von 300-600 mm L\u00e4nge - Kompatibel mit der automatischen Spindelserie SX-A344 - F\u00fcr die Spannzangen SP06, SP12 und SP-MDC<\/p><\/div><\/div>\t\t\t\t<\/div>\n\t\t\t\t<\/div>\n\t\t\t\t\t<\/div>\n\t\t<\/div>\n\t\t\t\t\t<\/div>\n\t\t<\/section>\n\t\t\t\t\t<\/div>\n\t\t<\/div>\n\t\t\t\t<div class=\"elementor-column elementor-col-50 elementor-top-column elementor-element elementor-element-91d5b0a\" data-id=\"91d5b0a\" data-element_type=\"column\" data-e-type=\"column\">\n\t\t\t<div class=\"elementor-widget-wrap\">\n\t\t\t\t\t\t\t<\/div>\n\t\t<\/div>\n\t\t\t\t\t<\/div>\n\t\t<\/section>\n\t\t\t\t<section class=\"elementor-section elementor-top-section elementor-element elementor-element-41f4e88 elementor-section-boxed elementor-section-height-default elementor-section-height-default\" data-id=\"41f4e88\" data-element_type=\"section\" data-e-type=\"section\">\n\t\t\t\t\t\t<div class=\"elementor-container elementor-column-gap-default\">\n\t\t\t\t\t<div class=\"elementor-column elementor-col-100 elementor-top-column elementor-element elementor-element-ab6ec85\" data-id=\"ab6ec85\" data-element_type=\"column\" data-e-type=\"column\">\n\t\t\t<div class=\"elementor-widget-wrap elementor-element-populated\">\n\t\t\t\t\t\t<div class=\"elementor-element elementor-element-77aeb6d elementor-widget elementor-widget-shortcode\" data-id=\"77aeb6d\" data-element_type=\"widget\" data-e-type=\"widget\" data-widget_type=\"shortcode.default\">\n\t\t\t\t<div class=\"elementor-widget-container\">\n\t\t\t\t\t\t\t<div class=\"elementor-shortcode\"><div data-post-id=\"5931\" class=\"insert-page insert-page-5931 \">\t\t<div data-elementor-type=\"wp-page\" data-elementor-id=\"5931\" class=\"elementor elementor-5931 elementor-1286 elementor-1286\" data-elementor-post-type=\"page\">\n\t\t\t\t\t\t<section class=\"elementor-section elementor-top-section elementor-element elementor-element-e7d6980 elementor-section-boxed elementor-section-height-default elementor-section-height-default\" data-id=\"e7d6980\" data-element_type=\"section\" data-e-type=\"section\">\n\t\t\t\t\t\t<div class=\"elementor-container elementor-column-gap-default\">\n\t\t\t\t\t<div class=\"elementor-column elementor-col-100 elementor-top-column elementor-element elementor-element-5b2bafc\" data-id=\"5b2bafc\" data-element_type=\"column\" data-e-type=\"column\">\n\t\t\t<div class=\"elementor-widget-wrap elementor-element-populated\">\n\t\t\t\t\t\t<div class=\"elementor-element elementor-element-11df506 elementor-widget elementor-widget-text-editor\" data-id=\"11df506\" data-element_type=\"widget\" data-e-type=\"widget\" data-widget_type=\"text-editor.default\">\n\t\t\t\t<div class=\"elementor-widget-container\">\n\t\t\t\t\t\t\t\t\t<b><a href=\"https:\/\/www.sarix.com\/de\/features\/rotationen-spindel-und-elektrodenhalter\/\">Rotationsspindel und Elektrodenhalter<\/a><span style=\"color: #e40421;\"> \u2022<\/span> <a href=\"https:\/\/www.sarix.com\/de\/features\/spannzangen\/\">Spannzangen<\/a><span style=\"color: #e40421;\"> \u2022<\/span> <a href=\"https:\/\/www.sarix.com\/de\/features\/merkmale-und-geraete\/\">Zubeh\u00f6re und Optionen<\/a><\/b>\t\t\t\t\t\t\t\t<\/div>\n\t\t\t\t<\/div>\n\t\t\t\t\t<\/div>\n\t\t<\/div>\n\t\t\t\t\t<\/div>\n\t\t<\/section>\n\t\t\t\t<\/div>\n\t\t<\/div><\/div>\n\t\t\t\t\t\t<\/div>\n\t\t\t\t<\/div>\n\t\t\t\t\t<\/div>\n\t\t<\/div>\n\t\t\t\t\t<\/div>\n\t\t<\/section>\n\t\t\t\t<\/div>\n\t\t","protected":false},"excerpt":{"rendered":"<p>SX-ROT &#8211; Spindel mit manuellem Elektrodenvorschub Interne Hochdrucksp\u00fclung &#8211; 3R-Spannfutter &#8211; Rundheit \u00b1 1 \u03bcm &#8211; Drehzahl max 850 U\/min &#8211; F\u00fcr Spannzangen SP02, SP03 und SP04 SX-A344L &#8211; Spindel mit automatischem Elektrodenvorschub und Verschlei\u00df Kompensation Interne Hochdrucksp\u00fclung &#8211; 3R-Spannfutter &#8211; Rundheit \u00b1 1 \u00b5m &#8211; Drehzahl max 850 U\/min &#8211; F\u00fcr Spannzangen SP06, SP12 [&hellip;]<\/p>\n","protected":false},"author":1,"featured_media":0,"parent":5330,"menu_order":0,"comment_status":"closed","ping_status":"closed","template":"","meta":{"footnotes":""},"categories":[103],"tags":[],"class_list":["post-5336","page","type-page","status-publish","hentry","category-merkmale"],"_links":{"self":[{"href":"https:\/\/www.sarix.com\/de\/wp-json\/wp\/v2\/pages\/5336","targetHints":{"allow":["GET"]}}],"collection":[{"href":"https:\/\/www.sarix.com\/de\/wp-json\/wp\/v2\/pages"}],"about":[{"href":"https:\/\/www.sarix.com\/de\/wp-json\/wp\/v2\/types\/page"}],"author":[{"embeddable":true,"href":"https:\/\/www.sarix.com\/de\/wp-json\/wp\/v2\/users\/1"}],"replies":[{"embeddable":true,"href":"https:\/\/www.sarix.com\/de\/wp-json\/wp\/v2\/comments?post=5336"}],"version-history":[{"count":8,"href":"https:\/\/www.sarix.com\/de\/wp-json\/wp\/v2\/pages\/5336\/revisions"}],"predecessor-version":[{"id":6047,"href":"https:\/\/www.sarix.com\/de\/wp-json\/wp\/v2\/pages\/5336\/revisions\/6047"}],"up":[{"embeddable":true,"href":"https:\/\/www.sarix.com\/de\/wp-json\/wp\/v2\/pages\/5330"}],"wp:attachment":[{"href":"https:\/\/www.sarix.com\/de\/wp-json\/wp\/v2\/media?parent=5336"}],"wp:term":[{"taxonomy":"category","embeddable":true,"href":"https:\/\/www.sarix.com\/de\/wp-json\/wp\/v2\/categories?post=5336"},{"taxonomy":"post_tag","embeddable":true,"href":"https:\/\/www.sarix.com\/de\/wp-json\/wp\/v2\/tags?post=5336"}],"curies":[{"name":"wp","href":"https:\/\/api.w.org\/{rel}","templated":true}]}}