{"id":5326,"date":"2023-09-08T16:37:58","date_gmt":"2023-09-08T16:37:58","guid":{"rendered":"https:\/\/www.sarix.com\/verbessern-sie-ihren-prozess-mit-unserem-technologie-anwendungszentrum\/"},"modified":"2023-12-15T09:30:55","modified_gmt":"2023-12-15T09:30:55","slug":"verbessern-sie-ihren-prozess-mit-unserem-technologie-anwendungszentrum","status":"publish","type":"page","link":"https:\/\/www.sarix.com\/de\/verbessern-sie-ihren-prozess-mit-unserem-technologie-anwendungszentrum\/","title":{"rendered":"Verbessern Sie Ihren Prozess mit unserem Technologie-Anwendungszentrum"},"content":{"rendered":"\t\t<div data-elementor-type=\"wp-page\" data-elementor-id=\"5326\" class=\"elementor elementor-5326 elementor-1029\" data-elementor-post-type=\"page\">\n\t\t\t\t\t\t<section class=\"elementor-section elementor-top-section elementor-element elementor-element-81157c5 elementor-section-boxed elementor-section-height-default elementor-section-height-default\" data-id=\"81157c5\" data-element_type=\"section\" data-e-type=\"section\">\n\t\t\t\t\t\t<div class=\"elementor-container elementor-column-gap-default\">\n\t\t\t\t\t<div class=\"elementor-column elementor-col-100 elementor-top-column elementor-element elementor-element-9249b7b\" data-id=\"9249b7b\" data-element_type=\"column\" data-e-type=\"column\">\n\t\t\t<div class=\"elementor-widget-wrap elementor-element-populated\">\n\t\t\t\t\t\t<section class=\"elementor-section elementor-inner-section elementor-element elementor-element-9879eb3 elementor-section-boxed elementor-section-height-default elementor-section-height-default\" data-id=\"9879eb3\" data-element_type=\"section\" data-e-type=\"section\">\n\t\t\t\t\t\t<div class=\"elementor-container elementor-column-gap-default\">\n\t\t\t\t\t<div class=\"elementor-column elementor-col-33 elementor-inner-column elementor-element elementor-element-8f4ba90\" data-id=\"8f4ba90\" data-element_type=\"column\" data-e-type=\"column\">\n\t\t\t<div class=\"elementor-widget-wrap elementor-element-populated\">\n\t\t\t\t\t\t<div class=\"elementor-element elementor-element-f8f82b4 elementor-widget elementor-widget-image\" data-id=\"f8f82b4\" data-element_type=\"widget\" data-e-type=\"widget\" data-widget_type=\"image.default\">\n\t\t\t\t<div class=\"elementor-widget-container\">\n\t\t\t\t\t\t\t\t\t\t\t\t\t\t\t<img fetchpriority=\"high\" decoding=\"async\" width=\"640\" height=\"310\" src=\"https:\/\/www.sarix.com\/wp-content\/uploads\/2023\/09\/Sarix_Improve_investment-1024x496.jpg\" class=\"attachment-large size-large wp-image-4090\" alt=\"\" srcset=\"https:\/\/www.sarix.com\/wp-content\/uploads\/2023\/09\/Sarix_Improve_investment-1024x496.jpg 1024w, https:\/\/www.sarix.com\/wp-content\/uploads\/2023\/09\/Sarix_Improve_investment-300x145.jpg 300w, https:\/\/www.sarix.com\/wp-content\/uploads\/2023\/09\/Sarix_Improve_investment-768x372.jpg 768w, https:\/\/www.sarix.com\/wp-content\/uploads\/2023\/09\/Sarix_Improve_investment.jpg 1201w\" sizes=\"(max-width: 640px) 100vw, 640px\" \/>\t\t\t\t\t\t\t\t\t\t\t\t\t\t\t<\/div>\n\t\t\t\t<\/div>\n\t\t\t\t\t<\/div>\n\t\t<\/div>\n\t\t\t\t<div class=\"elementor-column elementor-col-33 elementor-inner-column elementor-element elementor-element-149ae42\" data-id=\"149ae42\" data-element_type=\"column\" data-e-type=\"column\">\n\t\t\t<div class=\"elementor-widget-wrap elementor-element-populated\">\n\t\t\t\t\t\t<div class=\"elementor-element elementor-element-1e9bcd9 elementor-invisible elementor-widget elementor-widget-text-editor\" data-id=\"1e9bcd9\" data-element_type=\"widget\" data-e-type=\"widget\" data-settings=\"{&quot;_animation&quot;:&quot;fadeIn&quot;}\" data-widget_type=\"text-editor.default\">\n\t\t\t\t<div class=\"elementor-widget-container\">\n\t\t\t\t\t\t\t\t\t<p>Ausgestattet mit einer breiten Palette von <span style=\"color: #000000;\"><br \/>\n  <b><span style=\"color: #e40421;\">SARIX<\/span><\/b><br \/>\n<\/span> Maschinenkonfigurationen bietet unser Technologiezentrum, in dem unsere Verfahrensingenieure Produktmuster erstellen, schl\u00fcsselfertige L\u00f6sungen entwickeln, kundenspezifische Seminare zu unserer Technologie veranstalten und engagierten Support f\u00fcr alle Ihre Verarbeitungsprobleme bieten.<\/p>\n\t\t\t\t\t\t\t\t<\/div>\n\t\t\t\t<\/div>\n\t\t\t\t\t<\/div>\n\t\t<\/div>\n\t\t\t\t<div class=\"elementor-column elementor-col-33 elementor-inner-column elementor-element elementor-element-64761cd\" data-id=\"64761cd\" data-element_type=\"column\" data-e-type=\"column\">\n\t\t\t<div class=\"elementor-widget-wrap\">\n\t\t\t\t\t\t\t<\/div>\n\t\t<\/div>\n\t\t\t\t\t<\/div>\n\t\t<\/section>\n\t\t\t\t\t<\/div>\n\t\t<\/div>\n\t\t\t\t\t<\/div>\n\t\t<\/section>\n\t\t\t\t<\/div>\n\t\t","protected":false},"excerpt":{"rendered":"<p>Ausgestattet mit einer breiten Palette von SARIX Maschinenkonfigurationen bietet unser Technologiezentrum, in dem unsere Verfahrensingenieure Produktmuster erstellen, schl\u00fcsselfertige L\u00f6sungen entwickeln, kundenspezifische Seminare zu unserer Technologie veranstalten und engagierten Support f\u00fcr alle Ihre Verarbeitungsprobleme bieten.<\/p>\n","protected":false},"author":1,"featured_media":0,"parent":0,"menu_order":0,"comment_status":"closed","ping_status":"closed","template":"","meta":{"footnotes":""},"categories":[50],"tags":[],"class_list":["post-5326","page","type-page","status-publish","hentry","category-sarix-inhalt"],"_links":{"self":[{"href":"https:\/\/www.sarix.com\/de\/wp-json\/wp\/v2\/pages\/5326","targetHints":{"allow":["GET"]}}],"collection":[{"href":"https:\/\/www.sarix.com\/de\/wp-json\/wp\/v2\/pages"}],"about":[{"href":"https:\/\/www.sarix.com\/de\/wp-json\/wp\/v2\/types\/page"}],"author":[{"embeddable":true,"href":"https:\/\/www.sarix.com\/de\/wp-json\/wp\/v2\/users\/1"}],"replies":[{"embeddable":true,"href":"https:\/\/www.sarix.com\/de\/wp-json\/wp\/v2\/comments?post=5326"}],"version-history":[{"count":1,"href":"https:\/\/www.sarix.com\/de\/wp-json\/wp\/v2\/pages\/5326\/revisions"}],"predecessor-version":[{"id":5329,"href":"https:\/\/www.sarix.com\/de\/wp-json\/wp\/v2\/pages\/5326\/revisions\/5329"}],"wp:attachment":[{"href":"https:\/\/www.sarix.com\/de\/wp-json\/wp\/v2\/media?parent=5326"}],"wp:term":[{"taxonomy":"category","embeddable":true,"href":"https:\/\/www.sarix.com\/de\/wp-json\/wp\/v2\/categories?post=5326"},{"taxonomy":"post_tag","embeddable":true,"href":"https:\/\/www.sarix.com\/de\/wp-json\/wp\/v2\/tags?post=5326"}],"curies":[{"name":"wp","href":"https:\/\/api.w.org\/{rel}","templated":true}]}}