{"id":5318,"date":"2023-09-08T16:56:01","date_gmt":"2023-09-08T16:56:01","guid":{"rendered":"https:\/\/www.sarix.com\/micro-edm-senkerodieren\/"},"modified":"2024-08-26T22:44:31","modified_gmt":"2024-08-26T22:44:31","slug":"micro-edm-senkerodieren","status":"publish","type":"page","link":"https:\/\/www.sarix.com\/de\/sarix-technologien\/micro-edm-senkerodieren\/","title":{"rendered":"Mikro EDM Senken"},"content":{"rendered":"\t\t<div data-elementor-type=\"wp-page\" data-elementor-id=\"5318\" class=\"elementor elementor-5318 elementor-1074\" data-elementor-post-type=\"page\">\n\t\t\t\t\t\t<section class=\"elementor-section elementor-top-section elementor-element elementor-element-65eae25 elementor-section-boxed elementor-section-height-default elementor-section-height-default\" data-id=\"65eae25\" data-element_type=\"section\" data-e-type=\"section\">\n\t\t\t\t\t\t<div class=\"elementor-container elementor-column-gap-default\">\n\t\t\t\t\t<div class=\"elementor-column elementor-col-100 elementor-top-column elementor-element elementor-element-de84d4c\" data-id=\"de84d4c\" data-element_type=\"column\" data-e-type=\"column\">\n\t\t\t<div class=\"elementor-widget-wrap elementor-element-populated\">\n\t\t\t\t\t\t<section class=\"elementor-section elementor-inner-section elementor-element elementor-element-94f73c5 elementor-section-boxed elementor-section-height-default elementor-section-height-default\" data-id=\"94f73c5\" data-element_type=\"section\" data-e-type=\"section\">\n\t\t\t\t\t\t<div class=\"elementor-container elementor-column-gap-default\">\n\t\t\t\t\t<div class=\"elementor-column elementor-col-25 elementor-inner-column elementor-element elementor-element-390fd6e\" data-id=\"390fd6e\" data-element_type=\"column\" data-e-type=\"column\">\n\t\t\t<div class=\"elementor-widget-wrap elementor-element-populated\">\n\t\t\t\t\t\t<div class=\"elementor-element elementor-element-8852984 elementor-widget elementor-widget-text-editor\" data-id=\"8852984\" data-element_type=\"widget\" data-e-type=\"widget\" data-widget_type=\"text-editor.default\">\n\t\t\t\t<div class=\"elementor-widget-container\">\n\t\t\t\t\t\t\t\t\t<p><b>Mikro-Hohlraumversenkung<\/b><\/p><p>Der PULSAR-Generator bietet spezielle Technologien f\u00fcr die Verwendung von geformten Mikroelektroden mit geringem Verschlei\u00df.<\/p>\t\t\t\t\t\t\t\t<\/div>\n\t\t\t\t<\/div>\n\t\t\t\t<div class=\"elementor-element elementor-element-cf91fbe elementor-widget elementor-widget-image\" data-id=\"cf91fbe\" data-element_type=\"widget\" data-e-type=\"widget\" data-widget_type=\"image.default\">\n\t\t\t\t<div class=\"elementor-widget-container\">\n\t\t\t\t\t\t\t\t\t\t\t\t\t\t\t<img fetchpriority=\"high\" decoding=\"async\" width=\"252\" height=\"300\" src=\"https:\/\/www.sarix.com\/wp-content\/uploads\/2023\/09\/MDS-dett01-252x300.jpg\" class=\"attachment-medium size-medium wp-image-4120\" alt=\"\" srcset=\"https:\/\/www.sarix.com\/wp-content\/uploads\/2023\/09\/MDS-dett01-252x300.jpg 252w, https:\/\/www.sarix.com\/wp-content\/uploads\/2023\/09\/MDS-dett01.jpg 700w\" sizes=\"(max-width: 252px) 100vw, 252px\" \/>\t\t\t\t\t\t\t\t\t\t\t\t\t\t\t<\/div>\n\t\t\t\t<\/div>\n\t\t\t\t<div class=\"elementor-element elementor-element-8a6575e elementor-widget elementor-widget-text-editor\" data-id=\"8a6575e\" data-element_type=\"widget\" data-e-type=\"widget\" data-widget_type=\"text-editor.default\">\n\t\t\t\t<div class=\"elementor-widget-container\">\n\t\t\t\t\t\t\t\t\t<p>Getauchte Tankl\u00f6sungen mit Hochgeschwindigkeitsbef\u00fcllung erm\u00f6glichen besseres Bohren unter Sicherheitsbedingungen<\/p>\n\t\t\t\t\t\t\t\t<\/div>\n\t\t\t\t<\/div>\n\t\t\t\t\t<\/div>\n\t\t<\/div>\n\t\t\t\t<div class=\"elementor-column elementor-col-25 elementor-inner-column elementor-element elementor-element-c8f77b1\" data-id=\"c8f77b1\" data-element_type=\"column\" data-e-type=\"column\">\n\t\t\t<div class=\"elementor-widget-wrap elementor-element-populated\">\n\t\t\t\t\t\t<div class=\"elementor-element elementor-element-7370766 elementor-widget elementor-widget-text-editor\" data-id=\"7370766\" data-element_type=\"widget\" data-e-type=\"widget\" data-widget_type=\"text-editor.default\">\n\t\t\t\t<div class=\"elementor-widget-container\">\n\t\t\t\t\t\t\t\t\t<p><b>Eckenveredelung<\/b><\/p>\n<p><span style=\"font-size: 1em; color: var( --e-global-color-text ); font-weight: var( --e-global-typography-text-font-weight );\">Eckenbearbeitung Perfekte Kontrolle des Elektrodenverschlei\u00dfes und Verwendung von Hochfrequenzgeneratorimpulsen erm\u00f6glicht Ecken mit extrem kleinem Radius von bis zu 3 \u00b5m.<\/span><\/p>\n\t\t\t\t\t\t\t\t<\/div>\n\t\t\t\t<\/div>\n\t\t\t\t<div class=\"elementor-element elementor-element-495d39e elementor-widget elementor-widget-image\" data-id=\"495d39e\" data-element_type=\"widget\" data-e-type=\"widget\" data-widget_type=\"image.default\">\n\t\t\t\t<div class=\"elementor-widget-container\">\n\t\t\t\t\t\t\t\t\t\t\t\t\t\t\t<img decoding=\"async\" width=\"300\" height=\"300\" src=\"https:\/\/www.sarix.com\/wp-content\/uploads\/2023\/09\/MDS-dett02-300x300.jpg\" class=\"attachment-medium size-medium wp-image-4130\" alt=\"\" srcset=\"https:\/\/www.sarix.com\/wp-content\/uploads\/2023\/09\/MDS-dett02-300x300.jpg 300w, https:\/\/www.sarix.com\/wp-content\/uploads\/2023\/09\/MDS-dett02-150x150.jpg 150w, https:\/\/www.sarix.com\/wp-content\/uploads\/2023\/09\/MDS-dett02-100x100.jpg 100w, https:\/\/www.sarix.com\/wp-content\/uploads\/2023\/09\/MDS-dett02.jpg 544w\" sizes=\"(max-width: 300px) 100vw, 300px\" \/>\t\t\t\t\t\t\t\t\t\t\t\t\t\t\t<\/div>\n\t\t\t\t<\/div>\n\t\t\t\t\t<\/div>\n\t\t<\/div>\n\t\t\t\t<div class=\"elementor-column elementor-col-25 elementor-inner-column elementor-element elementor-element-e77965b\" data-id=\"e77965b\" data-element_type=\"column\" data-e-type=\"column\">\n\t\t\t<div class=\"elementor-widget-wrap elementor-element-populated\">\n\t\t\t\t\t\t<div class=\"elementor-element elementor-element-ea94248 elementor-widget elementor-widget-text-editor\" data-id=\"ea94248\" data-element_type=\"widget\" data-e-type=\"widget\" data-widget_type=\"text-editor.default\">\n\t\t\t\t<div class=\"elementor-widget-container\">\n\t\t\t\t\t\t\t\t\t<p><b>Formgebung von Mikroelektroden<\/b><\/p><p>Die indexierte Drehspindel erzeugt Elektroden unterschiedlicher Form auf der SX-Arianne und misst sie auf dem on<br \/>Board-Laserger\u00e4t.<\/p>\t\t\t\t\t\t\t\t<\/div>\n\t\t\t\t<\/div>\n\t\t\t\t<div class=\"elementor-element elementor-element-2184645 elementor-widget elementor-widget-image\" data-id=\"2184645\" data-element_type=\"widget\" data-e-type=\"widget\" data-widget_type=\"image.default\">\n\t\t\t\t<div class=\"elementor-widget-container\">\n\t\t\t\t\t\t\t\t\t\t\t\t\t\t\t<img decoding=\"async\" width=\"300\" height=\"300\" src=\"https:\/\/www.sarix.com\/wp-content\/uploads\/2023\/09\/MDS-dett03-300x300.jpg\" class=\"attachment-medium size-medium wp-image-4125\" alt=\"\" srcset=\"https:\/\/www.sarix.com\/wp-content\/uploads\/2023\/09\/MDS-dett03-300x300.jpg 300w, https:\/\/www.sarix.com\/wp-content\/uploads\/2023\/09\/MDS-dett03-150x150.jpg 150w, https:\/\/www.sarix.com\/wp-content\/uploads\/2023\/09\/MDS-dett03-100x100.jpg 100w, https:\/\/www.sarix.com\/wp-content\/uploads\/2023\/09\/MDS-dett03.jpg 537w\" sizes=\"(max-width: 300px) 100vw, 300px\" \/>\t\t\t\t\t\t\t\t\t\t\t\t\t\t\t<\/div>\n\t\t\t\t<\/div>\n\t\t\t\t<div class=\"elementor-element elementor-element-6ec976f elementor-widget elementor-widget-spacer\" data-id=\"6ec976f\" data-element_type=\"widget\" data-e-type=\"widget\" data-widget_type=\"spacer.default\">\n\t\t\t\t<div class=\"elementor-widget-container\">\n\t\t\t\t\t\t\t<div class=\"elementor-spacer\">\n\t\t\t<div class=\"elementor-spacer-inner\"><\/div>\n\t\t<\/div>\n\t\t\t\t\t\t<\/div>\n\t\t\t\t<\/div>\n\t\t\t\t\t<\/div>\n\t\t<\/div>\n\t\t\t\t<div class=\"elementor-column elementor-col-25 elementor-inner-column elementor-element elementor-element-31b686d\" data-id=\"31b686d\" data-element_type=\"column\" data-e-type=\"column\">\n\t\t\t<div class=\"elementor-widget-wrap elementor-element-populated\">\n\t\t\t\t\t\t<div class=\"elementor-element elementor-element-1f082e8 elementor-widget elementor-widget-heading\" data-id=\"1f082e8\" data-element_type=\"widget\" data-e-type=\"widget\" data-widget_type=\"heading.default\">\n\t\t\t\t<div class=\"elementor-widget-container\">\n\t\t\t\t\t<p class=\"elementor-heading-title elementor-size-default\">STICHPROBENAUSWAHL<\/p>\t\t\t\t<\/div>\n\t\t\t\t<\/div>\n\t\t\t\t<div class=\"elementor-element elementor-element-4965e4c elementor-widget elementor-widget-image\" data-id=\"4965e4c\" data-element_type=\"widget\" data-e-type=\"widget\" data-widget_type=\"image.default\">\n\t\t\t\t<div class=\"elementor-widget-container\">\n\t\t\t\t\t\t\t\t\t\t\t\t\t\t\t<img loading=\"lazy\" decoding=\"async\" width=\"300\" height=\"182\" src=\"https:\/\/www.sarix.com\/wp-content\/uploads\/2023\/09\/Sample-milling-a-300x182.jpg\" class=\"attachment-medium size-medium wp-image-4340\" alt=\"\" srcset=\"https:\/\/www.sarix.com\/wp-content\/uploads\/2023\/09\/Sample-milling-a-300x182.jpg 300w, https:\/\/www.sarix.com\/wp-content\/uploads\/2023\/09\/Sample-milling-a-768x465.jpg 768w, https:\/\/www.sarix.com\/wp-content\/uploads\/2023\/09\/Sample-milling-a.jpg 784w\" sizes=\"(max-width: 300px) 100vw, 300px\" \/>\t\t\t\t\t\t\t\t\t\t\t\t\t\t\t<\/div>\n\t\t\t\t<\/div>\n\t\t\t\t<div class=\"elementor-element elementor-element-bf716dd elementor-widget elementor-widget-image\" data-id=\"bf716dd\" data-element_type=\"widget\" data-e-type=\"widget\" data-widget_type=\"image.default\">\n\t\t\t\t<div class=\"elementor-widget-container\">\n\t\t\t\t\t\t\t\t\t\t\t\t\t\t\t<img loading=\"lazy\" decoding=\"async\" width=\"298\" height=\"300\" src=\"https:\/\/www.sarix.com\/wp-content\/uploads\/2023\/09\/Medical-components-298x300.jpg\" class=\"attachment-medium size-medium wp-image-4200\" alt=\"\" srcset=\"https:\/\/www.sarix.com\/wp-content\/uploads\/2023\/09\/Medical-components-298x300.jpg 298w, https:\/\/www.sarix.com\/wp-content\/uploads\/2023\/09\/Medical-components-150x150.jpg 150w, https:\/\/www.sarix.com\/wp-content\/uploads\/2023\/09\/Medical-components-768x773.jpg 768w, https:\/\/www.sarix.com\/wp-content\/uploads\/2023\/09\/Medical-components-1017x1024.jpg 1017w, https:\/\/www.sarix.com\/wp-content\/uploads\/2023\/09\/Medical-components-100x100.jpg 100w, https:\/\/www.sarix.com\/wp-content\/uploads\/2023\/09\/Medical-components.jpg 1026w\" sizes=\"(max-width: 298px) 100vw, 298px\" \/>\t\t\t\t\t\t\t\t\t\t\t\t\t\t\t<\/div>\n\t\t\t\t<\/div>\n\t\t\t\t<div class=\"elementor-element elementor-element-891346f elementor-widget__width-auto elementor-widget elementor-widget-text-editor\" data-id=\"891346f\" data-element_type=\"widget\" data-e-type=\"widget\" data-widget_type=\"text-editor.default\">\n\t\t\t\t<div class=\"elementor-widget-container\">\n\t\t\t\t\t\t\t\t\t<p><span style=\"font-size: 1em; color: var( --e-global-color-text );\"><b>Wir stellen uns Ihren anspruchsvollsten Bearbeitungsherausforderungen!<\/b><\/span><\/p>\n<p><b>Kontaktieren Sie uns f\u00fcr einen kostenlosen Probetest!<\/b><\/p>\n\t\t\t\t\t\t\t\t<\/div>\n\t\t\t\t<\/div>\n\t\t\t\t\t<\/div>\n\t\t<\/div>\n\t\t\t\t\t<\/div>\n\t\t<\/section>\n\t\t\t\t\t<\/div>\n\t\t<\/div>\n\t\t\t\t\t<\/div>\n\t\t<\/section>\n\t\t\t\t<section class=\"elementor-section elementor-top-section elementor-element elementor-element-8295988 elementor-section-boxed elementor-section-height-default elementor-section-height-default\" data-id=\"8295988\" data-element_type=\"section\" data-e-type=\"section\">\n\t\t\t\t\t\t<div class=\"elementor-container elementor-column-gap-default\">\n\t\t\t\t\t<div class=\"elementor-column elementor-col-100 elementor-top-column elementor-element elementor-element-4456ceb\" data-id=\"4456ceb\" data-element_type=\"column\" data-e-type=\"column\">\n\t\t\t<div class=\"elementor-widget-wrap\">\n\t\t\t\t\t\t\t<\/div>\n\t\t<\/div>\n\t\t\t\t\t<\/div>\n\t\t<\/section>\n\t\t\t\t<\/div>\n\t\t","protected":false},"excerpt":{"rendered":"<p>Mikro-Hohlraumversenkung Der PULSAR-Generator bietet spezielle Technologien f\u00fcr die Verwendung von geformten Mikroelektroden mit geringem Verschlei\u00df. Getauchte Tankl\u00f6sungen mit Hochgeschwindigkeitsbef\u00fcllung erm\u00f6glichen besseres Bohren unter Sicherheitsbedingungen Eckenveredelung Eckenbearbeitung Perfekte Kontrolle des Elektrodenverschlei\u00dfes und Verwendung von Hochfrequenzgeneratorimpulsen erm\u00f6glicht Ecken mit extrem kleinem Radius von bis zu 3 \u00b5m. Formgebung von Mikroelektroden Die indexierte Drehspindel erzeugt Elektroden unterschiedlicher Form [&hellip;]<\/p>\n","protected":false},"author":1,"featured_media":0,"parent":5461,"menu_order":0,"comment_status":"closed","ping_status":"closed","template":"","meta":{"footnotes":""},"categories":[105],"tags":[],"class_list":["post-5318","page","type-page","status-publish","hentry","category-technologien"],"_links":{"self":[{"href":"https:\/\/www.sarix.com\/de\/wp-json\/wp\/v2\/pages\/5318","targetHints":{"allow":["GET"]}}],"collection":[{"href":"https:\/\/www.sarix.com\/de\/wp-json\/wp\/v2\/pages"}],"about":[{"href":"https:\/\/www.sarix.com\/de\/wp-json\/wp\/v2\/types\/page"}],"author":[{"embeddable":true,"href":"https:\/\/www.sarix.com\/de\/wp-json\/wp\/v2\/users\/1"}],"replies":[{"embeddable":true,"href":"https:\/\/www.sarix.com\/de\/wp-json\/wp\/v2\/comments?post=5318"}],"version-history":[{"count":9,"href":"https:\/\/www.sarix.com\/de\/wp-json\/wp\/v2\/pages\/5318\/revisions"}],"predecessor-version":[{"id":10834,"href":"https:\/\/www.sarix.com\/de\/wp-json\/wp\/v2\/pages\/5318\/revisions\/10834"}],"up":[{"embeddable":true,"href":"https:\/\/www.sarix.com\/de\/wp-json\/wp\/v2\/pages\/5461"}],"wp:attachment":[{"href":"https:\/\/www.sarix.com\/de\/wp-json\/wp\/v2\/media?parent=5318"}],"wp:term":[{"taxonomy":"category","embeddable":true,"href":"https:\/\/www.sarix.com\/de\/wp-json\/wp\/v2\/categories?post=5318"},{"taxonomy":"post_tag","embeddable":true,"href":"https:\/\/www.sarix.com\/de\/wp-json\/wp\/v2\/tags?post=5318"}],"curies":[{"name":"wp","href":"https:\/\/api.w.org\/{rel}","templated":true}]}}