{"id":5292,"date":"2023-09-08T17:51:47","date_gmt":"2023-09-08T17:51:47","guid":{"rendered":"https:\/\/www.sarix.com\/merkmale-und-geraete\/"},"modified":"2024-01-10T15:07:59","modified_gmt":"2024-01-10T15:07:59","slug":"merkmale-und-geraete","status":"publish","type":"page","link":"https:\/\/www.sarix.com\/de\/features\/merkmale-und-geraete\/","title":{"rendered":"Zubeh\u00f6re und Optionen"},"content":{"rendered":"\t\t<div data-elementor-type=\"wp-page\" data-elementor-id=\"5292\" class=\"elementor elementor-5292 elementor-1171\" data-elementor-post-type=\"page\">\n\t\t\t\t\t\t<section class=\"elementor-section elementor-top-section elementor-element elementor-element-06ca54f elementor-section-boxed elementor-section-height-default elementor-section-height-default\" data-id=\"06ca54f\" data-element_type=\"section\" data-e-type=\"section\">\n\t\t\t\t\t\t<div class=\"elementor-container elementor-column-gap-default\">\n\t\t\t\t\t<div class=\"elementor-column elementor-col-50 elementor-top-column elementor-element elementor-element-1db5c5e\" data-id=\"1db5c5e\" data-element_type=\"column\" data-e-type=\"column\">\n\t\t\t<div class=\"elementor-widget-wrap elementor-element-populated\">\n\t\t\t\t\t\t<section class=\"elementor-section elementor-inner-section elementor-element elementor-element-d564179 elementor-section-boxed elementor-section-height-default elementor-section-height-default\" data-id=\"d564179\" data-element_type=\"section\" data-e-type=\"section\">\n\t\t\t\t\t\t<div class=\"elementor-container elementor-column-gap-default\">\n\t\t\t\t\t<div class=\"elementor-column elementor-col-25 elementor-inner-column elementor-element elementor-element-f0e01c7\" data-id=\"f0e01c7\" data-element_type=\"column\" data-e-type=\"column\">\n\t\t\t<div class=\"elementor-widget-wrap elementor-element-populated\">\n\t\t\t\t\t\t<div class=\"elementor-element elementor-element-9451ff6 elementor-position-top elementor-widget elementor-widget-image-box\" data-id=\"9451ff6\" data-element_type=\"widget\" data-e-type=\"widget\" data-widget_type=\"image-box.default\">\n\t\t\t\t<div class=\"elementor-widget-container\">\n\t\t\t\t\t<div class=\"elementor-image-box-wrapper\"><figure class=\"elementor-image-box-img\"><img fetchpriority=\"high\" decoding=\"async\" width=\"903\" height=\"642\" src=\"https:\/\/www.sarix.com\/wp-content\/uploads\/2023\/09\/SX-Arianne.jpg\" class=\"attachment-full size-full wp-image-1120\" alt=\"\" srcset=\"https:\/\/www.sarix.com\/wp-content\/uploads\/2023\/09\/SX-Arianne.jpg 903w, https:\/\/www.sarix.com\/wp-content\/uploads\/2023\/09\/SX-Arianne-300x213.jpg 300w, https:\/\/www.sarix.com\/wp-content\/uploads\/2023\/09\/SX-Arianne-768x546.jpg 768w\" sizes=\"(max-width: 903px) 100vw, 903px\" \/><\/figure><div class=\"elementor-image-box-content\"><h3 class=\"elementor-image-box-title\">SX-Arianne - Drahterodiereinheit<\/h3><p class=\"elementor-image-box-description\">Entwickelt zur Herstellung von Mikroelektroden f\u00fcr Mikrolbohrungen und Mikroformen bis zu \u00d8 10 \u00b5m - Draht \u00d8 0,10 und 0,20 mm<\/p><\/div><\/div>\t\t\t\t<\/div>\n\t\t\t\t<\/div>\n\t\t\t\t\t<\/div>\n\t\t<\/div>\n\t\t\t\t<div class=\"elementor-column elementor-col-25 elementor-inner-column elementor-element elementor-element-f59f792\" data-id=\"f59f792\" data-element_type=\"column\" data-e-type=\"column\">\n\t\t\t<div class=\"elementor-widget-wrap elementor-element-populated\">\n\t\t\t\t\t\t<div class=\"elementor-element elementor-element-d99eb17 elementor-position-top elementor-widget elementor-widget-image-box\" data-id=\"d99eb17\" data-element_type=\"widget\" data-e-type=\"widget\" data-widget_type=\"image-box.default\">\n\t\t\t\t<div class=\"elementor-widget-container\">\n\t\t\t\t\t<div class=\"elementor-image-box-wrapper\"><figure class=\"elementor-image-box-img\"><img decoding=\"async\" width=\"902\" height=\"642\" src=\"https:\/\/www.sarix.com\/wp-content\/uploads\/2023\/09\/SX-Laser.jpg\" class=\"attachment-full size-full wp-image-1119\" alt=\"\" srcset=\"https:\/\/www.sarix.com\/wp-content\/uploads\/2023\/09\/SX-Laser.jpg 902w, https:\/\/www.sarix.com\/wp-content\/uploads\/2023\/09\/SX-Laser-300x214.jpg 300w, https:\/\/www.sarix.com\/wp-content\/uploads\/2023\/09\/SX-Laser-768x547.jpg 768w\" sizes=\"(max-width: 902px) 100vw, 902px\" \/><\/figure><div class=\"elementor-image-box-content\"><h3 class=\"elementor-image-box-title\">SX-Lasermessung<\/h3><p class=\"elementor-image-box-description\">Laser zur Messung des Elektrodendurchmessers\/Profils f\u00fcr SX-Arianne - Aufl\u00f6sung von 0,10 \u00b5m - Mindestmessung von 0,005 mm<\/p><\/div><\/div>\t\t\t\t<\/div>\n\t\t\t\t<\/div>\n\t\t\t\t\t<\/div>\n\t\t<\/div>\n\t\t\t\t<div class=\"elementor-column elementor-col-25 elementor-inner-column elementor-element elementor-element-5408bef\" data-id=\"5408bef\" data-element_type=\"column\" data-e-type=\"column\">\n\t\t\t<div class=\"elementor-widget-wrap elementor-element-populated\">\n\t\t\t\t\t\t<div class=\"elementor-element elementor-element-a0d22e5 elementor-position-top elementor-widget elementor-widget-image-box\" data-id=\"a0d22e5\" data-element_type=\"widget\" data-e-type=\"widget\" data-widget_type=\"image-box.default\">\n\t\t\t\t<div class=\"elementor-widget-container\">\n\t\t\t\t\t<div class=\"elementor-image-box-wrapper\"><figure class=\"elementor-image-box-img\"><img decoding=\"async\" width=\"903\" height=\"642\" src=\"https:\/\/www.sarix.com\/wp-content\/uploads\/2023\/09\/SX-Rotary.jpg\" class=\"attachment-full size-full wp-image-1118\" alt=\"\" srcset=\"https:\/\/www.sarix.com\/wp-content\/uploads\/2023\/09\/SX-Rotary.jpg 903w, https:\/\/www.sarix.com\/wp-content\/uploads\/2023\/09\/SX-Rotary-300x213.jpg 300w, https:\/\/www.sarix.com\/wp-content\/uploads\/2023\/09\/SX-Rotary-768x546.jpg 768w\" sizes=\"(max-width: 903px) 100vw, 903px\" \/><\/figure><div class=\"elementor-image-box-content\"><h3 class=\"elementor-image-box-title\">SX-A\/B Dreh-Schwenkachsen<\/h3><p class=\"elementor-image-box-description\">Hochpr\u00e4zise A\/B-Achse<br>A-Drehachse \u00b1115\u00b0 - B-Drehachse 360\u00b0 - Direkte Achsmessung - Vorgesehen f\u00fcr 3R- oder EROWA-Spannfutter - Aufl\u00f6sung 0,0001 Grad - Werkst\u00fcckhalter Innensp\u00fclung<\/p><\/div><\/div>\t\t\t\t<\/div>\n\t\t\t\t<\/div>\n\t\t\t\t\t<\/div>\n\t\t<\/div>\n\t\t\t\t<div class=\"elementor-column elementor-col-25 elementor-inner-column elementor-element elementor-element-55dc134\" data-id=\"55dc134\" data-element_type=\"column\" data-e-type=\"column\">\n\t\t\t<div class=\"elementor-widget-wrap elementor-element-populated\">\n\t\t\t\t\t\t<div class=\"elementor-element elementor-element-0a9cb9f elementor-position-top elementor-widget elementor-widget-image-box\" data-id=\"0a9cb9f\" data-element_type=\"widget\" data-e-type=\"widget\" data-widget_type=\"image-box.default\">\n\t\t\t\t<div class=\"elementor-widget-container\">\n\t\t\t\t\t<div class=\"elementor-image-box-wrapper\"><figure class=\"elementor-image-box-img\"><img loading=\"lazy\" decoding=\"async\" width=\"901\" height=\"641\" src=\"https:\/\/www.sarix.com\/wp-content\/uploads\/2023\/09\/SX-Cam.jpg\" class=\"attachment-full size-full wp-image-1117\" alt=\"\" srcset=\"https:\/\/www.sarix.com\/wp-content\/uploads\/2023\/09\/SX-Cam.jpg 901w, https:\/\/www.sarix.com\/wp-content\/uploads\/2023\/09\/SX-Cam-300x213.jpg 300w, https:\/\/www.sarix.com\/wp-content\/uploads\/2023\/09\/SX-Cam-768x546.jpg 768w\" sizes=\"(max-width: 901px) 100vw, 901px\" \/><\/figure><div class=\"elementor-image-box-content\"><h3 class=\"elementor-image-box-title\">SX-CAM Software - 3D Mikro EDM Fr\u00e4sen<\/h3><p class=\"elementor-image-box-description\">CAM-Softwarepaket - SARIX Postprozessor - ESPRIT SolidMill Lizenz: 2.5D, PROD, 3D und Freiform<\/p><\/div><\/div>\t\t\t\t<\/div>\n\t\t\t\t<\/div>\n\t\t\t\t\t<\/div>\n\t\t<\/div>\n\t\t\t\t\t<\/div>\n\t\t<\/section>\n\t\t\t\t\t<\/div>\n\t\t<\/div>\n\t\t\t\t<div class=\"elementor-column elementor-col-50 elementor-top-column elementor-element elementor-element-5af0d20\" data-id=\"5af0d20\" data-element_type=\"column\" data-e-type=\"column\">\n\t\t\t<div class=\"elementor-widget-wrap\">\n\t\t\t\t\t\t\t<\/div>\n\t\t<\/div>\n\t\t\t\t\t<\/div>\n\t\t<\/section>\n\t\t\t\t<section class=\"elementor-section elementor-top-section elementor-element elementor-element-d7246d0 elementor-section-boxed elementor-section-height-default elementor-section-height-default\" data-id=\"d7246d0\" data-element_type=\"section\" data-e-type=\"section\">\n\t\t\t\t\t\t<div class=\"elementor-container elementor-column-gap-default\">\n\t\t\t\t\t<div class=\"elementor-column elementor-col-100 elementor-top-column elementor-element elementor-element-b885819\" data-id=\"b885819\" data-element_type=\"column\" data-e-type=\"column\">\n\t\t\t<div class=\"elementor-widget-wrap elementor-element-populated\">\n\t\t\t\t\t\t<div class=\"elementor-element elementor-element-5f5a9e6 elementor-widget elementor-widget-shortcode\" data-id=\"5f5a9e6\" data-element_type=\"widget\" data-e-type=\"widget\" data-widget_type=\"shortcode.default\">\n\t\t\t\t<div class=\"elementor-widget-container\">\n\t\t\t\t\t\t\t<div class=\"elementor-shortcode\"><div data-post-id=\"5931\" class=\"insert-page insert-page-5931 \">\t\t<div data-elementor-type=\"wp-page\" data-elementor-id=\"5931\" class=\"elementor elementor-5931 elementor-1286 elementor-1286\" data-elementor-post-type=\"page\">\n\t\t\t\t\t\t<section class=\"elementor-section elementor-top-section elementor-element elementor-element-e7d6980 elementor-section-boxed elementor-section-height-default elementor-section-height-default\" data-id=\"e7d6980\" data-element_type=\"section\" data-e-type=\"section\">\n\t\t\t\t\t\t<div class=\"elementor-container elementor-column-gap-default\">\n\t\t\t\t\t<div class=\"elementor-column elementor-col-100 elementor-top-column elementor-element elementor-element-5b2bafc\" data-id=\"5b2bafc\" data-element_type=\"column\" data-e-type=\"column\">\n\t\t\t<div class=\"elementor-widget-wrap elementor-element-populated\">\n\t\t\t\t\t\t<div class=\"elementor-element elementor-element-11df506 elementor-widget elementor-widget-text-editor\" data-id=\"11df506\" data-element_type=\"widget\" data-e-type=\"widget\" data-widget_type=\"text-editor.default\">\n\t\t\t\t<div class=\"elementor-widget-container\">\n\t\t\t\t\t\t\t\t\t<b><a href=\"https:\/\/www.sarix.com\/de\/features\/rotationen-spindel-und-elektrodenhalter\/\">Rotationsspindel und Elektrodenhalter<\/a><span style=\"color: #e40421;\"> \u2022<\/span> <a href=\"https:\/\/www.sarix.com\/de\/features\/spannzangen\/\">Spannzangen<\/a><span style=\"color: #e40421;\"> \u2022<\/span> <a href=\"https:\/\/www.sarix.com\/de\/features\/merkmale-und-geraete\/\">Zubeh\u00f6re und Optionen<\/a><\/b>\t\t\t\t\t\t\t\t<\/div>\n\t\t\t\t<\/div>\n\t\t\t\t\t<\/div>\n\t\t<\/div>\n\t\t\t\t\t<\/div>\n\t\t<\/section>\n\t\t\t\t<\/div>\n\t\t<\/div><\/div>\n\t\t\t\t\t\t<\/div>\n\t\t\t\t<\/div>\n\t\t\t\t\t<\/div>\n\t\t<\/div>\n\t\t\t\t\t<\/div>\n\t\t<\/section>\n\t\t\t\t<\/div>\n\t\t","protected":false},"excerpt":{"rendered":"<p>SX-Arianne &#8211; Drahterodiereinheit Entwickelt zur Herstellung von Mikroelektroden f\u00fcr Mikrolbohrungen und Mikroformen bis zu \u00d8 10 \u00b5m &#8211; Draht \u00d8 0,10 und 0,20 mm SX-Lasermessung Laser zur Messung des Elektrodendurchmessers\/Profils f\u00fcr SX-Arianne &#8211; Aufl\u00f6sung von 0,10 \u00b5m &#8211; Mindestmessung von 0,005 mm SX-A\/B Dreh-Schwenkachsen Hochpr\u00e4zise A\/B-AchseA-Drehachse \u00b1115\u00b0 &#8211; B-Drehachse 360\u00b0 &#8211; Direkte Achsmessung &#8211; Vorgesehen [&hellip;]<\/p>\n","protected":false},"author":1,"featured_media":0,"parent":5330,"menu_order":0,"comment_status":"closed","ping_status":"closed","template":"","meta":{"footnotes":""},"categories":[103],"tags":[],"class_list":["post-5292","page","type-page","status-publish","hentry","category-merkmale"],"_links":{"self":[{"href":"https:\/\/www.sarix.com\/de\/wp-json\/wp\/v2\/pages\/5292","targetHints":{"allow":["GET"]}}],"collection":[{"href":"https:\/\/www.sarix.com\/de\/wp-json\/wp\/v2\/pages"}],"about":[{"href":"https:\/\/www.sarix.com\/de\/wp-json\/wp\/v2\/types\/page"}],"author":[{"embeddable":true,"href":"https:\/\/www.sarix.com\/de\/wp-json\/wp\/v2\/users\/1"}],"replies":[{"embeddable":true,"href":"https:\/\/www.sarix.com\/de\/wp-json\/wp\/v2\/comments?post=5292"}],"version-history":[{"count":10,"href":"https:\/\/www.sarix.com\/de\/wp-json\/wp\/v2\/pages\/5292\/revisions"}],"predecessor-version":[{"id":7012,"href":"https:\/\/www.sarix.com\/de\/wp-json\/wp\/v2\/pages\/5292\/revisions\/7012"}],"up":[{"embeddable":true,"href":"https:\/\/www.sarix.com\/de\/wp-json\/wp\/v2\/pages\/5330"}],"wp:attachment":[{"href":"https:\/\/www.sarix.com\/de\/wp-json\/wp\/v2\/media?parent=5292"}],"wp:term":[{"taxonomy":"category","embeddable":true,"href":"https:\/\/www.sarix.com\/de\/wp-json\/wp\/v2\/categories?post=5292"},{"taxonomy":"post_tag","embeddable":true,"href":"https:\/\/www.sarix.com\/de\/wp-json\/wp\/v2\/tags?post=5292"}],"curies":[{"name":"wp","href":"https:\/\/api.w.org\/{rel}","templated":true}]}}