{"id":5283,"date":"2023-09-08T16:55:43","date_gmt":"2023-09-08T16:55:43","guid":{"rendered":"https:\/\/www.sarix.com\/micro-edm-bohren\/"},"modified":"2025-09-04T03:43:29","modified_gmt":"2025-09-04T03:43:29","slug":"micro-edm-bohren","status":"publish","type":"page","link":"https:\/\/www.sarix.com\/de\/sarix-technologien\/micro-edm-bohren\/","title":{"rendered":"Mikro EDM Bohren"},"content":{"rendered":"\t\t<div data-elementor-type=\"wp-page\" data-elementor-id=\"5283\" class=\"elementor elementor-5283 elementor-1072\" data-elementor-post-type=\"page\">\n\t\t\t\t\t\t<section class=\"elementor-section elementor-top-section elementor-element elementor-element-973d3f2 elementor-section-boxed elementor-section-height-default elementor-section-height-default\" data-id=\"973d3f2\" data-element_type=\"section\" data-e-type=\"section\">\n\t\t\t\t\t\t<div class=\"elementor-container elementor-column-gap-default\">\n\t\t\t\t\t<div class=\"elementor-column elementor-col-100 elementor-top-column elementor-element elementor-element-4f05491\" data-id=\"4f05491\" data-element_type=\"column\" data-e-type=\"column\">\n\t\t\t<div class=\"elementor-widget-wrap elementor-element-populated\">\n\t\t\t\t\t\t<section class=\"elementor-section elementor-inner-section elementor-element elementor-element-ced7b22 elementor-section-boxed elementor-section-height-default elementor-section-height-default\" data-id=\"ced7b22\" data-element_type=\"section\" data-e-type=\"section\">\n\t\t\t\t\t\t<div class=\"elementor-container elementor-column-gap-default\">\n\t\t\t\t\t<div class=\"elementor-column elementor-col-25 elementor-inner-column elementor-element elementor-element-d79886a\" data-id=\"d79886a\" data-element_type=\"column\" data-e-type=\"column\">\n\t\t\t<div class=\"elementor-widget-wrap elementor-element-populated\">\n\t\t\t\t\t\t<div class=\"elementor-element elementor-element-b6ccf95 elementor-widget elementor-widget-text-editor\" data-id=\"b6ccf95\" data-element_type=\"widget\" data-e-type=\"widget\" data-widget_type=\"text-editor.default\">\n\t\t\t\t<div class=\"elementor-widget-container\">\n\t\t\t\t\t\t\t\t\t<p><b>Hochpr\u00e4zises Bohren<\/b><\/p>\n<p>Wir sind f\u00fchrend im Hochpr\u00e4zisionsbohren von kleinen L\u00f6chern mit Durchmessern von 10 \u03bcm bis 4,0 mm und liefern gratfreie L\u00f6cher von h\u00f6chster Qualit\u00e4t.<\/p><\/p>\n\t\t\t\t\t\t\t\t<\/div>\n\t\t\t\t<\/div>\n\t\t\t\t<div class=\"elementor-element elementor-element-a057cbc elementor-widget elementor-widget-spacer\" data-id=\"a057cbc\" data-element_type=\"widget\" data-e-type=\"widget\" data-widget_type=\"spacer.default\">\n\t\t\t\t<div class=\"elementor-widget-container\">\n\t\t\t\t\t\t\t<div class=\"elementor-spacer\">\n\t\t\t<div class=\"elementor-spacer-inner\"><\/div>\n\t\t<\/div>\n\t\t\t\t\t\t<\/div>\n\t\t\t\t<\/div>\n\t\t\t\t<div class=\"elementor-element elementor-element-4350b8e elementor-widget elementor-widget-image\" data-id=\"4350b8e\" data-element_type=\"widget\" data-e-type=\"widget\" data-widget_type=\"image.default\">\n\t\t\t\t<div class=\"elementor-widget-container\">\n\t\t\t\t\t\t\t\t\t\t\t\t\t\t\t<img fetchpriority=\"high\" decoding=\"async\" width=\"300\" height=\"300\" src=\"https:\/\/www.sarix.com\/wp-content\/uploads\/2023\/09\/MDH_dett04-300x300.jpg\" class=\"attachment-medium size-medium wp-image-4100\" alt=\"\" srcset=\"https:\/\/www.sarix.com\/wp-content\/uploads\/2023\/09\/MDH_dett04-300x300.jpg 300w, https:\/\/www.sarix.com\/wp-content\/uploads\/2023\/09\/MDH_dett04-150x150.jpg 150w, https:\/\/www.sarix.com\/wp-content\/uploads\/2023\/09\/MDH_dett04-100x100.jpg 100w, https:\/\/www.sarix.com\/wp-content\/uploads\/2023\/09\/MDH_dett04.jpg 700w\" sizes=\"(max-width: 300px) 100vw, 300px\" \/>\t\t\t\t\t\t\t\t\t\t\t\t\t\t\t<\/div>\n\t\t\t\t<\/div>\n\t\t\t\t<div class=\"elementor-element elementor-element-35a16e3 elementor-widget elementor-widget-text-editor\" data-id=\"35a16e3\" data-element_type=\"widget\" data-e-type=\"widget\" data-widget_type=\"text-editor.default\">\n\t\t\t\t<div class=\"elementor-widget-container\">\n\t\t\t\t\t\t\t\t\t<p>Getauchte Tankl\u00f6sungen mit Hochgeschwindigkeitsbef\u00fcllung erm\u00f6glichen besseres Bohren unter Sicherheitsbedingungen<\/p>\n\t\t\t\t\t\t\t\t<\/div>\n\t\t\t\t<\/div>\n\t\t\t\t\t<\/div>\n\t\t<\/div>\n\t\t\t\t<div class=\"elementor-column elementor-col-25 elementor-inner-column elementor-element elementor-element-cc6ff15\" data-id=\"cc6ff15\" data-element_type=\"column\" data-e-type=\"column\">\n\t\t\t<div class=\"elementor-widget-wrap elementor-element-populated\">\n\t\t\t\t\t\t<div class=\"elementor-element elementor-element-27889d5 elementor-widget elementor-widget-text-editor\" data-id=\"27889d5\" data-element_type=\"widget\" data-e-type=\"widget\" data-widget_type=\"text-editor.default\">\n\t\t\t\t<div class=\"elementor-widget-container\">\n\t\t\t\t\t\t\t\t\t<p><b>Hochgeschwindigkeitsbohren<\/b><\/p>\n<p>Mit dem <b>SX-HPS-Generator<\/b> bieten wir L\u00f6sungen f\u00fcr das schnelle Bohren von L\u00f6chern in verschiedenen Materialien wie Hartmetall, Stahl und Sonderlegierungen.<\/p>\n<p><span style=\"color: var( --e-global-color-text ); font-weight: var( --e-global-typography-text-font-weight ); font-size: 1em;\">In der Luft- und Raumfahrt sowie in Stanzwerkzeugen werden hohe Abtragsraten mit minimaler R\u00fcckschmelzschicht und ohne Risse erreicht.<\/span><\/p>\n\t\t\t\t\t\t\t\t<\/div>\n\t\t\t\t<\/div>\n\t\t\t\t<div class=\"elementor-element elementor-element-559fd23 elementor-widget elementor-widget-image\" data-id=\"559fd23\" data-element_type=\"widget\" data-e-type=\"widget\" data-widget_type=\"image.default\">\n\t\t\t\t<div class=\"elementor-widget-container\">\n\t\t\t\t\t\t\t\t\t\t\t\t\t\t\t\t<a href=\"https:\/\/www.sarix.com\/sarix-technologies\/micro-edm-technologies\/breakthrough-detection\/\">\n\t\t\t\t\t\t\t<img decoding=\"async\" width=\"300\" height=\"300\" src=\"https:\/\/www.sarix.com\/wp-content\/uploads\/2023\/09\/MicroEDMDrilling-300x300.jpg\" class=\"attachment-medium size-medium wp-image-4030\" alt=\"\" srcset=\"https:\/\/www.sarix.com\/wp-content\/uploads\/2023\/09\/MicroEDMDrilling-300x300.jpg 300w, https:\/\/www.sarix.com\/wp-content\/uploads\/2023\/09\/MicroEDMDrilling-150x150.jpg 150w, https:\/\/www.sarix.com\/wp-content\/uploads\/2023\/09\/MicroEDMDrilling-768x768.jpg 768w, https:\/\/www.sarix.com\/wp-content\/uploads\/2023\/09\/MicroEDMDrilling-100x100.jpg 100w, https:\/\/www.sarix.com\/wp-content\/uploads\/2023\/09\/MicroEDMDrilling.jpg 800w\" sizes=\"(max-width: 300px) 100vw, 300px\" \/>\t\t\t\t\t\t\t\t<\/a>\n\t\t\t\t\t\t\t\t\t\t\t\t\t\t\t<\/div>\n\t\t\t\t<\/div>\n\t\t\t\t<div class=\"elementor-element elementor-element-561b9c6 elementor-widget elementor-widget-text-editor\" data-id=\"561b9c6\" data-element_type=\"widget\" data-e-type=\"widget\" data-widget_type=\"text-editor.default\">\n\t\t\t\t<div class=\"elementor-widget-container\">\n\t\t\t\t\t\t\t\t\t<p><a href=\"https:\/\/www.sarix.com\/sarix-technologies\/micro-edm-technologies\/breakthrough-detection\/\"><b>SX-BTD Durchbruchserkennung<\/b><\/a><\/p>\n<p>Pr\u00e4zises Hochgeschwindigkeitsbohren mit fortschrittlicher Wanddurchbruchserkennung f\u00fcr erh\u00f6hte Zuverl\u00e4ssigkeit.<b><br \/><\/b><\/p>\n<p><span style=\"color: var( --e-global-color-text ); font-weight: var( --e-global-typography-text-font-weight ); font-size: 1em;\">Pr\u00e4zise Erkennung von Wanddurchbr\u00fcchen ohne R\u00fcckwandinterferenzen<\/span><\/p>\n\t\t\t\t\t\t\t\t<\/div>\n\t\t\t\t<\/div>\n\t\t\t\t\t<\/div>\n\t\t<\/div>\n\t\t\t\t<div class=\"elementor-column elementor-col-25 elementor-inner-column elementor-element elementor-element-f654823\" data-id=\"f654823\" data-element_type=\"column\" data-e-type=\"column\">\n\t\t\t<div class=\"elementor-widget-wrap elementor-element-populated\">\n\t\t\t\t\t\t<div class=\"elementor-element elementor-element-188c404 elementor-widget elementor-widget-text-editor\" data-id=\"188c404\" data-element_type=\"widget\" data-e-type=\"widget\" data-widget_type=\"text-editor.default\">\n\t\t\t\t<div class=\"elementor-widget-container\">\n\t\t\t\t\t\t\t\t\t<p><b>Hochpr\u00e4zises SX-SHD Stufenlochbohren<\/b><\/p>\n<p>Die D\u00fcsen sind mit Kapillarl\u00f6chern mit Durchmessern zwischen <strong data-start=\"888\" data-end=\"906\">0,05 und 0,1 mm<\/strong> ausgestattet, die den Anforderungen der Mikrodosierung entsprechen<\/p>\n\t\t\t\t\t\t\t\t<\/div>\n\t\t\t\t<\/div>\n\t\t\t\t<div class=\"elementor-element elementor-element-a42ce3a elementor-widget elementor-widget-image\" data-id=\"a42ce3a\" data-element_type=\"widget\" data-e-type=\"widget\" data-widget_type=\"image.default\">\n\t\t\t\t<div class=\"elementor-widget-container\">\n\t\t\t\t\t\t\t\t\t\t\t\t\t\t\t<img decoding=\"async\" width=\"300\" height=\"188\" src=\"https:\/\/www.sarix.com\/wp-content\/uploads\/2025\/09\/IMG_4586-300x188.jpg\" class=\"attachment-medium size-medium wp-image-15044\" alt=\"\" \/>\t\t\t\t\t\t\t\t\t\t\t\t\t\t\t<\/div>\n\t\t\t\t<\/div>\n\t\t\t\t<div class=\"elementor-element elementor-element-5414135 elementor-widget elementor-widget-text-editor\" data-id=\"5414135\" data-element_type=\"widget\" data-e-type=\"widget\" data-widget_type=\"text-editor.default\">\n\t\t\t\t<div class=\"elementor-widget-container\">\n\t\t\t\t\t\t\t\t\t<p><b><a href=\"https:\/\/www.sarix.com\/sarix-technologies\/micro-edm-technologies\/sx-mdh-deep-hole-drilling\/\">Tieflochbohren<\/a><\/b><\/p>\n<p>Wir zeichnen uns durch extrem tiefe Bohrungen in allen Durchmessern aus. Verwenden Sie unseren <a href=\"https:\/\/www.sarix.com\/sarix-technologies\/micro-edm-technologies\/sx-mdh-deep-hole-drilling\/\"><b>SX-MDH<\/b> (Micro Deep Hole)<\/a> f\u00fcr 0,10 mm tiefe L\u00f6cher bis zu 15 mm und den <b>SX-HPS<\/b> Generator f\u00fcr 0,8 mm tiefe L\u00f6cher bis zu 230 mm.<\/p>\n\t\t\t\t\t\t\t\t<\/div>\n\t\t\t\t<\/div>\n\t\t\t\t<div class=\"elementor-element elementor-element-c56fdf0 elementor-widget elementor-widget-image\" data-id=\"c56fdf0\" data-element_type=\"widget\" data-e-type=\"widget\" data-widget_type=\"image.default\">\n\t\t\t\t<div class=\"elementor-widget-container\">\n\t\t\t\t\t\t\t\t\t\t\t\t\t\t\t<img loading=\"lazy\" decoding=\"async\" width=\"150\" height=\"150\" src=\"https:\/\/www.sarix.com\/wp-content\/uploads\/2023\/09\/MDH_dett03-150x150.jpg\" class=\"attachment-thumbnail size-thumbnail wp-image-4105\" alt=\"\" srcset=\"https:\/\/www.sarix.com\/wp-content\/uploads\/2023\/09\/MDH_dett03-150x150.jpg 150w, https:\/\/www.sarix.com\/wp-content\/uploads\/2023\/09\/MDH_dett03-300x300.jpg 300w, https:\/\/www.sarix.com\/wp-content\/uploads\/2023\/09\/MDH_dett03-100x100.jpg 100w, https:\/\/www.sarix.com\/wp-content\/uploads\/2023\/09\/MDH_dett03.jpg 700w\" sizes=\"(max-width: 150px) 100vw, 150px\" \/>\t\t\t\t\t\t\t\t\t\t\t\t\t\t\t<\/div>\n\t\t\t\t<\/div>\n\t\t\t\t<div class=\"elementor-element elementor-element-47c2ff0 elementor-widget elementor-widget-spacer\" data-id=\"47c2ff0\" data-element_type=\"widget\" data-e-type=\"widget\" data-widget_type=\"spacer.default\">\n\t\t\t\t<div class=\"elementor-widget-container\">\n\t\t\t\t\t\t\t<div class=\"elementor-spacer\">\n\t\t\t<div class=\"elementor-spacer-inner\"><\/div>\n\t\t<\/div>\n\t\t\t\t\t\t<\/div>\n\t\t\t\t<\/div>\n\t\t\t\t\t<\/div>\n\t\t<\/div>\n\t\t\t\t<div class=\"elementor-column elementor-col-25 elementor-inner-column elementor-element elementor-element-9885f38\" data-id=\"9885f38\" data-element_type=\"column\" data-e-type=\"column\">\n\t\t\t<div class=\"elementor-widget-wrap elementor-element-populated\">\n\t\t\t\t\t\t<div class=\"elementor-element elementor-element-ae7c93e elementor-widget elementor-widget-heading\" data-id=\"ae7c93e\" data-element_type=\"widget\" data-e-type=\"widget\" data-widget_type=\"heading.default\">\n\t\t\t\t<div class=\"elementor-widget-container\">\n\t\t\t\t\t<p class=\"elementor-heading-title elementor-size-default\">STICHPROBENAUSWAHL<\/p>\t\t\t\t<\/div>\n\t\t\t\t<\/div>\n\t\t\t\t<div class=\"elementor-element elementor-element-83dacb6 elementor-widget elementor-widget-image\" data-id=\"83dacb6\" data-element_type=\"widget\" data-e-type=\"widget\" data-widget_type=\"image.default\">\n\t\t\t\t<div class=\"elementor-widget-container\">\n\t\t\t\t\t\t\t\t\t\t\t\t\t\t\t<img loading=\"lazy\" decoding=\"async\" width=\"300\" height=\"205\" src=\"https:\/\/www.sarix.com\/wp-content\/uploads\/2023\/09\/Tubing-sample-1-e1694195949132-300x205.jpg\" class=\"attachment-medium size-medium wp-image-4195\" alt=\"\" srcset=\"https:\/\/www.sarix.com\/wp-content\/uploads\/2023\/09\/Tubing-sample-1-e1694195949132-300x205.jpg 300w, https:\/\/www.sarix.com\/wp-content\/uploads\/2023\/09\/Tubing-sample-1-e1694195949132-768x525.jpg 768w, https:\/\/www.sarix.com\/wp-content\/uploads\/2023\/09\/Tubing-sample-1-e1694195949132.jpg 959w\" sizes=\"(max-width: 300px) 100vw, 300px\" \/>\t\t\t\t\t\t\t\t\t\t\t\t\t\t\t<\/div>\n\t\t\t\t<\/div>\n\t\t\t\t<div class=\"elementor-element elementor-element-aa5aec2 elementor-widget elementor-widget-image\" data-id=\"aa5aec2\" data-element_type=\"widget\" data-e-type=\"widget\" data-widget_type=\"image.default\">\n\t\t\t\t<div class=\"elementor-widget-container\">\n\t\t\t\t\t\t\t\t\t\t\t\t\t\t\t<img loading=\"lazy\" decoding=\"async\" width=\"298\" height=\"300\" src=\"https:\/\/www.sarix.com\/wp-content\/uploads\/2023\/09\/Medical-components-298x300.jpg\" class=\"attachment-medium size-medium wp-image-4200\" alt=\"\" srcset=\"https:\/\/www.sarix.com\/wp-content\/uploads\/2023\/09\/Medical-components-298x300.jpg 298w, https:\/\/www.sarix.com\/wp-content\/uploads\/2023\/09\/Medical-components-150x150.jpg 150w, https:\/\/www.sarix.com\/wp-content\/uploads\/2023\/09\/Medical-components-768x773.jpg 768w, https:\/\/www.sarix.com\/wp-content\/uploads\/2023\/09\/Medical-components-1017x1024.jpg 1017w, https:\/\/www.sarix.com\/wp-content\/uploads\/2023\/09\/Medical-components-100x100.jpg 100w, https:\/\/www.sarix.com\/wp-content\/uploads\/2023\/09\/Medical-components.jpg 1026w\" sizes=\"(max-width: 298px) 100vw, 298px\" \/>\t\t\t\t\t\t\t\t\t\t\t\t\t\t\t<\/div>\n\t\t\t\t<\/div>\n\t\t\t\t<div class=\"elementor-element elementor-element-5dd7022 elementor-widget__width-auto elementor-widget elementor-widget-text-editor\" data-id=\"5dd7022\" data-element_type=\"widget\" data-e-type=\"widget\" data-widget_type=\"text-editor.default\">\n\t\t\t\t<div class=\"elementor-widget-container\">\n\t\t\t\t\t\t\t\t\t<p><span style=\"font-size: 1em; color: var( --e-global-color-text );\"><b>Wir meistern Ihre anspruchsvollsten Herausforderungen beim Bohren!<\/b><\/span><\/p>\n<p><b>Kontaktieren Sie uns f\u00fcr einen kostenlosen Probetest!<\/b><\/p>\n\t\t\t\t\t\t\t\t<\/div>\n\t\t\t\t<\/div>\n\t\t\t\t\t<\/div>\n\t\t<\/div>\n\t\t\t\t\t<\/div>\n\t\t<\/section>\n\t\t\t\t\t<\/div>\n\t\t<\/div>\n\t\t\t\t\t<\/div>\n\t\t<\/section>\n\t\t\t\t<section class=\"elementor-section elementor-top-section elementor-element elementor-element-07448de elementor-section-boxed elementor-section-height-default elementor-section-height-default\" data-id=\"07448de\" data-element_type=\"section\" data-e-type=\"section\">\n\t\t\t\t\t\t<div class=\"elementor-container elementor-column-gap-default\">\n\t\t\t\t\t<div class=\"elementor-column elementor-col-100 elementor-top-column elementor-element elementor-element-66e9d46 elementor-hidden-mobile\" data-id=\"66e9d46\" data-element_type=\"column\" data-e-type=\"column\">\n\t\t\t<div class=\"elementor-widget-wrap elementor-element-populated\">\n\t\t\t\t\t\t<div class=\"elementor-element elementor-element-56f918c elementor-widget__width-initial elementor-arrows-position-inside elementor-pagination-position-outside elementor-widget elementor-widget-image-carousel\" data-id=\"56f918c\" data-element_type=\"widget\" data-e-type=\"widget\" data-settings=\"{&quot;slides_to_show&quot;:&quot;2&quot;,&quot;slides_to_scroll&quot;:&quot;1&quot;,&quot;navigation&quot;:&quot;both&quot;,&quot;autoplay&quot;:&quot;yes&quot;,&quot;pause_on_hover&quot;:&quot;yes&quot;,&quot;pause_on_interaction&quot;:&quot;yes&quot;,&quot;autoplay_speed&quot;:5000,&quot;infinite&quot;:&quot;yes&quot;,&quot;speed&quot;:500}\" data-widget_type=\"image-carousel.default\">\n\t\t\t\t<div class=\"elementor-widget-container\">\n\t\t\t\t\t\t\t<div class=\"elementor-image-carousel-wrapper swiper\" role=\"region\" aria-roledescription=\"carousel\" aria-label=\"Image Carousel\" dir=\"ltr\">\n\t\t\t<div class=\"elementor-image-carousel swiper-wrapper\" aria-live=\"off\">\n\t\t\t\t\t\t\t\t<div class=\"swiper-slide\" role=\"group\" aria-roledescription=\"slide\" aria-label=\"1 von 6\"><a data-elementor-open-lightbox=\"yes\" data-elementor-lightbox-slideshow=\"56f918c\" data-elementor-lightbox-title=\"Textile-Applications_perfectsquare\" data-e-action-hash=\"#elementor-action%3Aaction%3Dlightbox%26settings%3DeyJpZCI6NDA3MCwidXJsIjoiaHR0cHM6XC9cL3d3dy5zYXJpeC5jb21cL3dwLWNvbnRlbnRcL3VwbG9hZHNcLzIwMjNcLzA5XC9UZXh0aWxlLUFwcGxpY2F0aW9uc19wZXJmZWN0c3F1YXJlLnBuZyIsInNsaWRlc2hvdyI6IjU2ZjkxOGMifQ%3D%3D\" href=\"https:\/\/www.sarix.com\/applications\/\"><figure class=\"swiper-slide-inner\"><img decoding=\"async\" class=\"swiper-slide-image\" src=\"https:\/\/www.sarix.com\/wp-content\/uploads\/2023\/09\/Textile-Applications_perfectsquare-100x100.png\" alt=\"TEXTILE\" \/><figcaption class=\"elementor-image-carousel-caption\">TEXTILE<\/figcaption><\/figure><\/a><\/div><div class=\"swiper-slide\" role=\"group\" aria-roledescription=\"slide\" aria-label=\"2 von 6\"><a data-elementor-open-lightbox=\"yes\" data-elementor-lightbox-slideshow=\"56f918c\" data-elementor-lightbox-title=\"MicroMechanics-Applications_perfectsquare\" data-e-action-hash=\"#elementor-action%3Aaction%3Dlightbox%26settings%3DeyJpZCI6NDA3NSwidXJsIjoiaHR0cHM6XC9cL3d3dy5zYXJpeC5jb21cL3dwLWNvbnRlbnRcL3VwbG9hZHNcLzIwMjNcLzA5XC9NaWNyb01lY2hhbmljcy1BcHBsaWNhdGlvbnNfcGVyZmVjdHNxdWFyZS5wbmciLCJzbGlkZXNob3ciOiI1NmY5MThjIn0%3D\" href=\"https:\/\/www.sarix.com\/applications\/\"><figure class=\"swiper-slide-inner\"><img decoding=\"async\" class=\"swiper-slide-image\" src=\"https:\/\/www.sarix.com\/wp-content\/uploads\/2023\/09\/MicroMechanics-Applications_perfectsquare-100x100.png\" alt=\"MICRO MECHANICS\" \/><figcaption class=\"elementor-image-carousel-caption\">MICRO MECHANICS<\/figcaption><\/figure><\/a><\/div><div class=\"swiper-slide\" role=\"group\" aria-roledescription=\"slide\" aria-label=\"3 von 6\"><a data-elementor-open-lightbox=\"yes\" data-elementor-lightbox-slideshow=\"56f918c\" data-elementor-lightbox-title=\"Aerospace-Applications_perfectsquare\" data-e-action-hash=\"#elementor-action%3Aaction%3Dlightbox%26settings%3DeyJpZCI6NDA1NSwidXJsIjoiaHR0cHM6XC9cL3d3dy5zYXJpeC5jb21cL3dwLWNvbnRlbnRcL3VwbG9hZHNcLzIwMjNcLzA5XC9BZXJvc3BhY2UtQXBwbGljYXRpb25zX3BlcmZlY3RzcXVhcmUucG5nIiwic2xpZGVzaG93IjoiNTZmOTE4YyJ9\" href=\"https:\/\/www.sarix.com\/applications\/\"><figure class=\"swiper-slide-inner\"><img decoding=\"async\" class=\"swiper-slide-image\" src=\"https:\/\/www.sarix.com\/wp-content\/uploads\/2023\/09\/Aerospace-Applications_perfectsquare-100x100.png\" alt=\"AEROSPACE\" \/><figcaption class=\"elementor-image-carousel-caption\">AEROSPACE<\/figcaption><\/figure><\/a><\/div><div class=\"swiper-slide\" role=\"group\" aria-roledescription=\"slide\" aria-label=\"4 von 6\"><a data-elementor-open-lightbox=\"yes\" data-elementor-lightbox-slideshow=\"56f918c\" data-elementor-lightbox-title=\"MicroMold-Applications_perfectsquare\" data-e-action-hash=\"#elementor-action%3Aaction%3Dlightbox%26settings%3DeyJpZCI6NDA2MCwidXJsIjoiaHR0cHM6XC9cL3d3dy5zYXJpeC5jb21cL3dwLWNvbnRlbnRcL3VwbG9hZHNcLzIwMjNcLzA5XC9NaWNyb01vbGQtQXBwbGljYXRpb25zX3BlcmZlY3RzcXVhcmUucG5nIiwic2xpZGVzaG93IjoiNTZmOTE4YyJ9\" href=\"https:\/\/www.sarix.com\/applications\/\"><figure class=\"swiper-slide-inner\"><img decoding=\"async\" class=\"swiper-slide-image\" src=\"https:\/\/www.sarix.com\/wp-content\/uploads\/2023\/09\/MicroMold-Applications_perfectsquare-100x100.png\" alt=\"MICRO MOLD\" \/><figcaption class=\"elementor-image-carousel-caption\">MICRO MOLD<\/figcaption><\/figure><\/a><\/div><div class=\"swiper-slide\" role=\"group\" aria-roledescription=\"slide\" aria-label=\"5 von 6\"><a data-elementor-open-lightbox=\"yes\" data-elementor-lightbox-slideshow=\"56f918c\" data-elementor-lightbox-title=\"Medical-Applications_perfectsquare\" data-e-action-hash=\"#elementor-action%3Aaction%3Dlightbox%26settings%3DeyJpZCI6NDA2NSwidXJsIjoiaHR0cHM6XC9cL3d3dy5zYXJpeC5jb21cL3dwLWNvbnRlbnRcL3VwbG9hZHNcLzIwMjNcLzA5XC9NZWRpY2FsLUFwcGxpY2F0aW9uc19wZXJmZWN0c3F1YXJlLnBuZyIsInNsaWRlc2hvdyI6IjU2ZjkxOGMifQ%3D%3D\" href=\"https:\/\/www.sarix.com\/applications\/\"><figure class=\"swiper-slide-inner\"><img decoding=\"async\" class=\"swiper-slide-image\" src=\"https:\/\/www.sarix.com\/wp-content\/uploads\/2023\/09\/Medical-Applications_perfectsquare-100x100.png\" alt=\"MEDICAL\" \/><figcaption class=\"elementor-image-carousel-caption\">MEDICAL<\/figcaption><\/figure><\/a><\/div><div class=\"swiper-slide\" role=\"group\" aria-roledescription=\"slide\" aria-label=\"6 von 6\"><a data-elementor-open-lightbox=\"yes\" data-elementor-lightbox-slideshow=\"56f918c\" data-elementor-lightbox-title=\"Textile-Applications_perfectsquare\" data-e-action-hash=\"#elementor-action%3Aaction%3Dlightbox%26settings%3DeyJpZCI6NDA3MCwidXJsIjoiaHR0cHM6XC9cL3d3dy5zYXJpeC5jb21cL3dwLWNvbnRlbnRcL3VwbG9hZHNcLzIwMjNcLzA5XC9UZXh0aWxlLUFwcGxpY2F0aW9uc19wZXJmZWN0c3F1YXJlLnBuZyIsInNsaWRlc2hvdyI6IjU2ZjkxOGMifQ%3D%3D\" href=\"https:\/\/www.sarix.com\/applications\/\"><figure class=\"swiper-slide-inner\"><img decoding=\"async\" class=\"swiper-slide-image\" src=\"https:\/\/www.sarix.com\/wp-content\/uploads\/2023\/09\/Textile-Applications_perfectsquare-100x100.png\" alt=\"TEXTILE\" \/><figcaption class=\"elementor-image-carousel-caption\">TEXTILE<\/figcaption><\/figure><\/a><\/div>\t\t\t<\/div>\n\t\t\t\t\t\t\t\t\t\t\t\t<div class=\"elementor-swiper-button elementor-swiper-button-prev\" role=\"button\" tabindex=\"0\">\n\t\t\t\t\t\t<i aria-hidden=\"true\" class=\"eicon-chevron-left\"><\/i>\t\t\t\t\t<\/div>\n\t\t\t\t\t<div class=\"elementor-swiper-button elementor-swiper-button-next\" role=\"button\" tabindex=\"0\">\n\t\t\t\t\t\t<i aria-hidden=\"true\" class=\"eicon-chevron-right\"><\/i>\t\t\t\t\t<\/div>\n\t\t\t\t\n\t\t\t\t\t\t\t\t\t<div class=\"swiper-pagination\"><\/div>\n\t\t\t\t\t\t\t\t\t<\/div>\n\t\t\t\t\t\t<\/div>\n\t\t\t\t<\/div>\n\t\t\t\t\t<\/div>\n\t\t<\/div>\n\t\t\t\t\t<\/div>\n\t\t<\/section>\n\t\t\t\t<\/div>\n\t\t","protected":false},"excerpt":{"rendered":"<p>Hochpr\u00e4zises Bohren Wir sind f\u00fchrend im Hochpr\u00e4zisionsbohren von kleinen L\u00f6chern mit Durchmessern von 10 \u03bcm bis 4,0 mm und liefern gratfreie L\u00f6cher von h\u00f6chster Qualit\u00e4t. Getauchte Tankl\u00f6sungen mit Hochgeschwindigkeitsbef\u00fcllung erm\u00f6glichen besseres Bohren unter Sicherheitsbedingungen Hochgeschwindigkeitsbohren Mit dem SX-HPS-Generator bieten wir L\u00f6sungen f\u00fcr das schnelle Bohren von L\u00f6chern in verschiedenen Materialien wie Hartmetall, Stahl und Sonderlegierungen. [&hellip;]<\/p>\n","protected":false},"author":1,"featured_media":0,"parent":5461,"menu_order":0,"comment_status":"closed","ping_status":"closed","template":"","meta":{"footnotes":""},"categories":[105],"tags":[],"class_list":["post-5283","page","type-page","status-publish","hentry","category-technologien"],"_links":{"self":[{"href":"https:\/\/www.sarix.com\/de\/wp-json\/wp\/v2\/pages\/5283","targetHints":{"allow":["GET"]}}],"collection":[{"href":"https:\/\/www.sarix.com\/de\/wp-json\/wp\/v2\/pages"}],"about":[{"href":"https:\/\/www.sarix.com\/de\/wp-json\/wp\/v2\/types\/page"}],"author":[{"embeddable":true,"href":"https:\/\/www.sarix.com\/de\/wp-json\/wp\/v2\/users\/1"}],"replies":[{"embeddable":true,"href":"https:\/\/www.sarix.com\/de\/wp-json\/wp\/v2\/comments?post=5283"}],"version-history":[{"count":7,"href":"https:\/\/www.sarix.com\/de\/wp-json\/wp\/v2\/pages\/5283\/revisions"}],"predecessor-version":[{"id":15075,"href":"https:\/\/www.sarix.com\/de\/wp-json\/wp\/v2\/pages\/5283\/revisions\/15075"}],"up":[{"embeddable":true,"href":"https:\/\/www.sarix.com\/de\/wp-json\/wp\/v2\/pages\/5461"}],"wp:attachment":[{"href":"https:\/\/www.sarix.com\/de\/wp-json\/wp\/v2\/media?parent=5283"}],"wp:term":[{"taxonomy":"category","embeddable":true,"href":"https:\/\/www.sarix.com\/de\/wp-json\/wp\/v2\/categories?post=5283"},{"taxonomy":"post_tag","embeddable":true,"href":"https:\/\/www.sarix.com\/de\/wp-json\/wp\/v2\/tags?post=5283"}],"curies":[{"name":"wp","href":"https:\/\/api.w.org\/{rel}","templated":true}]}}