{"id":5278,"date":"2023-09-08T17:51:20","date_gmt":"2023-09-08T17:51:20","guid":{"rendered":"https:\/\/www.sarix.com\/spannzangen\/"},"modified":"2023-12-19T14:33:04","modified_gmt":"2023-12-19T14:33:04","slug":"spannzangen","status":"publish","type":"page","link":"https:\/\/www.sarix.com\/de\/features\/spannzangen\/","title":{"rendered":"Spannzangen"},"content":{"rendered":"\t\t<div data-elementor-type=\"wp-page\" data-elementor-id=\"5278\" class=\"elementor elementor-5278 elementor-1169\" data-elementor-post-type=\"page\">\n\t\t\t\t\t\t<section class=\"elementor-section elementor-top-section elementor-element elementor-element-c2a6c30 elementor-section-boxed elementor-section-height-default elementor-section-height-default\" data-id=\"c2a6c30\" data-element_type=\"section\" data-e-type=\"section\">\n\t\t\t\t\t\t<div class=\"elementor-container elementor-column-gap-default\">\n\t\t\t\t\t<div class=\"elementor-column elementor-col-50 elementor-top-column elementor-element elementor-element-745d608\" data-id=\"745d608\" data-element_type=\"column\" data-e-type=\"column\">\n\t\t\t<div class=\"elementor-widget-wrap elementor-element-populated\">\n\t\t\t\t\t\t<section class=\"elementor-section elementor-inner-section elementor-element elementor-element-1b6a935 elementor-section-boxed elementor-section-height-default elementor-section-height-default\" data-id=\"1b6a935\" data-element_type=\"section\" data-e-type=\"section\">\n\t\t\t\t\t\t<div class=\"elementor-container elementor-column-gap-default\">\n\t\t\t\t\t<div class=\"elementor-column elementor-col-25 elementor-inner-column elementor-element elementor-element-27c6e49\" data-id=\"27c6e49\" data-element_type=\"column\" data-e-type=\"column\">\n\t\t\t<div class=\"elementor-widget-wrap elementor-element-populated\">\n\t\t\t\t\t\t<div class=\"elementor-element elementor-element-aea15b2 elementor-position-top elementor-widget elementor-widget-image-box\" data-id=\"aea15b2\" data-element_type=\"widget\" data-e-type=\"widget\" data-widget_type=\"image-box.default\">\n\t\t\t\t<div class=\"elementor-widget-container\">\n\t\t\t\t\t<div class=\"elementor-image-box-wrapper\"><figure class=\"elementor-image-box-img\"><img fetchpriority=\"high\" decoding=\"async\" width=\"868\" height=\"642\" src=\"https:\/\/www.sarix.com\/wp-content\/uploads\/2023\/09\/SP02.jpg\" class=\"attachment-full size-full wp-image-1124\" alt=\"\" srcset=\"https:\/\/www.sarix.com\/wp-content\/uploads\/2023\/09\/SP02.jpg 868w, https:\/\/www.sarix.com\/wp-content\/uploads\/2023\/09\/SP02-300x222.jpg 300w, https:\/\/www.sarix.com\/wp-content\/uploads\/2023\/09\/SP02-768x568.jpg 768w\" sizes=\"(max-width: 868px) 100vw, 868px\" \/><\/figure><div class=\"elementor-image-box-content\"><h3 class=\"elementor-image-box-title\">SP02 - Hochpr\u00e4zise Spannzange mit manuellem Elektrodenvorschub<\/h3><p class=\"elementor-image-box-description\">Interne Hochdrucksp\u00fclung - Durchmesserbereich \u00d8 0,05 bis \u00d8 3,0 mm<\/p><\/div><\/div>\t\t\t\t<\/div>\n\t\t\t\t<\/div>\n\t\t\t\t\t<\/div>\n\t\t<\/div>\n\t\t\t\t<div class=\"elementor-column elementor-col-25 elementor-inner-column elementor-element elementor-element-28c5c94\" data-id=\"28c5c94\" data-element_type=\"column\" data-e-type=\"column\">\n\t\t\t<div class=\"elementor-widget-wrap elementor-element-populated\">\n\t\t\t\t\t\t<div class=\"elementor-element elementor-element-32d3ff6 elementor-position-top elementor-widget elementor-widget-image-box\" data-id=\"32d3ff6\" data-element_type=\"widget\" data-e-type=\"widget\" data-widget_type=\"image-box.default\">\n\t\t\t\t<div class=\"elementor-widget-container\">\n\t\t\t\t\t<div class=\"elementor-image-box-wrapper\"><figure class=\"elementor-image-box-img\"><img decoding=\"async\" width=\"867\" height=\"642\" src=\"https:\/\/www.sarix.com\/wp-content\/uploads\/2023\/09\/SP06.jpg\" class=\"attachment-full size-full wp-image-1123\" alt=\"\" srcset=\"https:\/\/www.sarix.com\/wp-content\/uploads\/2023\/09\/SP06.jpg 867w, https:\/\/www.sarix.com\/wp-content\/uploads\/2023\/09\/SP06-300x222.jpg 300w, https:\/\/www.sarix.com\/wp-content\/uploads\/2023\/09\/SP06-768x569.jpg 768w\" sizes=\"(max-width: 867px) 100vw, 867px\" \/><\/figure><div class=\"elementor-image-box-content\"><h3 class=\"elementor-image-box-title\">SP06 - Hochpr\u00e4zise Spannzange mit automatischem Elektrodenvorschub<\/h3><p class=\"elementor-image-box-description\">Rundlaufeinstellung - Interne Hochdrucksp\u00fclung - Durchmesserbereich \u00d8 0,05 bis \u00d8 1,5 mm - Bis \u00d8 0,99 mit Spannbereich von 0,04 mm<\/p><\/div><\/div>\t\t\t\t<\/div>\n\t\t\t\t<\/div>\n\t\t\t\t\t<\/div>\n\t\t<\/div>\n\t\t\t\t<div class=\"elementor-column elementor-col-25 elementor-inner-column elementor-element elementor-element-e66b53f\" data-id=\"e66b53f\" data-element_type=\"column\" data-e-type=\"column\">\n\t\t\t<div class=\"elementor-widget-wrap elementor-element-populated\">\n\t\t\t\t\t\t<div class=\"elementor-element elementor-element-6d2d977 elementor-position-top elementor-widget elementor-widget-image-box\" data-id=\"6d2d977\" data-element_type=\"widget\" data-e-type=\"widget\" data-widget_type=\"image-box.default\">\n\t\t\t\t<div class=\"elementor-widget-container\">\n\t\t\t\t\t<div class=\"elementor-image-box-wrapper\"><figure class=\"elementor-image-box-img\"><img decoding=\"async\" width=\"867\" height=\"642\" src=\"https:\/\/www.sarix.com\/wp-content\/uploads\/2023\/09\/SP12.jpg\" class=\"attachment-full size-full wp-image-1122\" alt=\"\" srcset=\"https:\/\/www.sarix.com\/wp-content\/uploads\/2023\/09\/SP12.jpg 867w, https:\/\/www.sarix.com\/wp-content\/uploads\/2023\/09\/SP12-300x222.jpg 300w, https:\/\/www.sarix.com\/wp-content\/uploads\/2023\/09\/SP12-768x569.jpg 768w\" sizes=\"(max-width: 867px) 100vw, 867px\" \/><\/figure><div class=\"elementor-image-box-content\"><h3 class=\"elementor-image-box-title\">SP12 - Hochpr\u00e4zise Schnellwechsel-Spannzange mit automatischem Elektrodenvorschub<\/h3><p class=\"elementor-image-box-description\">Rundlauf-\/Neigungseinstellung - Interne Hochdrucksp\u00fclung - Durchmesserbereich \u00d8 0,05 bis \u00d8 1,5 mm - Bis \u00d8 0,99 mit Spannbereich von 0,04 mm<\/p><\/div><\/div>\t\t\t\t<\/div>\n\t\t\t\t<\/div>\n\t\t\t\t\t<\/div>\n\t\t<\/div>\n\t\t\t\t<div class=\"elementor-column elementor-col-25 elementor-inner-column elementor-element elementor-element-b7f7067\" data-id=\"b7f7067\" data-element_type=\"column\" data-e-type=\"column\">\n\t\t\t<div class=\"elementor-widget-wrap elementor-element-populated\">\n\t\t\t\t\t\t<div class=\"elementor-element elementor-element-a79f58f elementor-position-top elementor-widget elementor-widget-image-box\" data-id=\"a79f58f\" data-element_type=\"widget\" data-e-type=\"widget\" data-widget_type=\"image-box.default\">\n\t\t\t\t<div class=\"elementor-widget-container\">\n\t\t\t\t\t<div class=\"elementor-image-box-wrapper\"><figure class=\"elementor-image-box-img\"><img loading=\"lazy\" decoding=\"async\" width=\"868\" height=\"642\" src=\"https:\/\/www.sarix.com\/wp-content\/uploads\/2023\/09\/SP-MDC.jpg\" class=\"attachment-full size-full wp-image-1121\" alt=\"\" srcset=\"https:\/\/www.sarix.com\/wp-content\/uploads\/2023\/09\/SP-MDC.jpg 868w, https:\/\/www.sarix.com\/wp-content\/uploads\/2023\/09\/SP-MDC-300x222.jpg 300w, https:\/\/www.sarix.com\/wp-content\/uploads\/2023\/09\/SP-MDC-768x568.jpg 768w\" sizes=\"(max-width: 868px) 100vw, 868px\" \/><\/figure><div class=\"elementor-image-box-content\"><h3 class=\"elementor-image-box-title\">SP-MDC - Automatische Multi-Durchmesser Spannzange<br><br><\/h3><p class=\"elementor-image-box-description\">Interne Hochdrucksp\u00fclung - Durchmesserbereiche \u00d8 0,2 bis 1,0 mm, \u00d8 0,5 bis 1,5 mm und \u00d8 1,0 bis 4,0 mm<\/p><\/div><\/div>\t\t\t\t<\/div>\n\t\t\t\t<\/div>\n\t\t\t\t\t<\/div>\n\t\t<\/div>\n\t\t\t\t\t<\/div>\n\t\t<\/section>\n\t\t\t\t\t<\/div>\n\t\t<\/div>\n\t\t\t\t<div class=\"elementor-column elementor-col-50 elementor-top-column elementor-element elementor-element-e935b9f\" data-id=\"e935b9f\" data-element_type=\"column\" data-e-type=\"column\">\n\t\t\t<div class=\"elementor-widget-wrap\">\n\t\t\t\t\t\t\t<\/div>\n\t\t<\/div>\n\t\t\t\t\t<\/div>\n\t\t<\/section>\n\t\t\t\t<section class=\"elementor-section elementor-top-section elementor-element elementor-element-43ace5c elementor-section-boxed elementor-section-height-default elementor-section-height-default\" data-id=\"43ace5c\" data-element_type=\"section\" data-e-type=\"section\">\n\t\t\t\t\t\t<div class=\"elementor-container elementor-column-gap-default\">\n\t\t\t\t\t<div class=\"elementor-column elementor-col-100 elementor-top-column elementor-element elementor-element-c151770\" data-id=\"c151770\" data-element_type=\"column\" data-e-type=\"column\">\n\t\t\t<div class=\"elementor-widget-wrap elementor-element-populated\">\n\t\t\t\t\t\t<div class=\"elementor-element elementor-element-937d3c2 elementor-widget elementor-widget-shortcode\" data-id=\"937d3c2\" data-element_type=\"widget\" data-e-type=\"widget\" data-widget_type=\"shortcode.default\">\n\t\t\t\t<div class=\"elementor-widget-container\">\n\t\t\t\t\t\t\t<div class=\"elementor-shortcode\"><div data-post-id=\"5931\" class=\"insert-page insert-page-5931 \">\t\t<div data-elementor-type=\"wp-page\" data-elementor-id=\"5931\" class=\"elementor elementor-5931 elementor-1286 elementor-1286\" data-elementor-post-type=\"page\">\n\t\t\t\t\t\t<section class=\"elementor-section elementor-top-section elementor-element elementor-element-e7d6980 elementor-section-boxed elementor-section-height-default elementor-section-height-default\" data-id=\"e7d6980\" data-element_type=\"section\" data-e-type=\"section\">\n\t\t\t\t\t\t<div class=\"elementor-container elementor-column-gap-default\">\n\t\t\t\t\t<div class=\"elementor-column elementor-col-100 elementor-top-column elementor-element elementor-element-5b2bafc\" data-id=\"5b2bafc\" data-element_type=\"column\" data-e-type=\"column\">\n\t\t\t<div class=\"elementor-widget-wrap elementor-element-populated\">\n\t\t\t\t\t\t<div class=\"elementor-element elementor-element-11df506 elementor-widget elementor-widget-text-editor\" data-id=\"11df506\" data-element_type=\"widget\" data-e-type=\"widget\" data-widget_type=\"text-editor.default\">\n\t\t\t\t<div class=\"elementor-widget-container\">\n\t\t\t\t\t\t\t\t\t<b><a href=\"https:\/\/www.sarix.com\/de\/features\/rotationen-spindel-und-elektrodenhalter\/\">Rotationsspindel und Elektrodenhalter<\/a><span style=\"color: #e40421;\"> \u2022<\/span> <a href=\"https:\/\/www.sarix.com\/de\/features\/spannzangen\/\">Spannzangen<\/a><span style=\"color: #e40421;\"> \u2022<\/span> <a href=\"https:\/\/www.sarix.com\/de\/features\/merkmale-und-geraete\/\">Zubeh\u00f6re und Optionen<\/a><\/b>\t\t\t\t\t\t\t\t<\/div>\n\t\t\t\t<\/div>\n\t\t\t\t\t<\/div>\n\t\t<\/div>\n\t\t\t\t\t<\/div>\n\t\t<\/section>\n\t\t\t\t<\/div>\n\t\t<\/div><\/div>\n\t\t\t\t\t\t<\/div>\n\t\t\t\t<\/div>\n\t\t\t\t\t<\/div>\n\t\t<\/div>\n\t\t\t\t\t<\/div>\n\t\t<\/section>\n\t\t\t\t<\/div>\n\t\t","protected":false},"excerpt":{"rendered":"<p>SP02 &#8211; Hochpr\u00e4zise Spannzange mit manuellem Elektrodenvorschub Interne Hochdrucksp\u00fclung &#8211; Durchmesserbereich \u00d8 0,05 bis \u00d8 3,0 mm SP06 &#8211; Hochpr\u00e4zise Spannzange mit automatischem Elektrodenvorschub Rundlaufeinstellung &#8211; Interne Hochdrucksp\u00fclung &#8211; Durchmesserbereich \u00d8 0,05 bis \u00d8 1,5 mm &#8211; Bis \u00d8 0,99 mit Spannbereich von 0,04 mm SP12 &#8211; Hochpr\u00e4zise Schnellwechsel-Spannzange mit automatischem Elektrodenvorschub Rundlauf-\/Neigungseinstellung &#8211; Interne [&hellip;]<\/p>\n","protected":false},"author":1,"featured_media":0,"parent":5330,"menu_order":0,"comment_status":"closed","ping_status":"closed","template":"","meta":{"footnotes":""},"categories":[103],"tags":[],"class_list":["post-5278","page","type-page","status-publish","hentry","category-merkmale"],"_links":{"self":[{"href":"https:\/\/www.sarix.com\/de\/wp-json\/wp\/v2\/pages\/5278","targetHints":{"allow":["GET"]}}],"collection":[{"href":"https:\/\/www.sarix.com\/de\/wp-json\/wp\/v2\/pages"}],"about":[{"href":"https:\/\/www.sarix.com\/de\/wp-json\/wp\/v2\/types\/page"}],"author":[{"embeddable":true,"href":"https:\/\/www.sarix.com\/de\/wp-json\/wp\/v2\/users\/1"}],"replies":[{"embeddable":true,"href":"https:\/\/www.sarix.com\/de\/wp-json\/wp\/v2\/comments?post=5278"}],"version-history":[{"count":7,"href":"https:\/\/www.sarix.com\/de\/wp-json\/wp\/v2\/pages\/5278\/revisions"}],"predecessor-version":[{"id":6044,"href":"https:\/\/www.sarix.com\/de\/wp-json\/wp\/v2\/pages\/5278\/revisions\/6044"}],"up":[{"embeddable":true,"href":"https:\/\/www.sarix.com\/de\/wp-json\/wp\/v2\/pages\/5330"}],"wp:attachment":[{"href":"https:\/\/www.sarix.com\/de\/wp-json\/wp\/v2\/media?parent=5278"}],"wp:term":[{"taxonomy":"category","embeddable":true,"href":"https:\/\/www.sarix.com\/de\/wp-json\/wp\/v2\/categories?post=5278"},{"taxonomy":"post_tag","embeddable":true,"href":"https:\/\/www.sarix.com\/de\/wp-json\/wp\/v2\/tags?post=5278"}],"curies":[{"name":"wp","href":"https:\/\/api.w.org\/{rel}","templated":true}]}}