{"id":5166,"date":"2023-09-08T21:29:03","date_gmt":"2023-09-08T21:29:03","guid":{"rendered":"https:\/\/www.sarix.com\/machline\/"},"modified":"2024-12-04T17:34:32","modified_gmt":"2024-12-04T17:34:32","slug":"machline","status":"publish","type":"page","link":"https:\/\/www.sarix.com\/de\/maschinen\/machline\/","title":{"rendered":"MACHline"},"content":{"rendered":"\t\t<div data-elementor-type=\"wp-page\" data-elementor-id=\"5166\" class=\"elementor elementor-5166 elementor-1462\" data-elementor-post-type=\"page\">\n\t\t\t\t\t\t<section class=\"elementor-section elementor-top-section elementor-element elementor-element-08416cc elementor-section-content-top elementor-section-boxed elementor-section-height-default elementor-section-height-default\" data-id=\"08416cc\" data-element_type=\"section\" data-e-type=\"section\">\n\t\t\t\t\t\t<div class=\"elementor-container elementor-column-gap-no\">\n\t\t\t\t\t<div class=\"elementor-column elementor-col-100 elementor-top-column elementor-element elementor-element-1148295\" data-id=\"1148295\" data-element_type=\"column\" data-e-type=\"column\">\n\t\t\t<div class=\"elementor-widget-wrap elementor-element-populated\">\n\t\t\t\t\t\t<div class=\"elementor-element elementor-element-96be4f1 elementor-widget elementor-widget-shortcode\" data-id=\"96be4f1\" data-element_type=\"widget\" data-e-type=\"widget\" data-widget_type=\"shortcode.default\">\n\t\t\t\t<div class=\"elementor-widget-container\">\n\t\t\t\t\t\t\t<div class=\"elementor-shortcode\"><div data-post-id=\"5915\" class=\"insert-page insert-page-5915 \">\t\t<div data-elementor-type=\"wp-page\" data-elementor-id=\"5915\" class=\"elementor elementor-5915 elementor-481 elementor-481\" data-elementor-post-type=\"page\">\n\t\t\t\t\t\t<section class=\"elementor-section elementor-top-section elementor-element elementor-element-4f892fe elementor-section-stretched elementor-hidden-tablet elementor-hidden-mobile elementor-section-boxed elementor-section-height-default elementor-section-height-default\" data-id=\"4f892fe\" data-element_type=\"section\" data-e-type=\"section\" data-settings=\"{&quot;stretch_section&quot;:&quot;section-stretched&quot;}\">\n\t\t\t\t\t\t<div class=\"elementor-container elementor-column-gap-wide\">\n\t\t\t\t\t<div class=\"elementor-column elementor-col-100 elementor-top-column elementor-element elementor-element-8ac3466\" data-id=\"8ac3466\" data-element_type=\"column\" data-e-type=\"column\">\n\t\t\t<div class=\"elementor-widget-wrap elementor-element-populated\">\n\t\t\t\t\t\t<section class=\"elementor-section elementor-inner-section elementor-element elementor-element-7f9cb31 elementor-section-boxed elementor-section-height-default elementor-section-height-default\" data-id=\"7f9cb31\" data-element_type=\"section\" data-e-type=\"section\">\n\t\t\t\t\t\t<div class=\"elementor-container elementor-column-gap-default\">\n\t\t\t\t\t<div class=\"elementor-column elementor-col-14 elementor-inner-column elementor-element elementor-element-0289160\" data-id=\"0289160\" data-element_type=\"column\" data-e-type=\"column\">\n\t\t\t<div class=\"elementor-widget-wrap elementor-element-populated\">\n\t\t\t\t\t\t<div class=\"elementor-element elementor-element-c990430 elementor-invisible elementor-widget elementor-widget-heading\" data-id=\"c990430\" data-element_type=\"widget\" data-e-type=\"widget\" data-settings=\"{&quot;_animation&quot;:&quot;fadeIn&quot;}\" data-widget_type=\"heading.default\">\n\t\t\t\t<div class=\"elementor-widget-container\">\n\t\t\t\t\t<p class=\"elementor-heading-title elementor-size-default\"><a href=\"https:\/\/www.sarix.com\/de\/maschinen\/neu-sx30-pm\/\">SX30 PM<\/a><\/p>\t\t\t\t<\/div>\n\t\t\t\t<\/div>\n\t\t\t\t\t<\/div>\n\t\t<\/div>\n\t\t\t\t<div class=\"elementor-column elementor-col-14 elementor-inner-column elementor-element elementor-element-b10d99b\" data-id=\"b10d99b\" data-element_type=\"column\" data-e-type=\"column\">\n\t\t\t<div class=\"elementor-widget-wrap elementor-element-populated\">\n\t\t\t\t\t\t<div class=\"elementor-element elementor-element-a956c9e elementor-invisible elementor-widget elementor-widget-heading\" data-id=\"a956c9e\" data-element_type=\"widget\" data-e-type=\"widget\" data-settings=\"{&quot;_animation&quot;:&quot;fadeIn&quot;}\" data-widget_type=\"heading.default\">\n\t\t\t\t<div class=\"elementor-widget-container\">\n\t\t\t\t\t<p class=\"elementor-heading-title elementor-size-default\"><a href=\"https:\/\/www.sarix.com\/de\/maschinen\/sx80-hpm\/\">SX80 HPM<\/a><\/p>\t\t\t\t<\/div>\n\t\t\t\t<\/div>\n\t\t\t\t\t<\/div>\n\t\t<\/div>\n\t\t\t\t<div class=\"elementor-column elementor-col-14 elementor-inner-column elementor-element elementor-element-8b64710\" data-id=\"8b64710\" data-element_type=\"column\" data-e-type=\"column\">\n\t\t\t<div class=\"elementor-widget-wrap elementor-element-populated\">\n\t\t\t\t\t\t<div class=\"elementor-element elementor-element-f0f7d44 elementor-invisible elementor-widget elementor-widget-heading\" data-id=\"f0f7d44\" data-element_type=\"widget\" data-e-type=\"widget\" data-settings=\"{&quot;_animation&quot;:&quot;fadeIn&quot;}\" data-widget_type=\"heading.default\">\n\t\t\t\t<div class=\"elementor-widget-container\">\n\t\t\t\t\t<p class=\"elementor-heading-title elementor-size-default\"><a href=\"https:\/\/www.sarix.com\/de\/maschinen\/sx100-hpm\/\">SX100 HPM<\/a><\/p>\t\t\t\t<\/div>\n\t\t\t\t<\/div>\n\t\t\t\t\t<\/div>\n\t\t<\/div>\n\t\t\t\t<div class=\"elementor-column elementor-col-14 elementor-inner-column elementor-element elementor-element-0e4dead\" data-id=\"0e4dead\" data-element_type=\"column\" data-e-type=\"column\">\n\t\t\t<div class=\"elementor-widget-wrap elementor-element-populated\">\n\t\t\t\t\t\t<div class=\"elementor-element elementor-element-6423ff2 elementor-invisible elementor-widget elementor-widget-heading\" data-id=\"6423ff2\" data-element_type=\"widget\" data-e-type=\"widget\" data-settings=\"{&quot;_animation&quot;:&quot;fadeIn&quot;}\" data-widget_type=\"heading.default\">\n\t\t\t\t<div class=\"elementor-widget-container\">\n\t\t\t\t\t<p class=\"elementor-heading-title elementor-size-default\"><a href=\"https:\/\/www.sarix.com\/de\/maschinen\/sx200-hpm\/\">SX200 HPM<\/a><\/p>\t\t\t\t<\/div>\n\t\t\t\t<\/div>\n\t\t\t\t\t<\/div>\n\t\t<\/div>\n\t\t\t\t<div class=\"elementor-column elementor-col-14 elementor-inner-column elementor-element elementor-element-0588ef0\" data-id=\"0588ef0\" data-element_type=\"column\" data-e-type=\"column\">\n\t\t\t<div class=\"elementor-widget-wrap elementor-element-populated\">\n\t\t\t\t\t\t<div class=\"elementor-element elementor-element-180d720 elementor-invisible elementor-widget elementor-widget-heading\" data-id=\"180d720\" data-element_type=\"widget\" data-e-type=\"widget\" data-settings=\"{&quot;_animation&quot;:&quot;fadeIn&quot;}\" data-widget_type=\"heading.default\">\n\t\t\t\t<div class=\"elementor-widget-container\">\n\t\t\t\t\t<p class=\"elementor-heading-title elementor-size-default\"><a href=\"https:\/\/www.sarix.com\/de\/maschinen\/sx200-aero\/\">SX200 AERO<\/a><\/p>\t\t\t\t<\/div>\n\t\t\t\t<\/div>\n\t\t\t\t\t<\/div>\n\t\t<\/div>\n\t\t\t\t<div class=\"elementor-column elementor-col-14 elementor-inner-column elementor-element elementor-element-e701db0\" data-id=\"e701db0\" data-element_type=\"column\" data-e-type=\"column\">\n\t\t\t<div class=\"elementor-widget-wrap elementor-element-populated\">\n\t\t\t\t\t\t<div class=\"elementor-element elementor-element-fad1389 elementor-invisible elementor-widget elementor-widget-heading\" data-id=\"fad1389\" data-element_type=\"widget\" data-e-type=\"widget\" data-settings=\"{&quot;_animation&quot;:&quot;fadeIn&quot;}\" data-widget_type=\"heading.default\">\n\t\t\t\t<div class=\"elementor-widget-container\">\n\t\t\t\t\t<p class=\"elementor-heading-title elementor-size-default\"><a href=\"https:\/\/www.sarix.com\/de\/maschinen\/sx200l\/\">SX200L<\/a><\/p>\t\t\t\t<\/div>\n\t\t\t\t<\/div>\n\t\t\t\t\t<\/div>\n\t\t<\/div>\n\t\t\t\t<div class=\"elementor-column elementor-col-14 elementor-inner-column elementor-element elementor-element-6efd050\" data-id=\"6efd050\" data-element_type=\"column\" data-e-type=\"column\">\n\t\t\t<div class=\"elementor-widget-wrap elementor-element-populated\">\n\t\t\t\t\t\t<div class=\"elementor-element elementor-element-0265d25 elementor-invisible elementor-widget elementor-widget-heading\" data-id=\"0265d25\" data-element_type=\"widget\" data-e-type=\"widget\" data-settings=\"{&quot;_animation&quot;:&quot;fadeIn&quot;}\" data-widget_type=\"heading.default\">\n\t\t\t\t<div class=\"elementor-widget-container\">\n\t\t\t\t\t<p class=\"elementor-heading-title elementor-size-default\"><a href=\"https:\/\/www.sarix.com\/de\/maschinen\/machline\/\">MACHLine<\/a><\/p>\t\t\t\t<\/div>\n\t\t\t\t<\/div>\n\t\t\t\t\t<\/div>\n\t\t<\/div>\n\t\t\t\t\t<\/div>\n\t\t<\/section>\n\t\t\t\t\t<\/div>\n\t\t<\/div>\n\t\t\t\t\t<\/div>\n\t\t<\/section>\n\t\t\t\t<\/div>\n\t\t<\/div><\/div>\n\t\t\t\t\t\t<\/div>\n\t\t\t\t<\/div>\n\t\t\t\t\t<\/div>\n\t\t<\/div>\n\t\t\t\t\t<\/div>\n\t\t<\/section>\n\t\t\t\t<section class=\"elementor-section elementor-top-section elementor-element elementor-element-643a1f22 elementor-section-full_width elementor-section-height-default elementor-section-height-default\" data-id=\"643a1f22\" data-element_type=\"section\" data-e-type=\"section\">\n\t\t\t\t\t\t<div class=\"elementor-container elementor-column-gap-default\">\n\t\t\t\t\t<div class=\"elementor-column elementor-col-100 elementor-top-column elementor-element elementor-element-1ac9825b\" data-id=\"1ac9825b\" data-element_type=\"column\" data-e-type=\"column\">\n\t\t\t<div class=\"elementor-widget-wrap elementor-element-populated\">\n\t\t\t\t\t\t<section class=\"elementor-section elementor-inner-section elementor-element elementor-element-47673733 elementor-section-full_width elementor-section-height-default elementor-section-height-default\" data-id=\"47673733\" data-element_type=\"section\" data-e-type=\"section\">\n\t\t\t\t\t\t<div class=\"elementor-container elementor-column-gap-default\">\n\t\t\t\t\t<div class=\"elementor-column elementor-col-33 elementor-inner-column elementor-element elementor-element-3a408f9a\" data-id=\"3a408f9a\" data-element_type=\"column\" data-e-type=\"column\">\n\t\t\t<div class=\"elementor-widget-wrap elementor-element-populated\">\n\t\t\t\t\t\t<div class=\"elementor-element elementor-element-6fae0c41 elementor-invisible elementor-widget elementor-widget-image\" data-id=\"6fae0c41\" data-element_type=\"widget\" data-e-type=\"widget\" data-settings=\"{&quot;_animation&quot;:&quot;fadeIn&quot;}\" data-widget_type=\"image.default\">\n\t\t\t\t<div class=\"elementor-widget-container\">\n\t\t\t\t\t\t\t\t\t\t\t\t\t\t\t<img fetchpriority=\"high\" decoding=\"async\" width=\"640\" height=\"640\" src=\"https:\/\/www.sarix.com\/wp-content\/uploads\/2023\/09\/MACHLine-Aero-1024x1024.png\" class=\"attachment-large size-large wp-image-3985\" alt=\"\" srcset=\"https:\/\/www.sarix.com\/wp-content\/uploads\/2023\/09\/MACHLine-Aero-1024x1024.png 1024w, https:\/\/www.sarix.com\/wp-content\/uploads\/2023\/09\/MACHLine-Aero-150x150.png 150w, https:\/\/www.sarix.com\/wp-content\/uploads\/2023\/09\/MACHLine-Aero-300x300.png 300w, https:\/\/www.sarix.com\/wp-content\/uploads\/2023\/09\/MACHLine-Aero-768x768.png 768w, https:\/\/www.sarix.com\/wp-content\/uploads\/2023\/09\/MACHLine-Aero-100x100.png 100w, https:\/\/www.sarix.com\/wp-content\/uploads\/2023\/09\/MACHLine-Aero.png 1500w\" sizes=\"(max-width: 640px) 100vw, 640px\" \/>\t\t\t\t\t\t\t\t\t\t\t\t\t\t\t<\/div>\n\t\t\t\t<\/div>\n\t\t\t\t\t<\/div>\n\t\t<\/div>\n\t\t\t\t<div class=\"elementor-column elementor-col-33 elementor-inner-column elementor-element elementor-element-49c0f0f\" data-id=\"49c0f0f\" data-element_type=\"column\" data-e-type=\"column\">\n\t\t\t<div class=\"elementor-widget-wrap\">\n\t\t\t\t\t\t\t<\/div>\n\t\t<\/div>\n\t\t\t\t<div class=\"elementor-column elementor-col-33 elementor-inner-column elementor-element elementor-element-d5274d7\" data-id=\"d5274d7\" data-element_type=\"column\" data-e-type=\"column\">\n\t\t\t<div class=\"elementor-widget-wrap elementor-element-populated\">\n\t\t\t\t\t\t<div class=\"elementor-element elementor-element-8d1a003 elementor-invisible elementor-widget elementor-widget-heading\" data-id=\"8d1a003\" data-element_type=\"widget\" data-e-type=\"widget\" data-settings=\"{&quot;_animation&quot;:&quot;fadeIn&quot;}\" data-widget_type=\"heading.default\">\n\t\t\t\t<div class=\"elementor-widget-container\">\n\t\t\t\t\t<h4 class=\"elementor-heading-title elementor-size-default\">PROZESSVIELFALT<\/h4>\t\t\t\t<\/div>\n\t\t\t\t<\/div>\n\t\t\t\t<div class=\"elementor-element elementor-element-c04eb53 elementor-invisible elementor-widget elementor-widget-heading\" data-id=\"c04eb53\" data-element_type=\"widget\" data-e-type=\"widget\" data-settings=\"{&quot;_animation&quot;:&quot;fadeIn&quot;}\" data-widget_type=\"heading.default\">\n\t\t\t\t<div class=\"elementor-widget-container\">\n\t\t\t\t\t<h2 class=\"elementor-heading-title elementor-size-default\">MACHline<\/h2>\t\t\t\t<\/div>\n\t\t\t\t<\/div>\n\t\t\t\t<div class=\"elementor-element elementor-element-e5b8095 elementor-invisible elementor-widget elementor-widget-heading\" data-id=\"e5b8095\" data-element_type=\"widget\" data-e-type=\"widget\" data-settings=\"{&quot;_animation&quot;:&quot;fadeIn&quot;}\" data-widget_type=\"heading.default\">\n\t\t\t\t<div class=\"elementor-widget-container\">\n\t\t\t\t\t<h4 class=\"elementor-heading-title elementor-size-default\">Mikro-EDM-Bearbeitungszentrum MACHLine<\/h4>\t\t\t\t<\/div>\n\t\t\t\t<\/div>\n\t\t\t\t<div class=\"elementor-element elementor-element-c48189c elementor-invisible elementor-widget elementor-widget-text-editor\" data-id=\"c48189c\" data-element_type=\"widget\" data-e-type=\"widget\" data-settings=\"{&quot;_animation&quot;:&quot;fadeIn&quot;}\" data-widget_type=\"text-editor.default\">\n\t\t\t\t<div class=\"elementor-widget-container\">\n\t\t\t\t\t\t\t\t\t<ul>\n<li><strong>Zwei-Achsen-Bearbeitungskombination<\/strong><\/li>\n<li><strong>Mikro EDM Bohren<\/strong><\/li>\n<li><strong>Mikro EDM Senken<\/strong><\/li>\n<li><strong>Drahterodiereinheit f\u00fcr die Zurichtung der Elektroden<\/strong><\/li>\n<li><strong>3D-Mikro-EDM-Fr\u00e4sen<\/strong><\/li>\n<li><strong>3D-Scope-Messung<\/strong><\/li>\n<li><strong>Mikro-Laserablation<\/strong><\/li>\n<\/ul>\n\t\t\t\t\t\t\t\t<\/div>\n\t\t\t\t<\/div>\n\t\t\t\t<div class=\"elementor-element elementor-element-a9c2d31 elementor-invisible elementor-widget elementor-widget-text-editor\" data-id=\"a9c2d31\" data-element_type=\"widget\" data-e-type=\"widget\" data-settings=\"{&quot;_animation&quot;:&quot;fadeIn&quot;}\" data-widget_type=\"text-editor.default\">\n\t\t\t\t<div class=\"elementor-widget-container\">\n\t\t\t\t\t\t\t\t\t<p><strong>Verfahrweg: <strong style=\"font-size: 1em; color: var( --e-global-color-text );\">X=850 Y=500 Z=100 W=480 L(Z2) = 100 (mm)<\/strong><\/strong><\/p>\n<p><strong>Positionierungsgenauigkeit: <br \/>\u00b1 5,0 \u00b5m, Aufl\u00f6sung = 0,1 \u00b5m  <\/strong><\/p>\n<p><strong>Achsenvorschub: Linearachse 1200 mm\/min<\/strong><\/p>\n\t\t\t\t\t\t\t\t<\/div>\n\t\t\t\t<\/div>\n\t\t\t\t\t<\/div>\n\t\t<\/div>\n\t\t\t\t\t<\/div>\n\t\t<\/section>\n\t\t\t\t<section class=\"elementor-section elementor-inner-section elementor-element elementor-element-3649e5a elementor-section-boxed elementor-section-height-default elementor-section-height-default\" data-id=\"3649e5a\" data-element_type=\"section\" data-e-type=\"section\">\n\t\t\t\t\t\t<div class=\"elementor-container elementor-column-gap-default\">\n\t\t\t\t\t<div class=\"elementor-column elementor-col-33 elementor-inner-column elementor-element elementor-element-5071971\" data-id=\"5071971\" data-element_type=\"column\" data-e-type=\"column\">\n\t\t\t<div class=\"elementor-widget-wrap elementor-element-populated\">\n\t\t\t\t\t\t<div class=\"elementor-element elementor-element-ff67d45 elementor-invisible elementor-widget elementor-widget-text-editor\" data-id=\"ff67d45\" data-element_type=\"widget\" data-e-type=\"widget\" data-settings=\"{&quot;_animation&quot;:&quot;fadeIn&quot;}\" data-widget_type=\"text-editor.default\">\n\t\t\t\t<div class=\"elementor-widget-container\">\n\t\t\t\t\t\t\t\t\t<ul>\n<li>MACHfr\u00e4sen 5 Achsen<\/li>\n<li>Der Mikro-EDM-Kern mit bis zu 2 Prozessk\u00f6pfen wird durch die Basis-U-V-Achse positioniert<\/li>\n<li>Automatische Elektrodenvorschubspindel mit C-Indexierungsfunktion<\/li>\n<li>Drahterodier-Elektrodenschleifeinheit f\u00fcr mikro-runde und komplex geformte Elektroden (Laser-Elektrodenmessung als Option)<\/li>\n<li>3D-Modellprogrammierung mit dem CAM-Softwarepaket SX-3D Milling<\/li>\n<\/ul>\n\t\t\t\t\t\t\t\t<\/div>\n\t\t\t\t<\/div>\n\t\t\t\t\t<\/div>\n\t\t<\/div>\n\t\t\t\t<div class=\"elementor-column elementor-col-33 elementor-inner-column elementor-element elementor-element-6a21a58\" data-id=\"6a21a58\" data-element_type=\"column\" data-e-type=\"column\">\n\t\t\t<div class=\"elementor-widget-wrap elementor-element-populated\">\n\t\t\t\t\t\t<div class=\"elementor-element elementor-element-418239f elementor-invisible elementor-widget elementor-widget-text-editor\" data-id=\"418239f\" data-element_type=\"widget\" data-e-type=\"widget\" data-settings=\"{&quot;_animation&quot;:&quot;fadeIn&quot;}\" data-widget_type=\"text-editor.default\">\n\t\t\t\t<div class=\"elementor-widget-container\">\n\t\t\t\t\t\t\t\t\t<p><strong>INNOVATION<\/strong><br \/>Mit der Einf\u00fchrung der neuen MACHLine-Bearbeitungszentren setzt SARIX sein Engagement f\u00fcr eine kontinuierliche Innovation der Mikroerosionstechnologie fort. Die MACHLine ist eine Familie von Mikro-EDM-Bearbeitungszentren und bietet eine einzigartige Kombination von hochpr\u00e4zisen Bearbeitungsm\u00f6glichkeiten zur Bearbeitung von komplexen 3D-Strukturen.<br \/>Die M\u00f6glichkeit, mehrere Bearbeitungsverfahren zu kombinieren, ist ein weiteres einzigartiges Merkmal der MACHLine Baureihe.<\/p>\n<p><b>TECHNOLOGIE<\/b><br \/>Die st\u00e4ndige Weiterentwicklung der SARIX Micro EDM Technologie hat sich an der innovativen Konstruktion der EDM-Achsen der MACHLine Serie orientiert. Alle EDM-Achsen sind in einer zentralen Einheit konzentriert, einem X-Y-Z-Modul, das leicht, sehr genau und hochdynamisch ist. Die gro\u00dfe Positionierachse U, V, W wendet die Pr\u00e4zision der Mikrobearbeitung auf gr\u00f6\u00dfere Teile an. SARIX hat seine Tiefbohrtechnologie mit Vorrichtungen verbessert, die nun in der Lage ist, 100 Mikrometer gro\u00dfe Bohrungen mit strengen Toleranzen bis zu 15 mm in Wolframkarbid zu bohren.<\/p>\n<p><strong>PROZESSVIELFALT<\/strong><br \/>Das EDM-Kernmodul verf\u00fcgt \u00fcber zwei Z-Achsen, die mit einer unabh\u00e4ngigen Prozesseinheit ausgestattet werden k\u00f6nnen: die Twin Axis F\u00e4higkeit. Der Kunde kann die beste Kopfkonfiguration f\u00fcr die maximale Leistung w\u00e4hlen. Das zweiachsige System kann z.B. eine Schrupp- und eine Schlichtfr\u00e4sspindel f\u00fcr das Mikroerodieren aufnehmen. In einer anderen Konfiguration erm\u00f6glichen ein Micro EDM-Kopf und die 3D Scope-Messeinheit die Messung von Teilen im Prozess, ohne dass das Werkst\u00fcck ausgebaut werden muss.<br \/>Die Prozesskombination auf der Doppelachseinheit kann auch auf erg\u00e4nzende Prozesse wie Mikro-Erodieren und Mikro-Laserablation ausgeweitet werden, wie sie von SARIX f\u00fcr die Flugzeug- und Gasturbinenindustrie f\u00fcr keramikbeschichtete Komponenten vorgeschlagen werden &#8230;<\/p>\n<p><strong>PRODUKTIVIT\u00c4T<\/strong><br \/>Alle Funktionen der MACHLine Modelle sind auf Produktivit\u00e4t optimiert. Die optionale Werkzeugwechseleinheit l\u00e4dt automatisch Elektroden mit unterschiedlichen Durchmessern.<br \/>Die neue Multi-Durchmesser-Spannzange kann den Arbeitsdurchmesser \u00e4ndern und sorgt f\u00fcr optimale Sp\u00fclbedingungen bei jedem Durchmesser.<br \/>Der gro\u00dfe Verfahrweg der U-, V- und W-Achse erm\u00f6glicht die Bearbeitung gro\u00dfer Teile oder das Laden mehrerer Teilepaletten. In der Ausf\u00fchrung MACH Milling verf\u00fcgt die Maschine \u00fcber eine Kombination aus dem Drahterodierschleifger\u00e4t und der SX-Arianne f\u00fcr die Mikroelektrodenbearbeitung.<\/p>\n\t\t\t\t\t\t\t\t<\/div>\n\t\t\t\t<\/div>\n\t\t\t\t\t<\/div>\n\t\t<\/div>\n\t\t\t\t<div class=\"elementor-column elementor-col-33 elementor-inner-column elementor-element elementor-element-0fd0615\" data-id=\"0fd0615\" data-element_type=\"column\" data-e-type=\"column\">\n\t\t\t<div class=\"elementor-widget-wrap elementor-element-populated\">\n\t\t\t\t\t\t<div class=\"elementor-element elementor-element-c852086 elementor-widget__width-initial elementor-position-top elementor-widget elementor-widget-image-box\" data-id=\"c852086\" data-element_type=\"widget\" data-e-type=\"widget\" data-widget_type=\"image-box.default\">\n\t\t\t\t<div class=\"elementor-widget-container\">\n\t\t\t\t\t<div class=\"elementor-image-box-wrapper\"><figure class=\"elementor-image-box-img\"><a href=\"http:\/\/www.sarix.com\/wp-content\/uploads\/2023\/10\/SARIX-Flyer-A3_8pg-DEU-lw.pdf\" target=\"_blank\" tabindex=\"-1\"><img decoding=\"async\" width=\"500\" height=\"707\" src=\"https:\/\/www.sarix.com\/wp-content\/uploads\/2023\/09\/SARIX-Products2023_EN.jpg\" class=\"attachment-full size-full wp-image-3147\" alt=\"\" srcset=\"https:\/\/www.sarix.com\/wp-content\/uploads\/2023\/09\/SARIX-Products2023_EN.jpg 500w, https:\/\/www.sarix.com\/wp-content\/uploads\/2023\/09\/SARIX-Products2023_EN-212x300.jpg 212w\" sizes=\"(max-width: 500px) 100vw, 500px\" \/><\/a><\/figure><div class=\"elementor-image-box-content\"><p class=\"elementor-image-box-description\">Laden Sie unseren NEUEN Flyer herunter\nSARIX-Faltblatt 2023<\/p><\/div><\/div>\t\t\t\t<\/div>\n\t\t\t\t<\/div>\n\t\t\t\t\t<\/div>\n\t\t<\/div>\n\t\t\t\t\t<\/div>\n\t\t<\/section>\n\t\t\t\t\t<\/div>\n\t\t<\/div>\n\t\t\t\t\t<\/div>\n\t\t<\/section>\n\t\t\t\t<section class=\"elementor-section elementor-top-section elementor-element elementor-element-a76e04d elementor-section-boxed elementor-section-height-default elementor-section-height-default\" data-id=\"a76e04d\" data-element_type=\"section\" data-e-type=\"section\">\n\t\t\t\t\t\t<div class=\"elementor-container elementor-column-gap-default\">\n\t\t\t\t\t<div class=\"elementor-column elementor-col-100 elementor-top-column elementor-element elementor-element-75fa13e\" data-id=\"75fa13e\" data-element_type=\"column\" data-e-type=\"column\">\n\t\t\t<div class=\"elementor-widget-wrap\">\n\t\t\t\t\t\t\t<\/div>\n\t\t<\/div>\n\t\t\t\t\t<\/div>\n\t\t<\/section>\n\t\t\t\t<\/div>\n\t\t","protected":false},"excerpt":{"rendered":"<p>PROZESSVIELFALT MACHline Mikro-EDM-Bearbeitungszentrum MACHLine Zwei-Achsen-Bearbeitungskombination Mikro EDM Bohren Mikro EDM Senken Drahterodiereinheit f\u00fcr die Zurichtung der Elektroden 3D-Mikro-EDM-Fr\u00e4sen 3D-Scope-Messung Mikro-Laserablation Verfahrweg: X=850 Y=500 Z=100 W=480 L(Z2) = 100 (mm) Positionierungsgenauigkeit: \u00b1 5,0 \u00b5m, Aufl\u00f6sung = 0,1 \u00b5m Achsenvorschub: Linearachse 1200 mm\/min MACHfr\u00e4sen 5 Achsen Der Mikro-EDM-Kern mit bis zu 2 Prozessk\u00f6pfen wird durch die Basis-U-V-Achse [&hellip;]<\/p>\n","protected":false},"author":1,"featured_media":4010,"parent":5398,"menu_order":0,"comment_status":"closed","ping_status":"closed","template":"","meta":{"footnotes":""},"categories":[10],"tags":[],"class_list":["post-5166","page","type-page","status-publish","has-post-thumbnail","hentry","category-products"],"_links":{"self":[{"href":"https:\/\/www.sarix.com\/de\/wp-json\/wp\/v2\/pages\/5166","targetHints":{"allow":["GET"]}}],"collection":[{"href":"https:\/\/www.sarix.com\/de\/wp-json\/wp\/v2\/pages"}],"about":[{"href":"https:\/\/www.sarix.com\/de\/wp-json\/wp\/v2\/types\/page"}],"author":[{"embeddable":true,"href":"https:\/\/www.sarix.com\/de\/wp-json\/wp\/v2\/users\/1"}],"replies":[{"embeddable":true,"href":"https:\/\/www.sarix.com\/de\/wp-json\/wp\/v2\/comments?post=5166"}],"version-history":[{"count":16,"href":"https:\/\/www.sarix.com\/de\/wp-json\/wp\/v2\/pages\/5166\/revisions"}],"predecessor-version":[{"id":12108,"href":"https:\/\/www.sarix.com\/de\/wp-json\/wp\/v2\/pages\/5166\/revisions\/12108"}],"up":[{"embeddable":true,"href":"https:\/\/www.sarix.com\/de\/wp-json\/wp\/v2\/pages\/5398"}],"wp:featuredmedia":[{"embeddable":true,"href":"https:\/\/www.sarix.com\/de\/wp-json\/wp\/v2\/media\/4010"}],"wp:attachment":[{"href":"https:\/\/www.sarix.com\/de\/wp-json\/wp\/v2\/media?parent=5166"}],"wp:term":[{"taxonomy":"category","embeddable":true,"href":"https:\/\/www.sarix.com\/de\/wp-json\/wp\/v2\/categories?post=5166"},{"taxonomy":"post_tag","embeddable":true,"href":"https:\/\/www.sarix.com\/de\/wp-json\/wp\/v2\/tags?post=5166"}],"curies":[{"name":"wp","href":"https:\/\/api.w.org\/{rel}","templated":true}]}}