{"id":5079,"date":"2023-09-11T08:49:45","date_gmt":"2023-09-11T08:49:45","guid":{"rendered":"https:\/\/www.sarix.com\/sx-cobot\/"},"modified":"2023-12-15T09:43:03","modified_gmt":"2023-12-15T09:43:03","slug":"sx-cobot","status":"publish","type":"page","link":"https:\/\/www.sarix.com\/de\/maschinen\/sx-cobot\/","title":{"rendered":"SX-COBOT"},"content":{"rendered":"\t\t<div data-elementor-type=\"wp-page\" data-elementor-id=\"5079\" class=\"elementor elementor-5079 elementor-2889\" data-elementor-post-type=\"page\">\n\t\t\t\t\t\t<section class=\"elementor-section elementor-top-section elementor-element elementor-element-c339d6d elementor-section-full_width elementor-section-height-default elementor-section-height-default\" data-id=\"c339d6d\" data-element_type=\"section\" data-e-type=\"section\">\n\t\t\t\t\t\t<div class=\"elementor-container elementor-column-gap-default\">\n\t\t\t\t\t<div class=\"elementor-column elementor-col-100 elementor-top-column elementor-element elementor-element-db63573\" data-id=\"db63573\" data-element_type=\"column\" data-e-type=\"column\">\n\t\t\t<div class=\"elementor-widget-wrap elementor-element-populated\">\n\t\t\t\t\t\t<section class=\"elementor-section elementor-inner-section elementor-element elementor-element-91ddd51 elementor-section-full_width elementor-section-height-default elementor-section-height-default\" data-id=\"91ddd51\" data-element_type=\"section\" data-e-type=\"section\">\n\t\t\t\t\t\t<div class=\"elementor-container elementor-column-gap-default\">\n\t\t\t\t\t<div class=\"elementor-column elementor-col-50 elementor-inner-column elementor-element elementor-element-e899554\" data-id=\"e899554\" data-element_type=\"column\" data-e-type=\"column\">\n\t\t\t<div class=\"elementor-widget-wrap elementor-element-populated\">\n\t\t\t\t\t\t<div class=\"elementor-element elementor-element-a2e0fab elementor-widget elementor-widget-image\" data-id=\"a2e0fab\" data-element_type=\"widget\" data-e-type=\"widget\" data-widget_type=\"image.default\">\n\t\t\t\t<div class=\"elementor-widget-container\">\n\t\t\t\t\t\t\t\t\t\t\t\t\t\t\t<img fetchpriority=\"high\" decoding=\"async\" width=\"300\" height=\"245\" src=\"https:\/\/www.sarix.com\/wp-content\/uploads\/2023\/09\/Cobot-SX200Aero-300x245.jpg\" class=\"attachment-medium size-medium wp-image-4365\" alt=\"\" srcset=\"https:\/\/www.sarix.com\/wp-content\/uploads\/2023\/09\/Cobot-SX200Aero-300x245.jpg 300w, https:\/\/www.sarix.com\/wp-content\/uploads\/2023\/09\/Cobot-SX200Aero-768x628.jpg 768w, https:\/\/www.sarix.com\/wp-content\/uploads\/2023\/09\/Cobot-SX200Aero-1024x838.jpg 1024w, https:\/\/www.sarix.com\/wp-content\/uploads\/2023\/09\/Cobot-SX200Aero-1536x1257.jpg 1536w, https:\/\/www.sarix.com\/wp-content\/uploads\/2023\/09\/Cobot-SX200Aero-2048x1676.jpg 2048w\" sizes=\"(max-width: 300px) 100vw, 300px\" \/>\t\t\t\t\t\t\t\t\t\t\t\t\t\t\t<\/div>\n\t\t\t\t<\/div>\n\t\t\t\t\t<\/div>\n\t\t<\/div>\n\t\t\t\t<div class=\"elementor-column elementor-col-50 elementor-inner-column elementor-element elementor-element-4e668ce\" data-id=\"4e668ce\" data-element_type=\"column\" data-e-type=\"column\">\n\t\t\t<div class=\"elementor-widget-wrap\">\n\t\t\t\t\t\t\t<\/div>\n\t\t<\/div>\n\t\t\t\t\t<\/div>\n\t\t<\/section>\n\t\t\t\t<section class=\"elementor-section elementor-inner-section elementor-element elementor-element-593f7ca elementor-section-boxed elementor-section-height-default elementor-section-height-default\" data-id=\"593f7ca\" data-element_type=\"section\" data-e-type=\"section\">\n\t\t\t\t\t\t<div class=\"elementor-container elementor-column-gap-default\">\n\t\t\t\t\t<div class=\"elementor-column elementor-col-100 elementor-inner-column elementor-element elementor-element-e809672\" data-id=\"e809672\" data-element_type=\"column\" data-e-type=\"column\">\n\t\t\t<div class=\"elementor-widget-wrap elementor-element-populated\">\n\t\t\t\t\t\t<div class=\"elementor-element elementor-element-d942992 elementor-widget__width-initial elementor-invisible elementor-widget elementor-widget-heading\" data-id=\"d942992\" data-element_type=\"widget\" data-e-type=\"widget\" data-settings=\"{&quot;_animation&quot;:&quot;fadeIn&quot;}\" data-widget_type=\"heading.default\">\n\t\t\t\t<div class=\"elementor-widget-container\">\n\t\t\t\t\t<h2 class=\"elementor-heading-title elementor-size-default\">SX-COBOT f\u00fcr SX200, SX200L und MACH Line<\/h2>\t\t\t\t<\/div>\n\t\t\t\t<\/div>\n\t\t\t\t<div class=\"elementor-element elementor-element-ee04a86 elementor-widget__width-initial elementor-invisible elementor-widget elementor-widget-text-editor\" data-id=\"ee04a86\" data-element_type=\"widget\" data-e-type=\"widget\" data-settings=\"{&quot;_animation&quot;:&quot;fadeIn&quot;}\" data-widget_type=\"text-editor.default\">\n\t\t\t\t<div class=\"elementor-widget-container\">\n\t\t\t\t\t\t\t\t\t<p>Die Automatisierungszelle <b>SX-COBOT<\/b> integriert alle Prozesselemente, einschlie\u00dflich Elektroden, F\u00fchrungen, Werkzeuge und Zubeh\u00f6r. Neben der Beladung des Werkst\u00fccks kann der Roboter auch den Bohrdurchmesser wechseln, vom f\u00fchrungsgest\u00fctzten Bohren zum <b>3D-Mikro-Erodierfr\u00e4sen<\/b> \u00fcbergehen, Messger\u00e4te laden oder zus\u00e4tzliche Sp\u00fclvorg\u00e4nge durchf\u00fchren.  <\/p>\n<p>Durch die Verwendung von <b>RFID-Tags<\/b> an allen Komponenten minimiert das System die<br>\nMaschinenstillstand und erm\u00f6glicht einen Rund-um-die-Uhr-Betrieb, einschlie\u00dflich unbemannter Nacht- oder Wochenendschichten.<\/p>\t\t\t\t\t\t\t\t<\/div>\n\t\t\t\t<\/div>\n\t\t\t\t\t<\/div>\n\t\t<\/div>\n\t\t\t\t\t<\/div>\n\t\t<\/section>\n\t\t\t\t\t<\/div>\n\t\t<\/div>\n\t\t\t\t\t<\/div>\n\t\t<\/section>\n\t\t\t\t<section class=\"elementor-section elementor-top-section elementor-element elementor-element-bb0fbc7 elementor-section-boxed elementor-section-height-default elementor-section-height-default\" data-id=\"bb0fbc7\" data-element_type=\"section\" data-e-type=\"section\">\n\t\t\t\t\t\t<div class=\"elementor-container elementor-column-gap-default\">\n\t\t\t\t\t<div class=\"elementor-column elementor-col-100 elementor-top-column elementor-element elementor-element-61ec162\" data-id=\"61ec162\" data-element_type=\"column\" data-e-type=\"column\">\n\t\t\t<div class=\"elementor-widget-wrap elementor-element-populated\">\n\t\t\t\t\t\t<section class=\"elementor-section elementor-inner-section elementor-element elementor-element-ebf5026 elementor-section-boxed elementor-section-height-default elementor-section-height-default\" data-id=\"ebf5026\" data-element_type=\"section\" data-e-type=\"section\">\n\t\t\t\t\t\t<div class=\"elementor-container elementor-column-gap-default\">\n\t\t\t\t\t<div class=\"elementor-column elementor-col-50 elementor-inner-column elementor-element elementor-element-1375833\" data-id=\"1375833\" data-element_type=\"column\" data-e-type=\"column\">\n\t\t\t<div class=\"elementor-widget-wrap elementor-element-populated\">\n\t\t\t\t\t\t<div class=\"elementor-element elementor-element-45889f7 elementor-position-top elementor-widget elementor-widget-image-box\" data-id=\"45889f7\" data-element_type=\"widget\" data-e-type=\"widget\" data-widget_type=\"image-box.default\">\n\t\t\t\t<div class=\"elementor-widget-container\">\n\t\t\t\t\t<div class=\"elementor-image-box-wrapper\"><figure class=\"elementor-image-box-img\"><a href=\"\/wp-content\/uploads\/2023\/09\/SARIX-Produkte2023_DE.pdf\" target=\"_blank\" tabindex=\"-1\"><img decoding=\"async\" width=\"500\" height=\"707\" src=\"https:\/\/www.sarix.com\/wp-content\/uploads\/2023\/09\/SARIX-Products2023_EN.jpg\" class=\"attachment-full size-full wp-image-3147\" alt=\"\" srcset=\"https:\/\/www.sarix.com\/wp-content\/uploads\/2023\/09\/SARIX-Products2023_EN.jpg 500w, https:\/\/www.sarix.com\/wp-content\/uploads\/2023\/09\/SARIX-Products2023_EN-212x300.jpg 212w\" sizes=\"(max-width: 500px) 100vw, 500px\" \/><\/a><\/figure><div class=\"elementor-image-box-content\"><h3 class=\"elementor-image-box-title\"><a href=\"\/wp-content\/uploads\/2023\/09\/SARIX-Produkte2023_DE.pdf\" target=\"_blank\">Laden Sie unseren NEUEN Flyer herunter<\/a><\/h3><p class=\"elementor-image-box-description\">Sarix Flyer 2023<\/p><\/div><\/div>\t\t\t\t<\/div>\n\t\t\t\t<\/div>\n\t\t\t\t\t<\/div>\n\t\t<\/div>\n\t\t\t\t<div class=\"elementor-column elementor-col-50 elementor-inner-column elementor-element elementor-element-c75ddd2\" data-id=\"c75ddd2\" data-element_type=\"column\" data-e-type=\"column\">\n\t\t\t<div class=\"elementor-widget-wrap\">\n\t\t\t\t\t\t\t<\/div>\n\t\t<\/div>\n\t\t\t\t\t<\/div>\n\t\t<\/section>\n\t\t\t\t\t<\/div>\n\t\t<\/div>\n\t\t\t\t\t<\/div>\n\t\t<\/section>\n\t\t\t\t<\/div>\n\t\t","protected":false},"excerpt":{"rendered":"<p>SX-COBOT f\u00fcr SX200, SX200L und MACH Line Die Automatisierungszelle SX-COBOT integriert alle Prozesselemente, einschlie\u00dflich Elektroden, F\u00fchrungen, Werkzeuge und Zubeh\u00f6r. Neben der Beladung des Werkst\u00fccks kann der Roboter auch den Bohrdurchmesser wechseln, vom f\u00fchrungsgest\u00fctzten Bohren zum 3D-Mikro-Erodierfr\u00e4sen \u00fcbergehen, Messger\u00e4te laden oder zus\u00e4tzliche Sp\u00fclvorg\u00e4nge durchf\u00fchren. Durch die Verwendung von RFID-Tags an allen Komponenten minimiert das System die [&hellip;]<\/p>\n","protected":false},"author":1,"featured_media":4365,"parent":5398,"menu_order":0,"comment_status":"closed","ping_status":"closed","template":"","meta":{"footnotes":""},"categories":[94,93],"tags":[95],"class_list":["post-5079","page","type-page","status-publish","has-post-thumbnail","hentry","category-automatisierung","category-produkte","tag-automatisierung"],"_links":{"self":[{"href":"https:\/\/www.sarix.com\/de\/wp-json\/wp\/v2\/pages\/5079","targetHints":{"allow":["GET"]}}],"collection":[{"href":"https:\/\/www.sarix.com\/de\/wp-json\/wp\/v2\/pages"}],"about":[{"href":"https:\/\/www.sarix.com\/de\/wp-json\/wp\/v2\/types\/page"}],"author":[{"embeddable":true,"href":"https:\/\/www.sarix.com\/de\/wp-json\/wp\/v2\/users\/1"}],"replies":[{"embeddable":true,"href":"https:\/\/www.sarix.com\/de\/wp-json\/wp\/v2\/comments?post=5079"}],"version-history":[{"count":2,"href":"https:\/\/www.sarix.com\/de\/wp-json\/wp\/v2\/pages\/5079\/revisions"}],"predecessor-version":[{"id":5097,"href":"https:\/\/www.sarix.com\/de\/wp-json\/wp\/v2\/pages\/5079\/revisions\/5097"}],"up":[{"embeddable":true,"href":"https:\/\/www.sarix.com\/de\/wp-json\/wp\/v2\/pages\/5398"}],"wp:featuredmedia":[{"embeddable":true,"href":"https:\/\/www.sarix.com\/de\/wp-json\/wp\/v2\/media\/4365"}],"wp:attachment":[{"href":"https:\/\/www.sarix.com\/de\/wp-json\/wp\/v2\/media?parent=5079"}],"wp:term":[{"taxonomy":"category","embeddable":true,"href":"https:\/\/www.sarix.com\/de\/wp-json\/wp\/v2\/categories?post=5079"},{"taxonomy":"post_tag","embeddable":true,"href":"https:\/\/www.sarix.com\/de\/wp-json\/wp\/v2\/tags?post=5079"}],"curies":[{"name":"wp","href":"https:\/\/api.w.org\/{rel}","templated":true}]}}