{"id":5057,"date":"2023-09-11T08:43:23","date_gmt":"2023-09-11T08:43:23","guid":{"rendered":"https:\/\/www.sarix.com\/sp12-ac\/"},"modified":"2023-12-20T08:46:52","modified_gmt":"2023-12-20T08:46:52","slug":"sp12-ac","status":"publish","type":"page","link":"https:\/\/www.sarix.com\/de\/maschinen\/sp12-ac\/","title":{"rendered":"SP12-AC"},"content":{"rendered":"\t\t<div data-elementor-type=\"wp-page\" data-elementor-id=\"5057\" class=\"elementor elementor-5057 elementor-2867\" data-elementor-post-type=\"page\">\n\t\t\t\t\t\t<section class=\"elementor-section elementor-top-section elementor-element elementor-element-c339d6d elementor-section-full_width elementor-section-height-default elementor-section-height-default\" data-id=\"c339d6d\" data-element_type=\"section\" data-e-type=\"section\">\n\t\t\t\t\t\t<div class=\"elementor-container elementor-column-gap-default\">\n\t\t\t\t\t<div class=\"elementor-column elementor-col-100 elementor-top-column elementor-element elementor-element-db63573\" data-id=\"db63573\" data-element_type=\"column\" data-e-type=\"column\">\n\t\t\t<div class=\"elementor-widget-wrap elementor-element-populated\">\n\t\t\t\t\t\t<section class=\"elementor-section elementor-inner-section elementor-element elementor-element-91ddd51 elementor-section-full_width elementor-section-height-default elementor-section-height-default\" data-id=\"91ddd51\" data-element_type=\"section\" data-e-type=\"section\">\n\t\t\t\t\t\t<div class=\"elementor-container elementor-column-gap-default\">\n\t\t\t\t\t<div class=\"elementor-column elementor-col-100 elementor-inner-column elementor-element elementor-element-e899554\" data-id=\"e899554\" data-element_type=\"column\" data-e-type=\"column\">\n\t\t\t<div class=\"elementor-widget-wrap elementor-element-populated\">\n\t\t\t\t\t\t<div class=\"elementor-element elementor-element-a2e0fab elementor-widget elementor-widget-image\" data-id=\"a2e0fab\" data-element_type=\"widget\" data-e-type=\"widget\" data-widget_type=\"image.default\">\n\t\t\t\t<div class=\"elementor-widget-container\">\n\t\t\t\t\t\t\t\t\t\t\t\t\t\t\t<img fetchpriority=\"high\" decoding=\"async\" width=\"300\" height=\"200\" src=\"https:\/\/www.sarix.com\/wp-content\/uploads\/2023\/09\/SARIX-SP12AC-300x200.jpg\" class=\"attachment-medium size-medium wp-image-4370\" alt=\"\" srcset=\"https:\/\/www.sarix.com\/wp-content\/uploads\/2023\/09\/SARIX-SP12AC-300x200.jpg 300w, https:\/\/www.sarix.com\/wp-content\/uploads\/2023\/09\/SARIX-SP12AC-768x512.jpg 768w, https:\/\/www.sarix.com\/wp-content\/uploads\/2023\/09\/SARIX-SP12AC-1024x682.jpg 1024w, https:\/\/www.sarix.com\/wp-content\/uploads\/2023\/09\/SARIX-SP12AC-1536x1023.jpg 1536w, https:\/\/www.sarix.com\/wp-content\/uploads\/2023\/09\/SARIX-SP12AC.jpg 1654w\" sizes=\"(max-width: 300px) 100vw, 300px\" \/>\t\t\t\t\t\t\t\t\t\t\t\t\t\t\t<\/div>\n\t\t\t\t<\/div>\n\t\t\t\t\t<\/div>\n\t\t<\/div>\n\t\t\t\t\t<\/div>\n\t\t<\/section>\n\t\t\t\t\t<\/div>\n\t\t<\/div>\n\t\t\t\t\t<\/div>\n\t\t<\/section>\n\t\t\t\t<section class=\"elementor-section elementor-top-section elementor-element elementor-element-9cdc67a elementor-section-boxed elementor-section-height-default elementor-section-height-default\" data-id=\"9cdc67a\" data-element_type=\"section\" data-e-type=\"section\">\n\t\t\t\t\t\t<div class=\"elementor-container elementor-column-gap-default\">\n\t\t\t\t\t<div class=\"elementor-column elementor-col-100 elementor-top-column elementor-element elementor-element-2105aa8\" data-id=\"2105aa8\" data-element_type=\"column\" data-e-type=\"column\">\n\t\t\t<div class=\"elementor-widget-wrap elementor-element-populated\">\n\t\t\t\t\t\t<div class=\"elementor-element elementor-element-6911f45 elementor-widget elementor-widget-text-editor\" data-id=\"6911f45\" data-element_type=\"widget\" data-e-type=\"widget\" data-widget_type=\"text-editor.default\">\n\t\t\t\t<div class=\"elementor-widget-container\">\n\t\t\t\t\t\t\t\t\t<p>Der&nbsp;<b>SP12-AC<\/b>&nbsp;Spannzangenwechsler ist ein Schnellwechselsystem f\u00fcr bis zu 4 Spannzangen&nbsp;mit unterschiedlichen Durchmessern, das die R\u00fcstzeit der Maschine erheblich verk\u00fcrzt.<\/p>\n<p>Mit diesem System entf\u00e4llt die Neuausrichtung beim Wechsel von Spannzangentypen oder Elektrodendurchmessern.<\/p>\n<p>Der Wechsel der Spannzange f\u00fcr eine Elektrode mit einem anderen Durchmesser dauert weniger als 30 Sekunden, wobei die Ausrichtung der Spannzange beim Wechsel erhalten bleibt.<\/p>\t\t\t\t\t\t\t\t<\/div>\n\t\t\t\t<\/div>\n\t\t\t\t<div class=\"elementor-element elementor-element-5c01c46 elementor-invisible elementor-widget elementor-widget-text-editor\" data-id=\"5c01c46\" data-element_type=\"widget\" data-e-type=\"widget\" data-settings=\"{&quot;_animation&quot;:&quot;fadeIn&quot;}\" data-widget_type=\"text-editor.default\">\n\t\t\t\t<div class=\"elementor-widget-container\">\n\t\t\t\t\t\t\t\t\t<p><b>SP12 Spannzangensystem<\/b><\/p>\n\t\t\t\t\t\t\t\t<\/div>\n\t\t\t\t<\/div>\n\t\t\t\t<div class=\"elementor-element elementor-element-52ef608 elementor-widget elementor-widget-image\" data-id=\"52ef608\" data-element_type=\"widget\" data-e-type=\"widget\" data-widget_type=\"image.default\">\n\t\t\t\t<div class=\"elementor-widget-container\">\n\t\t\t\t\t\t\t\t\t\t\t\t\t\t\t<img decoding=\"async\" width=\"300\" height=\"222\" src=\"https:\/\/www.sarix.com\/wp-content\/uploads\/2023\/09\/SP12-300x222.jpg\" class=\"attachment-medium size-medium wp-image-4160\" alt=\"\" srcset=\"https:\/\/www.sarix.com\/wp-content\/uploads\/2023\/09\/SP12-300x222.jpg 300w, https:\/\/www.sarix.com\/wp-content\/uploads\/2023\/09\/SP12-768x569.jpg 768w, https:\/\/www.sarix.com\/wp-content\/uploads\/2023\/09\/SP12.jpg 867w\" sizes=\"(max-width: 300px) 100vw, 300px\" \/>\t\t\t\t\t\t\t\t\t\t\t\t\t\t\t<\/div>\n\t\t\t\t<\/div>\n\t\t\t\t<div class=\"elementor-element elementor-element-01801a1 elementor-invisible elementor-widget elementor-widget-text-editor\" data-id=\"01801a1\" data-element_type=\"widget\" data-e-type=\"widget\" data-settings=\"{&quot;_animation&quot;:&quot;fadeIn&quot;}\" data-widget_type=\"text-editor.default\">\n\t\t\t\t<div class=\"elementor-widget-container\">\n\t\t\t\t\t\t\t\t\t<p><b>SP12 Spannzange&nbsp;<\/b><\/p>\n<h4><span style=\"font-weight: normal;\">Hochpr\u00e4ziser Schnell-Spannzangenwechsler&nbsp;<br><span style=\"font-size: 1em; color: var( --e-global-color-text );\">mit automatischer Elektrodenzuf\u00fchrung&nbsp;<br><\/span><span style=\"font-size: 1em; color: var( --e-global-color-text );\">und Elektrodenverschlei\u00dfkompensation<\/span><\/span><\/h4>\n<p style=\"margin: 0px; font-family: var( --e-global-typography-text-font-family ), Sans-serif; font-size: 16px; color: var( --e-global-color-text );\">Rundlauf-\/Neigungseinstellung&nbsp;<\/p>\n<p style=\"margin: 0px; font-family: var( --e-global-typography-text-font-family ), Sans-serif; font-size: 16px; color: var( --e-global-color-text );\">Interne Hochdrucksp\u00fclung<\/p>\n<p style=\"margin: 0px; font-family: var( --e-global-typography-text-font-family ), Sans-serif; font-size: 16px; color: var( --e-global-color-text );\">Durchmesserbereich \u00d8 0,05 bis \u00d8 1,5 mm<\/p>\n<p style=\"margin: 0px; font-family: var( --e-global-typography-text-font-family ), Sans-serif; font-size: 16px; color: var( --e-global-color-text );\">Bis \u00d8 0,99 mit Spannbereich von 0,04 mm<\/p>\t\t\t\t\t\t\t\t<\/div>\n\t\t\t\t<\/div>\n\t\t\t\t\t<\/div>\n\t\t<\/div>\n\t\t\t\t\t<\/div>\n\t\t<\/section>\n\t\t\t\t<section class=\"elementor-section elementor-top-section elementor-element elementor-element-b8b7c12 elementor-section-boxed elementor-section-height-default elementor-section-height-default\" data-id=\"b8b7c12\" data-element_type=\"section\" data-e-type=\"section\">\n\t\t\t\t\t\t<div class=\"elementor-container elementor-column-gap-default\">\n\t\t\t\t\t<div class=\"elementor-column elementor-col-100 elementor-top-column elementor-element elementor-element-dbda603\" data-id=\"dbda603\" data-element_type=\"column\" data-e-type=\"column\">\n\t\t\t<div class=\"elementor-widget-wrap elementor-element-populated\">\n\t\t\t\t\t\t<section class=\"elementor-section elementor-inner-section elementor-element elementor-element-5841887 elementor-section-boxed elementor-section-height-default elementor-section-height-default\" data-id=\"5841887\" data-element_type=\"section\" data-e-type=\"section\">\n\t\t\t\t\t\t<div class=\"elementor-container elementor-column-gap-default\">\n\t\t\t\t\t<div class=\"elementor-column elementor-col-50 elementor-inner-column elementor-element elementor-element-000a270\" data-id=\"000a270\" data-element_type=\"column\" data-e-type=\"column\">\n\t\t\t<div class=\"elementor-widget-wrap elementor-element-populated\">\n\t\t\t\t\t\t<div class=\"elementor-element elementor-element-2a2784e elementor-position-top elementor-widget elementor-widget-image-box\" data-id=\"2a2784e\" data-element_type=\"widget\" data-e-type=\"widget\" data-widget_type=\"image-box.default\">\n\t\t\t\t<div class=\"elementor-widget-container\">\n\t\t\t\t\t<div class=\"elementor-image-box-wrapper\"><figure class=\"elementor-image-box-img\"><a href=\"\/wp-content\/uploads\/2023\/09\/SARIX-Produkte2023_DE.pdf\" target=\"_blank\" tabindex=\"-1\"><img decoding=\"async\" width=\"500\" height=\"707\" src=\"https:\/\/www.sarix.com\/wp-content\/uploads\/2023\/09\/SARIX-Products2023_EN.jpg\" class=\"attachment-full size-full wp-image-3147\" alt=\"\" srcset=\"https:\/\/www.sarix.com\/wp-content\/uploads\/2023\/09\/SARIX-Products2023_EN.jpg 500w, https:\/\/www.sarix.com\/wp-content\/uploads\/2023\/09\/SARIX-Products2023_EN-212x300.jpg 212w\" sizes=\"(max-width: 500px) 100vw, 500px\" \/><\/a><\/figure><div class=\"elementor-image-box-content\"><h3 class=\"elementor-image-box-title\"><a href=\"\/wp-content\/uploads\/2023\/09\/SARIX-Produkte2023_DE.pdf\" target=\"_blank\">Laden Sie unseren NEUEN Flyer herunter<\/a><\/h3><p class=\"elementor-image-box-description\">Sarix Flyer 2023<\/p><\/div><\/div>\t\t\t\t<\/div>\n\t\t\t\t<\/div>\n\t\t\t\t\t<\/div>\n\t\t<\/div>\n\t\t\t\t<div class=\"elementor-column elementor-col-50 elementor-inner-column elementor-element elementor-element-7ec0b0a\" data-id=\"7ec0b0a\" data-element_type=\"column\" data-e-type=\"column\">\n\t\t\t<div class=\"elementor-widget-wrap\">\n\t\t\t\t\t\t\t<\/div>\n\t\t<\/div>\n\t\t\t\t\t<\/div>\n\t\t<\/section>\n\t\t\t\t\t<\/div>\n\t\t<\/div>\n\t\t\t\t\t<\/div>\n\t\t<\/section>\n\t\t\t\t<\/div>\n\t\t","protected":false},"excerpt":{"rendered":"<p>Der&nbsp;SP12-AC&nbsp;Spannzangenwechsler ist ein Schnellwechselsystem f\u00fcr bis zu 4 Spannzangen&nbsp;mit unterschiedlichen Durchmessern, das die R\u00fcstzeit der Maschine erheblich verk\u00fcrzt. Mit diesem System entf\u00e4llt die Neuausrichtung beim Wechsel von Spannzangentypen oder Elektrodendurchmessern. Der Wechsel der Spannzange f\u00fcr eine Elektrode mit einem anderen Durchmesser dauert weniger als 30 Sekunden, wobei die Ausrichtung der Spannzange beim Wechsel erhalten bleibt. [&hellip;]<\/p>\n","protected":false},"author":1,"featured_media":4370,"parent":5398,"menu_order":0,"comment_status":"closed","ping_status":"closed","template":"","meta":{"footnotes":""},"categories":[94,93],"tags":[95],"class_list":["post-5057","page","type-page","status-publish","has-post-thumbnail","hentry","category-automatisierung","category-produkte","tag-automatisierung"],"_links":{"self":[{"href":"https:\/\/www.sarix.com\/de\/wp-json\/wp\/v2\/pages\/5057","targetHints":{"allow":["GET"]}}],"collection":[{"href":"https:\/\/www.sarix.com\/de\/wp-json\/wp\/v2\/pages"}],"about":[{"href":"https:\/\/www.sarix.com\/de\/wp-json\/wp\/v2\/types\/page"}],"author":[{"embeddable":true,"href":"https:\/\/www.sarix.com\/de\/wp-json\/wp\/v2\/users\/1"}],"replies":[{"embeddable":true,"href":"https:\/\/www.sarix.com\/de\/wp-json\/wp\/v2\/comments?post=5057"}],"version-history":[{"count":7,"href":"https:\/\/www.sarix.com\/de\/wp-json\/wp\/v2\/pages\/5057\/revisions"}],"predecessor-version":[{"id":6290,"href":"https:\/\/www.sarix.com\/de\/wp-json\/wp\/v2\/pages\/5057\/revisions\/6290"}],"up":[{"embeddable":true,"href":"https:\/\/www.sarix.com\/de\/wp-json\/wp\/v2\/pages\/5398"}],"wp:featuredmedia":[{"embeddable":true,"href":"https:\/\/www.sarix.com\/de\/wp-json\/wp\/v2\/media\/4370"}],"wp:attachment":[{"href":"https:\/\/www.sarix.com\/de\/wp-json\/wp\/v2\/media?parent=5057"}],"wp:term":[{"taxonomy":"category","embeddable":true,"href":"https:\/\/www.sarix.com\/de\/wp-json\/wp\/v2\/categories?post=5057"},{"taxonomy":"post_tag","embeddable":true,"href":"https:\/\/www.sarix.com\/de\/wp-json\/wp\/v2\/tags?post=5057"}],"curies":[{"name":"wp","href":"https:\/\/api.w.org\/{rel}","templated":true}]}}