{"id":4710,"date":"2023-08-28T19:52:32","date_gmt":"2023-08-28T19:52:32","guid":{"rendered":"https:\/\/www.sarix.com\/textil\/"},"modified":"2023-12-19T11:50:36","modified_gmt":"2023-12-19T11:50:36","slug":"textil","status":"publish","type":"page","link":"https:\/\/www.sarix.com\/de\/anwendungen\/textil\/","title":{"rendered":"TEXTIL"},"content":{"rendered":"\t\t<div data-elementor-type=\"wp-page\" data-elementor-id=\"4710\" class=\"elementor elementor-4710 elementor-218\" data-elementor-post-type=\"page\">\n\t\t\t\t\t\t<section class=\"elementor-section elementor-top-section elementor-element elementor-element-d80b19d elementor-section-boxed elementor-section-height-default elementor-section-height-default\" data-id=\"d80b19d\" data-element_type=\"section\" data-e-type=\"section\">\n\t\t\t\t\t\t<div class=\"elementor-container elementor-column-gap-default\">\n\t\t\t\t\t<div class=\"elementor-column elementor-col-100 elementor-top-column elementor-element elementor-element-f6d1311\" data-id=\"f6d1311\" data-element_type=\"column\" data-e-type=\"column\">\n\t\t\t<div class=\"elementor-widget-wrap elementor-element-populated\">\n\t\t\t\t\t\t<section class=\"elementor-section elementor-inner-section elementor-element elementor-element-2a4b54f elementor-section-full_width elementor-section-height-min-height elementor-section-height-default\" data-id=\"2a4b54f\" data-element_type=\"section\" data-e-type=\"section\">\n\t\t\t\t\t\t<div class=\"elementor-container elementor-column-gap-default\">\n\t\t\t\t\t<div class=\"elementor-column elementor-col-50 elementor-inner-column elementor-element elementor-element-0d1cd3a\" data-id=\"0d1cd3a\" data-element_type=\"column\" data-e-type=\"column\">\n\t\t\t<div class=\"elementor-widget-wrap elementor-element-populated\">\n\t\t\t\t\t\t<div class=\"elementor-element elementor-element-3eb9303 elementor-invisible elementor-widget elementor-widget-heading\" data-id=\"3eb9303\" data-element_type=\"widget\" data-e-type=\"widget\" data-settings=\"{&quot;_animation&quot;:&quot;fadeIn&quot;}\" data-widget_type=\"heading.default\">\n\t\t\t\t<div class=\"elementor-widget-container\">\n\t\t\t\t\t<h2 class=\"elementor-heading-title elementor-size-default\"><font color=\"#878787\"><b>TEXTIL<\/b><\/font><\/h2>\t\t\t\t<\/div>\n\t\t\t\t<\/div>\n\t\t\t\t<div class=\"elementor-element elementor-element-c22f73e elementor-invisible elementor-widget elementor-widget-heading\" data-id=\"c22f73e\" data-element_type=\"widget\" data-e-type=\"widget\" data-settings=\"{&quot;_animation&quot;:&quot;fadeIn&quot;}\" data-widget_type=\"heading.default\">\n\t\t\t\t<div class=\"elementor-widget-container\">\n\t\t\t\t\t<h3 class=\"elementor-heading-title elementor-size-default\"><b><span>Spinnd\u00fcsen und Textilwerkzeuge<\/span><\/b><\/h3>\t\t\t\t<\/div>\n\t\t\t\t<\/div>\n\t\t\t\t<div class=\"elementor-element elementor-element-cfe1146 elementor-widget__width-initial elementor-widget elementor-widget-image\" data-id=\"cfe1146\" data-element_type=\"widget\" data-e-type=\"widget\" data-widget_type=\"image.default\">\n\t\t\t\t<div class=\"elementor-widget-container\">\n\t\t\t\t\t\t\t\t\t\t\t\t\t\t\t<img fetchpriority=\"high\" decoding=\"async\" width=\"300\" height=\"300\" src=\"https:\/\/www.sarix.com\/wp-content\/uploads\/2023\/09\/Textile-Applications_square-300x300.png\" class=\"attachment-medium size-medium wp-image-3975\" alt=\"\" srcset=\"https:\/\/www.sarix.com\/wp-content\/uploads\/2023\/09\/Textile-Applications_square-300x300.png 300w, https:\/\/www.sarix.com\/wp-content\/uploads\/2023\/09\/Textile-Applications_square-100x100.png 100w, https:\/\/www.sarix.com\/wp-content\/uploads\/2023\/09\/Textile-Applications_square-150x150.png 150w, https:\/\/www.sarix.com\/wp-content\/uploads\/2023\/09\/Textile-Applications_square-768x768.png 768w, https:\/\/www.sarix.com\/wp-content\/uploads\/2023\/09\/Textile-Applications_square-1024x1024.png 1024w, https:\/\/www.sarix.com\/wp-content\/uploads\/2023\/09\/Textile-Applications_square-1536x1536.png 1536w, https:\/\/www.sarix.com\/wp-content\/uploads\/2023\/09\/Textile-Applications_square-2048x2048.png 2048w\" sizes=\"(max-width: 300px) 100vw, 300px\" \/>\t\t\t\t\t\t\t\t\t\t\t\t\t\t\t<\/div>\n\t\t\t\t<\/div>\n\t\t\t\t<div class=\"elementor-element elementor-element-f4de37f elementor-widget__width-initial elementor-widget elementor-widget-text-editor\" data-id=\"f4de37f\" data-element_type=\"widget\" data-e-type=\"widget\" data-widget_type=\"text-editor.default\">\n\t\t\t\t<div class=\"elementor-widget-container\">\n\t\t\t\t\t\t\t\t\t<p><span style=\"color: var( --e-global-color-text ); font-family: Roboto, sans-serif; font-size: 1em;\">Spinnd\u00fcsenwerkzeuge<\/span><\/p>\n<p><span style=\"color: var( --e-global-color-text ); font-family: Roboto, sans-serif; font-size: 1em;\">Drahtnadeln<\/span><\/p>\n<p><span style=\"color: var( --e-global-color-text ); font-family: Roboto, sans-serif; font-size: 1em;\">Drahtf\u00fchrungsfinger<\/span><\/p>\n\t\t\t\t\t\t\t\t<\/div>\n\t\t\t\t<\/div>\n\t\t\t\t\t<\/div>\n\t\t<\/div>\n\t\t\t\t<div class=\"elementor-column elementor-col-50 elementor-inner-column elementor-element elementor-element-24b30a3\" data-id=\"24b30a3\" data-element_type=\"column\" data-e-type=\"column\">\n\t\t\t<div class=\"elementor-widget-wrap elementor-element-populated\">\n\t\t\t\t\t\t<div class=\"elementor-element elementor-element-882aeab elementor-widget elementor-widget-spacer\" data-id=\"882aeab\" data-element_type=\"widget\" data-e-type=\"widget\" data-widget_type=\"spacer.default\">\n\t\t\t\t<div class=\"elementor-widget-container\">\n\t\t\t\t\t\t\t<div class=\"elementor-spacer\">\n\t\t\t<div class=\"elementor-spacer-inner\"><\/div>\n\t\t<\/div>\n\t\t\t\t\t\t<\/div>\n\t\t\t\t<\/div>\n\t\t\t\t<div class=\"elementor-element elementor-element-fa4e58a elementor-invisible elementor-widget elementor-widget-heading\" data-id=\"fa4e58a\" data-element_type=\"widget\" data-e-type=\"widget\" data-settings=\"{&quot;_animation&quot;:&quot;fadeIn&quot;}\" data-widget_type=\"heading.default\">\n\t\t\t\t<div class=\"elementor-widget-container\">\n\t\t\t\t\t<h3 class=\"elementor-heading-title elementor-size-default\"><b><span> <\/span><\/b>Formbohrungen mit hoher Oberfl\u00e4chequalit\u00e4t<\/h3>\t\t\t\t<\/div>\n\t\t\t\t<\/div>\n\t\t\t\t<div class=\"elementor-element elementor-element-c9fed57 elementor-widget__width-initial elementor-widget elementor-widget-text-editor\" data-id=\"c9fed57\" data-element_type=\"widget\" data-e-type=\"widget\" data-widget_type=\"text-editor.default\">\n\t\t\t\t<div class=\"elementor-widget-container\">\n\t\t\t\t\t\t\t\t\t<div> <span style=\"color: var( --e-global-color-text ); font-family: var( --e-global-typography-text-font-family ), Sans-serif; font-weight: var( --e-global-typography-text-font-weight ); font-size: 1em;\"> <\/span><\/div>\n<ul>\n<li>Hochpr\u00e4zise runde und Formbohrungen<\/li>\n<li>Bohrengen mit hoher Oberfl\u00e4chenqualit\u00e4t bis zu Ra 0,05 \u00b5m<\/li>\n<li>Perfekter Bohrungseintritt ohne Grate und ohne \u00dcberhitzungsschicht<\/li>\n<li>Produktion einer unbegrenzten Sequenz von Bohrungen<\/li>\n<\/ul>\n\t\t\t\t\t\t\t\t<\/div>\n\t\t\t\t<\/div>\n\t\t\t\t\t<\/div>\n\t\t<\/div>\n\t\t\t\t\t<\/div>\n\t\t<\/section>\n\t\t\t\t\t<\/div>\n\t\t<\/div>\n\t\t\t\t\t<\/div>\n\t\t<\/section>\n\t\t\t\t<section class=\"elementor-section elementor-top-section elementor-element elementor-element-7c58b29 elementor-section-boxed elementor-section-height-default elementor-section-height-default\" data-id=\"7c58b29\" data-element_type=\"section\" data-e-type=\"section\">\n\t\t\t\t\t\t<div class=\"elementor-container elementor-column-gap-default\">\n\t\t\t\t\t<div class=\"elementor-column elementor-col-100 elementor-top-column elementor-element elementor-element-af03524 elementor-hidden-mobile\" data-id=\"af03524\" data-element_type=\"column\" data-e-type=\"column\">\n\t\t\t<div class=\"elementor-widget-wrap elementor-element-populated\">\n\t\t\t\t\t\t<div class=\"elementor-element elementor-element-6763207 elementor-widget__width-initial elementor-arrows-position-inside elementor-pagination-position-outside elementor-widget elementor-widget-image-carousel\" data-id=\"6763207\" data-element_type=\"widget\" data-e-type=\"widget\" data-settings=\"{&quot;slides_to_show&quot;:&quot;2&quot;,&quot;slides_to_scroll&quot;:&quot;1&quot;,&quot;navigation&quot;:&quot;both&quot;,&quot;autoplay&quot;:&quot;yes&quot;,&quot;pause_on_hover&quot;:&quot;yes&quot;,&quot;pause_on_interaction&quot;:&quot;yes&quot;,&quot;autoplay_speed&quot;:5000,&quot;infinite&quot;:&quot;yes&quot;,&quot;speed&quot;:500}\" data-widget_type=\"image-carousel.default\">\n\t\t\t\t<div class=\"elementor-widget-container\">\n\t\t\t\t\t\t\t<div class=\"elementor-image-carousel-wrapper swiper\" role=\"region\" aria-roledescription=\"carousel\" aria-label=\"Bild Karussell\" dir=\"ltr\">\n\t\t\t<div class=\"elementor-image-carousel swiper-wrapper\" aria-live=\"off\">\n\t\t\t\t\t\t\t\t<div class=\"swiper-slide\" role=\"group\" aria-roledescription=\"slide\" aria-label=\"1 von 6\"><a data-elementor-open-lightbox=\"yes\" data-elementor-lightbox-slideshow=\"6763207\" data-elementor-lightbox-title=\"Automotive-Applications_perfectsquare\" data-e-action-hash=\"#elementor-action%3Aaction%3Dlightbox%26settings%3DeyJpZCI6NDA1MCwidXJsIjoiaHR0cHM6XC9cL3d3dy5zYXJpeC5jb21cL3dwLWNvbnRlbnRcL3VwbG9hZHNcLzIwMjNcLzA5XC9BdXRvbW90aXZlLUFwcGxpY2F0aW9uc19wZXJmZWN0c3F1YXJlLnBuZyIsInNsaWRlc2hvdyI6IjY3NjMyMDcifQ%3D%3D\" href=\"https:\/\/www.sarix.com\/de\/anwendungen\/\"><figure class=\"swiper-slide-inner\"><img decoding=\"async\" class=\"swiper-slide-image\" src=\"https:\/\/www.sarix.com\/wp-content\/uploads\/2023\/09\/Automotive-Applications_perfectsquare-100x100.png\" alt=\"AUTOMOTIVE\" \/><figcaption class=\"elementor-image-carousel-caption\">AUTOMOTIVE<\/figcaption><\/figure><\/a><\/div><div class=\"swiper-slide\" role=\"group\" aria-roledescription=\"slide\" aria-label=\"2 von 6\"><a data-elementor-open-lightbox=\"yes\" data-elementor-lightbox-slideshow=\"6763207\" data-elementor-lightbox-title=\"MicroMechanics-Applications_perfectsquare\" data-e-action-hash=\"#elementor-action%3Aaction%3Dlightbox%26settings%3DeyJpZCI6NDA3NSwidXJsIjoiaHR0cHM6XC9cL3d3dy5zYXJpeC5jb21cL3dwLWNvbnRlbnRcL3VwbG9hZHNcLzIwMjNcLzA5XC9NaWNyb01lY2hhbmljcy1BcHBsaWNhdGlvbnNfcGVyZmVjdHNxdWFyZS5wbmciLCJzbGlkZXNob3ciOiI2NzYzMjA3In0%3D\" href=\"https:\/\/www.sarix.com\/de\/anwendungen\/\"><figure class=\"swiper-slide-inner\"><img decoding=\"async\" class=\"swiper-slide-image\" src=\"https:\/\/www.sarix.com\/wp-content\/uploads\/2023\/09\/MicroMechanics-Applications_perfectsquare-100x100.png\" alt=\"MICRO MECHANICS\" \/><figcaption class=\"elementor-image-carousel-caption\">MICRO MECHANICS<\/figcaption><\/figure><\/a><\/div><div class=\"swiper-slide\" role=\"group\" aria-roledescription=\"slide\" aria-label=\"3 von 6\"><a data-elementor-open-lightbox=\"yes\" data-elementor-lightbox-slideshow=\"6763207\" data-elementor-lightbox-title=\"Aerospace-Applications_perfectsquare\" data-e-action-hash=\"#elementor-action%3Aaction%3Dlightbox%26settings%3DeyJpZCI6NDA1NSwidXJsIjoiaHR0cHM6XC9cL3d3dy5zYXJpeC5jb21cL3dwLWNvbnRlbnRcL3VwbG9hZHNcLzIwMjNcLzA5XC9BZXJvc3BhY2UtQXBwbGljYXRpb25zX3BlcmZlY3RzcXVhcmUucG5nIiwic2xpZGVzaG93IjoiNjc2MzIwNyJ9\" href=\"https:\/\/www.sarix.com\/de\/anwendungen\/\"><figure class=\"swiper-slide-inner\"><img decoding=\"async\" class=\"swiper-slide-image\" src=\"https:\/\/www.sarix.com\/wp-content\/uploads\/2023\/09\/Aerospace-Applications_perfectsquare-100x100.png\" alt=\"AEROSPACE\" \/><figcaption class=\"elementor-image-carousel-caption\">AEROSPACE<\/figcaption><\/figure><\/a><\/div><div class=\"swiper-slide\" role=\"group\" aria-roledescription=\"slide\" aria-label=\"4 von 6\"><a data-elementor-open-lightbox=\"yes\" data-elementor-lightbox-slideshow=\"6763207\" data-elementor-lightbox-title=\"MicroMold-Applications_perfectsquare\" data-e-action-hash=\"#elementor-action%3Aaction%3Dlightbox%26settings%3DeyJpZCI6NDA2MCwidXJsIjoiaHR0cHM6XC9cL3d3dy5zYXJpeC5jb21cL3dwLWNvbnRlbnRcL3VwbG9hZHNcLzIwMjNcLzA5XC9NaWNyb01vbGQtQXBwbGljYXRpb25zX3BlcmZlY3RzcXVhcmUucG5nIiwic2xpZGVzaG93IjoiNjc2MzIwNyJ9\" href=\"https:\/\/www.sarix.com\/de\/anwendungen\/\"><figure class=\"swiper-slide-inner\"><img decoding=\"async\" class=\"swiper-slide-image\" src=\"https:\/\/www.sarix.com\/wp-content\/uploads\/2023\/09\/MicroMold-Applications_perfectsquare-100x100.png\" alt=\"MICRO MOLD\" \/><figcaption class=\"elementor-image-carousel-caption\">MICRO MOLD<\/figcaption><\/figure><\/a><\/div><div class=\"swiper-slide\" role=\"group\" aria-roledescription=\"slide\" aria-label=\"5 von 6\"><a data-elementor-open-lightbox=\"yes\" data-elementor-lightbox-slideshow=\"6763207\" data-elementor-lightbox-title=\"Medical-Applications_perfectsquare\" data-e-action-hash=\"#elementor-action%3Aaction%3Dlightbox%26settings%3DeyJpZCI6NDA2NSwidXJsIjoiaHR0cHM6XC9cL3d3dy5zYXJpeC5jb21cL3dwLWNvbnRlbnRcL3VwbG9hZHNcLzIwMjNcLzA5XC9NZWRpY2FsLUFwcGxpY2F0aW9uc19wZXJmZWN0c3F1YXJlLnBuZyIsInNsaWRlc2hvdyI6IjY3NjMyMDcifQ%3D%3D\" href=\"https:\/\/www.sarix.com\/de\/anwendungen\/\"><figure class=\"swiper-slide-inner\"><img decoding=\"async\" class=\"swiper-slide-image\" src=\"https:\/\/www.sarix.com\/wp-content\/uploads\/2023\/09\/Medical-Applications_perfectsquare-100x100.png\" alt=\"MEDICAL\" \/><figcaption class=\"elementor-image-carousel-caption\">MEDICAL<\/figcaption><\/figure><\/a><\/div><div class=\"swiper-slide\" role=\"group\" aria-roledescription=\"slide\" aria-label=\"6 von 6\"><a data-elementor-open-lightbox=\"yes\" data-elementor-lightbox-slideshow=\"6763207\" data-elementor-lightbox-title=\"Textile-Applications_perfectsquare\" data-e-action-hash=\"#elementor-action%3Aaction%3Dlightbox%26settings%3DeyJpZCI6NDA3MCwidXJsIjoiaHR0cHM6XC9cL3d3dy5zYXJpeC5jb21cL3dwLWNvbnRlbnRcL3VwbG9hZHNcLzIwMjNcLzA5XC9UZXh0aWxlLUFwcGxpY2F0aW9uc19wZXJmZWN0c3F1YXJlLnBuZyIsInNsaWRlc2hvdyI6IjY3NjMyMDcifQ%3D%3D\" href=\"https:\/\/www.sarix.com\/de\/anwendungen\/\"><figure class=\"swiper-slide-inner\"><img decoding=\"async\" class=\"swiper-slide-image\" src=\"https:\/\/www.sarix.com\/wp-content\/uploads\/2023\/09\/Textile-Applications_perfectsquare-100x100.png\" alt=\"TEXTILE\" \/><figcaption class=\"elementor-image-carousel-caption\">TEXTILE<\/figcaption><\/figure><\/a><\/div>\t\t\t<\/div>\n\t\t\t\t\t\t\t\t\t\t\t\t<div class=\"elementor-swiper-button elementor-swiper-button-prev\" role=\"button\" tabindex=\"0\">\n\t\t\t\t\t\t<i aria-hidden=\"true\" class=\"eicon-chevron-left\"><\/i>\t\t\t\t\t<\/div>\n\t\t\t\t\t<div class=\"elementor-swiper-button elementor-swiper-button-next\" role=\"button\" tabindex=\"0\">\n\t\t\t\t\t\t<i aria-hidden=\"true\" class=\"eicon-chevron-right\"><\/i>\t\t\t\t\t<\/div>\n\t\t\t\t\n\t\t\t\t\t\t\t\t\t<div class=\"swiper-pagination\"><\/div>\n\t\t\t\t\t\t\t\t\t<\/div>\n\t\t\t\t\t\t<\/div>\n\t\t\t\t<\/div>\n\t\t\t\t\t<\/div>\n\t\t<\/div>\n\t\t\t\t\t<\/div>\n\t\t<\/section>\n\t\t\t\t<\/div>\n\t\t","protected":false},"excerpt":{"rendered":"<p>TEXTIL Spinnd\u00fcsen und Textilwerkzeuge Spinnd\u00fcsenwerkzeuge Drahtnadeln Drahtf\u00fchrungsfinger Formbohrungen mit hoher Oberfl\u00e4chequalit\u00e4t Hochpr\u00e4zise runde und Formbohrungen Bohrengen mit hoher Oberfl\u00e4chenqualit\u00e4t bis zu Ra 0,05 \u00b5m Perfekter Bohrungseintritt ohne Grate und ohne \u00dcberhitzungsschicht Produktion einer unbegrenzten Sequenz von Bohrungen AUTOMOTIVE MICRO MECHANICS AEROSPACE MICRO MOLD MEDICAL TEXTILE<\/p>\n","protected":false},"author":1,"featured_media":0,"parent":5455,"menu_order":0,"comment_status":"closed","ping_status":"closed","template":"","meta":{"footnotes":""},"categories":[54],"tags":[],"class_list":["post-4710","page","type-page","status-publish","hentry","category-anwendungsmarkt"],"_links":{"self":[{"href":"https:\/\/www.sarix.com\/de\/wp-json\/wp\/v2\/pages\/4710","targetHints":{"allow":["GET"]}}],"collection":[{"href":"https:\/\/www.sarix.com\/de\/wp-json\/wp\/v2\/pages"}],"about":[{"href":"https:\/\/www.sarix.com\/de\/wp-json\/wp\/v2\/types\/page"}],"author":[{"embeddable":true,"href":"https:\/\/www.sarix.com\/de\/wp-json\/wp\/v2\/users\/1"}],"replies":[{"embeddable":true,"href":"https:\/\/www.sarix.com\/de\/wp-json\/wp\/v2\/comments?post=4710"}],"version-history":[{"count":5,"href":"https:\/\/www.sarix.com\/de\/wp-json\/wp\/v2\/pages\/4710\/revisions"}],"predecessor-version":[{"id":5891,"href":"https:\/\/www.sarix.com\/de\/wp-json\/wp\/v2\/pages\/4710\/revisions\/5891"}],"up":[{"embeddable":true,"href":"https:\/\/www.sarix.com\/de\/wp-json\/wp\/v2\/pages\/5455"}],"wp:attachment":[{"href":"https:\/\/www.sarix.com\/de\/wp-json\/wp\/v2\/media?parent=4710"}],"wp:term":[{"taxonomy":"category","embeddable":true,"href":"https:\/\/www.sarix.com\/de\/wp-json\/wp\/v2\/categories?post=4710"},{"taxonomy":"post_tag","embeddable":true,"href":"https:\/\/www.sarix.com\/de\/wp-json\/wp\/v2\/tags?post=4710"}],"curies":[{"name":"wp","href":"https:\/\/api.w.org\/{rel}","templated":true}]}}