{"id":11269,"date":"2023-08-01T07:31:28","date_gmt":"2023-08-01T07:31:28","guid":{"rendered":"https:\/\/www.sarix.com\/datenschutzrichtlinie\/"},"modified":"2024-09-28T07:41:41","modified_gmt":"2024-09-28T07:41:41","slug":"datenschutzrichtlinie","status":"publish","type":"page","link":"https:\/\/www.sarix.com\/de\/datenschutzrichtlinie\/","title":{"rendered":"Datenschutzrichtlinie"},"content":{"rendered":"\t\t<div data-elementor-type=\"wp-page\" data-elementor-id=\"11269\" class=\"elementor elementor-11269 elementor-3\" data-elementor-post-type=\"page\">\n\t\t\t\t\t\t<section class=\"elementor-section elementor-top-section elementor-element elementor-element-7ab58553 elementor-section-boxed elementor-section-height-default elementor-section-height-default\" data-id=\"7ab58553\" data-element_type=\"section\" data-e-type=\"section\">\n\t\t\t\t\t\t<div class=\"elementor-container elementor-column-gap-default\">\n\t\t\t\t\t<div class=\"elementor-column elementor-col-100 elementor-top-column elementor-element elementor-element-4e69e705\" data-id=\"4e69e705\" data-element_type=\"column\" data-e-type=\"column\">\n\t\t\t<div class=\"elementor-widget-wrap elementor-element-populated\">\n\t\t\t\t\t\t<div class=\"elementor-element elementor-element-6e504a0d elementor-widget__width-initial elementor-widget elementor-widget-text-editor\" data-id=\"6e504a0d\" data-element_type=\"widget\" data-e-type=\"widget\" data-widget_type=\"text-editor.default\">\n\t\t\t\t<div class=\"elementor-widget-container\">\n\t\t\t\t\t\t\t\t\t<p><\/p>\n<p style=\"margin-bottom: 11.25pt; line-height: normal; mso-outline-level: 1;\"><b><span lang=\"EN-US\" style=\"font-size: 27pt; font-family: Arial, sans-serif;\">Datenschutzrichtlinie<\/span><\/b><\/p>\n<p style=\"margin: 9pt 0cm; background-image: initial; background-position: initial; background-size: initial; background-repeat: initial; background-attachment: initial; background-origin: initial; background-clip: initial;\"><b><span lang=\"EN-US\" style=\"font-size: 18pt; font-family: Arial, sans-serif;\">Wer sind wir<\/span><\/b><\/p>\n<h5 style=\"margin-bottom: 12pt; line-height: normal; background-image: initial; background-position: initial; background-size: initial; background-repeat: initial; background-attachment: initial; background-origin: initial; background-clip: initial;\"><span lang=\"EN-US\" style=\"font-size: 12.0pt; font-family: 'Segoe UI',sans-serif; mso-fareast-font-family: 'Times New Roman'; color: #4d4d4d; mso-fareast-language: IT-CH; mso-bidi-font-weight: bold;\"><span style=\"font-weight: normal;\">Die SARIX SA&nbsp; (als &#8222;SARIX&#8220; bezeichnet), eingetragen in der Schweiz unter der UID &nbsp;CHE-107.548.469, widmet sich dem Schutz von<br><\/span><\/span><span lang=\"EN-US\" style=\"font-size: 12.0pt; font-family: 'Segoe UI',sans-serif; mso-fareast-font-family: 'Times New Roman'; color: #4d4d4d; mso-fareast-language: IT-CH; mso-bidi-font-weight: bold;\"><span style=\"font-weight: normal;\">Ihre Privatsph\u00e4re und den Schutz Ihrer personenbezogenen Daten.&nbsp;<br><\/span><\/span><span lang=\"EN-US\" style=\"font-size: 12.0pt; font-family: 'Segoe UI',sans-serif; mso-fareast-font-family: 'Times New Roman'; color: #4d4d4d; mso-fareast-language: IT-CH; mso-bidi-font-weight: bold;\"><span style=\"font-weight: normal;\">Diese Datenschutzrichtlinie beschreibt, wie wir mit personenbezogenen Daten, die \u00fcber unsere Websites von Ihnen erhoben werden, umgehen und diese verwenden<br><\/span><\/span><span lang=\"EN-US\" style=\"font-size: 12.0pt; font-family: 'Segoe UI',sans-serif; mso-fareast-font-family: 'Times New Roman'; color: #4d4d4d; mso-fareast-language: IT-CH; mso-bidi-font-weight: bold;\"><span style=\"font-weight: normal;\">und Anwendungen oder andere Initiativen von SARIX, die die Erhebung personenbezogener Daten beinhalten.<\/span><\/span><\/h5>\n<p style=\"margin: 9pt 0cm; background-image: initial; background-position: initial; background-size: initial; background-repeat: initial; background-attachment: initial; background-origin: initial; background-clip: initial;\"><b><span lang=\"EN-US\" style=\"font-size: 18pt; font-family: Arial, sans-serif;\"><br><\/span><\/b><\/p>\n<p style=\"margin: 9pt 0cm; background-image: initial; background-position: initial; background-size: initial; background-repeat: initial; background-attachment: initial; background-origin: initial; background-clip: initial;\"><b><span lang=\"EN-US\" style=\"font-size: 18pt; font-family: Arial, sans-serif;\">Arten der erhobenen personenbezogenen Daten<\/span><\/b><\/p>\n<h5 style=\"margin-bottom: 12pt; line-height: normal; background-image: initial; background-position: initial; background-size: initial; background-repeat: initial; background-attachment: initial; background-origin: initial; background-clip: initial;\"><span lang=\"EN-US\" style=\"font-size: 12.0pt; font-family: 'Segoe UI',sans-serif; mso-fareast-font-family: 'Times New Roman'; color: #4d4d4d; mso-fareast-language: IT-CH; mso-bidi-font-weight: bold;\"><span style=\"font-weight: normal;\">&#8222;Personenbezogene Daten&#8220; umfassen Informationen, die sich auf Sie beziehen oder mit Ihnen in Verbindung gebracht werden k\u00f6nnen.<br><\/span><\/span><span lang=\"EN-US\" style=\"font-size: 12.0pt; font-family: 'Segoe UI',sans-serif; mso-fareast-font-family: 'Times New Roman'; color: #4d4d4d; mso-fareast-language: IT-CH; mso-bidi-font-weight: bold;\"><span style=\"font-weight: normal;\">Zu den personenbezogenen Daten, die wir erheben, geh\u00f6ren unter anderem: Ihr vollst\u00e4ndiger Name, Ihre Postanschrift, Ihre E-Mail-Adresse, Ihre Adresse, Ihre Telefon- und Faxnummer,&nbsp;<br><\/span><\/span><span lang=\"EN-US\" style=\"font-size: 12.0pt; font-family: 'Segoe UI',sans-serif; mso-fareast-font-family: 'Times New Roman'; color: #4d4d4d; mso-fareast-language: IT-CH; mso-bidi-font-weight: bold;\"><span style=\"font-weight: normal;\">Firmenname, Unternehmensstruktur, Berufsbezeichnung, Gesch\u00e4ftszugeh\u00f6rigkeit und alle anderen von Ihnen bereitgestellten Informationen.<\/span><\/span><\/h5>\n<p style=\"margin: 9pt 0cm; background-image: initial; background-position: initial; background-size: initial; background-repeat: initial; background-attachment: initial; background-origin: initial; background-clip: initial;\"><b><span lang=\"EN-US\" style=\"font-size: 18pt; font-family: Arial, sans-serif;\"><br><\/span><\/b><\/p>\n<p style=\"margin: 9pt 0cm; background-image: initial; background-position: initial; background-size: initial; background-repeat: initial; background-attachment: initial; background-origin: initial; background-clip: initial;\"><b><span lang=\"EN-US\" style=\"font-size: 18pt; font-family: Arial, sans-serif;\">Erhebung personenbezogener Daten<\/span><\/b><\/p>\n<h5 style=\"margin-bottom: 12pt; line-height: normal; background-image: initial; background-position: initial; background-size: initial; background-repeat: initial; background-attachment: initial; background-origin: initial; background-clip: initial;\"><span lang=\"EN-US\" style=\"font-size: 12.0pt; font-family: 'Segoe UI',sans-serif; mso-fareast-font-family: 'Times New Roman'; color: #4d4d4d; mso-fareast-language: IT-CH; mso-bidi-font-weight: bold;\"><span style=\"font-weight: normal;\">Wir erheben personenbezogene Daten, wenn Sie freiwillig per E-Mail oder \u00fcber andere Kan\u00e4le mit uns kommunizieren.&nbsp;<br><\/span><\/span><span lang=\"EN-US\" style=\"font-size: 12.0pt; font-family: 'Segoe UI',sans-serif; mso-fareast-font-family: 'Times New Roman'; color: #4d4d4d; mso-fareast-language: IT-CH; mso-bidi-font-weight: bold;\"><span style=\"font-weight: normal;\">Zum Beispiel, wenn Sie Newsletter abonnieren oder Marketingmaterialien anfordern, wenn Sie sich f\u00fcr Veranstaltungen anmelden,&nbsp;<br><\/span><\/span><span lang=\"EN-US\" style=\"font-size: 12.0pt; font-family: 'Segoe UI',sans-serif; mso-fareast-font-family: 'Times New Roman'; color: #4d4d4d; mso-fareast-language: IT-CH; mso-bidi-font-weight: bold;\"><span style=\"font-weight: normal;\">Treffen, Ausstellungen oder andere Initiativen, die von SARIX organisiert werden, oder wenn Sie Formulare, Antr\u00e4ge oder Antr\u00e4ge einreichen.<br><\/span><\/span><span lang=\"EN-US\" style=\"font-size: 12.0pt; font-family: 'Segoe UI',sans-serif; mso-fareast-font-family: 'Times New Roman'; color: #4d4d4d; mso-fareast-language: IT-CH; mso-bidi-font-weight: bold;\"><span style=\"font-weight: normal;\">In einigen F\u00e4llen k\u00f6nnen wir Ihre personenbezogenen Daten durch Informationen erg\u00e4nzen, die wir aus \u00f6ffentlich zug\u00e4nglichen Quellen erhalten haben&nbsp;<br><\/span><\/span><span lang=\"EN-US\" style=\"font-size: 12.0pt; font-family: 'Segoe UI',sans-serif; mso-fareast-font-family: 'Times New Roman'; color: #4d4d4d; mso-fareast-language: IT-CH; mso-bidi-font-weight: bold;\"><span style=\"font-weight: normal;\">wie Suchmaschinen, soziale Medien und die Website Ihres Arbeitgebers.<\/span><\/span><\/h5><div><span lang=\"EN-US\" style=\"font-size: 12.0pt; font-family: 'Segoe UI',sans-serif; mso-fareast-font-family: 'Times New Roman'; color: #4d4d4d; mso-fareast-language: IT-CH; mso-bidi-font-weight: bold;\"><span style=\"font-weight: normal;\"><br><\/span><\/span><\/div>\n<p><\/p>\t\t\t\t\t\t\t\t<\/div>\n\t\t\t\t<\/div>\n\t\t\t\t<div class=\"elementor-element elementor-element-ed2a033 elementor-widget elementor-widget-text-editor\" data-id=\"ed2a033\" data-element_type=\"widget\" data-e-type=\"widget\" data-widget_type=\"text-editor.default\">\n\t\t\t\t<div class=\"elementor-widget-container\">\n\t\t\t\t\t\t\t\t\t<p><span style=\"font-weight: bold;\"><span lang=\"EN-US\" style=\"font-size: 18pt; font-family: Arial, sans-serif;\">Verwendung personenbezogener Daten<\/span><\/span><\/p>\n\t\t\t\t\t\t\t\t<\/div>\n\t\t\t\t<\/div>\n\t\t\t\t<div class=\"elementor-element elementor-element-4851028 elementor-widget__width-initial elementor-widget elementor-widget-text-editor\" data-id=\"4851028\" data-element_type=\"widget\" data-e-type=\"widget\" data-widget_type=\"text-editor.default\">\n\t\t\t\t<div class=\"elementor-widget-container\">\n\t\t\t\t\t\t\t\t\t<p><span style=\"font-weight: normal;\"><span lang=\"EN-US\" style=\"font-size: 12.0pt; font-family: 'Segoe UI',sans-serif; mso-fareast-font-family: 'Times New Roman'; color: #4d4d4d; mso-fareast-language: IT-CH; mso-bidi-font-weight: bold;\">Verwendung personenbezogener Daten Wir verwenden die erhobenen personenbezogenen Daten f\u00fcr die folgenden Zwecke:<br \/><span style=\"color: #ff0000;\">\u25cf <\/span>Versand von Newslettern und Informationen \u00fcber SARIX.<br \/><span style=\"color: #ff0000;\">\u25cf <\/span>Versenden von Einladungen zu Veranstaltungen, Besprechungen, Ausstellungen, Schulungen, Konferenzen und Vortr\u00e4gen.<br \/><span style=\"color: #ff0000;\">\u25cf <\/span>Pflege unserer Kontaktliste.<br \/><span style=\"color: #ff0000;\">\u25cf <\/span>Die Aufnahme von Verhandlungen, die Erf\u00fcllung von Vertr\u00e4gen oder die Anbahnung anderer Gesch\u00e4ftsbeziehungen.<br \/><span style=\"color: #ff0000;\">\u25cf <\/span>Andere Kommunikationszwecke.<br \/>Ihre personenbezogenen Daten werden in unseren Datenbanken und\/oder in den Datenbanken unserer Dienstleister gespeichert.<\/span><\/p>\n\t\t\t\t\t\t\t\t<\/div>\n\t\t\t\t<\/div>\n\t\t\t\t<div class=\"elementor-element elementor-element-1a66edf elementor-widget__width-initial elementor-widget elementor-widget-text-editor\" data-id=\"1a66edf\" data-element_type=\"widget\" data-e-type=\"widget\" data-widget_type=\"text-editor.default\">\n\t\t\t\t<div class=\"elementor-widget-container\">\n\t\t\t\t\t\t\t\t\t<p><\/p>\n<p style=\"margin-bottom: 11.25pt; line-height: normal; mso-outline-level: 1;\">\n<\/p><p style=\"margin: 9pt 0cm; background-image: initial; background-position: initial; background-size: initial; background-repeat: initial; background-attachment: initial; background-origin: initial; background-clip: initial;\"><b><span lang=\"EN-US\" style=\"font-size: 18pt; font-family: Arial, sans-serif;\">Cookies<\/span><\/b><\/p>\n<h5 style=\"margin: 9pt 0cm; background-image: initial; background-position: initial; background-size: initial; background-repeat: initial; background-attachment: initial; background-origin: initial; background-clip: initial;\"><span style=\"font-weight: normal;\"><span style=\"color: #4d4d4d; font-family: 'Segoe UI', sans-serif; font-size: 12pt;\">Ich<\/span><span style=\"color: #4d4d4d; font-family: 'Segoe UI', sans-serif; font-size: 12pt;\">In einigen F\u00e4llen verwendet SARIX Cookies.\nUnser Hauptzweck f\u00fcr die Verwendung von Cookies ist die Wiedererkennung: Cookies helfen uns, Sie zu erkennen, wenn Sie unsere Medien in Zukunft erneut besuchen.\nDies erm\u00f6glicht es uns, unsere Websites zu optimieren und das Surfen f\u00fcr Sie zu vereinfachen.  <\/span><\/span><\/h5>\n<p style=\"margin-bottom: 12pt; line-height: normal; background-image: initial; background-position: initial; background-size: initial; background-repeat: initial; background-attachment: initial; background-origin: initial; background-clip: initial;\"><span lang=\"EN-US\" style=\"font-size: 12pt; font-family: 'Segoe UI', sans-serif; color: #4d4d4d; font-weight: normal;\">Wenn Sie unsere Anmeldeseite besuchen, setzen wir ein tempor\u00e4res Cookie, um festzustellen, ob Ihr Browser Cookies akzeptiert.\nDieses Cookie enth\u00e4lt keine personenbezogenen Daten und wird verworfen, wenn Sie Ihren Browser schlie\u00dfen. <\/span><\/p>\n<p style=\"margin-bottom: 12pt; line-height: normal; background-image: initial; background-position: initial; background-size: initial; background-repeat: initial; background-attachment: initial; background-origin: initial; background-clip: initial;\"><span lang=\"EN-US\" style=\"font-size: 12pt; font-family: 'Segoe UI', sans-serif; color: #4d4d4d; font-weight: normal;\">Wenn Sie sich anmelden, richten wir auch mehrere Cookies ein, um Ihre Anmeldeinformationen und Ihre Bildschirmanzeigeoptionen zu speichern.\nLogin-Cookies sind zwei Tage lang g\u00fcltig, und Cookies f\u00fcr Bildschirmoptionen sind ein Jahr lang g\u00fcltig.\nWenn Sie &#8222;Angemeldet bleiben&#8220; ausw\u00e4hlen, bleibt Ihr Login zwei Wochen lang bestehen.\nWenn Sie sich von Ihrem Konto abmelden, werden die Login-Cookies entfernt.   <\/span><\/p>\n<p style=\"margin-bottom: 12pt; line-height: normal; background-image: initial; background-position: initial; background-size: initial; background-repeat: initial; background-attachment: initial; background-origin: initial; background-clip: initial;\"><span lang=\"EN-US\" style=\"font-size: 12pt; font-family: 'Segoe UI', sans-serif; color: #4d4d4d; font-weight: normal;\">Es ist wichtig zu beachten, dass die von diesen Cookies gesammelten Informationen nicht dazu verwendet werden k\u00f6nnen, Sie zu identifizieren, und dass unsere Cookies Ihre Browsing-Aktivit\u00e4ten auf Websites, die nicht zu SARIX geh\u00f6ren, nicht \u00fcberwachen.  <\/span><\/p>\n<p style=\"margin-bottom: 12pt; line-height: normal; background-image: initial; background-position: initial; background-size: initial; background-repeat: initial; background-attachment: initial; background-origin: initial; background-clip: initial;\"><span lang=\"EN-US\" style=\"font-size: 12.0pt; font-family: 'Segoe UI',sans-serif; mso-fareast-font-family: 'Times New Roman'; color: #4d4d4d; mso-fareast-language: IT-CH; mso-bidi-font-weight: bold;\"><span style=\"font-weight: normal;\">Standardm\u00e4\u00dfig sind Webbrowser in der Regel so konfiguriert, dass sie Cookies akzeptieren.\nSie haben jedoch die M\u00f6glichkeit, Ihre Browsereinstellungen so anzupassen, dass Cookies deaktiviert werden, wenn Sie dies w\u00fcnschen.\nEs ist wichtig zu beachten, dass die Deaktivierung von Cookies Ihre F\u00e4higkeit beeintr\u00e4chtigen kann, auf bestimmte Teile unserer Medien zuzugreifen.  <\/span><\/span><\/p>\n<p style=\"margin: 9pt 0cm; background-image: initial; background-position: initial; background-size: initial; background-repeat: initial; background-attachment: initial; background-origin: initial; background-clip: initial;\"><b><span lang=\"EN-US\" style=\"font-size: 18pt; font-family: Arial, sans-serif;\">&nbsp;<\/span><\/b><\/p>\n<p style=\"margin: 9pt 0cm; background-image: initial; background-position: initial; background-size: initial; background-repeat: initial; background-attachment: initial; background-origin: initial; background-clip: initial;\"><b><span lang=\"EN-US\" style=\"font-size: 18pt; font-family: Arial, sans-serif;\">Ihre Rechte<\/span><\/b><\/p>\n<p style=\"margin: 9pt 0cm; line-height: 16.8pt; background-image: initial; background-position: initial; background-size: initial; background-repeat: initial; background-attachment: initial; background-origin: initial; background-clip: initial;\"><span lang=\"EN-US\" style=\"font-size: 12pt; font-family: 'Segoe UI', sans-serif; color: #4d4d4d; font-weight: normal;\">Sie haben das Recht, Auskunft \u00fcber die von uns verarbeiteten personenbezogenen Daten zu verlangen und eine Kopie davon zu erhalten, sowie das Recht, unrichtige personenbezogene Daten zu korrigieren.<\/span><\/p>\n<p style=\"margin: 9pt 0cm; line-height: 16.8pt; background-image: initial; background-position: initial; background-size: initial; background-repeat: initial; background-attachment: initial; background-origin: initial; background-clip: initial;\"><span lang=\"EN-US\" style=\"font-size: 12.0pt; font-family: 'Segoe UI',sans-serif; mso-fareast-font-family: 'Times New Roman'; color: #4d4d4d; mso-fareast-language: IT-CH; mso-bidi-font-weight: bold;\"><span style=\"font-weight: normal;\">Sie haben auch das Recht, die L\u00f6schung Ihrer personenbezogenen Daten zu verlangen und der Verarbeitung bestimmter personenbezogener Daten zu widersprechen.<br>Daten, die Verarbeitung Ihrer personenbezogenen Daten einzuschr\u00e4nken und Einspruch einzulegen, wenn SARIX seinen Verpflichtungen nicht nachkommt.<\/span><\/span><\/p>\n<p style=\"margin: 9pt 0cm; background-image: initial; background-position: initial; background-size: initial; background-repeat: initial; background-attachment: initial; background-origin: initial; background-clip: initial;\"><b><span lang=\"EN-US\" style=\"font-size: 18pt; font-family: Arial, sans-serif;\">&nbsp;<\/span><\/b><\/p>\n<p style=\"margin: 9pt 0cm; background-image: initial; background-position: initial; background-size: initial; background-repeat: initial; background-attachment: initial; background-origin: initial; background-clip: initial;\"><b><span lang=\"EN-US\" style=\"font-size: 18pt; font-family: Arial, sans-serif;\">Kontakte<\/span><\/b><\/p>\n<p style=\"margin-bottom: 12pt; line-height: normal; background-image: initial; background-position: initial; background-size: initial; background-repeat: initial; background-attachment: initial; background-origin: initial; background-clip: initial;\"><span style=\"font-weight: normal;\"><span lang=\"EN-US\" style=\"font-size: 12.0pt; font-family: 'Segoe UI',sans-serif; mso-fareast-font-family: 'Times New Roman'; color: #4d4d4d; mso-fareast-language: IT-CH; mso-bidi-font-weight: bold;\">Sie k\u00f6nnen uns alle datenschutzrechtlichen Bedenken mitteilen oder uns unter <\/span><span lang=\"EN-US\"><a href=\"mailto:amministrazione@sarix.com\"><span style=\"font-size: 12.0pt; font-family: 'Segoe UI',sans-serif; mso-fareast-font-family: 'Times New Roman'; mso-fareast-language: IT-CH; mso-bidi-font-weight: bold;\"><u>amministrazione@sarix.com<\/u><\/span><\/a><\/span> kontaktieren<span lang=\"EN-US\" style=\"font-size: 12.0pt; font-family: 'Segoe UI',sans-serif; mso-fareast-font-family: 'Times New Roman'; color: #4d4d4d; mso-fareast-language: IT-CH; mso-bidi-font-weight: bold;\">.<\/span><\/span><\/p>\n<p style=\"margin-bottom: 12pt; line-height: normal; background-image: initial; background-position: initial; background-size: initial; background-repeat: initial; background-attachment: initial; background-origin: initial; background-clip: initial;\"><span lang=\"IT-CH\" style=\"font-size: 12.0pt; font-family: 'Segoe UI',sans-serif; mso-fareast-font-family: 'Times New Roman'; color: #4d4d4d; mso-ansi-language: IT-CH; mso-fareast-language: IT-CH; mso-bidi-font-weight: bold;\"><span style=\"font-weight: normal;\">SARIX SA, Via Serrai 12, 6592 S.Antonino &#8211; Schweiz<\/span><\/span><\/p>\n<p><\/p>\t\t\t\t\t\t\t\t<\/div>\n\t\t\t\t<\/div>\n\t\t\t\t\t<\/div>\n\t\t<\/div>\n\t\t\t\t\t<\/div>\n\t\t<\/section>\n\t\t\t\t<\/div>\n\t\t","protected":false},"excerpt":{"rendered":"<p>Datenschutzrichtlinie Wer sind wir Die SARIX SA&nbsp; (als &#8222;SARIX&#8220; bezeichnet), eingetragen in der Schweiz unter der UID &nbsp;CHE-107.548.469, widmet sich dem Schutz vonIhre Privatsph\u00e4re und den Schutz Ihrer personenbezogenen Daten.&nbsp;Diese Datenschutzrichtlinie beschreibt, wie wir mit personenbezogenen Daten, die \u00fcber unsere Websites von Ihnen erhoben werden, umgehen und diese verwendenund Anwendungen oder andere Initiativen von SARIX, [&hellip;]<\/p>\n","protected":false},"author":1,"featured_media":0,"parent":0,"menu_order":0,"comment_status":"closed","ping_status":"open","template":"","meta":{"footnotes":""},"categories":[],"tags":[],"class_list":["post-11269","page","type-page","status-publish","hentry"],"_links":{"self":[{"href":"https:\/\/www.sarix.com\/de\/wp-json\/wp\/v2\/pages\/11269","targetHints":{"allow":["GET"]}}],"collection":[{"href":"https:\/\/www.sarix.com\/de\/wp-json\/wp\/v2\/pages"}],"about":[{"href":"https:\/\/www.sarix.com\/de\/wp-json\/wp\/v2\/types\/page"}],"author":[{"embeddable":true,"href":"https:\/\/www.sarix.com\/de\/wp-json\/wp\/v2\/users\/1"}],"replies":[{"embeddable":true,"href":"https:\/\/www.sarix.com\/de\/wp-json\/wp\/v2\/comments?post=11269"}],"version-history":[{"count":3,"href":"https:\/\/www.sarix.com\/de\/wp-json\/wp\/v2\/pages\/11269\/revisions"}],"predecessor-version":[{"id":11274,"href":"https:\/\/www.sarix.com\/de\/wp-json\/wp\/v2\/pages\/11269\/revisions\/11274"}],"wp:attachment":[{"href":"https:\/\/www.sarix.com\/de\/wp-json\/wp\/v2\/media?parent=11269"}],"wp:term":[{"taxonomy":"category","embeddable":true,"href":"https:\/\/www.sarix.com\/de\/wp-json\/wp\/v2\/categories?post=11269"},{"taxonomy":"post_tag","embeddable":true,"href":"https:\/\/www.sarix.com\/de\/wp-json\/wp\/v2\/tags?post=11269"}],"curies":[{"name":"wp","href":"https:\/\/api.w.org\/{rel}","templated":true}]}}